{"id":9839,"date":"2018-02-28T10:26:19","date_gmt":"2018-02-28T10:26:19","guid":{"rendered":"https:\/\/iste.yhello.co\/?post_type=product&#038;p=9839"},"modified":"2024-01-03T13:41:25","modified_gmt":"2024-01-03T13:41:25","slug":"le-japon-face-aux-catastrophes-naturelles","status":"publish","type":"product","link":"https:\/\/www.istegroup.com\/fr\/produit\/le-japon-face-aux-catastrophes-naturelles\/","title":{"rendered":"Le Japon face aux catastrophes naturelles"},"content":{"rendered":"<p>Le Japon est expos\u00e9 \u00e0 plusieurs risques naturels, qui se transforment parfois en catastrophes. Consid\u00e9r\u00e9 comme tr\u00e8s avanc\u00e9 en mati\u00e8re de pr\u00e9vention et de gestion des d\u00e9sastres, il d\u00e9veloppe depuis longtemps des mesures pour r\u00e9duire sa vuln\u00e9rabilit\u00e9.<\/p>\n<p>Divers \u00e9v\u00e9nements r\u00e9cents ont n\u00e9anmoins surpris et mis en \u00e9vidence une s\u00e9rie de difficult\u00e9s. Parmi eux, les s\u00e9ismes de K\u00f4be en 1995 et de Kumamoto en 2016, le tsunami de l\u2019Est du Japon en 2011, les mouvements de terrain \u00e0 Hiroshima en 2014, l\u2019\u00e9ruption volcanique du mont Ontake la m\u00eame ann\u00e9e, ou encore les pluies diluviennes du nord de Ky\u00fbsh\u00fb en 2017.<\/p>\n<p><em>Le Japon face aux catastrophes naturelles<\/em>\u00a0qui s\u2019appuie sur nombre d\u2019entretiens, d\u2019enqu\u00eates de terrain et de sources \u00e9crites majoritairement japonaises, propose une analyse compl\u00e8te des risques naturels au Japon, en allant \u00e0 l\u2019encontre de certaines id\u00e9es re\u00e7ues, et expose les cl\u00e9s pour comprendre les d\u00e9fis auxquels doit faire face le pays.<\/p>\n<p><strong>La presse en parle<\/strong><\/p>\n<p><a style=\"color: #1e9691\" href=\"https:\/\/sport.francetvinfo.fr\/les-jeux-olympiques\/podcast-entre-deux-special-japon-retour-sur-le-drame-de-fukushima\"><em>francetvinfo.fr, <\/em><em>11 mars 2020<\/em><\/a><\/p>\n","protected":false},"excerpt":{"rendered":"<p>Le Japon est expos\u00e9 \u00e0 plusieurs risques naturels, qui se transforment parfois en catastrophes. Consid\u00e9r\u00e9 comme tr\u00e8s avanc\u00e9 en mati\u00e8re de pr\u00e9vention et de gestion des d\u00e9sastres, il d\u00e9veloppe depuis longtemps des mesures pour r\u00e9duire sa vuln\u00e9rabilit\u00e9. Divers \u00e9v\u00e9nements r\u00e9cents ont n\u00e9anmoins surpris et mis en \u00e9vidence une s\u00e9rie de difficult\u00e9s. Parmi eux, les s\u00e9ismes [&hellip;]<\/p>\n","protected":false},"featured_media":9845,"template":"","meta":{"_acf_changed":false,"_links_to":"","_links_to_target":""},"product_brand":[],"product_cat":[3259],"product_tag":[],"class_list":{"0":"post-9839","1":"product","2":"type-product","3":"status-publish","4":"has-post-thumbnail","6":"product_cat-uncategorized","8":"first","9":"instock","10":"shipping-taxable","11":"purchasable","12":"product-type-variable"},"acf":[],"yoast_head":"<!-- This site is optimized with the Yoast SEO plugin v27.2 - https:\/\/yoast.com\/product\/yoast-seo-wordpress\/ -->\n<title>Le Japon face aux catastrophes naturelles - ISTE Group<\/title>\n<meta name=\"description\" content=\"Le Japon face aux catastrophes naturelles\u00a0qui s\u2019appuie sur nombre d\u2019entretiens, d\u2019enqu\u00eates de terrain et de sources \u00e9crites majoritairement japonaises, propose une analyse compl\u00e8te des risques naturels au Japon, en allant \u00e0 l\u2019encontre de certaines id\u00e9es re\u00e7ues, et expose les cl\u00e9s pour comprendre les d\u00e9fis auxquels doit faire face le pays.\" \/>\n<meta name=\"robots\" content=\"index, follow, max-snippet:-1, max-image-preview:large, max-video-preview:-1\" \/>\n<link rel=\"canonical\" href=\"https:\/\/www.istegroup.com\/fr\/produit\/le-japon-face-aux-catastrophes-naturelles\/\" \/>\n<meta property=\"og:locale\" content=\"fr_FR\" \/>\n<meta property=\"og:type\" content=\"article\" \/>\n<meta property=\"og:title\" content=\"Le Japon face aux catastrophes naturelles - ISTE Group\" \/>\n<meta property=\"og:description\" content=\"Le Japon face aux catastrophes naturelles\u00a0qui s\u2019appuie sur nombre d\u2019entretiens, d\u2019enqu\u00eates de terrain et de sources \u00e9crites majoritairement japonaises, propose une analyse compl\u00e8te des risques naturels au Japon, en allant \u00e0 l\u2019encontre de certaines id\u00e9es re\u00e7ues, et expose les cl\u00e9s pour comprendre les d\u00e9fis auxquels doit faire face le pays.\" \/>\n<meta property=\"og:url\" content=\"https:\/\/www.istegroup.com\/fr\/produit\/le-japon-face-aux-catastrophes-naturelles\/\" \/>\n<meta property=\"og:site_name\" content=\"ISTE Group\" \/>\n<meta property=\"article:modified_time\" content=\"2024-01-03T13:41:25+00:00\" \/>\n<meta property=\"og:image\" content=\"https:\/\/www.istegroup.com\/wp-content\/uploads\/2018\/02\/Heimburger_Front-scaled.jpg\" \/>\n\t<meta property=\"og:image:width\" content=\"1665\" \/>\n\t<meta property=\"og:image:height\" content=\"2560\" \/>\n\t<meta property=\"og:image:type\" content=\"image\/jpeg\" \/>\n<meta name=\"twitter:card\" content=\"summary_large_image\" \/>\n<meta name=\"twitter:label1\" content=\"Est. reading time\" \/>\n\t<meta name=\"twitter:data1\" content=\"1 minute\" \/>\n<script type=\"application\/ld+json\" class=\"yoast-schema-graph\">{\"@context\":\"https:\/\/schema.org\",\"@graph\":[{\"@type\":\"WebPage\",\"@id\":\"https:\/\/www.istegroup.com\/fr\/produit\/le-japon-face-aux-catastrophes-naturelles\/\",\"url\":\"https:\/\/www.istegroup.com\/fr\/produit\/le-japon-face-aux-catastrophes-naturelles\/\",\"name\":\"Le Japon face aux catastrophes naturelles - ISTE Group\",\"isPartOf\":{\"@id\":\"https:\/\/www.istegroup.com\/#website\"},\"primaryImageOfPage\":{\"@id\":\"https:\/\/www.istegroup.com\/fr\/produit\/le-japon-face-aux-catastrophes-naturelles\/#primaryimage\"},\"image\":{\"@id\":\"https:\/\/www.istegroup.com\/fr\/produit\/le-japon-face-aux-catastrophes-naturelles\/#primaryimage\"},\"thumbnailUrl\":\"https:\/\/www.istegroup.com\/wp-content\/uploads\/2018\/02\/Heimburger_Front-scaled.jpg\",\"datePublished\":\"2018-02-28T10:26:19+00:00\",\"dateModified\":\"2024-01-03T13:41:25+00:00\",\"description\":\"Le Japon face aux catastrophes naturelles\u00a0qui s\u2019appuie sur nombre d\u2019entretiens, d\u2019enqu\u00eates de terrain et de sources \u00e9crites majoritairement japonaises, propose une analyse compl\u00e8te des risques naturels au Japon, en allant \u00e0 l\u2019encontre de certaines id\u00e9es re\u00e7ues, et expose les cl\u00e9s pour comprendre les d\u00e9fis auxquels doit faire face le pays.\",\"breadcrumb\":{\"@id\":\"https:\/\/www.istegroup.com\/fr\/produit\/le-japon-face-aux-catastrophes-naturelles\/#breadcrumb\"},\"inLanguage\":\"fr-FR\",\"potentialAction\":[{\"@type\":\"ReadAction\",\"target\":[\"https:\/\/www.istegroup.com\/fr\/produit\/le-japon-face-aux-catastrophes-naturelles\/\"]}]},{\"@type\":\"ImageObject\",\"inLanguage\":\"fr-FR\",\"@id\":\"https:\/\/www.istegroup.com\/fr\/produit\/le-japon-face-aux-catastrophes-naturelles\/#primaryimage\",\"url\":\"https:\/\/www.istegroup.com\/wp-content\/uploads\/2018\/02\/Heimburger_Front-scaled.jpg\",\"contentUrl\":\"https:\/\/www.istegroup.com\/wp-content\/uploads\/2018\/02\/Heimburger_Front-scaled.jpg\",\"width\":1665,\"height\":2560,\"caption\":\"Pr\u00e9vention et gestion des risques\"},{\"@type\":\"BreadcrumbList\",\"@id\":\"https:\/\/www.istegroup.com\/fr\/produit\/le-japon-face-aux-catastrophes-naturelles\/#breadcrumb\",\"itemListElement\":[{\"@type\":\"ListItem\",\"position\":1,\"name\":\"Home\",\"item\":\"https:\/\/www.istegroup.com\/\"},{\"@type\":\"ListItem\",\"position\":2,\"name\":\"Shop\",\"item\":\"https:\/\/www.istegroup.com\/fr\/nouveautes\/\"},{\"@type\":\"ListItem\",\"position\":3,\"name\":\"Le Japon face aux catastrophes naturelles\"}]},{\"@type\":\"WebSite\",\"@id\":\"https:\/\/www.istegroup.com\/#website\",\"url\":\"https:\/\/www.istegroup.com\/\",\"name\":\"ISTE Group\",\"description\":\"\u00c9diteur des Sciences\",\"potentialAction\":[{\"@type\":\"SearchAction\",\"target\":{\"@type\":\"EntryPoint\",\"urlTemplate\":\"https:\/\/www.istegroup.com\/?s={search_term_string}\"},\"query-input\":{\"@type\":\"PropertyValueSpecification\",\"valueRequired\":true,\"valueName\":\"search_term_string\"}}],\"inLanguage\":\"fr-FR\"}]}<\/script>\n<!-- \/ Yoast SEO plugin. -->","yoast_head_json":{"title":"Le Japon face aux catastrophes naturelles - ISTE Group","description":"Le Japon face aux catastrophes naturelles\u00a0qui s\u2019appuie sur nombre d\u2019entretiens, d\u2019enqu\u00eates de terrain et de sources \u00e9crites majoritairement japonaises, propose une analyse compl\u00e8te des risques naturels au Japon, en allant \u00e0 l\u2019encontre de certaines id\u00e9es re\u00e7ues, et expose les cl\u00e9s pour comprendre les d\u00e9fis auxquels doit faire face le pays.","robots":{"index":"index","follow":"follow","max-snippet":"max-snippet:-1","max-image-preview":"max-image-preview:large","max-video-preview":"max-video-preview:-1"},"canonical":"https:\/\/www.istegroup.com\/fr\/produit\/le-japon-face-aux-catastrophes-naturelles\/","og_locale":"fr_FR","og_type":"article","og_title":"Le Japon face aux catastrophes naturelles - ISTE Group","og_description":"Le Japon face aux catastrophes naturelles\u00a0qui s\u2019appuie sur nombre d\u2019entretiens, d\u2019enqu\u00eates de terrain et de sources \u00e9crites majoritairement japonaises, propose une analyse compl\u00e8te des risques naturels au Japon, en allant \u00e0 l\u2019encontre de certaines id\u00e9es re\u00e7ues, et expose les cl\u00e9s pour comprendre les d\u00e9fis auxquels doit faire face le pays.","og_url":"https:\/\/www.istegroup.com\/fr\/produit\/le-japon-face-aux-catastrophes-naturelles\/","og_site_name":"ISTE Group","article_modified_time":"2024-01-03T13:41:25+00:00","og_image":[{"width":1665,"height":2560,"url":"https:\/\/www.istegroup.com\/wp-content\/uploads\/2018\/02\/Heimburger_Front-scaled.jpg","type":"image\/jpeg"}],"twitter_card":"summary_large_image","twitter_misc":{"Est. reading time":"1 minute"},"schema":{"@context":"https:\/\/schema.org","@graph":[{"@type":"WebPage","@id":"https:\/\/www.istegroup.com\/fr\/produit\/le-japon-face-aux-catastrophes-naturelles\/","url":"https:\/\/www.istegroup.com\/fr\/produit\/le-japon-face-aux-catastrophes-naturelles\/","name":"Le Japon face aux catastrophes naturelles - ISTE Group","isPartOf":{"@id":"https:\/\/www.istegroup.com\/#website"},"primaryImageOfPage":{"@id":"https:\/\/www.istegroup.com\/fr\/produit\/le-japon-face-aux-catastrophes-naturelles\/#primaryimage"},"image":{"@id":"https:\/\/www.istegroup.com\/fr\/produit\/le-japon-face-aux-catastrophes-naturelles\/#primaryimage"},"thumbnailUrl":"https:\/\/www.istegroup.com\/wp-content\/uploads\/2018\/02\/Heimburger_Front-scaled.jpg","datePublished":"2018-02-28T10:26:19+00:00","dateModified":"2024-01-03T13:41:25+00:00","description":"Le Japon face aux catastrophes naturelles\u00a0qui s\u2019appuie sur nombre d\u2019entretiens, d\u2019enqu\u00eates de terrain et de sources \u00e9crites majoritairement japonaises, propose une analyse compl\u00e8te des risques naturels au Japon, en allant \u00e0 l\u2019encontre de certaines id\u00e9es re\u00e7ues, et expose les cl\u00e9s pour comprendre les d\u00e9fis auxquels doit faire face le pays.","breadcrumb":{"@id":"https:\/\/www.istegroup.com\/fr\/produit\/le-japon-face-aux-catastrophes-naturelles\/#breadcrumb"},"inLanguage":"fr-FR","potentialAction":[{"@type":"ReadAction","target":["https:\/\/www.istegroup.com\/fr\/produit\/le-japon-face-aux-catastrophes-naturelles\/"]}]},{"@type":"ImageObject","inLanguage":"fr-FR","@id":"https:\/\/www.istegroup.com\/fr\/produit\/le-japon-face-aux-catastrophes-naturelles\/#primaryimage","url":"https:\/\/www.istegroup.com\/wp-content\/uploads\/2018\/02\/Heimburger_Front-scaled.jpg","contentUrl":"https:\/\/www.istegroup.com\/wp-content\/uploads\/2018\/02\/Heimburger_Front-scaled.jpg","width":1665,"height":2560,"caption":"Pr\u00e9vention et gestion des risques"},{"@type":"BreadcrumbList","@id":"https:\/\/www.istegroup.com\/fr\/produit\/le-japon-face-aux-catastrophes-naturelles\/#breadcrumb","itemListElement":[{"@type":"ListItem","position":1,"name":"Home","item":"https:\/\/www.istegroup.com\/"},{"@type":"ListItem","position":2,"name":"Shop","item":"https:\/\/www.istegroup.com\/fr\/nouveautes\/"},{"@type":"ListItem","position":3,"name":"Le Japon face aux catastrophes naturelles"}]},{"@type":"WebSite","@id":"https:\/\/www.istegroup.com\/#website","url":"https:\/\/www.istegroup.com\/","name":"ISTE Group","description":"\u00c9diteur des Sciences","potentialAction":[{"@type":"SearchAction","target":{"@type":"EntryPoint","urlTemplate":"https:\/\/www.istegroup.com\/?s={search_term_string}"},"query-input":{"@type":"PropertyValueSpecification","valueRequired":true,"valueName":"search_term_string"}}],"inLanguage":"fr-FR"}]}},"_links":{"self":[{"href":"https:\/\/www.istegroup.com\/fr\/wp-json\/wp\/v2\/product\/9839","targetHints":{"allow":["GET"]}}],"collection":[{"href":"https:\/\/www.istegroup.com\/fr\/wp-json\/wp\/v2\/product"}],"about":[{"href":"https:\/\/www.istegroup.com\/fr\/wp-json\/wp\/v2\/types\/product"}],"wp:featuredmedia":[{"embeddable":true,"href":"https:\/\/www.istegroup.com\/fr\/wp-json\/wp\/v2\/media\/9845"}],"wp:attachment":[{"href":"https:\/\/www.istegroup.com\/fr\/wp-json\/wp\/v2\/media?parent=9839"}],"wp:term":[{"taxonomy":"product_brand","embeddable":true,"href":"https:\/\/www.istegroup.com\/fr\/wp-json\/wp\/v2\/product_brand?post=9839"},{"taxonomy":"product_cat","embeddable":true,"href":"https:\/\/www.istegroup.com\/fr\/wp-json\/wp\/v2\/product_cat?post=9839"},{"taxonomy":"product_tag","embeddable":true,"href":"https:\/\/www.istegroup.com\/fr\/wp-json\/wp\/v2\/product_tag?post=9839"}],"curies":[{"name":"wp","href":"https:\/\/api.w.org\/{rel}","templated":true}]}}