{"id":9271,"date":"2018-01-28T10:32:25","date_gmt":"2018-01-28T09:32:25","guid":{"rendered":"https:\/\/iste.yhello.co\/?post_type=product&#038;p=9271"},"modified":"2024-01-03T13:41:21","modified_gmt":"2024-01-03T13:41:21","slug":"lurbanisme-a-lheure-du-numerique","status":"publish","type":"product","link":"https:\/\/www.istegroup.com\/fr\/produit\/lurbanisme-a-lheure-du-numerique\/","title":{"rendered":"L\u2019urbanisme \u00e0 l\u2019heure du num\u00e9rique"},"content":{"rendered":"<p>Les mutations technologiques ont souvent produit des changements sociaux importants qui se traduisent spatialement. Aujourd\u2019hui, la ville intelligente fait ainsi partie des concepts incontournables, voire dominants, de la production de l\u2019espace.<\/p>\n<p><em>L\u2019urbanisme \u00e0 l\u2019heure du num\u00e9rique<\/em>\u00a0est compos\u00e9 de quatre sc\u00e9narios : le premier est celui d\u2019un urbanisme algorithmique qui renouvelle la notion d\u2019expertise et de rationalit\u00e9. Le second correspond \u00e0 un urbanisme ub\u00e9ris\u00e9 avec le d\u00e9veloppement de plateformes priv\u00e9es. Le troisi\u00e8me est celui d\u2019un wiki-urbanisme avec des mobilisations citoyennes qui d\u00e9veloppent des mod\u00e8les alternatifs. Le dernier est celui d\u2019un urbanisme open-source par la transformation des pratiques des institutions en charge de l\u2019am\u00e9nagement.<\/p>\n<p>Cet ouvrage analyse l\u2019impact du num\u00e9rique sur la pratique de l\u2019urbanisme \u00e0 travers ces synopsis qui sont autant de directions possibles et surtout d\u2019enjeux et processus articul\u00e9s dans de nombreuses configurations locales.<\/p>\n","protected":false},"excerpt":{"rendered":"<p>Les mutations technologiques ont souvent produit des changements sociaux importants qui se traduisent spatialement. Aujourd\u2019hui, la ville intelligente fait ainsi partie des concepts incontournables, voire dominants, de la production de l\u2019espace. L\u2019urbanisme \u00e0 l\u2019heure du num\u00e9rique\u00a0est compos\u00e9 de quatre sc\u00e9narios : le premier est celui d\u2019un urbanisme algorithmique qui renouvelle la notion d\u2019expertise et de [&hellip;]<\/p>\n","protected":false},"featured_media":9281,"template":"","meta":{"_acf_changed":false,"_links_to":"","_links_to_target":""},"product_brand":[],"product_cat":[3259],"product_tag":[],"class_list":{"0":"post-9271","1":"product","2":"type-product","3":"status-publish","4":"has-post-thumbnail","6":"product_cat-uncategorized","8":"first","9":"instock","10":"shipping-taxable","11":"purchasable","12":"product-type-variable"},"acf":[],"yoast_head":"<!-- This site is optimized with the Yoast SEO plugin v27.2 - https:\/\/yoast.com\/product\/yoast-seo-wordpress\/ -->\n<title>L\u2019urbanisme \u00e0 l\u2019heure du num\u00e9rique - ISTE Group<\/title>\n<meta name=\"description\" content=\"L\u2019urbanisme \u00e0 l\u2019heure du num\u00e9rique\u00a0est compos\u00e9 de quatre sc\u00e9narios : le premier est celui d\u2019un urbanisme algorithmique qui renouvelle la notion d\u2019expertise et de rationalit\u00e9. Le second correspond \u00e0 un urbanisme ub\u00e9ris\u00e9 avec le d\u00e9veloppement de plateformes priv\u00e9es.\" \/>\n<meta name=\"robots\" content=\"index, follow, max-snippet:-1, max-image-preview:large, max-video-preview:-1\" \/>\n<link rel=\"canonical\" href=\"https:\/\/www.istegroup.com\/fr\/produit\/lurbanisme-a-lheure-du-numerique\/\" \/>\n<meta property=\"og:locale\" content=\"fr_FR\" \/>\n<meta property=\"og:type\" content=\"article\" \/>\n<meta property=\"og:title\" content=\"L\u2019urbanisme \u00e0 l\u2019heure du num\u00e9rique - ISTE Group\" \/>\n<meta property=\"og:description\" content=\"L\u2019urbanisme \u00e0 l\u2019heure du num\u00e9rique\u00a0est compos\u00e9 de quatre sc\u00e9narios : le premier est celui d\u2019un urbanisme algorithmique qui renouvelle la notion d\u2019expertise et de rationalit\u00e9. Le second correspond \u00e0 un urbanisme ub\u00e9ris\u00e9 avec le d\u00e9veloppement de plateformes priv\u00e9es.\" \/>\n<meta property=\"og:url\" content=\"https:\/\/www.istegroup.com\/fr\/produit\/lurbanisme-a-lheure-du-numerique\/\" \/>\n<meta property=\"og:site_name\" content=\"ISTE Group\" \/>\n<meta property=\"article:modified_time\" content=\"2024-01-03T13:41:21+00:00\" \/>\n<meta property=\"og:image\" content=\"https:\/\/www.istegroup.com\/wp-content\/uploads\/2018\/01\/Douay_Front-scaled.jpg\" \/>\n\t<meta property=\"og:image:width\" content=\"1654\" \/>\n\t<meta property=\"og:image:height\" content=\"2560\" \/>\n\t<meta property=\"og:image:type\" content=\"image\/jpeg\" \/>\n<meta name=\"twitter:card\" content=\"summary_large_image\" \/>\n<meta name=\"twitter:label1\" content=\"Est. reading time\" \/>\n\t<meta name=\"twitter:data1\" content=\"1 minute\" \/>\n<script type=\"application\/ld+json\" class=\"yoast-schema-graph\">{\"@context\":\"https:\/\/schema.org\",\"@graph\":[{\"@type\":\"WebPage\",\"@id\":\"https:\/\/www.istegroup.com\/fr\/produit\/lurbanisme-a-lheure-du-numerique\/\",\"url\":\"https:\/\/www.istegroup.com\/fr\/produit\/lurbanisme-a-lheure-du-numerique\/\",\"name\":\"L\u2019urbanisme \u00e0 l\u2019heure du num\u00e9rique - ISTE Group\",\"isPartOf\":{\"@id\":\"https:\/\/www.istegroup.com\/#website\"},\"primaryImageOfPage\":{\"@id\":\"https:\/\/www.istegroup.com\/fr\/produit\/lurbanisme-a-lheure-du-numerique\/#primaryimage\"},\"image\":{\"@id\":\"https:\/\/www.istegroup.com\/fr\/produit\/lurbanisme-a-lheure-du-numerique\/#primaryimage\"},\"thumbnailUrl\":\"https:\/\/www.istegroup.com\/wp-content\/uploads\/2018\/01\/Douay_Front-scaled.jpg\",\"datePublished\":\"2018-01-28T09:32:25+00:00\",\"dateModified\":\"2024-01-03T13:41:21+00:00\",\"description\":\"L\u2019urbanisme \u00e0 l\u2019heure du num\u00e9rique\u00a0est compos\u00e9 de quatre sc\u00e9narios : le premier est celui d\u2019un urbanisme algorithmique qui renouvelle la notion d\u2019expertise et de rationalit\u00e9. Le second correspond \u00e0 un urbanisme ub\u00e9ris\u00e9 avec le d\u00e9veloppement de plateformes priv\u00e9es.\",\"breadcrumb\":{\"@id\":\"https:\/\/www.istegroup.com\/fr\/produit\/lurbanisme-a-lheure-du-numerique\/#breadcrumb\"},\"inLanguage\":\"fr-FR\",\"potentialAction\":[{\"@type\":\"ReadAction\",\"target\":[\"https:\/\/www.istegroup.com\/fr\/produit\/lurbanisme-a-lheure-du-numerique\/\"]}]},{\"@type\":\"ImageObject\",\"inLanguage\":\"fr-FR\",\"@id\":\"https:\/\/www.istegroup.com\/fr\/produit\/lurbanisme-a-lheure-du-numerique\/#primaryimage\",\"url\":\"https:\/\/www.istegroup.com\/wp-content\/uploads\/2018\/01\/Douay_Front-scaled.jpg\",\"contentUrl\":\"https:\/\/www.istegroup.com\/wp-content\/uploads\/2018\/01\/Douay_Front-scaled.jpg\",\"width\":1654,\"height\":2560,\"caption\":\"L\u2019urbanisme \u00e0 l\u2019heure du num\u00e9rique\"},{\"@type\":\"BreadcrumbList\",\"@id\":\"https:\/\/www.istegroup.com\/fr\/produit\/lurbanisme-a-lheure-du-numerique\/#breadcrumb\",\"itemListElement\":[{\"@type\":\"ListItem\",\"position\":1,\"name\":\"Home\",\"item\":\"https:\/\/www.istegroup.com\/\"},{\"@type\":\"ListItem\",\"position\":2,\"name\":\"Shop\",\"item\":\"https:\/\/www.istegroup.com\/fr\/nouveautes\/\"},{\"@type\":\"ListItem\",\"position\":3,\"name\":\"L\u2019urbanisme \u00e0 l\u2019heure du num\u00e9rique\"}]},{\"@type\":\"WebSite\",\"@id\":\"https:\/\/www.istegroup.com\/#website\",\"url\":\"https:\/\/www.istegroup.com\/\",\"name\":\"ISTE Group\",\"description\":\"\u00c9diteur des Sciences\",\"potentialAction\":[{\"@type\":\"SearchAction\",\"target\":{\"@type\":\"EntryPoint\",\"urlTemplate\":\"https:\/\/www.istegroup.com\/?s={search_term_string}\"},\"query-input\":{\"@type\":\"PropertyValueSpecification\",\"valueRequired\":true,\"valueName\":\"search_term_string\"}}],\"inLanguage\":\"fr-FR\"}]}<\/script>\n<!-- \/ Yoast SEO plugin. -->","yoast_head_json":{"title":"L\u2019urbanisme \u00e0 l\u2019heure du num\u00e9rique - ISTE Group","description":"L\u2019urbanisme \u00e0 l\u2019heure du num\u00e9rique\u00a0est compos\u00e9 de quatre sc\u00e9narios : le premier est celui d\u2019un urbanisme algorithmique qui renouvelle la notion d\u2019expertise et de rationalit\u00e9. Le second correspond \u00e0 un urbanisme ub\u00e9ris\u00e9 avec le d\u00e9veloppement de plateformes priv\u00e9es.","robots":{"index":"index","follow":"follow","max-snippet":"max-snippet:-1","max-image-preview":"max-image-preview:large","max-video-preview":"max-video-preview:-1"},"canonical":"https:\/\/www.istegroup.com\/fr\/produit\/lurbanisme-a-lheure-du-numerique\/","og_locale":"fr_FR","og_type":"article","og_title":"L\u2019urbanisme \u00e0 l\u2019heure du num\u00e9rique - ISTE Group","og_description":"L\u2019urbanisme \u00e0 l\u2019heure du num\u00e9rique\u00a0est compos\u00e9 de quatre sc\u00e9narios : le premier est celui d\u2019un urbanisme algorithmique qui renouvelle la notion d\u2019expertise et de rationalit\u00e9. Le second correspond \u00e0 un urbanisme ub\u00e9ris\u00e9 avec le d\u00e9veloppement de plateformes priv\u00e9es.","og_url":"https:\/\/www.istegroup.com\/fr\/produit\/lurbanisme-a-lheure-du-numerique\/","og_site_name":"ISTE Group","article_modified_time":"2024-01-03T13:41:21+00:00","og_image":[{"width":1654,"height":2560,"url":"https:\/\/www.istegroup.com\/wp-content\/uploads\/2018\/01\/Douay_Front-scaled.jpg","type":"image\/jpeg"}],"twitter_card":"summary_large_image","twitter_misc":{"Est. reading time":"1 minute"},"schema":{"@context":"https:\/\/schema.org","@graph":[{"@type":"WebPage","@id":"https:\/\/www.istegroup.com\/fr\/produit\/lurbanisme-a-lheure-du-numerique\/","url":"https:\/\/www.istegroup.com\/fr\/produit\/lurbanisme-a-lheure-du-numerique\/","name":"L\u2019urbanisme \u00e0 l\u2019heure du num\u00e9rique - ISTE Group","isPartOf":{"@id":"https:\/\/www.istegroup.com\/#website"},"primaryImageOfPage":{"@id":"https:\/\/www.istegroup.com\/fr\/produit\/lurbanisme-a-lheure-du-numerique\/#primaryimage"},"image":{"@id":"https:\/\/www.istegroup.com\/fr\/produit\/lurbanisme-a-lheure-du-numerique\/#primaryimage"},"thumbnailUrl":"https:\/\/www.istegroup.com\/wp-content\/uploads\/2018\/01\/Douay_Front-scaled.jpg","datePublished":"2018-01-28T09:32:25+00:00","dateModified":"2024-01-03T13:41:21+00:00","description":"L\u2019urbanisme \u00e0 l\u2019heure du num\u00e9rique\u00a0est compos\u00e9 de quatre sc\u00e9narios : le premier est celui d\u2019un urbanisme algorithmique qui renouvelle la notion d\u2019expertise et de rationalit\u00e9. Le second correspond \u00e0 un urbanisme ub\u00e9ris\u00e9 avec le d\u00e9veloppement de plateformes priv\u00e9es.","breadcrumb":{"@id":"https:\/\/www.istegroup.com\/fr\/produit\/lurbanisme-a-lheure-du-numerique\/#breadcrumb"},"inLanguage":"fr-FR","potentialAction":[{"@type":"ReadAction","target":["https:\/\/www.istegroup.com\/fr\/produit\/lurbanisme-a-lheure-du-numerique\/"]}]},{"@type":"ImageObject","inLanguage":"fr-FR","@id":"https:\/\/www.istegroup.com\/fr\/produit\/lurbanisme-a-lheure-du-numerique\/#primaryimage","url":"https:\/\/www.istegroup.com\/wp-content\/uploads\/2018\/01\/Douay_Front-scaled.jpg","contentUrl":"https:\/\/www.istegroup.com\/wp-content\/uploads\/2018\/01\/Douay_Front-scaled.jpg","width":1654,"height":2560,"caption":"L\u2019urbanisme \u00e0 l\u2019heure du num\u00e9rique"},{"@type":"BreadcrumbList","@id":"https:\/\/www.istegroup.com\/fr\/produit\/lurbanisme-a-lheure-du-numerique\/#breadcrumb","itemListElement":[{"@type":"ListItem","position":1,"name":"Home","item":"https:\/\/www.istegroup.com\/"},{"@type":"ListItem","position":2,"name":"Shop","item":"https:\/\/www.istegroup.com\/fr\/nouveautes\/"},{"@type":"ListItem","position":3,"name":"L\u2019urbanisme \u00e0 l\u2019heure du num\u00e9rique"}]},{"@type":"WebSite","@id":"https:\/\/www.istegroup.com\/#website","url":"https:\/\/www.istegroup.com\/","name":"ISTE Group","description":"\u00c9diteur des Sciences","potentialAction":[{"@type":"SearchAction","target":{"@type":"EntryPoint","urlTemplate":"https:\/\/www.istegroup.com\/?s={search_term_string}"},"query-input":{"@type":"PropertyValueSpecification","valueRequired":true,"valueName":"search_term_string"}}],"inLanguage":"fr-FR"}]}},"_links":{"self":[{"href":"https:\/\/www.istegroup.com\/fr\/wp-json\/wp\/v2\/product\/9271","targetHints":{"allow":["GET"]}}],"collection":[{"href":"https:\/\/www.istegroup.com\/fr\/wp-json\/wp\/v2\/product"}],"about":[{"href":"https:\/\/www.istegroup.com\/fr\/wp-json\/wp\/v2\/types\/product"}],"wp:featuredmedia":[{"embeddable":true,"href":"https:\/\/www.istegroup.com\/fr\/wp-json\/wp\/v2\/media\/9281"}],"wp:attachment":[{"href":"https:\/\/www.istegroup.com\/fr\/wp-json\/wp\/v2\/media?parent=9271"}],"wp:term":[{"taxonomy":"product_brand","embeddable":true,"href":"https:\/\/www.istegroup.com\/fr\/wp-json\/wp\/v2\/product_brand?post=9271"},{"taxonomy":"product_cat","embeddable":true,"href":"https:\/\/www.istegroup.com\/fr\/wp-json\/wp\/v2\/product_cat?post=9271"},{"taxonomy":"product_tag","embeddable":true,"href":"https:\/\/www.istegroup.com\/fr\/wp-json\/wp\/v2\/product_tag?post=9271"}],"curies":[{"name":"wp","href":"https:\/\/api.w.org\/{rel}","templated":true}]}}