{"id":9266,"date":"2018-01-05T10:32:24","date_gmt":"2018-01-05T09:32:24","guid":{"rendered":"https:\/\/iste.yhello.co\/?post_type=product&#038;p=9266"},"modified":"2024-01-03T13:41:21","modified_gmt":"2024-01-03T13:41:21","slug":"entreprises-innovation-et-responsabilite","status":"publish","type":"product","link":"https:\/\/www.istegroup.com\/fr\/produit\/entreprises-innovation-et-responsabilite\/","title":{"rendered":"Entreprises, innovation et responsabilit\u00e9"},"content":{"rendered":"<p>Pratique et conceptuelle, la s\u00e9rie\u00a0<em>Innovation et recherche responsables<\/em>\u00a0contribue \u00e0 la clarification de cette nouvelle exigence pour toutes les sciences et l\u2019innovation technologique. Elle aborde la responsabilit\u00e9 de fa\u00e7on pluraliste et internationale, en exploitant diverses ressources philosophiques. Elle traite notamment des th\u00e8mes suivants : \u00e9thique, contingence, \u00e9conomie normative, libert\u00e9, responsabilit\u00e9 soci\u00e9tale des entreprises (RSE), \u00e9valuation technologique participative, d\u00e9veloppement durable, g\u00e9oengineering, principe de pr\u00e9caution, normes, interdisciplinarit\u00e9 et gouvernance climatique.<\/p>\n<p>Pour certains, \u00ab innovation responsable \u00bb n\u2019est qu\u2019un oxymore, un moyen de masquer d\u2019un drap de vertu des pratiques \u00e9conomiques qui ne seraient qu\u2019\u00e9go\u00efstes et int\u00e9ress\u00e9es. Pour d\u2019autres, th\u00e9oriciens et acteurs de l\u2019innovation, l\u2019expression repr\u00e9sente un formidable levier d\u2019action et une source conceptuelle riche dans laquelle puiser de nouvelles fa\u00e7ons d\u2019innover.<\/p>\n<p>L\u2019articulation entre ces diff\u00e9rents niveaux de normes \u2013 \u00e9conomiques et \u00e9thiques, mais aussi l\u00e9gales et politiques \u2013 fait l\u2019objet d\u2019une r\u00e9flexion approfondie autour de l\u2019id\u00e9e de responsabilit\u00e9 sociale de l\u2019entreprise (RSE). En reprenant certains d\u00e9bats autour de la RSE, cet ouvrage analyse les diverses justifications que celle-ci apporte pour convaincre les acteurs \u00e9conomiques soumis aux puissantes forces du march\u00e9 de leur engagement responsable.<\/p>\n<p>L\u2019ouvrage explore \u00e9galement l\u2019apport sp\u00e9cifique du concept d\u2019innovation responsable pour faire face aux ruptures technologiques, sociales et politiques g\u00e9n\u00e9r\u00e9es par l\u2019innovation ; il s\u2019appuie, pour cela, sur des ressources philosophiques comme l\u2019\u00e9thique de la vertu et l\u2019\u00e9thique du \u00ab souci de \u00bb.<\/p>\n","protected":false},"excerpt":{"rendered":"<p>Pratique et conceptuelle, la s\u00e9rie\u00a0Innovation et recherche responsables\u00a0contribue \u00e0 la clarification de cette nouvelle exigence pour toutes les sciences et l\u2019innovation technologique. Elle aborde la responsabilit\u00e9 de fa\u00e7on pluraliste et internationale, en exploitant diverses ressources philosophiques. Elle traite notamment des th\u00e8mes suivants : \u00e9thique, contingence, \u00e9conomie normative, libert\u00e9, responsabilit\u00e9 soci\u00e9tale des entreprises (RSE), \u00e9valuation technologique [&hellip;]<\/p>\n","protected":false},"featured_media":9270,"template":"","meta":{"_acf_changed":false,"_links_to":"","_links_to_target":""},"product_brand":[],"product_cat":[3259],"product_tag":[],"class_list":{"0":"post-9266","1":"product","2":"type-product","3":"status-publish","4":"has-post-thumbnail","6":"product_cat-uncategorized","8":"first","9":"instock","10":"shipping-taxable","11":"purchasable","12":"product-type-variable"},"acf":[],"yoast_head":"<!-- This site is optimized with the Yoast SEO plugin v27.2 - https:\/\/yoast.com\/product\/yoast-seo-wordpress\/ -->\n<title>Entreprises, innovation et responsabilit\u00e9 - ISTE Group<\/title>\n<meta name=\"description\" content=\"En reprenant certains d\u00e9bats autour de la RSE, cet ouvrage analyse les diverses justifications que celle-ci apporte pour convaincre les acteurs \u00e9conomiques soumis aux puissantes forces du march\u00e9 de leur engagement responsable.\" \/>\n<meta name=\"robots\" content=\"index, follow, max-snippet:-1, max-image-preview:large, max-video-preview:-1\" \/>\n<link rel=\"canonical\" href=\"https:\/\/www.istegroup.com\/fr\/produit\/entreprises-innovation-et-responsabilite\/\" \/>\n<meta property=\"og:locale\" content=\"fr_FR\" \/>\n<meta property=\"og:type\" content=\"article\" \/>\n<meta property=\"og:title\" content=\"Entreprises, innovation et responsabilit\u00e9 - ISTE Group\" \/>\n<meta property=\"og:description\" content=\"En reprenant certains d\u00e9bats autour de la RSE, cet ouvrage analyse les diverses justifications que celle-ci apporte pour convaincre les acteurs \u00e9conomiques soumis aux puissantes forces du march\u00e9 de leur engagement responsable.\" \/>\n<meta property=\"og:url\" content=\"https:\/\/www.istegroup.com\/fr\/produit\/entreprises-innovation-et-responsabilite\/\" \/>\n<meta property=\"og:site_name\" content=\"ISTE Group\" \/>\n<meta property=\"article:modified_time\" content=\"2024-01-03T13:41:21+00:00\" \/>\n<meta property=\"og:image\" content=\"https:\/\/www.istegroup.com\/wp-content\/uploads\/2018\/01\/Pelle_Front-scaled.jpg\" \/>\n\t<meta property=\"og:image:width\" content=\"1647\" \/>\n\t<meta property=\"og:image:height\" content=\"2560\" \/>\n\t<meta property=\"og:image:type\" content=\"image\/jpeg\" \/>\n<meta name=\"twitter:card\" content=\"summary_large_image\" \/>\n<meta name=\"twitter:label1\" content=\"Est. reading time\" \/>\n\t<meta name=\"twitter:data1\" content=\"1 minute\" \/>\n<script type=\"application\/ld+json\" class=\"yoast-schema-graph\">{\"@context\":\"https:\/\/schema.org\",\"@graph\":[{\"@type\":\"WebPage\",\"@id\":\"https:\/\/www.istegroup.com\/fr\/produit\/entreprises-innovation-et-responsabilite\/\",\"url\":\"https:\/\/www.istegroup.com\/fr\/produit\/entreprises-innovation-et-responsabilite\/\",\"name\":\"Entreprises, innovation et responsabilit\u00e9 - ISTE Group\",\"isPartOf\":{\"@id\":\"https:\/\/www.istegroup.com\/#website\"},\"primaryImageOfPage\":{\"@id\":\"https:\/\/www.istegroup.com\/fr\/produit\/entreprises-innovation-et-responsabilite\/#primaryimage\"},\"image\":{\"@id\":\"https:\/\/www.istegroup.com\/fr\/produit\/entreprises-innovation-et-responsabilite\/#primaryimage\"},\"thumbnailUrl\":\"https:\/\/www.istegroup.com\/wp-content\/uploads\/2018\/01\/Pelle_Front-scaled.jpg\",\"datePublished\":\"2018-01-05T09:32:24+00:00\",\"dateModified\":\"2024-01-03T13:41:21+00:00\",\"description\":\"En reprenant certains d\u00e9bats autour de la RSE, cet ouvrage analyse les diverses justifications que celle-ci apporte pour convaincre les acteurs \u00e9conomiques soumis aux puissantes forces du march\u00e9 de leur engagement responsable.\",\"breadcrumb\":{\"@id\":\"https:\/\/www.istegroup.com\/fr\/produit\/entreprises-innovation-et-responsabilite\/#breadcrumb\"},\"inLanguage\":\"fr-FR\",\"potentialAction\":[{\"@type\":\"ReadAction\",\"target\":[\"https:\/\/www.istegroup.com\/fr\/produit\/entreprises-innovation-et-responsabilite\/\"]}]},{\"@type\":\"ImageObject\",\"inLanguage\":\"fr-FR\",\"@id\":\"https:\/\/www.istegroup.com\/fr\/produit\/entreprises-innovation-et-responsabilite\/#primaryimage\",\"url\":\"https:\/\/www.istegroup.com\/wp-content\/uploads\/2018\/01\/Pelle_Front-scaled.jpg\",\"contentUrl\":\"https:\/\/www.istegroup.com\/wp-content\/uploads\/2018\/01\/Pelle_Front-scaled.jpg\",\"width\":1647,\"height\":2560,\"caption\":\"Entreprises, innovation et responsabilit\u00e9\"},{\"@type\":\"BreadcrumbList\",\"@id\":\"https:\/\/www.istegroup.com\/fr\/produit\/entreprises-innovation-et-responsabilite\/#breadcrumb\",\"itemListElement\":[{\"@type\":\"ListItem\",\"position\":1,\"name\":\"Home\",\"item\":\"https:\/\/www.istegroup.com\/\"},{\"@type\":\"ListItem\",\"position\":2,\"name\":\"Shop\",\"item\":\"https:\/\/www.istegroup.com\/fr\/nouveautes\/\"},{\"@type\":\"ListItem\",\"position\":3,\"name\":\"Entreprises, innovation et responsabilit\u00e9\"}]},{\"@type\":\"WebSite\",\"@id\":\"https:\/\/www.istegroup.com\/#website\",\"url\":\"https:\/\/www.istegroup.com\/\",\"name\":\"ISTE Group\",\"description\":\"\u00c9diteur des Sciences\",\"potentialAction\":[{\"@type\":\"SearchAction\",\"target\":{\"@type\":\"EntryPoint\",\"urlTemplate\":\"https:\/\/www.istegroup.com\/?s={search_term_string}\"},\"query-input\":{\"@type\":\"PropertyValueSpecification\",\"valueRequired\":true,\"valueName\":\"search_term_string\"}}],\"inLanguage\":\"fr-FR\"}]}<\/script>\n<!-- \/ Yoast SEO plugin. -->","yoast_head_json":{"title":"Entreprises, innovation et responsabilit\u00e9 - ISTE Group","description":"En reprenant certains d\u00e9bats autour de la RSE, cet ouvrage analyse les diverses justifications que celle-ci apporte pour convaincre les acteurs \u00e9conomiques soumis aux puissantes forces du march\u00e9 de leur engagement responsable.","robots":{"index":"index","follow":"follow","max-snippet":"max-snippet:-1","max-image-preview":"max-image-preview:large","max-video-preview":"max-video-preview:-1"},"canonical":"https:\/\/www.istegroup.com\/fr\/produit\/entreprises-innovation-et-responsabilite\/","og_locale":"fr_FR","og_type":"article","og_title":"Entreprises, innovation et responsabilit\u00e9 - ISTE Group","og_description":"En reprenant certains d\u00e9bats autour de la RSE, cet ouvrage analyse les diverses justifications que celle-ci apporte pour convaincre les acteurs \u00e9conomiques soumis aux puissantes forces du march\u00e9 de leur engagement responsable.","og_url":"https:\/\/www.istegroup.com\/fr\/produit\/entreprises-innovation-et-responsabilite\/","og_site_name":"ISTE Group","article_modified_time":"2024-01-03T13:41:21+00:00","og_image":[{"width":1647,"height":2560,"url":"https:\/\/www.istegroup.com\/wp-content\/uploads\/2018\/01\/Pelle_Front-scaled.jpg","type":"image\/jpeg"}],"twitter_card":"summary_large_image","twitter_misc":{"Est. reading time":"1 minute"},"schema":{"@context":"https:\/\/schema.org","@graph":[{"@type":"WebPage","@id":"https:\/\/www.istegroup.com\/fr\/produit\/entreprises-innovation-et-responsabilite\/","url":"https:\/\/www.istegroup.com\/fr\/produit\/entreprises-innovation-et-responsabilite\/","name":"Entreprises, innovation et responsabilit\u00e9 - ISTE Group","isPartOf":{"@id":"https:\/\/www.istegroup.com\/#website"},"primaryImageOfPage":{"@id":"https:\/\/www.istegroup.com\/fr\/produit\/entreprises-innovation-et-responsabilite\/#primaryimage"},"image":{"@id":"https:\/\/www.istegroup.com\/fr\/produit\/entreprises-innovation-et-responsabilite\/#primaryimage"},"thumbnailUrl":"https:\/\/www.istegroup.com\/wp-content\/uploads\/2018\/01\/Pelle_Front-scaled.jpg","datePublished":"2018-01-05T09:32:24+00:00","dateModified":"2024-01-03T13:41:21+00:00","description":"En reprenant certains d\u00e9bats autour de la RSE, cet ouvrage analyse les diverses justifications que celle-ci apporte pour convaincre les acteurs \u00e9conomiques soumis aux puissantes forces du march\u00e9 de leur engagement responsable.","breadcrumb":{"@id":"https:\/\/www.istegroup.com\/fr\/produit\/entreprises-innovation-et-responsabilite\/#breadcrumb"},"inLanguage":"fr-FR","potentialAction":[{"@type":"ReadAction","target":["https:\/\/www.istegroup.com\/fr\/produit\/entreprises-innovation-et-responsabilite\/"]}]},{"@type":"ImageObject","inLanguage":"fr-FR","@id":"https:\/\/www.istegroup.com\/fr\/produit\/entreprises-innovation-et-responsabilite\/#primaryimage","url":"https:\/\/www.istegroup.com\/wp-content\/uploads\/2018\/01\/Pelle_Front-scaled.jpg","contentUrl":"https:\/\/www.istegroup.com\/wp-content\/uploads\/2018\/01\/Pelle_Front-scaled.jpg","width":1647,"height":2560,"caption":"Entreprises, innovation et responsabilit\u00e9"},{"@type":"BreadcrumbList","@id":"https:\/\/www.istegroup.com\/fr\/produit\/entreprises-innovation-et-responsabilite\/#breadcrumb","itemListElement":[{"@type":"ListItem","position":1,"name":"Home","item":"https:\/\/www.istegroup.com\/"},{"@type":"ListItem","position":2,"name":"Shop","item":"https:\/\/www.istegroup.com\/fr\/nouveautes\/"},{"@type":"ListItem","position":3,"name":"Entreprises, innovation et responsabilit\u00e9"}]},{"@type":"WebSite","@id":"https:\/\/www.istegroup.com\/#website","url":"https:\/\/www.istegroup.com\/","name":"ISTE Group","description":"\u00c9diteur des Sciences","potentialAction":[{"@type":"SearchAction","target":{"@type":"EntryPoint","urlTemplate":"https:\/\/www.istegroup.com\/?s={search_term_string}"},"query-input":{"@type":"PropertyValueSpecification","valueRequired":true,"valueName":"search_term_string"}}],"inLanguage":"fr-FR"}]}},"_links":{"self":[{"href":"https:\/\/www.istegroup.com\/fr\/wp-json\/wp\/v2\/product\/9266","targetHints":{"allow":["GET"]}}],"collection":[{"href":"https:\/\/www.istegroup.com\/fr\/wp-json\/wp\/v2\/product"}],"about":[{"href":"https:\/\/www.istegroup.com\/fr\/wp-json\/wp\/v2\/types\/product"}],"wp:featuredmedia":[{"embeddable":true,"href":"https:\/\/www.istegroup.com\/fr\/wp-json\/wp\/v2\/media\/9270"}],"wp:attachment":[{"href":"https:\/\/www.istegroup.com\/fr\/wp-json\/wp\/v2\/media?parent=9266"}],"wp:term":[{"taxonomy":"product_brand","embeddable":true,"href":"https:\/\/www.istegroup.com\/fr\/wp-json\/wp\/v2\/product_brand?post=9266"},{"taxonomy":"product_cat","embeddable":true,"href":"https:\/\/www.istegroup.com\/fr\/wp-json\/wp\/v2\/product_cat?post=9266"},{"taxonomy":"product_tag","embeddable":true,"href":"https:\/\/www.istegroup.com\/fr\/wp-json\/wp\/v2\/product_tag?post=9266"}],"curies":[{"name":"wp","href":"https:\/\/api.w.org\/{rel}","templated":true}]}}