{"id":9233,"date":"2018-02-28T10:27:25","date_gmt":"2018-02-28T10:27:25","guid":{"rendered":"https:\/\/iste.yhello.co\/?post_type=product&#038;p=9233"},"modified":"2024-01-03T13:41:21","modified_gmt":"2024-01-03T13:41:21","slug":"qgis-et-applications-en-eau-et-risques","status":"publish","type":"product","link":"https:\/\/www.istegroup.com\/fr\/produit\/qgis-et-applications-en-eau-et-risques\/","title":{"rendered":"QGIS et applications en eau et risques"},"content":{"rendered":"<p>Dans un contexte de changements globaux fortement li\u00e9s (climatiques et anthropiques), la compr\u00e9hension et la quantification de la dynamique des ressources en eau et des risques sont essentielles pour les gestionnaires.<\/p>\n<p>Ce quatri\u00e8me volume de la s\u00e9rie expose la pr\u00e9sentation et la mise en pratique sous QGIS et ses librairies des applications traitant des probl\u00e9matiques eau et risques. Les outils de syst\u00e8mes d\u2019information g\u00e9ographique (SIG) sont tr\u00e8s pr\u00e9sents dans ces domaines, en raison de la forte utilisation des donn\u00e9es de t\u00e9l\u00e9d\u00e9tection, de r\u00e9seaux de mesures, et des produits \u00e0 valeur ajout\u00e9e disponibles pour des utilisateurs finaux.<\/p>\n<p><em>QGIS et applications en eau et risques<\/em>\u00a0s\u2019adresse aux \u00e9quipes de recherche en g\u00e9omatique, aux \u00e9tudiants en 2e et 3e cycle universitaire, et aux ing\u00e9nieurs impliqu\u00e9s dans la gestion des ressources en eau et du territoire. Cet ouvrage fournit les donn\u00e9es et d\u00e9veloppements informatiques ainsi que toutes les captures d\u2019\u00e9cran relatives \u00e0 l\u2019application QGIS pour mener \u00e0 bien les diff\u00e9rentes \u00e9tapes de chaque application.<\/p>\n","protected":false},"excerpt":{"rendered":"<p>Dans un contexte de changements globaux fortement li\u00e9s (climatiques et anthropiques), la compr\u00e9hension et la quantification de la dynamique des ressources en eau et des risques sont essentielles pour les gestionnaires. Ce quatri\u00e8me volume de la s\u00e9rie expose la pr\u00e9sentation et la mise en pratique sous QGIS et ses librairies des applications traitant des probl\u00e9matiques [&hellip;]<\/p>\n","protected":false},"featured_media":9236,"template":"","meta":{"_acf_changed":false,"_links_to":"","_links_to_target":""},"product_brand":[],"product_cat":[3259],"product_tag":[],"class_list":{"0":"post-9233","1":"product","2":"type-product","3":"status-publish","4":"has-post-thumbnail","6":"product_cat-uncategorized","8":"first","9":"instock","10":"shipping-taxable","11":"purchasable","12":"product-type-variable"},"acf":[],"yoast_head":"<!-- This site is optimized with the Yoast SEO plugin v27.2 - https:\/\/yoast.com\/product\/yoast-seo-wordpress\/ -->\n<title>QGIS et applications en eau et risques - ISTE Group<\/title>\n<meta name=\"description\" content=\"Ce quatri\u00e8me volume de la s\u00e9rie expose la pr\u00e9sentation et la mise en pratique sous QGIS et ses librairies des applications traitant des probl\u00e9matiques eau et risques. Les outils de syst\u00e8mes d\u2019information g\u00e9ographique (SIG) sont tr\u00e8s pr\u00e9sents dans ces domaines, en raison de la forte utilisation des donn\u00e9es de t\u00e9l\u00e9d\u00e9tection, de r\u00e9seaux de mesures, et des produits \u00e0 valeur ajout\u00e9e disponibles pour des utilisateurs finaux.\" \/>\n<meta name=\"robots\" content=\"index, follow, max-snippet:-1, max-image-preview:large, max-video-preview:-1\" \/>\n<link rel=\"canonical\" href=\"https:\/\/www.istegroup.com\/en\/produit\/qgis-et-applications-en-eau-et-risques\/\" \/>\n<meta property=\"og:locale\" content=\"fr_FR\" \/>\n<meta property=\"og:type\" content=\"article\" \/>\n<meta property=\"og:title\" content=\"QGIS et applications en eau et risques - ISTE Group\" \/>\n<meta property=\"og:description\" content=\"Ce quatri\u00e8me volume de la s\u00e9rie expose la pr\u00e9sentation et la mise en pratique sous QGIS et ses librairies des applications traitant des probl\u00e9matiques eau et risques. Les outils de syst\u00e8mes d\u2019information g\u00e9ographique (SIG) sont tr\u00e8s pr\u00e9sents dans ces domaines, en raison de la forte utilisation des donn\u00e9es de t\u00e9l\u00e9d\u00e9tection, de r\u00e9seaux de mesures, et des produits \u00e0 valeur ajout\u00e9e disponibles pour des utilisateurs finaux.\" \/>\n<meta property=\"og:url\" content=\"https:\/\/www.istegroup.com\/en\/produit\/qgis-et-applications-en-eau-et-risques\/\" \/>\n<meta property=\"og:site_name\" content=\"ISTE Group\" \/>\n<meta property=\"article:modified_time\" content=\"2024-01-03T13:41:21+00:00\" \/>\n<meta property=\"og:image\" content=\"https:\/\/www.istegroup.com\/wp-content\/uploads\/2018\/01\/Baghdadi-4_Front-scaled.jpg\" \/>\n\t<meta property=\"og:image:width\" content=\"1707\" \/>\n\t<meta property=\"og:image:height\" content=\"2560\" \/>\n\t<meta property=\"og:image:type\" content=\"image\/jpeg\" \/>\n<meta name=\"twitter:card\" content=\"summary_large_image\" \/>\n<meta name=\"twitter:label1\" content=\"Est. reading time\" \/>\n\t<meta name=\"twitter:data1\" content=\"1 minute\" \/>\n<script type=\"application\/ld+json\" class=\"yoast-schema-graph\">{\"@context\":\"https:\/\/schema.org\",\"@graph\":[{\"@type\":\"WebPage\",\"@id\":\"https:\/\/www.istegroup.com\/en\/produit\/qgis-et-applications-en-eau-et-risques\/\",\"url\":\"https:\/\/www.istegroup.com\/en\/produit\/qgis-et-applications-en-eau-et-risques\/\",\"name\":\"QGIS et applications en eau et risques - ISTE Group\",\"isPartOf\":{\"@id\":\"https:\/\/www.istegroup.com\/#website\"},\"primaryImageOfPage\":{\"@id\":\"https:\/\/www.istegroup.com\/en\/produit\/qgis-et-applications-en-eau-et-risques\/#primaryimage\"},\"image\":{\"@id\":\"https:\/\/www.istegroup.com\/en\/produit\/qgis-et-applications-en-eau-et-risques\/#primaryimage\"},\"thumbnailUrl\":\"https:\/\/www.istegroup.com\/wp-content\/uploads\/2018\/01\/Baghdadi-4_Front-scaled.jpg\",\"datePublished\":\"2018-02-28T10:27:25+00:00\",\"dateModified\":\"2024-01-03T13:41:21+00:00\",\"description\":\"Ce quatri\u00e8me volume de la s\u00e9rie expose la pr\u00e9sentation et la mise en pratique sous QGIS et ses librairies des applications traitant des probl\u00e9matiques eau et risques. Les outils de syst\u00e8mes d\u2019information g\u00e9ographique (SIG) sont tr\u00e8s pr\u00e9sents dans ces domaines, en raison de la forte utilisation des donn\u00e9es de t\u00e9l\u00e9d\u00e9tection, de r\u00e9seaux de mesures, et des produits \u00e0 valeur ajout\u00e9e disponibles pour des utilisateurs finaux.\",\"breadcrumb\":{\"@id\":\"https:\/\/www.istegroup.com\/en\/produit\/qgis-et-applications-en-eau-et-risques\/#breadcrumb\"},\"inLanguage\":\"fr-FR\",\"potentialAction\":[{\"@type\":\"ReadAction\",\"target\":[\"https:\/\/www.istegroup.com\/en\/produit\/qgis-et-applications-en-eau-et-risques\/\"]}]},{\"@type\":\"ImageObject\",\"inLanguage\":\"fr-FR\",\"@id\":\"https:\/\/www.istegroup.com\/en\/produit\/qgis-et-applications-en-eau-et-risques\/#primaryimage\",\"url\":\"https:\/\/www.istegroup.com\/wp-content\/uploads\/2018\/01\/Baghdadi-4_Front-scaled.jpg\",\"contentUrl\":\"https:\/\/www.istegroup.com\/wp-content\/uploads\/2018\/01\/Baghdadi-4_Front-scaled.jpg\",\"width\":1707,\"height\":2560,\"caption\":\"QGIS et applications en eau et risques\"},{\"@type\":\"BreadcrumbList\",\"@id\":\"https:\/\/www.istegroup.com\/en\/produit\/qgis-et-applications-en-eau-et-risques\/#breadcrumb\",\"itemListElement\":[{\"@type\":\"ListItem\",\"position\":1,\"name\":\"Home\",\"item\":\"https:\/\/www.istegroup.com\/\"},{\"@type\":\"ListItem\",\"position\":2,\"name\":\"Shop\",\"item\":\"https:\/\/www.istegroup.com\/fr\/nouveautes\/\"},{\"@type\":\"ListItem\",\"position\":3,\"name\":\"QGIS et applications en eau et risques\"}]},{\"@type\":\"WebSite\",\"@id\":\"https:\/\/www.istegroup.com\/#website\",\"url\":\"https:\/\/www.istegroup.com\/\",\"name\":\"ISTE Group\",\"description\":\"\u00c9diteur des Sciences\",\"potentialAction\":[{\"@type\":\"SearchAction\",\"target\":{\"@type\":\"EntryPoint\",\"urlTemplate\":\"https:\/\/www.istegroup.com\/?s={search_term_string}\"},\"query-input\":{\"@type\":\"PropertyValueSpecification\",\"valueRequired\":true,\"valueName\":\"search_term_string\"}}],\"inLanguage\":\"fr-FR\"}]}<\/script>\n<!-- \/ Yoast SEO plugin. -->","yoast_head_json":{"title":"QGIS et applications en eau et risques - ISTE Group","description":"Ce quatri\u00e8me volume de la s\u00e9rie expose la pr\u00e9sentation et la mise en pratique sous QGIS et ses librairies des applications traitant des probl\u00e9matiques eau et risques. Les outils de syst\u00e8mes d\u2019information g\u00e9ographique (SIG) sont tr\u00e8s pr\u00e9sents dans ces domaines, en raison de la forte utilisation des donn\u00e9es de t\u00e9l\u00e9d\u00e9tection, de r\u00e9seaux de mesures, et des produits \u00e0 valeur ajout\u00e9e disponibles pour des utilisateurs finaux.","robots":{"index":"index","follow":"follow","max-snippet":"max-snippet:-1","max-image-preview":"max-image-preview:large","max-video-preview":"max-video-preview:-1"},"canonical":"https:\/\/www.istegroup.com\/en\/produit\/qgis-et-applications-en-eau-et-risques\/","og_locale":"fr_FR","og_type":"article","og_title":"QGIS et applications en eau et risques - ISTE Group","og_description":"Ce quatri\u00e8me volume de la s\u00e9rie expose la pr\u00e9sentation et la mise en pratique sous QGIS et ses librairies des applications traitant des probl\u00e9matiques eau et risques. Les outils de syst\u00e8mes d\u2019information g\u00e9ographique (SIG) sont tr\u00e8s pr\u00e9sents dans ces domaines, en raison de la forte utilisation des donn\u00e9es de t\u00e9l\u00e9d\u00e9tection, de r\u00e9seaux de mesures, et des produits \u00e0 valeur ajout\u00e9e disponibles pour des utilisateurs finaux.","og_url":"https:\/\/www.istegroup.com\/en\/produit\/qgis-et-applications-en-eau-et-risques\/","og_site_name":"ISTE Group","article_modified_time":"2024-01-03T13:41:21+00:00","og_image":[{"width":1707,"height":2560,"url":"https:\/\/www.istegroup.com\/wp-content\/uploads\/2018\/01\/Baghdadi-4_Front-scaled.jpg","type":"image\/jpeg"}],"twitter_card":"summary_large_image","twitter_misc":{"Est. reading time":"1 minute"},"schema":{"@context":"https:\/\/schema.org","@graph":[{"@type":"WebPage","@id":"https:\/\/www.istegroup.com\/en\/produit\/qgis-et-applications-en-eau-et-risques\/","url":"https:\/\/www.istegroup.com\/en\/produit\/qgis-et-applications-en-eau-et-risques\/","name":"QGIS et applications en eau et risques - ISTE Group","isPartOf":{"@id":"https:\/\/www.istegroup.com\/#website"},"primaryImageOfPage":{"@id":"https:\/\/www.istegroup.com\/en\/produit\/qgis-et-applications-en-eau-et-risques\/#primaryimage"},"image":{"@id":"https:\/\/www.istegroup.com\/en\/produit\/qgis-et-applications-en-eau-et-risques\/#primaryimage"},"thumbnailUrl":"https:\/\/www.istegroup.com\/wp-content\/uploads\/2018\/01\/Baghdadi-4_Front-scaled.jpg","datePublished":"2018-02-28T10:27:25+00:00","dateModified":"2024-01-03T13:41:21+00:00","description":"Ce quatri\u00e8me volume de la s\u00e9rie expose la pr\u00e9sentation et la mise en pratique sous QGIS et ses librairies des applications traitant des probl\u00e9matiques eau et risques. Les outils de syst\u00e8mes d\u2019information g\u00e9ographique (SIG) sont tr\u00e8s pr\u00e9sents dans ces domaines, en raison de la forte utilisation des donn\u00e9es de t\u00e9l\u00e9d\u00e9tection, de r\u00e9seaux de mesures, et des produits \u00e0 valeur ajout\u00e9e disponibles pour des utilisateurs finaux.","breadcrumb":{"@id":"https:\/\/www.istegroup.com\/en\/produit\/qgis-et-applications-en-eau-et-risques\/#breadcrumb"},"inLanguage":"fr-FR","potentialAction":[{"@type":"ReadAction","target":["https:\/\/www.istegroup.com\/en\/produit\/qgis-et-applications-en-eau-et-risques\/"]}]},{"@type":"ImageObject","inLanguage":"fr-FR","@id":"https:\/\/www.istegroup.com\/en\/produit\/qgis-et-applications-en-eau-et-risques\/#primaryimage","url":"https:\/\/www.istegroup.com\/wp-content\/uploads\/2018\/01\/Baghdadi-4_Front-scaled.jpg","contentUrl":"https:\/\/www.istegroup.com\/wp-content\/uploads\/2018\/01\/Baghdadi-4_Front-scaled.jpg","width":1707,"height":2560,"caption":"QGIS et applications en eau et risques"},{"@type":"BreadcrumbList","@id":"https:\/\/www.istegroup.com\/en\/produit\/qgis-et-applications-en-eau-et-risques\/#breadcrumb","itemListElement":[{"@type":"ListItem","position":1,"name":"Home","item":"https:\/\/www.istegroup.com\/"},{"@type":"ListItem","position":2,"name":"Shop","item":"https:\/\/www.istegroup.com\/fr\/nouveautes\/"},{"@type":"ListItem","position":3,"name":"QGIS et applications en eau et risques"}]},{"@type":"WebSite","@id":"https:\/\/www.istegroup.com\/#website","url":"https:\/\/www.istegroup.com\/","name":"ISTE Group","description":"\u00c9diteur des Sciences","potentialAction":[{"@type":"SearchAction","target":{"@type":"EntryPoint","urlTemplate":"https:\/\/www.istegroup.com\/?s={search_term_string}"},"query-input":{"@type":"PropertyValueSpecification","valueRequired":true,"valueName":"search_term_string"}}],"inLanguage":"fr-FR"}]}},"_links":{"self":[{"href":"https:\/\/www.istegroup.com\/fr\/wp-json\/wp\/v2\/product\/9233","targetHints":{"allow":["GET"]}}],"collection":[{"href":"https:\/\/www.istegroup.com\/fr\/wp-json\/wp\/v2\/product"}],"about":[{"href":"https:\/\/www.istegroup.com\/fr\/wp-json\/wp\/v2\/types\/product"}],"wp:featuredmedia":[{"embeddable":true,"href":"https:\/\/www.istegroup.com\/fr\/wp-json\/wp\/v2\/media\/9236"}],"wp:attachment":[{"href":"https:\/\/www.istegroup.com\/fr\/wp-json\/wp\/v2\/media?parent=9233"}],"wp:term":[{"taxonomy":"product_brand","embeddable":true,"href":"https:\/\/www.istegroup.com\/fr\/wp-json\/wp\/v2\/product_brand?post=9233"},{"taxonomy":"product_cat","embeddable":true,"href":"https:\/\/www.istegroup.com\/fr\/wp-json\/wp\/v2\/product_cat?post=9233"},{"taxonomy":"product_tag","embeddable":true,"href":"https:\/\/www.istegroup.com\/fr\/wp-json\/wp\/v2\/product_tag?post=9233"}],"curies":[{"name":"wp","href":"https:\/\/api.w.org\/{rel}","templated":true}]}}