{"id":9229,"date":"2018-02-28T10:28:23","date_gmt":"2018-02-28T10:28:23","guid":{"rendered":"https:\/\/iste.yhello.co\/?post_type=product&#038;p=9229"},"modified":"2024-01-03T13:41:21","modified_gmt":"2024-01-03T13:41:21","slug":"qgis-et-applications-en-amenagement-du-territoire","status":"publish","type":"product","link":"https:\/\/www.istegroup.com\/fr\/produit\/qgis-et-applications-en-amenagement-du-territoire\/","title":{"rendered":"QGIS et applications en am\u00e9nagement du territoire"},"content":{"rendered":"<p>Les syst\u00e8mes d\u2019information g\u00e9ographique ont \u00e9t\u00e9 amen\u00e9s au cours des quinze derni\u00e8res ann\u00e9es \u00e0 occuper une place centrale pour les applications traitant des probl\u00e9matiques de l\u2019am\u00e9nagement du territoire.<\/p>\n<p>Ce troisi\u00e8me volume retrace la mise en pratique sous QGIS et ses librairies de diff\u00e9rentes applications en lien avec l\u2019am\u00e9nagement du territoire. Il illustre la grande diversit\u00e9 de cas d\u2019\u00e9tudes, d\u2019\u00e9chelles spatiales et d\u2019acteurs concern\u00e9s par cette probl\u00e9matique : de l\u2019\u00e9chelle mondiale \u00e0 celle de la ville, de la d\u00e9tection d\u2019objets aux \u00e9tudes d\u2019implantation ainsi que les milieux urbains, agroforestiers ou c\u00f4tiers.<\/p>\n<p>Cet ouvrage s&rsquo;adresse aux \u00e9quipes de recherche en g\u00e9omatique, aux \u00e9tudiants en 2e et 3e cycle universitaire et aux ing\u00e9nieurs impliqu\u00e9s dans la gestion des ressources en eau et du territoire. Avec\u00a0<em>QGIS et applications en am\u00e9nagement du territoire<\/em>, le lecteur aura acc\u00e8s aux donn\u00e9es et d\u00e9veloppements informatiques et aux copies d\u2019\u00e9cran de toutes les fen\u00eatres qui illustrent les manipulations n\u00e9cessaires \u00e0 la r\u00e9alisation des diff\u00e9rentes \u00e9tapes de chaque application.<\/p>\n","protected":false},"excerpt":{"rendered":"<p>Les syst\u00e8mes d\u2019information g\u00e9ographique ont \u00e9t\u00e9 amen\u00e9s au cours des quinze derni\u00e8res ann\u00e9es \u00e0 occuper une place centrale pour les applications traitant des probl\u00e9matiques de l\u2019am\u00e9nagement du territoire. Ce troisi\u00e8me volume retrace la mise en pratique sous QGIS et ses librairies de diff\u00e9rentes applications en lien avec l\u2019am\u00e9nagement du territoire. Il illustre la grande diversit\u00e9 [&hellip;]<\/p>\n","protected":false},"featured_media":22250,"template":"","meta":{"_acf_changed":false,"_links_to":"","_links_to_target":""},"product_brand":[],"product_cat":[3259],"product_tag":[],"class_list":{"0":"post-9229","1":"product","2":"type-product","3":"status-publish","4":"has-post-thumbnail","6":"product_cat-uncategorized","8":"first","9":"instock","10":"shipping-taxable","11":"purchasable","12":"product-type-variable"},"acf":[],"yoast_head":"<!-- This site is optimized with the Yoast SEO plugin v27.2 - https:\/\/yoast.com\/product\/yoast-seo-wordpress\/ -->\n<title>QGIS et applications en am\u00e9nagement du territoire - ISTE Group<\/title>\n<meta name=\"description\" content=\"Ce troisi\u00e8me volume retrace la mise en pratique sous QGIS et ses librairies de diff\u00e9rentes applications en lien avec l\u2019am\u00e9nagement du territoire.\" \/>\n<meta name=\"robots\" content=\"index, follow, max-snippet:-1, max-image-preview:large, max-video-preview:-1\" \/>\n<link rel=\"canonical\" href=\"https:\/\/www.istegroup.com\/fr\/produit\/qgis-et-applications-en-amenagement-du-territoire\/\" \/>\n<meta property=\"og:locale\" content=\"fr_FR\" \/>\n<meta property=\"og:type\" content=\"article\" \/>\n<meta property=\"og:title\" content=\"QGIS et applications en am\u00e9nagement du territoire - ISTE Group\" \/>\n<meta property=\"og:description\" content=\"Ce troisi\u00e8me volume retrace la mise en pratique sous QGIS et ses librairies de diff\u00e9rentes applications en lien avec l\u2019am\u00e9nagement du territoire.\" \/>\n<meta property=\"og:url\" content=\"https:\/\/www.istegroup.com\/fr\/produit\/qgis-et-applications-en-amenagement-du-territoire\/\" \/>\n<meta property=\"og:site_name\" content=\"ISTE Group\" \/>\n<meta property=\"article:modified_time\" content=\"2024-01-03T13:41:21+00:00\" \/>\n<meta property=\"og:image\" content=\"https:\/\/www.istegroup.com\/wp-content\/uploads\/2019\/07\/QGIS-et-applications-en-am\u00e9nagement-du-territoire-scaled.jpg\" \/>\n\t<meta property=\"og:image:width\" content=\"1710\" \/>\n\t<meta property=\"og:image:height\" content=\"2560\" \/>\n\t<meta property=\"og:image:type\" content=\"image\/jpeg\" \/>\n<meta name=\"twitter:card\" content=\"summary_large_image\" \/>\n<meta name=\"twitter:label1\" content=\"Est. reading time\" \/>\n\t<meta name=\"twitter:data1\" content=\"1 minute\" \/>\n<script type=\"application\/ld+json\" class=\"yoast-schema-graph\">{\"@context\":\"https:\/\/schema.org\",\"@graph\":[{\"@type\":\"WebPage\",\"@id\":\"https:\/\/www.istegroup.com\/fr\/produit\/qgis-et-applications-en-amenagement-du-territoire\/\",\"url\":\"https:\/\/www.istegroup.com\/fr\/produit\/qgis-et-applications-en-amenagement-du-territoire\/\",\"name\":\"QGIS et applications en am\u00e9nagement du territoire - ISTE Group\",\"isPartOf\":{\"@id\":\"https:\/\/www.istegroup.com\/#website\"},\"primaryImageOfPage\":{\"@id\":\"https:\/\/www.istegroup.com\/fr\/produit\/qgis-et-applications-en-amenagement-du-territoire\/#primaryimage\"},\"image\":{\"@id\":\"https:\/\/www.istegroup.com\/fr\/produit\/qgis-et-applications-en-amenagement-du-territoire\/#primaryimage\"},\"thumbnailUrl\":\"https:\/\/www.istegroup.com\/wp-content\/uploads\/2019\/07\/QGIS-et-applications-en-am\u00e9nagement-du-territoire-scaled.jpg\",\"datePublished\":\"2018-02-28T10:28:23+00:00\",\"dateModified\":\"2024-01-03T13:41:21+00:00\",\"description\":\"Ce troisi\u00e8me volume retrace la mise en pratique sous QGIS et ses librairies de diff\u00e9rentes applications en lien avec l\u2019am\u00e9nagement du territoire.\",\"breadcrumb\":{\"@id\":\"https:\/\/www.istegroup.com\/fr\/produit\/qgis-et-applications-en-amenagement-du-territoire\/#breadcrumb\"},\"inLanguage\":\"fr-FR\",\"potentialAction\":[{\"@type\":\"ReadAction\",\"target\":[\"https:\/\/www.istegroup.com\/fr\/produit\/qgis-et-applications-en-amenagement-du-territoire\/\"]}]},{\"@type\":\"ImageObject\",\"inLanguage\":\"fr-FR\",\"@id\":\"https:\/\/www.istegroup.com\/fr\/produit\/qgis-et-applications-en-amenagement-du-territoire\/#primaryimage\",\"url\":\"https:\/\/www.istegroup.com\/wp-content\/uploads\/2019\/07\/QGIS-et-applications-en-am\u00e9nagement-du-territoire-scaled.jpg\",\"contentUrl\":\"https:\/\/www.istegroup.com\/wp-content\/uploads\/2019\/07\/QGIS-et-applications-en-am\u00e9nagement-du-territoire-scaled.jpg\",\"width\":1710,\"height\":2560,\"caption\":\"QGIS et applications en am\u00e9nagement du territoire\"},{\"@type\":\"BreadcrumbList\",\"@id\":\"https:\/\/www.istegroup.com\/fr\/produit\/qgis-et-applications-en-amenagement-du-territoire\/#breadcrumb\",\"itemListElement\":[{\"@type\":\"ListItem\",\"position\":1,\"name\":\"Home\",\"item\":\"https:\/\/www.istegroup.com\/\"},{\"@type\":\"ListItem\",\"position\":2,\"name\":\"Shop\",\"item\":\"https:\/\/www.istegroup.com\/fr\/nouveautes\/\"},{\"@type\":\"ListItem\",\"position\":3,\"name\":\"QGIS et applications en am\u00e9nagement du territoire\"}]},{\"@type\":\"WebSite\",\"@id\":\"https:\/\/www.istegroup.com\/#website\",\"url\":\"https:\/\/www.istegroup.com\/\",\"name\":\"ISTE Group\",\"description\":\"\u00c9diteur des Sciences\",\"potentialAction\":[{\"@type\":\"SearchAction\",\"target\":{\"@type\":\"EntryPoint\",\"urlTemplate\":\"https:\/\/www.istegroup.com\/?s={search_term_string}\"},\"query-input\":{\"@type\":\"PropertyValueSpecification\",\"valueRequired\":true,\"valueName\":\"search_term_string\"}}],\"inLanguage\":\"fr-FR\"}]}<\/script>\n<!-- \/ Yoast SEO plugin. -->","yoast_head_json":{"title":"QGIS et applications en am\u00e9nagement du territoire - ISTE Group","description":"Ce troisi\u00e8me volume retrace la mise en pratique sous QGIS et ses librairies de diff\u00e9rentes applications en lien avec l\u2019am\u00e9nagement du territoire.","robots":{"index":"index","follow":"follow","max-snippet":"max-snippet:-1","max-image-preview":"max-image-preview:large","max-video-preview":"max-video-preview:-1"},"canonical":"https:\/\/www.istegroup.com\/fr\/produit\/qgis-et-applications-en-amenagement-du-territoire\/","og_locale":"fr_FR","og_type":"article","og_title":"QGIS et applications en am\u00e9nagement du territoire - ISTE Group","og_description":"Ce troisi\u00e8me volume retrace la mise en pratique sous QGIS et ses librairies de diff\u00e9rentes applications en lien avec l\u2019am\u00e9nagement du territoire.","og_url":"https:\/\/www.istegroup.com\/fr\/produit\/qgis-et-applications-en-amenagement-du-territoire\/","og_site_name":"ISTE Group","article_modified_time":"2024-01-03T13:41:21+00:00","og_image":[{"width":1710,"height":2560,"url":"https:\/\/www.istegroup.com\/wp-content\/uploads\/2019\/07\/QGIS-et-applications-en-am\u00e9nagement-du-territoire-scaled.jpg","type":"image\/jpeg"}],"twitter_card":"summary_large_image","twitter_misc":{"Est. reading time":"1 minute"},"schema":{"@context":"https:\/\/schema.org","@graph":[{"@type":"WebPage","@id":"https:\/\/www.istegroup.com\/fr\/produit\/qgis-et-applications-en-amenagement-du-territoire\/","url":"https:\/\/www.istegroup.com\/fr\/produit\/qgis-et-applications-en-amenagement-du-territoire\/","name":"QGIS et applications en am\u00e9nagement du territoire - ISTE Group","isPartOf":{"@id":"https:\/\/www.istegroup.com\/#website"},"primaryImageOfPage":{"@id":"https:\/\/www.istegroup.com\/fr\/produit\/qgis-et-applications-en-amenagement-du-territoire\/#primaryimage"},"image":{"@id":"https:\/\/www.istegroup.com\/fr\/produit\/qgis-et-applications-en-amenagement-du-territoire\/#primaryimage"},"thumbnailUrl":"https:\/\/www.istegroup.com\/wp-content\/uploads\/2019\/07\/QGIS-et-applications-en-am\u00e9nagement-du-territoire-scaled.jpg","datePublished":"2018-02-28T10:28:23+00:00","dateModified":"2024-01-03T13:41:21+00:00","description":"Ce troisi\u00e8me volume retrace la mise en pratique sous QGIS et ses librairies de diff\u00e9rentes applications en lien avec l\u2019am\u00e9nagement du territoire.","breadcrumb":{"@id":"https:\/\/www.istegroup.com\/fr\/produit\/qgis-et-applications-en-amenagement-du-territoire\/#breadcrumb"},"inLanguage":"fr-FR","potentialAction":[{"@type":"ReadAction","target":["https:\/\/www.istegroup.com\/fr\/produit\/qgis-et-applications-en-amenagement-du-territoire\/"]}]},{"@type":"ImageObject","inLanguage":"fr-FR","@id":"https:\/\/www.istegroup.com\/fr\/produit\/qgis-et-applications-en-amenagement-du-territoire\/#primaryimage","url":"https:\/\/www.istegroup.com\/wp-content\/uploads\/2019\/07\/QGIS-et-applications-en-am\u00e9nagement-du-territoire-scaled.jpg","contentUrl":"https:\/\/www.istegroup.com\/wp-content\/uploads\/2019\/07\/QGIS-et-applications-en-am\u00e9nagement-du-territoire-scaled.jpg","width":1710,"height":2560,"caption":"QGIS et applications en am\u00e9nagement du territoire"},{"@type":"BreadcrumbList","@id":"https:\/\/www.istegroup.com\/fr\/produit\/qgis-et-applications-en-amenagement-du-territoire\/#breadcrumb","itemListElement":[{"@type":"ListItem","position":1,"name":"Home","item":"https:\/\/www.istegroup.com\/"},{"@type":"ListItem","position":2,"name":"Shop","item":"https:\/\/www.istegroup.com\/fr\/nouveautes\/"},{"@type":"ListItem","position":3,"name":"QGIS et applications en am\u00e9nagement du territoire"}]},{"@type":"WebSite","@id":"https:\/\/www.istegroup.com\/#website","url":"https:\/\/www.istegroup.com\/","name":"ISTE Group","description":"\u00c9diteur des Sciences","potentialAction":[{"@type":"SearchAction","target":{"@type":"EntryPoint","urlTemplate":"https:\/\/www.istegroup.com\/?s={search_term_string}"},"query-input":{"@type":"PropertyValueSpecification","valueRequired":true,"valueName":"search_term_string"}}],"inLanguage":"fr-FR"}]}},"_links":{"self":[{"href":"https:\/\/www.istegroup.com\/fr\/wp-json\/wp\/v2\/product\/9229","targetHints":{"allow":["GET"]}}],"collection":[{"href":"https:\/\/www.istegroup.com\/fr\/wp-json\/wp\/v2\/product"}],"about":[{"href":"https:\/\/www.istegroup.com\/fr\/wp-json\/wp\/v2\/types\/product"}],"wp:featuredmedia":[{"embeddable":true,"href":"https:\/\/www.istegroup.com\/fr\/wp-json\/wp\/v2\/media\/22250"}],"wp:attachment":[{"href":"https:\/\/www.istegroup.com\/fr\/wp-json\/wp\/v2\/media?parent=9229"}],"wp:term":[{"taxonomy":"product_brand","embeddable":true,"href":"https:\/\/www.istegroup.com\/fr\/wp-json\/wp\/v2\/product_brand?post=9229"},{"taxonomy":"product_cat","embeddable":true,"href":"https:\/\/www.istegroup.com\/fr\/wp-json\/wp\/v2\/product_cat?post=9229"},{"taxonomy":"product_tag","embeddable":true,"href":"https:\/\/www.istegroup.com\/fr\/wp-json\/wp\/v2\/product_tag?post=9229"}],"curies":[{"name":"wp","href":"https:\/\/api.w.org\/{rel}","templated":true}]}}