{"id":9224,"date":"2018-02-28T10:29:23","date_gmt":"2018-02-28T10:29:23","guid":{"rendered":"https:\/\/iste.yhello.co\/?post_type=product&#038;p=9224"},"modified":"2024-01-03T13:41:20","modified_gmt":"2024-01-03T13:41:20","slug":"qgis-et-applications-en-agriculture-et-foret","status":"publish","type":"product","link":"https:\/\/www.istegroup.com\/fr\/produit\/qgis-et-applications-en-agriculture-et-foret\/","title":{"rendered":"QGIS et applications en agriculture et for\u00eat"},"content":{"rendered":"<p>L\u2019agriculture et la foresterie sont des domaines fortement engag\u00e9s dans l\u2019utilisation des donn\u00e9es spatiales, essentielles pour restituer la variabilit\u00e9 spatio-temporelle des \u00e9tats des surfaces. Une tr\u00e8s bonne connaissance de ces milieux est fondamentale \u00e0 la fois d\u2019un point de vue \u00e9conomique et environnemental. Dans ce contexte, l\u2019utilisation des outils SIG est depuis longtemps pr\u00e9sente dans l\u2019accompagnement de l\u2019exploitation de l\u2019imagerie spatiale.<\/p>\n<p><em>QGIS et applications en agriculture et for\u00eat<\/em>\u00a0pr\u00e9sente diff\u00e9rents exemples en agriculture et en foresterie. Il est port\u00e9 par des scientifiques de renomm\u00e9e internationale dans leurs domaines et est destin\u00e9 aux \u00e9quipes de recherche en g\u00e9omatique, aux \u00e9tudiants en 2e et 3e cycle universitaire et aux ing\u00e9nieurs impliqu\u00e9s dans le suivi et la gestion des ressources agricoles ou foresti\u00e8res, et plus fondamentalement dans l\u2019extraction des connaissances n\u00e9cessaires \u00e0 ces besoins.<\/p>\n<p>Cet ouvrage donne acc\u00e8s aux donn\u00e9es et outils informatiques ainsi qu\u2019aux copies d\u2019\u00e9cran de toutes les fen\u00eatres qui illustrent les manipulations n\u00e9cessaires \u00e0 la r\u00e9alisation de chaque application.<\/p>\n","protected":false},"excerpt":{"rendered":"<p>L\u2019agriculture et la foresterie sont des domaines fortement engag\u00e9s dans l\u2019utilisation des donn\u00e9es spatiales, essentielles pour restituer la variabilit\u00e9 spatio-temporelle des \u00e9tats des surfaces. Une tr\u00e8s bonne connaissance de ces milieux est fondamentale \u00e0 la fois d\u2019un point de vue \u00e9conomique et environnemental. Dans ce contexte, l\u2019utilisation des outils SIG est depuis longtemps pr\u00e9sente dans [&hellip;]<\/p>\n","protected":false},"featured_media":20413,"template":"","meta":{"_acf_changed":false,"_links_to":"","_links_to_target":""},"product_brand":[],"product_cat":[3259],"product_tag":[],"class_list":{"0":"post-9224","1":"product","2":"type-product","3":"status-publish","4":"has-post-thumbnail","6":"product_cat-uncategorized","8":"first","9":"instock","10":"shipping-taxable","11":"purchasable","12":"product-type-variable"},"acf":[],"yoast_head":"<!-- This site is optimized with the Yoast SEO plugin v27.2 - https:\/\/yoast.com\/product\/yoast-seo-wordpress\/ -->\n<title>QGIS et applications en agriculture et for\u00eat - ISTE Group<\/title>\n<meta name=\"description\" content=\"QGIS et applications en agriculture et for\u00eat\u00a0pr\u00e9sente diff\u00e9rents exemples en agriculture et en foresterie. Il est port\u00e9 par des scientifiques de renomm\u00e9e internationale dans leurs domaines et est destin\u00e9 aux \u00e9quipes de recherche en g\u00e9omatique, aux \u00e9tudiants en 2e et 3e cycle universitaire et aux ing\u00e9nieurs impliqu\u00e9s dans le suivi et la gestion des ressources agricoles ou foresti\u00e8res, et plus fondamentalement dans l\u2019extraction des connaissances n\u00e9cessaires \u00e0 ces besoins.\" \/>\n<meta name=\"robots\" content=\"index, follow, max-snippet:-1, max-image-preview:large, max-video-preview:-1\" \/>\n<link rel=\"canonical\" href=\"https:\/\/www.istegroup.com\/fr\/produit\/qgis-et-applications-en-agriculture-et-foret\/\" \/>\n<meta property=\"og:locale\" content=\"fr_FR\" \/>\n<meta property=\"og:type\" content=\"article\" \/>\n<meta property=\"og:title\" content=\"QGIS et applications en agriculture et for\u00eat - ISTE Group\" \/>\n<meta property=\"og:description\" content=\"QGIS et applications en agriculture et for\u00eat\u00a0pr\u00e9sente diff\u00e9rents exemples en agriculture et en foresterie. Il est port\u00e9 par des scientifiques de renomm\u00e9e internationale dans leurs domaines et est destin\u00e9 aux \u00e9quipes de recherche en g\u00e9omatique, aux \u00e9tudiants en 2e et 3e cycle universitaire et aux ing\u00e9nieurs impliqu\u00e9s dans le suivi et la gestion des ressources agricoles ou foresti\u00e8res, et plus fondamentalement dans l\u2019extraction des connaissances n\u00e9cessaires \u00e0 ces besoins.\" \/>\n<meta property=\"og:url\" content=\"https:\/\/www.istegroup.com\/fr\/produit\/qgis-et-applications-en-agriculture-et-foret\/\" \/>\n<meta property=\"og:site_name\" content=\"ISTE Group\" \/>\n<meta property=\"article:modified_time\" content=\"2024-01-03T13:41:20+00:00\" \/>\n<meta property=\"og:image\" content=\"https:\/\/www.istegroup.com\/wp-content\/uploads\/2019\/04\/Baghdadi_Front.jpg\" \/>\n\t<meta property=\"og:image:width\" content=\"300\" \/>\n\t<meta property=\"og:image:height\" content=\"452\" \/>\n\t<meta property=\"og:image:type\" content=\"image\/jpeg\" \/>\n<meta name=\"twitter:card\" content=\"summary_large_image\" \/>\n<meta name=\"twitter:label1\" content=\"Est. reading time\" \/>\n\t<meta name=\"twitter:data1\" content=\"1 minute\" \/>\n<script type=\"application\/ld+json\" class=\"yoast-schema-graph\">{\"@context\":\"https:\/\/schema.org\",\"@graph\":[{\"@type\":\"WebPage\",\"@id\":\"https:\/\/www.istegroup.com\/fr\/produit\/qgis-et-applications-en-agriculture-et-foret\/\",\"url\":\"https:\/\/www.istegroup.com\/fr\/produit\/qgis-et-applications-en-agriculture-et-foret\/\",\"name\":\"QGIS et applications en agriculture et for\u00eat - ISTE Group\",\"isPartOf\":{\"@id\":\"https:\/\/www.istegroup.com\/#website\"},\"primaryImageOfPage\":{\"@id\":\"https:\/\/www.istegroup.com\/fr\/produit\/qgis-et-applications-en-agriculture-et-foret\/#primaryimage\"},\"image\":{\"@id\":\"https:\/\/www.istegroup.com\/fr\/produit\/qgis-et-applications-en-agriculture-et-foret\/#primaryimage\"},\"thumbnailUrl\":\"https:\/\/www.istegroup.com\/wp-content\/uploads\/2019\/04\/Baghdadi_Front.jpg\",\"datePublished\":\"2018-02-28T10:29:23+00:00\",\"dateModified\":\"2024-01-03T13:41:20+00:00\",\"description\":\"QGIS et applications en agriculture et for\u00eat\u00a0pr\u00e9sente diff\u00e9rents exemples en agriculture et en foresterie. Il est port\u00e9 par des scientifiques de renomm\u00e9e internationale dans leurs domaines et est destin\u00e9 aux \u00e9quipes de recherche en g\u00e9omatique, aux \u00e9tudiants en 2e et 3e cycle universitaire et aux ing\u00e9nieurs impliqu\u00e9s dans le suivi et la gestion des ressources agricoles ou foresti\u00e8res, et plus fondamentalement dans l\u2019extraction des connaissances n\u00e9cessaires \u00e0 ces besoins.\",\"breadcrumb\":{\"@id\":\"https:\/\/www.istegroup.com\/fr\/produit\/qgis-et-applications-en-agriculture-et-foret\/#breadcrumb\"},\"inLanguage\":\"fr-FR\",\"potentialAction\":[{\"@type\":\"ReadAction\",\"target\":[\"https:\/\/www.istegroup.com\/fr\/produit\/qgis-et-applications-en-agriculture-et-foret\/\"]}]},{\"@type\":\"ImageObject\",\"inLanguage\":\"fr-FR\",\"@id\":\"https:\/\/www.istegroup.com\/fr\/produit\/qgis-et-applications-en-agriculture-et-foret\/#primaryimage\",\"url\":\"https:\/\/www.istegroup.com\/wp-content\/uploads\/2019\/04\/Baghdadi_Front.jpg\",\"contentUrl\":\"https:\/\/www.istegroup.com\/wp-content\/uploads\/2019\/04\/Baghdadi_Front.jpg\",\"width\":300,\"height\":452,\"caption\":\"QGIS et applications en agriculture et for\u00eat\"},{\"@type\":\"BreadcrumbList\",\"@id\":\"https:\/\/www.istegroup.com\/fr\/produit\/qgis-et-applications-en-agriculture-et-foret\/#breadcrumb\",\"itemListElement\":[{\"@type\":\"ListItem\",\"position\":1,\"name\":\"Home\",\"item\":\"https:\/\/www.istegroup.com\/\"},{\"@type\":\"ListItem\",\"position\":2,\"name\":\"Shop\",\"item\":\"https:\/\/www.istegroup.com\/fr\/nouveautes\/\"},{\"@type\":\"ListItem\",\"position\":3,\"name\":\"QGIS et applications en agriculture et for\u00eat\"}]},{\"@type\":\"WebSite\",\"@id\":\"https:\/\/www.istegroup.com\/#website\",\"url\":\"https:\/\/www.istegroup.com\/\",\"name\":\"ISTE Group\",\"description\":\"\u00c9diteur des Sciences\",\"potentialAction\":[{\"@type\":\"SearchAction\",\"target\":{\"@type\":\"EntryPoint\",\"urlTemplate\":\"https:\/\/www.istegroup.com\/?s={search_term_string}\"},\"query-input\":{\"@type\":\"PropertyValueSpecification\",\"valueRequired\":true,\"valueName\":\"search_term_string\"}}],\"inLanguage\":\"fr-FR\"}]}<\/script>\n<!-- \/ Yoast SEO plugin. -->","yoast_head_json":{"title":"QGIS et applications en agriculture et for\u00eat - ISTE Group","description":"QGIS et applications en agriculture et for\u00eat\u00a0pr\u00e9sente diff\u00e9rents exemples en agriculture et en foresterie. Il est port\u00e9 par des scientifiques de renomm\u00e9e internationale dans leurs domaines et est destin\u00e9 aux \u00e9quipes de recherche en g\u00e9omatique, aux \u00e9tudiants en 2e et 3e cycle universitaire et aux ing\u00e9nieurs impliqu\u00e9s dans le suivi et la gestion des ressources agricoles ou foresti\u00e8res, et plus fondamentalement dans l\u2019extraction des connaissances n\u00e9cessaires \u00e0 ces besoins.","robots":{"index":"index","follow":"follow","max-snippet":"max-snippet:-1","max-image-preview":"max-image-preview:large","max-video-preview":"max-video-preview:-1"},"canonical":"https:\/\/www.istegroup.com\/fr\/produit\/qgis-et-applications-en-agriculture-et-foret\/","og_locale":"fr_FR","og_type":"article","og_title":"QGIS et applications en agriculture et for\u00eat - ISTE Group","og_description":"QGIS et applications en agriculture et for\u00eat\u00a0pr\u00e9sente diff\u00e9rents exemples en agriculture et en foresterie. Il est port\u00e9 par des scientifiques de renomm\u00e9e internationale dans leurs domaines et est destin\u00e9 aux \u00e9quipes de recherche en g\u00e9omatique, aux \u00e9tudiants en 2e et 3e cycle universitaire et aux ing\u00e9nieurs impliqu\u00e9s dans le suivi et la gestion des ressources agricoles ou foresti\u00e8res, et plus fondamentalement dans l\u2019extraction des connaissances n\u00e9cessaires \u00e0 ces besoins.","og_url":"https:\/\/www.istegroup.com\/fr\/produit\/qgis-et-applications-en-agriculture-et-foret\/","og_site_name":"ISTE Group","article_modified_time":"2024-01-03T13:41:20+00:00","og_image":[{"width":300,"height":452,"url":"https:\/\/www.istegroup.com\/wp-content\/uploads\/2019\/04\/Baghdadi_Front.jpg","type":"image\/jpeg"}],"twitter_card":"summary_large_image","twitter_misc":{"Est. reading time":"1 minute"},"schema":{"@context":"https:\/\/schema.org","@graph":[{"@type":"WebPage","@id":"https:\/\/www.istegroup.com\/fr\/produit\/qgis-et-applications-en-agriculture-et-foret\/","url":"https:\/\/www.istegroup.com\/fr\/produit\/qgis-et-applications-en-agriculture-et-foret\/","name":"QGIS et applications en agriculture et for\u00eat - ISTE Group","isPartOf":{"@id":"https:\/\/www.istegroup.com\/#website"},"primaryImageOfPage":{"@id":"https:\/\/www.istegroup.com\/fr\/produit\/qgis-et-applications-en-agriculture-et-foret\/#primaryimage"},"image":{"@id":"https:\/\/www.istegroup.com\/fr\/produit\/qgis-et-applications-en-agriculture-et-foret\/#primaryimage"},"thumbnailUrl":"https:\/\/www.istegroup.com\/wp-content\/uploads\/2019\/04\/Baghdadi_Front.jpg","datePublished":"2018-02-28T10:29:23+00:00","dateModified":"2024-01-03T13:41:20+00:00","description":"QGIS et applications en agriculture et for\u00eat\u00a0pr\u00e9sente diff\u00e9rents exemples en agriculture et en foresterie. Il est port\u00e9 par des scientifiques de renomm\u00e9e internationale dans leurs domaines et est destin\u00e9 aux \u00e9quipes de recherche en g\u00e9omatique, aux \u00e9tudiants en 2e et 3e cycle universitaire et aux ing\u00e9nieurs impliqu\u00e9s dans le suivi et la gestion des ressources agricoles ou foresti\u00e8res, et plus fondamentalement dans l\u2019extraction des connaissances n\u00e9cessaires \u00e0 ces besoins.","breadcrumb":{"@id":"https:\/\/www.istegroup.com\/fr\/produit\/qgis-et-applications-en-agriculture-et-foret\/#breadcrumb"},"inLanguage":"fr-FR","potentialAction":[{"@type":"ReadAction","target":["https:\/\/www.istegroup.com\/fr\/produit\/qgis-et-applications-en-agriculture-et-foret\/"]}]},{"@type":"ImageObject","inLanguage":"fr-FR","@id":"https:\/\/www.istegroup.com\/fr\/produit\/qgis-et-applications-en-agriculture-et-foret\/#primaryimage","url":"https:\/\/www.istegroup.com\/wp-content\/uploads\/2019\/04\/Baghdadi_Front.jpg","contentUrl":"https:\/\/www.istegroup.com\/wp-content\/uploads\/2019\/04\/Baghdadi_Front.jpg","width":300,"height":452,"caption":"QGIS et applications en agriculture et for\u00eat"},{"@type":"BreadcrumbList","@id":"https:\/\/www.istegroup.com\/fr\/produit\/qgis-et-applications-en-agriculture-et-foret\/#breadcrumb","itemListElement":[{"@type":"ListItem","position":1,"name":"Home","item":"https:\/\/www.istegroup.com\/"},{"@type":"ListItem","position":2,"name":"Shop","item":"https:\/\/www.istegroup.com\/fr\/nouveautes\/"},{"@type":"ListItem","position":3,"name":"QGIS et applications en agriculture et for\u00eat"}]},{"@type":"WebSite","@id":"https:\/\/www.istegroup.com\/#website","url":"https:\/\/www.istegroup.com\/","name":"ISTE Group","description":"\u00c9diteur des Sciences","potentialAction":[{"@type":"SearchAction","target":{"@type":"EntryPoint","urlTemplate":"https:\/\/www.istegroup.com\/?s={search_term_string}"},"query-input":{"@type":"PropertyValueSpecification","valueRequired":true,"valueName":"search_term_string"}}],"inLanguage":"fr-FR"}]}},"_links":{"self":[{"href":"https:\/\/www.istegroup.com\/fr\/wp-json\/wp\/v2\/product\/9224","targetHints":{"allow":["GET"]}}],"collection":[{"href":"https:\/\/www.istegroup.com\/fr\/wp-json\/wp\/v2\/product"}],"about":[{"href":"https:\/\/www.istegroup.com\/fr\/wp-json\/wp\/v2\/types\/product"}],"wp:featuredmedia":[{"embeddable":true,"href":"https:\/\/www.istegroup.com\/fr\/wp-json\/wp\/v2\/media\/20413"}],"wp:attachment":[{"href":"https:\/\/www.istegroup.com\/fr\/wp-json\/wp\/v2\/media?parent=9224"}],"wp:term":[{"taxonomy":"product_brand","embeddable":true,"href":"https:\/\/www.istegroup.com\/fr\/wp-json\/wp\/v2\/product_brand?post=9224"},{"taxonomy":"product_cat","embeddable":true,"href":"https:\/\/www.istegroup.com\/fr\/wp-json\/wp\/v2\/product_cat?post=9224"},{"taxonomy":"product_tag","embeddable":true,"href":"https:\/\/www.istegroup.com\/fr\/wp-json\/wp\/v2\/product_tag?post=9224"}],"curies":[{"name":"wp","href":"https:\/\/api.w.org\/{rel}","templated":true}]}}