{"id":9206,"date":"2017-07-31T10:32:22","date_gmt":"2017-07-31T08:32:22","guid":{"rendered":"https:\/\/iste.yhello.co\/?post_type=product&#038;p=9206"},"modified":"2024-01-03T13:41:20","modified_gmt":"2024-01-03T13:41:20","slug":"le-systeme-technologique-contemporain","status":"publish","type":"product","link":"https:\/\/www.istegroup.com\/fr\/produit\/le-systeme-technologique-contemporain\/","title":{"rendered":"Le syst\u00e8me technologique contemporain"},"content":{"rendered":"<p>La s\u00e9rie\u00a0<em>Smart innovation<\/em>\u00a0pr\u00e9sente les th\u00e8mes li\u00e9s \u00e0 la dynamique technologique, entrepreneuriale, territoriale et \u00e9conomique de l&rsquo;innovation. Elle privil\u00e9gie les approches novatrices des acteurs qui, par leurs comportements, strat\u00e9gies et politiques d&rsquo;innovation intelligente, modifient les mod\u00e8les \u00e9conomiques dans une perspective de croissance durable.<\/p>\n<p>Le haut niveau d\u2019innovation qui transforme actuellement notre monde et la puissante dynamique technologique qui le porte peuvent \u00eatre vus comme la seconde vague d\u2019innovation d\u2019un troisi\u00e8me syst\u00e8me technologique qui a \u00e9merg\u00e9 \u00e0 la fin des ann\u00e9es 1970.<\/p>\n<p>Cet ouvrage pr\u00e9sente le concept de syst\u00e8me technologique et se concentre sur les outils permettant de formaliser l\u2019organisation technologique de la soci\u00e9t\u00e9 et de mod\u00e9liser sa dynamique d\u2019\u00e9volution. Ainsi, il examine ce dispositif dans une perspective historique afin d\u2019analyser le processus de succession des syst\u00e8mes technologiques depuis la p\u00e9riode pr\u00e9industrielle. Ces outils vont surtout \u00eatre utilis\u00e9s pour caract\u00e9riser le syst\u00e8me technologique contemporain et pour mod\u00e9liser sa dynamique d\u2019innovation sp\u00e9cifique.<\/p>\n<p><em>Le syst\u00e8me technologique contemporain<\/em>\u00a0traite \u00e9galement de la continuit\u00e9 du syst\u00e8me technologique \u00e0 l\u2019oeuvre, et de sa capacit\u00e9 \u00e0 g\u00e9n\u00e9rer un mouvement continu d\u2019innovation.<\/p>\n","protected":false},"excerpt":{"rendered":"<p>La s\u00e9rie\u00a0Smart innovation\u00a0pr\u00e9sente les th\u00e8mes li\u00e9s \u00e0 la dynamique technologique, entrepreneuriale, territoriale et \u00e9conomique de l&rsquo;innovation. Elle privil\u00e9gie les approches novatrices des acteurs qui, par leurs comportements, strat\u00e9gies et politiques d&rsquo;innovation intelligente, modifient les mod\u00e8les \u00e9conomiques dans une perspective de croissance durable. Le haut niveau d\u2019innovation qui transforme actuellement notre monde et la puissante dynamique [&hellip;]<\/p>\n","protected":false},"featured_media":9211,"template":"","meta":{"_acf_changed":false,"_links_to":"","_links_to_target":""},"product_brand":[],"product_cat":[3259],"product_tag":[],"class_list":{"0":"post-9206","1":"product","2":"type-product","3":"status-publish","4":"has-post-thumbnail","6":"product_cat-uncategorized","8":"first","9":"instock","10":"shipping-taxable","11":"purchasable","12":"product-type-variable"},"acf":[],"yoast_head":"<!-- This site is optimized with the Yoast SEO plugin v27.2 - https:\/\/yoast.com\/product\/yoast-seo-wordpress\/ -->\n<title>Le syst\u00e8me technologique contemporain - ISTE Group<\/title>\n<meta name=\"description\" content=\"Cet ouvrage pr\u00e9sente le concept de syst\u00e8me technologique et se concentre sur les outils permettant de formaliser l\u2019organisation technologique de la soci\u00e9t\u00e9 et de mod\u00e9liser sa dynamique d\u2019\u00e9volution.\" \/>\n<meta name=\"robots\" content=\"index, follow, max-snippet:-1, max-image-preview:large, max-video-preview:-1\" \/>\n<link rel=\"canonical\" href=\"https:\/\/www.istegroup.com\/en\/produit\/le-systeme-technologique-contemporain\/\" \/>\n<meta property=\"og:locale\" content=\"fr_FR\" \/>\n<meta property=\"og:type\" content=\"article\" \/>\n<meta property=\"og:title\" content=\"Le syst\u00e8me technologique contemporain - ISTE Group\" \/>\n<meta property=\"og:description\" content=\"Cet ouvrage pr\u00e9sente le concept de syst\u00e8me technologique et se concentre sur les outils permettant de formaliser l\u2019organisation technologique de la soci\u00e9t\u00e9 et de mod\u00e9liser sa dynamique d\u2019\u00e9volution.\" \/>\n<meta property=\"og:url\" content=\"https:\/\/www.istegroup.com\/en\/produit\/le-systeme-technologique-contemporain\/\" \/>\n<meta property=\"og:site_name\" content=\"ISTE Group\" \/>\n<meta property=\"article:modified_time\" content=\"2024-01-03T13:41:20+00:00\" \/>\n<meta property=\"og:image\" content=\"https:\/\/www.istegroup.com\/wp-content\/uploads\/2018\/01\/Ait-El-Hadj_Front-scaled.jpg\" \/>\n\t<meta property=\"og:image:width\" content=\"1648\" \/>\n\t<meta property=\"og:image:height\" content=\"2560\" \/>\n\t<meta property=\"og:image:type\" content=\"image\/jpeg\" \/>\n<meta name=\"twitter:card\" content=\"summary_large_image\" \/>\n<meta name=\"twitter:label1\" content=\"Est. reading time\" \/>\n\t<meta name=\"twitter:data1\" content=\"1 minute\" \/>\n<script type=\"application\/ld+json\" class=\"yoast-schema-graph\">{\"@context\":\"https:\/\/schema.org\",\"@graph\":[{\"@type\":\"WebPage\",\"@id\":\"https:\/\/www.istegroup.com\/en\/produit\/le-systeme-technologique-contemporain\/\",\"url\":\"https:\/\/www.istegroup.com\/en\/produit\/le-systeme-technologique-contemporain\/\",\"name\":\"Le syst\u00e8me technologique contemporain - ISTE Group\",\"isPartOf\":{\"@id\":\"https:\/\/www.istegroup.com\/#website\"},\"primaryImageOfPage\":{\"@id\":\"https:\/\/www.istegroup.com\/en\/produit\/le-systeme-technologique-contemporain\/#primaryimage\"},\"image\":{\"@id\":\"https:\/\/www.istegroup.com\/en\/produit\/le-systeme-technologique-contemporain\/#primaryimage\"},\"thumbnailUrl\":\"https:\/\/www.istegroup.com\/wp-content\/uploads\/2018\/01\/Ait-El-Hadj_Front-scaled.jpg\",\"datePublished\":\"2017-07-31T08:32:22+00:00\",\"dateModified\":\"2024-01-03T13:41:20+00:00\",\"description\":\"Cet ouvrage pr\u00e9sente le concept de syst\u00e8me technologique et se concentre sur les outils permettant de formaliser l\u2019organisation technologique de la soci\u00e9t\u00e9 et de mod\u00e9liser sa dynamique d\u2019\u00e9volution.\",\"breadcrumb\":{\"@id\":\"https:\/\/www.istegroup.com\/en\/produit\/le-systeme-technologique-contemporain\/#breadcrumb\"},\"inLanguage\":\"fr-FR\",\"potentialAction\":[{\"@type\":\"ReadAction\",\"target\":[\"https:\/\/www.istegroup.com\/en\/produit\/le-systeme-technologique-contemporain\/\"]}]},{\"@type\":\"ImageObject\",\"inLanguage\":\"fr-FR\",\"@id\":\"https:\/\/www.istegroup.com\/en\/produit\/le-systeme-technologique-contemporain\/#primaryimage\",\"url\":\"https:\/\/www.istegroup.com\/wp-content\/uploads\/2018\/01\/Ait-El-Hadj_Front-scaled.jpg\",\"contentUrl\":\"https:\/\/www.istegroup.com\/wp-content\/uploads\/2018\/01\/Ait-El-Hadj_Front-scaled.jpg\",\"width\":1648,\"height\":2560,\"caption\":\"Le syst\u00e8me technologique contemporain\"},{\"@type\":\"BreadcrumbList\",\"@id\":\"https:\/\/www.istegroup.com\/en\/produit\/le-systeme-technologique-contemporain\/#breadcrumb\",\"itemListElement\":[{\"@type\":\"ListItem\",\"position\":1,\"name\":\"Home\",\"item\":\"https:\/\/www.istegroup.com\/\"},{\"@type\":\"ListItem\",\"position\":2,\"name\":\"Shop\",\"item\":\"https:\/\/www.istegroup.com\/fr\/nouveautes\/\"},{\"@type\":\"ListItem\",\"position\":3,\"name\":\"Le syst\u00e8me technologique contemporain\"}]},{\"@type\":\"WebSite\",\"@id\":\"https:\/\/www.istegroup.com\/#website\",\"url\":\"https:\/\/www.istegroup.com\/\",\"name\":\"ISTE Group\",\"description\":\"\u00c9diteur des Sciences\",\"potentialAction\":[{\"@type\":\"SearchAction\",\"target\":{\"@type\":\"EntryPoint\",\"urlTemplate\":\"https:\/\/www.istegroup.com\/?s={search_term_string}\"},\"query-input\":{\"@type\":\"PropertyValueSpecification\",\"valueRequired\":true,\"valueName\":\"search_term_string\"}}],\"inLanguage\":\"fr-FR\"}]}<\/script>\n<!-- \/ Yoast SEO plugin. -->","yoast_head_json":{"title":"Le syst\u00e8me technologique contemporain - ISTE Group","description":"Cet ouvrage pr\u00e9sente le concept de syst\u00e8me technologique et se concentre sur les outils permettant de formaliser l\u2019organisation technologique de la soci\u00e9t\u00e9 et de mod\u00e9liser sa dynamique d\u2019\u00e9volution.","robots":{"index":"index","follow":"follow","max-snippet":"max-snippet:-1","max-image-preview":"max-image-preview:large","max-video-preview":"max-video-preview:-1"},"canonical":"https:\/\/www.istegroup.com\/en\/produit\/le-systeme-technologique-contemporain\/","og_locale":"fr_FR","og_type":"article","og_title":"Le syst\u00e8me technologique contemporain - ISTE Group","og_description":"Cet ouvrage pr\u00e9sente le concept de syst\u00e8me technologique et se concentre sur les outils permettant de formaliser l\u2019organisation technologique de la soci\u00e9t\u00e9 et de mod\u00e9liser sa dynamique d\u2019\u00e9volution.","og_url":"https:\/\/www.istegroup.com\/en\/produit\/le-systeme-technologique-contemporain\/","og_site_name":"ISTE Group","article_modified_time":"2024-01-03T13:41:20+00:00","og_image":[{"width":1648,"height":2560,"url":"https:\/\/www.istegroup.com\/wp-content\/uploads\/2018\/01\/Ait-El-Hadj_Front-scaled.jpg","type":"image\/jpeg"}],"twitter_card":"summary_large_image","twitter_misc":{"Est. reading time":"1 minute"},"schema":{"@context":"https:\/\/schema.org","@graph":[{"@type":"WebPage","@id":"https:\/\/www.istegroup.com\/en\/produit\/le-systeme-technologique-contemporain\/","url":"https:\/\/www.istegroup.com\/en\/produit\/le-systeme-technologique-contemporain\/","name":"Le syst\u00e8me technologique contemporain - ISTE Group","isPartOf":{"@id":"https:\/\/www.istegroup.com\/#website"},"primaryImageOfPage":{"@id":"https:\/\/www.istegroup.com\/en\/produit\/le-systeme-technologique-contemporain\/#primaryimage"},"image":{"@id":"https:\/\/www.istegroup.com\/en\/produit\/le-systeme-technologique-contemporain\/#primaryimage"},"thumbnailUrl":"https:\/\/www.istegroup.com\/wp-content\/uploads\/2018\/01\/Ait-El-Hadj_Front-scaled.jpg","datePublished":"2017-07-31T08:32:22+00:00","dateModified":"2024-01-03T13:41:20+00:00","description":"Cet ouvrage pr\u00e9sente le concept de syst\u00e8me technologique et se concentre sur les outils permettant de formaliser l\u2019organisation technologique de la soci\u00e9t\u00e9 et de mod\u00e9liser sa dynamique d\u2019\u00e9volution.","breadcrumb":{"@id":"https:\/\/www.istegroup.com\/en\/produit\/le-systeme-technologique-contemporain\/#breadcrumb"},"inLanguage":"fr-FR","potentialAction":[{"@type":"ReadAction","target":["https:\/\/www.istegroup.com\/en\/produit\/le-systeme-technologique-contemporain\/"]}]},{"@type":"ImageObject","inLanguage":"fr-FR","@id":"https:\/\/www.istegroup.com\/en\/produit\/le-systeme-technologique-contemporain\/#primaryimage","url":"https:\/\/www.istegroup.com\/wp-content\/uploads\/2018\/01\/Ait-El-Hadj_Front-scaled.jpg","contentUrl":"https:\/\/www.istegroup.com\/wp-content\/uploads\/2018\/01\/Ait-El-Hadj_Front-scaled.jpg","width":1648,"height":2560,"caption":"Le syst\u00e8me technologique contemporain"},{"@type":"BreadcrumbList","@id":"https:\/\/www.istegroup.com\/en\/produit\/le-systeme-technologique-contemporain\/#breadcrumb","itemListElement":[{"@type":"ListItem","position":1,"name":"Home","item":"https:\/\/www.istegroup.com\/"},{"@type":"ListItem","position":2,"name":"Shop","item":"https:\/\/www.istegroup.com\/fr\/nouveautes\/"},{"@type":"ListItem","position":3,"name":"Le syst\u00e8me technologique contemporain"}]},{"@type":"WebSite","@id":"https:\/\/www.istegroup.com\/#website","url":"https:\/\/www.istegroup.com\/","name":"ISTE Group","description":"\u00c9diteur des Sciences","potentialAction":[{"@type":"SearchAction","target":{"@type":"EntryPoint","urlTemplate":"https:\/\/www.istegroup.com\/?s={search_term_string}"},"query-input":{"@type":"PropertyValueSpecification","valueRequired":true,"valueName":"search_term_string"}}],"inLanguage":"fr-FR"}]}},"_links":{"self":[{"href":"https:\/\/www.istegroup.com\/fr\/wp-json\/wp\/v2\/product\/9206","targetHints":{"allow":["GET"]}}],"collection":[{"href":"https:\/\/www.istegroup.com\/fr\/wp-json\/wp\/v2\/product"}],"about":[{"href":"https:\/\/www.istegroup.com\/fr\/wp-json\/wp\/v2\/types\/product"}],"wp:featuredmedia":[{"embeddable":true,"href":"https:\/\/www.istegroup.com\/fr\/wp-json\/wp\/v2\/media\/9211"}],"wp:attachment":[{"href":"https:\/\/www.istegroup.com\/fr\/wp-json\/wp\/v2\/media?parent=9206"}],"wp:term":[{"taxonomy":"product_brand","embeddable":true,"href":"https:\/\/www.istegroup.com\/fr\/wp-json\/wp\/v2\/product_brand?post=9206"},{"taxonomy":"product_cat","embeddable":true,"href":"https:\/\/www.istegroup.com\/fr\/wp-json\/wp\/v2\/product_cat?post=9206"},{"taxonomy":"product_tag","embeddable":true,"href":"https:\/\/www.istegroup.com\/fr\/wp-json\/wp\/v2\/product_tag?post=9206"}],"curies":[{"name":"wp","href":"https:\/\/api.w.org\/{rel}","templated":true}]}}