{"id":9176,"date":"2018-01-28T10:32:22","date_gmt":"2018-01-28T09:32:22","guid":{"rendered":"https:\/\/iste.yhello.co\/?post_type=product&#038;p=9176"},"modified":"2024-01-03T13:41:20","modified_gmt":"2024-01-03T13:41:20","slug":"biodisponibles","status":"publish","type":"product","link":"https:\/\/www.istegroup.com\/fr\/produit\/biodisponibles\/","title":{"rendered":"Biodisponibles"},"content":{"rendered":"<p>Le biodisponible, notion naturelle et pratique, diff\u00e9rencie ce qui est utile dans les aliments et ce qui est dangereux dans les contaminants.<\/p>\n<p>Cet ouvrage examine ce que retiennent les organismes des environnements, ou plus sp\u00e9cifiquement des exposomes auxquels ils sont soumis tout au long de leur vie. L\u2019int\u00e9r\u00eat est de d\u00e9couvrir si l\u2019analyse de leur contamination interne nous renseigne de fa\u00e7on fiable sur la biodisponibilit\u00e9 des contaminants. Il explore \u00e9galement les avantages et limites des alternatives techniques cens\u00e9es reproduire artificiellement la biodisponibilit\u00e9.<\/p>\n<p><em>Biodisponibles<\/em>\u00a0offre un \u00e9tat des connaissances au carrefour de plusieurs disciplines qui ouvre sans cesse de nouveaux fronts de sciences. Ainsi, il expose la complexit\u00e9 de m\u00eame que l\u2019importance du r\u00f4le de la nature et de nos environnements dans les interactions entre organismes et contaminants.<\/p>\n","protected":false},"excerpt":{"rendered":"<p>Le biodisponible, notion naturelle et pratique, diff\u00e9rencie ce qui est utile dans les aliments et ce qui est dangereux dans les contaminants. Cet ouvrage examine ce que retiennent les organismes des environnements, ou plus sp\u00e9cifiquement des exposomes auxquels ils sont soumis tout au long de leur vie. L\u2019int\u00e9r\u00eat est de d\u00e9couvrir si l\u2019analyse de leur [&hellip;]<\/p>\n","protected":false},"featured_media":9186,"template":"","meta":{"_acf_changed":false,"_links_to":"","_links_to_target":""},"product_brand":[],"product_cat":[3259],"product_tag":[],"class_list":{"0":"post-9176","1":"product","2":"type-product","3":"status-publish","4":"has-post-thumbnail","6":"product_cat-uncategorized","8":"first","9":"instock","10":"shipping-taxable","11":"purchasable","12":"product-type-variable"},"acf":[],"yoast_head":"<!-- This site is optimized with the Yoast SEO plugin v27.2 - https:\/\/yoast.com\/product\/yoast-seo-wordpress\/ -->\n<title>Biodisponibles - ISTE Group<\/title>\n<meta name=\"description\" content=\"Cet ouvrage examine ce que retiennent les organismes des environnements, ou plus sp\u00e9cifiquement des exposomes auxquels ils sont soumis tout au long de leur vie. L\u2019int\u00e9r\u00eat est de d\u00e9couvrir si l\u2019analyse de leur contamination interne nous renseigne de fa\u00e7on fiable sur la biodisponibilit\u00e9 des contaminants. Il explore \u00e9galement les avantages et limites des alternatives techniques cens\u00e9es reproduire artificiellement la biodisponibilit\u00e9.\" \/>\n<meta name=\"robots\" content=\"index, follow, max-snippet:-1, max-image-preview:large, max-video-preview:-1\" \/>\n<link rel=\"canonical\" href=\"https:\/\/www.istegroup.com\/en\/produit\/biodisponibles\/\" \/>\n<meta property=\"og:locale\" content=\"fr_FR\" \/>\n<meta property=\"og:type\" content=\"article\" \/>\n<meta property=\"og:title\" content=\"Biodisponibles - ISTE Group\" \/>\n<meta property=\"og:description\" content=\"Cet ouvrage examine ce que retiennent les organismes des environnements, ou plus sp\u00e9cifiquement des exposomes auxquels ils sont soumis tout au long de leur vie. L\u2019int\u00e9r\u00eat est de d\u00e9couvrir si l\u2019analyse de leur contamination interne nous renseigne de fa\u00e7on fiable sur la biodisponibilit\u00e9 des contaminants. Il explore \u00e9galement les avantages et limites des alternatives techniques cens\u00e9es reproduire artificiellement la biodisponibilit\u00e9.\" \/>\n<meta property=\"og:url\" content=\"https:\/\/www.istegroup.com\/en\/produit\/biodisponibles\/\" \/>\n<meta property=\"og:site_name\" content=\"ISTE Group\" \/>\n<meta property=\"article:modified_time\" content=\"2024-01-03T13:41:20+00:00\" \/>\n<meta property=\"og:image\" content=\"https:\/\/www.istegroup.com\/wp-content\/uploads\/2018\/01\/Tusseau_Front-scaled.jpg\" \/>\n\t<meta property=\"og:image:width\" content=\"1675\" \/>\n\t<meta property=\"og:image:height\" content=\"2560\" \/>\n\t<meta property=\"og:image:type\" content=\"image\/jpeg\" \/>\n<meta name=\"twitter:card\" content=\"summary_large_image\" \/>\n<meta name=\"twitter:label1\" content=\"Est. reading time\" \/>\n\t<meta name=\"twitter:data1\" content=\"1 minute\" \/>\n<script type=\"application\/ld+json\" class=\"yoast-schema-graph\">{\"@context\":\"https:\/\/schema.org\",\"@graph\":[{\"@type\":\"WebPage\",\"@id\":\"https:\/\/www.istegroup.com\/en\/produit\/biodisponibles\/\",\"url\":\"https:\/\/www.istegroup.com\/en\/produit\/biodisponibles\/\",\"name\":\"Biodisponibles - ISTE Group\",\"isPartOf\":{\"@id\":\"https:\/\/www.istegroup.com\/#website\"},\"primaryImageOfPage\":{\"@id\":\"https:\/\/www.istegroup.com\/en\/produit\/biodisponibles\/#primaryimage\"},\"image\":{\"@id\":\"https:\/\/www.istegroup.com\/en\/produit\/biodisponibles\/#primaryimage\"},\"thumbnailUrl\":\"https:\/\/www.istegroup.com\/wp-content\/uploads\/2018\/01\/Tusseau_Front-scaled.jpg\",\"datePublished\":\"2018-01-28T09:32:22+00:00\",\"dateModified\":\"2024-01-03T13:41:20+00:00\",\"description\":\"Cet ouvrage examine ce que retiennent les organismes des environnements, ou plus sp\u00e9cifiquement des exposomes auxquels ils sont soumis tout au long de leur vie. L\u2019int\u00e9r\u00eat est de d\u00e9couvrir si l\u2019analyse de leur contamination interne nous renseigne de fa\u00e7on fiable sur la biodisponibilit\u00e9 des contaminants. Il explore \u00e9galement les avantages et limites des alternatives techniques cens\u00e9es reproduire artificiellement la biodisponibilit\u00e9.\",\"breadcrumb\":{\"@id\":\"https:\/\/www.istegroup.com\/en\/produit\/biodisponibles\/#breadcrumb\"},\"inLanguage\":\"fr-FR\",\"potentialAction\":[{\"@type\":\"ReadAction\",\"target\":[\"https:\/\/www.istegroup.com\/en\/produit\/biodisponibles\/\"]}]},{\"@type\":\"ImageObject\",\"inLanguage\":\"fr-FR\",\"@id\":\"https:\/\/www.istegroup.com\/en\/produit\/biodisponibles\/#primaryimage\",\"url\":\"https:\/\/www.istegroup.com\/wp-content\/uploads\/2018\/01\/Tusseau_Front-scaled.jpg\",\"contentUrl\":\"https:\/\/www.istegroup.com\/wp-content\/uploads\/2018\/01\/Tusseau_Front-scaled.jpg\",\"width\":1675,\"height\":2560,\"caption\":\"Une histoire entre le vivant et son exposome\"},{\"@type\":\"BreadcrumbList\",\"@id\":\"https:\/\/www.istegroup.com\/en\/produit\/biodisponibles\/#breadcrumb\",\"itemListElement\":[{\"@type\":\"ListItem\",\"position\":1,\"name\":\"Home\",\"item\":\"https:\/\/www.istegroup.com\/\"},{\"@type\":\"ListItem\",\"position\":2,\"name\":\"Shop\",\"item\":\"https:\/\/www.istegroup.com\/fr\/nouveautes\/\"},{\"@type\":\"ListItem\",\"position\":3,\"name\":\"Biodisponibles\"}]},{\"@type\":\"WebSite\",\"@id\":\"https:\/\/www.istegroup.com\/#website\",\"url\":\"https:\/\/www.istegroup.com\/\",\"name\":\"ISTE Group\",\"description\":\"\u00c9diteur des Sciences\",\"potentialAction\":[{\"@type\":\"SearchAction\",\"target\":{\"@type\":\"EntryPoint\",\"urlTemplate\":\"https:\/\/www.istegroup.com\/?s={search_term_string}\"},\"query-input\":{\"@type\":\"PropertyValueSpecification\",\"valueRequired\":true,\"valueName\":\"search_term_string\"}}],\"inLanguage\":\"fr-FR\"}]}<\/script>\n<!-- \/ Yoast SEO plugin. -->","yoast_head_json":{"title":"Biodisponibles - ISTE Group","description":"Cet ouvrage examine ce que retiennent les organismes des environnements, ou plus sp\u00e9cifiquement des exposomes auxquels ils sont soumis tout au long de leur vie. L\u2019int\u00e9r\u00eat est de d\u00e9couvrir si l\u2019analyse de leur contamination interne nous renseigne de fa\u00e7on fiable sur la biodisponibilit\u00e9 des contaminants. Il explore \u00e9galement les avantages et limites des alternatives techniques cens\u00e9es reproduire artificiellement la biodisponibilit\u00e9.","robots":{"index":"index","follow":"follow","max-snippet":"max-snippet:-1","max-image-preview":"max-image-preview:large","max-video-preview":"max-video-preview:-1"},"canonical":"https:\/\/www.istegroup.com\/en\/produit\/biodisponibles\/","og_locale":"fr_FR","og_type":"article","og_title":"Biodisponibles - ISTE Group","og_description":"Cet ouvrage examine ce que retiennent les organismes des environnements, ou plus sp\u00e9cifiquement des exposomes auxquels ils sont soumis tout au long de leur vie. L\u2019int\u00e9r\u00eat est de d\u00e9couvrir si l\u2019analyse de leur contamination interne nous renseigne de fa\u00e7on fiable sur la biodisponibilit\u00e9 des contaminants. Il explore \u00e9galement les avantages et limites des alternatives techniques cens\u00e9es reproduire artificiellement la biodisponibilit\u00e9.","og_url":"https:\/\/www.istegroup.com\/en\/produit\/biodisponibles\/","og_site_name":"ISTE Group","article_modified_time":"2024-01-03T13:41:20+00:00","og_image":[{"width":1675,"height":2560,"url":"https:\/\/www.istegroup.com\/wp-content\/uploads\/2018\/01\/Tusseau_Front-scaled.jpg","type":"image\/jpeg"}],"twitter_card":"summary_large_image","twitter_misc":{"Est. reading time":"1 minute"},"schema":{"@context":"https:\/\/schema.org","@graph":[{"@type":"WebPage","@id":"https:\/\/www.istegroup.com\/en\/produit\/biodisponibles\/","url":"https:\/\/www.istegroup.com\/en\/produit\/biodisponibles\/","name":"Biodisponibles - ISTE Group","isPartOf":{"@id":"https:\/\/www.istegroup.com\/#website"},"primaryImageOfPage":{"@id":"https:\/\/www.istegroup.com\/en\/produit\/biodisponibles\/#primaryimage"},"image":{"@id":"https:\/\/www.istegroup.com\/en\/produit\/biodisponibles\/#primaryimage"},"thumbnailUrl":"https:\/\/www.istegroup.com\/wp-content\/uploads\/2018\/01\/Tusseau_Front-scaled.jpg","datePublished":"2018-01-28T09:32:22+00:00","dateModified":"2024-01-03T13:41:20+00:00","description":"Cet ouvrage examine ce que retiennent les organismes des environnements, ou plus sp\u00e9cifiquement des exposomes auxquels ils sont soumis tout au long de leur vie. L\u2019int\u00e9r\u00eat est de d\u00e9couvrir si l\u2019analyse de leur contamination interne nous renseigne de fa\u00e7on fiable sur la biodisponibilit\u00e9 des contaminants. Il explore \u00e9galement les avantages et limites des alternatives techniques cens\u00e9es reproduire artificiellement la biodisponibilit\u00e9.","breadcrumb":{"@id":"https:\/\/www.istegroup.com\/en\/produit\/biodisponibles\/#breadcrumb"},"inLanguage":"fr-FR","potentialAction":[{"@type":"ReadAction","target":["https:\/\/www.istegroup.com\/en\/produit\/biodisponibles\/"]}]},{"@type":"ImageObject","inLanguage":"fr-FR","@id":"https:\/\/www.istegroup.com\/en\/produit\/biodisponibles\/#primaryimage","url":"https:\/\/www.istegroup.com\/wp-content\/uploads\/2018\/01\/Tusseau_Front-scaled.jpg","contentUrl":"https:\/\/www.istegroup.com\/wp-content\/uploads\/2018\/01\/Tusseau_Front-scaled.jpg","width":1675,"height":2560,"caption":"Une histoire entre le vivant et son exposome"},{"@type":"BreadcrumbList","@id":"https:\/\/www.istegroup.com\/en\/produit\/biodisponibles\/#breadcrumb","itemListElement":[{"@type":"ListItem","position":1,"name":"Home","item":"https:\/\/www.istegroup.com\/"},{"@type":"ListItem","position":2,"name":"Shop","item":"https:\/\/www.istegroup.com\/fr\/nouveautes\/"},{"@type":"ListItem","position":3,"name":"Biodisponibles"}]},{"@type":"WebSite","@id":"https:\/\/www.istegroup.com\/#website","url":"https:\/\/www.istegroup.com\/","name":"ISTE Group","description":"\u00c9diteur des Sciences","potentialAction":[{"@type":"SearchAction","target":{"@type":"EntryPoint","urlTemplate":"https:\/\/www.istegroup.com\/?s={search_term_string}"},"query-input":{"@type":"PropertyValueSpecification","valueRequired":true,"valueName":"search_term_string"}}],"inLanguage":"fr-FR"}]}},"_links":{"self":[{"href":"https:\/\/www.istegroup.com\/fr\/wp-json\/wp\/v2\/product\/9176","targetHints":{"allow":["GET"]}}],"collection":[{"href":"https:\/\/www.istegroup.com\/fr\/wp-json\/wp\/v2\/product"}],"about":[{"href":"https:\/\/www.istegroup.com\/fr\/wp-json\/wp\/v2\/types\/product"}],"wp:featuredmedia":[{"embeddable":true,"href":"https:\/\/www.istegroup.com\/fr\/wp-json\/wp\/v2\/media\/9186"}],"wp:attachment":[{"href":"https:\/\/www.istegroup.com\/fr\/wp-json\/wp\/v2\/media?parent=9176"}],"wp:term":[{"taxonomy":"product_brand","embeddable":true,"href":"https:\/\/www.istegroup.com\/fr\/wp-json\/wp\/v2\/product_brand?post=9176"},{"taxonomy":"product_cat","embeddable":true,"href":"https:\/\/www.istegroup.com\/fr\/wp-json\/wp\/v2\/product_cat?post=9176"},{"taxonomy":"product_tag","embeddable":true,"href":"https:\/\/www.istegroup.com\/fr\/wp-json\/wp\/v2\/product_tag?post=9176"}],"curies":[{"name":"wp","href":"https:\/\/api.w.org\/{rel}","templated":true}]}}