{"id":9166,"date":"2018-02-28T10:32:21","date_gmt":"2018-02-28T09:32:21","guid":{"rendered":"https:\/\/iste.yhello.co\/?post_type=product&#038;p=9166"},"modified":"2024-01-03T13:41:20","modified_gmt":"2024-01-03T13:41:20","slug":"ouvrages-de-genie-civil-selon-les-eurocodes","status":"publish","type":"product","link":"https:\/\/www.istegroup.com\/fr\/produit\/ouvrages-de-genie-civil-selon-les-eurocodes\/","title":{"rendered":"Ouvrages de g\u00e9nie civil selon les Eurocodes"},"content":{"rendered":"<p>\u00ab La pr\u00e9sente norme suppose que la structure, apr\u00e8s ach\u00e8vement, est utilis\u00e9e comme pr\u00e9vu au projet et soumise \u00e0 inspection programm\u00e9e et \u00e0 l\u2019entretien n\u00e9cessaire pour respecter la \u201cdur\u00e9e de vie de projet pr\u00e9vue\u201d et permettre de d\u00e9tecter toute faiblesse ou comportement impr\u00e9vu \u00bb (EN 13670 \u00a74.1)<\/p>\n<p>Un facteur de d\u00e9cision important dans la conception des nouvelles structures et les r\u00e9parations de celles existantes est la dur\u00e9e de vie ou dur\u00e9e de service escompt\u00e9e. Cette notion, commune aux ouvrages d\u2019art, a \u00e9t\u00e9 \u00e9tendue \u00e0 l\u2019ensemble des travaux de g\u00e9nie et de b\u00e2timent par l\u2019application des Codes europ\u00e9ens de dimensionnement des structures.<\/p>\n<p><em>Ouvrages de g\u00e9nie civil selon les Eurocodes<\/em>\u00a0examine les m\u00e9thodologies d\u2019inspection aff\u00e9rentes \u00e0 chaque type d\u2019ouvrages de g\u00e9nie civil, les diverses pathologies des structures en b\u00e9ton et donne des exemples de r\u00e9daction de rapports.<\/p>\n","protected":false},"excerpt":{"rendered":"<p>\u00ab La pr\u00e9sente norme suppose que la structure, apr\u00e8s ach\u00e8vement, est utilis\u00e9e comme pr\u00e9vu au projet et soumise \u00e0 inspection programm\u00e9e et \u00e0 l\u2019entretien n\u00e9cessaire pour respecter la \u201cdur\u00e9e de vie de projet pr\u00e9vue\u201d et permettre de d\u00e9tecter toute faiblesse ou comportement impr\u00e9vu \u00bb (EN 13670 \u00a74.1) Un facteur de d\u00e9cision important dans la conception [&hellip;]<\/p>\n","protected":false},"featured_media":9170,"template":"","meta":{"_acf_changed":false,"_links_to":"","_links_to_target":""},"product_brand":[],"product_cat":[3259],"product_tag":[],"class_list":{"0":"post-9166","1":"product","2":"type-product","3":"status-publish","4":"has-post-thumbnail","6":"product_cat-uncategorized","8":"first","9":"instock","10":"shipping-taxable","11":"purchasable","12":"product-type-variable"},"acf":[],"yoast_head":"<!-- This site is optimized with the Yoast SEO plugin v27.2 - https:\/\/yoast.com\/product\/yoast-seo-wordpress\/ -->\n<title>Ouvrages de g\u00e9nie civil selon les Eurocodes - ISTE Group<\/title>\n<meta name=\"description\" content=\"Ouvrages de g\u00e9nie civil selon les Eurocodes\u00a0examine les m\u00e9thodologies d\u2019inspection aff\u00e9rentes \u00e0 chaque type d\u2019ouvrages de g\u00e9nie civil, les diverses pathologies des structures en b\u00e9ton et donne des exemples de r\u00e9daction de rapports.\" \/>\n<meta name=\"robots\" content=\"index, follow, max-snippet:-1, max-image-preview:large, max-video-preview:-1\" \/>\n<link rel=\"canonical\" href=\"https:\/\/www.istegroup.com\/fr\/produit\/ouvrages-de-genie-civil-selon-les-eurocodes\/\" \/>\n<meta property=\"og:locale\" content=\"fr_FR\" \/>\n<meta property=\"og:type\" content=\"article\" \/>\n<meta property=\"og:title\" content=\"Ouvrages de g\u00e9nie civil selon les Eurocodes - ISTE Group\" \/>\n<meta property=\"og:description\" content=\"Ouvrages de g\u00e9nie civil selon les Eurocodes\u00a0examine les m\u00e9thodologies d\u2019inspection aff\u00e9rentes \u00e0 chaque type d\u2019ouvrages de g\u00e9nie civil, les diverses pathologies des structures en b\u00e9ton et donne des exemples de r\u00e9daction de rapports.\" \/>\n<meta property=\"og:url\" content=\"https:\/\/www.istegroup.com\/fr\/produit\/ouvrages-de-genie-civil-selon-les-eurocodes\/\" \/>\n<meta property=\"og:site_name\" content=\"ISTE Group\" \/>\n<meta property=\"article:modified_time\" content=\"2024-01-03T13:41:20+00:00\" \/>\n<meta property=\"og:image\" content=\"https:\/\/www.istegroup.com\/wp-content\/uploads\/2018\/01\/Lauzin_Front-scaled.jpg\" \/>\n\t<meta property=\"og:image:width\" content=\"1702\" \/>\n\t<meta property=\"og:image:height\" content=\"2560\" \/>\n\t<meta property=\"og:image:type\" content=\"image\/jpeg\" \/>\n<meta name=\"twitter:card\" content=\"summary_large_image\" \/>\n<meta name=\"twitter:label1\" content=\"Est. reading time\" \/>\n\t<meta name=\"twitter:data1\" content=\"1 minute\" \/>\n<script type=\"application\/ld+json\" class=\"yoast-schema-graph\">{\"@context\":\"https:\/\/schema.org\",\"@graph\":[{\"@type\":\"WebPage\",\"@id\":\"https:\/\/www.istegroup.com\/fr\/produit\/ouvrages-de-genie-civil-selon-les-eurocodes\/\",\"url\":\"https:\/\/www.istegroup.com\/fr\/produit\/ouvrages-de-genie-civil-selon-les-eurocodes\/\",\"name\":\"Ouvrages de g\u00e9nie civil selon les Eurocodes - ISTE Group\",\"isPartOf\":{\"@id\":\"https:\/\/www.istegroup.com\/#website\"},\"primaryImageOfPage\":{\"@id\":\"https:\/\/www.istegroup.com\/fr\/produit\/ouvrages-de-genie-civil-selon-les-eurocodes\/#primaryimage\"},\"image\":{\"@id\":\"https:\/\/www.istegroup.com\/fr\/produit\/ouvrages-de-genie-civil-selon-les-eurocodes\/#primaryimage\"},\"thumbnailUrl\":\"https:\/\/www.istegroup.com\/wp-content\/uploads\/2018\/01\/Lauzin_Front-scaled.jpg\",\"datePublished\":\"2018-02-28T09:32:21+00:00\",\"dateModified\":\"2024-01-03T13:41:20+00:00\",\"description\":\"Ouvrages de g\u00e9nie civil selon les Eurocodes\u00a0examine les m\u00e9thodologies d\u2019inspection aff\u00e9rentes \u00e0 chaque type d\u2019ouvrages de g\u00e9nie civil, les diverses pathologies des structures en b\u00e9ton et donne des exemples de r\u00e9daction de rapports.\",\"breadcrumb\":{\"@id\":\"https:\/\/www.istegroup.com\/fr\/produit\/ouvrages-de-genie-civil-selon-les-eurocodes\/#breadcrumb\"},\"inLanguage\":\"fr-FR\",\"potentialAction\":[{\"@type\":\"ReadAction\",\"target\":[\"https:\/\/www.istegroup.com\/fr\/produit\/ouvrages-de-genie-civil-selon-les-eurocodes\/\"]}]},{\"@type\":\"ImageObject\",\"inLanguage\":\"fr-FR\",\"@id\":\"https:\/\/www.istegroup.com\/fr\/produit\/ouvrages-de-genie-civil-selon-les-eurocodes\/#primaryimage\",\"url\":\"https:\/\/www.istegroup.com\/wp-content\/uploads\/2018\/01\/Lauzin_Front-scaled.jpg\",\"contentUrl\":\"https:\/\/www.istegroup.com\/wp-content\/uploads\/2018\/01\/Lauzin_Front-scaled.jpg\",\"width\":1702,\"height\":2560,\"caption\":\"Inspection et maintenance\"},{\"@type\":\"BreadcrumbList\",\"@id\":\"https:\/\/www.istegroup.com\/fr\/produit\/ouvrages-de-genie-civil-selon-les-eurocodes\/#breadcrumb\",\"itemListElement\":[{\"@type\":\"ListItem\",\"position\":1,\"name\":\"Home\",\"item\":\"https:\/\/www.istegroup.com\/\"},{\"@type\":\"ListItem\",\"position\":2,\"name\":\"Shop\",\"item\":\"https:\/\/www.istegroup.com\/fr\/nouveautes\/\"},{\"@type\":\"ListItem\",\"position\":3,\"name\":\"Ouvrages de g\u00e9nie civil selon les Eurocodes\"}]},{\"@type\":\"WebSite\",\"@id\":\"https:\/\/www.istegroup.com\/#website\",\"url\":\"https:\/\/www.istegroup.com\/\",\"name\":\"ISTE Group\",\"description\":\"\u00c9diteur des Sciences\",\"potentialAction\":[{\"@type\":\"SearchAction\",\"target\":{\"@type\":\"EntryPoint\",\"urlTemplate\":\"https:\/\/www.istegroup.com\/?s={search_term_string}\"},\"query-input\":{\"@type\":\"PropertyValueSpecification\",\"valueRequired\":true,\"valueName\":\"search_term_string\"}}],\"inLanguage\":\"fr-FR\"}]}<\/script>\n<!-- \/ Yoast SEO plugin. -->","yoast_head_json":{"title":"Ouvrages de g\u00e9nie civil selon les Eurocodes - ISTE Group","description":"Ouvrages de g\u00e9nie civil selon les Eurocodes\u00a0examine les m\u00e9thodologies d\u2019inspection aff\u00e9rentes \u00e0 chaque type d\u2019ouvrages de g\u00e9nie civil, les diverses pathologies des structures en b\u00e9ton et donne des exemples de r\u00e9daction de rapports.","robots":{"index":"index","follow":"follow","max-snippet":"max-snippet:-1","max-image-preview":"max-image-preview:large","max-video-preview":"max-video-preview:-1"},"canonical":"https:\/\/www.istegroup.com\/fr\/produit\/ouvrages-de-genie-civil-selon-les-eurocodes\/","og_locale":"fr_FR","og_type":"article","og_title":"Ouvrages de g\u00e9nie civil selon les Eurocodes - ISTE Group","og_description":"Ouvrages de g\u00e9nie civil selon les Eurocodes\u00a0examine les m\u00e9thodologies d\u2019inspection aff\u00e9rentes \u00e0 chaque type d\u2019ouvrages de g\u00e9nie civil, les diverses pathologies des structures en b\u00e9ton et donne des exemples de r\u00e9daction de rapports.","og_url":"https:\/\/www.istegroup.com\/fr\/produit\/ouvrages-de-genie-civil-selon-les-eurocodes\/","og_site_name":"ISTE Group","article_modified_time":"2024-01-03T13:41:20+00:00","og_image":[{"width":1702,"height":2560,"url":"https:\/\/www.istegroup.com\/wp-content\/uploads\/2018\/01\/Lauzin_Front-scaled.jpg","type":"image\/jpeg"}],"twitter_card":"summary_large_image","twitter_misc":{"Est. reading time":"1 minute"},"schema":{"@context":"https:\/\/schema.org","@graph":[{"@type":"WebPage","@id":"https:\/\/www.istegroup.com\/fr\/produit\/ouvrages-de-genie-civil-selon-les-eurocodes\/","url":"https:\/\/www.istegroup.com\/fr\/produit\/ouvrages-de-genie-civil-selon-les-eurocodes\/","name":"Ouvrages de g\u00e9nie civil selon les Eurocodes - ISTE Group","isPartOf":{"@id":"https:\/\/www.istegroup.com\/#website"},"primaryImageOfPage":{"@id":"https:\/\/www.istegroup.com\/fr\/produit\/ouvrages-de-genie-civil-selon-les-eurocodes\/#primaryimage"},"image":{"@id":"https:\/\/www.istegroup.com\/fr\/produit\/ouvrages-de-genie-civil-selon-les-eurocodes\/#primaryimage"},"thumbnailUrl":"https:\/\/www.istegroup.com\/wp-content\/uploads\/2018\/01\/Lauzin_Front-scaled.jpg","datePublished":"2018-02-28T09:32:21+00:00","dateModified":"2024-01-03T13:41:20+00:00","description":"Ouvrages de g\u00e9nie civil selon les Eurocodes\u00a0examine les m\u00e9thodologies d\u2019inspection aff\u00e9rentes \u00e0 chaque type d\u2019ouvrages de g\u00e9nie civil, les diverses pathologies des structures en b\u00e9ton et donne des exemples de r\u00e9daction de rapports.","breadcrumb":{"@id":"https:\/\/www.istegroup.com\/fr\/produit\/ouvrages-de-genie-civil-selon-les-eurocodes\/#breadcrumb"},"inLanguage":"fr-FR","potentialAction":[{"@type":"ReadAction","target":["https:\/\/www.istegroup.com\/fr\/produit\/ouvrages-de-genie-civil-selon-les-eurocodes\/"]}]},{"@type":"ImageObject","inLanguage":"fr-FR","@id":"https:\/\/www.istegroup.com\/fr\/produit\/ouvrages-de-genie-civil-selon-les-eurocodes\/#primaryimage","url":"https:\/\/www.istegroup.com\/wp-content\/uploads\/2018\/01\/Lauzin_Front-scaled.jpg","contentUrl":"https:\/\/www.istegroup.com\/wp-content\/uploads\/2018\/01\/Lauzin_Front-scaled.jpg","width":1702,"height":2560,"caption":"Inspection et maintenance"},{"@type":"BreadcrumbList","@id":"https:\/\/www.istegroup.com\/fr\/produit\/ouvrages-de-genie-civil-selon-les-eurocodes\/#breadcrumb","itemListElement":[{"@type":"ListItem","position":1,"name":"Home","item":"https:\/\/www.istegroup.com\/"},{"@type":"ListItem","position":2,"name":"Shop","item":"https:\/\/www.istegroup.com\/fr\/nouveautes\/"},{"@type":"ListItem","position":3,"name":"Ouvrages de g\u00e9nie civil selon les Eurocodes"}]},{"@type":"WebSite","@id":"https:\/\/www.istegroup.com\/#website","url":"https:\/\/www.istegroup.com\/","name":"ISTE Group","description":"\u00c9diteur des Sciences","potentialAction":[{"@type":"SearchAction","target":{"@type":"EntryPoint","urlTemplate":"https:\/\/www.istegroup.com\/?s={search_term_string}"},"query-input":{"@type":"PropertyValueSpecification","valueRequired":true,"valueName":"search_term_string"}}],"inLanguage":"fr-FR"}]}},"_links":{"self":[{"href":"https:\/\/www.istegroup.com\/fr\/wp-json\/wp\/v2\/product\/9166","targetHints":{"allow":["GET"]}}],"collection":[{"href":"https:\/\/www.istegroup.com\/fr\/wp-json\/wp\/v2\/product"}],"about":[{"href":"https:\/\/www.istegroup.com\/fr\/wp-json\/wp\/v2\/types\/product"}],"wp:featuredmedia":[{"embeddable":true,"href":"https:\/\/www.istegroup.com\/fr\/wp-json\/wp\/v2\/media\/9170"}],"wp:attachment":[{"href":"https:\/\/www.istegroup.com\/fr\/wp-json\/wp\/v2\/media?parent=9166"}],"wp:term":[{"taxonomy":"product_brand","embeddable":true,"href":"https:\/\/www.istegroup.com\/fr\/wp-json\/wp\/v2\/product_brand?post=9166"},{"taxonomy":"product_cat","embeddable":true,"href":"https:\/\/www.istegroup.com\/fr\/wp-json\/wp\/v2\/product_cat?post=9166"},{"taxonomy":"product_tag","embeddable":true,"href":"https:\/\/www.istegroup.com\/fr\/wp-json\/wp\/v2\/product_tag?post=9166"}],"curies":[{"name":"wp","href":"https:\/\/api.w.org\/{rel}","templated":true}]}}