{"id":9083,"date":"2018-01-12T16:37:27","date_gmt":"2018-01-12T15:37:27","guid":{"rendered":"https:\/\/iste.yhello.co\/?post_type=product&#038;p=9083"},"modified":"2024-01-03T13:41:20","modified_gmt":"2024-01-03T13:41:20","slug":"synthese-de-ser-pour-la-technologie-rfid-sans-puce-a-forte-capacite-de-codage","status":"publish","type":"product","link":"https:\/\/www.istegroup.com\/fr\/produit\/synthese-de-ser-pour-la-technologie-rfid-sans-puce-a-forte-capacite-de-codage\/","title":{"rendered":"Synth\u00e8se de SER pour la technologie RFID sans puce \u00e0 forte capacit\u00e9 de codage"},"content":{"rendered":"<p>L\u2019expansion consid\u00e9rable de la RFID s\u2019accompagne actuellement du d\u00e9veloppement de nombreuses technologies d\u2019identification qui compl\u00e8tent celles d\u00e9j\u00e0 pr\u00e9sentes tout en cherchant \u00e0 r\u00e9pondre \u00e0 de nouvelles probl\u00e9matiques.<\/p>\n<p>La RFID sans puce en est un exemple. L\u2019objectif est de r\u00e9duire de fa\u00e7on significative le prix du tag ainsi que d\u2019augmenter la quantit\u00e9 d\u2019informations qu\u2019il contient afin de concurrencer le code-barres tout en conservant les b\u00e9n\u00e9fices d\u2019une approche de lecture flexible bas\u00e9e sur une communication par ondes radio.<\/p>\n<p>Pour r\u00e9pondre \u00e0 la probl\u00e9matique du nombre de bits,\u00a0<em>Synth\u00e8se de SER pour la technologie RFID sans puce \u00e0 forte capacit\u00e9 de codage<\/em>\u00a0examine la possibilit\u00e9 de coder l\u2019information au niveau de la forme globale du RCS du tag. La m\u00e9thodologie de conception propos\u00e9e r\u00e9gularise le probl\u00e8me en d\u00e9composant la signature sur une base de motifs \u00e9l\u00e9mentaires dont la signature est choisie par avance.<\/p>\n","protected":false},"excerpt":{"rendered":"<p>L\u2019expansion consid\u00e9rable de la RFID s\u2019accompagne actuellement du d\u00e9veloppement de nombreuses technologies d\u2019identification qui compl\u00e8tent celles d\u00e9j\u00e0 pr\u00e9sentes tout en cherchant \u00e0 r\u00e9pondre \u00e0 de nouvelles probl\u00e9matiques. La RFID sans puce en est un exemple. L\u2019objectif est de r\u00e9duire de fa\u00e7on significative le prix du tag ainsi que d\u2019augmenter la quantit\u00e9 d\u2019informations qu\u2019il contient afin [&hellip;]<\/p>\n","protected":false},"featured_media":9091,"template":"","meta":{"_acf_changed":false,"_links_to":"","_links_to_target":""},"product_brand":[],"product_cat":[3259],"product_tag":[],"class_list":{"0":"post-9083","1":"product","2":"type-product","3":"status-publish","4":"has-post-thumbnail","6":"product_cat-uncategorized","8":"first","9":"instock","10":"shipping-taxable","11":"purchasable","12":"product-type-variable"},"acf":[],"yoast_head":"<!-- This site is optimized with the Yoast SEO plugin v27.2 - https:\/\/yoast.com\/product\/yoast-seo-wordpress\/ -->\n<title>Synth\u00e8se de SER pour la technologie RFID sans puce \u00e0 forte capacit\u00e9 de codage - ISTE Group<\/title>\n<meta name=\"description\" content=\"Synth\u00e8se de SER pour la technologie RFID sans puce \u00e0 forte capacit\u00e9 de codage\u00a0examine la possibilit\u00e9 de coder l\u2019information au niveau de la forme globale du RCS du tag. La m\u00e9thodologie de conception propos\u00e9e r\u00e9gularise le probl\u00e8me en d\u00e9composant la signature sur une base de motifs \u00e9l\u00e9mentaires dont la signature est choisie par avance.\" \/>\n<meta name=\"robots\" content=\"index, follow, max-snippet:-1, max-image-preview:large, max-video-preview:-1\" \/>\n<link rel=\"canonical\" href=\"https:\/\/www.istegroup.com\/fr\/produit\/synthese-de-ser-pour-la-technologie-rfid-sans-puce-a-forte-capacite-de-codage\/\" \/>\n<meta property=\"og:locale\" content=\"fr_FR\" \/>\n<meta property=\"og:type\" content=\"article\" \/>\n<meta property=\"og:title\" content=\"Synth\u00e8se de SER pour la technologie RFID sans puce \u00e0 forte capacit\u00e9 de codage - ISTE Group\" \/>\n<meta property=\"og:description\" content=\"Synth\u00e8se de SER pour la technologie RFID sans puce \u00e0 forte capacit\u00e9 de codage\u00a0examine la possibilit\u00e9 de coder l\u2019information au niveau de la forme globale du RCS du tag. La m\u00e9thodologie de conception propos\u00e9e r\u00e9gularise le probl\u00e8me en d\u00e9composant la signature sur une base de motifs \u00e9l\u00e9mentaires dont la signature est choisie par avance.\" \/>\n<meta property=\"og:url\" content=\"https:\/\/www.istegroup.com\/fr\/produit\/synthese-de-ser-pour-la-technologie-rfid-sans-puce-a-forte-capacite-de-codage\/\" \/>\n<meta property=\"og:site_name\" content=\"ISTE Group\" \/>\n<meta property=\"article:modified_time\" content=\"2024-01-03T13:41:20+00:00\" \/>\n<meta property=\"og:image\" content=\"https:\/\/www.istegroup.com\/wp-content\/uploads\/2018\/01\/Rance-Cover_Front-scaled.jpg\" \/>\n\t<meta property=\"og:image:width\" content=\"1671\" \/>\n\t<meta property=\"og:image:height\" content=\"2560\" \/>\n\t<meta property=\"og:image:type\" content=\"image\/jpeg\" \/>\n<meta name=\"twitter:card\" content=\"summary_large_image\" \/>\n<meta name=\"twitter:label1\" content=\"Est. reading time\" \/>\n\t<meta name=\"twitter:data1\" content=\"1 minute\" \/>\n<script type=\"application\/ld+json\" class=\"yoast-schema-graph\">{\"@context\":\"https:\/\/schema.org\",\"@graph\":[{\"@type\":\"WebPage\",\"@id\":\"https:\/\/www.istegroup.com\/fr\/produit\/synthese-de-ser-pour-la-technologie-rfid-sans-puce-a-forte-capacite-de-codage\/\",\"url\":\"https:\/\/www.istegroup.com\/fr\/produit\/synthese-de-ser-pour-la-technologie-rfid-sans-puce-a-forte-capacite-de-codage\/\",\"name\":\"Synth\u00e8se de SER pour la technologie RFID sans puce \u00e0 forte capacit\u00e9 de codage - ISTE Group\",\"isPartOf\":{\"@id\":\"https:\/\/www.istegroup.com\/#website\"},\"primaryImageOfPage\":{\"@id\":\"https:\/\/www.istegroup.com\/fr\/produit\/synthese-de-ser-pour-la-technologie-rfid-sans-puce-a-forte-capacite-de-codage\/#primaryimage\"},\"image\":{\"@id\":\"https:\/\/www.istegroup.com\/fr\/produit\/synthese-de-ser-pour-la-technologie-rfid-sans-puce-a-forte-capacite-de-codage\/#primaryimage\"},\"thumbnailUrl\":\"https:\/\/www.istegroup.com\/wp-content\/uploads\/2018\/01\/Rance-Cover_Front-scaled.jpg\",\"datePublished\":\"2018-01-12T15:37:27+00:00\",\"dateModified\":\"2024-01-03T13:41:20+00:00\",\"description\":\"Synth\u00e8se de SER pour la technologie RFID sans puce \u00e0 forte capacit\u00e9 de codage\u00a0examine la possibilit\u00e9 de coder l\u2019information au niveau de la forme globale du RCS du tag. La m\u00e9thodologie de conception propos\u00e9e r\u00e9gularise le probl\u00e8me en d\u00e9composant la signature sur une base de motifs \u00e9l\u00e9mentaires dont la signature est choisie par avance.\",\"breadcrumb\":{\"@id\":\"https:\/\/www.istegroup.com\/fr\/produit\/synthese-de-ser-pour-la-technologie-rfid-sans-puce-a-forte-capacite-de-codage\/#breadcrumb\"},\"inLanguage\":\"fr-FR\",\"potentialAction\":[{\"@type\":\"ReadAction\",\"target\":[\"https:\/\/www.istegroup.com\/fr\/produit\/synthese-de-ser-pour-la-technologie-rfid-sans-puce-a-forte-capacite-de-codage\/\"]}]},{\"@type\":\"ImageObject\",\"inLanguage\":\"fr-FR\",\"@id\":\"https:\/\/www.istegroup.com\/fr\/produit\/synthese-de-ser-pour-la-technologie-rfid-sans-puce-a-forte-capacite-de-codage\/#primaryimage\",\"url\":\"https:\/\/www.istegroup.com\/wp-content\/uploads\/2018\/01\/Rance-Cover_Front-scaled.jpg\",\"contentUrl\":\"https:\/\/www.istegroup.com\/wp-content\/uploads\/2018\/01\/Rance-Cover_Front-scaled.jpg\",\"width\":1671,\"height\":2560,\"caption\":\"Synth\u00e8se de SER pour la technologie RFID sans puce \u00e0 forte capacit\u00e9 de codage\"},{\"@type\":\"BreadcrumbList\",\"@id\":\"https:\/\/www.istegroup.com\/fr\/produit\/synthese-de-ser-pour-la-technologie-rfid-sans-puce-a-forte-capacite-de-codage\/#breadcrumb\",\"itemListElement\":[{\"@type\":\"ListItem\",\"position\":1,\"name\":\"Home\",\"item\":\"https:\/\/www.istegroup.com\/\"},{\"@type\":\"ListItem\",\"position\":2,\"name\":\"Shop\",\"item\":\"https:\/\/www.istegroup.com\/fr\/nouveautes\/\"},{\"@type\":\"ListItem\",\"position\":3,\"name\":\"Synth\u00e8se de SER pour la technologie RFID sans puce \u00e0 forte capacit\u00e9 de codage\"}]},{\"@type\":\"WebSite\",\"@id\":\"https:\/\/www.istegroup.com\/#website\",\"url\":\"https:\/\/www.istegroup.com\/\",\"name\":\"ISTE Group\",\"description\":\"\u00c9diteur des Sciences\",\"potentialAction\":[{\"@type\":\"SearchAction\",\"target\":{\"@type\":\"EntryPoint\",\"urlTemplate\":\"https:\/\/www.istegroup.com\/?s={search_term_string}\"},\"query-input\":{\"@type\":\"PropertyValueSpecification\",\"valueRequired\":true,\"valueName\":\"search_term_string\"}}],\"inLanguage\":\"fr-FR\"}]}<\/script>\n<!-- \/ Yoast SEO plugin. -->","yoast_head_json":{"title":"Synth\u00e8se de SER pour la technologie RFID sans puce \u00e0 forte capacit\u00e9 de codage - ISTE Group","description":"Synth\u00e8se de SER pour la technologie RFID sans puce \u00e0 forte capacit\u00e9 de codage\u00a0examine la possibilit\u00e9 de coder l\u2019information au niveau de la forme globale du RCS du tag. La m\u00e9thodologie de conception propos\u00e9e r\u00e9gularise le probl\u00e8me en d\u00e9composant la signature sur une base de motifs \u00e9l\u00e9mentaires dont la signature est choisie par avance.","robots":{"index":"index","follow":"follow","max-snippet":"max-snippet:-1","max-image-preview":"max-image-preview:large","max-video-preview":"max-video-preview:-1"},"canonical":"https:\/\/www.istegroup.com\/fr\/produit\/synthese-de-ser-pour-la-technologie-rfid-sans-puce-a-forte-capacite-de-codage\/","og_locale":"fr_FR","og_type":"article","og_title":"Synth\u00e8se de SER pour la technologie RFID sans puce \u00e0 forte capacit\u00e9 de codage - ISTE Group","og_description":"Synth\u00e8se de SER pour la technologie RFID sans puce \u00e0 forte capacit\u00e9 de codage\u00a0examine la possibilit\u00e9 de coder l\u2019information au niveau de la forme globale du RCS du tag. La m\u00e9thodologie de conception propos\u00e9e r\u00e9gularise le probl\u00e8me en d\u00e9composant la signature sur une base de motifs \u00e9l\u00e9mentaires dont la signature est choisie par avance.","og_url":"https:\/\/www.istegroup.com\/fr\/produit\/synthese-de-ser-pour-la-technologie-rfid-sans-puce-a-forte-capacite-de-codage\/","og_site_name":"ISTE Group","article_modified_time":"2024-01-03T13:41:20+00:00","og_image":[{"width":1671,"height":2560,"url":"https:\/\/www.istegroup.com\/wp-content\/uploads\/2018\/01\/Rance-Cover_Front-scaled.jpg","type":"image\/jpeg"}],"twitter_card":"summary_large_image","twitter_misc":{"Est. reading time":"1 minute"},"schema":{"@context":"https:\/\/schema.org","@graph":[{"@type":"WebPage","@id":"https:\/\/www.istegroup.com\/fr\/produit\/synthese-de-ser-pour-la-technologie-rfid-sans-puce-a-forte-capacite-de-codage\/","url":"https:\/\/www.istegroup.com\/fr\/produit\/synthese-de-ser-pour-la-technologie-rfid-sans-puce-a-forte-capacite-de-codage\/","name":"Synth\u00e8se de SER pour la technologie RFID sans puce \u00e0 forte capacit\u00e9 de codage - ISTE Group","isPartOf":{"@id":"https:\/\/www.istegroup.com\/#website"},"primaryImageOfPage":{"@id":"https:\/\/www.istegroup.com\/fr\/produit\/synthese-de-ser-pour-la-technologie-rfid-sans-puce-a-forte-capacite-de-codage\/#primaryimage"},"image":{"@id":"https:\/\/www.istegroup.com\/fr\/produit\/synthese-de-ser-pour-la-technologie-rfid-sans-puce-a-forte-capacite-de-codage\/#primaryimage"},"thumbnailUrl":"https:\/\/www.istegroup.com\/wp-content\/uploads\/2018\/01\/Rance-Cover_Front-scaled.jpg","datePublished":"2018-01-12T15:37:27+00:00","dateModified":"2024-01-03T13:41:20+00:00","description":"Synth\u00e8se de SER pour la technologie RFID sans puce \u00e0 forte capacit\u00e9 de codage\u00a0examine la possibilit\u00e9 de coder l\u2019information au niveau de la forme globale du RCS du tag. La m\u00e9thodologie de conception propos\u00e9e r\u00e9gularise le probl\u00e8me en d\u00e9composant la signature sur une base de motifs \u00e9l\u00e9mentaires dont la signature est choisie par avance.","breadcrumb":{"@id":"https:\/\/www.istegroup.com\/fr\/produit\/synthese-de-ser-pour-la-technologie-rfid-sans-puce-a-forte-capacite-de-codage\/#breadcrumb"},"inLanguage":"fr-FR","potentialAction":[{"@type":"ReadAction","target":["https:\/\/www.istegroup.com\/fr\/produit\/synthese-de-ser-pour-la-technologie-rfid-sans-puce-a-forte-capacite-de-codage\/"]}]},{"@type":"ImageObject","inLanguage":"fr-FR","@id":"https:\/\/www.istegroup.com\/fr\/produit\/synthese-de-ser-pour-la-technologie-rfid-sans-puce-a-forte-capacite-de-codage\/#primaryimage","url":"https:\/\/www.istegroup.com\/wp-content\/uploads\/2018\/01\/Rance-Cover_Front-scaled.jpg","contentUrl":"https:\/\/www.istegroup.com\/wp-content\/uploads\/2018\/01\/Rance-Cover_Front-scaled.jpg","width":1671,"height":2560,"caption":"Synth\u00e8se de SER pour la technologie RFID sans puce \u00e0 forte capacit\u00e9 de codage"},{"@type":"BreadcrumbList","@id":"https:\/\/www.istegroup.com\/fr\/produit\/synthese-de-ser-pour-la-technologie-rfid-sans-puce-a-forte-capacite-de-codage\/#breadcrumb","itemListElement":[{"@type":"ListItem","position":1,"name":"Home","item":"https:\/\/www.istegroup.com\/"},{"@type":"ListItem","position":2,"name":"Shop","item":"https:\/\/www.istegroup.com\/fr\/nouveautes\/"},{"@type":"ListItem","position":3,"name":"Synth\u00e8se de SER pour la technologie RFID sans puce \u00e0 forte capacit\u00e9 de codage"}]},{"@type":"WebSite","@id":"https:\/\/www.istegroup.com\/#website","url":"https:\/\/www.istegroup.com\/","name":"ISTE Group","description":"\u00c9diteur des Sciences","potentialAction":[{"@type":"SearchAction","target":{"@type":"EntryPoint","urlTemplate":"https:\/\/www.istegroup.com\/?s={search_term_string}"},"query-input":{"@type":"PropertyValueSpecification","valueRequired":true,"valueName":"search_term_string"}}],"inLanguage":"fr-FR"}]}},"_links":{"self":[{"href":"https:\/\/www.istegroup.com\/fr\/wp-json\/wp\/v2\/product\/9083","targetHints":{"allow":["GET"]}}],"collection":[{"href":"https:\/\/www.istegroup.com\/fr\/wp-json\/wp\/v2\/product"}],"about":[{"href":"https:\/\/www.istegroup.com\/fr\/wp-json\/wp\/v2\/types\/product"}],"wp:featuredmedia":[{"embeddable":true,"href":"https:\/\/www.istegroup.com\/fr\/wp-json\/wp\/v2\/media\/9091"}],"wp:attachment":[{"href":"https:\/\/www.istegroup.com\/fr\/wp-json\/wp\/v2\/media?parent=9083"}],"wp:term":[{"taxonomy":"product_brand","embeddable":true,"href":"https:\/\/www.istegroup.com\/fr\/wp-json\/wp\/v2\/product_brand?post=9083"},{"taxonomy":"product_cat","embeddable":true,"href":"https:\/\/www.istegroup.com\/fr\/wp-json\/wp\/v2\/product_cat?post=9083"},{"taxonomy":"product_tag","embeddable":true,"href":"https:\/\/www.istegroup.com\/fr\/wp-json\/wp\/v2\/product_tag?post=9083"}],"curies":[{"name":"wp","href":"https:\/\/api.w.org\/{rel}","templated":true}]}}