{"id":9073,"date":"2018-01-12T16:29:11","date_gmt":"2018-01-12T15:29:11","guid":{"rendered":"https:\/\/iste.yhello.co\/?post_type=product&#038;p=9073"},"modified":"2024-01-03T13:41:16","modified_gmt":"2024-01-03T13:41:16","slug":"methodologies-de-protection-esd","status":"publish","type":"product","link":"https:\/\/www.istegroup.com\/fr\/produit\/methodologies-de-protection-esd\/","title":{"rendered":"M\u00e9thodologies de protection ESD"},"content":{"rendered":"<p>Les d\u00e9faillances induites par les d\u00e9charges \u00e9lectrostatiques (ESD) constituent un probl\u00e8me majeur de fiabilit\u00e9 et de robustesse des circuits int\u00e9gr\u00e9s et des syst\u00e8mes \u00e9lectroniques.<\/p>\n<p>Dans certaines applications comme celles de l\u2019automobile, ce pourcentage peut \u00eatre proche de 20 %. Les probl\u00e8mes de d\u00e9faillance catastrophiques induits par des d\u00e9charges \u00e9lectrostatiques n\u2019ont commenc\u00e9 \u00e0 \u00eatre s\u00e9rieusement pris en compte qu\u2019avec l\u2019av\u00e8nement des technologies micro\u00e9lectroniques et la large diffusion de leurs applications dans notre vie quotidienne.<\/p>\n<p>Cet ouvrage examine les diverses m\u00e9thodologies de protection ESD et montre par le biais de cas concrets que la meilleure approche en termes de robustesse et de co\u00fbt consiste \u00e0 mettre en oeuvre une strat\u00e9gie globale de protection ESD. Cette approche est d\u00e9clin\u00e9e du composant au syst\u00e8me pour proposer des techniques d\u2019investigation et des m\u00e9thodologies de simulation pr\u00e9dictive associ\u00e9es, valid\u00e9es sur diff\u00e9rents cas d\u2019\u00e9tude.<\/p>\n","protected":false},"excerpt":{"rendered":"<p>Les d\u00e9faillances induites par les d\u00e9charges \u00e9lectrostatiques (ESD) constituent un probl\u00e8me majeur de fiabilit\u00e9 et de robustesse des circuits int\u00e9gr\u00e9s et des syst\u00e8mes \u00e9lectroniques. Dans certaines applications comme celles de l\u2019automobile, ce pourcentage peut \u00eatre proche de 20 %. Les probl\u00e8mes de d\u00e9faillance catastrophiques induits par des d\u00e9charges \u00e9lectrostatiques n\u2019ont commenc\u00e9 \u00e0 \u00eatre s\u00e9rieusement pris [&hellip;]<\/p>\n","protected":false},"featured_media":9082,"template":"","meta":{"_acf_changed":false,"_links_to":"","_links_to_target":""},"product_brand":[],"product_cat":[3259],"product_tag":[],"class_list":{"0":"post-9073","1":"product","2":"type-product","3":"status-publish","4":"has-post-thumbnail","6":"product_cat-uncategorized","8":"first","9":"instock","10":"shipping-taxable","11":"purchasable","12":"product-type-variable"},"acf":[],"yoast_head":"<!-- This site is optimized with the Yoast SEO plugin v27.2 - https:\/\/yoast.com\/product\/yoast-seo-wordpress\/ -->\n<title>M\u00e9thodologies de protection ESD - ISTE Group<\/title>\n<meta name=\"description\" content=\"Cet ouvrage examine les diverses m\u00e9thodologies de protection ESD et montre par le biais de cas concrets que la meilleure approche en termes de robustesse et de co\u00fbt consiste \u00e0 mettre en oeuvre une strat\u00e9gie globale de protection ESD.\" \/>\n<meta name=\"robots\" content=\"index, follow, max-snippet:-1, max-image-preview:large, max-video-preview:-1\" \/>\n<link rel=\"canonical\" href=\"https:\/\/www.istegroup.com\/en\/produit\/methodologies-de-protection-esd\/\" \/>\n<meta property=\"og:locale\" content=\"fr_FR\" \/>\n<meta property=\"og:type\" content=\"article\" \/>\n<meta property=\"og:title\" content=\"M\u00e9thodologies de protection ESD - ISTE Group\" \/>\n<meta property=\"og:description\" content=\"Cet ouvrage examine les diverses m\u00e9thodologies de protection ESD et montre par le biais de cas concrets que la meilleure approche en termes de robustesse et de co\u00fbt consiste \u00e0 mettre en oeuvre une strat\u00e9gie globale de protection ESD.\" \/>\n<meta property=\"og:url\" content=\"https:\/\/www.istegroup.com\/en\/produit\/methodologies-de-protection-esd\/\" \/>\n<meta property=\"og:site_name\" content=\"ISTE Group\" \/>\n<meta property=\"article:modified_time\" content=\"2024-01-03T13:41:16+00:00\" \/>\n<meta property=\"og:image\" content=\"https:\/\/www.istegroup.com\/wp-content\/uploads\/2018\/01\/Bafleur-Cover_Front-scaled.jpg\" \/>\n\t<meta property=\"og:image:width\" content=\"1684\" \/>\n\t<meta property=\"og:image:height\" content=\"2560\" \/>\n\t<meta property=\"og:image:type\" content=\"image\/jpeg\" \/>\n<meta name=\"twitter:card\" content=\"summary_large_image\" \/>\n<meta name=\"twitter:label1\" content=\"Est. reading time\" \/>\n\t<meta name=\"twitter:data1\" content=\"1 minute\" \/>\n<script type=\"application\/ld+json\" class=\"yoast-schema-graph\">{\"@context\":\"https:\/\/schema.org\",\"@graph\":[{\"@type\":\"WebPage\",\"@id\":\"https:\/\/www.istegroup.com\/en\/produit\/methodologies-de-protection-esd\/\",\"url\":\"https:\/\/www.istegroup.com\/en\/produit\/methodologies-de-protection-esd\/\",\"name\":\"M\u00e9thodologies de protection ESD - ISTE Group\",\"isPartOf\":{\"@id\":\"https:\/\/www.istegroup.com\/#website\"},\"primaryImageOfPage\":{\"@id\":\"https:\/\/www.istegroup.com\/en\/produit\/methodologies-de-protection-esd\/#primaryimage\"},\"image\":{\"@id\":\"https:\/\/www.istegroup.com\/en\/produit\/methodologies-de-protection-esd\/#primaryimage\"},\"thumbnailUrl\":\"https:\/\/www.istegroup.com\/wp-content\/uploads\/2018\/01\/Bafleur-Cover_Front-scaled.jpg\",\"datePublished\":\"2018-01-12T15:29:11+00:00\",\"dateModified\":\"2024-01-03T13:41:16+00:00\",\"description\":\"Cet ouvrage examine les diverses m\u00e9thodologies de protection ESD et montre par le biais de cas concrets que la meilleure approche en termes de robustesse et de co\u00fbt consiste \u00e0 mettre en oeuvre une strat\u00e9gie globale de protection ESD.\",\"breadcrumb\":{\"@id\":\"https:\/\/www.istegroup.com\/en\/produit\/methodologies-de-protection-esd\/#breadcrumb\"},\"inLanguage\":\"fr-FR\",\"potentialAction\":[{\"@type\":\"ReadAction\",\"target\":[\"https:\/\/www.istegroup.com\/en\/produit\/methodologies-de-protection-esd\/\"]}]},{\"@type\":\"ImageObject\",\"inLanguage\":\"fr-FR\",\"@id\":\"https:\/\/www.istegroup.com\/en\/produit\/methodologies-de-protection-esd\/#primaryimage\",\"url\":\"https:\/\/www.istegroup.com\/wp-content\/uploads\/2018\/01\/Bafleur-Cover_Front-scaled.jpg\",\"contentUrl\":\"https:\/\/www.istegroup.com\/wp-content\/uploads\/2018\/01\/Bafleur-Cover_Front-scaled.jpg\",\"width\":1684,\"height\":2560,\"caption\":\"Du composant au syst\u00e8me\"},{\"@type\":\"BreadcrumbList\",\"@id\":\"https:\/\/www.istegroup.com\/en\/produit\/methodologies-de-protection-esd\/#breadcrumb\",\"itemListElement\":[{\"@type\":\"ListItem\",\"position\":1,\"name\":\"Home\",\"item\":\"https:\/\/www.istegroup.com\/\"},{\"@type\":\"ListItem\",\"position\":2,\"name\":\"Shop\",\"item\":\"https:\/\/www.istegroup.com\/fr\/nouveautes\/\"},{\"@type\":\"ListItem\",\"position\":3,\"name\":\"M\u00e9thodologies de protection ESD\"}]},{\"@type\":\"WebSite\",\"@id\":\"https:\/\/www.istegroup.com\/#website\",\"url\":\"https:\/\/www.istegroup.com\/\",\"name\":\"ISTE Group\",\"description\":\"\u00c9diteur des Sciences\",\"potentialAction\":[{\"@type\":\"SearchAction\",\"target\":{\"@type\":\"EntryPoint\",\"urlTemplate\":\"https:\/\/www.istegroup.com\/?s={search_term_string}\"},\"query-input\":{\"@type\":\"PropertyValueSpecification\",\"valueRequired\":true,\"valueName\":\"search_term_string\"}}],\"inLanguage\":\"fr-FR\"}]}<\/script>\n<!-- \/ Yoast SEO plugin. -->","yoast_head_json":{"title":"M\u00e9thodologies de protection ESD - ISTE Group","description":"Cet ouvrage examine les diverses m\u00e9thodologies de protection ESD et montre par le biais de cas concrets que la meilleure approche en termes de robustesse et de co\u00fbt consiste \u00e0 mettre en oeuvre une strat\u00e9gie globale de protection ESD.","robots":{"index":"index","follow":"follow","max-snippet":"max-snippet:-1","max-image-preview":"max-image-preview:large","max-video-preview":"max-video-preview:-1"},"canonical":"https:\/\/www.istegroup.com\/en\/produit\/methodologies-de-protection-esd\/","og_locale":"fr_FR","og_type":"article","og_title":"M\u00e9thodologies de protection ESD - ISTE Group","og_description":"Cet ouvrage examine les diverses m\u00e9thodologies de protection ESD et montre par le biais de cas concrets que la meilleure approche en termes de robustesse et de co\u00fbt consiste \u00e0 mettre en oeuvre une strat\u00e9gie globale de protection ESD.","og_url":"https:\/\/www.istegroup.com\/en\/produit\/methodologies-de-protection-esd\/","og_site_name":"ISTE Group","article_modified_time":"2024-01-03T13:41:16+00:00","og_image":[{"width":1684,"height":2560,"url":"https:\/\/www.istegroup.com\/wp-content\/uploads\/2018\/01\/Bafleur-Cover_Front-scaled.jpg","type":"image\/jpeg"}],"twitter_card":"summary_large_image","twitter_misc":{"Est. reading time":"1 minute"},"schema":{"@context":"https:\/\/schema.org","@graph":[{"@type":"WebPage","@id":"https:\/\/www.istegroup.com\/en\/produit\/methodologies-de-protection-esd\/","url":"https:\/\/www.istegroup.com\/en\/produit\/methodologies-de-protection-esd\/","name":"M\u00e9thodologies de protection ESD - ISTE Group","isPartOf":{"@id":"https:\/\/www.istegroup.com\/#website"},"primaryImageOfPage":{"@id":"https:\/\/www.istegroup.com\/en\/produit\/methodologies-de-protection-esd\/#primaryimage"},"image":{"@id":"https:\/\/www.istegroup.com\/en\/produit\/methodologies-de-protection-esd\/#primaryimage"},"thumbnailUrl":"https:\/\/www.istegroup.com\/wp-content\/uploads\/2018\/01\/Bafleur-Cover_Front-scaled.jpg","datePublished":"2018-01-12T15:29:11+00:00","dateModified":"2024-01-03T13:41:16+00:00","description":"Cet ouvrage examine les diverses m\u00e9thodologies de protection ESD et montre par le biais de cas concrets que la meilleure approche en termes de robustesse et de co\u00fbt consiste \u00e0 mettre en oeuvre une strat\u00e9gie globale de protection ESD.","breadcrumb":{"@id":"https:\/\/www.istegroup.com\/en\/produit\/methodologies-de-protection-esd\/#breadcrumb"},"inLanguage":"fr-FR","potentialAction":[{"@type":"ReadAction","target":["https:\/\/www.istegroup.com\/en\/produit\/methodologies-de-protection-esd\/"]}]},{"@type":"ImageObject","inLanguage":"fr-FR","@id":"https:\/\/www.istegroup.com\/en\/produit\/methodologies-de-protection-esd\/#primaryimage","url":"https:\/\/www.istegroup.com\/wp-content\/uploads\/2018\/01\/Bafleur-Cover_Front-scaled.jpg","contentUrl":"https:\/\/www.istegroup.com\/wp-content\/uploads\/2018\/01\/Bafleur-Cover_Front-scaled.jpg","width":1684,"height":2560,"caption":"Du composant au syst\u00e8me"},{"@type":"BreadcrumbList","@id":"https:\/\/www.istegroup.com\/en\/produit\/methodologies-de-protection-esd\/#breadcrumb","itemListElement":[{"@type":"ListItem","position":1,"name":"Home","item":"https:\/\/www.istegroup.com\/"},{"@type":"ListItem","position":2,"name":"Shop","item":"https:\/\/www.istegroup.com\/fr\/nouveautes\/"},{"@type":"ListItem","position":3,"name":"M\u00e9thodologies de protection ESD"}]},{"@type":"WebSite","@id":"https:\/\/www.istegroup.com\/#website","url":"https:\/\/www.istegroup.com\/","name":"ISTE Group","description":"\u00c9diteur des Sciences","potentialAction":[{"@type":"SearchAction","target":{"@type":"EntryPoint","urlTemplate":"https:\/\/www.istegroup.com\/?s={search_term_string}"},"query-input":{"@type":"PropertyValueSpecification","valueRequired":true,"valueName":"search_term_string"}}],"inLanguage":"fr-FR"}]}},"_links":{"self":[{"href":"https:\/\/www.istegroup.com\/fr\/wp-json\/wp\/v2\/product\/9073","targetHints":{"allow":["GET"]}}],"collection":[{"href":"https:\/\/www.istegroup.com\/fr\/wp-json\/wp\/v2\/product"}],"about":[{"href":"https:\/\/www.istegroup.com\/fr\/wp-json\/wp\/v2\/types\/product"}],"wp:featuredmedia":[{"embeddable":true,"href":"https:\/\/www.istegroup.com\/fr\/wp-json\/wp\/v2\/media\/9082"}],"wp:attachment":[{"href":"https:\/\/www.istegroup.com\/fr\/wp-json\/wp\/v2\/media?parent=9073"}],"wp:term":[{"taxonomy":"product_brand","embeddable":true,"href":"https:\/\/www.istegroup.com\/fr\/wp-json\/wp\/v2\/product_brand?post=9073"},{"taxonomy":"product_cat","embeddable":true,"href":"https:\/\/www.istegroup.com\/fr\/wp-json\/wp\/v2\/product_cat?post=9073"},{"taxonomy":"product_tag","embeddable":true,"href":"https:\/\/www.istegroup.com\/fr\/wp-json\/wp\/v2\/product_tag?post=9073"}],"curies":[{"name":"wp","href":"https:\/\/api.w.org\/{rel}","templated":true}]}}