{"id":9027,"date":"2018-01-12T14:19:34","date_gmt":"2018-01-12T13:19:34","guid":{"rendered":"https:\/\/iste.yhello.co\/?post_type=product&#038;p=9027"},"modified":"2024-01-03T13:41:15","modified_gmt":"2024-01-03T13:41:15","slug":"psychotropes-prevention-et-reduction-des-risques","status":"publish","type":"product","link":"https:\/\/www.istegroup.com\/fr\/produit\/psychotropes-prevention-et-reduction-des-risques\/","title":{"rendered":"Psychotropes, pr\u00e9vention et r\u00e9duction des risques"},"content":{"rendered":"<p><em>Psychotropes, pr\u00e9vention et r\u00e9duction des risques<\/em>\u00a0expose des \u00e9l\u00e9ments de compr\u00e9hension scientifique des pratiques de consommation et des addictions aux substances psychoactives.<\/p>\n<p>Diff\u00e9rents th\u00e8mes sont ainsi d\u00e9velopp\u00e9s : une approche historique et politique de la r\u00e9duction des risques, la question des variabilit\u00e9s g\u00e9ographiques, les dimensions individuelles, les initiatives en mati\u00e8re de pr\u00e9vention. Les contributions propos\u00e9es sont celles de chercheurs en sciences humaines et sociales comme de professionnels de la sant\u00e9 afin d\u2019apporter un regard compl\u00e9mentaire tant au niveau des pratiques \u00e0 risques que des strat\u00e9gies d\u2019intervention de pr\u00e9vention.<\/p>\n<p>Cet ouvrage s\u2019adresse aussi bien aux chercheurs qu\u2019aux \u00e9tudiants et professionnels s\u2019int\u00e9ressant aux probl\u00e9matiques d\u2019addiction et \u00e0 la pr\u00e9vention.<\/p>\n","protected":false},"excerpt":{"rendered":"<p>Psychotropes, pr\u00e9vention et r\u00e9duction des risques\u00a0expose des \u00e9l\u00e9ments de compr\u00e9hension scientifique des pratiques de consommation et des addictions aux substances psychoactives. Diff\u00e9rents th\u00e8mes sont ainsi d\u00e9velopp\u00e9s : une approche historique et politique de la r\u00e9duction des risques, la question des variabilit\u00e9s g\u00e9ographiques, les dimensions individuelles, les initiatives en mati\u00e8re de pr\u00e9vention. Les contributions propos\u00e9es sont [&hellip;]<\/p>\n","protected":false},"featured_media":9034,"template":"","meta":{"_acf_changed":false,"_links_to":"","_links_to_target":""},"product_brand":[],"product_cat":[3259],"product_tag":[],"class_list":{"0":"post-9027","1":"product","2":"type-product","3":"status-publish","4":"has-post-thumbnail","6":"product_cat-uncategorized","8":"first","9":"instock","10":"shipping-taxable","11":"purchasable","12":"product-type-variable"},"acf":[],"yoast_head":"<!-- This site is optimized with the Yoast SEO plugin v27.2 - https:\/\/yoast.com\/product\/yoast-seo-wordpress\/ -->\n<title>Psychotropes, pr\u00e9vention et r\u00e9duction des risques - ISTE Group<\/title>\n<meta name=\"robots\" content=\"index, follow, max-snippet:-1, max-image-preview:large, max-video-preview:-1\" \/>\n<link rel=\"canonical\" href=\"https:\/\/www.istegroup.com\/fr\/produit\/psychotropes-prevention-et-reduction-des-risques\/\" \/>\n<meta property=\"og:locale\" content=\"fr_FR\" \/>\n<meta property=\"og:type\" content=\"article\" \/>\n<meta property=\"og:title\" content=\"Psychotropes, pr\u00e9vention et r\u00e9duction des risques - ISTE Group\" \/>\n<meta property=\"og:description\" content=\"Psychotropes, pr\u00e9vention et r\u00e9duction des risques\u00a0expose des \u00e9l\u00e9ments de compr\u00e9hension scientifique des pratiques de consommation et des addictions aux substances psychoactives. Diff\u00e9rents th\u00e8mes sont ainsi d\u00e9velopp\u00e9s : une approche historique et politique de la r\u00e9duction des risques, la question des variabilit\u00e9s g\u00e9ographiques, les dimensions individuelles, les initiatives en mati\u00e8re de pr\u00e9vention. Les contributions propos\u00e9es sont [&hellip;]\" \/>\n<meta property=\"og:url\" content=\"https:\/\/www.istegroup.com\/fr\/produit\/psychotropes-prevention-et-reduction-des-risques\/\" \/>\n<meta property=\"og:site_name\" content=\"ISTE Group\" \/>\n<meta property=\"article:modified_time\" content=\"2024-01-03T13:41:15+00:00\" \/>\n<meta property=\"og:image\" content=\"https:\/\/www.istegroup.com\/wp-content\/uploads\/2018\/01\/Sahed-Front.jpg\" \/>\n\t<meta property=\"og:image:width\" content=\"505\" \/>\n\t<meta property=\"og:image:height\" content=\"760\" \/>\n\t<meta property=\"og:image:type\" content=\"image\/jpeg\" \/>\n<meta name=\"twitter:card\" content=\"summary_large_image\" \/>\n<meta name=\"twitter:label1\" content=\"Est. reading time\" \/>\n\t<meta name=\"twitter:data1\" content=\"1 minute\" \/>\n<script type=\"application\/ld+json\" class=\"yoast-schema-graph\">{\"@context\":\"https:\/\/schema.org\",\"@graph\":[{\"@type\":\"WebPage\",\"@id\":\"https:\/\/www.istegroup.com\/fr\/produit\/psychotropes-prevention-et-reduction-des-risques\/\",\"url\":\"https:\/\/www.istegroup.com\/fr\/produit\/psychotropes-prevention-et-reduction-des-risques\/\",\"name\":\"Psychotropes, pr\u00e9vention et r\u00e9duction des risques - ISTE Group\",\"isPartOf\":{\"@id\":\"https:\/\/www.istegroup.com\/#website\"},\"primaryImageOfPage\":{\"@id\":\"https:\/\/www.istegroup.com\/fr\/produit\/psychotropes-prevention-et-reduction-des-risques\/#primaryimage\"},\"image\":{\"@id\":\"https:\/\/www.istegroup.com\/fr\/produit\/psychotropes-prevention-et-reduction-des-risques\/#primaryimage\"},\"thumbnailUrl\":\"https:\/\/www.istegroup.com\/wp-content\/uploads\/2018\/01\/Sahed-Front.jpg\",\"datePublished\":\"2018-01-12T13:19:34+00:00\",\"dateModified\":\"2024-01-03T13:41:15+00:00\",\"breadcrumb\":{\"@id\":\"https:\/\/www.istegroup.com\/fr\/produit\/psychotropes-prevention-et-reduction-des-risques\/#breadcrumb\"},\"inLanguage\":\"fr-FR\",\"potentialAction\":[{\"@type\":\"ReadAction\",\"target\":[\"https:\/\/www.istegroup.com\/fr\/produit\/psychotropes-prevention-et-reduction-des-risques\/\"]}]},{\"@type\":\"ImageObject\",\"inLanguage\":\"fr-FR\",\"@id\":\"https:\/\/www.istegroup.com\/fr\/produit\/psychotropes-prevention-et-reduction-des-risques\/#primaryimage\",\"url\":\"https:\/\/www.istegroup.com\/wp-content\/uploads\/2018\/01\/Sahed-Front.jpg\",\"contentUrl\":\"https:\/\/www.istegroup.com\/wp-content\/uploads\/2018\/01\/Sahed-Front.jpg\",\"width\":505,\"height\":760,\"caption\":\"Psychotropes, pr\u00e9vention et r\u00e9duction des risques\"},{\"@type\":\"BreadcrumbList\",\"@id\":\"https:\/\/www.istegroup.com\/fr\/produit\/psychotropes-prevention-et-reduction-des-risques\/#breadcrumb\",\"itemListElement\":[{\"@type\":\"ListItem\",\"position\":1,\"name\":\"Home\",\"item\":\"https:\/\/www.istegroup.com\/\"},{\"@type\":\"ListItem\",\"position\":2,\"name\":\"Shop\",\"item\":\"https:\/\/www.istegroup.com\/fr\/nouveautes\/\"},{\"@type\":\"ListItem\",\"position\":3,\"name\":\"Psychotropes, pr\u00e9vention et r\u00e9duction des risques\"}]},{\"@type\":\"WebSite\",\"@id\":\"https:\/\/www.istegroup.com\/#website\",\"url\":\"https:\/\/www.istegroup.com\/\",\"name\":\"ISTE Group\",\"description\":\"\u00c9diteur des Sciences\",\"potentialAction\":[{\"@type\":\"SearchAction\",\"target\":{\"@type\":\"EntryPoint\",\"urlTemplate\":\"https:\/\/www.istegroup.com\/?s={search_term_string}\"},\"query-input\":{\"@type\":\"PropertyValueSpecification\",\"valueRequired\":true,\"valueName\":\"search_term_string\"}}],\"inLanguage\":\"fr-FR\"}]}<\/script>\n<!-- \/ Yoast SEO plugin. -->","yoast_head_json":{"title":"Psychotropes, pr\u00e9vention et r\u00e9duction des risques - ISTE Group","robots":{"index":"index","follow":"follow","max-snippet":"max-snippet:-1","max-image-preview":"max-image-preview:large","max-video-preview":"max-video-preview:-1"},"canonical":"https:\/\/www.istegroup.com\/fr\/produit\/psychotropes-prevention-et-reduction-des-risques\/","og_locale":"fr_FR","og_type":"article","og_title":"Psychotropes, pr\u00e9vention et r\u00e9duction des risques - ISTE Group","og_description":"Psychotropes, pr\u00e9vention et r\u00e9duction des risques\u00a0expose des \u00e9l\u00e9ments de compr\u00e9hension scientifique des pratiques de consommation et des addictions aux substances psychoactives. Diff\u00e9rents th\u00e8mes sont ainsi d\u00e9velopp\u00e9s : une approche historique et politique de la r\u00e9duction des risques, la question des variabilit\u00e9s g\u00e9ographiques, les dimensions individuelles, les initiatives en mati\u00e8re de pr\u00e9vention. Les contributions propos\u00e9es sont [&hellip;]","og_url":"https:\/\/www.istegroup.com\/fr\/produit\/psychotropes-prevention-et-reduction-des-risques\/","og_site_name":"ISTE Group","article_modified_time":"2024-01-03T13:41:15+00:00","og_image":[{"width":505,"height":760,"url":"https:\/\/www.istegroup.com\/wp-content\/uploads\/2018\/01\/Sahed-Front.jpg","type":"image\/jpeg"}],"twitter_card":"summary_large_image","twitter_misc":{"Est. reading time":"1 minute"},"schema":{"@context":"https:\/\/schema.org","@graph":[{"@type":"WebPage","@id":"https:\/\/www.istegroup.com\/fr\/produit\/psychotropes-prevention-et-reduction-des-risques\/","url":"https:\/\/www.istegroup.com\/fr\/produit\/psychotropes-prevention-et-reduction-des-risques\/","name":"Psychotropes, pr\u00e9vention et r\u00e9duction des risques - ISTE Group","isPartOf":{"@id":"https:\/\/www.istegroup.com\/#website"},"primaryImageOfPage":{"@id":"https:\/\/www.istegroup.com\/fr\/produit\/psychotropes-prevention-et-reduction-des-risques\/#primaryimage"},"image":{"@id":"https:\/\/www.istegroup.com\/fr\/produit\/psychotropes-prevention-et-reduction-des-risques\/#primaryimage"},"thumbnailUrl":"https:\/\/www.istegroup.com\/wp-content\/uploads\/2018\/01\/Sahed-Front.jpg","datePublished":"2018-01-12T13:19:34+00:00","dateModified":"2024-01-03T13:41:15+00:00","breadcrumb":{"@id":"https:\/\/www.istegroup.com\/fr\/produit\/psychotropes-prevention-et-reduction-des-risques\/#breadcrumb"},"inLanguage":"fr-FR","potentialAction":[{"@type":"ReadAction","target":["https:\/\/www.istegroup.com\/fr\/produit\/psychotropes-prevention-et-reduction-des-risques\/"]}]},{"@type":"ImageObject","inLanguage":"fr-FR","@id":"https:\/\/www.istegroup.com\/fr\/produit\/psychotropes-prevention-et-reduction-des-risques\/#primaryimage","url":"https:\/\/www.istegroup.com\/wp-content\/uploads\/2018\/01\/Sahed-Front.jpg","contentUrl":"https:\/\/www.istegroup.com\/wp-content\/uploads\/2018\/01\/Sahed-Front.jpg","width":505,"height":760,"caption":"Psychotropes, pr\u00e9vention et r\u00e9duction des risques"},{"@type":"BreadcrumbList","@id":"https:\/\/www.istegroup.com\/fr\/produit\/psychotropes-prevention-et-reduction-des-risques\/#breadcrumb","itemListElement":[{"@type":"ListItem","position":1,"name":"Home","item":"https:\/\/www.istegroup.com\/"},{"@type":"ListItem","position":2,"name":"Shop","item":"https:\/\/www.istegroup.com\/fr\/nouveautes\/"},{"@type":"ListItem","position":3,"name":"Psychotropes, pr\u00e9vention et r\u00e9duction des risques"}]},{"@type":"WebSite","@id":"https:\/\/www.istegroup.com\/#website","url":"https:\/\/www.istegroup.com\/","name":"ISTE Group","description":"\u00c9diteur des Sciences","potentialAction":[{"@type":"SearchAction","target":{"@type":"EntryPoint","urlTemplate":"https:\/\/www.istegroup.com\/?s={search_term_string}"},"query-input":{"@type":"PropertyValueSpecification","valueRequired":true,"valueName":"search_term_string"}}],"inLanguage":"fr-FR"}]}},"_links":{"self":[{"href":"https:\/\/www.istegroup.com\/fr\/wp-json\/wp\/v2\/product\/9027","targetHints":{"allow":["GET"]}}],"collection":[{"href":"https:\/\/www.istegroup.com\/fr\/wp-json\/wp\/v2\/product"}],"about":[{"href":"https:\/\/www.istegroup.com\/fr\/wp-json\/wp\/v2\/types\/product"}],"wp:featuredmedia":[{"embeddable":true,"href":"https:\/\/www.istegroup.com\/fr\/wp-json\/wp\/v2\/media\/9034"}],"wp:attachment":[{"href":"https:\/\/www.istegroup.com\/fr\/wp-json\/wp\/v2\/media?parent=9027"}],"wp:term":[{"taxonomy":"product_brand","embeddable":true,"href":"https:\/\/www.istegroup.com\/fr\/wp-json\/wp\/v2\/product_brand?post=9027"},{"taxonomy":"product_cat","embeddable":true,"href":"https:\/\/www.istegroup.com\/fr\/wp-json\/wp\/v2\/product_cat?post=9027"},{"taxonomy":"product_tag","embeddable":true,"href":"https:\/\/www.istegroup.com\/fr\/wp-json\/wp\/v2\/product_tag?post=9027"}],"curies":[{"name":"wp","href":"https:\/\/api.w.org\/{rel}","templated":true}]}}