{"id":9013,"date":"2018-01-12T13:20:00","date_gmt":"2018-01-12T12:20:00","guid":{"rendered":"https:\/\/iste.yhello.co\/?post_type=product&#038;p=9013"},"modified":"2024-01-03T13:41:15","modified_gmt":"2024-01-03T13:41:15","slug":"science-nomologique-et-science-interpretative","status":"publish","type":"product","link":"https:\/\/www.istegroup.com\/fr\/produit\/science-nomologique-et-science-interpretative\/","title":{"rendered":"Science nomologique et science interpr\u00e9tative"},"content":{"rendered":"<p><em>Science nomologique et science interpr\u00e9tative<\/em>\u00a0propose de penser la connaissance comme ce qui est \u00e0 transmettre. D\u00e8s lors persistent des pr\u00e9occupations et des inqui\u00e9tudes qui font partie de la science et sur lesquelles un travail scientifique reste \u00e0 mener. Le positivisme, qui a voulu ne conserver dans la science que les r\u00e9gularit\u00e9s et laisser les interpr\u00e9tations aux sciences humaines et sociales ainsi qu&rsquo;aux religions, a \u00e9chou\u00e9 puisque l\u2019interpr\u00e9tation est en permanence pr\u00e9sente dans la science et conditionne sa f\u00e9condit\u00e9.<\/p>\n<p>En prolongeant la vision du philosophe Hans Jonas et les th\u00e8ses de Jacques Lacan sur le savoir, cet ouvrage place l&rsquo;environnement au c\u0153ur de la d\u00e9marche scientifique. \u00c0 partir d&rsquo;un panorama des philosophies de la connaissance depuis la fin du XVIIIe si\u00e8cle, il d\u00e9montre l&rsquo;importance de l&rsquo;interpr\u00e9tation dans la science et la fa\u00e7on de l&rsquo;utiliser pour penser l&rsquo;\u00e9ventuel \u2013 c&rsquo;est-\u00e0-dire le possible encore insoup\u00e7onn\u00e9.<\/p>\n","protected":false},"excerpt":{"rendered":"<p>Science nomologique et science interpr\u00e9tative\u00a0propose de penser la connaissance comme ce qui est \u00e0 transmettre. D\u00e8s lors persistent des pr\u00e9occupations et des inqui\u00e9tudes qui font partie de la science et sur lesquelles un travail scientifique reste \u00e0 mener. Le positivisme, qui a voulu ne conserver dans la science que les r\u00e9gularit\u00e9s et laisser les interpr\u00e9tations [&hellip;]<\/p>\n","protected":false},"featured_media":9020,"template":"","meta":{"_acf_changed":false,"_links_to":"","_links_to_target":""},"product_brand":[],"product_cat":[3259],"product_tag":[],"class_list":{"0":"post-9013","1":"product","2":"type-product","3":"status-publish","4":"has-post-thumbnail","6":"product_cat-uncategorized","8":"first","9":"instock","10":"shipping-taxable","11":"purchasable","12":"product-type-variable"},"acf":[],"yoast_head":"<!-- This site is optimized with the Yoast SEO plugin v27.2 - https:\/\/yoast.com\/product\/yoast-seo-wordpress\/ -->\n<title>Science nomologique et science interpr\u00e9tative - ISTE Group<\/title>\n<meta name=\"robots\" content=\"index, follow, max-snippet:-1, max-image-preview:large, max-video-preview:-1\" \/>\n<link rel=\"canonical\" href=\"https:\/\/www.istegroup.com\/fr\/produit\/science-nomologique-et-science-interpretative\/\" \/>\n<meta property=\"og:locale\" content=\"fr_FR\" \/>\n<meta property=\"og:type\" content=\"article\" \/>\n<meta property=\"og:title\" content=\"Science nomologique et science interpr\u00e9tative - ISTE Group\" \/>\n<meta property=\"og:description\" content=\"Science nomologique et science interpr\u00e9tative\u00a0propose de penser la connaissance comme ce qui est \u00e0 transmettre. D\u00e8s lors persistent des pr\u00e9occupations et des inqui\u00e9tudes qui font partie de la science et sur lesquelles un travail scientifique reste \u00e0 mener. Le positivisme, qui a voulu ne conserver dans la science que les r\u00e9gularit\u00e9s et laisser les interpr\u00e9tations [&hellip;]\" \/>\n<meta property=\"og:url\" content=\"https:\/\/www.istegroup.com\/fr\/produit\/science-nomologique-et-science-interpretative\/\" \/>\n<meta property=\"og:site_name\" content=\"ISTE Group\" \/>\n<meta property=\"article:modified_time\" content=\"2024-01-03T13:41:15+00:00\" \/>\n<meta property=\"og:image\" content=\"https:\/\/www.istegroup.com\/wp-content\/uploads\/2018\/01\/Bouleau-Front-scaled.jpg\" \/>\n\t<meta property=\"og:image:width\" content=\"1676\" \/>\n\t<meta property=\"og:image:height\" content=\"2560\" \/>\n\t<meta property=\"og:image:type\" content=\"image\/jpeg\" \/>\n<meta name=\"twitter:card\" content=\"summary_large_image\" \/>\n<meta name=\"twitter:label1\" content=\"Est. reading time\" \/>\n\t<meta name=\"twitter:data1\" content=\"1 minute\" \/>\n<script type=\"application\/ld+json\" class=\"yoast-schema-graph\">{\"@context\":\"https:\/\/schema.org\",\"@graph\":[{\"@type\":\"WebPage\",\"@id\":\"https:\/\/www.istegroup.com\/fr\/produit\/science-nomologique-et-science-interpretative\/\",\"url\":\"https:\/\/www.istegroup.com\/fr\/produit\/science-nomologique-et-science-interpretative\/\",\"name\":\"Science nomologique et science interpr\u00e9tative - ISTE Group\",\"isPartOf\":{\"@id\":\"https:\/\/www.istegroup.com\/#website\"},\"primaryImageOfPage\":{\"@id\":\"https:\/\/www.istegroup.com\/fr\/produit\/science-nomologique-et-science-interpretative\/#primaryimage\"},\"image\":{\"@id\":\"https:\/\/www.istegroup.com\/fr\/produit\/science-nomologique-et-science-interpretative\/#primaryimage\"},\"thumbnailUrl\":\"https:\/\/www.istegroup.com\/wp-content\/uploads\/2018\/01\/Bouleau-Front-scaled.jpg\",\"datePublished\":\"2018-01-12T12:20:00+00:00\",\"dateModified\":\"2024-01-03T13:41:15+00:00\",\"breadcrumb\":{\"@id\":\"https:\/\/www.istegroup.com\/fr\/produit\/science-nomologique-et-science-interpretative\/#breadcrumb\"},\"inLanguage\":\"fr-FR\",\"potentialAction\":[{\"@type\":\"ReadAction\",\"target\":[\"https:\/\/www.istegroup.com\/fr\/produit\/science-nomologique-et-science-interpretative\/\"]}]},{\"@type\":\"ImageObject\",\"inLanguage\":\"fr-FR\",\"@id\":\"https:\/\/www.istegroup.com\/fr\/produit\/science-nomologique-et-science-interpretative\/#primaryimage\",\"url\":\"https:\/\/www.istegroup.com\/wp-content\/uploads\/2018\/01\/Bouleau-Front-scaled.jpg\",\"contentUrl\":\"https:\/\/www.istegroup.com\/wp-content\/uploads\/2018\/01\/Bouleau-Front-scaled.jpg\",\"width\":1676,\"height\":2560,\"caption\":\"Connaissance de l\u2019environnement\"},{\"@type\":\"BreadcrumbList\",\"@id\":\"https:\/\/www.istegroup.com\/fr\/produit\/science-nomologique-et-science-interpretative\/#breadcrumb\",\"itemListElement\":[{\"@type\":\"ListItem\",\"position\":1,\"name\":\"Home\",\"item\":\"https:\/\/www.istegroup.com\/\"},{\"@type\":\"ListItem\",\"position\":2,\"name\":\"Shop\",\"item\":\"https:\/\/www.istegroup.com\/fr\/nouveautes\/\"},{\"@type\":\"ListItem\",\"position\":3,\"name\":\"Science nomologique et science interpr\u00e9tative\"}]},{\"@type\":\"WebSite\",\"@id\":\"https:\/\/www.istegroup.com\/#website\",\"url\":\"https:\/\/www.istegroup.com\/\",\"name\":\"ISTE Group\",\"description\":\"\u00c9diteur des Sciences\",\"potentialAction\":[{\"@type\":\"SearchAction\",\"target\":{\"@type\":\"EntryPoint\",\"urlTemplate\":\"https:\/\/www.istegroup.com\/?s={search_term_string}\"},\"query-input\":{\"@type\":\"PropertyValueSpecification\",\"valueRequired\":true,\"valueName\":\"search_term_string\"}}],\"inLanguage\":\"fr-FR\"}]}<\/script>\n<!-- \/ Yoast SEO plugin. -->","yoast_head_json":{"title":"Science nomologique et science interpr\u00e9tative - ISTE Group","robots":{"index":"index","follow":"follow","max-snippet":"max-snippet:-1","max-image-preview":"max-image-preview:large","max-video-preview":"max-video-preview:-1"},"canonical":"https:\/\/www.istegroup.com\/fr\/produit\/science-nomologique-et-science-interpretative\/","og_locale":"fr_FR","og_type":"article","og_title":"Science nomologique et science interpr\u00e9tative - ISTE Group","og_description":"Science nomologique et science interpr\u00e9tative\u00a0propose de penser la connaissance comme ce qui est \u00e0 transmettre. D\u00e8s lors persistent des pr\u00e9occupations et des inqui\u00e9tudes qui font partie de la science et sur lesquelles un travail scientifique reste \u00e0 mener. Le positivisme, qui a voulu ne conserver dans la science que les r\u00e9gularit\u00e9s et laisser les interpr\u00e9tations [&hellip;]","og_url":"https:\/\/www.istegroup.com\/fr\/produit\/science-nomologique-et-science-interpretative\/","og_site_name":"ISTE Group","article_modified_time":"2024-01-03T13:41:15+00:00","og_image":[{"width":1676,"height":2560,"url":"https:\/\/www.istegroup.com\/wp-content\/uploads\/2018\/01\/Bouleau-Front-scaled.jpg","type":"image\/jpeg"}],"twitter_card":"summary_large_image","twitter_misc":{"Est. reading time":"1 minute"},"schema":{"@context":"https:\/\/schema.org","@graph":[{"@type":"WebPage","@id":"https:\/\/www.istegroup.com\/fr\/produit\/science-nomologique-et-science-interpretative\/","url":"https:\/\/www.istegroup.com\/fr\/produit\/science-nomologique-et-science-interpretative\/","name":"Science nomologique et science interpr\u00e9tative - ISTE Group","isPartOf":{"@id":"https:\/\/www.istegroup.com\/#website"},"primaryImageOfPage":{"@id":"https:\/\/www.istegroup.com\/fr\/produit\/science-nomologique-et-science-interpretative\/#primaryimage"},"image":{"@id":"https:\/\/www.istegroup.com\/fr\/produit\/science-nomologique-et-science-interpretative\/#primaryimage"},"thumbnailUrl":"https:\/\/www.istegroup.com\/wp-content\/uploads\/2018\/01\/Bouleau-Front-scaled.jpg","datePublished":"2018-01-12T12:20:00+00:00","dateModified":"2024-01-03T13:41:15+00:00","breadcrumb":{"@id":"https:\/\/www.istegroup.com\/fr\/produit\/science-nomologique-et-science-interpretative\/#breadcrumb"},"inLanguage":"fr-FR","potentialAction":[{"@type":"ReadAction","target":["https:\/\/www.istegroup.com\/fr\/produit\/science-nomologique-et-science-interpretative\/"]}]},{"@type":"ImageObject","inLanguage":"fr-FR","@id":"https:\/\/www.istegroup.com\/fr\/produit\/science-nomologique-et-science-interpretative\/#primaryimage","url":"https:\/\/www.istegroup.com\/wp-content\/uploads\/2018\/01\/Bouleau-Front-scaled.jpg","contentUrl":"https:\/\/www.istegroup.com\/wp-content\/uploads\/2018\/01\/Bouleau-Front-scaled.jpg","width":1676,"height":2560,"caption":"Connaissance de l\u2019environnement"},{"@type":"BreadcrumbList","@id":"https:\/\/www.istegroup.com\/fr\/produit\/science-nomologique-et-science-interpretative\/#breadcrumb","itemListElement":[{"@type":"ListItem","position":1,"name":"Home","item":"https:\/\/www.istegroup.com\/"},{"@type":"ListItem","position":2,"name":"Shop","item":"https:\/\/www.istegroup.com\/fr\/nouveautes\/"},{"@type":"ListItem","position":3,"name":"Science nomologique et science interpr\u00e9tative"}]},{"@type":"WebSite","@id":"https:\/\/www.istegroup.com\/#website","url":"https:\/\/www.istegroup.com\/","name":"ISTE Group","description":"\u00c9diteur des Sciences","potentialAction":[{"@type":"SearchAction","target":{"@type":"EntryPoint","urlTemplate":"https:\/\/www.istegroup.com\/?s={search_term_string}"},"query-input":{"@type":"PropertyValueSpecification","valueRequired":true,"valueName":"search_term_string"}}],"inLanguage":"fr-FR"}]}},"_links":{"self":[{"href":"https:\/\/www.istegroup.com\/fr\/wp-json\/wp\/v2\/product\/9013","targetHints":{"allow":["GET"]}}],"collection":[{"href":"https:\/\/www.istegroup.com\/fr\/wp-json\/wp\/v2\/product"}],"about":[{"href":"https:\/\/www.istegroup.com\/fr\/wp-json\/wp\/v2\/types\/product"}],"wp:featuredmedia":[{"embeddable":true,"href":"https:\/\/www.istegroup.com\/fr\/wp-json\/wp\/v2\/media\/9020"}],"wp:attachment":[{"href":"https:\/\/www.istegroup.com\/fr\/wp-json\/wp\/v2\/media?parent=9013"}],"wp:term":[{"taxonomy":"product_brand","embeddable":true,"href":"https:\/\/www.istegroup.com\/fr\/wp-json\/wp\/v2\/product_brand?post=9013"},{"taxonomy":"product_cat","embeddable":true,"href":"https:\/\/www.istegroup.com\/fr\/wp-json\/wp\/v2\/product_cat?post=9013"},{"taxonomy":"product_tag","embeddable":true,"href":"https:\/\/www.istegroup.com\/fr\/wp-json\/wp\/v2\/product_tag?post=9013"}],"curies":[{"name":"wp","href":"https:\/\/api.w.org\/{rel}","templated":true}]}}