{"id":90,"date":"2017-07-28T10:30:06","date_gmt":"2017-07-28T08:30:06","guid":{"rendered":"https:\/\/iste.yhello.co\/product\/bases-de-communications-numeriques-1\/"},"modified":"2024-01-03T13:38:35","modified_gmt":"2024-01-03T13:38:35","slug":"bases-de-communications-numeriques-1","status":"publish","type":"product","link":"https:\/\/www.istegroup.com\/fr\/produit\/bases-de-communications-numeriques-1\/","title":{"rendered":"Bases de communications num\u00e9riques 1"},"content":{"rendered":"<p>Une cha\u00eene de communication est constitu\u00e9e d\u2019une source et d\u2019un destinataire, s\u00e9par\u00e9s par un canal de transmission qui peut \u00eatre une portion de c\u00e2ble, une fibre optique, un canal radiomobile ou encore un lien satellitaire. Quel que soit le canal, les blocs de traitement mis en \u0153uvre dans la cha\u00eene de communication ont les m\u00eames fondements.<\/p>\n<p><em>Bases de communications num\u00e9riques 1<\/em>\u00a0traite du codage de source et du codage de canal. P\u00e9dagogique et didactique, il rappelle les principales notions fondamentales de communications num\u00e9riques et d\u00e9veloppe \u00e9galement certaines techniques plus avanc\u00e9es qui sont actuellement encore au stade de la recherche.<\/p>\n<p>Apr\u00e8s avoir pr\u00e9sent\u00e9 la th\u00e9orie de l\u2019information, il d\u00e9crit les techniques de codage de source sans et avec perte et analyse les codes correcteurs d\u2019erreurs en blocs convolutifs ou concat\u00e9n\u00e9s utilis\u00e9es dans les syst\u00e8mes r\u00e9cents.<\/p>\n","protected":false},"excerpt":{"rendered":"<p>Une cha\u00eene de communication est constitu\u00e9e d\u2019une source et d\u2019un destinataire, s\u00e9par\u00e9s par un canal de transmission qui peut \u00eatre une portion de c\u00e2ble, une fibre optique, un canal radiomobile ou encore un lien satellitaire. Quel que soit le canal, les blocs de traitement mis en \u0153uvre dans la cha\u00eene de communication ont les m\u00eames [&hellip;]<\/p>\n","protected":false},"featured_media":91,"template":"","meta":{"_acf_changed":false,"_links_to":"","_links_to_target":""},"product_brand":[],"product_cat":[679],"product_tag":[837,838,839,840,170,842,841,843,844,31,18,218,20,21,22,25,26,27,208,845,292,38,28,29,846,847],"class_list":{"0":"post-90","1":"product","2":"type-product","3":"status-publish","4":"has-post-thumbnail","6":"product_cat-rseaux-et-tlcommunications-12506534","7":"product_tag-bases","8":"product_tag-bases-de-communications-numeriques-1","9":"product_tag-codage-de-canal","10":"product_tag-codage-de-source","11":"product_tag-communication","12":"product_tag-communications-electroniques","13":"product_tag-communications-numeriques","14":"product_tag-convolutifs","15":"product_tag-didier-le-ruyet","16":"product_tag-ebook","17":"product_tag-edition-scientifique","18":"product_tag-editions-ouvrage","19":"product_tag-editions-technique","20":"product_tag-iste-group","21":"product_tag-istegroup","22":"product_tag-livre-numerique","23":"product_tag-livre-scientifique-francais","24":"product_tag-livre-technique-francais","25":"product_tag-livres-scientifique","26":"product_tag-mylene-pischella","27":"product_tag-numerique","28":"product_tag-ouvrage-numerique","29":"product_tag-ouvrage-scientifique-francais","30":"product_tag-ouvrage-technique","31":"product_tag-perte","32":"product_tag-theorie-de-linformation","34":"first","35":"instock","36":"shipping-taxable","37":"purchasable","38":"product-type-variable"},"acf":[],"yoast_head":"<!-- This site is optimized with the Yoast SEO plugin v27.2 - https:\/\/yoast.com\/product\/yoast-seo-wordpress\/ -->\n<title>Bases de communications num\u00e9riques 1 - ISTE Group<\/title>\n<meta name=\"description\" content=\"Bases de communications num\u00e9riques 1\u00a0traite du codage de source et du codage de canal et rappelle les notions fondamentales de communications num\u00e9riques.\" \/>\n<meta name=\"robots\" content=\"index, follow, max-snippet:-1, max-image-preview:large, max-video-preview:-1\" \/>\n<link rel=\"canonical\" href=\"https:\/\/www.istegroup.com\/fr\/produit\/bases-de-communications-numeriques-1\/\" \/>\n<meta property=\"og:locale\" content=\"fr_FR\" \/>\n<meta property=\"og:type\" content=\"article\" \/>\n<meta property=\"og:title\" content=\"Bases de communications num\u00e9riques 1 - ISTE Group\" \/>\n<meta property=\"og:description\" content=\"Bases de communications num\u00e9riques 1\u00a0traite du codage de source et du codage de canal et rappelle les notions fondamentales de communications num\u00e9riques.\" \/>\n<meta property=\"og:url\" content=\"https:\/\/www.istegroup.com\/fr\/produit\/bases-de-communications-numeriques-1\/\" \/>\n<meta property=\"og:site_name\" content=\"ISTE Group\" \/>\n<meta property=\"article:modified_time\" content=\"2024-01-03T13:38:35+00:00\" \/>\n<meta property=\"og:image\" content=\"https:\/\/www.istegroup.com\/wp-content\/uploads\/2017\/07\/2792091396_927817028-1.jpg\" \/>\n\t<meta property=\"og:image:width\" content=\"300\" \/>\n\t<meta property=\"og:image:height\" content=\"453\" \/>\n\t<meta property=\"og:image:type\" content=\"image\/jpeg\" \/>\n<meta name=\"twitter:card\" content=\"summary_large_image\" \/>\n<meta name=\"twitter:label1\" content=\"Est. reading time\" \/>\n\t<meta name=\"twitter:data1\" content=\"1 minute\" \/>\n<script type=\"application\/ld+json\" class=\"yoast-schema-graph\">{\"@context\":\"https:\/\/schema.org\",\"@graph\":[{\"@type\":\"WebPage\",\"@id\":\"https:\/\/www.istegroup.com\/fr\/produit\/bases-de-communications-numeriques-1\/\",\"url\":\"https:\/\/www.istegroup.com\/fr\/produit\/bases-de-communications-numeriques-1\/\",\"name\":\"Bases de communications num\u00e9riques 1 - ISTE Group\",\"isPartOf\":{\"@id\":\"https:\/\/www.istegroup.com\/#website\"},\"primaryImageOfPage\":{\"@id\":\"https:\/\/www.istegroup.com\/fr\/produit\/bases-de-communications-numeriques-1\/#primaryimage\"},\"image\":{\"@id\":\"https:\/\/www.istegroup.com\/fr\/produit\/bases-de-communications-numeriques-1\/#primaryimage\"},\"thumbnailUrl\":\"https:\/\/www.istegroup.com\/wp-content\/uploads\/2017\/07\/2792091396_927817028-1.jpg\",\"datePublished\":\"2017-07-28T08:30:06+00:00\",\"dateModified\":\"2024-01-03T13:38:35+00:00\",\"description\":\"Bases de communications num\u00e9riques 1\u00a0traite du codage de source et du codage de canal et rappelle les notions fondamentales de communications num\u00e9riques.\",\"breadcrumb\":{\"@id\":\"https:\/\/www.istegroup.com\/fr\/produit\/bases-de-communications-numeriques-1\/#breadcrumb\"},\"inLanguage\":\"fr-FR\",\"potentialAction\":[{\"@type\":\"ReadAction\",\"target\":[\"https:\/\/www.istegroup.com\/fr\/produit\/bases-de-communications-numeriques-1\/\"]}]},{\"@type\":\"ImageObject\",\"inLanguage\":\"fr-FR\",\"@id\":\"https:\/\/www.istegroup.com\/fr\/produit\/bases-de-communications-numeriques-1\/#primaryimage\",\"url\":\"https:\/\/www.istegroup.com\/wp-content\/uploads\/2017\/07\/2792091396_927817028-1.jpg\",\"contentUrl\":\"https:\/\/www.istegroup.com\/wp-content\/uploads\/2017\/07\/2792091396_927817028-1.jpg\",\"width\":300,\"height\":453,\"caption\":\"Codage de source et codage de canal\"},{\"@type\":\"BreadcrumbList\",\"@id\":\"https:\/\/www.istegroup.com\/fr\/produit\/bases-de-communications-numeriques-1\/#breadcrumb\",\"itemListElement\":[{\"@type\":\"ListItem\",\"position\":1,\"name\":\"Home\",\"item\":\"https:\/\/www.istegroup.com\/\"},{\"@type\":\"ListItem\",\"position\":2,\"name\":\"Shop\",\"item\":\"https:\/\/www.istegroup.com\/fr\/nouveautes\/\"},{\"@type\":\"ListItem\",\"position\":3,\"name\":\"Bases de communications num\u00e9riques 1\"}]},{\"@type\":\"WebSite\",\"@id\":\"https:\/\/www.istegroup.com\/#website\",\"url\":\"https:\/\/www.istegroup.com\/\",\"name\":\"ISTE Group\",\"description\":\"\u00c9diteur des Sciences\",\"potentialAction\":[{\"@type\":\"SearchAction\",\"target\":{\"@type\":\"EntryPoint\",\"urlTemplate\":\"https:\/\/www.istegroup.com\/?s={search_term_string}\"},\"query-input\":{\"@type\":\"PropertyValueSpecification\",\"valueRequired\":true,\"valueName\":\"search_term_string\"}}],\"inLanguage\":\"fr-FR\"}]}<\/script>\n<!-- \/ Yoast SEO plugin. -->","yoast_head_json":{"title":"Bases de communications num\u00e9riques 1 - ISTE Group","description":"Bases de communications num\u00e9riques 1\u00a0traite du codage de source et du codage de canal et rappelle les notions fondamentales de communications num\u00e9riques.","robots":{"index":"index","follow":"follow","max-snippet":"max-snippet:-1","max-image-preview":"max-image-preview:large","max-video-preview":"max-video-preview:-1"},"canonical":"https:\/\/www.istegroup.com\/fr\/produit\/bases-de-communications-numeriques-1\/","og_locale":"fr_FR","og_type":"article","og_title":"Bases de communications num\u00e9riques 1 - ISTE Group","og_description":"Bases de communications num\u00e9riques 1\u00a0traite du codage de source et du codage de canal et rappelle les notions fondamentales de communications num\u00e9riques.","og_url":"https:\/\/www.istegroup.com\/fr\/produit\/bases-de-communications-numeriques-1\/","og_site_name":"ISTE Group","article_modified_time":"2024-01-03T13:38:35+00:00","og_image":[{"width":300,"height":453,"url":"https:\/\/www.istegroup.com\/wp-content\/uploads\/2017\/07\/2792091396_927817028-1.jpg","type":"image\/jpeg"}],"twitter_card":"summary_large_image","twitter_misc":{"Est. reading time":"1 minute"},"schema":{"@context":"https:\/\/schema.org","@graph":[{"@type":"WebPage","@id":"https:\/\/www.istegroup.com\/fr\/produit\/bases-de-communications-numeriques-1\/","url":"https:\/\/www.istegroup.com\/fr\/produit\/bases-de-communications-numeriques-1\/","name":"Bases de communications num\u00e9riques 1 - ISTE Group","isPartOf":{"@id":"https:\/\/www.istegroup.com\/#website"},"primaryImageOfPage":{"@id":"https:\/\/www.istegroup.com\/fr\/produit\/bases-de-communications-numeriques-1\/#primaryimage"},"image":{"@id":"https:\/\/www.istegroup.com\/fr\/produit\/bases-de-communications-numeriques-1\/#primaryimage"},"thumbnailUrl":"https:\/\/www.istegroup.com\/wp-content\/uploads\/2017\/07\/2792091396_927817028-1.jpg","datePublished":"2017-07-28T08:30:06+00:00","dateModified":"2024-01-03T13:38:35+00:00","description":"Bases de communications num\u00e9riques 1\u00a0traite du codage de source et du codage de canal et rappelle les notions fondamentales de communications num\u00e9riques.","breadcrumb":{"@id":"https:\/\/www.istegroup.com\/fr\/produit\/bases-de-communications-numeriques-1\/#breadcrumb"},"inLanguage":"fr-FR","potentialAction":[{"@type":"ReadAction","target":["https:\/\/www.istegroup.com\/fr\/produit\/bases-de-communications-numeriques-1\/"]}]},{"@type":"ImageObject","inLanguage":"fr-FR","@id":"https:\/\/www.istegroup.com\/fr\/produit\/bases-de-communications-numeriques-1\/#primaryimage","url":"https:\/\/www.istegroup.com\/wp-content\/uploads\/2017\/07\/2792091396_927817028-1.jpg","contentUrl":"https:\/\/www.istegroup.com\/wp-content\/uploads\/2017\/07\/2792091396_927817028-1.jpg","width":300,"height":453,"caption":"Codage de source et codage de canal"},{"@type":"BreadcrumbList","@id":"https:\/\/www.istegroup.com\/fr\/produit\/bases-de-communications-numeriques-1\/#breadcrumb","itemListElement":[{"@type":"ListItem","position":1,"name":"Home","item":"https:\/\/www.istegroup.com\/"},{"@type":"ListItem","position":2,"name":"Shop","item":"https:\/\/www.istegroup.com\/fr\/nouveautes\/"},{"@type":"ListItem","position":3,"name":"Bases de communications num\u00e9riques 1"}]},{"@type":"WebSite","@id":"https:\/\/www.istegroup.com\/#website","url":"https:\/\/www.istegroup.com\/","name":"ISTE Group","description":"\u00c9diteur des Sciences","potentialAction":[{"@type":"SearchAction","target":{"@type":"EntryPoint","urlTemplate":"https:\/\/www.istegroup.com\/?s={search_term_string}"},"query-input":{"@type":"PropertyValueSpecification","valueRequired":true,"valueName":"search_term_string"}}],"inLanguage":"fr-FR"}]}},"_links":{"self":[{"href":"https:\/\/www.istegroup.com\/fr\/wp-json\/wp\/v2\/product\/90","targetHints":{"allow":["GET"]}}],"collection":[{"href":"https:\/\/www.istegroup.com\/fr\/wp-json\/wp\/v2\/product"}],"about":[{"href":"https:\/\/www.istegroup.com\/fr\/wp-json\/wp\/v2\/types\/product"}],"wp:featuredmedia":[{"embeddable":true,"href":"https:\/\/www.istegroup.com\/fr\/wp-json\/wp\/v2\/media\/91"}],"wp:attachment":[{"href":"https:\/\/www.istegroup.com\/fr\/wp-json\/wp\/v2\/media?parent=90"}],"wp:term":[{"taxonomy":"product_brand","embeddable":true,"href":"https:\/\/www.istegroup.com\/fr\/wp-json\/wp\/v2\/product_brand?post=90"},{"taxonomy":"product_cat","embeddable":true,"href":"https:\/\/www.istegroup.com\/fr\/wp-json\/wp\/v2\/product_cat?post=90"},{"taxonomy":"product_tag","embeddable":true,"href":"https:\/\/www.istegroup.com\/fr\/wp-json\/wp\/v2\/product_tag?post=90"}],"curies":[{"name":"wp","href":"https:\/\/api.w.org\/{rel}","templated":true}]}}