{"id":86,"date":"2017-07-28T10:29:54","date_gmt":"2017-07-28T08:29:54","guid":{"rendered":"https:\/\/iste.yhello.co\/product\/autonomie-et-apprentissage-universitaire\/"},"modified":"2024-01-03T13:38:31","modified_gmt":"2024-01-03T13:38:31","slug":"autonomie-et-apprentissage-universitaire","status":"publish","type":"product","link":"https:\/\/www.istegroup.com\/fr\/produit\/autonomie-et-apprentissage-universitaire\/","title":{"rendered":"Autonomie et apprentissage universitaire"},"content":{"rendered":"<p>L\u2019autonomie est un des objectifs de l\u2019enseignement sup\u00e9rieur. Elle constitue un ensemble complexe d\u2019activit\u00e9s cognitives facilit\u00e9es par la r\u00e9flexivit\u00e9, le sentiment d\u2019efficacit\u00e9 personnel, la cr\u00e9ativit\u00e9 et l\u2019auto\u00e9valuation. En situation d\u2019apprentissage, diff\u00e9rents outils peuvent accompagner ces processus, \u00e0 travers la pr\u00e9sentation et les r\u00e9sultats d\u2019\u00e9tudes r\u00e9alis\u00e9es dans les formations \u00e0 distance, en pr\u00e9sence ou hybrides. Ces \u00e9l\u00e9ments de r\u00e9flexion permettent de proposer une maquette d\u2019environnement personnel, dont l\u2019\u00e9tudiant est le concepteur, bas\u00e9 sur l\u2019enregistrement des traces de sa propre activit\u00e9 pour d\u00e9clencher et soutenir l\u2019autonomie dans les apprentissages.<\/p>\n<p>L\u2019autonomie est d\u00e9finie au regard des outils existants de communication, de production, de partage et de gestion des informations. Illustr\u00e9 par des exemples concrets (journal de bord, cartes mentales, e-portfolio, etc.), cet ouvrage est un support pour un enseignant\/formateur qui d\u00e9sire utiliser ces technologies dans ses pratiques professionnelles.<\/p>\n","protected":false},"excerpt":{"rendered":"<p>L\u2019autonomie est un des objectifs de l\u2019enseignement sup\u00e9rieur. Elle constitue un ensemble complexe d\u2019activit\u00e9s cognitives facilit\u00e9es par la r\u00e9flexivit\u00e9, le sentiment d\u2019efficacit\u00e9 personnel, la cr\u00e9ativit\u00e9 et l\u2019auto\u00e9valuation. En situation d\u2019apprentissage, diff\u00e9rents outils peuvent accompagner ces processus, \u00e0 travers la pr\u00e9sentation et les r\u00e9sultats d\u2019\u00e9tudes r\u00e9alis\u00e9es dans les formations \u00e0 distance, en pr\u00e9sence ou hybrides. Ces [&hellip;]<\/p>\n","protected":false},"featured_media":87,"template":"","meta":{"_acf_changed":false,"_links_to":"","_links_to_target":""},"product_brand":[],"product_cat":[682],"product_tag":[827,828,829,830,831,170,31,18,19,218,20,832,833,21,22,63,26,27,834,38,28,29,213,835,384,836,253],"class_list":{"0":"post-86","1":"product","2":"type-product","3":"status-publish","4":"has-post-thumbnail","6":"product_cat-sciences-cognitives-12506546","7":"product_tag-activites-cognitives","8":"product_tag-aides","9":"product_tag-apprentissage-universitaire","10":"product_tag-autonomie","11":"product_tag-autonomie-et-apprentissage-universitaire","12":"product_tag-communication","13":"product_tag-ebook","14":"product_tag-edition-scientifique","15":"product_tag-editions-francaise","16":"product_tag-editions-ouvrage","17":"product_tag-editions-technique","18":"product_tag-gestion","19":"product_tag-information","20":"product_tag-iste-group","21":"product_tag-istegroup","22":"product_tag-livre-electronique","23":"product_tag-livre-scientifique-francais","24":"product_tag-livre-technique-francais","25":"product_tag-outils","26":"product_tag-ouvrage-numerique","27":"product_tag-ouvrage-scientifique-francais","28":"product_tag-ouvrage-technique","29":"product_tag-ouvrages-scientifiques","30":"product_tag-partage","31":"product_tag-production","32":"product_tag-stephanie-mailles-viard","33":"product_tag-technologie","35":"first","36":"instock","37":"sold-individually","38":"shipping-taxable","39":"purchasable","40":"product-type-variable"},"acf":[],"yoast_head":"<!-- This site is optimized with the Yoast SEO plugin v27.2 - https:\/\/yoast.com\/product\/yoast-seo-wordpress\/ -->\n<title>Autonomie et apprentissage universitaire - ISTE Group<\/title>\n<meta name=\"description\" content=\"Autonomie et apprentissage universitaire est un support pour un enseignant\/formateur qui d\u00e9sire utiliser ces technologies dans ses pratiques professionnelles.\" \/>\n<meta name=\"robots\" content=\"index, follow, max-snippet:-1, max-image-preview:large, max-video-preview:-1\" \/>\n<link rel=\"canonical\" href=\"https:\/\/www.istegroup.com\/fr\/produit\/autonomie-et-apprentissage-universitaire\/\" \/>\n<meta property=\"og:locale\" content=\"fr_FR\" \/>\n<meta property=\"og:type\" content=\"article\" \/>\n<meta property=\"og:title\" content=\"Autonomie et apprentissage universitaire - ISTE Group\" \/>\n<meta property=\"og:description\" content=\"Autonomie et apprentissage universitaire est un support pour un enseignant\/formateur qui d\u00e9sire utiliser ces technologies dans ses pratiques professionnelles.\" \/>\n<meta property=\"og:url\" content=\"https:\/\/www.istegroup.com\/fr\/produit\/autonomie-et-apprentissage-universitaire\/\" \/>\n<meta property=\"og:site_name\" content=\"ISTE Group\" \/>\n<meta property=\"article:modified_time\" content=\"2024-01-03T13:38:31+00:00\" \/>\n<meta property=\"og:image\" content=\"https:\/\/www.istegroup.com\/wp-content\/uploads\/2017\/07\/1720344516_471647876-1.jpg\" \/>\n\t<meta property=\"og:image:width\" content=\"300\" \/>\n\t<meta property=\"og:image:height\" content=\"451\" \/>\n\t<meta property=\"og:image:type\" content=\"image\/jpeg\" \/>\n<meta name=\"twitter:card\" content=\"summary_large_image\" \/>\n<meta name=\"twitter:label1\" content=\"Est. reading time\" \/>\n\t<meta name=\"twitter:data1\" content=\"1 minute\" \/>\n<script type=\"application\/ld+json\" class=\"yoast-schema-graph\">{\"@context\":\"https:\/\/schema.org\",\"@graph\":[{\"@type\":\"WebPage\",\"@id\":\"https:\/\/www.istegroup.com\/fr\/produit\/autonomie-et-apprentissage-universitaire\/\",\"url\":\"https:\/\/www.istegroup.com\/fr\/produit\/autonomie-et-apprentissage-universitaire\/\",\"name\":\"Autonomie et apprentissage universitaire - ISTE Group\",\"isPartOf\":{\"@id\":\"https:\/\/www.istegroup.com\/#website\"},\"primaryImageOfPage\":{\"@id\":\"https:\/\/www.istegroup.com\/fr\/produit\/autonomie-et-apprentissage-universitaire\/#primaryimage\"},\"image\":{\"@id\":\"https:\/\/www.istegroup.com\/fr\/produit\/autonomie-et-apprentissage-universitaire\/#primaryimage\"},\"thumbnailUrl\":\"https:\/\/www.istegroup.com\/wp-content\/uploads\/2017\/07\/1720344516_471647876-1.jpg\",\"datePublished\":\"2017-07-28T08:29:54+00:00\",\"dateModified\":\"2024-01-03T13:38:31+00:00\",\"description\":\"Autonomie et apprentissage universitaire est un support pour un enseignant\/formateur qui d\u00e9sire utiliser ces technologies dans ses pratiques professionnelles.\",\"breadcrumb\":{\"@id\":\"https:\/\/www.istegroup.com\/fr\/produit\/autonomie-et-apprentissage-universitaire\/#breadcrumb\"},\"inLanguage\":\"fr-FR\",\"potentialAction\":[{\"@type\":\"ReadAction\",\"target\":[\"https:\/\/www.istegroup.com\/fr\/produit\/autonomie-et-apprentissage-universitaire\/\"]}]},{\"@type\":\"ImageObject\",\"inLanguage\":\"fr-FR\",\"@id\":\"https:\/\/www.istegroup.com\/fr\/produit\/autonomie-et-apprentissage-universitaire\/#primaryimage\",\"url\":\"https:\/\/www.istegroup.com\/wp-content\/uploads\/2017\/07\/1720344516_471647876-1.jpg\",\"contentUrl\":\"https:\/\/www.istegroup.com\/wp-content\/uploads\/2017\/07\/1720344516_471647876-1.jpg\",\"width\":300,\"height\":451,\"caption\":\"Aides et outils\"},{\"@type\":\"BreadcrumbList\",\"@id\":\"https:\/\/www.istegroup.com\/fr\/produit\/autonomie-et-apprentissage-universitaire\/#breadcrumb\",\"itemListElement\":[{\"@type\":\"ListItem\",\"position\":1,\"name\":\"Home\",\"item\":\"https:\/\/www.istegroup.com\/\"},{\"@type\":\"ListItem\",\"position\":2,\"name\":\"Shop\",\"item\":\"https:\/\/www.istegroup.com\/fr\/nouveautes\/\"},{\"@type\":\"ListItem\",\"position\":3,\"name\":\"Autonomie et apprentissage universitaire\"}]},{\"@type\":\"WebSite\",\"@id\":\"https:\/\/www.istegroup.com\/#website\",\"url\":\"https:\/\/www.istegroup.com\/\",\"name\":\"ISTE Group\",\"description\":\"\u00c9diteur des Sciences\",\"potentialAction\":[{\"@type\":\"SearchAction\",\"target\":{\"@type\":\"EntryPoint\",\"urlTemplate\":\"https:\/\/www.istegroup.com\/?s={search_term_string}\"},\"query-input\":{\"@type\":\"PropertyValueSpecification\",\"valueRequired\":true,\"valueName\":\"search_term_string\"}}],\"inLanguage\":\"fr-FR\"}]}<\/script>\n<!-- \/ Yoast SEO plugin. -->","yoast_head_json":{"title":"Autonomie et apprentissage universitaire - ISTE Group","description":"Autonomie et apprentissage universitaire est un support pour un enseignant\/formateur qui d\u00e9sire utiliser ces technologies dans ses pratiques professionnelles.","robots":{"index":"index","follow":"follow","max-snippet":"max-snippet:-1","max-image-preview":"max-image-preview:large","max-video-preview":"max-video-preview:-1"},"canonical":"https:\/\/www.istegroup.com\/fr\/produit\/autonomie-et-apprentissage-universitaire\/","og_locale":"fr_FR","og_type":"article","og_title":"Autonomie et apprentissage universitaire - ISTE Group","og_description":"Autonomie et apprentissage universitaire est un support pour un enseignant\/formateur qui d\u00e9sire utiliser ces technologies dans ses pratiques professionnelles.","og_url":"https:\/\/www.istegroup.com\/fr\/produit\/autonomie-et-apprentissage-universitaire\/","og_site_name":"ISTE Group","article_modified_time":"2024-01-03T13:38:31+00:00","og_image":[{"width":300,"height":451,"url":"https:\/\/www.istegroup.com\/wp-content\/uploads\/2017\/07\/1720344516_471647876-1.jpg","type":"image\/jpeg"}],"twitter_card":"summary_large_image","twitter_misc":{"Est. reading time":"1 minute"},"schema":{"@context":"https:\/\/schema.org","@graph":[{"@type":"WebPage","@id":"https:\/\/www.istegroup.com\/fr\/produit\/autonomie-et-apprentissage-universitaire\/","url":"https:\/\/www.istegroup.com\/fr\/produit\/autonomie-et-apprentissage-universitaire\/","name":"Autonomie et apprentissage universitaire - ISTE Group","isPartOf":{"@id":"https:\/\/www.istegroup.com\/#website"},"primaryImageOfPage":{"@id":"https:\/\/www.istegroup.com\/fr\/produit\/autonomie-et-apprentissage-universitaire\/#primaryimage"},"image":{"@id":"https:\/\/www.istegroup.com\/fr\/produit\/autonomie-et-apprentissage-universitaire\/#primaryimage"},"thumbnailUrl":"https:\/\/www.istegroup.com\/wp-content\/uploads\/2017\/07\/1720344516_471647876-1.jpg","datePublished":"2017-07-28T08:29:54+00:00","dateModified":"2024-01-03T13:38:31+00:00","description":"Autonomie et apprentissage universitaire est un support pour un enseignant\/formateur qui d\u00e9sire utiliser ces technologies dans ses pratiques professionnelles.","breadcrumb":{"@id":"https:\/\/www.istegroup.com\/fr\/produit\/autonomie-et-apprentissage-universitaire\/#breadcrumb"},"inLanguage":"fr-FR","potentialAction":[{"@type":"ReadAction","target":["https:\/\/www.istegroup.com\/fr\/produit\/autonomie-et-apprentissage-universitaire\/"]}]},{"@type":"ImageObject","inLanguage":"fr-FR","@id":"https:\/\/www.istegroup.com\/fr\/produit\/autonomie-et-apprentissage-universitaire\/#primaryimage","url":"https:\/\/www.istegroup.com\/wp-content\/uploads\/2017\/07\/1720344516_471647876-1.jpg","contentUrl":"https:\/\/www.istegroup.com\/wp-content\/uploads\/2017\/07\/1720344516_471647876-1.jpg","width":300,"height":451,"caption":"Aides et outils"},{"@type":"BreadcrumbList","@id":"https:\/\/www.istegroup.com\/fr\/produit\/autonomie-et-apprentissage-universitaire\/#breadcrumb","itemListElement":[{"@type":"ListItem","position":1,"name":"Home","item":"https:\/\/www.istegroup.com\/"},{"@type":"ListItem","position":2,"name":"Shop","item":"https:\/\/www.istegroup.com\/fr\/nouveautes\/"},{"@type":"ListItem","position":3,"name":"Autonomie et apprentissage universitaire"}]},{"@type":"WebSite","@id":"https:\/\/www.istegroup.com\/#website","url":"https:\/\/www.istegroup.com\/","name":"ISTE Group","description":"\u00c9diteur des Sciences","potentialAction":[{"@type":"SearchAction","target":{"@type":"EntryPoint","urlTemplate":"https:\/\/www.istegroup.com\/?s={search_term_string}"},"query-input":{"@type":"PropertyValueSpecification","valueRequired":true,"valueName":"search_term_string"}}],"inLanguage":"fr-FR"}]}},"_links":{"self":[{"href":"https:\/\/www.istegroup.com\/fr\/wp-json\/wp\/v2\/product\/86","targetHints":{"allow":["GET"]}}],"collection":[{"href":"https:\/\/www.istegroup.com\/fr\/wp-json\/wp\/v2\/product"}],"about":[{"href":"https:\/\/www.istegroup.com\/fr\/wp-json\/wp\/v2\/types\/product"}],"wp:featuredmedia":[{"embeddable":true,"href":"https:\/\/www.istegroup.com\/fr\/wp-json\/wp\/v2\/media\/87"}],"wp:attachment":[{"href":"https:\/\/www.istegroup.com\/fr\/wp-json\/wp\/v2\/media?parent=86"}],"wp:term":[{"taxonomy":"product_brand","embeddable":true,"href":"https:\/\/www.istegroup.com\/fr\/wp-json\/wp\/v2\/product_brand?post=86"},{"taxonomy":"product_cat","embeddable":true,"href":"https:\/\/www.istegroup.com\/fr\/wp-json\/wp\/v2\/product_cat?post=86"},{"taxonomy":"product_tag","embeddable":true,"href":"https:\/\/www.istegroup.com\/fr\/wp-json\/wp\/v2\/product_tag?post=86"}],"curies":[{"name":"wp","href":"https:\/\/api.w.org\/{rel}","templated":true}]}}