{"id":84,"date":"2017-07-28T10:29:51","date_gmt":"2017-07-28T08:29:51","guid":{"rendered":"https:\/\/iste.yhello.co\/product\/automatique-pour-la-robotique\/"},"modified":"2025-10-06T12:32:26","modified_gmt":"2025-10-06T11:32:26","slug":"automatique-pour-la-robotique","status":"publish","type":"product","link":"https:\/\/www.istegroup.com\/fr\/produit\/automatique-pour-la-robotique\/","title":{"rendered":"Automatique pour la robotique"},"content":{"rendered":"<p>Discipline en plein d\u00e9veloppement, propuls\u00e9e par l\u2019essor de la robotique mobile autonome \u2013 notamment les drones \u2013, l\u2019automatique a pour objectif de concevoir des r\u00e9gulateurs capables d\u2019asservir un syst\u00e8me dynamique existant (voiture, avion, syst\u00e8me \u00e9conomique&#8230;). Le syst\u00e8me asservi qui en r\u00e9sulte est ainsi constitu\u00e9 du bouclage d\u2019un syst\u00e8me physique actionn\u00e9 et \u00e9quip\u00e9 de capteurs par une \u00e9lectronique intelligente. Alors que le syst\u00e8me initial ob\u00e9issait uniquement aux lois de la physique, l\u2019\u00e9volution du syst\u00e8me boucl\u00e9 ob\u00e9it en plus \u00e0 un programme informatique implant\u00e9 dans l\u2019\u00e9lectronique du r\u00e9gulateur.<\/p>\n<p>Afin de permettre une meilleure acquisition des concepts-cl\u00e9s de l\u2019automatique, cet ouvrage d\u00e9veloppe les aspects fondamentaux du domaine tout en proposant de nombreux exercices concrets et leurs corrig\u00e9s. L\u2019approche th\u00e9orique qu\u2019il pr\u00e9sente utilise essentiellement l\u2019espace d\u2019\u00e9tat et permet de traiter simplement des syst\u00e8mes g\u00e9n\u00e9raux et complexes faisant intervenir plusieurs actionneurs et plusieurs capteurs de nature diff\u00e9rente. Cette approche n\u00e9cessite l\u2019utilisation d\u2019outils th\u00e9oriques \u00e9labor\u00e9s tels que l\u2019alg\u00e8bre lin\u00e9aire, l\u2019analyse et la physique, enseign\u00e9s dans les classes pr\u00e9paratoires des \u00e9coles d\u2019ing\u00e9nieurs.<\/p>\n","protected":false},"excerpt":{"rendered":"<p>Version papier \u00e9puis\u00e9e<\/p>\n","protected":false},"featured_media":85,"template":"","meta":{"_acf_changed":false,"_links_to":"","_links_to_target":""},"product_brand":[],"product_cat":[678],"product_tag":[817,818,819,820,31,18,19,218,20,21,22,63,25,26,27,99,821,822,28,29,506,826,823,824,825],"class_list":{"0":"post-84","1":"product","2":"type-product","3":"status-publish","4":"has-post-thumbnail","6":"product_cat-robotique-434071505","7":"product_tag-automatique","8":"product_tag-automatique-pour-la-robotique","9":"product_tag-drone","10":"product_tag-drones","11":"product_tag-ebook","12":"product_tag-edition-scientifique","13":"product_tag-editions-francaise","14":"product_tag-editions-ouvrage","15":"product_tag-editions-technique","16":"product_tag-iste-group","17":"product_tag-istegroup","18":"product_tag-livre-electronique","19":"product_tag-livre-numerique","20":"product_tag-livre-scientifique-francais","21":"product_tag-livre-technique-francais","22":"product_tag-livres-numeriques","23":"product_tag-luc-jaulin","24":"product_tag-mobile","25":"product_tag-ouvrage-scientifique-francais","26":"product_tag-ouvrage-technique","27":"product_tag-reconnaissance-automatique-de-la-parole","28":"product_tag-regulateur","29":"product_tag-robotique","30":"product_tag-robotique-mobile","31":"product_tag-robotique-mobile-autonome","33":"first","34":"instock","35":"shipping-taxable","36":"purchasable","37":"product-type-variable"},"acf":[],"yoast_head":"<!-- This site is optimized with the Yoast SEO plugin v27.2 - https:\/\/yoast.com\/product\/yoast-seo-wordpress\/ -->\n<title>Automatique pour la robotique - ISTE Group<\/title>\n<meta name=\"description\" content=\"Automatique pour la robotique d\u00e9veloppe les aspects fondamentaux du domaine tout en proposant de nombreux exercices concrets et leurs corrig\u00e9s.\" \/>\n<meta name=\"robots\" content=\"index, follow, max-snippet:-1, max-image-preview:large, max-video-preview:-1\" \/>\n<link rel=\"canonical\" href=\"https:\/\/www.istegroup.com\/produit\/automatique-pour-la-robotique\/\" \/>\n<meta property=\"og:locale\" content=\"fr_FR\" \/>\n<meta property=\"og:type\" content=\"article\" \/>\n<meta property=\"og:title\" content=\"Automatique pour la robotique - ISTE Group\" \/>\n<meta property=\"og:description\" content=\"Automatique pour la robotique d\u00e9veloppe les aspects fondamentaux du domaine tout en proposant de nombreux exercices concrets et leurs corrig\u00e9s.\" \/>\n<meta property=\"og:url\" content=\"https:\/\/www.istegroup.com\/produit\/automatique-pour-la-robotique\/\" \/>\n<meta property=\"og:site_name\" content=\"ISTE Group\" \/>\n<meta property=\"article:modified_time\" content=\"2025-10-06T11:32:26+00:00\" \/>\n<meta property=\"og:image\" content=\"https:\/\/www.istegroup.com\/wp-content\/uploads\/2017\/07\/1054882240_373003996-1.jpg\" \/>\n\t<meta property=\"og:image:width\" content=\"300\" \/>\n\t<meta property=\"og:image:height\" content=\"452\" \/>\n\t<meta property=\"og:image:type\" content=\"image\/jpeg\" \/>\n<meta name=\"twitter:card\" content=\"summary_large_image\" \/>\n<meta name=\"twitter:label1\" content=\"Est. reading time\" \/>\n\t<meta name=\"twitter:data1\" content=\"2 minutes\" \/>\n<script type=\"application\/ld+json\" class=\"yoast-schema-graph\">{\"@context\":\"https:\/\/schema.org\",\"@graph\":[{\"@type\":\"WebPage\",\"@id\":\"https:\/\/www.istegroup.com\/produit\/automatique-pour-la-robotique\/\",\"url\":\"https:\/\/www.istegroup.com\/produit\/automatique-pour-la-robotique\/\",\"name\":\"Automatique pour la robotique - ISTE Group\",\"isPartOf\":{\"@id\":\"https:\/\/www.istegroup.com\/#website\"},\"primaryImageOfPage\":{\"@id\":\"https:\/\/www.istegroup.com\/produit\/automatique-pour-la-robotique\/#primaryimage\"},\"image\":{\"@id\":\"https:\/\/www.istegroup.com\/produit\/automatique-pour-la-robotique\/#primaryimage\"},\"thumbnailUrl\":\"https:\/\/www.istegroup.com\/wp-content\/uploads\/2017\/07\/1054882240_373003996-1.jpg\",\"datePublished\":\"2017-07-28T08:29:51+00:00\",\"dateModified\":\"2025-10-06T11:32:26+00:00\",\"description\":\"Automatique pour la robotique d\u00e9veloppe les aspects fondamentaux du domaine tout en proposant de nombreux exercices concrets et leurs corrig\u00e9s.\",\"breadcrumb\":{\"@id\":\"https:\/\/www.istegroup.com\/produit\/automatique-pour-la-robotique\/#breadcrumb\"},\"inLanguage\":\"fr-FR\",\"potentialAction\":[{\"@type\":\"ReadAction\",\"target\":[\"https:\/\/www.istegroup.com\/produit\/automatique-pour-la-robotique\/\"]}]},{\"@type\":\"ImageObject\",\"inLanguage\":\"fr-FR\",\"@id\":\"https:\/\/www.istegroup.com\/produit\/automatique-pour-la-robotique\/#primaryimage\",\"url\":\"https:\/\/www.istegroup.com\/wp-content\/uploads\/2017\/07\/1054882240_373003996-1.jpg\",\"contentUrl\":\"https:\/\/www.istegroup.com\/wp-content\/uploads\/2017\/07\/1054882240_373003996-1.jpg\",\"width\":300,\"height\":452,\"caption\":\"Cours et exercices\"},{\"@type\":\"BreadcrumbList\",\"@id\":\"https:\/\/www.istegroup.com\/produit\/automatique-pour-la-robotique\/#breadcrumb\",\"itemListElement\":[{\"@type\":\"ListItem\",\"position\":1,\"name\":\"Home\",\"item\":\"https:\/\/www.istegroup.com\/\"},{\"@type\":\"ListItem\",\"position\":2,\"name\":\"Shop\",\"item\":\"https:\/\/www.istegroup.com\/fr\/nouveautes\/\"},{\"@type\":\"ListItem\",\"position\":3,\"name\":\"Automatique pour la robotique\"}]},{\"@type\":\"WebSite\",\"@id\":\"https:\/\/www.istegroup.com\/#website\",\"url\":\"https:\/\/www.istegroup.com\/\",\"name\":\"ISTE Group\",\"description\":\"\u00c9diteur des Sciences\",\"potentialAction\":[{\"@type\":\"SearchAction\",\"target\":{\"@type\":\"EntryPoint\",\"urlTemplate\":\"https:\/\/www.istegroup.com\/?s={search_term_string}\"},\"query-input\":{\"@type\":\"PropertyValueSpecification\",\"valueRequired\":true,\"valueName\":\"search_term_string\"}}],\"inLanguage\":\"fr-FR\"}]}<\/script>\n<!-- \/ Yoast SEO plugin. -->","yoast_head_json":{"title":"Automatique pour la robotique - ISTE Group","description":"Automatique pour la robotique d\u00e9veloppe les aspects fondamentaux du domaine tout en proposant de nombreux exercices concrets et leurs corrig\u00e9s.","robots":{"index":"index","follow":"follow","max-snippet":"max-snippet:-1","max-image-preview":"max-image-preview:large","max-video-preview":"max-video-preview:-1"},"canonical":"https:\/\/www.istegroup.com\/produit\/automatique-pour-la-robotique\/","og_locale":"fr_FR","og_type":"article","og_title":"Automatique pour la robotique - ISTE Group","og_description":"Automatique pour la robotique d\u00e9veloppe les aspects fondamentaux du domaine tout en proposant de nombreux exercices concrets et leurs corrig\u00e9s.","og_url":"https:\/\/www.istegroup.com\/produit\/automatique-pour-la-robotique\/","og_site_name":"ISTE Group","article_modified_time":"2025-10-06T11:32:26+00:00","og_image":[{"width":300,"height":452,"url":"https:\/\/www.istegroup.com\/wp-content\/uploads\/2017\/07\/1054882240_373003996-1.jpg","type":"image\/jpeg"}],"twitter_card":"summary_large_image","twitter_misc":{"Est. reading time":"2 minutes"},"schema":{"@context":"https:\/\/schema.org","@graph":[{"@type":"WebPage","@id":"https:\/\/www.istegroup.com\/produit\/automatique-pour-la-robotique\/","url":"https:\/\/www.istegroup.com\/produit\/automatique-pour-la-robotique\/","name":"Automatique pour la robotique - ISTE Group","isPartOf":{"@id":"https:\/\/www.istegroup.com\/#website"},"primaryImageOfPage":{"@id":"https:\/\/www.istegroup.com\/produit\/automatique-pour-la-robotique\/#primaryimage"},"image":{"@id":"https:\/\/www.istegroup.com\/produit\/automatique-pour-la-robotique\/#primaryimage"},"thumbnailUrl":"https:\/\/www.istegroup.com\/wp-content\/uploads\/2017\/07\/1054882240_373003996-1.jpg","datePublished":"2017-07-28T08:29:51+00:00","dateModified":"2025-10-06T11:32:26+00:00","description":"Automatique pour la robotique d\u00e9veloppe les aspects fondamentaux du domaine tout en proposant de nombreux exercices concrets et leurs corrig\u00e9s.","breadcrumb":{"@id":"https:\/\/www.istegroup.com\/produit\/automatique-pour-la-robotique\/#breadcrumb"},"inLanguage":"fr-FR","potentialAction":[{"@type":"ReadAction","target":["https:\/\/www.istegroup.com\/produit\/automatique-pour-la-robotique\/"]}]},{"@type":"ImageObject","inLanguage":"fr-FR","@id":"https:\/\/www.istegroup.com\/produit\/automatique-pour-la-robotique\/#primaryimage","url":"https:\/\/www.istegroup.com\/wp-content\/uploads\/2017\/07\/1054882240_373003996-1.jpg","contentUrl":"https:\/\/www.istegroup.com\/wp-content\/uploads\/2017\/07\/1054882240_373003996-1.jpg","width":300,"height":452,"caption":"Cours et exercices"},{"@type":"BreadcrumbList","@id":"https:\/\/www.istegroup.com\/produit\/automatique-pour-la-robotique\/#breadcrumb","itemListElement":[{"@type":"ListItem","position":1,"name":"Home","item":"https:\/\/www.istegroup.com\/"},{"@type":"ListItem","position":2,"name":"Shop","item":"https:\/\/www.istegroup.com\/fr\/nouveautes\/"},{"@type":"ListItem","position":3,"name":"Automatique pour la robotique"}]},{"@type":"WebSite","@id":"https:\/\/www.istegroup.com\/#website","url":"https:\/\/www.istegroup.com\/","name":"ISTE Group","description":"\u00c9diteur des Sciences","potentialAction":[{"@type":"SearchAction","target":{"@type":"EntryPoint","urlTemplate":"https:\/\/www.istegroup.com\/?s={search_term_string}"},"query-input":{"@type":"PropertyValueSpecification","valueRequired":true,"valueName":"search_term_string"}}],"inLanguage":"fr-FR"}]}},"_links":{"self":[{"href":"https:\/\/www.istegroup.com\/fr\/wp-json\/wp\/v2\/product\/84","targetHints":{"allow":["GET"]}}],"collection":[{"href":"https:\/\/www.istegroup.com\/fr\/wp-json\/wp\/v2\/product"}],"about":[{"href":"https:\/\/www.istegroup.com\/fr\/wp-json\/wp\/v2\/types\/product"}],"wp:featuredmedia":[{"embeddable":true,"href":"https:\/\/www.istegroup.com\/fr\/wp-json\/wp\/v2\/media\/85"}],"wp:attachment":[{"href":"https:\/\/www.istegroup.com\/fr\/wp-json\/wp\/v2\/media?parent=84"}],"wp:term":[{"taxonomy":"product_brand","embeddable":true,"href":"https:\/\/www.istegroup.com\/fr\/wp-json\/wp\/v2\/product_brand?post=84"},{"taxonomy":"product_cat","embeddable":true,"href":"https:\/\/www.istegroup.com\/fr\/wp-json\/wp\/v2\/product_cat?post=84"},{"taxonomy":"product_tag","embeddable":true,"href":"https:\/\/www.istegroup.com\/fr\/wp-json\/wp\/v2\/product_tag?post=84"}],"curies":[{"name":"wp","href":"https:\/\/api.w.org\/{rel}","templated":true}]}}