{"id":650,"date":"2017-07-28T15:38:35","date_gmt":"2017-07-28T13:38:35","guid":{"rendered":"https:\/\/iste.yhello.co\/product\/transports-et-intermodalite\/"},"modified":"2024-01-03T13:41:13","modified_gmt":"2024-01-03T13:41:13","slug":"transports-et-intermodalite","status":"publish","type":"product","link":"https:\/\/www.istegroup.com\/fr\/produit\/transports-et-intermodalite\/","title":{"rendered":"Transports et intermodalit\u00e9"},"content":{"rendered":"<p>L\u2019intermodalit\u00e9 est aujourd\u2019hui au centre d\u2019une nouvelle g\u00e9ographie des transports, non plus sectorielle mais globale, associant l\u2019ensemble des modes et des \u00e9chelles spatiales et temporelles dans un syst\u00e8me unique int\u00e9gr\u00e9. Vecteur de nombreuses innovations, elle constitue une cl\u00e9 de compr\u00e9hension incontournable du syst\u00e8me de transport actuel et du fonctionnement des territoires qu\u2019il dessert.<\/p>\n<p>Cet ouvrage pr\u00e9sente les politiques innovantes en mati\u00e8re de transport et \u00e9tudie leurs influences sur les d\u00e9placements de voyageurs et de marchandises, mais aussi sur les consommations d\u2019\u00e9nergies non renouvelables. Il aborde les cons\u00e9quences de la mise en place de ces nouvelles modalit\u00e9s de circulation selon trois axes th\u00e9matiques : la durabilit\u00e9 du syst\u00e8me de transport, l\u2019accessibilit\u00e9 des territoires et les \u00e9changes de personnes ou de biens.<\/p>\n<p>L\u2019offre intermodale doit s\u2019adapter aux nouvelles pratiques de transport n\u00e9es de l\u2019\u00e9volution conjointe des contextes \u00e9conomique, \u00e9cologique et politique. L\u2019analyse de la m\u00e9canique de cette interaction permet de s\u2019interroger sur les r\u00f4les respectifs des acteurs institutionnels et financiers dans sa valorisation.<\/p>\n","protected":false},"excerpt":{"rendered":"<p>L\u2019intermodalit\u00e9 est aujourd\u2019hui au centre d\u2019une nouvelle g\u00e9ographie des transports, non plus sectorielle mais globale, associant l\u2019ensemble des modes et des \u00e9chelles spatiales et temporelles dans un syst\u00e8me unique int\u00e9gr\u00e9. Vecteur de nombreuses innovations, elle constitue une cl\u00e9 de compr\u00e9hension incontournable du syst\u00e8me de transport actuel et du fonctionnement des territoires qu\u2019il dessert. Cet ouvrage [&hellip;]<\/p>\n","protected":false},"featured_media":651,"template":"","meta":{"_acf_changed":false,"_links_to":"","_links_to_target":""},"product_brand":[],"product_cat":[675,684],"product_tag":[2398,405,2399,2400,31,196,1091,2006,2401,197,198,199,21,200,22,201,2402,203,204,63,25,172,209,161,212,38,192,145,28,2229,331,2403],"class_list":{"0":"post-650","1":"product","2":"type-product","3":"status-publish","4":"has-post-thumbnail","6":"product_cat-nouveauts-12519446","7":"product_cat-sciences-socit-et-nouvelles-technologies-188422468","8":"product_tag-accessibilite","9":"product_tag-circulation","10":"product_tag-consommation-denergie","11":"product_tag-deplacement-de-voyageurs","12":"product_tag-ebook","13":"product_tag-ebooks","14":"product_tag-echanges","15":"product_tag-geographie","16":"product_tag-intermodalite","17":"product_tag-iste","18":"product_tag-iste-edition","19":"product_tag-iste-editions","20":"product_tag-iste-group","21":"product_tag-isteedition","22":"product_tag-istegroup","23":"product_tag-kindle","24":"product_tag-laurent-chapelon","25":"product_tag-liseuse","26":"product_tag-livre","27":"product_tag-livre-electronique","28":"product_tag-livre-numerique","29":"product_tag-livre-scientifique","30":"product_tag-livres-scientifiques","31":"product_tag-mecanique","32":"product_tag-ouvrage","33":"product_tag-ouvrage-numerique","34":"product_tag-ouvrage-science","35":"product_tag-ouvrage-scientifique","36":"product_tag-ouvrage-scientifique-francais","37":"product_tag-territoire","38":"product_tag-transports","39":"product_tag-transports-et-intermodalite","41":"first","42":"instock","43":"shipping-taxable","44":"purchasable","45":"product-type-variable"},"acf":[],"yoast_head":"<!-- This site is optimized with the Yoast SEO plugin v27.2 - https:\/\/yoast.com\/product\/yoast-seo-wordpress\/ -->\n<title>Transports et intermodalit\u00e9 - ISTE Group<\/title>\n<meta name=\"description\" content=\"Transports et intermodalit\u00e9 pr\u00e9sente les politiques innovantes en mati\u00e8re de transport et \u00e9tudie leurs influences sur les d\u00e9placements de voyageurs et de marchandises, mais aussi sur les consommations d\u2019\u00e9nergies non renouvelables.\" \/>\n<meta name=\"robots\" content=\"index, follow, max-snippet:-1, max-image-preview:large, max-video-preview:-1\" \/>\n<link rel=\"canonical\" href=\"https:\/\/www.istegroup.com\/fr\/produit\/transports-et-intermodalite\/\" \/>\n<meta property=\"og:locale\" content=\"fr_FR\" \/>\n<meta property=\"og:type\" content=\"article\" \/>\n<meta property=\"og:title\" content=\"Transports et intermodalit\u00e9 - ISTE Group\" \/>\n<meta property=\"og:description\" content=\"Transports et intermodalit\u00e9 pr\u00e9sente les politiques innovantes en mati\u00e8re de transport et \u00e9tudie leurs influences sur les d\u00e9placements de voyageurs et de marchandises, mais aussi sur les consommations d\u2019\u00e9nergies non renouvelables.\" \/>\n<meta property=\"og:url\" content=\"https:\/\/www.istegroup.com\/fr\/produit\/transports-et-intermodalite\/\" \/>\n<meta property=\"og:site_name\" content=\"ISTE Group\" \/>\n<meta property=\"article:modified_time\" content=\"2024-01-03T13:41:13+00:00\" \/>\n<meta property=\"og:image\" content=\"https:\/\/www.istegroup.com\/wp-content\/uploads\/2017\/07\/15727718728_7728160840-1.jpg\" \/>\n\t<meta property=\"og:image:width\" content=\"1360\" \/>\n\t<meta property=\"og:image:height\" content=\"2048\" \/>\n\t<meta property=\"og:image:type\" content=\"image\/jpeg\" \/>\n<meta name=\"twitter:card\" content=\"summary_large_image\" \/>\n<meta name=\"twitter:label1\" content=\"Est. reading time\" \/>\n\t<meta name=\"twitter:data1\" content=\"1 minute\" \/>\n<script type=\"application\/ld+json\" class=\"yoast-schema-graph\">{\"@context\":\"https:\/\/schema.org\",\"@graph\":[{\"@type\":\"WebPage\",\"@id\":\"https:\/\/www.istegroup.com\/fr\/produit\/transports-et-intermodalite\/\",\"url\":\"https:\/\/www.istegroup.com\/fr\/produit\/transports-et-intermodalite\/\",\"name\":\"Transports et intermodalit\u00e9 - ISTE Group\",\"isPartOf\":{\"@id\":\"https:\/\/www.istegroup.com\/#website\"},\"primaryImageOfPage\":{\"@id\":\"https:\/\/www.istegroup.com\/fr\/produit\/transports-et-intermodalite\/#primaryimage\"},\"image\":{\"@id\":\"https:\/\/www.istegroup.com\/fr\/produit\/transports-et-intermodalite\/#primaryimage\"},\"thumbnailUrl\":\"https:\/\/www.istegroup.com\/wp-content\/uploads\/2017\/07\/15727718728_7728160840-1.jpg\",\"datePublished\":\"2017-07-28T13:38:35+00:00\",\"dateModified\":\"2024-01-03T13:41:13+00:00\",\"description\":\"Transports et intermodalit\u00e9 pr\u00e9sente les politiques innovantes en mati\u00e8re de transport et \u00e9tudie leurs influences sur les d\u00e9placements de voyageurs et de marchandises, mais aussi sur les consommations d\u2019\u00e9nergies non renouvelables.\",\"breadcrumb\":{\"@id\":\"https:\/\/www.istegroup.com\/fr\/produit\/transports-et-intermodalite\/#breadcrumb\"},\"inLanguage\":\"fr-FR\",\"potentialAction\":[{\"@type\":\"ReadAction\",\"target\":[\"https:\/\/www.istegroup.com\/fr\/produit\/transports-et-intermodalite\/\"]}]},{\"@type\":\"ImageObject\",\"inLanguage\":\"fr-FR\",\"@id\":\"https:\/\/www.istegroup.com\/fr\/produit\/transports-et-intermodalite\/#primaryimage\",\"url\":\"https:\/\/www.istegroup.com\/wp-content\/uploads\/2017\/07\/15727718728_7728160840-1.jpg\",\"contentUrl\":\"https:\/\/www.istegroup.com\/wp-content\/uploads\/2017\/07\/15727718728_7728160840-1.jpg\",\"width\":1360,\"height\":2048,\"caption\":\"Transports et intermodalit\u00e9\"},{\"@type\":\"BreadcrumbList\",\"@id\":\"https:\/\/www.istegroup.com\/fr\/produit\/transports-et-intermodalite\/#breadcrumb\",\"itemListElement\":[{\"@type\":\"ListItem\",\"position\":1,\"name\":\"Home\",\"item\":\"https:\/\/www.istegroup.com\/\"},{\"@type\":\"ListItem\",\"position\":2,\"name\":\"Shop\",\"item\":\"https:\/\/www.istegroup.com\/fr\/nouveautes\/\"},{\"@type\":\"ListItem\",\"position\":3,\"name\":\"Transports et intermodalit\u00e9\"}]},{\"@type\":\"WebSite\",\"@id\":\"https:\/\/www.istegroup.com\/#website\",\"url\":\"https:\/\/www.istegroup.com\/\",\"name\":\"ISTE Group\",\"description\":\"\u00c9diteur des Sciences\",\"potentialAction\":[{\"@type\":\"SearchAction\",\"target\":{\"@type\":\"EntryPoint\",\"urlTemplate\":\"https:\/\/www.istegroup.com\/?s={search_term_string}\"},\"query-input\":{\"@type\":\"PropertyValueSpecification\",\"valueRequired\":true,\"valueName\":\"search_term_string\"}}],\"inLanguage\":\"fr-FR\"}]}<\/script>\n<!-- \/ Yoast SEO plugin. -->","yoast_head_json":{"title":"Transports et intermodalit\u00e9 - ISTE Group","description":"Transports et intermodalit\u00e9 pr\u00e9sente les politiques innovantes en mati\u00e8re de transport et \u00e9tudie leurs influences sur les d\u00e9placements de voyageurs et de marchandises, mais aussi sur les consommations d\u2019\u00e9nergies non renouvelables.","robots":{"index":"index","follow":"follow","max-snippet":"max-snippet:-1","max-image-preview":"max-image-preview:large","max-video-preview":"max-video-preview:-1"},"canonical":"https:\/\/www.istegroup.com\/fr\/produit\/transports-et-intermodalite\/","og_locale":"fr_FR","og_type":"article","og_title":"Transports et intermodalit\u00e9 - ISTE Group","og_description":"Transports et intermodalit\u00e9 pr\u00e9sente les politiques innovantes en mati\u00e8re de transport et \u00e9tudie leurs influences sur les d\u00e9placements de voyageurs et de marchandises, mais aussi sur les consommations d\u2019\u00e9nergies non renouvelables.","og_url":"https:\/\/www.istegroup.com\/fr\/produit\/transports-et-intermodalite\/","og_site_name":"ISTE Group","article_modified_time":"2024-01-03T13:41:13+00:00","og_image":[{"width":1360,"height":2048,"url":"https:\/\/www.istegroup.com\/wp-content\/uploads\/2017\/07\/15727718728_7728160840-1.jpg","type":"image\/jpeg"}],"twitter_card":"summary_large_image","twitter_misc":{"Est. reading time":"1 minute"},"schema":{"@context":"https:\/\/schema.org","@graph":[{"@type":"WebPage","@id":"https:\/\/www.istegroup.com\/fr\/produit\/transports-et-intermodalite\/","url":"https:\/\/www.istegroup.com\/fr\/produit\/transports-et-intermodalite\/","name":"Transports et intermodalit\u00e9 - ISTE Group","isPartOf":{"@id":"https:\/\/www.istegroup.com\/#website"},"primaryImageOfPage":{"@id":"https:\/\/www.istegroup.com\/fr\/produit\/transports-et-intermodalite\/#primaryimage"},"image":{"@id":"https:\/\/www.istegroup.com\/fr\/produit\/transports-et-intermodalite\/#primaryimage"},"thumbnailUrl":"https:\/\/www.istegroup.com\/wp-content\/uploads\/2017\/07\/15727718728_7728160840-1.jpg","datePublished":"2017-07-28T13:38:35+00:00","dateModified":"2024-01-03T13:41:13+00:00","description":"Transports et intermodalit\u00e9 pr\u00e9sente les politiques innovantes en mati\u00e8re de transport et \u00e9tudie leurs influences sur les d\u00e9placements de voyageurs et de marchandises, mais aussi sur les consommations d\u2019\u00e9nergies non renouvelables.","breadcrumb":{"@id":"https:\/\/www.istegroup.com\/fr\/produit\/transports-et-intermodalite\/#breadcrumb"},"inLanguage":"fr-FR","potentialAction":[{"@type":"ReadAction","target":["https:\/\/www.istegroup.com\/fr\/produit\/transports-et-intermodalite\/"]}]},{"@type":"ImageObject","inLanguage":"fr-FR","@id":"https:\/\/www.istegroup.com\/fr\/produit\/transports-et-intermodalite\/#primaryimage","url":"https:\/\/www.istegroup.com\/wp-content\/uploads\/2017\/07\/15727718728_7728160840-1.jpg","contentUrl":"https:\/\/www.istegroup.com\/wp-content\/uploads\/2017\/07\/15727718728_7728160840-1.jpg","width":1360,"height":2048,"caption":"Transports et intermodalit\u00e9"},{"@type":"BreadcrumbList","@id":"https:\/\/www.istegroup.com\/fr\/produit\/transports-et-intermodalite\/#breadcrumb","itemListElement":[{"@type":"ListItem","position":1,"name":"Home","item":"https:\/\/www.istegroup.com\/"},{"@type":"ListItem","position":2,"name":"Shop","item":"https:\/\/www.istegroup.com\/fr\/nouveautes\/"},{"@type":"ListItem","position":3,"name":"Transports et intermodalit\u00e9"}]},{"@type":"WebSite","@id":"https:\/\/www.istegroup.com\/#website","url":"https:\/\/www.istegroup.com\/","name":"ISTE Group","description":"\u00c9diteur des Sciences","potentialAction":[{"@type":"SearchAction","target":{"@type":"EntryPoint","urlTemplate":"https:\/\/www.istegroup.com\/?s={search_term_string}"},"query-input":{"@type":"PropertyValueSpecification","valueRequired":true,"valueName":"search_term_string"}}],"inLanguage":"fr-FR"}]}},"_links":{"self":[{"href":"https:\/\/www.istegroup.com\/fr\/wp-json\/wp\/v2\/product\/650","targetHints":{"allow":["GET"]}}],"collection":[{"href":"https:\/\/www.istegroup.com\/fr\/wp-json\/wp\/v2\/product"}],"about":[{"href":"https:\/\/www.istegroup.com\/fr\/wp-json\/wp\/v2\/types\/product"}],"wp:featuredmedia":[{"embeddable":true,"href":"https:\/\/www.istegroup.com\/fr\/wp-json\/wp\/v2\/media\/651"}],"wp:attachment":[{"href":"https:\/\/www.istegroup.com\/fr\/wp-json\/wp\/v2\/media?parent=650"}],"wp:term":[{"taxonomy":"product_brand","embeddable":true,"href":"https:\/\/www.istegroup.com\/fr\/wp-json\/wp\/v2\/product_brand?post=650"},{"taxonomy":"product_cat","embeddable":true,"href":"https:\/\/www.istegroup.com\/fr\/wp-json\/wp\/v2\/product_cat?post=650"},{"taxonomy":"product_tag","embeddable":true,"href":"https:\/\/www.istegroup.com\/fr\/wp-json\/wp\/v2\/product_tag?post=650"}],"curies":[{"name":"wp","href":"https:\/\/api.w.org\/{rel}","templated":true}]}}