{"id":648,"date":"2017-03-13T15:38:29","date_gmt":"2017-03-13T14:38:29","guid":{"rendered":"https:\/\/iste.yhello.co\/product\/transport-des-solides-divises\/"},"modified":"2024-01-03T13:41:09","modified_gmt":"2024-01-03T13:41:09","slug":"transport-des-solides-divises","status":"publish","type":"product","link":"https:\/\/www.istegroup.com\/fr\/produit\/transport-des-solides-divises\/","title":{"rendered":"Transport des solides divis\u00e9s"},"content":{"rendered":"<p><em>Transport des solides divis\u00e9s<\/em>\u00a0d\u00e9crit des proc\u00e9d\u00e9s pouvant intervenir d\u2019un atelier \u00e0 l\u2019autre ou entre une usine et l\u2019ext\u00e9rieur. Le r\u00e9entra\u00eenement d\u2019un solide divis\u00e9 par un courant liquide ou gazeux est pr\u00e9cis\u00e9. Les diff\u00e9rents types de transport, \u00e0 partir de la vidange, d\u2019une tr\u00e9mie ou d\u2019un silo sont d\u00e9crits. L\u2019\u00e9nergie consomm\u00e9e pour un d\u00e9bit donn\u00e9 est calculable pour les transporteurs m\u00e9caniques \u00e0 bande, vibrant ou \u00e0 cha\u00eene, \u00e0 palettes, \u00e0 raclettes, \u00e0 godets, \u00e0 vis. Finalement, la conception d\u2019un transporteur est affect\u00e9e par l\u2019abrasivit\u00e9 du solide divis\u00e9, sa duret\u00e9, sa coulabilit\u00e9, sa masse volumique.<\/p>\n<p>Riche de nombreux exemples pratiques, ce livre d\u00e9veloppe des expressions utiles pour cr\u00e9er des logiciels. Les annexes et les r\u00e9f\u00e9rences bibliographiques facilitent le calcul des mat\u00e9riels et sont une aide au lecteur pour approfondir les questions de son choix.<\/p>\n","protected":false},"excerpt":{"rendered":"<p>Transport des solides divis\u00e9s\u00a0d\u00e9crit des proc\u00e9d\u00e9s pouvant intervenir d\u2019un atelier \u00e0 l\u2019autre ou entre une usine et l\u2019ext\u00e9rieur. Le r\u00e9entra\u00eenement d\u2019un solide divis\u00e9 par un courant liquide ou gazeux est pr\u00e9cis\u00e9. Les diff\u00e9rents types de transport, \u00e0 partir de la vidange, d\u2019une tr\u00e9mie ou d\u2019un silo sont d\u00e9crits. L\u2019\u00e9nergie consomm\u00e9e pour un d\u00e9bit donn\u00e9 est [&hellip;]<\/p>\n","protected":false},"featured_media":22967,"template":"","meta":{"_acf_changed":false,"_links_to":"","_links_to_target":""},"product_brand":[],"product_cat":[663,675,691],"product_tag":[31,196,269,18,19,218,219,20,246,197,198,199,21,200,22,250,201,203,204,63,25,205,172,26,206,207,27,99,208,209,341,212,38,192,145,28,29,213,214,342,261,343],"class_list":{"0":"post-648","1":"product","2":"type-product","3":"status-publish","4":"has-post-thumbnail","6":"product_cat-gnie-des-procds-12506436","7":"product_cat-nouveauts-12519446","8":"product_cat-srie-equipements-industriels-pour-le-gnie-des-procds-408089489","9":"product_tag-ebook","10":"product_tag-ebooks","11":"product_tag-edition-francaise","12":"product_tag-edition-scientifique","13":"product_tag-editions-francaise","14":"product_tag-editions-ouvrage","15":"product_tag-editions-ouvrages","16":"product_tag-editions-technique","17":"product_tag-genie-des-procedes","18":"product_tag-iste","19":"product_tag-iste-edition","20":"product_tag-iste-editions","21":"product_tag-iste-group","22":"product_tag-isteedition","23":"product_tag-istegroup","24":"product_tag-jean-paul-duroudier","25":"product_tag-kindle","26":"product_tag-liseuse","27":"product_tag-livre","28":"product_tag-livre-electronique","29":"product_tag-livre-numerique","30":"product_tag-livre-science","31":"product_tag-livre-scientifique","32":"product_tag-livre-scientifique-francais","33":"product_tag-livre-scientique","34":"product_tag-livre-technique","35":"product_tag-livre-technique-francais","36":"product_tag-livres-numeriques","37":"product_tag-livres-scientifique","38":"product_tag-livres-scientifiques","39":"product_tag-mecaniques","40":"product_tag-ouvrage","41":"product_tag-ouvrage-numerique","42":"product_tag-ouvrage-science","43":"product_tag-ouvrage-scientifique","44":"product_tag-ouvrage-scientifique-francais","45":"product_tag-ouvrage-technique","46":"product_tag-ouvrages-scientifiques","47":"product_tag-ouvrages-techniques","48":"product_tag-solide","49":"product_tag-solides-divises","50":"product_tag-transport-des-solides-divises","52":"first","53":"instock","54":"shipping-taxable","55":"purchasable","56":"product-type-variable"},"acf":[],"yoast_head":"<!-- This site is optimized with the Yoast SEO plugin v27.2 - https:\/\/yoast.com\/product\/yoast-seo-wordpress\/ -->\n<title>Transport des solides divis\u00e9s - ISTE Group<\/title>\n<meta name=\"description\" content=\"Transport des solides divis\u00e9s\u00a0d\u00e9crit des proc\u00e9d\u00e9s pouvant intervenir d\u2019un atelier \u00e0 l\u2019autre ou entre une usine et l\u2019ext\u00e9rieur. Riche de nombreux exemples pratiques, il d\u00e9veloppe des expressions utiles pour cr\u00e9er des logiciels.\" \/>\n<meta name=\"robots\" content=\"index, follow, max-snippet:-1, max-image-preview:large, max-video-preview:-1\" \/>\n<link rel=\"canonical\" href=\"https:\/\/www.istegroup.com\/en\/produit\/transport-des-solides-divises\/\" \/>\n<meta property=\"og:locale\" content=\"fr_FR\" \/>\n<meta property=\"og:type\" content=\"article\" \/>\n<meta property=\"og:title\" content=\"Transport des solides divis\u00e9s - ISTE Group\" \/>\n<meta property=\"og:description\" content=\"Transport des solides divis\u00e9s\u00a0d\u00e9crit des proc\u00e9d\u00e9s pouvant intervenir d\u2019un atelier \u00e0 l\u2019autre ou entre une usine et l\u2019ext\u00e9rieur. Riche de nombreux exemples pratiques, il d\u00e9veloppe des expressions utiles pour cr\u00e9er des logiciels.\" \/>\n<meta property=\"og:url\" content=\"https:\/\/www.istegroup.com\/en\/produit\/transport-des-solides-divises\/\" \/>\n<meta property=\"og:site_name\" content=\"ISTE Group\" \/>\n<meta property=\"article:modified_time\" content=\"2024-01-03T13:41:09+00:00\" \/>\n<meta property=\"og:image\" content=\"https:\/\/www.istegroup.com\/wp-content\/uploads\/2019\/09\/Transport_des_solides_divis\u00e9s.jpg\" \/>\n\t<meta property=\"og:image:width\" content=\"300\" \/>\n\t<meta property=\"og:image:height\" content=\"450\" \/>\n\t<meta property=\"og:image:type\" content=\"image\/jpeg\" \/>\n<meta name=\"twitter:card\" content=\"summary_large_image\" \/>\n<meta name=\"twitter:label1\" content=\"Est. reading time\" \/>\n\t<meta name=\"twitter:data1\" content=\"1 minute\" \/>\n<script type=\"application\/ld+json\" class=\"yoast-schema-graph\">{\"@context\":\"https:\/\/schema.org\",\"@graph\":[{\"@type\":\"WebPage\",\"@id\":\"https:\/\/www.istegroup.com\/en\/produit\/transport-des-solides-divises\/\",\"url\":\"https:\/\/www.istegroup.com\/en\/produit\/transport-des-solides-divises\/\",\"name\":\"Transport des solides divis\u00e9s - ISTE Group\",\"isPartOf\":{\"@id\":\"https:\/\/www.istegroup.com\/#website\"},\"primaryImageOfPage\":{\"@id\":\"https:\/\/www.istegroup.com\/en\/produit\/transport-des-solides-divises\/#primaryimage\"},\"image\":{\"@id\":\"https:\/\/www.istegroup.com\/en\/produit\/transport-des-solides-divises\/#primaryimage\"},\"thumbnailUrl\":\"https:\/\/www.istegroup.com\/wp-content\/uploads\/2019\/09\/Transport_des_solides_divis\u00e9s.jpg\",\"datePublished\":\"2017-03-13T14:38:29+00:00\",\"dateModified\":\"2024-01-03T13:41:09+00:00\",\"description\":\"Transport des solides divis\u00e9s\u00a0d\u00e9crit des proc\u00e9d\u00e9s pouvant intervenir d\u2019un atelier \u00e0 l\u2019autre ou entre une usine et l\u2019ext\u00e9rieur. Riche de nombreux exemples pratiques, il d\u00e9veloppe des expressions utiles pour cr\u00e9er des logiciels.\",\"breadcrumb\":{\"@id\":\"https:\/\/www.istegroup.com\/en\/produit\/transport-des-solides-divises\/#breadcrumb\"},\"inLanguage\":\"fr-FR\",\"potentialAction\":[{\"@type\":\"ReadAction\",\"target\":[\"https:\/\/www.istegroup.com\/en\/produit\/transport-des-solides-divises\/\"]}]},{\"@type\":\"ImageObject\",\"inLanguage\":\"fr-FR\",\"@id\":\"https:\/\/www.istegroup.com\/en\/produit\/transport-des-solides-divises\/#primaryimage\",\"url\":\"https:\/\/www.istegroup.com\/wp-content\/uploads\/2019\/09\/Transport_des_solides_divis\u00e9s.jpg\",\"contentUrl\":\"https:\/\/www.istegroup.com\/wp-content\/uploads\/2019\/09\/Transport_des_solides_divis\u00e9s.jpg\",\"width\":300,\"height\":450,\"caption\":\"Ouvrage Transport des solides divis\u00e9s - Jean-Paul Duroudier\"},{\"@type\":\"BreadcrumbList\",\"@id\":\"https:\/\/www.istegroup.com\/en\/produit\/transport-des-solides-divises\/#breadcrumb\",\"itemListElement\":[{\"@type\":\"ListItem\",\"position\":1,\"name\":\"Home\",\"item\":\"https:\/\/www.istegroup.com\/\"},{\"@type\":\"ListItem\",\"position\":2,\"name\":\"Shop\",\"item\":\"https:\/\/www.istegroup.com\/fr\/nouveautes\/\"},{\"@type\":\"ListItem\",\"position\":3,\"name\":\"Transport des solides divis\u00e9s\"}]},{\"@type\":\"WebSite\",\"@id\":\"https:\/\/www.istegroup.com\/#website\",\"url\":\"https:\/\/www.istegroup.com\/\",\"name\":\"ISTE Group\",\"description\":\"\u00c9diteur des Sciences\",\"potentialAction\":[{\"@type\":\"SearchAction\",\"target\":{\"@type\":\"EntryPoint\",\"urlTemplate\":\"https:\/\/www.istegroup.com\/?s={search_term_string}\"},\"query-input\":{\"@type\":\"PropertyValueSpecification\",\"valueRequired\":true,\"valueName\":\"search_term_string\"}}],\"inLanguage\":\"fr-FR\"}]}<\/script>\n<!-- \/ Yoast SEO plugin. -->","yoast_head_json":{"title":"Transport des solides divis\u00e9s - ISTE Group","description":"Transport des solides divis\u00e9s\u00a0d\u00e9crit des proc\u00e9d\u00e9s pouvant intervenir d\u2019un atelier \u00e0 l\u2019autre ou entre une usine et l\u2019ext\u00e9rieur. Riche de nombreux exemples pratiques, il d\u00e9veloppe des expressions utiles pour cr\u00e9er des logiciels.","robots":{"index":"index","follow":"follow","max-snippet":"max-snippet:-1","max-image-preview":"max-image-preview:large","max-video-preview":"max-video-preview:-1"},"canonical":"https:\/\/www.istegroup.com\/en\/produit\/transport-des-solides-divises\/","og_locale":"fr_FR","og_type":"article","og_title":"Transport des solides divis\u00e9s - ISTE Group","og_description":"Transport des solides divis\u00e9s\u00a0d\u00e9crit des proc\u00e9d\u00e9s pouvant intervenir d\u2019un atelier \u00e0 l\u2019autre ou entre une usine et l\u2019ext\u00e9rieur. Riche de nombreux exemples pratiques, il d\u00e9veloppe des expressions utiles pour cr\u00e9er des logiciels.","og_url":"https:\/\/www.istegroup.com\/en\/produit\/transport-des-solides-divises\/","og_site_name":"ISTE Group","article_modified_time":"2024-01-03T13:41:09+00:00","og_image":[{"width":300,"height":450,"url":"https:\/\/www.istegroup.com\/wp-content\/uploads\/2019\/09\/Transport_des_solides_divis\u00e9s.jpg","type":"image\/jpeg"}],"twitter_card":"summary_large_image","twitter_misc":{"Est. reading time":"1 minute"},"schema":{"@context":"https:\/\/schema.org","@graph":[{"@type":"WebPage","@id":"https:\/\/www.istegroup.com\/en\/produit\/transport-des-solides-divises\/","url":"https:\/\/www.istegroup.com\/en\/produit\/transport-des-solides-divises\/","name":"Transport des solides divis\u00e9s - ISTE Group","isPartOf":{"@id":"https:\/\/www.istegroup.com\/#website"},"primaryImageOfPage":{"@id":"https:\/\/www.istegroup.com\/en\/produit\/transport-des-solides-divises\/#primaryimage"},"image":{"@id":"https:\/\/www.istegroup.com\/en\/produit\/transport-des-solides-divises\/#primaryimage"},"thumbnailUrl":"https:\/\/www.istegroup.com\/wp-content\/uploads\/2019\/09\/Transport_des_solides_divis\u00e9s.jpg","datePublished":"2017-03-13T14:38:29+00:00","dateModified":"2024-01-03T13:41:09+00:00","description":"Transport des solides divis\u00e9s\u00a0d\u00e9crit des proc\u00e9d\u00e9s pouvant intervenir d\u2019un atelier \u00e0 l\u2019autre ou entre une usine et l\u2019ext\u00e9rieur. Riche de nombreux exemples pratiques, il d\u00e9veloppe des expressions utiles pour cr\u00e9er des logiciels.","breadcrumb":{"@id":"https:\/\/www.istegroup.com\/en\/produit\/transport-des-solides-divises\/#breadcrumb"},"inLanguage":"fr-FR","potentialAction":[{"@type":"ReadAction","target":["https:\/\/www.istegroup.com\/en\/produit\/transport-des-solides-divises\/"]}]},{"@type":"ImageObject","inLanguage":"fr-FR","@id":"https:\/\/www.istegroup.com\/en\/produit\/transport-des-solides-divises\/#primaryimage","url":"https:\/\/www.istegroup.com\/wp-content\/uploads\/2019\/09\/Transport_des_solides_divis\u00e9s.jpg","contentUrl":"https:\/\/www.istegroup.com\/wp-content\/uploads\/2019\/09\/Transport_des_solides_divis\u00e9s.jpg","width":300,"height":450,"caption":"Ouvrage Transport des solides divis\u00e9s - Jean-Paul Duroudier"},{"@type":"BreadcrumbList","@id":"https:\/\/www.istegroup.com\/en\/produit\/transport-des-solides-divises\/#breadcrumb","itemListElement":[{"@type":"ListItem","position":1,"name":"Home","item":"https:\/\/www.istegroup.com\/"},{"@type":"ListItem","position":2,"name":"Shop","item":"https:\/\/www.istegroup.com\/fr\/nouveautes\/"},{"@type":"ListItem","position":3,"name":"Transport des solides divis\u00e9s"}]},{"@type":"WebSite","@id":"https:\/\/www.istegroup.com\/#website","url":"https:\/\/www.istegroup.com\/","name":"ISTE Group","description":"\u00c9diteur des Sciences","potentialAction":[{"@type":"SearchAction","target":{"@type":"EntryPoint","urlTemplate":"https:\/\/www.istegroup.com\/?s={search_term_string}"},"query-input":{"@type":"PropertyValueSpecification","valueRequired":true,"valueName":"search_term_string"}}],"inLanguage":"fr-FR"}]}},"_links":{"self":[{"href":"https:\/\/www.istegroup.com\/fr\/wp-json\/wp\/v2\/product\/648","targetHints":{"allow":["GET"]}}],"collection":[{"href":"https:\/\/www.istegroup.com\/fr\/wp-json\/wp\/v2\/product"}],"about":[{"href":"https:\/\/www.istegroup.com\/fr\/wp-json\/wp\/v2\/types\/product"}],"wp:featuredmedia":[{"embeddable":true,"href":"https:\/\/www.istegroup.com\/fr\/wp-json\/wp\/v2\/media\/22967"}],"wp:attachment":[{"href":"https:\/\/www.istegroup.com\/fr\/wp-json\/wp\/v2\/media?parent=648"}],"wp:term":[{"taxonomy":"product_brand","embeddable":true,"href":"https:\/\/www.istegroup.com\/fr\/wp-json\/wp\/v2\/product_brand?post=648"},{"taxonomy":"product_cat","embeddable":true,"href":"https:\/\/www.istegroup.com\/fr\/wp-json\/wp\/v2\/product_cat?post=648"},{"taxonomy":"product_tag","embeddable":true,"href":"https:\/\/www.istegroup.com\/fr\/wp-json\/wp\/v2\/product_tag?post=648"}],"curies":[{"name":"wp","href":"https:\/\/api.w.org\/{rel}","templated":true}]}}