{"id":642,"date":"2016-02-10T15:22:26","date_gmt":"2016-02-10T14:22:26","guid":{"rendered":"https:\/\/iste.yhello.co\/product\/transformations-entre-phases\/"},"modified":"2024-01-03T13:41:08","modified_gmt":"2024-01-03T13:41:08","slug":"transformations-entre-phases","status":"publish","type":"product","link":"https:\/\/www.istegroup.com\/fr\/produit\/transformations-entre-phases\/","title":{"rendered":"Transformations entre phases"},"content":{"rendered":"<p>La s\u00e9rie\u00a0<em>Thermodynamique chimique approfondie<\/em>\u00a0pr\u00e9sente l\u2019ensemble des th\u00e8mes de la thermodynamique utiles \u00e0 la chimie, aux mat\u00e9riaux, \u00e0 l\u2019\u00e9lectrochimie, aux ph\u00e9nom\u00e8nes de surface et au g\u00e9nie des proc\u00e9d\u00e9s.<\/p>\n<p>Cet ouvrage est consacr\u00e9 \u00e0 l\u2019\u00e9tude des transformations et des \u00e9quilibres entre phases. Les transformations des phases pures du premier et du second ordre sont pr\u00e9sent\u00e9es en d\u00e9tail, tout comme les approches macroscopiques et microscopiques des \u00e9quilibres de phases.<\/p>\n<p>Dans la pr\u00e9sentation des syst\u00e8mes binaires, les thermodynamiques de l\u2019az\u00e9otropie et de la d\u00e9mixtion sont approfondies et appliqu\u00e9es aux solutions strictement r\u00e9guli\u00e8res. Les points eutectiques et p\u00e9ritectiques sont examin\u00e9s, ainsi que les r\u00e9actions qui les accompagnent. L\u2019\u00e9tude des syst\u00e8mes ternaires introduit quant \u00e0 elle les notions d\u2019az\u00e9otropes et d\u2019eutectiques ternaires. Pour chaque type de syst\u00e8mes solide-liquide les interventions de compos\u00e9s d\u00e9finis \u00e0 fusion congruente ou non sont prises en compte. Les propri\u00e9t\u00e9s particuli\u00e8res des diff\u00e9rents points remarquables d\u2019un diagramme sont \u00e9galement d\u00e9montr\u00e9es.<\/p>\n","protected":false},"excerpt":{"rendered":"<p>La s\u00e9rie\u00a0Thermodynamique chimique approfondie\u00a0pr\u00e9sente l\u2019ensemble des th\u00e8mes de la thermodynamique utiles \u00e0 la chimie, aux mat\u00e9riaux, \u00e0 l\u2019\u00e9lectrochimie, aux ph\u00e9nom\u00e8nes de surface et au g\u00e9nie des proc\u00e9d\u00e9s. Cet ouvrage est consacr\u00e9 \u00e0 l\u2019\u00e9tude des transformations et des \u00e9quilibres entre phases. Les transformations des phases pures du premier et du second ordre sont pr\u00e9sent\u00e9es en d\u00e9tail, [&hellip;]<\/p>\n","protected":false},"featured_media":643,"template":"","meta":{"_acf_changed":false,"_links_to":"","_links_to_target":""},"product_brand":[],"product_cat":[660,663,675,725],"product_tag":[2373,2374,2375,31,196,1244,2376,246,197,198,199,21,200,22,201,203,204,63,25,172,209,212,38,192,145,28,2381,2377,2378,2379,2380,455,2382,2383],"class_list":{"0":"post-642","1":"product","2":"type-product","3":"status-publish","4":"has-post-thumbnail","6":"product_cat-energie-12506414","7":"product_cat-gnie-des-procds-12506436","8":"product_cat-nouveauts-12519446","9":"product_cat-srie-thermodynamique-chimique-approfondie-42918276","10":"product_tag-azeotropie","11":"product_tag-chimique-approfondie","12":"product_tag-demixtion","13":"product_tag-ebook","14":"product_tag-ebooks","15":"product_tag-electrochimie","16":"product_tag-eutectiques","17":"product_tag-genie-des-procedes","18":"product_tag-iste","19":"product_tag-iste-edition","20":"product_tag-iste-editions","21":"product_tag-iste-group","22":"product_tag-isteedition","23":"product_tag-istegroup","24":"product_tag-kindle","25":"product_tag-liseuse","26":"product_tag-livre","27":"product_tag-livre-electronique","28":"product_tag-livre-numerique","29":"product_tag-livre-scientifique","30":"product_tag-livres-scientifiques","31":"product_tag-ouvrage","32":"product_tag-ouvrage-numerique","33":"product_tag-ouvrage-science","34":"product_tag-ouvrage-scientifique","35":"product_tag-ouvrage-scientifique-francais","36":"product_tag-peritectiques","37":"product_tag-phases-binaires-condensees","38":"product_tag-phases-binaires-fluides","39":"product_tag-phases-ternaires-condensees","40":"product_tag-phases-ternaires-fluides","41":"product_tag-thermodynamique","42":"product_tag-thermodynamique-chimique","43":"product_tag-transformations-entre-phases","45":"first","46":"instock","47":"shipping-taxable","48":"purchasable","49":"product-type-variable"},"acf":[],"yoast_head":"<!-- This site is optimized with the Yoast SEO plugin v27.2 - https:\/\/yoast.com\/product\/yoast-seo-wordpress\/ -->\n<title>Transformations entre phases - ISTE Group<\/title>\n<meta name=\"description\" content=\"Cet ouvrage est consacr\u00e9 \u00e0 l\u2019\u00e9tude des transformations et des \u00e9quilibres entre phases. Les transformations des phases pures du premier et du second ordre sont pr\u00e9sent\u00e9es.\" \/>\n<meta name=\"robots\" content=\"index, follow, max-snippet:-1, max-image-preview:large, max-video-preview:-1\" \/>\n<link rel=\"canonical\" href=\"https:\/\/www.istegroup.com\/fr\/produit\/transformations-entre-phases\/\" \/>\n<meta property=\"og:locale\" content=\"fr_FR\" \/>\n<meta property=\"og:type\" content=\"article\" \/>\n<meta property=\"og:title\" content=\"Transformations entre phases - ISTE Group\" \/>\n<meta property=\"og:description\" content=\"Cet ouvrage est consacr\u00e9 \u00e0 l\u2019\u00e9tude des transformations et des \u00e9quilibres entre phases. Les transformations des phases pures du premier et du second ordre sont pr\u00e9sent\u00e9es.\" \/>\n<meta property=\"og:url\" content=\"https:\/\/www.istegroup.com\/fr\/produit\/transformations-entre-phases\/\" \/>\n<meta property=\"og:site_name\" content=\"ISTE Group\" \/>\n<meta property=\"article:modified_time\" content=\"2024-01-03T13:41:08+00:00\" \/>\n<meta property=\"og:image\" content=\"https:\/\/www.istegroup.com\/wp-content\/uploads\/2017\/07\/9553073796_4232381956-1.jpg\" \/>\n\t<meta property=\"og:image:width\" content=\"633\" \/>\n\t<meta property=\"og:image:height\" content=\"960\" \/>\n\t<meta property=\"og:image:type\" content=\"image\/jpeg\" \/>\n<meta name=\"twitter:card\" content=\"summary_large_image\" \/>\n<meta name=\"twitter:label1\" content=\"Est. reading time\" \/>\n\t<meta name=\"twitter:data1\" content=\"1 minute\" \/>\n<script type=\"application\/ld+json\" class=\"yoast-schema-graph\">{\"@context\":\"https:\/\/schema.org\",\"@graph\":[{\"@type\":\"WebPage\",\"@id\":\"https:\/\/www.istegroup.com\/fr\/produit\/transformations-entre-phases\/\",\"url\":\"https:\/\/www.istegroup.com\/fr\/produit\/transformations-entre-phases\/\",\"name\":\"Transformations entre phases - ISTE Group\",\"isPartOf\":{\"@id\":\"https:\/\/www.istegroup.com\/#website\"},\"primaryImageOfPage\":{\"@id\":\"https:\/\/www.istegroup.com\/fr\/produit\/transformations-entre-phases\/#primaryimage\"},\"image\":{\"@id\":\"https:\/\/www.istegroup.com\/fr\/produit\/transformations-entre-phases\/#primaryimage\"},\"thumbnailUrl\":\"https:\/\/www.istegroup.com\/wp-content\/uploads\/2017\/07\/9553073796_4232381956-1.jpg\",\"datePublished\":\"2016-02-10T14:22:26+00:00\",\"dateModified\":\"2024-01-03T13:41:08+00:00\",\"description\":\"Cet ouvrage est consacr\u00e9 \u00e0 l\u2019\u00e9tude des transformations et des \u00e9quilibres entre phases. Les transformations des phases pures du premier et du second ordre sont pr\u00e9sent\u00e9es.\",\"breadcrumb\":{\"@id\":\"https:\/\/www.istegroup.com\/fr\/produit\/transformations-entre-phases\/#breadcrumb\"},\"inLanguage\":\"fr-FR\",\"potentialAction\":[{\"@type\":\"ReadAction\",\"target\":[\"https:\/\/www.istegroup.com\/fr\/produit\/transformations-entre-phases\/\"]}]},{\"@type\":\"ImageObject\",\"inLanguage\":\"fr-FR\",\"@id\":\"https:\/\/www.istegroup.com\/fr\/produit\/transformations-entre-phases\/#primaryimage\",\"url\":\"https:\/\/www.istegroup.com\/wp-content\/uploads\/2017\/07\/9553073796_4232381956-1.jpg\",\"contentUrl\":\"https:\/\/www.istegroup.com\/wp-content\/uploads\/2017\/07\/9553073796_4232381956-1.jpg\",\"width\":633,\"height\":960,\"caption\":\"Transformations entre phases\"},{\"@type\":\"BreadcrumbList\",\"@id\":\"https:\/\/www.istegroup.com\/fr\/produit\/transformations-entre-phases\/#breadcrumb\",\"itemListElement\":[{\"@type\":\"ListItem\",\"position\":1,\"name\":\"Home\",\"item\":\"https:\/\/www.istegroup.com\/\"},{\"@type\":\"ListItem\",\"position\":2,\"name\":\"Shop\",\"item\":\"https:\/\/www.istegroup.com\/fr\/nouveautes\/\"},{\"@type\":\"ListItem\",\"position\":3,\"name\":\"Transformations entre phases\"}]},{\"@type\":\"WebSite\",\"@id\":\"https:\/\/www.istegroup.com\/#website\",\"url\":\"https:\/\/www.istegroup.com\/\",\"name\":\"ISTE Group\",\"description\":\"\u00c9diteur des Sciences\",\"potentialAction\":[{\"@type\":\"SearchAction\",\"target\":{\"@type\":\"EntryPoint\",\"urlTemplate\":\"https:\/\/www.istegroup.com\/?s={search_term_string}\"},\"query-input\":{\"@type\":\"PropertyValueSpecification\",\"valueRequired\":true,\"valueName\":\"search_term_string\"}}],\"inLanguage\":\"fr-FR\"}]}<\/script>\n<!-- \/ Yoast SEO plugin. -->","yoast_head_json":{"title":"Transformations entre phases - ISTE Group","description":"Cet ouvrage est consacr\u00e9 \u00e0 l\u2019\u00e9tude des transformations et des \u00e9quilibres entre phases. Les transformations des phases pures du premier et du second ordre sont pr\u00e9sent\u00e9es.","robots":{"index":"index","follow":"follow","max-snippet":"max-snippet:-1","max-image-preview":"max-image-preview:large","max-video-preview":"max-video-preview:-1"},"canonical":"https:\/\/www.istegroup.com\/fr\/produit\/transformations-entre-phases\/","og_locale":"fr_FR","og_type":"article","og_title":"Transformations entre phases - ISTE Group","og_description":"Cet ouvrage est consacr\u00e9 \u00e0 l\u2019\u00e9tude des transformations et des \u00e9quilibres entre phases. Les transformations des phases pures du premier et du second ordre sont pr\u00e9sent\u00e9es.","og_url":"https:\/\/www.istegroup.com\/fr\/produit\/transformations-entre-phases\/","og_site_name":"ISTE Group","article_modified_time":"2024-01-03T13:41:08+00:00","og_image":[{"width":633,"height":960,"url":"https:\/\/www.istegroup.com\/wp-content\/uploads\/2017\/07\/9553073796_4232381956-1.jpg","type":"image\/jpeg"}],"twitter_card":"summary_large_image","twitter_misc":{"Est. reading time":"1 minute"},"schema":{"@context":"https:\/\/schema.org","@graph":[{"@type":"WebPage","@id":"https:\/\/www.istegroup.com\/fr\/produit\/transformations-entre-phases\/","url":"https:\/\/www.istegroup.com\/fr\/produit\/transformations-entre-phases\/","name":"Transformations entre phases - ISTE Group","isPartOf":{"@id":"https:\/\/www.istegroup.com\/#website"},"primaryImageOfPage":{"@id":"https:\/\/www.istegroup.com\/fr\/produit\/transformations-entre-phases\/#primaryimage"},"image":{"@id":"https:\/\/www.istegroup.com\/fr\/produit\/transformations-entre-phases\/#primaryimage"},"thumbnailUrl":"https:\/\/www.istegroup.com\/wp-content\/uploads\/2017\/07\/9553073796_4232381956-1.jpg","datePublished":"2016-02-10T14:22:26+00:00","dateModified":"2024-01-03T13:41:08+00:00","description":"Cet ouvrage est consacr\u00e9 \u00e0 l\u2019\u00e9tude des transformations et des \u00e9quilibres entre phases. Les transformations des phases pures du premier et du second ordre sont pr\u00e9sent\u00e9es.","breadcrumb":{"@id":"https:\/\/www.istegroup.com\/fr\/produit\/transformations-entre-phases\/#breadcrumb"},"inLanguage":"fr-FR","potentialAction":[{"@type":"ReadAction","target":["https:\/\/www.istegroup.com\/fr\/produit\/transformations-entre-phases\/"]}]},{"@type":"ImageObject","inLanguage":"fr-FR","@id":"https:\/\/www.istegroup.com\/fr\/produit\/transformations-entre-phases\/#primaryimage","url":"https:\/\/www.istegroup.com\/wp-content\/uploads\/2017\/07\/9553073796_4232381956-1.jpg","contentUrl":"https:\/\/www.istegroup.com\/wp-content\/uploads\/2017\/07\/9553073796_4232381956-1.jpg","width":633,"height":960,"caption":"Transformations entre phases"},{"@type":"BreadcrumbList","@id":"https:\/\/www.istegroup.com\/fr\/produit\/transformations-entre-phases\/#breadcrumb","itemListElement":[{"@type":"ListItem","position":1,"name":"Home","item":"https:\/\/www.istegroup.com\/"},{"@type":"ListItem","position":2,"name":"Shop","item":"https:\/\/www.istegroup.com\/fr\/nouveautes\/"},{"@type":"ListItem","position":3,"name":"Transformations entre phases"}]},{"@type":"WebSite","@id":"https:\/\/www.istegroup.com\/#website","url":"https:\/\/www.istegroup.com\/","name":"ISTE Group","description":"\u00c9diteur des Sciences","potentialAction":[{"@type":"SearchAction","target":{"@type":"EntryPoint","urlTemplate":"https:\/\/www.istegroup.com\/?s={search_term_string}"},"query-input":{"@type":"PropertyValueSpecification","valueRequired":true,"valueName":"search_term_string"}}],"inLanguage":"fr-FR"}]}},"_links":{"self":[{"href":"https:\/\/www.istegroup.com\/fr\/wp-json\/wp\/v2\/product\/642","targetHints":{"allow":["GET"]}}],"collection":[{"href":"https:\/\/www.istegroup.com\/fr\/wp-json\/wp\/v2\/product"}],"about":[{"href":"https:\/\/www.istegroup.com\/fr\/wp-json\/wp\/v2\/types\/product"}],"wp:featuredmedia":[{"embeddable":true,"href":"https:\/\/www.istegroup.com\/fr\/wp-json\/wp\/v2\/media\/643"}],"wp:attachment":[{"href":"https:\/\/www.istegroup.com\/fr\/wp-json\/wp\/v2\/media?parent=642"}],"wp:term":[{"taxonomy":"product_brand","embeddable":true,"href":"https:\/\/www.istegroup.com\/fr\/wp-json\/wp\/v2\/product_brand?post=642"},{"taxonomy":"product_cat","embeddable":true,"href":"https:\/\/www.istegroup.com\/fr\/wp-json\/wp\/v2\/product_cat?post=642"},{"taxonomy":"product_tag","embeddable":true,"href":"https:\/\/www.istegroup.com\/fr\/wp-json\/wp\/v2\/product_tag?post=642"}],"curies":[{"name":"wp","href":"https:\/\/api.w.org\/{rel}","templated":true}]}}