{"id":640,"date":"2017-06-10T15:22:21","date_gmt":"2017-06-10T13:22:21","guid":{"rendered":"https:\/\/iste.yhello.co\/product\/transformation-numerique\/"},"modified":"2025-11-03T12:31:47","modified_gmt":"2025-11-03T12:31:47","slug":"transformation-numerique","status":"publish","type":"product","link":"https:\/\/www.istegroup.com\/fr\/produit\/transformation-numerique\/","title":{"rendered":"Transformation num\u00e9rique"},"content":{"rendered":"<p>La s\u00e9rie\u00a0<em>Syst\u00e8mes d\u2019information avanc\u00e9s<\/em>\u00a0approfondit les nouvelles formes du SI qui est devenu, avec le num\u00e9rique, le v\u00e9ritable syst\u00e8me nerveux de toute organisation.<\/p>\n<p>En quelques d\u00e9cennies, les syst\u00e8mes d\u2019information (SI) sont devenus un levier majeur d\u2019\u00e9volution et de transformation des entreprises. Bien ma\u00eetris\u00e9s, ils peuvent apporter des avantages concurrentiels d\u00e9cisifs. Mal ma\u00eetris\u00e9s, ils peuvent \u00eatre vus comme une charge, voire un frein pour le d\u00e9veloppement de l\u2019entreprise.<\/p>\n<p><em>Transformation num\u00e9rique : \u00e9valuation de la gouvernance du SI<\/em>\u00a0propose aux DG et DSI une m\u00e9thode d\u2019\u00e9valuation simple, compr\u00e9hensible et concr\u00e8te dans le but de mieux piloter leurs investissements SI.<\/p>\n<p>Une premi\u00e8re partie analyse l\u2019importance d\u2019une bonne gouvernance du SI pour r\u00e9ussir la transformation num\u00e9rique et insiste sur la fa\u00e7on dont cette gouvernance doit s\u2019articuler avec la gouvernance d\u2019entreprise.<\/p>\n<p>Une deuxi\u00e8me partie propose un outil concret d\u2019\u00e9valuation permettant d\u2019appr\u00e9cier le niveau de pr\u00e9paration de l\u2019entreprise en la mati\u00e8re et d\u2019en d\u00e9duire les actions les plus pertinentes et urgentes \u00e0 mettre en oeuvre.<\/p>\n","protected":false},"excerpt":{"rendered":"<p>Version papier \u00e9puis\u00e9e<\/p>\n","protected":false},"featured_media":641,"template":"","meta":{"_acf_changed":false,"_links_to":"","_links_to_target":""},"product_brand":[],"product_cat":[675,722,707],"product_tag":[106,18,19,20,110,21,22,107,26,27,28,108,109],"class_list":{"0":"post-640","1":"product","2":"type-product","3":"status-publish","4":"has-post-thumbnail","6":"product_cat-nouveauts-12519446","7":"product_cat-srie-systmes-dinformation-avancs-36251780","8":"product_cat-systmes-dinformation-web-et-socit-12506570","9":"product_tag-adrien-staar","10":"product_tag-edition-scientifique","11":"product_tag-editions-francaise","12":"product_tag-editions-technique","13":"product_tag-evaluation-de-la-gouvernance-du-si","14":"product_tag-iste-group","15":"product_tag-istegroup","16":"product_tag-jean-louis-leignel","17":"product_tag-livre-scientifique-francais","18":"product_tag-livre-technique-francais","19":"product_tag-ouvrage-scientifique-francais","20":"product_tag-thierry-ungaro","21":"product_tag-transformation-numerique","23":"first","24":"instock","25":"shipping-taxable","26":"purchasable","27":"product-type-variable"},"acf":[],"yoast_head":"<!-- This site is optimized with the Yoast SEO plugin v27.2 - https:\/\/yoast.com\/product\/yoast-seo-wordpress\/ -->\n<title>Transformation num\u00e9rique - ISTE Group<\/title>\n<meta name=\"description\" content=\"Transformation num\u00e9rique propose aux DG et DSI une m\u00e9thode d\u2019\u00e9valuation simple et concr\u00e8te pour mieux piloter leurs investissements Syst\u00e8mes d&#039;Information.\" \/>\n<meta name=\"robots\" content=\"index, follow, max-snippet:-1, max-image-preview:large, max-video-preview:-1\" \/>\n<link rel=\"canonical\" href=\"https:\/\/www.istegroup.com\/produit\/transformation-numerique\/\" \/>\n<meta property=\"og:locale\" content=\"fr_FR\" \/>\n<meta property=\"og:type\" content=\"article\" \/>\n<meta property=\"og:title\" content=\"Transformation num\u00e9rique - ISTE Group\" \/>\n<meta property=\"og:description\" content=\"Transformation num\u00e9rique propose aux DG et DSI une m\u00e9thode d\u2019\u00e9valuation simple et concr\u00e8te pour mieux piloter leurs investissements Syst\u00e8mes d&#039;Information.\" \/>\n<meta property=\"og:url\" content=\"https:\/\/www.istegroup.com\/produit\/transformation-numerique\/\" \/>\n<meta property=\"og:site_name\" content=\"ISTE Group\" \/>\n<meta property=\"article:modified_time\" content=\"2025-11-03T12:31:47+00:00\" \/>\n<meta property=\"og:image\" content=\"https:\/\/www.istegroup.com\/wp-content\/uploads\/2017\/07\/21345228817_9594744017-1-scaled.jpg\" \/>\n\t<meta property=\"og:image:width\" content=\"1707\" \/>\n\t<meta property=\"og:image:height\" content=\"2560\" \/>\n\t<meta property=\"og:image:type\" content=\"image\/jpeg\" \/>\n<meta name=\"twitter:card\" content=\"summary_large_image\" \/>\n<meta name=\"twitter:label1\" content=\"Est. reading time\" \/>\n\t<meta name=\"twitter:data1\" content=\"2 minutes\" \/>\n<script type=\"application\/ld+json\" class=\"yoast-schema-graph\">{\"@context\":\"https:\/\/schema.org\",\"@graph\":[{\"@type\":\"WebPage\",\"@id\":\"https:\/\/www.istegroup.com\/produit\/transformation-numerique\/\",\"url\":\"https:\/\/www.istegroup.com\/produit\/transformation-numerique\/\",\"name\":\"Transformation num\u00e9rique - ISTE Group\",\"isPartOf\":{\"@id\":\"https:\/\/www.istegroup.com\/#website\"},\"primaryImageOfPage\":{\"@id\":\"https:\/\/www.istegroup.com\/produit\/transformation-numerique\/#primaryimage\"},\"image\":{\"@id\":\"https:\/\/www.istegroup.com\/produit\/transformation-numerique\/#primaryimage\"},\"thumbnailUrl\":\"https:\/\/www.istegroup.com\/wp-content\/uploads\/2017\/07\/21345228817_9594744017-1-scaled.jpg\",\"datePublished\":\"2017-06-10T13:22:21+00:00\",\"dateModified\":\"2025-11-03T12:31:47+00:00\",\"description\":\"Transformation num\u00e9rique propose aux DG et DSI une m\u00e9thode d\u2019\u00e9valuation simple et concr\u00e8te pour mieux piloter leurs investissements Syst\u00e8mes d'Information.\",\"breadcrumb\":{\"@id\":\"https:\/\/www.istegroup.com\/produit\/transformation-numerique\/#breadcrumb\"},\"inLanguage\":\"fr-FR\",\"potentialAction\":[{\"@type\":\"ReadAction\",\"target\":[\"https:\/\/www.istegroup.com\/produit\/transformation-numerique\/\"]}]},{\"@type\":\"ImageObject\",\"inLanguage\":\"fr-FR\",\"@id\":\"https:\/\/www.istegroup.com\/produit\/transformation-numerique\/#primaryimage\",\"url\":\"https:\/\/www.istegroup.com\/wp-content\/uploads\/2017\/07\/21345228817_9594744017-1-scaled.jpg\",\"contentUrl\":\"https:\/\/www.istegroup.com\/wp-content\/uploads\/2017\/07\/21345228817_9594744017-1-scaled.jpg\",\"width\":1707,\"height\":2560,\"caption\":\"Evaluation de la gouvernance du SI\"},{\"@type\":\"BreadcrumbList\",\"@id\":\"https:\/\/www.istegroup.com\/produit\/transformation-numerique\/#breadcrumb\",\"itemListElement\":[{\"@type\":\"ListItem\",\"position\":1,\"name\":\"Home\",\"item\":\"https:\/\/www.istegroup.com\/\"},{\"@type\":\"ListItem\",\"position\":2,\"name\":\"Shop\",\"item\":\"https:\/\/www.istegroup.com\/fr\/nouveautes\/\"},{\"@type\":\"ListItem\",\"position\":3,\"name\":\"Transformation num\u00e9rique\"}]},{\"@type\":\"WebSite\",\"@id\":\"https:\/\/www.istegroup.com\/#website\",\"url\":\"https:\/\/www.istegroup.com\/\",\"name\":\"ISTE Group\",\"description\":\"\u00c9diteur des Sciences\",\"potentialAction\":[{\"@type\":\"SearchAction\",\"target\":{\"@type\":\"EntryPoint\",\"urlTemplate\":\"https:\/\/www.istegroup.com\/?s={search_term_string}\"},\"query-input\":{\"@type\":\"PropertyValueSpecification\",\"valueRequired\":true,\"valueName\":\"search_term_string\"}}],\"inLanguage\":\"fr-FR\"}]}<\/script>\n<!-- \/ Yoast SEO plugin. -->","yoast_head_json":{"title":"Transformation num\u00e9rique - ISTE Group","description":"Transformation num\u00e9rique propose aux DG et DSI une m\u00e9thode d\u2019\u00e9valuation simple et concr\u00e8te pour mieux piloter leurs investissements Syst\u00e8mes d'Information.","robots":{"index":"index","follow":"follow","max-snippet":"max-snippet:-1","max-image-preview":"max-image-preview:large","max-video-preview":"max-video-preview:-1"},"canonical":"https:\/\/www.istegroup.com\/produit\/transformation-numerique\/","og_locale":"fr_FR","og_type":"article","og_title":"Transformation num\u00e9rique - ISTE Group","og_description":"Transformation num\u00e9rique propose aux DG et DSI une m\u00e9thode d\u2019\u00e9valuation simple et concr\u00e8te pour mieux piloter leurs investissements Syst\u00e8mes d'Information.","og_url":"https:\/\/www.istegroup.com\/produit\/transformation-numerique\/","og_site_name":"ISTE Group","article_modified_time":"2025-11-03T12:31:47+00:00","og_image":[{"width":1707,"height":2560,"url":"https:\/\/www.istegroup.com\/wp-content\/uploads\/2017\/07\/21345228817_9594744017-1-scaled.jpg","type":"image\/jpeg"}],"twitter_card":"summary_large_image","twitter_misc":{"Est. reading time":"2 minutes"},"schema":{"@context":"https:\/\/schema.org","@graph":[{"@type":"WebPage","@id":"https:\/\/www.istegroup.com\/produit\/transformation-numerique\/","url":"https:\/\/www.istegroup.com\/produit\/transformation-numerique\/","name":"Transformation num\u00e9rique - ISTE Group","isPartOf":{"@id":"https:\/\/www.istegroup.com\/#website"},"primaryImageOfPage":{"@id":"https:\/\/www.istegroup.com\/produit\/transformation-numerique\/#primaryimage"},"image":{"@id":"https:\/\/www.istegroup.com\/produit\/transformation-numerique\/#primaryimage"},"thumbnailUrl":"https:\/\/www.istegroup.com\/wp-content\/uploads\/2017\/07\/21345228817_9594744017-1-scaled.jpg","datePublished":"2017-06-10T13:22:21+00:00","dateModified":"2025-11-03T12:31:47+00:00","description":"Transformation num\u00e9rique propose aux DG et DSI une m\u00e9thode d\u2019\u00e9valuation simple et concr\u00e8te pour mieux piloter leurs investissements Syst\u00e8mes d'Information.","breadcrumb":{"@id":"https:\/\/www.istegroup.com\/produit\/transformation-numerique\/#breadcrumb"},"inLanguage":"fr-FR","potentialAction":[{"@type":"ReadAction","target":["https:\/\/www.istegroup.com\/produit\/transformation-numerique\/"]}]},{"@type":"ImageObject","inLanguage":"fr-FR","@id":"https:\/\/www.istegroup.com\/produit\/transformation-numerique\/#primaryimage","url":"https:\/\/www.istegroup.com\/wp-content\/uploads\/2017\/07\/21345228817_9594744017-1-scaled.jpg","contentUrl":"https:\/\/www.istegroup.com\/wp-content\/uploads\/2017\/07\/21345228817_9594744017-1-scaled.jpg","width":1707,"height":2560,"caption":"Evaluation de la gouvernance du SI"},{"@type":"BreadcrumbList","@id":"https:\/\/www.istegroup.com\/produit\/transformation-numerique\/#breadcrumb","itemListElement":[{"@type":"ListItem","position":1,"name":"Home","item":"https:\/\/www.istegroup.com\/"},{"@type":"ListItem","position":2,"name":"Shop","item":"https:\/\/www.istegroup.com\/fr\/nouveautes\/"},{"@type":"ListItem","position":3,"name":"Transformation num\u00e9rique"}]},{"@type":"WebSite","@id":"https:\/\/www.istegroup.com\/#website","url":"https:\/\/www.istegroup.com\/","name":"ISTE Group","description":"\u00c9diteur des Sciences","potentialAction":[{"@type":"SearchAction","target":{"@type":"EntryPoint","urlTemplate":"https:\/\/www.istegroup.com\/?s={search_term_string}"},"query-input":{"@type":"PropertyValueSpecification","valueRequired":true,"valueName":"search_term_string"}}],"inLanguage":"fr-FR"}]}},"_links":{"self":[{"href":"https:\/\/www.istegroup.com\/fr\/wp-json\/wp\/v2\/product\/640","targetHints":{"allow":["GET"]}}],"collection":[{"href":"https:\/\/www.istegroup.com\/fr\/wp-json\/wp\/v2\/product"}],"about":[{"href":"https:\/\/www.istegroup.com\/fr\/wp-json\/wp\/v2\/types\/product"}],"wp:featuredmedia":[{"embeddable":true,"href":"https:\/\/www.istegroup.com\/fr\/wp-json\/wp\/v2\/media\/641"}],"wp:attachment":[{"href":"https:\/\/www.istegroup.com\/fr\/wp-json\/wp\/v2\/media?parent=640"}],"wp:term":[{"taxonomy":"product_brand","embeddable":true,"href":"https:\/\/www.istegroup.com\/fr\/wp-json\/wp\/v2\/product_brand?post=640"},{"taxonomy":"product_cat","embeddable":true,"href":"https:\/\/www.istegroup.com\/fr\/wp-json\/wp\/v2\/product_cat?post=640"},{"taxonomy":"product_tag","embeddable":true,"href":"https:\/\/www.istegroup.com\/fr\/wp-json\/wp\/v2\/product_tag?post=640"}],"curies":[{"name":"wp","href":"https:\/\/api.w.org\/{rel}","templated":true}]}}