{"id":634,"date":"2017-07-28T15:22:05","date_gmt":"2017-07-28T13:22:05","guid":{"rendered":"https:\/\/iste.yhello.co\/product\/techniques-musicales\/"},"modified":"2025-10-06T12:33:34","modified_gmt":"2025-10-06T11:33:34","slug":"techniques-musicales","status":"publish","type":"product","link":"https:\/\/www.istegroup.com\/fr\/produit\/techniques-musicales\/","title":{"rendered":"Techniques musicales"},"content":{"rendered":"<p>Si la musique na\u00eet d\u2019une succession de notes, seul l\u2019art de bien les choisir cr\u00e9e l\u2019harmonie. Ce sont alors les diff\u00e9rentes tonalit\u00e9s d\u2019une gamme, leurs accords, les fonctions tonales, les mouvements et les encha\u00eenements qui font op\u00e9rer la magie des sons.<\/p>\n<p>A la fois didactique et technique, cet ouvrage pr\u00e9sente une synth\u00e8se simple des nombreuses composantes de l\u2019harmonie musicale. Etudiant les fr\u00e9quences et les r\u00e9sonnances, il r\u00e9v\u00e8le les origines qui caract\u00e9risent intrins\u00e8quement les notes, les cr\u00e9ations de gammes, leurs sp\u00e9cificit\u00e9s et les timbres des instruments. Afin de comprendre ce qui permet d\u2019associer ces diff\u00e9rents \u00e9l\u00e9ments sous forme d\u2019accord, il propose d\u2019analyser les aspects physiologiques (fonctionnement de l\u2019oreille, etc.), physiques (acoustique, analyse spectrale, etc.) et math\u00e9matiques de l\u2019harmonie.<\/p>\n<p>Accessible aux musiciens av\u00e9r\u00e9s comme aux n\u00e9ophytes,\u00a0<em>Techniques musicales : fr\u00e9quences et harmonie<\/em>\u00a0explique comment construire et r\u00e9aliser des suites successives d\u2019encha\u00eenements harmoniques de notes jou\u00e9es en accord afin de pouvoir harmoniser, r\u00e9harmoniser, composer ou improviser.<\/p>\n","protected":false},"excerpt":{"rendered":"<p>Version papier \u00e9puis\u00e9e<\/p>\n","protected":false},"featured_media":635,"template":"","meta":{"_acf_changed":false,"_links_to":"","_links_to_target":""},"product_brand":[],"product_cat":[675,677],"product_tag":[2356,2357,2358,2359,2360,949,31,196,1265,2361,2362,2363,197,198,199,21,200,22,201,203,204,63,25,172,209,2320,2364,2365,212,38,192,145,28,2366,2367,2368,2369,2370],"class_list":{"0":"post-634","1":"product","2":"type-product","3":"status-publish","4":"has-post-thumbnail","6":"product_cat-nouveauts-12519446","7":"product_cat-ondes-12506522","8":"product_tag-accords","9":"product_tag-accoustique","10":"product_tag-analyse-spectrale","11":"product_tag-composer","12":"product_tag-didactique","13":"product_tag-dominique-paret","14":"product_tag-ebook","15":"product_tag-ebooks","16":"product_tag-frequences","17":"product_tag-frequences-et-harmonie","18":"product_tag-gamme","19":"product_tag-harmonie","20":"product_tag-iste","21":"product_tag-iste-edition","22":"product_tag-iste-editions","23":"product_tag-iste-group","24":"product_tag-isteedition","25":"product_tag-istegroup","26":"product_tag-kindle","27":"product_tag-liseuse","28":"product_tag-livre","29":"product_tag-livre-electronique","30":"product_tag-livre-numerique","31":"product_tag-livre-scientifique","32":"product_tag-livres-scientifiques","33":"product_tag-mouvements","34":"product_tag-musique","35":"product_tag-notes","36":"product_tag-ouvrage","37":"product_tag-ouvrage-numerique","38":"product_tag-ouvrage-science","39":"product_tag-ouvrage-scientifique","40":"product_tag-ouvrage-scientifique-francais","41":"product_tag-resonnances","42":"product_tag-serge-sibony","43":"product_tag-sons","44":"product_tag-techniques-musicales","45":"product_tag-tonalites","47":"first","48":"instock","49":"shipping-taxable","50":"purchasable","51":"product-type-variable"},"acf":[],"yoast_head":"<!-- This site is optimized with the Yoast SEO plugin v27.2 - https:\/\/yoast.com\/product\/yoast-seo-wordpress\/ -->\n<title>Techniques musicales - ISTE Group<\/title>\n<meta name=\"description\" content=\"A la fois didactique et technique, Techniques musicales pr\u00e9sente une synth\u00e8se simple des nombreuses composantes de l\u2019harmonie musicale. Etudiant les fr\u00e9quences et les r\u00e9sonnances, il r\u00e9v\u00e8le les origines qui caract\u00e9risent intrins\u00e8quement les notes, les cr\u00e9ations de gammes, leurs sp\u00e9cificit\u00e9s et les timbres des instruments.\" \/>\n<meta name=\"robots\" content=\"index, follow, max-snippet:-1, max-image-preview:large, max-video-preview:-1\" \/>\n<link rel=\"canonical\" href=\"https:\/\/www.istegroup.com\/produit\/techniques-musicales\/\" \/>\n<meta property=\"og:locale\" content=\"fr_FR\" \/>\n<meta property=\"og:type\" content=\"article\" \/>\n<meta property=\"og:title\" content=\"Techniques musicales - ISTE Group\" \/>\n<meta property=\"og:description\" content=\"A la fois didactique et technique, Techniques musicales pr\u00e9sente une synth\u00e8se simple des nombreuses composantes de l\u2019harmonie musicale. Etudiant les fr\u00e9quences et les r\u00e9sonnances, il r\u00e9v\u00e8le les origines qui caract\u00e9risent intrins\u00e8quement les notes, les cr\u00e9ations de gammes, leurs sp\u00e9cificit\u00e9s et les timbres des instruments.\" \/>\n<meta property=\"og:url\" content=\"https:\/\/www.istegroup.com\/produit\/techniques-musicales\/\" \/>\n<meta property=\"og:site_name\" content=\"ISTE Group\" \/>\n<meta property=\"article:modified_time\" content=\"2025-10-06T11:33:34+00:00\" \/>\n<meta property=\"og:image\" content=\"https:\/\/www.istegroup.com\/wp-content\/uploads\/2017\/07\/16109038664_7795871816-1.jpg\" \/>\n\t<meta property=\"og:image:width\" content=\"1357\" \/>\n\t<meta property=\"og:image:height\" content=\"2048\" \/>\n\t<meta property=\"og:image:type\" content=\"image\/jpeg\" \/>\n<meta name=\"twitter:card\" content=\"summary_large_image\" \/>\n<meta name=\"twitter:label1\" content=\"Est. reading time\" \/>\n\t<meta name=\"twitter:data1\" content=\"1 minute\" \/>\n<script type=\"application\/ld+json\" class=\"yoast-schema-graph\">{\"@context\":\"https:\/\/schema.org\",\"@graph\":[{\"@type\":\"WebPage\",\"@id\":\"https:\/\/www.istegroup.com\/produit\/techniques-musicales\/\",\"url\":\"https:\/\/www.istegroup.com\/produit\/techniques-musicales\/\",\"name\":\"Techniques musicales - ISTE Group\",\"isPartOf\":{\"@id\":\"https:\/\/www.istegroup.com\/#website\"},\"primaryImageOfPage\":{\"@id\":\"https:\/\/www.istegroup.com\/produit\/techniques-musicales\/#primaryimage\"},\"image\":{\"@id\":\"https:\/\/www.istegroup.com\/produit\/techniques-musicales\/#primaryimage\"},\"thumbnailUrl\":\"https:\/\/www.istegroup.com\/wp-content\/uploads\/2017\/07\/16109038664_7795871816-1.jpg\",\"datePublished\":\"2017-07-28T13:22:05+00:00\",\"dateModified\":\"2025-10-06T11:33:34+00:00\",\"description\":\"A la fois didactique et technique, Techniques musicales pr\u00e9sente une synth\u00e8se simple des nombreuses composantes de l\u2019harmonie musicale. Etudiant les fr\u00e9quences et les r\u00e9sonnances, il r\u00e9v\u00e8le les origines qui caract\u00e9risent intrins\u00e8quement les notes, les cr\u00e9ations de gammes, leurs sp\u00e9cificit\u00e9s et les timbres des instruments.\",\"breadcrumb\":{\"@id\":\"https:\/\/www.istegroup.com\/produit\/techniques-musicales\/#breadcrumb\"},\"inLanguage\":\"fr-FR\",\"potentialAction\":[{\"@type\":\"ReadAction\",\"target\":[\"https:\/\/www.istegroup.com\/produit\/techniques-musicales\/\"]}]},{\"@type\":\"ImageObject\",\"inLanguage\":\"fr-FR\",\"@id\":\"https:\/\/www.istegroup.com\/produit\/techniques-musicales\/#primaryimage\",\"url\":\"https:\/\/www.istegroup.com\/wp-content\/uploads\/2017\/07\/16109038664_7795871816-1.jpg\",\"contentUrl\":\"https:\/\/www.istegroup.com\/wp-content\/uploads\/2017\/07\/16109038664_7795871816-1.jpg\",\"width\":1357,\"height\":2048,\"caption\":\"Fr\u00e9quences et harmonie\"},{\"@type\":\"BreadcrumbList\",\"@id\":\"https:\/\/www.istegroup.com\/produit\/techniques-musicales\/#breadcrumb\",\"itemListElement\":[{\"@type\":\"ListItem\",\"position\":1,\"name\":\"Home\",\"item\":\"https:\/\/www.istegroup.com\/\"},{\"@type\":\"ListItem\",\"position\":2,\"name\":\"Shop\",\"item\":\"https:\/\/www.istegroup.com\/fr\/nouveautes\/\"},{\"@type\":\"ListItem\",\"position\":3,\"name\":\"Techniques musicales\"}]},{\"@type\":\"WebSite\",\"@id\":\"https:\/\/www.istegroup.com\/#website\",\"url\":\"https:\/\/www.istegroup.com\/\",\"name\":\"ISTE Group\",\"description\":\"\u00c9diteur des Sciences\",\"potentialAction\":[{\"@type\":\"SearchAction\",\"target\":{\"@type\":\"EntryPoint\",\"urlTemplate\":\"https:\/\/www.istegroup.com\/?s={search_term_string}\"},\"query-input\":{\"@type\":\"PropertyValueSpecification\",\"valueRequired\":true,\"valueName\":\"search_term_string\"}}],\"inLanguage\":\"fr-FR\"}]}<\/script>\n<!-- \/ Yoast SEO plugin. -->","yoast_head_json":{"title":"Techniques musicales - ISTE Group","description":"A la fois didactique et technique, Techniques musicales pr\u00e9sente une synth\u00e8se simple des nombreuses composantes de l\u2019harmonie musicale. Etudiant les fr\u00e9quences et les r\u00e9sonnances, il r\u00e9v\u00e8le les origines qui caract\u00e9risent intrins\u00e8quement les notes, les cr\u00e9ations de gammes, leurs sp\u00e9cificit\u00e9s et les timbres des instruments.","robots":{"index":"index","follow":"follow","max-snippet":"max-snippet:-1","max-image-preview":"max-image-preview:large","max-video-preview":"max-video-preview:-1"},"canonical":"https:\/\/www.istegroup.com\/produit\/techniques-musicales\/","og_locale":"fr_FR","og_type":"article","og_title":"Techniques musicales - ISTE Group","og_description":"A la fois didactique et technique, Techniques musicales pr\u00e9sente une synth\u00e8se simple des nombreuses composantes de l\u2019harmonie musicale. Etudiant les fr\u00e9quences et les r\u00e9sonnances, il r\u00e9v\u00e8le les origines qui caract\u00e9risent intrins\u00e8quement les notes, les cr\u00e9ations de gammes, leurs sp\u00e9cificit\u00e9s et les timbres des instruments.","og_url":"https:\/\/www.istegroup.com\/produit\/techniques-musicales\/","og_site_name":"ISTE Group","article_modified_time":"2025-10-06T11:33:34+00:00","og_image":[{"width":1357,"height":2048,"url":"https:\/\/www.istegroup.com\/wp-content\/uploads\/2017\/07\/16109038664_7795871816-1.jpg","type":"image\/jpeg"}],"twitter_card":"summary_large_image","twitter_misc":{"Est. reading time":"1 minute"},"schema":{"@context":"https:\/\/schema.org","@graph":[{"@type":"WebPage","@id":"https:\/\/www.istegroup.com\/produit\/techniques-musicales\/","url":"https:\/\/www.istegroup.com\/produit\/techniques-musicales\/","name":"Techniques musicales - ISTE Group","isPartOf":{"@id":"https:\/\/www.istegroup.com\/#website"},"primaryImageOfPage":{"@id":"https:\/\/www.istegroup.com\/produit\/techniques-musicales\/#primaryimage"},"image":{"@id":"https:\/\/www.istegroup.com\/produit\/techniques-musicales\/#primaryimage"},"thumbnailUrl":"https:\/\/www.istegroup.com\/wp-content\/uploads\/2017\/07\/16109038664_7795871816-1.jpg","datePublished":"2017-07-28T13:22:05+00:00","dateModified":"2025-10-06T11:33:34+00:00","description":"A la fois didactique et technique, Techniques musicales pr\u00e9sente une synth\u00e8se simple des nombreuses composantes de l\u2019harmonie musicale. Etudiant les fr\u00e9quences et les r\u00e9sonnances, il r\u00e9v\u00e8le les origines qui caract\u00e9risent intrins\u00e8quement les notes, les cr\u00e9ations de gammes, leurs sp\u00e9cificit\u00e9s et les timbres des instruments.","breadcrumb":{"@id":"https:\/\/www.istegroup.com\/produit\/techniques-musicales\/#breadcrumb"},"inLanguage":"fr-FR","potentialAction":[{"@type":"ReadAction","target":["https:\/\/www.istegroup.com\/produit\/techniques-musicales\/"]}]},{"@type":"ImageObject","inLanguage":"fr-FR","@id":"https:\/\/www.istegroup.com\/produit\/techniques-musicales\/#primaryimage","url":"https:\/\/www.istegroup.com\/wp-content\/uploads\/2017\/07\/16109038664_7795871816-1.jpg","contentUrl":"https:\/\/www.istegroup.com\/wp-content\/uploads\/2017\/07\/16109038664_7795871816-1.jpg","width":1357,"height":2048,"caption":"Fr\u00e9quences et harmonie"},{"@type":"BreadcrumbList","@id":"https:\/\/www.istegroup.com\/produit\/techniques-musicales\/#breadcrumb","itemListElement":[{"@type":"ListItem","position":1,"name":"Home","item":"https:\/\/www.istegroup.com\/"},{"@type":"ListItem","position":2,"name":"Shop","item":"https:\/\/www.istegroup.com\/fr\/nouveautes\/"},{"@type":"ListItem","position":3,"name":"Techniques musicales"}]},{"@type":"WebSite","@id":"https:\/\/www.istegroup.com\/#website","url":"https:\/\/www.istegroup.com\/","name":"ISTE Group","description":"\u00c9diteur des Sciences","potentialAction":[{"@type":"SearchAction","target":{"@type":"EntryPoint","urlTemplate":"https:\/\/www.istegroup.com\/?s={search_term_string}"},"query-input":{"@type":"PropertyValueSpecification","valueRequired":true,"valueName":"search_term_string"}}],"inLanguage":"fr-FR"}]}},"_links":{"self":[{"href":"https:\/\/www.istegroup.com\/fr\/wp-json\/wp\/v2\/product\/634","targetHints":{"allow":["GET"]}}],"collection":[{"href":"https:\/\/www.istegroup.com\/fr\/wp-json\/wp\/v2\/product"}],"about":[{"href":"https:\/\/www.istegroup.com\/fr\/wp-json\/wp\/v2\/types\/product"}],"wp:featuredmedia":[{"embeddable":true,"href":"https:\/\/www.istegroup.com\/fr\/wp-json\/wp\/v2\/media\/635"}],"wp:attachment":[{"href":"https:\/\/www.istegroup.com\/fr\/wp-json\/wp\/v2\/media?parent=634"}],"wp:term":[{"taxonomy":"product_brand","embeddable":true,"href":"https:\/\/www.istegroup.com\/fr\/wp-json\/wp\/v2\/product_brand?post=634"},{"taxonomy":"product_cat","embeddable":true,"href":"https:\/\/www.istegroup.com\/fr\/wp-json\/wp\/v2\/product_cat?post=634"},{"taxonomy":"product_tag","embeddable":true,"href":"https:\/\/www.istegroup.com\/fr\/wp-json\/wp\/v2\/product_tag?post=634"}],"curies":[{"name":"wp","href":"https:\/\/api.w.org\/{rel}","templated":true}]}}