{"id":63181,"date":"2026-03-04T15:49:32","date_gmt":"2026-03-04T15:49:32","guid":{"rendered":"https:\/\/www.istegroup.com\/?post_type=product&#038;p=63181"},"modified":"2026-03-06T15:01:10","modified_gmt":"2026-03-06T15:01:10","slug":"le-parcours-patient","status":"publish","type":"product","link":"https:\/\/www.istegroup.com\/fr\/produit\/le-parcours-patient\/","title":{"rendered":"Le parcours patient"},"content":{"rendered":"<p>Face aux mutations profondes des syst\u00e8mes de sant\u00e9, cet ouvrage collectif interroge la place du partenariat au coeur des transformations organisationnelles, manag\u00e9riales et \u00e9thiques du soin. <em>Le parcours patient<\/em> explore la \u00ab fabrique du partenariat \u00bb en sant\u00e9, entendue comme un processus collaboratif r\u00e9unissant patients, professionnels, institutions et chercheurs.<\/p>\n<p>\u00c0 travers des contributions pluridisciplinaires issues de la France, de la Belgique, du Canada, du Luxembourg et de la Suisse, cet ouvrage met en lumi\u00e8re des exp\u00e9riences concr\u00e8tes de d\u00e9cloisonnement des pratiques, de coordination et d\u2019innovation organisationnelle. S\u2019appuyant sur une approche syst\u00e9mique produite par le terrain, il \u00e9claire les enjeux de la responsabilit\u00e9 des parties, du leadership collaboratif en offrant un panorama des grandes probl\u00e9matiques manag\u00e9riales li\u00e9es au partenariat en sant\u00e9.<\/p>\n","protected":false},"excerpt":{"rendered":"<p>Face aux mutations profondes des syst\u00e8mes de sant\u00e9, cet ouvrage collectif interroge la place du partenariat au coeur des transformations organisationnelles, manag\u00e9riales et \u00e9thiques du soin. Le parcours patient explore la \u00ab fabrique du partenariat \u00bb en sant\u00e9, entendue comme un processus collaboratif r\u00e9unissant patients, professionnels, institutions et chercheurs. \u00c0 travers des contributions pluridisciplinaires issues [&hellip;]<\/p>\n","protected":false},"featured_media":63190,"template":"","meta":{"_acf_changed":false,"_links_to":"","_links_to_target":""},"product_brand":[],"product_cat":[670],"product_tag":[],"class_list":{"0":"post-63181","1":"product","2":"type-product","3":"status-publish","4":"has-post-thumbnail","6":"product_cat-innovation-entrepreneuriat-et-gestion-11041751","8":"first","9":"instock","10":"shipping-taxable","11":"purchasable","12":"product-type-variable"},"acf":[],"yoast_head":"<!-- This site is optimized with the Yoast SEO plugin v27.2 - https:\/\/yoast.com\/product\/yoast-seo-wordpress\/ -->\n<title>Le parcours patient - ISTE Group<\/title>\n<meta name=\"description\" content=\"Le parcours patient explore la \u00ab fabrique du partenariat \u00bb en sant\u00e9, entendue comme un processus collaboratif r\u00e9unissant patients, professionnels, institutions et chercheurs.\" \/>\n<meta name=\"robots\" content=\"index, follow, max-snippet:-1, max-image-preview:large, max-video-preview:-1\" \/>\n<link rel=\"canonical\" href=\"https:\/\/www.istegroup.com\/produit\/le-parcours-patient\/\" \/>\n<meta property=\"og:locale\" content=\"fr_FR\" \/>\n<meta property=\"og:type\" content=\"article\" \/>\n<meta property=\"og:title\" content=\"Le parcours patient - ISTE Group\" \/>\n<meta property=\"og:description\" content=\"Le parcours patient explore la \u00ab fabrique du partenariat \u00bb en sant\u00e9, entendue comme un processus collaboratif r\u00e9unissant patients, professionnels, institutions et chercheurs.\" \/>\n<meta property=\"og:url\" content=\"https:\/\/www.istegroup.com\/produit\/le-parcours-patient\/\" \/>\n<meta property=\"og:site_name\" content=\"ISTE Group\" \/>\n<meta property=\"article:modified_time\" content=\"2026-03-06T15:01:10+00:00\" \/>\n<meta property=\"og:image\" content=\"https:\/\/www.istegroup.com\/wp-content\/uploads\/2026\/03\/Le-parcours-patient_front.png\" \/>\n\t<meta property=\"og:image:width\" content=\"588\" \/>\n\t<meta property=\"og:image:height\" content=\"888\" \/>\n\t<meta property=\"og:image:type\" content=\"image\/png\" \/>\n<meta name=\"twitter:card\" content=\"summary_large_image\" \/>\n<meta name=\"twitter:label1\" content=\"Est. reading time\" \/>\n\t<meta name=\"twitter:data1\" content=\"1 minute\" \/>\n<script type=\"application\/ld+json\" class=\"yoast-schema-graph\">{\"@context\":\"https:\/\/schema.org\",\"@graph\":[{\"@type\":\"WebPage\",\"@id\":\"https:\/\/www.istegroup.com\/produit\/le-parcours-patient\/\",\"url\":\"https:\/\/www.istegroup.com\/produit\/le-parcours-patient\/\",\"name\":\"Le parcours patient - ISTE Group\",\"isPartOf\":{\"@id\":\"https:\/\/www.istegroup.com\/#website\"},\"primaryImageOfPage\":{\"@id\":\"https:\/\/www.istegroup.com\/produit\/le-parcours-patient\/#primaryimage\"},\"image\":{\"@id\":\"https:\/\/www.istegroup.com\/produit\/le-parcours-patient\/#primaryimage\"},\"thumbnailUrl\":\"https:\/\/www.istegroup.com\/wp-content\/uploads\/2026\/03\/Le-parcours-patient_front.png\",\"datePublished\":\"2026-03-04T15:49:32+00:00\",\"dateModified\":\"2026-03-06T15:01:10+00:00\",\"description\":\"Le parcours patient explore la \u00ab fabrique du partenariat \u00bb en sant\u00e9, entendue comme un processus collaboratif r\u00e9unissant patients, professionnels, institutions et chercheurs.\",\"breadcrumb\":{\"@id\":\"https:\/\/www.istegroup.com\/produit\/le-parcours-patient\/#breadcrumb\"},\"inLanguage\":\"fr-FR\",\"potentialAction\":[{\"@type\":\"ReadAction\",\"target\":[\"https:\/\/www.istegroup.com\/produit\/le-parcours-patient\/\"]}]},{\"@type\":\"ImageObject\",\"inLanguage\":\"fr-FR\",\"@id\":\"https:\/\/www.istegroup.com\/produit\/le-parcours-patient\/#primaryimage\",\"url\":\"https:\/\/www.istegroup.com\/wp-content\/uploads\/2026\/03\/Le-parcours-patient_front.png\",\"contentUrl\":\"https:\/\/www.istegroup.com\/wp-content\/uploads\/2026\/03\/Le-parcours-patient_front.png\",\"width\":588,\"height\":888},{\"@type\":\"BreadcrumbList\",\"@id\":\"https:\/\/www.istegroup.com\/produit\/le-parcours-patient\/#breadcrumb\",\"itemListElement\":[{\"@type\":\"ListItem\",\"position\":1,\"name\":\"Home\",\"item\":\"https:\/\/www.istegroup.com\/\"},{\"@type\":\"ListItem\",\"position\":2,\"name\":\"Shop\",\"item\":\"https:\/\/www.istegroup.com\/fr\/nouveautes\/\"},{\"@type\":\"ListItem\",\"position\":3,\"name\":\"Le parcours patient\"}]},{\"@type\":\"WebSite\",\"@id\":\"https:\/\/www.istegroup.com\/#website\",\"url\":\"https:\/\/www.istegroup.com\/\",\"name\":\"ISTE Group\",\"description\":\"\u00c9diteur des Sciences\",\"potentialAction\":[{\"@type\":\"SearchAction\",\"target\":{\"@type\":\"EntryPoint\",\"urlTemplate\":\"https:\/\/www.istegroup.com\/?s={search_term_string}\"},\"query-input\":{\"@type\":\"PropertyValueSpecification\",\"valueRequired\":true,\"valueName\":\"search_term_string\"}}],\"inLanguage\":\"fr-FR\"}]}<\/script>\n<!-- \/ Yoast SEO plugin. -->","yoast_head_json":{"title":"Le parcours patient - ISTE Group","description":"Le parcours patient explore la \u00ab fabrique du partenariat \u00bb en sant\u00e9, entendue comme un processus collaboratif r\u00e9unissant patients, professionnels, institutions et chercheurs.","robots":{"index":"index","follow":"follow","max-snippet":"max-snippet:-1","max-image-preview":"max-image-preview:large","max-video-preview":"max-video-preview:-1"},"canonical":"https:\/\/www.istegroup.com\/produit\/le-parcours-patient\/","og_locale":"fr_FR","og_type":"article","og_title":"Le parcours patient - ISTE Group","og_description":"Le parcours patient explore la \u00ab fabrique du partenariat \u00bb en sant\u00e9, entendue comme un processus collaboratif r\u00e9unissant patients, professionnels, institutions et chercheurs.","og_url":"https:\/\/www.istegroup.com\/produit\/le-parcours-patient\/","og_site_name":"ISTE Group","article_modified_time":"2026-03-06T15:01:10+00:00","og_image":[{"width":588,"height":888,"url":"https:\/\/www.istegroup.com\/wp-content\/uploads\/2026\/03\/Le-parcours-patient_front.png","type":"image\/png"}],"twitter_card":"summary_large_image","twitter_misc":{"Est. reading time":"1 minute"},"schema":{"@context":"https:\/\/schema.org","@graph":[{"@type":"WebPage","@id":"https:\/\/www.istegroup.com\/produit\/le-parcours-patient\/","url":"https:\/\/www.istegroup.com\/produit\/le-parcours-patient\/","name":"Le parcours patient - ISTE Group","isPartOf":{"@id":"https:\/\/www.istegroup.com\/#website"},"primaryImageOfPage":{"@id":"https:\/\/www.istegroup.com\/produit\/le-parcours-patient\/#primaryimage"},"image":{"@id":"https:\/\/www.istegroup.com\/produit\/le-parcours-patient\/#primaryimage"},"thumbnailUrl":"https:\/\/www.istegroup.com\/wp-content\/uploads\/2026\/03\/Le-parcours-patient_front.png","datePublished":"2026-03-04T15:49:32+00:00","dateModified":"2026-03-06T15:01:10+00:00","description":"Le parcours patient explore la \u00ab fabrique du partenariat \u00bb en sant\u00e9, entendue comme un processus collaboratif r\u00e9unissant patients, professionnels, institutions et chercheurs.","breadcrumb":{"@id":"https:\/\/www.istegroup.com\/produit\/le-parcours-patient\/#breadcrumb"},"inLanguage":"fr-FR","potentialAction":[{"@type":"ReadAction","target":["https:\/\/www.istegroup.com\/produit\/le-parcours-patient\/"]}]},{"@type":"ImageObject","inLanguage":"fr-FR","@id":"https:\/\/www.istegroup.com\/produit\/le-parcours-patient\/#primaryimage","url":"https:\/\/www.istegroup.com\/wp-content\/uploads\/2026\/03\/Le-parcours-patient_front.png","contentUrl":"https:\/\/www.istegroup.com\/wp-content\/uploads\/2026\/03\/Le-parcours-patient_front.png","width":588,"height":888},{"@type":"BreadcrumbList","@id":"https:\/\/www.istegroup.com\/produit\/le-parcours-patient\/#breadcrumb","itemListElement":[{"@type":"ListItem","position":1,"name":"Home","item":"https:\/\/www.istegroup.com\/"},{"@type":"ListItem","position":2,"name":"Shop","item":"https:\/\/www.istegroup.com\/fr\/nouveautes\/"},{"@type":"ListItem","position":3,"name":"Le parcours patient"}]},{"@type":"WebSite","@id":"https:\/\/www.istegroup.com\/#website","url":"https:\/\/www.istegroup.com\/","name":"ISTE Group","description":"\u00c9diteur des Sciences","potentialAction":[{"@type":"SearchAction","target":{"@type":"EntryPoint","urlTemplate":"https:\/\/www.istegroup.com\/?s={search_term_string}"},"query-input":{"@type":"PropertyValueSpecification","valueRequired":true,"valueName":"search_term_string"}}],"inLanguage":"fr-FR"}]}},"_links":{"self":[{"href":"https:\/\/www.istegroup.com\/fr\/wp-json\/wp\/v2\/product\/63181","targetHints":{"allow":["GET"]}}],"collection":[{"href":"https:\/\/www.istegroup.com\/fr\/wp-json\/wp\/v2\/product"}],"about":[{"href":"https:\/\/www.istegroup.com\/fr\/wp-json\/wp\/v2\/types\/product"}],"wp:featuredmedia":[{"embeddable":true,"href":"https:\/\/www.istegroup.com\/fr\/wp-json\/wp\/v2\/media\/63190"}],"wp:attachment":[{"href":"https:\/\/www.istegroup.com\/fr\/wp-json\/wp\/v2\/media?parent=63181"}],"wp:term":[{"taxonomy":"product_brand","embeddable":true,"href":"https:\/\/www.istegroup.com\/fr\/wp-json\/wp\/v2\/product_brand?post=63181"},{"taxonomy":"product_cat","embeddable":true,"href":"https:\/\/www.istegroup.com\/fr\/wp-json\/wp\/v2\/product_cat?post=63181"},{"taxonomy":"product_tag","embeddable":true,"href":"https:\/\/www.istegroup.com\/fr\/wp-json\/wp\/v2\/product_tag?post=63181"}],"curies":[{"name":"wp","href":"https:\/\/api.w.org\/{rel}","templated":true}]}}