{"id":630,"date":"2017-07-28T15:21:57","date_gmt":"2017-07-28T13:21:57","guid":{"rendered":"https:\/\/iste.yhello.co\/product\/taxinomie-et-realite\/"},"modified":"2024-01-03T13:41:06","modified_gmt":"2024-01-03T13:41:06","slug":"taxinomie-et-realite","status":"publish","type":"product","link":"https:\/\/www.istegroup.com\/fr\/produit\/taxinomie-et-realite\/","title":{"rendered":"Taxinomie et r\u00e9alit\u00e9"},"content":{"rendered":"<p>La taxinomie est la discipline \u00e9tudiant les principes de toute classification. Si philosophes, naturalistes et biblioth\u00e9caires ont \u00e9tudi\u00e9 cette notion, il n\u2019est pas simple de la d\u00e9finir dans sa g\u00e9n\u00e9ralit\u00e9. Cependant, il l\u2019est moins encore d\u2019en d\u00e9terminer des classifications structurellement stables.<\/p>\n<p>L\u2019av\u00e8nement des math\u00e9matiques de l\u2019ordre, de la taxinomie num\u00e9rique puis plus r\u00e9cemment les progr\u00e8s de l\u2019informatique, ont particip\u00e9 \u00e0 son essor. Ces derniers ont notamment permis d\u2019associer aux mod\u00e8les th\u00e9oriques d\u2019autrefois des algorithmes effectifs favorisant la construction rapide de classifications empiriques finies.<\/p>\n<p>Abordant la question classificatoire sous un angle pluridisciplinaire,\u00a0<em>Taxinomie et r\u00e9alit\u00e9<\/em>\u00a0propose d\u2019\u00e9tudier le domaine de la th\u00e9orie des mod\u00e8les baptis\u00e9\u00a0<em>classification theory<\/em>\u00a0par Shelah, mais aussi des m\u00e9thodes plus ancr\u00e9es dans la r\u00e9alit\u00e9, \u00e0 l\u2019image de la \u00ab m\u00e9taclassification \u00bb, qui pose les fondements d\u2019une th\u00e9orie g\u00e9n\u00e9rale des classifications.<\/p>\n","protected":false},"excerpt":{"rendered":"<p>La taxinomie est la discipline \u00e9tudiant les principes de toute classification. Si philosophes, naturalistes et biblioth\u00e9caires ont \u00e9tudi\u00e9 cette notion, il n\u2019est pas simple de la d\u00e9finir dans sa g\u00e9n\u00e9ralit\u00e9. Cependant, il l\u2019est moins encore d\u2019en d\u00e9terminer des classifications structurellement stables. L\u2019av\u00e8nement des math\u00e9matiques de l\u2019ordre, de la taxinomie num\u00e9rique puis plus r\u00e9cemment les progr\u00e8s [&hellip;]<\/p>\n","protected":false},"featured_media":631,"template":"","meta":{"_acf_changed":false,"_links_to":"","_links_to_target":""},"product_brand":[],"product_cat":[682],"product_tag":[2343,2344,2345,35,31,196,197,198,199,21,200,22,201,203,204,63,25,172,209,2346,212,38,192,145,28,2347,2348,1504,2349],"class_list":{"0":"post-630","1":"product","2":"type-product","3":"status-publish","4":"has-post-thumbnail","6":"product_cat-sciences-cognitives-12506546","7":"product_tag-classification-theory","8":"product_tag-classifications-phenomenales","9":"product_tag-classifications-noumenales","10":"product_tag-daniel-parrochia","11":"product_tag-ebook","12":"product_tag-ebooks","13":"product_tag-iste","14":"product_tag-iste-edition","15":"product_tag-iste-editions","16":"product_tag-iste-group","17":"product_tag-isteedition","18":"product_tag-istegroup","19":"product_tag-kindle","20":"product_tag-liseuse","21":"product_tag-livre","22":"product_tag-livre-electronique","23":"product_tag-livre-numerique","24":"product_tag-livre-scientifique","25":"product_tag-livres-scientifiques","26":"product_tag-metaclassification","27":"product_tag-ouvrage","28":"product_tag-ouvrage-numerique","29":"product_tag-ouvrage-science","30":"product_tag-ouvrage-scientifique","31":"product_tag-ouvrage-scientifique-francais","32":"product_tag-pierre-neuville","33":"product_tag-shelah","34":"product_tag-taxinomie","35":"product_tag-taxinomie-et-realite","37":"first","38":"instock","39":"shipping-taxable","40":"purchasable","41":"product-type-variable"},"acf":[],"yoast_head":"<!-- This site is optimized with the Yoast SEO plugin v27.2 - https:\/\/yoast.com\/product\/yoast-seo-wordpress\/ -->\n<title>Taxinomie et r\u00e9alit\u00e9 - ISTE Group<\/title>\n<meta name=\"description\" content=\"Abordant la question classificatoire sous un angle pluridisciplinaire,\u00a0Taxinomie et r\u00e9alit\u00e9\u00a0propose d\u2019\u00e9tudier le domaine de la th\u00e9orie des mod\u00e8les baptis\u00e9\u00a0classification theory\u00a0par Shelah, mais aussi des m\u00e9thodes plus ancr\u00e9es dans la r\u00e9alit\u00e9, \u00e0 l\u2019image de la \u00ab m\u00e9taclassification \u00bb, qui pose les fondements d\u2019une th\u00e9orie g\u00e9n\u00e9rale des classifications.\" \/>\n<meta name=\"robots\" content=\"index, follow, max-snippet:-1, max-image-preview:large, max-video-preview:-1\" \/>\n<link rel=\"canonical\" href=\"https:\/\/www.istegroup.com\/fr\/produit\/taxinomie-et-realite\/\" \/>\n<meta property=\"og:locale\" content=\"fr_FR\" \/>\n<meta property=\"og:type\" content=\"article\" \/>\n<meta property=\"og:title\" content=\"Taxinomie et r\u00e9alit\u00e9 - ISTE Group\" \/>\n<meta property=\"og:description\" content=\"Abordant la question classificatoire sous un angle pluridisciplinaire,\u00a0Taxinomie et r\u00e9alit\u00e9\u00a0propose d\u2019\u00e9tudier le domaine de la th\u00e9orie des mod\u00e8les baptis\u00e9\u00a0classification theory\u00a0par Shelah, mais aussi des m\u00e9thodes plus ancr\u00e9es dans la r\u00e9alit\u00e9, \u00e0 l\u2019image de la \u00ab m\u00e9taclassification \u00bb, qui pose les fondements d\u2019une th\u00e9orie g\u00e9n\u00e9rale des classifications.\" \/>\n<meta property=\"og:url\" content=\"https:\/\/www.istegroup.com\/fr\/produit\/taxinomie-et-realite\/\" \/>\n<meta property=\"og:site_name\" content=\"ISTE Group\" \/>\n<meta property=\"article:modified_time\" content=\"2024-01-03T13:41:06+00:00\" \/>\n<meta property=\"og:image\" content=\"https:\/\/www.istegroup.com\/wp-content\/uploads\/2017\/07\/973027397_346227061-1.jpg\" \/>\n\t<meta property=\"og:image:width\" content=\"300\" \/>\n\t<meta property=\"og:image:height\" content=\"451\" \/>\n\t<meta property=\"og:image:type\" content=\"image\/jpeg\" \/>\n<meta name=\"twitter:card\" content=\"summary_large_image\" \/>\n<meta name=\"twitter:label1\" content=\"Est. reading time\" \/>\n\t<meta name=\"twitter:data1\" content=\"1 minute\" \/>\n<script type=\"application\/ld+json\" class=\"yoast-schema-graph\">{\"@context\":\"https:\/\/schema.org\",\"@graph\":[{\"@type\":\"WebPage\",\"@id\":\"https:\/\/www.istegroup.com\/fr\/produit\/taxinomie-et-realite\/\",\"url\":\"https:\/\/www.istegroup.com\/fr\/produit\/taxinomie-et-realite\/\",\"name\":\"Taxinomie et r\u00e9alit\u00e9 - ISTE Group\",\"isPartOf\":{\"@id\":\"https:\/\/www.istegroup.com\/#website\"},\"primaryImageOfPage\":{\"@id\":\"https:\/\/www.istegroup.com\/fr\/produit\/taxinomie-et-realite\/#primaryimage\"},\"image\":{\"@id\":\"https:\/\/www.istegroup.com\/fr\/produit\/taxinomie-et-realite\/#primaryimage\"},\"thumbnailUrl\":\"https:\/\/www.istegroup.com\/wp-content\/uploads\/2017\/07\/973027397_346227061-1.jpg\",\"datePublished\":\"2017-07-28T13:21:57+00:00\",\"dateModified\":\"2024-01-03T13:41:06+00:00\",\"description\":\"Abordant la question classificatoire sous un angle pluridisciplinaire,\u00a0Taxinomie et r\u00e9alit\u00e9\u00a0propose d\u2019\u00e9tudier le domaine de la th\u00e9orie des mod\u00e8les baptis\u00e9\u00a0classification theory\u00a0par Shelah, mais aussi des m\u00e9thodes plus ancr\u00e9es dans la r\u00e9alit\u00e9, \u00e0 l\u2019image de la \u00ab m\u00e9taclassification \u00bb, qui pose les fondements d\u2019une th\u00e9orie g\u00e9n\u00e9rale des classifications.\",\"breadcrumb\":{\"@id\":\"https:\/\/www.istegroup.com\/fr\/produit\/taxinomie-et-realite\/#breadcrumb\"},\"inLanguage\":\"fr-FR\",\"potentialAction\":[{\"@type\":\"ReadAction\",\"target\":[\"https:\/\/www.istegroup.com\/fr\/produit\/taxinomie-et-realite\/\"]}]},{\"@type\":\"ImageObject\",\"inLanguage\":\"fr-FR\",\"@id\":\"https:\/\/www.istegroup.com\/fr\/produit\/taxinomie-et-realite\/#primaryimage\",\"url\":\"https:\/\/www.istegroup.com\/wp-content\/uploads\/2017\/07\/973027397_346227061-1.jpg\",\"contentUrl\":\"https:\/\/www.istegroup.com\/wp-content\/uploads\/2017\/07\/973027397_346227061-1.jpg\",\"width\":300,\"height\":451,\"caption\":\"Vers une m\u00e9taclassification\"},{\"@type\":\"BreadcrumbList\",\"@id\":\"https:\/\/www.istegroup.com\/fr\/produit\/taxinomie-et-realite\/#breadcrumb\",\"itemListElement\":[{\"@type\":\"ListItem\",\"position\":1,\"name\":\"Home\",\"item\":\"https:\/\/www.istegroup.com\/\"},{\"@type\":\"ListItem\",\"position\":2,\"name\":\"Shop\",\"item\":\"https:\/\/www.istegroup.com\/fr\/nouveautes\/\"},{\"@type\":\"ListItem\",\"position\":3,\"name\":\"Taxinomie et r\u00e9alit\u00e9\"}]},{\"@type\":\"WebSite\",\"@id\":\"https:\/\/www.istegroup.com\/#website\",\"url\":\"https:\/\/www.istegroup.com\/\",\"name\":\"ISTE Group\",\"description\":\"\u00c9diteur des Sciences\",\"potentialAction\":[{\"@type\":\"SearchAction\",\"target\":{\"@type\":\"EntryPoint\",\"urlTemplate\":\"https:\/\/www.istegroup.com\/?s={search_term_string}\"},\"query-input\":{\"@type\":\"PropertyValueSpecification\",\"valueRequired\":true,\"valueName\":\"search_term_string\"}}],\"inLanguage\":\"fr-FR\"}]}<\/script>\n<!-- \/ Yoast SEO plugin. -->","yoast_head_json":{"title":"Taxinomie et r\u00e9alit\u00e9 - ISTE Group","description":"Abordant la question classificatoire sous un angle pluridisciplinaire,\u00a0Taxinomie et r\u00e9alit\u00e9\u00a0propose d\u2019\u00e9tudier le domaine de la th\u00e9orie des mod\u00e8les baptis\u00e9\u00a0classification theory\u00a0par Shelah, mais aussi des m\u00e9thodes plus ancr\u00e9es dans la r\u00e9alit\u00e9, \u00e0 l\u2019image de la \u00ab m\u00e9taclassification \u00bb, qui pose les fondements d\u2019une th\u00e9orie g\u00e9n\u00e9rale des classifications.","robots":{"index":"index","follow":"follow","max-snippet":"max-snippet:-1","max-image-preview":"max-image-preview:large","max-video-preview":"max-video-preview:-1"},"canonical":"https:\/\/www.istegroup.com\/fr\/produit\/taxinomie-et-realite\/","og_locale":"fr_FR","og_type":"article","og_title":"Taxinomie et r\u00e9alit\u00e9 - ISTE Group","og_description":"Abordant la question classificatoire sous un angle pluridisciplinaire,\u00a0Taxinomie et r\u00e9alit\u00e9\u00a0propose d\u2019\u00e9tudier le domaine de la th\u00e9orie des mod\u00e8les baptis\u00e9\u00a0classification theory\u00a0par Shelah, mais aussi des m\u00e9thodes plus ancr\u00e9es dans la r\u00e9alit\u00e9, \u00e0 l\u2019image de la \u00ab m\u00e9taclassification \u00bb, qui pose les fondements d\u2019une th\u00e9orie g\u00e9n\u00e9rale des classifications.","og_url":"https:\/\/www.istegroup.com\/fr\/produit\/taxinomie-et-realite\/","og_site_name":"ISTE Group","article_modified_time":"2024-01-03T13:41:06+00:00","og_image":[{"width":300,"height":451,"url":"https:\/\/www.istegroup.com\/wp-content\/uploads\/2017\/07\/973027397_346227061-1.jpg","type":"image\/jpeg"}],"twitter_card":"summary_large_image","twitter_misc":{"Est. reading time":"1 minute"},"schema":{"@context":"https:\/\/schema.org","@graph":[{"@type":"WebPage","@id":"https:\/\/www.istegroup.com\/fr\/produit\/taxinomie-et-realite\/","url":"https:\/\/www.istegroup.com\/fr\/produit\/taxinomie-et-realite\/","name":"Taxinomie et r\u00e9alit\u00e9 - ISTE Group","isPartOf":{"@id":"https:\/\/www.istegroup.com\/#website"},"primaryImageOfPage":{"@id":"https:\/\/www.istegroup.com\/fr\/produit\/taxinomie-et-realite\/#primaryimage"},"image":{"@id":"https:\/\/www.istegroup.com\/fr\/produit\/taxinomie-et-realite\/#primaryimage"},"thumbnailUrl":"https:\/\/www.istegroup.com\/wp-content\/uploads\/2017\/07\/973027397_346227061-1.jpg","datePublished":"2017-07-28T13:21:57+00:00","dateModified":"2024-01-03T13:41:06+00:00","description":"Abordant la question classificatoire sous un angle pluridisciplinaire,\u00a0Taxinomie et r\u00e9alit\u00e9\u00a0propose d\u2019\u00e9tudier le domaine de la th\u00e9orie des mod\u00e8les baptis\u00e9\u00a0classification theory\u00a0par Shelah, mais aussi des m\u00e9thodes plus ancr\u00e9es dans la r\u00e9alit\u00e9, \u00e0 l\u2019image de la \u00ab m\u00e9taclassification \u00bb, qui pose les fondements d\u2019une th\u00e9orie g\u00e9n\u00e9rale des classifications.","breadcrumb":{"@id":"https:\/\/www.istegroup.com\/fr\/produit\/taxinomie-et-realite\/#breadcrumb"},"inLanguage":"fr-FR","potentialAction":[{"@type":"ReadAction","target":["https:\/\/www.istegroup.com\/fr\/produit\/taxinomie-et-realite\/"]}]},{"@type":"ImageObject","inLanguage":"fr-FR","@id":"https:\/\/www.istegroup.com\/fr\/produit\/taxinomie-et-realite\/#primaryimage","url":"https:\/\/www.istegroup.com\/wp-content\/uploads\/2017\/07\/973027397_346227061-1.jpg","contentUrl":"https:\/\/www.istegroup.com\/wp-content\/uploads\/2017\/07\/973027397_346227061-1.jpg","width":300,"height":451,"caption":"Vers une m\u00e9taclassification"},{"@type":"BreadcrumbList","@id":"https:\/\/www.istegroup.com\/fr\/produit\/taxinomie-et-realite\/#breadcrumb","itemListElement":[{"@type":"ListItem","position":1,"name":"Home","item":"https:\/\/www.istegroup.com\/"},{"@type":"ListItem","position":2,"name":"Shop","item":"https:\/\/www.istegroup.com\/fr\/nouveautes\/"},{"@type":"ListItem","position":3,"name":"Taxinomie et r\u00e9alit\u00e9"}]},{"@type":"WebSite","@id":"https:\/\/www.istegroup.com\/#website","url":"https:\/\/www.istegroup.com\/","name":"ISTE Group","description":"\u00c9diteur des Sciences","potentialAction":[{"@type":"SearchAction","target":{"@type":"EntryPoint","urlTemplate":"https:\/\/www.istegroup.com\/?s={search_term_string}"},"query-input":{"@type":"PropertyValueSpecification","valueRequired":true,"valueName":"search_term_string"}}],"inLanguage":"fr-FR"}]}},"_links":{"self":[{"href":"https:\/\/www.istegroup.com\/fr\/wp-json\/wp\/v2\/product\/630","targetHints":{"allow":["GET"]}}],"collection":[{"href":"https:\/\/www.istegroup.com\/fr\/wp-json\/wp\/v2\/product"}],"about":[{"href":"https:\/\/www.istegroup.com\/fr\/wp-json\/wp\/v2\/types\/product"}],"wp:featuredmedia":[{"embeddable":true,"href":"https:\/\/www.istegroup.com\/fr\/wp-json\/wp\/v2\/media\/631"}],"wp:attachment":[{"href":"https:\/\/www.istegroup.com\/fr\/wp-json\/wp\/v2\/media?parent=630"}],"wp:term":[{"taxonomy":"product_brand","embeddable":true,"href":"https:\/\/www.istegroup.com\/fr\/wp-json\/wp\/v2\/product_brand?post=630"},{"taxonomy":"product_cat","embeddable":true,"href":"https:\/\/www.istegroup.com\/fr\/wp-json\/wp\/v2\/product_cat?post=630"},{"taxonomy":"product_tag","embeddable":true,"href":"https:\/\/www.istegroup.com\/fr\/wp-json\/wp\/v2\/product_tag?post=630"}],"curies":[{"name":"wp","href":"https:\/\/api.w.org\/{rel}","templated":true}]}}