{"id":62706,"date":"2026-01-26T09:54:47","date_gmt":"2026-01-26T09:54:47","guid":{"rendered":"https:\/\/www.istegroup.com\/?post_type=product&#038;p=62706"},"modified":"2026-01-28T10:49:20","modified_gmt":"2026-01-28T10:49:20","slug":"innovation-et-iot","status":"publish","type":"product","link":"https:\/\/www.istegroup.com\/fr\/produit\/innovation-et-iot\/","title":{"rendered":"Innovation et IoT"},"content":{"rendered":"<p>Au coeur des r\u00e9volutions technologiques, les industries 4.0, 5.0 et la soci\u00e9t\u00e9 5.0 red\u00e9finissent notre rapport \u00e0 la production, \u00e0 l\u2019innovation et au progr\u00e8s humain.<\/p>\n<p>Cet ouvrage examine de mani\u00e8re approfondie les mutations qui transforment les industries, port\u00e9es par l\u2019Internet des objets (IoT), l\u2019intelligence artificielle, les r\u00e9seaux 6G, les syst\u00e8mes cyberphysiques et les technologies \u00e9mergentes comme les jumeaux num\u00e9riques ou l\u2019<em>edge computing<\/em>. Il pr\u00e9sente des analyses claires, des \u00e9tudes de cas et des sch\u00e9mas techniques pour comprendre comment ces innovations favorisent des environnements industriels plus intelligents, durables et centr\u00e9s sur l\u2019humain.<\/p>\n<p><em>Innovation et IoT<\/em> offre une vision \u00e9quilibr\u00e9e entre rigueur scientifique et accessibilit\u00e9. Plus qu\u2019un simple guide technique, cet ouvrage est une invitation \u00e0 imaginer et \u00e0 b\u00e2tir un futur o\u00f9 la technologie devient un levier de progr\u00e8s collectif, au service d\u2019industries plus responsables et d\u2019une soci\u00e9t\u00e9 plus inclusive.<\/p>\n","protected":false},"excerpt":{"rendered":"<p>Au coeur des r\u00e9volutions technologiques, les industries 4.0, 5.0 et la soci\u00e9t\u00e9 5.0 red\u00e9finissent notre rapport \u00e0 la production, \u00e0 l\u2019innovation et au progr\u00e8s humain. Cet ouvrage examine de mani\u00e8re approfondie les mutations qui transforment les industries, port\u00e9es par l\u2019Internet des objets (IoT), l\u2019intelligence artificielle, les r\u00e9seaux 6G, les syst\u00e8mes cyberphysiques et les technologies \u00e9mergentes [&hellip;]<\/p>\n","protected":false},"featured_media":62714,"template":"","meta":{"_acf_changed":false,"_links_to":"","_links_to_target":""},"product_brand":[],"product_cat":[679],"product_tag":[],"class_list":{"0":"post-62706","1":"product","2":"type-product","3":"status-publish","4":"has-post-thumbnail","6":"product_cat-rseaux-et-tlcommunications-12506534","8":"first","9":"instock","10":"shipping-taxable","11":"purchasable","12":"product-type-variable"},"acf":[],"yoast_head":"<!-- This site is optimized with the Yoast SEO plugin v27.2 - https:\/\/yoast.com\/product\/yoast-seo-wordpress\/ -->\n<title>Innovation et IoT - ISTE Group<\/title>\n<meta name=\"description\" content=\"Cet ouvrage examine de mani\u00e8re approfondie les mutations qui transforment les industries, port\u00e9es par l\u2019Internet des objets (IoT), l\u2019intelligence artificielle, les r\u00e9seaux 6G, les syst\u00e8mes cyberphysiques et les technologies \u00e9mergentes comme les jumeaux num\u00e9riques ou l\u2019edge computing.\" \/>\n<meta name=\"robots\" content=\"index, follow, max-snippet:-1, max-image-preview:large, max-video-preview:-1\" \/>\n<link rel=\"canonical\" href=\"https:\/\/www.istegroup.com\/produit\/innovation-et-iot\/\" \/>\n<meta property=\"og:locale\" content=\"fr_FR\" \/>\n<meta property=\"og:type\" content=\"article\" \/>\n<meta property=\"og:title\" content=\"Innovation et IoT - ISTE Group\" \/>\n<meta property=\"og:description\" content=\"Cet ouvrage examine de mani\u00e8re approfondie les mutations qui transforment les industries, port\u00e9es par l\u2019Internet des objets (IoT), l\u2019intelligence artificielle, les r\u00e9seaux 6G, les syst\u00e8mes cyberphysiques et les technologies \u00e9mergentes comme les jumeaux num\u00e9riques ou l\u2019edge computing.\" \/>\n<meta property=\"og:url\" content=\"https:\/\/www.istegroup.com\/produit\/innovation-et-iot\/\" \/>\n<meta property=\"og:site_name\" content=\"ISTE Group\" \/>\n<meta property=\"article:modified_time\" content=\"2026-01-28T10:49:20+00:00\" \/>\n<meta property=\"og:image\" content=\"https:\/\/www.istegroup.com\/wp-content\/uploads\/2026\/01\/080_Innovation-et-IoT_Saadaoui_front.jpg\" \/>\n\t<meta property=\"og:image:width\" content=\"607\" \/>\n\t<meta property=\"og:image:height\" content=\"911\" \/>\n\t<meta property=\"og:image:type\" content=\"image\/jpeg\" \/>\n<meta name=\"twitter:card\" content=\"summary_large_image\" \/>\n<meta name=\"twitter:label1\" content=\"Est. reading time\" \/>\n\t<meta name=\"twitter:data1\" content=\"1 minute\" \/>\n<script type=\"application\/ld+json\" class=\"yoast-schema-graph\">{\"@context\":\"https:\/\/schema.org\",\"@graph\":[{\"@type\":\"WebPage\",\"@id\":\"https:\/\/www.istegroup.com\/produit\/innovation-et-iot\/\",\"url\":\"https:\/\/www.istegroup.com\/produit\/innovation-et-iot\/\",\"name\":\"Innovation et IoT - ISTE Group\",\"isPartOf\":{\"@id\":\"https:\/\/www.istegroup.com\/#website\"},\"primaryImageOfPage\":{\"@id\":\"https:\/\/www.istegroup.com\/produit\/innovation-et-iot\/#primaryimage\"},\"image\":{\"@id\":\"https:\/\/www.istegroup.com\/produit\/innovation-et-iot\/#primaryimage\"},\"thumbnailUrl\":\"https:\/\/www.istegroup.com\/wp-content\/uploads\/2026\/01\/080_Innovation-et-IoT_Saadaoui_front.jpg\",\"datePublished\":\"2026-01-26T09:54:47+00:00\",\"dateModified\":\"2026-01-28T10:49:20+00:00\",\"description\":\"Cet ouvrage examine de mani\u00e8re approfondie les mutations qui transforment les industries, port\u00e9es par l\u2019Internet des objets (IoT), l\u2019intelligence artificielle, les r\u00e9seaux 6G, les syst\u00e8mes cyberphysiques et les technologies \u00e9mergentes comme les jumeaux num\u00e9riques ou l\u2019edge computing.\",\"breadcrumb\":{\"@id\":\"https:\/\/www.istegroup.com\/produit\/innovation-et-iot\/#breadcrumb\"},\"inLanguage\":\"fr-FR\",\"potentialAction\":[{\"@type\":\"ReadAction\",\"target\":[\"https:\/\/www.istegroup.com\/produit\/innovation-et-iot\/\"]}]},{\"@type\":\"ImageObject\",\"inLanguage\":\"fr-FR\",\"@id\":\"https:\/\/www.istegroup.com\/produit\/innovation-et-iot\/#primaryimage\",\"url\":\"https:\/\/www.istegroup.com\/wp-content\/uploads\/2026\/01\/080_Innovation-et-IoT_Saadaoui_front.jpg\",\"contentUrl\":\"https:\/\/www.istegroup.com\/wp-content\/uploads\/2026\/01\/080_Innovation-et-IoT_Saadaoui_front.jpg\",\"width\":607,\"height\":911},{\"@type\":\"BreadcrumbList\",\"@id\":\"https:\/\/www.istegroup.com\/produit\/innovation-et-iot\/#breadcrumb\",\"itemListElement\":[{\"@type\":\"ListItem\",\"position\":1,\"name\":\"Home\",\"item\":\"https:\/\/www.istegroup.com\/\"},{\"@type\":\"ListItem\",\"position\":2,\"name\":\"Shop\",\"item\":\"https:\/\/www.istegroup.com\/fr\/nouveautes\/\"},{\"@type\":\"ListItem\",\"position\":3,\"name\":\"Innovation et IoT\"}]},{\"@type\":\"WebSite\",\"@id\":\"https:\/\/www.istegroup.com\/#website\",\"url\":\"https:\/\/www.istegroup.com\/\",\"name\":\"ISTE Group\",\"description\":\"\u00c9diteur des Sciences\",\"potentialAction\":[{\"@type\":\"SearchAction\",\"target\":{\"@type\":\"EntryPoint\",\"urlTemplate\":\"https:\/\/www.istegroup.com\/?s={search_term_string}\"},\"query-input\":{\"@type\":\"PropertyValueSpecification\",\"valueRequired\":true,\"valueName\":\"search_term_string\"}}],\"inLanguage\":\"fr-FR\"}]}<\/script>\n<!-- \/ Yoast SEO plugin. -->","yoast_head_json":{"title":"Innovation et IoT - ISTE Group","description":"Cet ouvrage examine de mani\u00e8re approfondie les mutations qui transforment les industries, port\u00e9es par l\u2019Internet des objets (IoT), l\u2019intelligence artificielle, les r\u00e9seaux 6G, les syst\u00e8mes cyberphysiques et les technologies \u00e9mergentes comme les jumeaux num\u00e9riques ou l\u2019edge computing.","robots":{"index":"index","follow":"follow","max-snippet":"max-snippet:-1","max-image-preview":"max-image-preview:large","max-video-preview":"max-video-preview:-1"},"canonical":"https:\/\/www.istegroup.com\/produit\/innovation-et-iot\/","og_locale":"fr_FR","og_type":"article","og_title":"Innovation et IoT - ISTE Group","og_description":"Cet ouvrage examine de mani\u00e8re approfondie les mutations qui transforment les industries, port\u00e9es par l\u2019Internet des objets (IoT), l\u2019intelligence artificielle, les r\u00e9seaux 6G, les syst\u00e8mes cyberphysiques et les technologies \u00e9mergentes comme les jumeaux num\u00e9riques ou l\u2019edge computing.","og_url":"https:\/\/www.istegroup.com\/produit\/innovation-et-iot\/","og_site_name":"ISTE Group","article_modified_time":"2026-01-28T10:49:20+00:00","og_image":[{"width":607,"height":911,"url":"https:\/\/www.istegroup.com\/wp-content\/uploads\/2026\/01\/080_Innovation-et-IoT_Saadaoui_front.jpg","type":"image\/jpeg"}],"twitter_card":"summary_large_image","twitter_misc":{"Est. reading time":"1 minute"},"schema":{"@context":"https:\/\/schema.org","@graph":[{"@type":"WebPage","@id":"https:\/\/www.istegroup.com\/produit\/innovation-et-iot\/","url":"https:\/\/www.istegroup.com\/produit\/innovation-et-iot\/","name":"Innovation et IoT - ISTE Group","isPartOf":{"@id":"https:\/\/www.istegroup.com\/#website"},"primaryImageOfPage":{"@id":"https:\/\/www.istegroup.com\/produit\/innovation-et-iot\/#primaryimage"},"image":{"@id":"https:\/\/www.istegroup.com\/produit\/innovation-et-iot\/#primaryimage"},"thumbnailUrl":"https:\/\/www.istegroup.com\/wp-content\/uploads\/2026\/01\/080_Innovation-et-IoT_Saadaoui_front.jpg","datePublished":"2026-01-26T09:54:47+00:00","dateModified":"2026-01-28T10:49:20+00:00","description":"Cet ouvrage examine de mani\u00e8re approfondie les mutations qui transforment les industries, port\u00e9es par l\u2019Internet des objets (IoT), l\u2019intelligence artificielle, les r\u00e9seaux 6G, les syst\u00e8mes cyberphysiques et les technologies \u00e9mergentes comme les jumeaux num\u00e9riques ou l\u2019edge computing.","breadcrumb":{"@id":"https:\/\/www.istegroup.com\/produit\/innovation-et-iot\/#breadcrumb"},"inLanguage":"fr-FR","potentialAction":[{"@type":"ReadAction","target":["https:\/\/www.istegroup.com\/produit\/innovation-et-iot\/"]}]},{"@type":"ImageObject","inLanguage":"fr-FR","@id":"https:\/\/www.istegroup.com\/produit\/innovation-et-iot\/#primaryimage","url":"https:\/\/www.istegroup.com\/wp-content\/uploads\/2026\/01\/080_Innovation-et-IoT_Saadaoui_front.jpg","contentUrl":"https:\/\/www.istegroup.com\/wp-content\/uploads\/2026\/01\/080_Innovation-et-IoT_Saadaoui_front.jpg","width":607,"height":911},{"@type":"BreadcrumbList","@id":"https:\/\/www.istegroup.com\/produit\/innovation-et-iot\/#breadcrumb","itemListElement":[{"@type":"ListItem","position":1,"name":"Home","item":"https:\/\/www.istegroup.com\/"},{"@type":"ListItem","position":2,"name":"Shop","item":"https:\/\/www.istegroup.com\/fr\/nouveautes\/"},{"@type":"ListItem","position":3,"name":"Innovation et IoT"}]},{"@type":"WebSite","@id":"https:\/\/www.istegroup.com\/#website","url":"https:\/\/www.istegroup.com\/","name":"ISTE Group","description":"\u00c9diteur des Sciences","potentialAction":[{"@type":"SearchAction","target":{"@type":"EntryPoint","urlTemplate":"https:\/\/www.istegroup.com\/?s={search_term_string}"},"query-input":{"@type":"PropertyValueSpecification","valueRequired":true,"valueName":"search_term_string"}}],"inLanguage":"fr-FR"}]}},"_links":{"self":[{"href":"https:\/\/www.istegroup.com\/fr\/wp-json\/wp\/v2\/product\/62706","targetHints":{"allow":["GET"]}}],"collection":[{"href":"https:\/\/www.istegroup.com\/fr\/wp-json\/wp\/v2\/product"}],"about":[{"href":"https:\/\/www.istegroup.com\/fr\/wp-json\/wp\/v2\/types\/product"}],"wp:featuredmedia":[{"embeddable":true,"href":"https:\/\/www.istegroup.com\/fr\/wp-json\/wp\/v2\/media\/62714"}],"wp:attachment":[{"href":"https:\/\/www.istegroup.com\/fr\/wp-json\/wp\/v2\/media?parent=62706"}],"wp:term":[{"taxonomy":"product_brand","embeddable":true,"href":"https:\/\/www.istegroup.com\/fr\/wp-json\/wp\/v2\/product_brand?post=62706"},{"taxonomy":"product_cat","embeddable":true,"href":"https:\/\/www.istegroup.com\/fr\/wp-json\/wp\/v2\/product_cat?post=62706"},{"taxonomy":"product_tag","embeddable":true,"href":"https:\/\/www.istegroup.com\/fr\/wp-json\/wp\/v2\/product_tag?post=62706"}],"curies":[{"name":"wp","href":"https:\/\/api.w.org\/{rel}","templated":true}]}}