{"id":62671,"date":"2026-01-26T09:26:19","date_gmt":"2026-01-26T09:26:19","guid":{"rendered":"https:\/\/www.istegroup.com\/?post_type=product&#038;p=62671"},"modified":"2026-04-17T11:14:56","modified_gmt":"2026-04-17T10:14:56","slug":"traitement-biologique-des-eaux-usees-urbaines-2","status":"publish","type":"product","link":"https:\/\/www.istegroup.com\/fr\/produit\/traitement-biologique-des-eaux-usees-urbaines-2\/","title":{"rendered":"Traitement biologique des eaux us\u00e9es urbaines 2"},"content":{"rendered":"<p>Cet ouvrage offre une vue d\u2019ensemble du traitement biologique des eaux us\u00e9es et de la valorisation des boues. Il pr\u00e9sente les principaux concepts relatifs aux proc\u00e9d\u00e9s de traitement, ainsi que les principes de fonctionnement, de dimensionnement et de mise en oeuvre des op\u00e9rations unitaires et des fili\u00e8res associ\u00e9es au traitement des eaux us\u00e9es et des boues.<\/p>\n<p><em>Traitement biologique des eaux us\u00e9es urbaines 2<\/em> examine le traitement par techniques membranaires, les syst\u00e8mes hybrides impliquant une compl\u00e9mentarit\u00e9 entres les bact\u00e9ries libres et celles fix\u00e9es sur un support mobile, ainsi que les proc\u00e9d\u00e9s par bact\u00e9ries fix\u00e9es (lits bact\u00e9riens, biofiltres et disques biologiques).<\/p>\n<p>Didactique et alliant la th\u00e9orie \u00e0 la pratique, cet ouvrage s\u2019adresse aux ing\u00e9nieurs en g\u00e9nie et en sciences de l\u2019environnement ainsi qu\u2019aux professionnels du traitement des eaux us\u00e9es.<\/p>\n","protected":false},"excerpt":{"rendered":"<p>Cet ouvrage offre une vue d\u2019ensemble du traitement biologique des eaux us\u00e9es et de la valorisation des boues. Il pr\u00e9sente les principaux concepts relatifs aux proc\u00e9d\u00e9s de traitement, ainsi que les principes de fonctionnement, de dimensionnement et de mise en oeuvre des op\u00e9rations unitaires et des fili\u00e8res associ\u00e9es au traitement des eaux us\u00e9es et des [&hellip;]<\/p>\n","protected":false},"featured_media":62676,"template":"","meta":{"_acf_changed":false,"_links_to":"","_links_to_target":""},"product_brand":[],"product_cat":[658],"product_tag":[],"class_list":{"0":"post-62671","1":"product","2":"type-product","3":"status-publish","4":"has-post-thumbnail","6":"product_cat-ecologie-14419669","8":"first","9":"instock","10":"shipping-taxable","11":"purchasable","12":"product-type-variable"},"acf":[],"yoast_head":"<!-- This site is optimized with the Yoast SEO plugin v27.2 - https:\/\/yoast.com\/product\/yoast-seo-wordpress\/ -->\n<title>Traitement biologique des eaux us\u00e9es urbaines 2 - ISTE Group<\/title>\n<meta name=\"description\" content=\"Traitement biologique des eaux us\u00e9es urbaines 2 examine le traitement par techniques membranaires, les syst\u00e8mes hybrides impliquant une compl\u00e9mentarit\u00e9 entres les bact\u00e9ries libres et celles fix\u00e9es sur un support mobile, ainsi que les proc\u00e9d\u00e9s par bact\u00e9ries fix\u00e9es (lits bact\u00e9riens, biofiltres et disques biologiques).\" \/>\n<meta name=\"robots\" content=\"index, follow, max-snippet:-1, max-image-preview:large, max-video-preview:-1\" \/>\n<link rel=\"canonical\" href=\"https:\/\/www.istegroup.com\/produit\/traitement-biologique-des-eaux-usees-urbaines-2\/\" \/>\n<meta property=\"og:locale\" content=\"fr_FR\" \/>\n<meta property=\"og:type\" content=\"article\" \/>\n<meta property=\"og:title\" content=\"Traitement biologique des eaux us\u00e9es urbaines 2 - ISTE Group\" \/>\n<meta property=\"og:description\" content=\"Traitement biologique des eaux us\u00e9es urbaines 2 examine le traitement par techniques membranaires, les syst\u00e8mes hybrides impliquant une compl\u00e9mentarit\u00e9 entres les bact\u00e9ries libres et celles fix\u00e9es sur un support mobile, ainsi que les proc\u00e9d\u00e9s par bact\u00e9ries fix\u00e9es (lits bact\u00e9riens, biofiltres et disques biologiques).\" \/>\n<meta property=\"og:url\" content=\"https:\/\/www.istegroup.com\/produit\/traitement-biologique-des-eaux-usees-urbaines-2\/\" \/>\n<meta property=\"og:site_name\" content=\"ISTE Group\" \/>\n<meta property=\"article:modified_time\" content=\"2026-04-17T10:14:56+00:00\" \/>\n<meta property=\"og:image\" content=\"https:\/\/www.istegroup.com\/wp-content\/uploads\/2026\/01\/071_Traitement-biologique-des-eaux-usees-urbaines-2_front.jpg\" \/>\n\t<meta property=\"og:image:width\" content=\"606\" \/>\n\t<meta property=\"og:image:height\" content=\"909\" \/>\n\t<meta property=\"og:image:type\" content=\"image\/jpeg\" \/>\n<meta name=\"twitter:card\" content=\"summary_large_image\" \/>\n<meta name=\"twitter:label1\" content=\"Est. reading time\" \/>\n\t<meta name=\"twitter:data1\" content=\"1 minute\" \/>\n<script type=\"application\/ld+json\" class=\"yoast-schema-graph\">{\"@context\":\"https:\/\/schema.org\",\"@graph\":[{\"@type\":\"WebPage\",\"@id\":\"https:\/\/www.istegroup.com\/produit\/traitement-biologique-des-eaux-usees-urbaines-2\/\",\"url\":\"https:\/\/www.istegroup.com\/produit\/traitement-biologique-des-eaux-usees-urbaines-2\/\",\"name\":\"Traitement biologique des eaux us\u00e9es urbaines 2 - ISTE Group\",\"isPartOf\":{\"@id\":\"https:\/\/www.istegroup.com\/#website\"},\"primaryImageOfPage\":{\"@id\":\"https:\/\/www.istegroup.com\/produit\/traitement-biologique-des-eaux-usees-urbaines-2\/#primaryimage\"},\"image\":{\"@id\":\"https:\/\/www.istegroup.com\/produit\/traitement-biologique-des-eaux-usees-urbaines-2\/#primaryimage\"},\"thumbnailUrl\":\"https:\/\/www.istegroup.com\/wp-content\/uploads\/2026\/01\/071_Traitement-biologique-des-eaux-usees-urbaines-2_front.jpg\",\"datePublished\":\"2026-01-26T09:26:19+00:00\",\"dateModified\":\"2026-04-17T10:14:56+00:00\",\"description\":\"Traitement biologique des eaux us\u00e9es urbaines 2 examine le traitement par techniques membranaires, les syst\u00e8mes hybrides impliquant une compl\u00e9mentarit\u00e9 entres les bact\u00e9ries libres et celles fix\u00e9es sur un support mobile, ainsi que les proc\u00e9d\u00e9s par bact\u00e9ries fix\u00e9es (lits bact\u00e9riens, biofiltres et disques biologiques).\",\"breadcrumb\":{\"@id\":\"https:\/\/www.istegroup.com\/produit\/traitement-biologique-des-eaux-usees-urbaines-2\/#breadcrumb\"},\"inLanguage\":\"fr-FR\",\"potentialAction\":[{\"@type\":\"ReadAction\",\"target\":[\"https:\/\/www.istegroup.com\/produit\/traitement-biologique-des-eaux-usees-urbaines-2\/\"]}]},{\"@type\":\"ImageObject\",\"inLanguage\":\"fr-FR\",\"@id\":\"https:\/\/www.istegroup.com\/produit\/traitement-biologique-des-eaux-usees-urbaines-2\/#primaryimage\",\"url\":\"https:\/\/www.istegroup.com\/wp-content\/uploads\/2026\/01\/071_Traitement-biologique-des-eaux-usees-urbaines-2_front.jpg\",\"contentUrl\":\"https:\/\/www.istegroup.com\/wp-content\/uploads\/2026\/01\/071_Traitement-biologique-des-eaux-usees-urbaines-2_front.jpg\",\"width\":606,\"height\":909},{\"@type\":\"BreadcrumbList\",\"@id\":\"https:\/\/www.istegroup.com\/produit\/traitement-biologique-des-eaux-usees-urbaines-2\/#breadcrumb\",\"itemListElement\":[{\"@type\":\"ListItem\",\"position\":1,\"name\":\"Home\",\"item\":\"https:\/\/www.istegroup.com\/\"},{\"@type\":\"ListItem\",\"position\":2,\"name\":\"Shop\",\"item\":\"https:\/\/www.istegroup.com\/fr\/nouveautes\/\"},{\"@type\":\"ListItem\",\"position\":3,\"name\":\"Traitement biologique des eaux us\u00e9es urbaines 2\"}]},{\"@type\":\"WebSite\",\"@id\":\"https:\/\/www.istegroup.com\/#website\",\"url\":\"https:\/\/www.istegroup.com\/\",\"name\":\"ISTE Group\",\"description\":\"\u00c9diteur des Sciences\",\"potentialAction\":[{\"@type\":\"SearchAction\",\"target\":{\"@type\":\"EntryPoint\",\"urlTemplate\":\"https:\/\/www.istegroup.com\/?s={search_term_string}\"},\"query-input\":{\"@type\":\"PropertyValueSpecification\",\"valueRequired\":true,\"valueName\":\"search_term_string\"}}],\"inLanguage\":\"fr-FR\"}]}<\/script>\n<!-- \/ Yoast SEO plugin. -->","yoast_head_json":{"title":"Traitement biologique des eaux us\u00e9es urbaines 2 - ISTE Group","description":"Traitement biologique des eaux us\u00e9es urbaines 2 examine le traitement par techniques membranaires, les syst\u00e8mes hybrides impliquant une compl\u00e9mentarit\u00e9 entres les bact\u00e9ries libres et celles fix\u00e9es sur un support mobile, ainsi que les proc\u00e9d\u00e9s par bact\u00e9ries fix\u00e9es (lits bact\u00e9riens, biofiltres et disques biologiques).","robots":{"index":"index","follow":"follow","max-snippet":"max-snippet:-1","max-image-preview":"max-image-preview:large","max-video-preview":"max-video-preview:-1"},"canonical":"https:\/\/www.istegroup.com\/produit\/traitement-biologique-des-eaux-usees-urbaines-2\/","og_locale":"fr_FR","og_type":"article","og_title":"Traitement biologique des eaux us\u00e9es urbaines 2 - ISTE Group","og_description":"Traitement biologique des eaux us\u00e9es urbaines 2 examine le traitement par techniques membranaires, les syst\u00e8mes hybrides impliquant une compl\u00e9mentarit\u00e9 entres les bact\u00e9ries libres et celles fix\u00e9es sur un support mobile, ainsi que les proc\u00e9d\u00e9s par bact\u00e9ries fix\u00e9es (lits bact\u00e9riens, biofiltres et disques biologiques).","og_url":"https:\/\/www.istegroup.com\/produit\/traitement-biologique-des-eaux-usees-urbaines-2\/","og_site_name":"ISTE Group","article_modified_time":"2026-04-17T10:14:56+00:00","og_image":[{"width":606,"height":909,"url":"https:\/\/www.istegroup.com\/wp-content\/uploads\/2026\/01\/071_Traitement-biologique-des-eaux-usees-urbaines-2_front.jpg","type":"image\/jpeg"}],"twitter_card":"summary_large_image","twitter_misc":{"Est. reading time":"1 minute"},"schema":{"@context":"https:\/\/schema.org","@graph":[{"@type":"WebPage","@id":"https:\/\/www.istegroup.com\/produit\/traitement-biologique-des-eaux-usees-urbaines-2\/","url":"https:\/\/www.istegroup.com\/produit\/traitement-biologique-des-eaux-usees-urbaines-2\/","name":"Traitement biologique des eaux us\u00e9es urbaines 2 - ISTE Group","isPartOf":{"@id":"https:\/\/www.istegroup.com\/#website"},"primaryImageOfPage":{"@id":"https:\/\/www.istegroup.com\/produit\/traitement-biologique-des-eaux-usees-urbaines-2\/#primaryimage"},"image":{"@id":"https:\/\/www.istegroup.com\/produit\/traitement-biologique-des-eaux-usees-urbaines-2\/#primaryimage"},"thumbnailUrl":"https:\/\/www.istegroup.com\/wp-content\/uploads\/2026\/01\/071_Traitement-biologique-des-eaux-usees-urbaines-2_front.jpg","datePublished":"2026-01-26T09:26:19+00:00","dateModified":"2026-04-17T10:14:56+00:00","description":"Traitement biologique des eaux us\u00e9es urbaines 2 examine le traitement par techniques membranaires, les syst\u00e8mes hybrides impliquant une compl\u00e9mentarit\u00e9 entres les bact\u00e9ries libres et celles fix\u00e9es sur un support mobile, ainsi que les proc\u00e9d\u00e9s par bact\u00e9ries fix\u00e9es (lits bact\u00e9riens, biofiltres et disques biologiques).","breadcrumb":{"@id":"https:\/\/www.istegroup.com\/produit\/traitement-biologique-des-eaux-usees-urbaines-2\/#breadcrumb"},"inLanguage":"fr-FR","potentialAction":[{"@type":"ReadAction","target":["https:\/\/www.istegroup.com\/produit\/traitement-biologique-des-eaux-usees-urbaines-2\/"]}]},{"@type":"ImageObject","inLanguage":"fr-FR","@id":"https:\/\/www.istegroup.com\/produit\/traitement-biologique-des-eaux-usees-urbaines-2\/#primaryimage","url":"https:\/\/www.istegroup.com\/wp-content\/uploads\/2026\/01\/071_Traitement-biologique-des-eaux-usees-urbaines-2_front.jpg","contentUrl":"https:\/\/www.istegroup.com\/wp-content\/uploads\/2026\/01\/071_Traitement-biologique-des-eaux-usees-urbaines-2_front.jpg","width":606,"height":909},{"@type":"BreadcrumbList","@id":"https:\/\/www.istegroup.com\/produit\/traitement-biologique-des-eaux-usees-urbaines-2\/#breadcrumb","itemListElement":[{"@type":"ListItem","position":1,"name":"Home","item":"https:\/\/www.istegroup.com\/"},{"@type":"ListItem","position":2,"name":"Shop","item":"https:\/\/www.istegroup.com\/fr\/nouveautes\/"},{"@type":"ListItem","position":3,"name":"Traitement biologique des eaux us\u00e9es urbaines 2"}]},{"@type":"WebSite","@id":"https:\/\/www.istegroup.com\/#website","url":"https:\/\/www.istegroup.com\/","name":"ISTE Group","description":"\u00c9diteur des Sciences","potentialAction":[{"@type":"SearchAction","target":{"@type":"EntryPoint","urlTemplate":"https:\/\/www.istegroup.com\/?s={search_term_string}"},"query-input":{"@type":"PropertyValueSpecification","valueRequired":true,"valueName":"search_term_string"}}],"inLanguage":"fr-FR"}]}},"_links":{"self":[{"href":"https:\/\/www.istegroup.com\/fr\/wp-json\/wp\/v2\/product\/62671","targetHints":{"allow":["GET"]}}],"collection":[{"href":"https:\/\/www.istegroup.com\/fr\/wp-json\/wp\/v2\/product"}],"about":[{"href":"https:\/\/www.istegroup.com\/fr\/wp-json\/wp\/v2\/types\/product"}],"wp:featuredmedia":[{"embeddable":true,"href":"https:\/\/www.istegroup.com\/fr\/wp-json\/wp\/v2\/media\/62676"}],"wp:attachment":[{"href":"https:\/\/www.istegroup.com\/fr\/wp-json\/wp\/v2\/media?parent=62671"}],"wp:term":[{"taxonomy":"product_brand","embeddable":true,"href":"https:\/\/www.istegroup.com\/fr\/wp-json\/wp\/v2\/product_brand?post=62671"},{"taxonomy":"product_cat","embeddable":true,"href":"https:\/\/www.istegroup.com\/fr\/wp-json\/wp\/v2\/product_cat?post=62671"},{"taxonomy":"product_tag","embeddable":true,"href":"https:\/\/www.istegroup.com\/fr\/wp-json\/wp\/v2\/product_tag?post=62671"}],"curies":[{"name":"wp","href":"https:\/\/api.w.org\/{rel}","templated":true}]}}