{"id":626,"date":"2017-07-28T15:19:56","date_gmt":"2017-07-28T13:19:56","guid":{"rendered":"https:\/\/iste.yhello.co\/product\/systemes-dorganisation-des-connaissances-et-humanites-numeriques\/"},"modified":"2024-01-03T13:41:06","modified_gmt":"2024-01-03T13:41:06","slug":"systemes-dorganisation-des-connaissances-et-humanites-numeriques","status":"publish","type":"product","link":"https:\/\/www.istegroup.com\/fr\/produit\/systemes-dorganisation-des-connaissances-et-humanites-numeriques\/","title":{"rendered":"Syst\u00e8mes d\u2019organisation des connaissances et humanit\u00e9s num\u00e9riques"},"content":{"rendered":"<p>Le num\u00e9rique modifie consid\u00e9rablement les conditions de production et de diffusion du savoir. Quelles sont les mutations subies par les syst\u00e8mes d\u2019organisation des connaissances \u00e0 l\u2019\u00e8re des humanit\u00e9s num\u00e9riques ?<\/p>\n<p><em>Syst\u00e8mes d\u2019organisation des connaissances et humanit\u00e9s num\u00e9riques<\/em>\u00a0examine quatre grandes th\u00e9matiques : les approches \u00e9pist\u00e9mologiques ou historiques des humanit\u00e9s num\u00e9riques ; l\u2019organisation de leur contenu ; l\u2019activit\u00e9 du chercheur en sciences humaines et sociales ; ainsi que l\u2019\u00e9valuation des syst\u00e8mes et la prise en compte des usagers.<\/p>\n<p>Cet ouvrage collectif r\u00e9unit les contributions d\u2019une cinquantaine de chercheurs pr\u00e9sent\u00e9es lors du 10\u00e8me colloque ISKO France. Il apporte un regard essentiel sur les humanit\u00e9s num\u00e9riques en pleine expansion et sur les mutations subies par les syst\u00e8mes d\u2019organisation des connaissances.<\/p>\n","protected":false},"excerpt":{"rendered":"<p>Le num\u00e9rique modifie consid\u00e9rablement les conditions de production et de diffusion du savoir. Quelles sont les mutations subies par les syst\u00e8mes d\u2019organisation des connaissances \u00e0 l\u2019\u00e8re des humanit\u00e9s num\u00e9riques ? Syst\u00e8mes d\u2019organisation des connaissances et humanit\u00e9s num\u00e9riques\u00a0examine quatre grandes th\u00e9matiques : les approches \u00e9pist\u00e9mologiques ou historiques des humanit\u00e9s num\u00e9riques ; l\u2019organisation de leur contenu ; [&hellip;]<\/p>\n","protected":false},"featured_media":627,"template":"","meta":{"_acf_changed":false,"_links_to":"","_links_to_target":""},"product_brand":[],"product_cat":[675,684],"product_tag":[284,285,286,170,31,196,269,18,19,218,219,20,287,288,289,290,291,197,198,199,21,200,22,201,203,204,63,25,205,172,26,206,207,27,99,208,209,292,293,212,38,192,145,28,29,213,214,294,253,262],"class_list":{"0":"post-626","1":"product","2":"type-product","3":"status-publish","4":"has-post-thumbnail","6":"product_cat-nouveauts-12519446","7":"product_cat-sciences-socit-et-nouvelles-technologies-188422468","8":"product_tag-10e-colloque-isko","9":"product_tag-colloque-isko","10":"product_tag-colloque-isko-france","11":"product_tag-communication","12":"product_tag-ebook","13":"product_tag-ebooks","14":"product_tag-edition-francaise","15":"product_tag-edition-scientifique","16":"product_tag-editions-francaise","17":"product_tag-editions-ouvrage","18":"product_tag-editions-ouvrages","19":"product_tag-editions-technique","20":"product_tag-emmanuelle-chevry-pebayle","21":"product_tag-humanites-numeriques","22":"product_tag-innovation","23":"product_tag-isko","24":"product_tag-isko-france","25":"product_tag-iste","26":"product_tag-iste-edition","27":"product_tag-iste-editions","28":"product_tag-iste-group","29":"product_tag-isteedition","30":"product_tag-istegroup","31":"product_tag-kindle","32":"product_tag-liseuse","33":"product_tag-livre","34":"product_tag-livre-electronique","35":"product_tag-livre-numerique","36":"product_tag-livre-science","37":"product_tag-livre-scientifique","38":"product_tag-livre-scientifique-francais","39":"product_tag-livre-scientique","40":"product_tag-livre-technique","41":"product_tag-livre-technique-francais","42":"product_tag-livres-numeriques","43":"product_tag-livres-scientifique","44":"product_tag-livres-scientifiques","45":"product_tag-numerique","46":"product_tag-organisation-des-connaissances","47":"product_tag-ouvrage","48":"product_tag-ouvrage-numerique","49":"product_tag-ouvrage-science","50":"product_tag-ouvrage-scientifique","51":"product_tag-ouvrage-scientifique-francais","52":"product_tag-ouvrage-technique","53":"product_tag-ouvrages-scientifiques","54":"product_tag-ouvrages-techniques","55":"product_tag-systemes-dorganisation-des-connaissances-et-humanites-numeriques","56":"product_tag-technologie","57":"product_tag-technologies","59":"first","60":"instock","61":"shipping-taxable","62":"purchasable","63":"product-type-variable"},"acf":[],"yoast_head":"<!-- This site is optimized with the Yoast SEO plugin v27.2 - https:\/\/yoast.com\/product\/yoast-seo-wordpress\/ -->\n<title>Syst\u00e8mes d\u2019organisation des connaissances et humanit\u00e9s num\u00e9riques - ISTE Group<\/title>\n<meta name=\"description\" content=\"Syst\u00e8mes d\u2019organisation des connaissances et humanit\u00e9s num\u00e9riques\u00a0examine quatre grandes th\u00e9matiques : les approches \u00e9pist\u00e9mologiques ou historiques des humanit\u00e9s num\u00e9riques ; l\u2019organisation de leur contenu ; l\u2019activit\u00e9 du chercheur en sciences humaines et sociales ; ainsi que l\u2019\u00e9valuation des syst\u00e8mes et la prise en compte des usagers.\" \/>\n<meta name=\"robots\" content=\"index, follow, max-snippet:-1, max-image-preview:large, max-video-preview:-1\" \/>\n<link rel=\"canonical\" href=\"https:\/\/www.istegroup.com\/fr\/produit\/systemes-dorganisation-des-connaissances-et-humanites-numeriques\/\" \/>\n<meta property=\"og:locale\" content=\"fr_FR\" \/>\n<meta property=\"og:type\" content=\"article\" \/>\n<meta property=\"og:title\" content=\"Syst\u00e8mes d\u2019organisation des connaissances et humanit\u00e9s num\u00e9riques - ISTE Group\" \/>\n<meta property=\"og:description\" content=\"Syst\u00e8mes d\u2019organisation des connaissances et humanit\u00e9s num\u00e9riques\u00a0examine quatre grandes th\u00e9matiques : les approches \u00e9pist\u00e9mologiques ou historiques des humanit\u00e9s num\u00e9riques ; l\u2019organisation de leur contenu ; l\u2019activit\u00e9 du chercheur en sciences humaines et sociales ; ainsi que l\u2019\u00e9valuation des syst\u00e8mes et la prise en compte des usagers.\" \/>\n<meta property=\"og:url\" content=\"https:\/\/www.istegroup.com\/fr\/produit\/systemes-dorganisation-des-connaissances-et-humanites-numeriques\/\" \/>\n<meta property=\"og:site_name\" content=\"ISTE Group\" \/>\n<meta property=\"article:modified_time\" content=\"2024-01-03T13:41:06+00:00\" \/>\n<meta property=\"og:image\" content=\"https:\/\/www.istegroup.com\/wp-content\/uploads\/2017\/07\/19351785297_8740593809-1.jpg\" \/>\n\t<meta property=\"og:image:width\" content=\"1354\" \/>\n\t<meta property=\"og:image:height\" content=\"2048\" \/>\n\t<meta property=\"og:image:type\" content=\"image\/jpeg\" \/>\n<meta name=\"twitter:card\" content=\"summary_large_image\" \/>\n<meta name=\"twitter:label1\" content=\"Est. reading time\" \/>\n\t<meta name=\"twitter:data1\" content=\"1 minute\" \/>\n<script type=\"application\/ld+json\" class=\"yoast-schema-graph\">{\"@context\":\"https:\/\/schema.org\",\"@graph\":[{\"@type\":\"WebPage\",\"@id\":\"https:\/\/www.istegroup.com\/fr\/produit\/systemes-dorganisation-des-connaissances-et-humanites-numeriques\/\",\"url\":\"https:\/\/www.istegroup.com\/fr\/produit\/systemes-dorganisation-des-connaissances-et-humanites-numeriques\/\",\"name\":\"Syst\u00e8mes d\u2019organisation des connaissances et humanit\u00e9s num\u00e9riques - ISTE Group\",\"isPartOf\":{\"@id\":\"https:\/\/www.istegroup.com\/#website\"},\"primaryImageOfPage\":{\"@id\":\"https:\/\/www.istegroup.com\/fr\/produit\/systemes-dorganisation-des-connaissances-et-humanites-numeriques\/#primaryimage\"},\"image\":{\"@id\":\"https:\/\/www.istegroup.com\/fr\/produit\/systemes-dorganisation-des-connaissances-et-humanites-numeriques\/#primaryimage\"},\"thumbnailUrl\":\"https:\/\/www.istegroup.com\/wp-content\/uploads\/2017\/07\/19351785297_8740593809-1.jpg\",\"datePublished\":\"2017-07-28T13:19:56+00:00\",\"dateModified\":\"2024-01-03T13:41:06+00:00\",\"description\":\"Syst\u00e8mes d\u2019organisation des connaissances et humanit\u00e9s num\u00e9riques\u00a0examine quatre grandes th\u00e9matiques : les approches \u00e9pist\u00e9mologiques ou historiques des humanit\u00e9s num\u00e9riques ; l\u2019organisation de leur contenu ; l\u2019activit\u00e9 du chercheur en sciences humaines et sociales ; ainsi que l\u2019\u00e9valuation des syst\u00e8mes et la prise en compte des usagers.\",\"breadcrumb\":{\"@id\":\"https:\/\/www.istegroup.com\/fr\/produit\/systemes-dorganisation-des-connaissances-et-humanites-numeriques\/#breadcrumb\"},\"inLanguage\":\"fr-FR\",\"potentialAction\":[{\"@type\":\"ReadAction\",\"target\":[\"https:\/\/www.istegroup.com\/fr\/produit\/systemes-dorganisation-des-connaissances-et-humanites-numeriques\/\"]}]},{\"@type\":\"ImageObject\",\"inLanguage\":\"fr-FR\",\"@id\":\"https:\/\/www.istegroup.com\/fr\/produit\/systemes-dorganisation-des-connaissances-et-humanites-numeriques\/#primaryimage\",\"url\":\"https:\/\/www.istegroup.com\/wp-content\/uploads\/2017\/07\/19351785297_8740593809-1.jpg\",\"contentUrl\":\"https:\/\/www.istegroup.com\/wp-content\/uploads\/2017\/07\/19351785297_8740593809-1.jpg\",\"width\":1354,\"height\":2048,\"caption\":\"Actes du 10\u00e8me colloque ISKO France 2015\"},{\"@type\":\"BreadcrumbList\",\"@id\":\"https:\/\/www.istegroup.com\/fr\/produit\/systemes-dorganisation-des-connaissances-et-humanites-numeriques\/#breadcrumb\",\"itemListElement\":[{\"@type\":\"ListItem\",\"position\":1,\"name\":\"Home\",\"item\":\"https:\/\/www.istegroup.com\/\"},{\"@type\":\"ListItem\",\"position\":2,\"name\":\"Shop\",\"item\":\"https:\/\/www.istegroup.com\/fr\/nouveautes\/\"},{\"@type\":\"ListItem\",\"position\":3,\"name\":\"Syst\u00e8mes d\u2019organisation des connaissances et humanit\u00e9s num\u00e9riques\"}]},{\"@type\":\"WebSite\",\"@id\":\"https:\/\/www.istegroup.com\/#website\",\"url\":\"https:\/\/www.istegroup.com\/\",\"name\":\"ISTE Group\",\"description\":\"\u00c9diteur des Sciences\",\"potentialAction\":[{\"@type\":\"SearchAction\",\"target\":{\"@type\":\"EntryPoint\",\"urlTemplate\":\"https:\/\/www.istegroup.com\/?s={search_term_string}\"},\"query-input\":{\"@type\":\"PropertyValueSpecification\",\"valueRequired\":true,\"valueName\":\"search_term_string\"}}],\"inLanguage\":\"fr-FR\"}]}<\/script>\n<!-- \/ Yoast SEO plugin. -->","yoast_head_json":{"title":"Syst\u00e8mes d\u2019organisation des connaissances et humanit\u00e9s num\u00e9riques - ISTE Group","description":"Syst\u00e8mes d\u2019organisation des connaissances et humanit\u00e9s num\u00e9riques\u00a0examine quatre grandes th\u00e9matiques : les approches \u00e9pist\u00e9mologiques ou historiques des humanit\u00e9s num\u00e9riques ; l\u2019organisation de leur contenu ; l\u2019activit\u00e9 du chercheur en sciences humaines et sociales ; ainsi que l\u2019\u00e9valuation des syst\u00e8mes et la prise en compte des usagers.","robots":{"index":"index","follow":"follow","max-snippet":"max-snippet:-1","max-image-preview":"max-image-preview:large","max-video-preview":"max-video-preview:-1"},"canonical":"https:\/\/www.istegroup.com\/fr\/produit\/systemes-dorganisation-des-connaissances-et-humanites-numeriques\/","og_locale":"fr_FR","og_type":"article","og_title":"Syst\u00e8mes d\u2019organisation des connaissances et humanit\u00e9s num\u00e9riques - ISTE Group","og_description":"Syst\u00e8mes d\u2019organisation des connaissances et humanit\u00e9s num\u00e9riques\u00a0examine quatre grandes th\u00e9matiques : les approches \u00e9pist\u00e9mologiques ou historiques des humanit\u00e9s num\u00e9riques ; l\u2019organisation de leur contenu ; l\u2019activit\u00e9 du chercheur en sciences humaines et sociales ; ainsi que l\u2019\u00e9valuation des syst\u00e8mes et la prise en compte des usagers.","og_url":"https:\/\/www.istegroup.com\/fr\/produit\/systemes-dorganisation-des-connaissances-et-humanites-numeriques\/","og_site_name":"ISTE Group","article_modified_time":"2024-01-03T13:41:06+00:00","og_image":[{"width":1354,"height":2048,"url":"https:\/\/www.istegroup.com\/wp-content\/uploads\/2017\/07\/19351785297_8740593809-1.jpg","type":"image\/jpeg"}],"twitter_card":"summary_large_image","twitter_misc":{"Est. reading time":"1 minute"},"schema":{"@context":"https:\/\/schema.org","@graph":[{"@type":"WebPage","@id":"https:\/\/www.istegroup.com\/fr\/produit\/systemes-dorganisation-des-connaissances-et-humanites-numeriques\/","url":"https:\/\/www.istegroup.com\/fr\/produit\/systemes-dorganisation-des-connaissances-et-humanites-numeriques\/","name":"Syst\u00e8mes d\u2019organisation des connaissances et humanit\u00e9s num\u00e9riques - ISTE Group","isPartOf":{"@id":"https:\/\/www.istegroup.com\/#website"},"primaryImageOfPage":{"@id":"https:\/\/www.istegroup.com\/fr\/produit\/systemes-dorganisation-des-connaissances-et-humanites-numeriques\/#primaryimage"},"image":{"@id":"https:\/\/www.istegroup.com\/fr\/produit\/systemes-dorganisation-des-connaissances-et-humanites-numeriques\/#primaryimage"},"thumbnailUrl":"https:\/\/www.istegroup.com\/wp-content\/uploads\/2017\/07\/19351785297_8740593809-1.jpg","datePublished":"2017-07-28T13:19:56+00:00","dateModified":"2024-01-03T13:41:06+00:00","description":"Syst\u00e8mes d\u2019organisation des connaissances et humanit\u00e9s num\u00e9riques\u00a0examine quatre grandes th\u00e9matiques : les approches \u00e9pist\u00e9mologiques ou historiques des humanit\u00e9s num\u00e9riques ; l\u2019organisation de leur contenu ; l\u2019activit\u00e9 du chercheur en sciences humaines et sociales ; ainsi que l\u2019\u00e9valuation des syst\u00e8mes et la prise en compte des usagers.","breadcrumb":{"@id":"https:\/\/www.istegroup.com\/fr\/produit\/systemes-dorganisation-des-connaissances-et-humanites-numeriques\/#breadcrumb"},"inLanguage":"fr-FR","potentialAction":[{"@type":"ReadAction","target":["https:\/\/www.istegroup.com\/fr\/produit\/systemes-dorganisation-des-connaissances-et-humanites-numeriques\/"]}]},{"@type":"ImageObject","inLanguage":"fr-FR","@id":"https:\/\/www.istegroup.com\/fr\/produit\/systemes-dorganisation-des-connaissances-et-humanites-numeriques\/#primaryimage","url":"https:\/\/www.istegroup.com\/wp-content\/uploads\/2017\/07\/19351785297_8740593809-1.jpg","contentUrl":"https:\/\/www.istegroup.com\/wp-content\/uploads\/2017\/07\/19351785297_8740593809-1.jpg","width":1354,"height":2048,"caption":"Actes du 10\u00e8me colloque ISKO France 2015"},{"@type":"BreadcrumbList","@id":"https:\/\/www.istegroup.com\/fr\/produit\/systemes-dorganisation-des-connaissances-et-humanites-numeriques\/#breadcrumb","itemListElement":[{"@type":"ListItem","position":1,"name":"Home","item":"https:\/\/www.istegroup.com\/"},{"@type":"ListItem","position":2,"name":"Shop","item":"https:\/\/www.istegroup.com\/fr\/nouveautes\/"},{"@type":"ListItem","position":3,"name":"Syst\u00e8mes d\u2019organisation des connaissances et humanit\u00e9s num\u00e9riques"}]},{"@type":"WebSite","@id":"https:\/\/www.istegroup.com\/#website","url":"https:\/\/www.istegroup.com\/","name":"ISTE Group","description":"\u00c9diteur des Sciences","potentialAction":[{"@type":"SearchAction","target":{"@type":"EntryPoint","urlTemplate":"https:\/\/www.istegroup.com\/?s={search_term_string}"},"query-input":{"@type":"PropertyValueSpecification","valueRequired":true,"valueName":"search_term_string"}}],"inLanguage":"fr-FR"}]}},"_links":{"self":[{"href":"https:\/\/www.istegroup.com\/fr\/wp-json\/wp\/v2\/product\/626","targetHints":{"allow":["GET"]}}],"collection":[{"href":"https:\/\/www.istegroup.com\/fr\/wp-json\/wp\/v2\/product"}],"about":[{"href":"https:\/\/www.istegroup.com\/fr\/wp-json\/wp\/v2\/types\/product"}],"wp:featuredmedia":[{"embeddable":true,"href":"https:\/\/www.istegroup.com\/fr\/wp-json\/wp\/v2\/media\/627"}],"wp:attachment":[{"href":"https:\/\/www.istegroup.com\/fr\/wp-json\/wp\/v2\/media?parent=626"}],"wp:term":[{"taxonomy":"product_brand","embeddable":true,"href":"https:\/\/www.istegroup.com\/fr\/wp-json\/wp\/v2\/product_brand?post=626"},{"taxonomy":"product_cat","embeddable":true,"href":"https:\/\/www.istegroup.com\/fr\/wp-json\/wp\/v2\/product_cat?post=626"},{"taxonomy":"product_tag","embeddable":true,"href":"https:\/\/www.istegroup.com\/fr\/wp-json\/wp\/v2\/product_tag?post=626"}],"curies":[{"name":"wp","href":"https:\/\/api.w.org\/{rel}","templated":true}]}}