{"id":624,"date":"2015-06-20T15:19:52","date_gmt":"2015-06-20T13:19:52","guid":{"rendered":"https:\/\/iste.yhello.co\/product\/systemes-de-recommandation\/"},"modified":"2024-01-03T14:33:23","modified_gmt":"2024-01-03T14:33:23","slug":"systemes-de-recommandation","status":"publish","type":"product","link":"https:\/\/www.istegroup.com\/fr\/produit\/systemes-de-recommandation\/","title":{"rendered":"Syst\u00e8mes de recommandation"},"content":{"rendered":"<p>La s\u00e9rie\u00a0<em>Syst\u00e8mes d\u2019information avanc\u00e9s<\/em>\u00a0approfondit les nouvelles formes du SI qui est devenu, avec le num\u00e9rique, le v\u00e9ritable syst\u00e8me nerveux de toute organisation.<\/p>\n<p>L\u2019information est un \u00e9l\u00e9ment de connaissance qui peut \u00eatre conserv\u00e9, trait\u00e9 ou communiqu\u00e9. Elle est li\u00e9e aux notions de communication, de donn\u00e9es, de connaissance ou de repr\u00e9sentation.<\/p>\n<p>Dans un contexte d\u2019augmentation constante de la masse d\u2019informations, il est difficile de savoir quelles sont les donn\u00e9es \u00e0 rechercher et o\u00f9 les trouver. Des techniques informatiques existent pour faciliter cette recherche et permettent une extraction pertinente des informations.<\/p>\n<p>L\u2019une d\u2019entre elles est le processus de recommandation qui guide l\u2019utilisateur lors de son exploration, en cherchant pour lui les informations qui paraissent pertinentes. Il s\u2019agit d\u2019une forme particuli\u00e8re de filtrage visant \u00e0 pr\u00e9senter les \u00e9l\u00e9ments d\u2019information (films, musique, livres, images, web, etc.) susceptibles d\u2019int\u00e9resser l\u2019utilisateur.<\/p>\n<p><em>Syst\u00e8mes de recommandation<\/em>\u00a0introduit les notions inh\u00e9rentes \u00e0 la recommandation, bas\u00e9es, entre autres, sur la recherche d\u2019information, le filtrage, l\u2019apprentissage automatique, les approches collaboratives. Il traite \u00e9galement de l&rsquo;\u00e9valuation de tels syst\u00e8mes et pr\u00e9sente diff\u00e9rents cas d&rsquo;application.<\/p>\n","protected":false},"excerpt":{"rendered":"<p>La s\u00e9rie\u00a0Syst\u00e8mes d\u2019information avanc\u00e9s\u00a0approfondit les nouvelles formes du SI qui est devenu, avec le num\u00e9rique, le v\u00e9ritable syst\u00e8me nerveux de toute organisation. L\u2019information est un \u00e9l\u00e9ment de connaissance qui peut \u00eatre conserv\u00e9, trait\u00e9 ou communiqu\u00e9. Elle est li\u00e9e aux notions de communication, de donn\u00e9es, de connaissance ou de repr\u00e9sentation. Dans un contexte d\u2019augmentation constante de [&hellip;]<\/p>\n","protected":false},"featured_media":625,"template":"","meta":{"_acf_changed":false,"_links_to":"","_links_to_target":""},"product_brand":[],"product_cat":[722,707],"product_tag":[170,394,2337,31,196,2338,2339,2340,833,197,198,199,21,200,22,201,203,204,63,25,172,209,212,38,192,145,28,2341,1765,2342],"class_list":{"0":"post-624","1":"product","2":"type-product","3":"status-publish","4":"has-post-thumbnail","6":"product_cat-srie-systmes-dinformation-avancs-36251780","7":"product_cat-systmes-dinformation-web-et-socit-12506570","8":"product_tag-communication","9":"product_tag-connaissance","10":"product_tag-donnees","11":"product_tag-ebook","12":"product_tag-ebooks","13":"product_tag-elsa-negre","14":"product_tag-exploration","15":"product_tag-guide","16":"product_tag-information","17":"product_tag-iste","18":"product_tag-iste-edition","19":"product_tag-iste-editions","20":"product_tag-iste-group","21":"product_tag-isteedition","22":"product_tag-istegroup","23":"product_tag-kindle","24":"product_tag-liseuse","25":"product_tag-livre","26":"product_tag-livre-electronique","27":"product_tag-livre-numerique","28":"product_tag-livre-scientifique","29":"product_tag-livres-scientifiques","30":"product_tag-ouvrage","31":"product_tag-ouvrage-numerique","32":"product_tag-ouvrage-science","33":"product_tag-ouvrage-scientifique","34":"product_tag-ouvrage-scientifique-francais","35":"product_tag-representation","36":"product_tag-systemes-de-recommandation","37":"product_tag-utilisateur","39":"first","40":"instock","41":"shipping-taxable","42":"purchasable","43":"product-type-variable"},"acf":[],"yoast_head":"<!-- This site is optimized with the Yoast SEO plugin v27.2 - https:\/\/yoast.com\/product\/yoast-seo-wordpress\/ -->\n<title>Syst\u00e8mes de recommandation - ISTE Group<\/title>\n<meta name=\"description\" content=\"Syst\u00e8mes de recommandation\u00a0introduit les notions inh\u00e9rentes \u00e0 la recommandation, bas\u00e9es, entre autres, sur la recherche d\u2019information, le filtrage, l\u2019apprentissage automatique, les approches collaboratives.\" \/>\n<meta name=\"robots\" content=\"index, follow, max-snippet:-1, max-image-preview:large, max-video-preview:-1\" \/>\n<link rel=\"canonical\" href=\"https:\/\/www.istegroup.com\/fr\/produit\/systemes-de-recommandation\/\" \/>\n<meta property=\"og:locale\" content=\"fr_FR\" \/>\n<meta property=\"og:type\" content=\"article\" \/>\n<meta property=\"og:title\" content=\"Syst\u00e8mes de recommandation - ISTE Group\" \/>\n<meta property=\"og:description\" content=\"Syst\u00e8mes de recommandation\u00a0introduit les notions inh\u00e9rentes \u00e0 la recommandation, bas\u00e9es, entre autres, sur la recherche d\u2019information, le filtrage, l\u2019apprentissage automatique, les approches collaboratives.\" \/>\n<meta property=\"og:url\" content=\"https:\/\/www.istegroup.com\/fr\/produit\/systemes-de-recommandation\/\" \/>\n<meta property=\"og:site_name\" content=\"ISTE Group\" \/>\n<meta property=\"article:modified_time\" content=\"2024-01-03T14:33:23+00:00\" \/>\n<meta property=\"og:image\" content=\"https:\/\/www.istegroup.com\/wp-content\/uploads\/2017\/07\/1359541060_461000320-1.jpg\" \/>\n\t<meta property=\"og:image:width\" content=\"300\" \/>\n\t<meta property=\"og:image:height\" content=\"452\" \/>\n\t<meta property=\"og:image:type\" content=\"image\/jpeg\" \/>\n<meta name=\"twitter:card\" content=\"summary_large_image\" \/>\n<meta name=\"twitter:label1\" content=\"Est. reading time\" \/>\n\t<meta name=\"twitter:data1\" content=\"1 minute\" \/>\n<script type=\"application\/ld+json\" class=\"yoast-schema-graph\">{\"@context\":\"https:\/\/schema.org\",\"@graph\":[{\"@type\":\"WebPage\",\"@id\":\"https:\/\/www.istegroup.com\/fr\/produit\/systemes-de-recommandation\/\",\"url\":\"https:\/\/www.istegroup.com\/fr\/produit\/systemes-de-recommandation\/\",\"name\":\"Syst\u00e8mes de recommandation - ISTE Group\",\"isPartOf\":{\"@id\":\"https:\/\/www.istegroup.com\/#website\"},\"primaryImageOfPage\":{\"@id\":\"https:\/\/www.istegroup.com\/fr\/produit\/systemes-de-recommandation\/#primaryimage\"},\"image\":{\"@id\":\"https:\/\/www.istegroup.com\/fr\/produit\/systemes-de-recommandation\/#primaryimage\"},\"thumbnailUrl\":\"https:\/\/www.istegroup.com\/wp-content\/uploads\/2017\/07\/1359541060_461000320-1.jpg\",\"datePublished\":\"2015-06-20T13:19:52+00:00\",\"dateModified\":\"2024-01-03T14:33:23+00:00\",\"description\":\"Syst\u00e8mes de recommandation\u00a0introduit les notions inh\u00e9rentes \u00e0 la recommandation, bas\u00e9es, entre autres, sur la recherche d\u2019information, le filtrage, l\u2019apprentissage automatique, les approches collaboratives.\",\"breadcrumb\":{\"@id\":\"https:\/\/www.istegroup.com\/fr\/produit\/systemes-de-recommandation\/#breadcrumb\"},\"inLanguage\":\"fr-FR\",\"potentialAction\":[{\"@type\":\"ReadAction\",\"target\":[\"https:\/\/www.istegroup.com\/fr\/produit\/systemes-de-recommandation\/\"]}]},{\"@type\":\"ImageObject\",\"inLanguage\":\"fr-FR\",\"@id\":\"https:\/\/www.istegroup.com\/fr\/produit\/systemes-de-recommandation\/#primaryimage\",\"url\":\"https:\/\/www.istegroup.com\/wp-content\/uploads\/2017\/07\/1359541060_461000320-1.jpg\",\"contentUrl\":\"https:\/\/www.istegroup.com\/wp-content\/uploads\/2017\/07\/1359541060_461000320-1.jpg\",\"width\":300,\"height\":452,\"caption\":\"Introduction\"},{\"@type\":\"BreadcrumbList\",\"@id\":\"https:\/\/www.istegroup.com\/fr\/produit\/systemes-de-recommandation\/#breadcrumb\",\"itemListElement\":[{\"@type\":\"ListItem\",\"position\":1,\"name\":\"Home\",\"item\":\"https:\/\/www.istegroup.com\/\"},{\"@type\":\"ListItem\",\"position\":2,\"name\":\"Shop\",\"item\":\"https:\/\/www.istegroup.com\/fr\/nouveautes\/\"},{\"@type\":\"ListItem\",\"position\":3,\"name\":\"Syst\u00e8mes de recommandation\"}]},{\"@type\":\"WebSite\",\"@id\":\"https:\/\/www.istegroup.com\/#website\",\"url\":\"https:\/\/www.istegroup.com\/\",\"name\":\"ISTE Group\",\"description\":\"\u00c9diteur des Sciences\",\"potentialAction\":[{\"@type\":\"SearchAction\",\"target\":{\"@type\":\"EntryPoint\",\"urlTemplate\":\"https:\/\/www.istegroup.com\/?s={search_term_string}\"},\"query-input\":{\"@type\":\"PropertyValueSpecification\",\"valueRequired\":true,\"valueName\":\"search_term_string\"}}],\"inLanguage\":\"fr-FR\"}]}<\/script>\n<!-- \/ Yoast SEO plugin. -->","yoast_head_json":{"title":"Syst\u00e8mes de recommandation - ISTE Group","description":"Syst\u00e8mes de recommandation\u00a0introduit les notions inh\u00e9rentes \u00e0 la recommandation, bas\u00e9es, entre autres, sur la recherche d\u2019information, le filtrage, l\u2019apprentissage automatique, les approches collaboratives.","robots":{"index":"index","follow":"follow","max-snippet":"max-snippet:-1","max-image-preview":"max-image-preview:large","max-video-preview":"max-video-preview:-1"},"canonical":"https:\/\/www.istegroup.com\/fr\/produit\/systemes-de-recommandation\/","og_locale":"fr_FR","og_type":"article","og_title":"Syst\u00e8mes de recommandation - ISTE Group","og_description":"Syst\u00e8mes de recommandation\u00a0introduit les notions inh\u00e9rentes \u00e0 la recommandation, bas\u00e9es, entre autres, sur la recherche d\u2019information, le filtrage, l\u2019apprentissage automatique, les approches collaboratives.","og_url":"https:\/\/www.istegroup.com\/fr\/produit\/systemes-de-recommandation\/","og_site_name":"ISTE Group","article_modified_time":"2024-01-03T14:33:23+00:00","og_image":[{"width":300,"height":452,"url":"https:\/\/www.istegroup.com\/wp-content\/uploads\/2017\/07\/1359541060_461000320-1.jpg","type":"image\/jpeg"}],"twitter_card":"summary_large_image","twitter_misc":{"Est. reading time":"1 minute"},"schema":{"@context":"https:\/\/schema.org","@graph":[{"@type":"WebPage","@id":"https:\/\/www.istegroup.com\/fr\/produit\/systemes-de-recommandation\/","url":"https:\/\/www.istegroup.com\/fr\/produit\/systemes-de-recommandation\/","name":"Syst\u00e8mes de recommandation - ISTE Group","isPartOf":{"@id":"https:\/\/www.istegroup.com\/#website"},"primaryImageOfPage":{"@id":"https:\/\/www.istegroup.com\/fr\/produit\/systemes-de-recommandation\/#primaryimage"},"image":{"@id":"https:\/\/www.istegroup.com\/fr\/produit\/systemes-de-recommandation\/#primaryimage"},"thumbnailUrl":"https:\/\/www.istegroup.com\/wp-content\/uploads\/2017\/07\/1359541060_461000320-1.jpg","datePublished":"2015-06-20T13:19:52+00:00","dateModified":"2024-01-03T14:33:23+00:00","description":"Syst\u00e8mes de recommandation\u00a0introduit les notions inh\u00e9rentes \u00e0 la recommandation, bas\u00e9es, entre autres, sur la recherche d\u2019information, le filtrage, l\u2019apprentissage automatique, les approches collaboratives.","breadcrumb":{"@id":"https:\/\/www.istegroup.com\/fr\/produit\/systemes-de-recommandation\/#breadcrumb"},"inLanguage":"fr-FR","potentialAction":[{"@type":"ReadAction","target":["https:\/\/www.istegroup.com\/fr\/produit\/systemes-de-recommandation\/"]}]},{"@type":"ImageObject","inLanguage":"fr-FR","@id":"https:\/\/www.istegroup.com\/fr\/produit\/systemes-de-recommandation\/#primaryimage","url":"https:\/\/www.istegroup.com\/wp-content\/uploads\/2017\/07\/1359541060_461000320-1.jpg","contentUrl":"https:\/\/www.istegroup.com\/wp-content\/uploads\/2017\/07\/1359541060_461000320-1.jpg","width":300,"height":452,"caption":"Introduction"},{"@type":"BreadcrumbList","@id":"https:\/\/www.istegroup.com\/fr\/produit\/systemes-de-recommandation\/#breadcrumb","itemListElement":[{"@type":"ListItem","position":1,"name":"Home","item":"https:\/\/www.istegroup.com\/"},{"@type":"ListItem","position":2,"name":"Shop","item":"https:\/\/www.istegroup.com\/fr\/nouveautes\/"},{"@type":"ListItem","position":3,"name":"Syst\u00e8mes de recommandation"}]},{"@type":"WebSite","@id":"https:\/\/www.istegroup.com\/#website","url":"https:\/\/www.istegroup.com\/","name":"ISTE Group","description":"\u00c9diteur des Sciences","potentialAction":[{"@type":"SearchAction","target":{"@type":"EntryPoint","urlTemplate":"https:\/\/www.istegroup.com\/?s={search_term_string}"},"query-input":{"@type":"PropertyValueSpecification","valueRequired":true,"valueName":"search_term_string"}}],"inLanguage":"fr-FR"}]}},"_links":{"self":[{"href":"https:\/\/www.istegroup.com\/fr\/wp-json\/wp\/v2\/product\/624","targetHints":{"allow":["GET"]}}],"collection":[{"href":"https:\/\/www.istegroup.com\/fr\/wp-json\/wp\/v2\/product"}],"about":[{"href":"https:\/\/www.istegroup.com\/fr\/wp-json\/wp\/v2\/types\/product"}],"wp:featuredmedia":[{"embeddable":true,"href":"https:\/\/www.istegroup.com\/fr\/wp-json\/wp\/v2\/media\/625"}],"wp:attachment":[{"href":"https:\/\/www.istegroup.com\/fr\/wp-json\/wp\/v2\/media?parent=624"}],"wp:term":[{"taxonomy":"product_brand","embeddable":true,"href":"https:\/\/www.istegroup.com\/fr\/wp-json\/wp\/v2\/product_brand?post=624"},{"taxonomy":"product_cat","embeddable":true,"href":"https:\/\/www.istegroup.com\/fr\/wp-json\/wp\/v2\/product_cat?post=624"},{"taxonomy":"product_tag","embeddable":true,"href":"https:\/\/www.istegroup.com\/fr\/wp-json\/wp\/v2\/product_tag?post=624"}],"curies":[{"name":"wp","href":"https:\/\/api.w.org\/{rel}","templated":true}]}}