{"id":62332,"date":"2025-11-26T10:16:37","date_gmt":"2025-11-26T10:16:37","guid":{"rendered":"https:\/\/www.istegroup.com\/?post_type=product&#038;p=62332"},"modified":"2026-01-07T16:18:04","modified_gmt":"2026-01-07T16:18:04","slug":"mobilites-connectees","status":"publish","type":"product","link":"https:\/\/www.istegroup.com\/fr\/produit\/mobilites-connectees\/","title":{"rendered":"Mobilit\u00e9s connect\u00e9es"},"content":{"rendered":"<p>En l\u2019espace d\u2019une quinzaine d\u2019ann\u00e9es, les smartphones se sont substitu\u00e9s \u00e0 de nombreux dispositifs techniques, rendant les usages du num\u00e9rique plus nomades et autonomes. <em>Mobilit\u00e9s connect\u00e9es<\/em> pr\u00e9sente une approche interdisciplinaire pour explorer les continuit\u00e9s et les ruptures entre les usages pass\u00e9s et pr\u00e9sents des applications mobiles \u00e0 l\u2019\u00e8re de la connectivit\u00e9 permanente.<\/p>\n<p>Cet ouvrage interroge les effets sociotechniques de ces dispositifs num\u00e9riques sur les interactions sociales, les imaginaires collectifs et les modes de communication dans les espaces publics d\u00e9sormais satur\u00e9s d\u2019\u00e9crans, d\u2019interfaces et de terminaux mobiles. Il examine \u00e9galement leurs incidences sur nos choix de consommation, sur l\u2019accessibilit\u00e9 et la d\u00e9couvrabilit\u00e9 en ligne d\u2019expressions culturelles vari\u00e9es, ainsi que sur les relations de pouvoir dans des environnements de plus en plus num\u00e9ris\u00e9s.<\/p>\n<p>Afin d\u2019\u00e9clairer les liens complexes entre innovations technologiques, connectivit\u00e9 mobile et d\u00e9veloppement, il analyse les opportunit\u00e9s et les risques associ\u00e9s \u00e0 la diffusion et \u00e0 l\u2019adoption massive, voire pervasive, de ces technologies. \u00c0 partir d\u2019enqu\u00eates men\u00e9es sur des terrains diversifi\u00e9s, l\u2019ouvrage questionne la mani\u00e8re dont les applications mobiles peuvent favoriser ou freiner les \u00e9volutions soci\u00e9tales et les transformations comportementales, dans un contexte marqu\u00e9 par des in\u00e9galit\u00e9s num\u00e9riques persistantes. Il offre ainsi les cl\u00e9s pour comprendre les mutations technologiques et soci\u00e9tales en cours dans notre \u00e9poque hyperconnect\u00e9e. Une lecture essentielle pour prendre du recul et se projeter vers les enjeux et d\u00e9fis \u00e0 venir, dans un monde o\u00f9 la fronti\u00e8re entre vie num\u00e9rique et vie r\u00e9elle s\u2019estompe chaque jour davantage.<\/p>\n","protected":false},"excerpt":{"rendered":"<p>En l\u2019espace d\u2019une quinzaine d\u2019ann\u00e9es, les smartphones se sont substitu\u00e9s \u00e0 de nombreux dispositifs techniques, rendant les usages du num\u00e9rique plus nomades et autonomes. Mobilit\u00e9s connect\u00e9es pr\u00e9sente une approche interdisciplinaire pour explorer les continuit\u00e9s et les ruptures entre les usages pass\u00e9s et pr\u00e9sents des applications mobiles \u00e0 l\u2019\u00e8re de la connectivit\u00e9 permanente. Cet ouvrage interroge [&hellip;]<\/p>\n","protected":false},"featured_media":62345,"template":"","meta":{"_acf_changed":false,"_links_to":"","_links_to_target":""},"product_brand":[],"product_cat":[679],"product_tag":[],"class_list":{"0":"post-62332","1":"product","2":"type-product","3":"status-publish","4":"has-post-thumbnail","6":"product_cat-rseaux-et-tlcommunications-12506534","8":"first","9":"instock","10":"shipping-taxable","11":"purchasable","12":"product-type-variable"},"acf":[],"yoast_head":"<!-- This site is optimized with the Yoast SEO plugin v27.2 - https:\/\/yoast.com\/product\/yoast-seo-wordpress\/ -->\n<title>Mobilit\u00e9s connect\u00e9es - ISTE Group<\/title>\n<meta name=\"description\" content=\"Cet ouvrage interroge les effets sociotechniques de ces dispositifs num\u00e9riques sur les interactions sociales, les imaginaires collectifs et les modes de communication dans les espaces publics d\u00e9sormais satur\u00e9s d\u2019\u00e9crans, d\u2019interfaces et de terminaux mobiles.\" \/>\n<meta name=\"robots\" content=\"index, follow, max-snippet:-1, max-image-preview:large, max-video-preview:-1\" \/>\n<link rel=\"canonical\" href=\"https:\/\/www.istegroup.com\/produit\/mobilites-connectees\/\" \/>\n<meta property=\"og:locale\" content=\"fr_FR\" \/>\n<meta property=\"og:type\" content=\"article\" \/>\n<meta property=\"og:title\" content=\"Mobilit\u00e9s connect\u00e9es - ISTE Group\" \/>\n<meta property=\"og:description\" content=\"Cet ouvrage interroge les effets sociotechniques de ces dispositifs num\u00e9riques sur les interactions sociales, les imaginaires collectifs et les modes de communication dans les espaces publics d\u00e9sormais satur\u00e9s d\u2019\u00e9crans, d\u2019interfaces et de terminaux mobiles.\" \/>\n<meta property=\"og:url\" content=\"https:\/\/www.istegroup.com\/produit\/mobilites-connectees\/\" \/>\n<meta property=\"og:site_name\" content=\"ISTE Group\" \/>\n<meta property=\"article:modified_time\" content=\"2026-01-07T16:18:04+00:00\" \/>\n<meta property=\"og:image\" content=\"https:\/\/www.istegroup.com\/wp-content\/uploads\/2025\/11\/Mobilites-connectees.jpg\" \/>\n\t<meta property=\"og:image:width\" content=\"607\" \/>\n\t<meta property=\"og:image:height\" content=\"910\" \/>\n\t<meta property=\"og:image:type\" content=\"image\/jpeg\" \/>\n<meta name=\"twitter:card\" content=\"summary_large_image\" \/>\n<meta name=\"twitter:label1\" content=\"Est. reading time\" \/>\n\t<meta name=\"twitter:data1\" content=\"2 minutes\" \/>\n<script type=\"application\/ld+json\" class=\"yoast-schema-graph\">{\"@context\":\"https:\/\/schema.org\",\"@graph\":[{\"@type\":\"WebPage\",\"@id\":\"https:\/\/www.istegroup.com\/produit\/mobilites-connectees\/\",\"url\":\"https:\/\/www.istegroup.com\/produit\/mobilites-connectees\/\",\"name\":\"Mobilit\u00e9s connect\u00e9es - ISTE Group\",\"isPartOf\":{\"@id\":\"https:\/\/www.istegroup.com\/#website\"},\"primaryImageOfPage\":{\"@id\":\"https:\/\/www.istegroup.com\/produit\/mobilites-connectees\/#primaryimage\"},\"image\":{\"@id\":\"https:\/\/www.istegroup.com\/produit\/mobilites-connectees\/#primaryimage\"},\"thumbnailUrl\":\"https:\/\/www.istegroup.com\/wp-content\/uploads\/2025\/11\/Mobilites-connectees.jpg\",\"datePublished\":\"2025-11-26T10:16:37+00:00\",\"dateModified\":\"2026-01-07T16:18:04+00:00\",\"description\":\"Cet ouvrage interroge les effets sociotechniques de ces dispositifs num\u00e9riques sur les interactions sociales, les imaginaires collectifs et les modes de communication dans les espaces publics d\u00e9sormais satur\u00e9s d\u2019\u00e9crans, d\u2019interfaces et de terminaux mobiles.\",\"breadcrumb\":{\"@id\":\"https:\/\/www.istegroup.com\/produit\/mobilites-connectees\/#breadcrumb\"},\"inLanguage\":\"fr-FR\",\"potentialAction\":[{\"@type\":\"ReadAction\",\"target\":[\"https:\/\/www.istegroup.com\/produit\/mobilites-connectees\/\"]}]},{\"@type\":\"ImageObject\",\"inLanguage\":\"fr-FR\",\"@id\":\"https:\/\/www.istegroup.com\/produit\/mobilites-connectees\/#primaryimage\",\"url\":\"https:\/\/www.istegroup.com\/wp-content\/uploads\/2025\/11\/Mobilites-connectees.jpg\",\"contentUrl\":\"https:\/\/www.istegroup.com\/wp-content\/uploads\/2025\/11\/Mobilites-connectees.jpg\",\"width\":607,\"height\":910},{\"@type\":\"BreadcrumbList\",\"@id\":\"https:\/\/www.istegroup.com\/produit\/mobilites-connectees\/#breadcrumb\",\"itemListElement\":[{\"@type\":\"ListItem\",\"position\":1,\"name\":\"Home\",\"item\":\"https:\/\/www.istegroup.com\/\"},{\"@type\":\"ListItem\",\"position\":2,\"name\":\"Shop\",\"item\":\"https:\/\/www.istegroup.com\/fr\/nouveautes\/\"},{\"@type\":\"ListItem\",\"position\":3,\"name\":\"Mobilit\u00e9s connect\u00e9es\"}]},{\"@type\":\"WebSite\",\"@id\":\"https:\/\/www.istegroup.com\/#website\",\"url\":\"https:\/\/www.istegroup.com\/\",\"name\":\"ISTE Group\",\"description\":\"\u00c9diteur des Sciences\",\"potentialAction\":[{\"@type\":\"SearchAction\",\"target\":{\"@type\":\"EntryPoint\",\"urlTemplate\":\"https:\/\/www.istegroup.com\/?s={search_term_string}\"},\"query-input\":{\"@type\":\"PropertyValueSpecification\",\"valueRequired\":true,\"valueName\":\"search_term_string\"}}],\"inLanguage\":\"fr-FR\"}]}<\/script>\n<!-- \/ Yoast SEO plugin. -->","yoast_head_json":{"title":"Mobilit\u00e9s connect\u00e9es - ISTE Group","description":"Cet ouvrage interroge les effets sociotechniques de ces dispositifs num\u00e9riques sur les interactions sociales, les imaginaires collectifs et les modes de communication dans les espaces publics d\u00e9sormais satur\u00e9s d\u2019\u00e9crans, d\u2019interfaces et de terminaux mobiles.","robots":{"index":"index","follow":"follow","max-snippet":"max-snippet:-1","max-image-preview":"max-image-preview:large","max-video-preview":"max-video-preview:-1"},"canonical":"https:\/\/www.istegroup.com\/produit\/mobilites-connectees\/","og_locale":"fr_FR","og_type":"article","og_title":"Mobilit\u00e9s connect\u00e9es - ISTE Group","og_description":"Cet ouvrage interroge les effets sociotechniques de ces dispositifs num\u00e9riques sur les interactions sociales, les imaginaires collectifs et les modes de communication dans les espaces publics d\u00e9sormais satur\u00e9s d\u2019\u00e9crans, d\u2019interfaces et de terminaux mobiles.","og_url":"https:\/\/www.istegroup.com\/produit\/mobilites-connectees\/","og_site_name":"ISTE Group","article_modified_time":"2026-01-07T16:18:04+00:00","og_image":[{"width":607,"height":910,"url":"https:\/\/www.istegroup.com\/wp-content\/uploads\/2025\/11\/Mobilites-connectees.jpg","type":"image\/jpeg"}],"twitter_card":"summary_large_image","twitter_misc":{"Est. reading time":"2 minutes"},"schema":{"@context":"https:\/\/schema.org","@graph":[{"@type":"WebPage","@id":"https:\/\/www.istegroup.com\/produit\/mobilites-connectees\/","url":"https:\/\/www.istegroup.com\/produit\/mobilites-connectees\/","name":"Mobilit\u00e9s connect\u00e9es - ISTE Group","isPartOf":{"@id":"https:\/\/www.istegroup.com\/#website"},"primaryImageOfPage":{"@id":"https:\/\/www.istegroup.com\/produit\/mobilites-connectees\/#primaryimage"},"image":{"@id":"https:\/\/www.istegroup.com\/produit\/mobilites-connectees\/#primaryimage"},"thumbnailUrl":"https:\/\/www.istegroup.com\/wp-content\/uploads\/2025\/11\/Mobilites-connectees.jpg","datePublished":"2025-11-26T10:16:37+00:00","dateModified":"2026-01-07T16:18:04+00:00","description":"Cet ouvrage interroge les effets sociotechniques de ces dispositifs num\u00e9riques sur les interactions sociales, les imaginaires collectifs et les modes de communication dans les espaces publics d\u00e9sormais satur\u00e9s d\u2019\u00e9crans, d\u2019interfaces et de terminaux mobiles.","breadcrumb":{"@id":"https:\/\/www.istegroup.com\/produit\/mobilites-connectees\/#breadcrumb"},"inLanguage":"fr-FR","potentialAction":[{"@type":"ReadAction","target":["https:\/\/www.istegroup.com\/produit\/mobilites-connectees\/"]}]},{"@type":"ImageObject","inLanguage":"fr-FR","@id":"https:\/\/www.istegroup.com\/produit\/mobilites-connectees\/#primaryimage","url":"https:\/\/www.istegroup.com\/wp-content\/uploads\/2025\/11\/Mobilites-connectees.jpg","contentUrl":"https:\/\/www.istegroup.com\/wp-content\/uploads\/2025\/11\/Mobilites-connectees.jpg","width":607,"height":910},{"@type":"BreadcrumbList","@id":"https:\/\/www.istegroup.com\/produit\/mobilites-connectees\/#breadcrumb","itemListElement":[{"@type":"ListItem","position":1,"name":"Home","item":"https:\/\/www.istegroup.com\/"},{"@type":"ListItem","position":2,"name":"Shop","item":"https:\/\/www.istegroup.com\/fr\/nouveautes\/"},{"@type":"ListItem","position":3,"name":"Mobilit\u00e9s connect\u00e9es"}]},{"@type":"WebSite","@id":"https:\/\/www.istegroup.com\/#website","url":"https:\/\/www.istegroup.com\/","name":"ISTE Group","description":"\u00c9diteur des Sciences","potentialAction":[{"@type":"SearchAction","target":{"@type":"EntryPoint","urlTemplate":"https:\/\/www.istegroup.com\/?s={search_term_string}"},"query-input":{"@type":"PropertyValueSpecification","valueRequired":true,"valueName":"search_term_string"}}],"inLanguage":"fr-FR"}]}},"_links":{"self":[{"href":"https:\/\/www.istegroup.com\/fr\/wp-json\/wp\/v2\/product\/62332","targetHints":{"allow":["GET"]}}],"collection":[{"href":"https:\/\/www.istegroup.com\/fr\/wp-json\/wp\/v2\/product"}],"about":[{"href":"https:\/\/www.istegroup.com\/fr\/wp-json\/wp\/v2\/types\/product"}],"wp:featuredmedia":[{"embeddable":true,"href":"https:\/\/www.istegroup.com\/fr\/wp-json\/wp\/v2\/media\/62345"}],"wp:attachment":[{"href":"https:\/\/www.istegroup.com\/fr\/wp-json\/wp\/v2\/media?parent=62332"}],"wp:term":[{"taxonomy":"product_brand","embeddable":true,"href":"https:\/\/www.istegroup.com\/fr\/wp-json\/wp\/v2\/product_brand?post=62332"},{"taxonomy":"product_cat","embeddable":true,"href":"https:\/\/www.istegroup.com\/fr\/wp-json\/wp\/v2\/product_cat?post=62332"},{"taxonomy":"product_tag","embeddable":true,"href":"https:\/\/www.istegroup.com\/fr\/wp-json\/wp\/v2\/product_tag?post=62332"}],"curies":[{"name":"wp","href":"https:\/\/api.w.org\/{rel}","templated":true}]}}