{"id":62323,"date":"2025-11-26T10:05:50","date_gmt":"2025-11-26T10:05:50","guid":{"rendered":"https:\/\/www.istegroup.com\/?post_type=product&#038;p=62323"},"modified":"2025-11-26T13:56:40","modified_gmt":"2025-11-26T13:56:40","slug":"tourisme-et-gastronomie","status":"publish","type":"product","link":"https:\/\/www.istegroup.com\/fr\/produit\/tourisme-et-gastronomie\/","title":{"rendered":"Tourisme et gastronomie"},"content":{"rendered":"<p>Depuis une vingtaine d\u2019ann\u00e9es, les mobilit\u00e9s touristiques centr\u00e9es sur le go\u00fbt comme ressource culturelle se sont affirm\u00e9es, suscitant l\u2019int\u00e9r\u00eat croissant des pouvoirs publics et des acteurs du secteur \u00e0 diff\u00e9rentes \u00e9chelles.<\/p>\n<p><em>Tourisme et gastronomie<\/em> analyse les dynamiques \u00e0 l\u2019oeuvre \u2014 projets interr\u00e9gionaux, labels nationaux, initiatives locales \u2014 fond\u00e9es sur la cr\u00e9ation d\u2019un go\u00fbt \u00ab commun \u00bb partag\u00e9, d\u00e9clin\u00e9 ensuite en identit\u00e9s gustatives locales. Les pays de Savoie offrent une illustration embl\u00e9matique de ce ph\u00e9nom\u00e8ne : les chefs \u00e9toil\u00e9s, par leur notori\u00e9t\u00e9, leur ancrage territorial et la mise en valeur d\u2019un \u00ab go\u00fbt de montagne \u00bb, deviennent des figures f\u00e9d\u00e9ratrices qui contribuent \u00e0 l\u2019attractivit\u00e9 des territoires.<\/p>\n<p>Si la gastronomie n\u2019est que rarement le motif principal du voyage, elle participe \u00e0 la qualification et \u00e0 la patrimonialisation des lieux, et plus largement au d\u00e9veloppement local. Ce processus, d\u00e9pendant de la coordination et des strat\u00e9gies des acteurs, peut aboutir \u00e0 la cr\u00e9ation de v\u00e9ritables destinations touristiques gourmandes, comme l\u2019attestent plusieurs exemples en France et \u00e0 l\u2019international.<\/p>\n","protected":false},"excerpt":{"rendered":"<p>Depuis une vingtaine d\u2019ann\u00e9es, les mobilit\u00e9s touristiques centr\u00e9es sur le go\u00fbt comme ressource culturelle se sont affirm\u00e9es, suscitant l\u2019int\u00e9r\u00eat croissant des pouvoirs publics et des acteurs du secteur \u00e0 diff\u00e9rentes \u00e9chelles. Tourisme et gastronomie analyse les dynamiques \u00e0 l\u2019oeuvre \u2014 projets interr\u00e9gionaux, labels nationaux, initiatives locales \u2014 fond\u00e9es sur la cr\u00e9ation d\u2019un go\u00fbt \u00ab commun [&hellip;]<\/p>\n","protected":false},"featured_media":62331,"template":"","meta":{"_acf_changed":false,"_links_to":"","_links_to_target":""},"product_brand":[],"product_cat":[3262,684],"product_tag":[],"class_list":{"0":"post-62323","1":"product","2":"type-product","3":"status-publish","4":"has-post-thumbnail","6":"product_cat-non-classe","7":"product_cat-sciences-socit-et-nouvelles-technologies-188422468","9":"first","10":"instock","11":"shipping-taxable","12":"purchasable","13":"product-type-variable"},"acf":[],"yoast_head":"<!-- This site is optimized with the Yoast SEO plugin v27.2 - https:\/\/yoast.com\/product\/yoast-seo-wordpress\/ -->\n<title>Tourisme et gastronomie - ISTE Group<\/title>\n<meta name=\"description\" content=\"Tourisme et gastronomie analyse les dynamiques \u00e0 l\u2019oeuvre \u2014 projets interr\u00e9gionaux, labels nationaux, initiatives locales \u2014 fond\u00e9es sur la cr\u00e9ation d\u2019un go\u00fbt \u00ab commun \u00bb partag\u00e9, d\u00e9clin\u00e9 ensuite en identit\u00e9s gustatives locales.\" \/>\n<meta name=\"robots\" content=\"index, follow, max-snippet:-1, max-image-preview:large, max-video-preview:-1\" \/>\n<link rel=\"canonical\" href=\"https:\/\/www.istegroup.com\/produit\/tourisme-et-gastronomie\/\" \/>\n<meta property=\"og:locale\" content=\"fr_FR\" \/>\n<meta property=\"og:type\" content=\"article\" \/>\n<meta property=\"og:title\" content=\"Tourisme et gastronomie - ISTE Group\" \/>\n<meta property=\"og:description\" content=\"Tourisme et gastronomie analyse les dynamiques \u00e0 l\u2019oeuvre \u2014 projets interr\u00e9gionaux, labels nationaux, initiatives locales \u2014 fond\u00e9es sur la cr\u00e9ation d\u2019un go\u00fbt \u00ab commun \u00bb partag\u00e9, d\u00e9clin\u00e9 ensuite en identit\u00e9s gustatives locales.\" \/>\n<meta property=\"og:url\" content=\"https:\/\/www.istegroup.com\/produit\/tourisme-et-gastronomie\/\" \/>\n<meta property=\"og:site_name\" content=\"ISTE Group\" \/>\n<meta property=\"article:modified_time\" content=\"2025-11-26T13:56:40+00:00\" \/>\n<meta property=\"og:image\" content=\"https:\/\/www.istegroup.com\/wp-content\/uploads\/2025\/11\/Tourisme-et-gastronomie_Boutain.jpg\" \/>\n\t<meta property=\"og:image:width\" content=\"606\" \/>\n\t<meta property=\"og:image:height\" content=\"911\" \/>\n\t<meta property=\"og:image:type\" content=\"image\/jpeg\" \/>\n<meta name=\"twitter:card\" content=\"summary_large_image\" \/>\n<meta name=\"twitter:label1\" content=\"Est. reading time\" \/>\n\t<meta name=\"twitter:data1\" content=\"1 minute\" \/>\n<script type=\"application\/ld+json\" class=\"yoast-schema-graph\">{\"@context\":\"https:\/\/schema.org\",\"@graph\":[{\"@type\":\"WebPage\",\"@id\":\"https:\/\/www.istegroup.com\/produit\/tourisme-et-gastronomie\/\",\"url\":\"https:\/\/www.istegroup.com\/produit\/tourisme-et-gastronomie\/\",\"name\":\"Tourisme et gastronomie - ISTE Group\",\"isPartOf\":{\"@id\":\"https:\/\/www.istegroup.com\/#website\"},\"primaryImageOfPage\":{\"@id\":\"https:\/\/www.istegroup.com\/produit\/tourisme-et-gastronomie\/#primaryimage\"},\"image\":{\"@id\":\"https:\/\/www.istegroup.com\/produit\/tourisme-et-gastronomie\/#primaryimage\"},\"thumbnailUrl\":\"https:\/\/www.istegroup.com\/wp-content\/uploads\/2025\/11\/Tourisme-et-gastronomie_Boutain.jpg\",\"datePublished\":\"2025-11-26T10:05:50+00:00\",\"dateModified\":\"2025-11-26T13:56:40+00:00\",\"description\":\"Tourisme et gastronomie analyse les dynamiques \u00e0 l\u2019oeuvre \u2014 projets interr\u00e9gionaux, labels nationaux, initiatives locales \u2014 fond\u00e9es sur la cr\u00e9ation d\u2019un go\u00fbt \u00ab commun \u00bb partag\u00e9, d\u00e9clin\u00e9 ensuite en identit\u00e9s gustatives locales.\",\"breadcrumb\":{\"@id\":\"https:\/\/www.istegroup.com\/produit\/tourisme-et-gastronomie\/#breadcrumb\"},\"inLanguage\":\"fr-FR\",\"potentialAction\":[{\"@type\":\"ReadAction\",\"target\":[\"https:\/\/www.istegroup.com\/produit\/tourisme-et-gastronomie\/\"]}]},{\"@type\":\"ImageObject\",\"inLanguage\":\"fr-FR\",\"@id\":\"https:\/\/www.istegroup.com\/produit\/tourisme-et-gastronomie\/#primaryimage\",\"url\":\"https:\/\/www.istegroup.com\/wp-content\/uploads\/2025\/11\/Tourisme-et-gastronomie_Boutain.jpg\",\"contentUrl\":\"https:\/\/www.istegroup.com\/wp-content\/uploads\/2025\/11\/Tourisme-et-gastronomie_Boutain.jpg\",\"width\":606,\"height\":911},{\"@type\":\"BreadcrumbList\",\"@id\":\"https:\/\/www.istegroup.com\/produit\/tourisme-et-gastronomie\/#breadcrumb\",\"itemListElement\":[{\"@type\":\"ListItem\",\"position\":1,\"name\":\"Home\",\"item\":\"https:\/\/www.istegroup.com\/\"},{\"@type\":\"ListItem\",\"position\":2,\"name\":\"Shop\",\"item\":\"https:\/\/www.istegroup.com\/fr\/nouveautes\/\"},{\"@type\":\"ListItem\",\"position\":3,\"name\":\"Tourisme et gastronomie\"}]},{\"@type\":\"WebSite\",\"@id\":\"https:\/\/www.istegroup.com\/#website\",\"url\":\"https:\/\/www.istegroup.com\/\",\"name\":\"ISTE Group\",\"description\":\"\u00c9diteur des Sciences\",\"potentialAction\":[{\"@type\":\"SearchAction\",\"target\":{\"@type\":\"EntryPoint\",\"urlTemplate\":\"https:\/\/www.istegroup.com\/?s={search_term_string}\"},\"query-input\":{\"@type\":\"PropertyValueSpecification\",\"valueRequired\":true,\"valueName\":\"search_term_string\"}}],\"inLanguage\":\"fr-FR\"}]}<\/script>\n<!-- \/ Yoast SEO plugin. -->","yoast_head_json":{"title":"Tourisme et gastronomie - ISTE Group","description":"Tourisme et gastronomie analyse les dynamiques \u00e0 l\u2019oeuvre \u2014 projets interr\u00e9gionaux, labels nationaux, initiatives locales \u2014 fond\u00e9es sur la cr\u00e9ation d\u2019un go\u00fbt \u00ab commun \u00bb partag\u00e9, d\u00e9clin\u00e9 ensuite en identit\u00e9s gustatives locales.","robots":{"index":"index","follow":"follow","max-snippet":"max-snippet:-1","max-image-preview":"max-image-preview:large","max-video-preview":"max-video-preview:-1"},"canonical":"https:\/\/www.istegroup.com\/produit\/tourisme-et-gastronomie\/","og_locale":"fr_FR","og_type":"article","og_title":"Tourisme et gastronomie - ISTE Group","og_description":"Tourisme et gastronomie analyse les dynamiques \u00e0 l\u2019oeuvre \u2014 projets interr\u00e9gionaux, labels nationaux, initiatives locales \u2014 fond\u00e9es sur la cr\u00e9ation d\u2019un go\u00fbt \u00ab commun \u00bb partag\u00e9, d\u00e9clin\u00e9 ensuite en identit\u00e9s gustatives locales.","og_url":"https:\/\/www.istegroup.com\/produit\/tourisme-et-gastronomie\/","og_site_name":"ISTE Group","article_modified_time":"2025-11-26T13:56:40+00:00","og_image":[{"width":606,"height":911,"url":"https:\/\/www.istegroup.com\/wp-content\/uploads\/2025\/11\/Tourisme-et-gastronomie_Boutain.jpg","type":"image\/jpeg"}],"twitter_card":"summary_large_image","twitter_misc":{"Est. reading time":"1 minute"},"schema":{"@context":"https:\/\/schema.org","@graph":[{"@type":"WebPage","@id":"https:\/\/www.istegroup.com\/produit\/tourisme-et-gastronomie\/","url":"https:\/\/www.istegroup.com\/produit\/tourisme-et-gastronomie\/","name":"Tourisme et gastronomie - ISTE Group","isPartOf":{"@id":"https:\/\/www.istegroup.com\/#website"},"primaryImageOfPage":{"@id":"https:\/\/www.istegroup.com\/produit\/tourisme-et-gastronomie\/#primaryimage"},"image":{"@id":"https:\/\/www.istegroup.com\/produit\/tourisme-et-gastronomie\/#primaryimage"},"thumbnailUrl":"https:\/\/www.istegroup.com\/wp-content\/uploads\/2025\/11\/Tourisme-et-gastronomie_Boutain.jpg","datePublished":"2025-11-26T10:05:50+00:00","dateModified":"2025-11-26T13:56:40+00:00","description":"Tourisme et gastronomie analyse les dynamiques \u00e0 l\u2019oeuvre \u2014 projets interr\u00e9gionaux, labels nationaux, initiatives locales \u2014 fond\u00e9es sur la cr\u00e9ation d\u2019un go\u00fbt \u00ab commun \u00bb partag\u00e9, d\u00e9clin\u00e9 ensuite en identit\u00e9s gustatives locales.","breadcrumb":{"@id":"https:\/\/www.istegroup.com\/produit\/tourisme-et-gastronomie\/#breadcrumb"},"inLanguage":"fr-FR","potentialAction":[{"@type":"ReadAction","target":["https:\/\/www.istegroup.com\/produit\/tourisme-et-gastronomie\/"]}]},{"@type":"ImageObject","inLanguage":"fr-FR","@id":"https:\/\/www.istegroup.com\/produit\/tourisme-et-gastronomie\/#primaryimage","url":"https:\/\/www.istegroup.com\/wp-content\/uploads\/2025\/11\/Tourisme-et-gastronomie_Boutain.jpg","contentUrl":"https:\/\/www.istegroup.com\/wp-content\/uploads\/2025\/11\/Tourisme-et-gastronomie_Boutain.jpg","width":606,"height":911},{"@type":"BreadcrumbList","@id":"https:\/\/www.istegroup.com\/produit\/tourisme-et-gastronomie\/#breadcrumb","itemListElement":[{"@type":"ListItem","position":1,"name":"Home","item":"https:\/\/www.istegroup.com\/"},{"@type":"ListItem","position":2,"name":"Shop","item":"https:\/\/www.istegroup.com\/fr\/nouveautes\/"},{"@type":"ListItem","position":3,"name":"Tourisme et gastronomie"}]},{"@type":"WebSite","@id":"https:\/\/www.istegroup.com\/#website","url":"https:\/\/www.istegroup.com\/","name":"ISTE Group","description":"\u00c9diteur des Sciences","potentialAction":[{"@type":"SearchAction","target":{"@type":"EntryPoint","urlTemplate":"https:\/\/www.istegroup.com\/?s={search_term_string}"},"query-input":{"@type":"PropertyValueSpecification","valueRequired":true,"valueName":"search_term_string"}}],"inLanguage":"fr-FR"}]}},"_links":{"self":[{"href":"https:\/\/www.istegroup.com\/fr\/wp-json\/wp\/v2\/product\/62323","targetHints":{"allow":["GET"]}}],"collection":[{"href":"https:\/\/www.istegroup.com\/fr\/wp-json\/wp\/v2\/product"}],"about":[{"href":"https:\/\/www.istegroup.com\/fr\/wp-json\/wp\/v2\/types\/product"}],"wp:featuredmedia":[{"embeddable":true,"href":"https:\/\/www.istegroup.com\/fr\/wp-json\/wp\/v2\/media\/62331"}],"wp:attachment":[{"href":"https:\/\/www.istegroup.com\/fr\/wp-json\/wp\/v2\/media?parent=62323"}],"wp:term":[{"taxonomy":"product_brand","embeddable":true,"href":"https:\/\/www.istegroup.com\/fr\/wp-json\/wp\/v2\/product_brand?post=62323"},{"taxonomy":"product_cat","embeddable":true,"href":"https:\/\/www.istegroup.com\/fr\/wp-json\/wp\/v2\/product_cat?post=62323"},{"taxonomy":"product_tag","embeddable":true,"href":"https:\/\/www.istegroup.com\/fr\/wp-json\/wp\/v2\/product_tag?post=62323"}],"curies":[{"name":"wp","href":"https:\/\/api.w.org\/{rel}","templated":true}]}}