{"id":62312,"date":"2025-11-26T09:51:04","date_gmt":"2025-11-26T09:51:04","guid":{"rendered":"https:\/\/www.istegroup.com\/?post_type=product&#038;p=62312"},"modified":"2026-01-07T16:15:44","modified_gmt":"2026-01-07T16:15:44","slug":"methodes-et-applications-de-lintelligence-artificielle","status":"publish","type":"product","link":"https:\/\/www.istegroup.com\/fr\/produit\/methodes-et-applications-de-lintelligence-artificielle\/","title":{"rendered":"M\u00e9thodes et applications de l\u2019intelligence artificielle"},"content":{"rendered":"<p>L\u2019intelligence artificielle (IA) est aujourd\u2019hui l\u2019une des technologies les plus d\u00e9battues, tant dans la communaut\u00e9 scientifique que dans les m\u00e9dias. Plusieurs facteurs ont contribu\u00e9 \u00e0 son essor au cours des derni\u00e8res ann\u00e9es : l\u2019acc\u00e8s \u00e0 une quantit\u00e9 massive de donn\u00e9es, d\u2019une part, et l\u2019am\u00e9lioration continue de la puissance de calcul, d\u2019autre part. Son int\u00e9gration dans le domaine industriel constitue une nouvelle fronti\u00e8re prometteuse pour l\u2019innovation.<\/p>\n<p>L\u2019IA a d\u00e9j\u00e0 transform\u00e9 de nombreux secteurs. En m\u00e9canique, elle permet d\u2019am\u00e9liorer consid\u00e9rablement les processus de conception, de fabrication, de contr\u00f4le, de construction, de maintenance et de surveillance, et cela de la CAO \u00e0 l\u2019optimisation des param\u00e8tres, en passant par la d\u00e9tection des d\u00e9fauts et le suivi en temps r\u00e9el.<\/p>\n<p>Cet ouvrage est consacr\u00e9 aux m\u00e9thodes et applications de l\u2019IA en m\u00e9canique. Illustr\u00e9s par des exemples concrets, les chapitres, r\u00e9dig\u00e9s par plus de quinze sp\u00e9cialistes internationaux, pr\u00e9sentent de mani\u00e8re claire et d\u00e9taill\u00e9e les techniques d\u00e9velopp\u00e9es. M\u00e9thodes et applications de l\u2019intelligence artificielle est un support pr\u00e9cieux pour les \u00e9tudiants, les ing\u00e9nieurs en activit\u00e9 et les enseignants-chercheurs.<\/p>\n","protected":false},"excerpt":{"rendered":"<p>L\u2019intelligence artificielle (IA) est aujourd\u2019hui l\u2019une des technologies les plus d\u00e9battues, tant dans la communaut\u00e9 scientifique que dans les m\u00e9dias. Plusieurs facteurs ont contribu\u00e9 \u00e0 son essor au cours des derni\u00e8res ann\u00e9es : l\u2019acc\u00e8s \u00e0 une quantit\u00e9 massive de donn\u00e9es, d\u2019une part, et l\u2019am\u00e9lioration continue de la puissance de calcul, d\u2019autre part. Son int\u00e9gration dans [&hellip;]<\/p>\n","protected":false},"featured_media":62322,"template":"","meta":{"_acf_changed":false,"_links_to":"","_links_to_target":""},"product_brand":[],"product_cat":[664],"product_tag":[],"class_list":{"0":"post-62312","1":"product","2":"type-product","3":"status-publish","4":"has-post-thumbnail","6":"product_cat-gnie-mcanique-et-mcanique-des-solides-12506462","8":"first","9":"instock","10":"shipping-taxable","11":"purchasable","12":"product-type-variable"},"acf":[],"yoast_head":"<!-- This site is optimized with the Yoast SEO plugin v27.2 - https:\/\/yoast.com\/product\/yoast-seo-wordpress\/ -->\n<title>M\u00e9thodes et applications de l\u2019intelligence artificielle - ISTE Group<\/title>\n<meta name=\"description\" content=\"Cet ouvrage est consacr\u00e9 aux m\u00e9thodes et applications de l\u2019IA en m\u00e9canique. Illustr\u00e9s par des exemples concrets, les chapitres, r\u00e9dig\u00e9s par plus de quinze sp\u00e9cialistes internationaux, pr\u00e9sentent de mani\u00e8re claire et d\u00e9taill\u00e9e les techniques d\u00e9velopp\u00e9es.\" \/>\n<meta name=\"robots\" content=\"index, follow, max-snippet:-1, max-image-preview:large, max-video-preview:-1\" \/>\n<link rel=\"canonical\" href=\"https:\/\/www.istegroup.com\/produit\/methodes-et-applications-de-lintelligence-artificielle\/\" \/>\n<meta property=\"og:locale\" content=\"fr_FR\" \/>\n<meta property=\"og:type\" content=\"article\" \/>\n<meta property=\"og:title\" content=\"M\u00e9thodes et applications de l\u2019intelligence artificielle - ISTE Group\" \/>\n<meta property=\"og:description\" content=\"Cet ouvrage est consacr\u00e9 aux m\u00e9thodes et applications de l\u2019IA en m\u00e9canique. Illustr\u00e9s par des exemples concrets, les chapitres, r\u00e9dig\u00e9s par plus de quinze sp\u00e9cialistes internationaux, pr\u00e9sentent de mani\u00e8re claire et d\u00e9taill\u00e9e les techniques d\u00e9velopp\u00e9es.\" \/>\n<meta property=\"og:url\" content=\"https:\/\/www.istegroup.com\/produit\/methodes-et-applications-de-lintelligence-artificielle\/\" \/>\n<meta property=\"og:site_name\" content=\"ISTE Group\" \/>\n<meta property=\"article:modified_time\" content=\"2026-01-07T16:15:44+00:00\" \/>\n<meta property=\"og:image\" content=\"https:\/\/www.istegroup.com\/wp-content\/uploads\/2025\/11\/Methodes-et-applications-de-lintelligence-artificielle.jpg\" \/>\n\t<meta property=\"og:image:width\" content=\"607\" \/>\n\t<meta property=\"og:image:height\" content=\"911\" \/>\n\t<meta property=\"og:image:type\" content=\"image\/jpeg\" \/>\n<meta name=\"twitter:card\" content=\"summary_large_image\" \/>\n<meta name=\"twitter:label1\" content=\"Est. reading time\" \/>\n\t<meta name=\"twitter:data1\" content=\"2 minutes\" \/>\n<script type=\"application\/ld+json\" class=\"yoast-schema-graph\">{\"@context\":\"https:\/\/schema.org\",\"@graph\":[{\"@type\":\"WebPage\",\"@id\":\"https:\/\/www.istegroup.com\/produit\/methodes-et-applications-de-lintelligence-artificielle\/\",\"url\":\"https:\/\/www.istegroup.com\/produit\/methodes-et-applications-de-lintelligence-artificielle\/\",\"name\":\"M\u00e9thodes et applications de l\u2019intelligence artificielle - ISTE Group\",\"isPartOf\":{\"@id\":\"https:\/\/www.istegroup.com\/#website\"},\"primaryImageOfPage\":{\"@id\":\"https:\/\/www.istegroup.com\/produit\/methodes-et-applications-de-lintelligence-artificielle\/#primaryimage\"},\"image\":{\"@id\":\"https:\/\/www.istegroup.com\/produit\/methodes-et-applications-de-lintelligence-artificielle\/#primaryimage\"},\"thumbnailUrl\":\"https:\/\/www.istegroup.com\/wp-content\/uploads\/2025\/11\/Methodes-et-applications-de-lintelligence-artificielle.jpg\",\"datePublished\":\"2025-11-26T09:51:04+00:00\",\"dateModified\":\"2026-01-07T16:15:44+00:00\",\"description\":\"Cet ouvrage est consacr\u00e9 aux m\u00e9thodes et applications de l\u2019IA en m\u00e9canique. Illustr\u00e9s par des exemples concrets, les chapitres, r\u00e9dig\u00e9s par plus de quinze sp\u00e9cialistes internationaux, pr\u00e9sentent de mani\u00e8re claire et d\u00e9taill\u00e9e les techniques d\u00e9velopp\u00e9es.\",\"breadcrumb\":{\"@id\":\"https:\/\/www.istegroup.com\/produit\/methodes-et-applications-de-lintelligence-artificielle\/#breadcrumb\"},\"inLanguage\":\"fr-FR\",\"potentialAction\":[{\"@type\":\"ReadAction\",\"target\":[\"https:\/\/www.istegroup.com\/produit\/methodes-et-applications-de-lintelligence-artificielle\/\"]}]},{\"@type\":\"ImageObject\",\"inLanguage\":\"fr-FR\",\"@id\":\"https:\/\/www.istegroup.com\/produit\/methodes-et-applications-de-lintelligence-artificielle\/#primaryimage\",\"url\":\"https:\/\/www.istegroup.com\/wp-content\/uploads\/2025\/11\/Methodes-et-applications-de-lintelligence-artificielle.jpg\",\"contentUrl\":\"https:\/\/www.istegroup.com\/wp-content\/uploads\/2025\/11\/Methodes-et-applications-de-lintelligence-artificielle.jpg\",\"width\":607,\"height\":911},{\"@type\":\"BreadcrumbList\",\"@id\":\"https:\/\/www.istegroup.com\/produit\/methodes-et-applications-de-lintelligence-artificielle\/#breadcrumb\",\"itemListElement\":[{\"@type\":\"ListItem\",\"position\":1,\"name\":\"Home\",\"item\":\"https:\/\/www.istegroup.com\/\"},{\"@type\":\"ListItem\",\"position\":2,\"name\":\"Shop\",\"item\":\"https:\/\/www.istegroup.com\/fr\/nouveautes\/\"},{\"@type\":\"ListItem\",\"position\":3,\"name\":\"M\u00e9thodes et applications de l\u2019intelligence artificielle\"}]},{\"@type\":\"WebSite\",\"@id\":\"https:\/\/www.istegroup.com\/#website\",\"url\":\"https:\/\/www.istegroup.com\/\",\"name\":\"ISTE Group\",\"description\":\"\u00c9diteur des Sciences\",\"potentialAction\":[{\"@type\":\"SearchAction\",\"target\":{\"@type\":\"EntryPoint\",\"urlTemplate\":\"https:\/\/www.istegroup.com\/?s={search_term_string}\"},\"query-input\":{\"@type\":\"PropertyValueSpecification\",\"valueRequired\":true,\"valueName\":\"search_term_string\"}}],\"inLanguage\":\"fr-FR\"}]}<\/script>\n<!-- \/ Yoast SEO plugin. -->","yoast_head_json":{"title":"M\u00e9thodes et applications de l\u2019intelligence artificielle - ISTE Group","description":"Cet ouvrage est consacr\u00e9 aux m\u00e9thodes et applications de l\u2019IA en m\u00e9canique. Illustr\u00e9s par des exemples concrets, les chapitres, r\u00e9dig\u00e9s par plus de quinze sp\u00e9cialistes internationaux, pr\u00e9sentent de mani\u00e8re claire et d\u00e9taill\u00e9e les techniques d\u00e9velopp\u00e9es.","robots":{"index":"index","follow":"follow","max-snippet":"max-snippet:-1","max-image-preview":"max-image-preview:large","max-video-preview":"max-video-preview:-1"},"canonical":"https:\/\/www.istegroup.com\/produit\/methodes-et-applications-de-lintelligence-artificielle\/","og_locale":"fr_FR","og_type":"article","og_title":"M\u00e9thodes et applications de l\u2019intelligence artificielle - ISTE Group","og_description":"Cet ouvrage est consacr\u00e9 aux m\u00e9thodes et applications de l\u2019IA en m\u00e9canique. Illustr\u00e9s par des exemples concrets, les chapitres, r\u00e9dig\u00e9s par plus de quinze sp\u00e9cialistes internationaux, pr\u00e9sentent de mani\u00e8re claire et d\u00e9taill\u00e9e les techniques d\u00e9velopp\u00e9es.","og_url":"https:\/\/www.istegroup.com\/produit\/methodes-et-applications-de-lintelligence-artificielle\/","og_site_name":"ISTE Group","article_modified_time":"2026-01-07T16:15:44+00:00","og_image":[{"width":607,"height":911,"url":"https:\/\/www.istegroup.com\/wp-content\/uploads\/2025\/11\/Methodes-et-applications-de-lintelligence-artificielle.jpg","type":"image\/jpeg"}],"twitter_card":"summary_large_image","twitter_misc":{"Est. reading time":"2 minutes"},"schema":{"@context":"https:\/\/schema.org","@graph":[{"@type":"WebPage","@id":"https:\/\/www.istegroup.com\/produit\/methodes-et-applications-de-lintelligence-artificielle\/","url":"https:\/\/www.istegroup.com\/produit\/methodes-et-applications-de-lintelligence-artificielle\/","name":"M\u00e9thodes et applications de l\u2019intelligence artificielle - ISTE Group","isPartOf":{"@id":"https:\/\/www.istegroup.com\/#website"},"primaryImageOfPage":{"@id":"https:\/\/www.istegroup.com\/produit\/methodes-et-applications-de-lintelligence-artificielle\/#primaryimage"},"image":{"@id":"https:\/\/www.istegroup.com\/produit\/methodes-et-applications-de-lintelligence-artificielle\/#primaryimage"},"thumbnailUrl":"https:\/\/www.istegroup.com\/wp-content\/uploads\/2025\/11\/Methodes-et-applications-de-lintelligence-artificielle.jpg","datePublished":"2025-11-26T09:51:04+00:00","dateModified":"2026-01-07T16:15:44+00:00","description":"Cet ouvrage est consacr\u00e9 aux m\u00e9thodes et applications de l\u2019IA en m\u00e9canique. Illustr\u00e9s par des exemples concrets, les chapitres, r\u00e9dig\u00e9s par plus de quinze sp\u00e9cialistes internationaux, pr\u00e9sentent de mani\u00e8re claire et d\u00e9taill\u00e9e les techniques d\u00e9velopp\u00e9es.","breadcrumb":{"@id":"https:\/\/www.istegroup.com\/produit\/methodes-et-applications-de-lintelligence-artificielle\/#breadcrumb"},"inLanguage":"fr-FR","potentialAction":[{"@type":"ReadAction","target":["https:\/\/www.istegroup.com\/produit\/methodes-et-applications-de-lintelligence-artificielle\/"]}]},{"@type":"ImageObject","inLanguage":"fr-FR","@id":"https:\/\/www.istegroup.com\/produit\/methodes-et-applications-de-lintelligence-artificielle\/#primaryimage","url":"https:\/\/www.istegroup.com\/wp-content\/uploads\/2025\/11\/Methodes-et-applications-de-lintelligence-artificielle.jpg","contentUrl":"https:\/\/www.istegroup.com\/wp-content\/uploads\/2025\/11\/Methodes-et-applications-de-lintelligence-artificielle.jpg","width":607,"height":911},{"@type":"BreadcrumbList","@id":"https:\/\/www.istegroup.com\/produit\/methodes-et-applications-de-lintelligence-artificielle\/#breadcrumb","itemListElement":[{"@type":"ListItem","position":1,"name":"Home","item":"https:\/\/www.istegroup.com\/"},{"@type":"ListItem","position":2,"name":"Shop","item":"https:\/\/www.istegroup.com\/fr\/nouveautes\/"},{"@type":"ListItem","position":3,"name":"M\u00e9thodes et applications de l\u2019intelligence artificielle"}]},{"@type":"WebSite","@id":"https:\/\/www.istegroup.com\/#website","url":"https:\/\/www.istegroup.com\/","name":"ISTE Group","description":"\u00c9diteur des Sciences","potentialAction":[{"@type":"SearchAction","target":{"@type":"EntryPoint","urlTemplate":"https:\/\/www.istegroup.com\/?s={search_term_string}"},"query-input":{"@type":"PropertyValueSpecification","valueRequired":true,"valueName":"search_term_string"}}],"inLanguage":"fr-FR"}]}},"_links":{"self":[{"href":"https:\/\/www.istegroup.com\/fr\/wp-json\/wp\/v2\/product\/62312","targetHints":{"allow":["GET"]}}],"collection":[{"href":"https:\/\/www.istegroup.com\/fr\/wp-json\/wp\/v2\/product"}],"about":[{"href":"https:\/\/www.istegroup.com\/fr\/wp-json\/wp\/v2\/types\/product"}],"wp:featuredmedia":[{"embeddable":true,"href":"https:\/\/www.istegroup.com\/fr\/wp-json\/wp\/v2\/media\/62322"}],"wp:attachment":[{"href":"https:\/\/www.istegroup.com\/fr\/wp-json\/wp\/v2\/media?parent=62312"}],"wp:term":[{"taxonomy":"product_brand","embeddable":true,"href":"https:\/\/www.istegroup.com\/fr\/wp-json\/wp\/v2\/product_brand?post=62312"},{"taxonomy":"product_cat","embeddable":true,"href":"https:\/\/www.istegroup.com\/fr\/wp-json\/wp\/v2\/product_cat?post=62312"},{"taxonomy":"product_tag","embeddable":true,"href":"https:\/\/www.istegroup.com\/fr\/wp-json\/wp\/v2\/product_tag?post=62312"}],"curies":[{"name":"wp","href":"https:\/\/api.w.org\/{rel}","templated":true}]}}