{"id":62302,"date":"2025-11-25T14:37:45","date_gmt":"2025-11-25T14:37:45","guid":{"rendered":"https:\/\/www.istegroup.com\/?post_type=product&#038;p=62302"},"modified":"2025-11-26T13:56:20","modified_gmt":"2025-11-26T13:56:20","slug":"complexite-de-leducation-inclusive","status":"publish","type":"product","link":"https:\/\/www.istegroup.com\/fr\/produit\/complexite-de-leducation-inclusive\/","title":{"rendered":"Complexit\u00e9 de l\u2019\u00e9ducation inclusive"},"content":{"rendered":"<p>Depuis la fin du XXe si\u00e8cle, la notion d\u2019\u00e9ducation inclusive s\u2019est largement diffus\u00e9e sous l\u2019impulsion de l\u2019UNESCO. La D\u00e9claration de Salamanque (1994) fixait pour objectif d\u2019\u00ab assurer l\u2019acc\u00e8s de tous \u00e0 une \u00e9ducation de qualit\u00e9 \u00bb. Toutefois, cette ambition, aussi noble soit-elle, demeure difficile \u00e0 concr\u00e9tiser dans les syst\u00e8mes \u00e9ducatifs contemporains.<\/p>\n<p><em> Complexit\u00e9 de l\u2019\u00e9ducation inclusive<\/em> explore, dans une perspective \u00e0 la fois complexe et syst\u00e9mique, la mani\u00e8re dont les institutions et les acteurs accompagnent ou freinent les transformations n\u00e9cessaires \u00e0 une \u00e9ducation v\u00e9ritablement inclusive. Ces changements peuvent \u00eatre d\u2019ordre conceptuel, organisationnel, formatif ou encore li\u00e9s aux pratiques p\u00e9dagogiques.<\/p>\n<p>Cet ouvrage met \u00e9galement en lumi\u00e8re les r\u00e9sistances institutionnelles ou individuelles, ainsi que les obstacles parfois inattendus qui surgissent comme effets collat\u00e9raux du processus d\u2019inclusion. \u00c0 travers une quinzaine de contributions de chercheurs francophones (France, Suisse, Qu\u00e9bec), il analyse la tension persistante entre politiques \u00e9ducatives, moyens de mise en oeuvre et pratiques de terrain, r\u00e9v\u00e9lant une \u00e9cole qui peine encore \u00e0 se mettre pleinement au service du d\u00e9veloppement humain dans sa dimension \u00e9thique fondamentale.<\/p>\n","protected":false},"excerpt":{"rendered":"<p>Depuis la fin du XXe si\u00e8cle, la notion d\u2019\u00e9ducation inclusive s\u2019est largement diffus\u00e9e sous l\u2019impulsion de l\u2019UNESCO. La D\u00e9claration de Salamanque (1994) fixait pour objectif d\u2019\u00ab assurer l\u2019acc\u00e8s de tous \u00e0 une \u00e9ducation de qualit\u00e9 \u00bb. Toutefois, cette ambition, aussi noble soit-elle, demeure difficile \u00e0 concr\u00e9tiser dans les syst\u00e8mes \u00e9ducatifs contemporains. Complexit\u00e9 de l\u2019\u00e9ducation inclusive [&hellip;]<\/p>\n","protected":false},"featured_media":62358,"template":"","meta":{"_acf_changed":false,"_links_to":"","_links_to_target":""},"product_brand":[],"product_cat":[669],"product_tag":[],"class_list":{"0":"post-62302","1":"product","2":"type-product","3":"status-publish","4":"has-post-thumbnail","6":"product_cat-innovation-en-sciences-de-lducation-433942033","8":"first","9":"instock","10":"shipping-taxable","11":"purchasable","12":"product-type-variable"},"acf":[],"yoast_head":"<!-- This site is optimized with the Yoast SEO plugin v27.2 - https:\/\/yoast.com\/product\/yoast-seo-wordpress\/ -->\n<title>Complexit\u00e9 de l\u2019\u00e9ducation inclusive - ISTE Group<\/title>\n<meta name=\"description\" content=\"Complexit\u00e9 de l\u2019\u00e9ducation inclusive explore, dans une perspective \u00e0 la fois complexe et syst\u00e9mique, la mani\u00e8re dont les institutions et les acteurs accompagnent ou freinent les transformations n\u00e9cessaires \u00e0 une \u00e9ducation v\u00e9ritablement inclusive.\" \/>\n<meta name=\"robots\" content=\"index, follow, max-snippet:-1, max-image-preview:large, max-video-preview:-1\" \/>\n<link rel=\"canonical\" href=\"https:\/\/www.istegroup.com\/produit\/complexite-de-leducation-inclusive\/\" \/>\n<meta property=\"og:locale\" content=\"fr_FR\" \/>\n<meta property=\"og:type\" content=\"article\" \/>\n<meta property=\"og:title\" content=\"Complexit\u00e9 de l\u2019\u00e9ducation inclusive - ISTE Group\" \/>\n<meta property=\"og:description\" content=\"Complexit\u00e9 de l\u2019\u00e9ducation inclusive explore, dans une perspective \u00e0 la fois complexe et syst\u00e9mique, la mani\u00e8re dont les institutions et les acteurs accompagnent ou freinent les transformations n\u00e9cessaires \u00e0 une \u00e9ducation v\u00e9ritablement inclusive.\" \/>\n<meta property=\"og:url\" content=\"https:\/\/www.istegroup.com\/produit\/complexite-de-leducation-inclusive\/\" \/>\n<meta property=\"og:site_name\" content=\"ISTE Group\" \/>\n<meta property=\"article:modified_time\" content=\"2025-11-26T13:56:20+00:00\" \/>\n<meta property=\"og:image\" content=\"https:\/\/www.istegroup.com\/wp-content\/uploads\/2024\/11\/061_Complexite-de-leducation-inclusive.jpg\" \/>\n\t<meta property=\"og:image:width\" content=\"605\" \/>\n\t<meta property=\"og:image:height\" content=\"911\" \/>\n\t<meta property=\"og:image:type\" content=\"image\/jpeg\" \/>\n<meta name=\"twitter:card\" content=\"summary_large_image\" \/>\n<meta name=\"twitter:label1\" content=\"Est. reading time\" \/>\n\t<meta name=\"twitter:data1\" content=\"2 minutes\" \/>\n<script type=\"application\/ld+json\" class=\"yoast-schema-graph\">{\"@context\":\"https:\/\/schema.org\",\"@graph\":[{\"@type\":\"WebPage\",\"@id\":\"https:\/\/www.istegroup.com\/produit\/complexite-de-leducation-inclusive\/\",\"url\":\"https:\/\/www.istegroup.com\/produit\/complexite-de-leducation-inclusive\/\",\"name\":\"Complexit\u00e9 de l\u2019\u00e9ducation inclusive - ISTE Group\",\"isPartOf\":{\"@id\":\"https:\/\/www.istegroup.com\/#website\"},\"primaryImageOfPage\":{\"@id\":\"https:\/\/www.istegroup.com\/produit\/complexite-de-leducation-inclusive\/#primaryimage\"},\"image\":{\"@id\":\"https:\/\/www.istegroup.com\/produit\/complexite-de-leducation-inclusive\/#primaryimage\"},\"thumbnailUrl\":\"https:\/\/www.istegroup.com\/wp-content\/uploads\/2024\/11\/061_Complexite-de-leducation-inclusive.jpg\",\"datePublished\":\"2025-11-25T14:37:45+00:00\",\"dateModified\":\"2025-11-26T13:56:20+00:00\",\"description\":\"Complexit\u00e9 de l\u2019\u00e9ducation inclusive explore, dans une perspective \u00e0 la fois complexe et syst\u00e9mique, la mani\u00e8re dont les institutions et les acteurs accompagnent ou freinent les transformations n\u00e9cessaires \u00e0 une \u00e9ducation v\u00e9ritablement inclusive.\",\"breadcrumb\":{\"@id\":\"https:\/\/www.istegroup.com\/produit\/complexite-de-leducation-inclusive\/#breadcrumb\"},\"inLanguage\":\"fr-FR\",\"potentialAction\":[{\"@type\":\"ReadAction\",\"target\":[\"https:\/\/www.istegroup.com\/produit\/complexite-de-leducation-inclusive\/\"]}]},{\"@type\":\"ImageObject\",\"inLanguage\":\"fr-FR\",\"@id\":\"https:\/\/www.istegroup.com\/produit\/complexite-de-leducation-inclusive\/#primaryimage\",\"url\":\"https:\/\/www.istegroup.com\/wp-content\/uploads\/2024\/11\/061_Complexite-de-leducation-inclusive.jpg\",\"contentUrl\":\"https:\/\/www.istegroup.com\/wp-content\/uploads\/2024\/11\/061_Complexite-de-leducation-inclusive.jpg\",\"width\":605,\"height\":911},{\"@type\":\"BreadcrumbList\",\"@id\":\"https:\/\/www.istegroup.com\/produit\/complexite-de-leducation-inclusive\/#breadcrumb\",\"itemListElement\":[{\"@type\":\"ListItem\",\"position\":1,\"name\":\"Home\",\"item\":\"https:\/\/www.istegroup.com\/\"},{\"@type\":\"ListItem\",\"position\":2,\"name\":\"Shop\",\"item\":\"https:\/\/www.istegroup.com\/fr\/nouveautes\/\"},{\"@type\":\"ListItem\",\"position\":3,\"name\":\"Complexit\u00e9 de l\u2019\u00e9ducation inclusive\"}]},{\"@type\":\"WebSite\",\"@id\":\"https:\/\/www.istegroup.com\/#website\",\"url\":\"https:\/\/www.istegroup.com\/\",\"name\":\"ISTE Group\",\"description\":\"\u00c9diteur des Sciences\",\"potentialAction\":[{\"@type\":\"SearchAction\",\"target\":{\"@type\":\"EntryPoint\",\"urlTemplate\":\"https:\/\/www.istegroup.com\/?s={search_term_string}\"},\"query-input\":{\"@type\":\"PropertyValueSpecification\",\"valueRequired\":true,\"valueName\":\"search_term_string\"}}],\"inLanguage\":\"fr-FR\"}]}<\/script>\n<!-- \/ Yoast SEO plugin. -->","yoast_head_json":{"title":"Complexit\u00e9 de l\u2019\u00e9ducation inclusive - ISTE Group","description":"Complexit\u00e9 de l\u2019\u00e9ducation inclusive explore, dans une perspective \u00e0 la fois complexe et syst\u00e9mique, la mani\u00e8re dont les institutions et les acteurs accompagnent ou freinent les transformations n\u00e9cessaires \u00e0 une \u00e9ducation v\u00e9ritablement inclusive.","robots":{"index":"index","follow":"follow","max-snippet":"max-snippet:-1","max-image-preview":"max-image-preview:large","max-video-preview":"max-video-preview:-1"},"canonical":"https:\/\/www.istegroup.com\/produit\/complexite-de-leducation-inclusive\/","og_locale":"fr_FR","og_type":"article","og_title":"Complexit\u00e9 de l\u2019\u00e9ducation inclusive - ISTE Group","og_description":"Complexit\u00e9 de l\u2019\u00e9ducation inclusive explore, dans une perspective \u00e0 la fois complexe et syst\u00e9mique, la mani\u00e8re dont les institutions et les acteurs accompagnent ou freinent les transformations n\u00e9cessaires \u00e0 une \u00e9ducation v\u00e9ritablement inclusive.","og_url":"https:\/\/www.istegroup.com\/produit\/complexite-de-leducation-inclusive\/","og_site_name":"ISTE Group","article_modified_time":"2025-11-26T13:56:20+00:00","og_image":[{"width":605,"height":911,"url":"https:\/\/www.istegroup.com\/wp-content\/uploads\/2024\/11\/061_Complexite-de-leducation-inclusive.jpg","type":"image\/jpeg"}],"twitter_card":"summary_large_image","twitter_misc":{"Est. reading time":"2 minutes"},"schema":{"@context":"https:\/\/schema.org","@graph":[{"@type":"WebPage","@id":"https:\/\/www.istegroup.com\/produit\/complexite-de-leducation-inclusive\/","url":"https:\/\/www.istegroup.com\/produit\/complexite-de-leducation-inclusive\/","name":"Complexit\u00e9 de l\u2019\u00e9ducation inclusive - ISTE Group","isPartOf":{"@id":"https:\/\/www.istegroup.com\/#website"},"primaryImageOfPage":{"@id":"https:\/\/www.istegroup.com\/produit\/complexite-de-leducation-inclusive\/#primaryimage"},"image":{"@id":"https:\/\/www.istegroup.com\/produit\/complexite-de-leducation-inclusive\/#primaryimage"},"thumbnailUrl":"https:\/\/www.istegroup.com\/wp-content\/uploads\/2024\/11\/061_Complexite-de-leducation-inclusive.jpg","datePublished":"2025-11-25T14:37:45+00:00","dateModified":"2025-11-26T13:56:20+00:00","description":"Complexit\u00e9 de l\u2019\u00e9ducation inclusive explore, dans une perspective \u00e0 la fois complexe et syst\u00e9mique, la mani\u00e8re dont les institutions et les acteurs accompagnent ou freinent les transformations n\u00e9cessaires \u00e0 une \u00e9ducation v\u00e9ritablement inclusive.","breadcrumb":{"@id":"https:\/\/www.istegroup.com\/produit\/complexite-de-leducation-inclusive\/#breadcrumb"},"inLanguage":"fr-FR","potentialAction":[{"@type":"ReadAction","target":["https:\/\/www.istegroup.com\/produit\/complexite-de-leducation-inclusive\/"]}]},{"@type":"ImageObject","inLanguage":"fr-FR","@id":"https:\/\/www.istegroup.com\/produit\/complexite-de-leducation-inclusive\/#primaryimage","url":"https:\/\/www.istegroup.com\/wp-content\/uploads\/2024\/11\/061_Complexite-de-leducation-inclusive.jpg","contentUrl":"https:\/\/www.istegroup.com\/wp-content\/uploads\/2024\/11\/061_Complexite-de-leducation-inclusive.jpg","width":605,"height":911},{"@type":"BreadcrumbList","@id":"https:\/\/www.istegroup.com\/produit\/complexite-de-leducation-inclusive\/#breadcrumb","itemListElement":[{"@type":"ListItem","position":1,"name":"Home","item":"https:\/\/www.istegroup.com\/"},{"@type":"ListItem","position":2,"name":"Shop","item":"https:\/\/www.istegroup.com\/fr\/nouveautes\/"},{"@type":"ListItem","position":3,"name":"Complexit\u00e9 de l\u2019\u00e9ducation inclusive"}]},{"@type":"WebSite","@id":"https:\/\/www.istegroup.com\/#website","url":"https:\/\/www.istegroup.com\/","name":"ISTE Group","description":"\u00c9diteur des Sciences","potentialAction":[{"@type":"SearchAction","target":{"@type":"EntryPoint","urlTemplate":"https:\/\/www.istegroup.com\/?s={search_term_string}"},"query-input":{"@type":"PropertyValueSpecification","valueRequired":true,"valueName":"search_term_string"}}],"inLanguage":"fr-FR"}]}},"_links":{"self":[{"href":"https:\/\/www.istegroup.com\/fr\/wp-json\/wp\/v2\/product\/62302","targetHints":{"allow":["GET"]}}],"collection":[{"href":"https:\/\/www.istegroup.com\/fr\/wp-json\/wp\/v2\/product"}],"about":[{"href":"https:\/\/www.istegroup.com\/fr\/wp-json\/wp\/v2\/types\/product"}],"wp:featuredmedia":[{"embeddable":true,"href":"https:\/\/www.istegroup.com\/fr\/wp-json\/wp\/v2\/media\/62358"}],"wp:attachment":[{"href":"https:\/\/www.istegroup.com\/fr\/wp-json\/wp\/v2\/media?parent=62302"}],"wp:term":[{"taxonomy":"product_brand","embeddable":true,"href":"https:\/\/www.istegroup.com\/fr\/wp-json\/wp\/v2\/product_brand?post=62302"},{"taxonomy":"product_cat","embeddable":true,"href":"https:\/\/www.istegroup.com\/fr\/wp-json\/wp\/v2\/product_cat?post=62302"},{"taxonomy":"product_tag","embeddable":true,"href":"https:\/\/www.istegroup.com\/fr\/wp-json\/wp\/v2\/product_tag?post=62302"}],"curies":[{"name":"wp","href":"https:\/\/api.w.org\/{rel}","templated":true}]}}