{"id":62291,"date":"2025-11-25T14:15:39","date_gmt":"2025-11-25T14:15:39","guid":{"rendered":"https:\/\/www.istegroup.com\/?post_type=product&#038;p=62291"},"modified":"2025-11-26T13:56:09","modified_gmt":"2025-11-26T13:56:09","slug":"lartisanat-au-coeur-des-industries-creatives","status":"publish","type":"product","link":"https:\/\/www.istegroup.com\/fr\/produit\/lartisanat-au-coeur-des-industries-creatives\/","title":{"rendered":"L\u2019artisanat au coeur des industries cr\u00e9atives"},"content":{"rendered":"<p>L\u2019artisanat conna\u00eet aujourd\u2019hui un v\u00e9ritable regain d\u2019int\u00e9r\u00eat. Ce ph\u00e9nom\u00e8ne, observ\u00e9 un peu partout dans le monde depuis le d\u00e9but du XXIe si\u00e8cle, correspond \u00e0 ce que certains appellent la \u00ab troisi\u00e8me vague du renouveau artisanal \u00bb. Embl\u00e9matique des profondes mutations sociales qui transforment le travail, la consommation et les modes de vie, ce renouveau s\u2019inscrit d\u00e9sormais dans le vaste projet port\u00e9 par les promoteurs des industries cr\u00e9atives.<\/p>\n<p>Souvent soutenu, \u00e0 des degr\u00e9s divers, par les politiques publiques nationales et internationales, notamment celles de l\u2019Unesco, il est \u00e9galement soumis aux logiques des industries num\u00e9riques. Les artisans se trouvent ainsi \u00e9cartel\u00e9s entre les id\u00e9aux d\u2019une \u00ab vie bonne \u00bb, la pr\u00e9servation de la tradition et la n\u00e9cessit\u00e9 d\u2019innover pour r\u00e9pondre \u00e0 de nouvelles contraintes : concurrence mondialis\u00e9e, visibilit\u00e9 num\u00e9rique, exigences \u00e9cologiques, etc.<\/p>\n<p>Les contributions r\u00e9unies dans <em>L\u2019artisanat au coeur des industries cr\u00e9atives<\/em> \u00e9clairent, \u00e0 travers divers cas, les tensions et contradictions qui traversent ce renouveau artisanal et, plus largement, celles qui caract\u00e9risent l\u2019ensemble des industries culturelles et cr\u00e9atives.<\/p>\n","protected":false},"excerpt":{"rendered":"<p>L\u2019artisanat conna\u00eet aujourd\u2019hui un v\u00e9ritable regain d\u2019int\u00e9r\u00eat. Ce ph\u00e9nom\u00e8ne, observ\u00e9 un peu partout dans le monde depuis le d\u00e9but du XXIe si\u00e8cle, correspond \u00e0 ce que certains appellent la \u00ab troisi\u00e8me vague du renouveau artisanal \u00bb. Embl\u00e9matique des profondes mutations sociales qui transforment le travail, la consommation et les modes de vie, ce renouveau s\u2019inscrit [&hellip;]<\/p>\n","protected":false},"featured_media":62301,"template":"","meta":{"_acf_changed":false,"_links_to":"","_links_to_target":""},"product_brand":[],"product_cat":[684],"product_tag":[],"class_list":{"0":"post-62291","1":"product","2":"type-product","3":"status-publish","4":"has-post-thumbnail","6":"product_cat-sciences-socit-et-nouvelles-technologies-188422468","8":"first","9":"instock","10":"shipping-taxable","11":"purchasable","12":"product-type-variable"},"acf":[],"yoast_head":"<!-- This site is optimized with the Yoast SEO plugin v27.2 - https:\/\/yoast.com\/product\/yoast-seo-wordpress\/ -->\n<title>L\u2019artisanat au coeur des industries cr\u00e9atives - ISTE Group<\/title>\n<meta name=\"description\" content=\"Les contributions r\u00e9unies dans L\u2019artisanat au coeur des industries cr\u00e9atives \u00e9clairent, \u00e0 travers divers cas, les tensions et contradictions qui traversent ce renouveau artisanal et, plus largement, celles qui caract\u00e9risent l\u2019ensemble des industries culturelles et cr\u00e9atives.\" \/>\n<meta name=\"robots\" content=\"index, follow, max-snippet:-1, max-image-preview:large, max-video-preview:-1\" \/>\n<link rel=\"canonical\" href=\"https:\/\/www.istegroup.com\/produit\/lartisanat-au-coeur-des-industries-creatives\/\" \/>\n<meta property=\"og:locale\" content=\"fr_FR\" \/>\n<meta property=\"og:type\" content=\"article\" \/>\n<meta property=\"og:title\" content=\"L\u2019artisanat au coeur des industries cr\u00e9atives - ISTE Group\" \/>\n<meta property=\"og:description\" content=\"Les contributions r\u00e9unies dans L\u2019artisanat au coeur des industries cr\u00e9atives \u00e9clairent, \u00e0 travers divers cas, les tensions et contradictions qui traversent ce renouveau artisanal et, plus largement, celles qui caract\u00e9risent l\u2019ensemble des industries culturelles et cr\u00e9atives.\" \/>\n<meta property=\"og:url\" content=\"https:\/\/www.istegroup.com\/produit\/lartisanat-au-coeur-des-industries-creatives\/\" \/>\n<meta property=\"og:site_name\" content=\"ISTE Group\" \/>\n<meta property=\"article:modified_time\" content=\"2025-11-26T13:56:09+00:00\" \/>\n<meta property=\"og:image\" content=\"https:\/\/www.istegroup.com\/wp-content\/uploads\/2025\/11\/058_front.jpg\" \/>\n\t<meta property=\"og:image:width\" content=\"606\" \/>\n\t<meta property=\"og:image:height\" content=\"911\" \/>\n\t<meta property=\"og:image:type\" content=\"image\/jpeg\" \/>\n<meta name=\"twitter:card\" content=\"summary_large_image\" \/>\n<meta name=\"twitter:label1\" content=\"Est. reading time\" \/>\n\t<meta name=\"twitter:data1\" content=\"2 minutes\" \/>\n<script type=\"application\/ld+json\" class=\"yoast-schema-graph\">{\"@context\":\"https:\/\/schema.org\",\"@graph\":[{\"@type\":\"WebPage\",\"@id\":\"https:\/\/www.istegroup.com\/produit\/lartisanat-au-coeur-des-industries-creatives\/\",\"url\":\"https:\/\/www.istegroup.com\/produit\/lartisanat-au-coeur-des-industries-creatives\/\",\"name\":\"L\u2019artisanat au coeur des industries cr\u00e9atives - ISTE Group\",\"isPartOf\":{\"@id\":\"https:\/\/www.istegroup.com\/#website\"},\"primaryImageOfPage\":{\"@id\":\"https:\/\/www.istegroup.com\/produit\/lartisanat-au-coeur-des-industries-creatives\/#primaryimage\"},\"image\":{\"@id\":\"https:\/\/www.istegroup.com\/produit\/lartisanat-au-coeur-des-industries-creatives\/#primaryimage\"},\"thumbnailUrl\":\"https:\/\/www.istegroup.com\/wp-content\/uploads\/2025\/11\/058_front.jpg\",\"datePublished\":\"2025-11-25T14:15:39+00:00\",\"dateModified\":\"2025-11-26T13:56:09+00:00\",\"description\":\"Les contributions r\u00e9unies dans L\u2019artisanat au coeur des industries cr\u00e9atives \u00e9clairent, \u00e0 travers divers cas, les tensions et contradictions qui traversent ce renouveau artisanal et, plus largement, celles qui caract\u00e9risent l\u2019ensemble des industries culturelles et cr\u00e9atives.\",\"breadcrumb\":{\"@id\":\"https:\/\/www.istegroup.com\/produit\/lartisanat-au-coeur-des-industries-creatives\/#breadcrumb\"},\"inLanguage\":\"fr-FR\",\"potentialAction\":[{\"@type\":\"ReadAction\",\"target\":[\"https:\/\/www.istegroup.com\/produit\/lartisanat-au-coeur-des-industries-creatives\/\"]}]},{\"@type\":\"ImageObject\",\"inLanguage\":\"fr-FR\",\"@id\":\"https:\/\/www.istegroup.com\/produit\/lartisanat-au-coeur-des-industries-creatives\/#primaryimage\",\"url\":\"https:\/\/www.istegroup.com\/wp-content\/uploads\/2025\/11\/058_front.jpg\",\"contentUrl\":\"https:\/\/www.istegroup.com\/wp-content\/uploads\/2025\/11\/058_front.jpg\",\"width\":606,\"height\":911},{\"@type\":\"BreadcrumbList\",\"@id\":\"https:\/\/www.istegroup.com\/produit\/lartisanat-au-coeur-des-industries-creatives\/#breadcrumb\",\"itemListElement\":[{\"@type\":\"ListItem\",\"position\":1,\"name\":\"Home\",\"item\":\"https:\/\/www.istegroup.com\/\"},{\"@type\":\"ListItem\",\"position\":2,\"name\":\"Shop\",\"item\":\"https:\/\/www.istegroup.com\/fr\/nouveautes\/\"},{\"@type\":\"ListItem\",\"position\":3,\"name\":\"L\u2019artisanat au coeur des industries cr\u00e9atives\"}]},{\"@type\":\"WebSite\",\"@id\":\"https:\/\/www.istegroup.com\/#website\",\"url\":\"https:\/\/www.istegroup.com\/\",\"name\":\"ISTE Group\",\"description\":\"\u00c9diteur des Sciences\",\"potentialAction\":[{\"@type\":\"SearchAction\",\"target\":{\"@type\":\"EntryPoint\",\"urlTemplate\":\"https:\/\/www.istegroup.com\/?s={search_term_string}\"},\"query-input\":{\"@type\":\"PropertyValueSpecification\",\"valueRequired\":true,\"valueName\":\"search_term_string\"}}],\"inLanguage\":\"fr-FR\"}]}<\/script>\n<!-- \/ Yoast SEO plugin. -->","yoast_head_json":{"title":"L\u2019artisanat au coeur des industries cr\u00e9atives - ISTE Group","description":"Les contributions r\u00e9unies dans L\u2019artisanat au coeur des industries cr\u00e9atives \u00e9clairent, \u00e0 travers divers cas, les tensions et contradictions qui traversent ce renouveau artisanal et, plus largement, celles qui caract\u00e9risent l\u2019ensemble des industries culturelles et cr\u00e9atives.","robots":{"index":"index","follow":"follow","max-snippet":"max-snippet:-1","max-image-preview":"max-image-preview:large","max-video-preview":"max-video-preview:-1"},"canonical":"https:\/\/www.istegroup.com\/produit\/lartisanat-au-coeur-des-industries-creatives\/","og_locale":"fr_FR","og_type":"article","og_title":"L\u2019artisanat au coeur des industries cr\u00e9atives - ISTE Group","og_description":"Les contributions r\u00e9unies dans L\u2019artisanat au coeur des industries cr\u00e9atives \u00e9clairent, \u00e0 travers divers cas, les tensions et contradictions qui traversent ce renouveau artisanal et, plus largement, celles qui caract\u00e9risent l\u2019ensemble des industries culturelles et cr\u00e9atives.","og_url":"https:\/\/www.istegroup.com\/produit\/lartisanat-au-coeur-des-industries-creatives\/","og_site_name":"ISTE Group","article_modified_time":"2025-11-26T13:56:09+00:00","og_image":[{"width":606,"height":911,"url":"https:\/\/www.istegroup.com\/wp-content\/uploads\/2025\/11\/058_front.jpg","type":"image\/jpeg"}],"twitter_card":"summary_large_image","twitter_misc":{"Est. reading time":"2 minutes"},"schema":{"@context":"https:\/\/schema.org","@graph":[{"@type":"WebPage","@id":"https:\/\/www.istegroup.com\/produit\/lartisanat-au-coeur-des-industries-creatives\/","url":"https:\/\/www.istegroup.com\/produit\/lartisanat-au-coeur-des-industries-creatives\/","name":"L\u2019artisanat au coeur des industries cr\u00e9atives - ISTE Group","isPartOf":{"@id":"https:\/\/www.istegroup.com\/#website"},"primaryImageOfPage":{"@id":"https:\/\/www.istegroup.com\/produit\/lartisanat-au-coeur-des-industries-creatives\/#primaryimage"},"image":{"@id":"https:\/\/www.istegroup.com\/produit\/lartisanat-au-coeur-des-industries-creatives\/#primaryimage"},"thumbnailUrl":"https:\/\/www.istegroup.com\/wp-content\/uploads\/2025\/11\/058_front.jpg","datePublished":"2025-11-25T14:15:39+00:00","dateModified":"2025-11-26T13:56:09+00:00","description":"Les contributions r\u00e9unies dans L\u2019artisanat au coeur des industries cr\u00e9atives \u00e9clairent, \u00e0 travers divers cas, les tensions et contradictions qui traversent ce renouveau artisanal et, plus largement, celles qui caract\u00e9risent l\u2019ensemble des industries culturelles et cr\u00e9atives.","breadcrumb":{"@id":"https:\/\/www.istegroup.com\/produit\/lartisanat-au-coeur-des-industries-creatives\/#breadcrumb"},"inLanguage":"fr-FR","potentialAction":[{"@type":"ReadAction","target":["https:\/\/www.istegroup.com\/produit\/lartisanat-au-coeur-des-industries-creatives\/"]}]},{"@type":"ImageObject","inLanguage":"fr-FR","@id":"https:\/\/www.istegroup.com\/produit\/lartisanat-au-coeur-des-industries-creatives\/#primaryimage","url":"https:\/\/www.istegroup.com\/wp-content\/uploads\/2025\/11\/058_front.jpg","contentUrl":"https:\/\/www.istegroup.com\/wp-content\/uploads\/2025\/11\/058_front.jpg","width":606,"height":911},{"@type":"BreadcrumbList","@id":"https:\/\/www.istegroup.com\/produit\/lartisanat-au-coeur-des-industries-creatives\/#breadcrumb","itemListElement":[{"@type":"ListItem","position":1,"name":"Home","item":"https:\/\/www.istegroup.com\/"},{"@type":"ListItem","position":2,"name":"Shop","item":"https:\/\/www.istegroup.com\/fr\/nouveautes\/"},{"@type":"ListItem","position":3,"name":"L\u2019artisanat au coeur des industries cr\u00e9atives"}]},{"@type":"WebSite","@id":"https:\/\/www.istegroup.com\/#website","url":"https:\/\/www.istegroup.com\/","name":"ISTE Group","description":"\u00c9diteur des Sciences","potentialAction":[{"@type":"SearchAction","target":{"@type":"EntryPoint","urlTemplate":"https:\/\/www.istegroup.com\/?s={search_term_string}"},"query-input":{"@type":"PropertyValueSpecification","valueRequired":true,"valueName":"search_term_string"}}],"inLanguage":"fr-FR"}]}},"_links":{"self":[{"href":"https:\/\/www.istegroup.com\/fr\/wp-json\/wp\/v2\/product\/62291","targetHints":{"allow":["GET"]}}],"collection":[{"href":"https:\/\/www.istegroup.com\/fr\/wp-json\/wp\/v2\/product"}],"about":[{"href":"https:\/\/www.istegroup.com\/fr\/wp-json\/wp\/v2\/types\/product"}],"wp:featuredmedia":[{"embeddable":true,"href":"https:\/\/www.istegroup.com\/fr\/wp-json\/wp\/v2\/media\/62301"}],"wp:attachment":[{"href":"https:\/\/www.istegroup.com\/fr\/wp-json\/wp\/v2\/media?parent=62291"}],"wp:term":[{"taxonomy":"product_brand","embeddable":true,"href":"https:\/\/www.istegroup.com\/fr\/wp-json\/wp\/v2\/product_brand?post=62291"},{"taxonomy":"product_cat","embeddable":true,"href":"https:\/\/www.istegroup.com\/fr\/wp-json\/wp\/v2\/product_cat?post=62291"},{"taxonomy":"product_tag","embeddable":true,"href":"https:\/\/www.istegroup.com\/fr\/wp-json\/wp\/v2\/product_tag?post=62291"}],"curies":[{"name":"wp","href":"https:\/\/api.w.org\/{rel}","templated":true}]}}