{"id":62011,"date":"2025-10-24T14:18:30","date_gmt":"2025-10-24T13:18:30","guid":{"rendered":"https:\/\/www.istegroup.com\/?post_type=product&#038;p=62011"},"modified":"2026-03-17T10:02:38","modified_gmt":"2026-03-17T10:02:38","slug":"la-fabrique-des-normes","status":"publish","type":"product","link":"https:\/\/www.istegroup.com\/fr\/produit\/la-fabrique-des-normes\/","title":{"rendered":"La fabrique des normes"},"content":{"rendered":"<p>Les normes, quoique souvent per\u00e7ues comme contraignantes, sont indispensables : leur absence conduit au chaos et \u00e0 l\u2019inefficacit\u00e9. Cet ouvrage retrace la longue histoire de la normalisation, en mettant d\u2019abord l\u2019accent sur la p\u00e9riode allant de l\u2019Antiquit\u00e9 au XIXe si\u00e8cle, \u00e9poque fondatrice des grandes organisations internationales de normalisation, comme celles de la t\u00e9l\u00e9graphie ou de l\u2019\u00e9lectricit\u00e9, qui ont invent\u00e9 des m\u00e9thodes devenues universelles.<\/p>\n<p>Les deux guerres mondiales entra\u00eenent ensuite la cr\u00e9ation d\u2019organisations nationales, f\u00e9d\u00e9r\u00e9es autour de l\u2019ISA, anc\u00eatre de l\u2019ISO. Depuis les ann\u00e9es 1960, les pionniers d\u2019Internet instaurent \u00e0 leur tour des proc\u00e9dures de standardisation n\u00e9goci\u00e9es au sein de consortiums. Mais l\u2019espace num\u00e9rique libre de droit est rapidement d\u00e9tourn\u00e9 par ses sponsors (GAFAM, etc.), qui \u00ab capturent \u00bb les donn\u00e9es et mondialisent la d\u00e9sinformation. En r\u00e9action, le coll\u00e8ge international de normalisation \u00e9labore de nouvelles normes num\u00e9riques \u2014 notamment la <em>Privacy by Design<\/em> \u2014 afin de restaurer des r\u00e9seaux s\u00fbrs et rationnels.<\/p>\n<p><em>La fabrique des normes montre<\/em> comment une refondation de la normalisation peut contribuer \u00e0 r\u00e9tablir une harmonie technologique et num\u00e9rique. Les interactions croissantes entre normalisation et cr\u00e9ation l\u00e9gislative, analys\u00e9es ici, s\u2019inscrivent pleinement dans cette dynamique.<\/p>\n<p><strong>La presse en parle<\/strong><\/p>\n<p>Un ouvrage d&rsquo;une grande richesse, tout \u00e0 la fois historique, parfois technique, \u00e9conomique&#8230; La dimension de praticien des enceintes normatives de l&rsquo; auteur transparait et lui permet de faire entrer le lecteur au c\u0153ur du syst\u00e8me : on comprend les m\u00e9canismes et les strat\u00e9gies \u00e0 l\u2019\u0153uvre dans l\u2019\u00e9laboration des normes, leur utilisation &#8230; L&rsquo;on apprend beaucoup, \u00e0 travers le prisme normatif, sur l&rsquo;histoire \u00e9conomique et technique de la France notamment. A lire et faire connaitre !<\/p>\n<p><em>Revue Enjeux, N\u00b0 462 &#8211; Mars 2026<\/em><\/p>\n","protected":false},"excerpt":{"rendered":"<p>Les normes, quoique souvent per\u00e7ues comme contraignantes, sont indispensables : leur absence conduit au chaos et \u00e0 l\u2019inefficacit\u00e9. Cet ouvrage retrace la longue histoire de la normalisation, en mettant d\u2019abord l\u2019accent sur la p\u00e9riode allant de l\u2019Antiquit\u00e9 au XIXe si\u00e8cle, \u00e9poque fondatrice des grandes organisations internationales de normalisation, comme celles de la t\u00e9l\u00e9graphie ou de [&hellip;]<\/p>\n","protected":false},"featured_media":62019,"template":"","meta":{"_acf_changed":false,"_links_to":"","_links_to_target":""},"product_brand":[],"product_cat":[707],"product_tag":[],"class_list":{"0":"post-62011","1":"product","2":"type-product","3":"status-publish","4":"has-post-thumbnail","6":"product_cat-systmes-dinformation-web-et-socit-12506570","8":"first","9":"instock","10":"shipping-taxable","11":"purchasable","12":"product-type-variable"},"acf":[],"yoast_head":"<!-- This site is optimized with the Yoast SEO plugin v27.2 - https:\/\/yoast.com\/product\/yoast-seo-wordpress\/ -->\n<title>La fabrique des normes - ISTE Group<\/title>\n<meta name=\"description\" content=\"Cet ouvrage retrace la longue histoire de la normalisation, en mettant d\u2019abord l\u2019accent sur la p\u00e9riode allant de l\u2019Antiquit\u00e9 au XIXe si\u00e8cle, \u00e9poque fondatrice des grandes organisations internationales de normalisation, comme celles de la t\u00e9l\u00e9graphie ou de l\u2019\u00e9lectricit\u00e9, qui ont invent\u00e9 des m\u00e9thodes devenues universelles.\" \/>\n<meta name=\"robots\" content=\"index, follow, max-snippet:-1, max-image-preview:large, max-video-preview:-1\" \/>\n<link rel=\"canonical\" href=\"https:\/\/www.istegroup.com\/produit\/la-fabrique-des-normes\/\" \/>\n<meta property=\"og:locale\" content=\"fr_FR\" \/>\n<meta property=\"og:type\" content=\"article\" \/>\n<meta property=\"og:title\" content=\"La fabrique des normes - ISTE Group\" \/>\n<meta property=\"og:description\" content=\"Cet ouvrage retrace la longue histoire de la normalisation, en mettant d\u2019abord l\u2019accent sur la p\u00e9riode allant de l\u2019Antiquit\u00e9 au XIXe si\u00e8cle, \u00e9poque fondatrice des grandes organisations internationales de normalisation, comme celles de la t\u00e9l\u00e9graphie ou de l\u2019\u00e9lectricit\u00e9, qui ont invent\u00e9 des m\u00e9thodes devenues universelles.\" \/>\n<meta property=\"og:url\" content=\"https:\/\/www.istegroup.com\/produit\/la-fabrique-des-normes\/\" \/>\n<meta property=\"og:site_name\" content=\"ISTE Group\" \/>\n<meta property=\"article:modified_time\" content=\"2026-03-17T10:02:38+00:00\" \/>\n<meta property=\"og:image\" content=\"https:\/\/www.istegroup.com\/wp-content\/uploads\/2025\/10\/La-fabrique-des-normes.jpg\" \/>\n\t<meta property=\"og:image:width\" content=\"603\" \/>\n\t<meta property=\"og:image:height\" content=\"908\" \/>\n\t<meta property=\"og:image:type\" content=\"image\/jpeg\" \/>\n<meta name=\"twitter:card\" content=\"summary_large_image\" \/>\n<meta name=\"twitter:label1\" content=\"Est. reading time\" \/>\n\t<meta name=\"twitter:data1\" content=\"2 minutes\" \/>\n<script type=\"application\/ld+json\" class=\"yoast-schema-graph\">{\"@context\":\"https:\/\/schema.org\",\"@graph\":[{\"@type\":\"WebPage\",\"@id\":\"https:\/\/www.istegroup.com\/produit\/la-fabrique-des-normes\/\",\"url\":\"https:\/\/www.istegroup.com\/produit\/la-fabrique-des-normes\/\",\"name\":\"La fabrique des normes - ISTE Group\",\"isPartOf\":{\"@id\":\"https:\/\/www.istegroup.com\/#website\"},\"primaryImageOfPage\":{\"@id\":\"https:\/\/www.istegroup.com\/produit\/la-fabrique-des-normes\/#primaryimage\"},\"image\":{\"@id\":\"https:\/\/www.istegroup.com\/produit\/la-fabrique-des-normes\/#primaryimage\"},\"thumbnailUrl\":\"https:\/\/www.istegroup.com\/wp-content\/uploads\/2025\/10\/La-fabrique-des-normes.jpg\",\"datePublished\":\"2025-10-24T13:18:30+00:00\",\"dateModified\":\"2026-03-17T10:02:38+00:00\",\"description\":\"Cet ouvrage retrace la longue histoire de la normalisation, en mettant d\u2019abord l\u2019accent sur la p\u00e9riode allant de l\u2019Antiquit\u00e9 au XIXe si\u00e8cle, \u00e9poque fondatrice des grandes organisations internationales de normalisation, comme celles de la t\u00e9l\u00e9graphie ou de l\u2019\u00e9lectricit\u00e9, qui ont invent\u00e9 des m\u00e9thodes devenues universelles.\",\"breadcrumb\":{\"@id\":\"https:\/\/www.istegroup.com\/produit\/la-fabrique-des-normes\/#breadcrumb\"},\"inLanguage\":\"fr-FR\",\"potentialAction\":[{\"@type\":\"ReadAction\",\"target\":[\"https:\/\/www.istegroup.com\/produit\/la-fabrique-des-normes\/\"]}]},{\"@type\":\"ImageObject\",\"inLanguage\":\"fr-FR\",\"@id\":\"https:\/\/www.istegroup.com\/produit\/la-fabrique-des-normes\/#primaryimage\",\"url\":\"https:\/\/www.istegroup.com\/wp-content\/uploads\/2025\/10\/La-fabrique-des-normes.jpg\",\"contentUrl\":\"https:\/\/www.istegroup.com\/wp-content\/uploads\/2025\/10\/La-fabrique-des-normes.jpg\",\"width\":603,\"height\":908},{\"@type\":\"BreadcrumbList\",\"@id\":\"https:\/\/www.istegroup.com\/produit\/la-fabrique-des-normes\/#breadcrumb\",\"itemListElement\":[{\"@type\":\"ListItem\",\"position\":1,\"name\":\"Home\",\"item\":\"https:\/\/www.istegroup.com\/\"},{\"@type\":\"ListItem\",\"position\":2,\"name\":\"Shop\",\"item\":\"https:\/\/www.istegroup.com\/fr\/nouveautes\/\"},{\"@type\":\"ListItem\",\"position\":3,\"name\":\"La fabrique des normes\"}]},{\"@type\":\"WebSite\",\"@id\":\"https:\/\/www.istegroup.com\/#website\",\"url\":\"https:\/\/www.istegroup.com\/\",\"name\":\"ISTE Group\",\"description\":\"\u00c9diteur des Sciences\",\"potentialAction\":[{\"@type\":\"SearchAction\",\"target\":{\"@type\":\"EntryPoint\",\"urlTemplate\":\"https:\/\/www.istegroup.com\/?s={search_term_string}\"},\"query-input\":{\"@type\":\"PropertyValueSpecification\",\"valueRequired\":true,\"valueName\":\"search_term_string\"}}],\"inLanguage\":\"fr-FR\"}]}<\/script>\n<!-- \/ Yoast SEO plugin. -->","yoast_head_json":{"title":"La fabrique des normes - ISTE Group","description":"Cet ouvrage retrace la longue histoire de la normalisation, en mettant d\u2019abord l\u2019accent sur la p\u00e9riode allant de l\u2019Antiquit\u00e9 au XIXe si\u00e8cle, \u00e9poque fondatrice des grandes organisations internationales de normalisation, comme celles de la t\u00e9l\u00e9graphie ou de l\u2019\u00e9lectricit\u00e9, qui ont invent\u00e9 des m\u00e9thodes devenues universelles.","robots":{"index":"index","follow":"follow","max-snippet":"max-snippet:-1","max-image-preview":"max-image-preview:large","max-video-preview":"max-video-preview:-1"},"canonical":"https:\/\/www.istegroup.com\/produit\/la-fabrique-des-normes\/","og_locale":"fr_FR","og_type":"article","og_title":"La fabrique des normes - ISTE Group","og_description":"Cet ouvrage retrace la longue histoire de la normalisation, en mettant d\u2019abord l\u2019accent sur la p\u00e9riode allant de l\u2019Antiquit\u00e9 au XIXe si\u00e8cle, \u00e9poque fondatrice des grandes organisations internationales de normalisation, comme celles de la t\u00e9l\u00e9graphie ou de l\u2019\u00e9lectricit\u00e9, qui ont invent\u00e9 des m\u00e9thodes devenues universelles.","og_url":"https:\/\/www.istegroup.com\/produit\/la-fabrique-des-normes\/","og_site_name":"ISTE Group","article_modified_time":"2026-03-17T10:02:38+00:00","og_image":[{"width":603,"height":908,"url":"https:\/\/www.istegroup.com\/wp-content\/uploads\/2025\/10\/La-fabrique-des-normes.jpg","type":"image\/jpeg"}],"twitter_card":"summary_large_image","twitter_misc":{"Est. reading time":"2 minutes"},"schema":{"@context":"https:\/\/schema.org","@graph":[{"@type":"WebPage","@id":"https:\/\/www.istegroup.com\/produit\/la-fabrique-des-normes\/","url":"https:\/\/www.istegroup.com\/produit\/la-fabrique-des-normes\/","name":"La fabrique des normes - ISTE Group","isPartOf":{"@id":"https:\/\/www.istegroup.com\/#website"},"primaryImageOfPage":{"@id":"https:\/\/www.istegroup.com\/produit\/la-fabrique-des-normes\/#primaryimage"},"image":{"@id":"https:\/\/www.istegroup.com\/produit\/la-fabrique-des-normes\/#primaryimage"},"thumbnailUrl":"https:\/\/www.istegroup.com\/wp-content\/uploads\/2025\/10\/La-fabrique-des-normes.jpg","datePublished":"2025-10-24T13:18:30+00:00","dateModified":"2026-03-17T10:02:38+00:00","description":"Cet ouvrage retrace la longue histoire de la normalisation, en mettant d\u2019abord l\u2019accent sur la p\u00e9riode allant de l\u2019Antiquit\u00e9 au XIXe si\u00e8cle, \u00e9poque fondatrice des grandes organisations internationales de normalisation, comme celles de la t\u00e9l\u00e9graphie ou de l\u2019\u00e9lectricit\u00e9, qui ont invent\u00e9 des m\u00e9thodes devenues universelles.","breadcrumb":{"@id":"https:\/\/www.istegroup.com\/produit\/la-fabrique-des-normes\/#breadcrumb"},"inLanguage":"fr-FR","potentialAction":[{"@type":"ReadAction","target":["https:\/\/www.istegroup.com\/produit\/la-fabrique-des-normes\/"]}]},{"@type":"ImageObject","inLanguage":"fr-FR","@id":"https:\/\/www.istegroup.com\/produit\/la-fabrique-des-normes\/#primaryimage","url":"https:\/\/www.istegroup.com\/wp-content\/uploads\/2025\/10\/La-fabrique-des-normes.jpg","contentUrl":"https:\/\/www.istegroup.com\/wp-content\/uploads\/2025\/10\/La-fabrique-des-normes.jpg","width":603,"height":908},{"@type":"BreadcrumbList","@id":"https:\/\/www.istegroup.com\/produit\/la-fabrique-des-normes\/#breadcrumb","itemListElement":[{"@type":"ListItem","position":1,"name":"Home","item":"https:\/\/www.istegroup.com\/"},{"@type":"ListItem","position":2,"name":"Shop","item":"https:\/\/www.istegroup.com\/fr\/nouveautes\/"},{"@type":"ListItem","position":3,"name":"La fabrique des normes"}]},{"@type":"WebSite","@id":"https:\/\/www.istegroup.com\/#website","url":"https:\/\/www.istegroup.com\/","name":"ISTE Group","description":"\u00c9diteur des Sciences","potentialAction":[{"@type":"SearchAction","target":{"@type":"EntryPoint","urlTemplate":"https:\/\/www.istegroup.com\/?s={search_term_string}"},"query-input":{"@type":"PropertyValueSpecification","valueRequired":true,"valueName":"search_term_string"}}],"inLanguage":"fr-FR"}]}},"_links":{"self":[{"href":"https:\/\/www.istegroup.com\/fr\/wp-json\/wp\/v2\/product\/62011","targetHints":{"allow":["GET"]}}],"collection":[{"href":"https:\/\/www.istegroup.com\/fr\/wp-json\/wp\/v2\/product"}],"about":[{"href":"https:\/\/www.istegroup.com\/fr\/wp-json\/wp\/v2\/types\/product"}],"wp:featuredmedia":[{"embeddable":true,"href":"https:\/\/www.istegroup.com\/fr\/wp-json\/wp\/v2\/media\/62019"}],"wp:attachment":[{"href":"https:\/\/www.istegroup.com\/fr\/wp-json\/wp\/v2\/media?parent=62011"}],"wp:term":[{"taxonomy":"product_brand","embeddable":true,"href":"https:\/\/www.istegroup.com\/fr\/wp-json\/wp\/v2\/product_brand?post=62011"},{"taxonomy":"product_cat","embeddable":true,"href":"https:\/\/www.istegroup.com\/fr\/wp-json\/wp\/v2\/product_cat?post=62011"},{"taxonomy":"product_tag","embeddable":true,"href":"https:\/\/www.istegroup.com\/fr\/wp-json\/wp\/v2\/product_tag?post=62011"}],"curies":[{"name":"wp","href":"https:\/\/api.w.org\/{rel}","templated":true}]}}