{"id":62004,"date":"2025-10-24T14:06:40","date_gmt":"2025-10-24T13:06:40","guid":{"rendered":"https:\/\/www.istegroup.com\/?post_type=product&#038;p=62004"},"modified":"2026-04-17T11:16:22","modified_gmt":"2026-04-17T10:16:22","slug":"linnovation-sociale-par-le-design-en-sante-2","status":"publish","type":"product","link":"https:\/\/www.istegroup.com\/fr\/produit\/linnovation-sociale-par-le-design-en-sante-2\/","title":{"rendered":"L\u2019innovation sociale par le design en sant\u00e9 2"},"content":{"rendered":"<p>Les enjeux actuels en sant\u00e9 conduisent les organisations du secteur et leurs parties prenantes \u00e0 se r\u00e9inventer et \u00e0 envisager un futur en rupture avec les pratiques \u00e9tablies. Les diff\u00e9rentes crises, l\u2019\u00e9volution de la population \u00e0 soigner, les difficult\u00e9s \u00e9conomiques et sociales ainsi que la recomposition des \u00e9quipes de soignants imposent une \u00e9vidence : il n\u2019est plus possible de reproduire le pass\u00e9.<\/p>\n<p><em>L\u2019innovation sociale par le design en sant\u00e9 2<\/em> constitue une voie de r\u00e9ponse \u00e0 ces d\u00e9fis. Ce volume propose une analyse crois\u00e9e de travaux acad\u00e9miques et de retours d\u2019exp\u00e9rience de professionnels impliqu\u00e9s dans des projets concrets men\u00e9s en milieux hospitalier et m\u00e9dicosocial. \u00c0 travers les \u00e9tudes et t\u00e9moignages d\u2019auteurs aux profils vari\u00e9s, il offre une r\u00e9flexion structur\u00e9e sur les opportunit\u00e9s et les d\u00e9fis li\u00e9s \u00e0 l\u2019int\u00e9gration des m\u00e9thodologies du design dans l\u2019organisation des soins et la gestion des \u00e9tablissements. Il trace ainsi les contours d\u2019un futur de la sant\u00e9 fond\u00e9 sur des mod\u00e8les plus inclusifs, plus efficaces et plus durables.<\/p>\n","protected":false},"excerpt":{"rendered":"<p>Les enjeux actuels en sant\u00e9 conduisent les organisations du secteur et leurs parties prenantes \u00e0 se r\u00e9inventer et \u00e0 envisager un futur en rupture avec les pratiques \u00e9tablies. Les diff\u00e9rentes crises, l\u2019\u00e9volution de la population \u00e0 soigner, les difficult\u00e9s \u00e9conomiques et sociales ainsi que la recomposition des \u00e9quipes de soignants imposent une \u00e9vidence : il [&hellip;]<\/p>\n","protected":false},"featured_media":62010,"template":"","meta":{"_acf_changed":false,"_links_to":"","_links_to_target":""},"product_brand":[],"product_cat":[670],"product_tag":[],"class_list":{"0":"post-62004","1":"product","2":"type-product","3":"status-publish","4":"has-post-thumbnail","6":"product_cat-innovation-entrepreneuriat-et-gestion-11041751","8":"first","9":"instock","10":"shipping-taxable","11":"purchasable","12":"product-type-variable"},"acf":[],"yoast_head":"<!-- This site is optimized with the Yoast SEO plugin v27.2 - https:\/\/yoast.com\/product\/yoast-seo-wordpress\/ -->\n<title>L\u2019innovation sociale par le design en sant\u00e9 2 - ISTE Group<\/title>\n<meta name=\"description\" content=\"Ce volume propose une analyse crois\u00e9e de travaux acad\u00e9miques et de retours d\u2019exp\u00e9rience de professionnels impliqu\u00e9s dans des projets concrets men\u00e9s en milieux hospitalier et m\u00e9dicosocial.\" \/>\n<meta name=\"robots\" content=\"index, follow, max-snippet:-1, max-image-preview:large, max-video-preview:-1\" \/>\n<link rel=\"canonical\" href=\"https:\/\/www.istegroup.com\/produit\/linnovation-sociale-par-le-design-en-sante-2\/\" \/>\n<meta property=\"og:locale\" content=\"fr_FR\" \/>\n<meta property=\"og:type\" content=\"article\" \/>\n<meta property=\"og:title\" content=\"L\u2019innovation sociale par le design en sant\u00e9 2 - ISTE Group\" \/>\n<meta property=\"og:description\" content=\"Ce volume propose une analyse crois\u00e9e de travaux acad\u00e9miques et de retours d\u2019exp\u00e9rience de professionnels impliqu\u00e9s dans des projets concrets men\u00e9s en milieux hospitalier et m\u00e9dicosocial.\" \/>\n<meta property=\"og:url\" content=\"https:\/\/www.istegroup.com\/produit\/linnovation-sociale-par-le-design-en-sante-2\/\" \/>\n<meta property=\"og:site_name\" content=\"ISTE Group\" \/>\n<meta property=\"article:modified_time\" content=\"2026-04-17T10:16:22+00:00\" \/>\n<meta property=\"og:image\" content=\"https:\/\/www.istegroup.com\/wp-content\/uploads\/2025\/10\/Linnovation-sociale-par-le-design-en-sante-2.jpg\" \/>\n\t<meta property=\"og:image:width\" content=\"605\" \/>\n\t<meta property=\"og:image:height\" content=\"910\" \/>\n\t<meta property=\"og:image:type\" content=\"image\/jpeg\" \/>\n<meta name=\"twitter:card\" content=\"summary_large_image\" \/>\n<meta name=\"twitter:label1\" content=\"Est. reading time\" \/>\n\t<meta name=\"twitter:data1\" content=\"2 minutes\" \/>\n<script type=\"application\/ld+json\" class=\"yoast-schema-graph\">{\"@context\":\"https:\/\/schema.org\",\"@graph\":[{\"@type\":\"WebPage\",\"@id\":\"https:\/\/www.istegroup.com\/produit\/linnovation-sociale-par-le-design-en-sante-2\/\",\"url\":\"https:\/\/www.istegroup.com\/produit\/linnovation-sociale-par-le-design-en-sante-2\/\",\"name\":\"L\u2019innovation sociale par le design en sant\u00e9 2 - ISTE Group\",\"isPartOf\":{\"@id\":\"https:\/\/www.istegroup.com\/#website\"},\"primaryImageOfPage\":{\"@id\":\"https:\/\/www.istegroup.com\/produit\/linnovation-sociale-par-le-design-en-sante-2\/#primaryimage\"},\"image\":{\"@id\":\"https:\/\/www.istegroup.com\/produit\/linnovation-sociale-par-le-design-en-sante-2\/#primaryimage\"},\"thumbnailUrl\":\"https:\/\/www.istegroup.com\/wp-content\/uploads\/2025\/10\/Linnovation-sociale-par-le-design-en-sante-2.jpg\",\"datePublished\":\"2025-10-24T13:06:40+00:00\",\"dateModified\":\"2026-04-17T10:16:22+00:00\",\"description\":\"Ce volume propose une analyse crois\u00e9e de travaux acad\u00e9miques et de retours d\u2019exp\u00e9rience de professionnels impliqu\u00e9s dans des projets concrets men\u00e9s en milieux hospitalier et m\u00e9dicosocial.\",\"breadcrumb\":{\"@id\":\"https:\/\/www.istegroup.com\/produit\/linnovation-sociale-par-le-design-en-sante-2\/#breadcrumb\"},\"inLanguage\":\"fr-FR\",\"potentialAction\":[{\"@type\":\"ReadAction\",\"target\":[\"https:\/\/www.istegroup.com\/produit\/linnovation-sociale-par-le-design-en-sante-2\/\"]}]},{\"@type\":\"ImageObject\",\"inLanguage\":\"fr-FR\",\"@id\":\"https:\/\/www.istegroup.com\/produit\/linnovation-sociale-par-le-design-en-sante-2\/#primaryimage\",\"url\":\"https:\/\/www.istegroup.com\/wp-content\/uploads\/2025\/10\/Linnovation-sociale-par-le-design-en-sante-2.jpg\",\"contentUrl\":\"https:\/\/www.istegroup.com\/wp-content\/uploads\/2025\/10\/Linnovation-sociale-par-le-design-en-sante-2.jpg\",\"width\":605,\"height\":910},{\"@type\":\"BreadcrumbList\",\"@id\":\"https:\/\/www.istegroup.com\/produit\/linnovation-sociale-par-le-design-en-sante-2\/#breadcrumb\",\"itemListElement\":[{\"@type\":\"ListItem\",\"position\":1,\"name\":\"Home\",\"item\":\"https:\/\/www.istegroup.com\/\"},{\"@type\":\"ListItem\",\"position\":2,\"name\":\"Shop\",\"item\":\"https:\/\/www.istegroup.com\/fr\/nouveautes\/\"},{\"@type\":\"ListItem\",\"position\":3,\"name\":\"L\u2019innovation sociale par le design en sant\u00e9 2\"}]},{\"@type\":\"WebSite\",\"@id\":\"https:\/\/www.istegroup.com\/#website\",\"url\":\"https:\/\/www.istegroup.com\/\",\"name\":\"ISTE Group\",\"description\":\"\u00c9diteur des Sciences\",\"potentialAction\":[{\"@type\":\"SearchAction\",\"target\":{\"@type\":\"EntryPoint\",\"urlTemplate\":\"https:\/\/www.istegroup.com\/?s={search_term_string}\"},\"query-input\":{\"@type\":\"PropertyValueSpecification\",\"valueRequired\":true,\"valueName\":\"search_term_string\"}}],\"inLanguage\":\"fr-FR\"}]}<\/script>\n<!-- \/ Yoast SEO plugin. -->","yoast_head_json":{"title":"L\u2019innovation sociale par le design en sant\u00e9 2 - ISTE Group","description":"Ce volume propose une analyse crois\u00e9e de travaux acad\u00e9miques et de retours d\u2019exp\u00e9rience de professionnels impliqu\u00e9s dans des projets concrets men\u00e9s en milieux hospitalier et m\u00e9dicosocial.","robots":{"index":"index","follow":"follow","max-snippet":"max-snippet:-1","max-image-preview":"max-image-preview:large","max-video-preview":"max-video-preview:-1"},"canonical":"https:\/\/www.istegroup.com\/produit\/linnovation-sociale-par-le-design-en-sante-2\/","og_locale":"fr_FR","og_type":"article","og_title":"L\u2019innovation sociale par le design en sant\u00e9 2 - ISTE Group","og_description":"Ce volume propose une analyse crois\u00e9e de travaux acad\u00e9miques et de retours d\u2019exp\u00e9rience de professionnels impliqu\u00e9s dans des projets concrets men\u00e9s en milieux hospitalier et m\u00e9dicosocial.","og_url":"https:\/\/www.istegroup.com\/produit\/linnovation-sociale-par-le-design-en-sante-2\/","og_site_name":"ISTE Group","article_modified_time":"2026-04-17T10:16:22+00:00","og_image":[{"width":605,"height":910,"url":"https:\/\/www.istegroup.com\/wp-content\/uploads\/2025\/10\/Linnovation-sociale-par-le-design-en-sante-2.jpg","type":"image\/jpeg"}],"twitter_card":"summary_large_image","twitter_misc":{"Est. reading time":"2 minutes"},"schema":{"@context":"https:\/\/schema.org","@graph":[{"@type":"WebPage","@id":"https:\/\/www.istegroup.com\/produit\/linnovation-sociale-par-le-design-en-sante-2\/","url":"https:\/\/www.istegroup.com\/produit\/linnovation-sociale-par-le-design-en-sante-2\/","name":"L\u2019innovation sociale par le design en sant\u00e9 2 - ISTE Group","isPartOf":{"@id":"https:\/\/www.istegroup.com\/#website"},"primaryImageOfPage":{"@id":"https:\/\/www.istegroup.com\/produit\/linnovation-sociale-par-le-design-en-sante-2\/#primaryimage"},"image":{"@id":"https:\/\/www.istegroup.com\/produit\/linnovation-sociale-par-le-design-en-sante-2\/#primaryimage"},"thumbnailUrl":"https:\/\/www.istegroup.com\/wp-content\/uploads\/2025\/10\/Linnovation-sociale-par-le-design-en-sante-2.jpg","datePublished":"2025-10-24T13:06:40+00:00","dateModified":"2026-04-17T10:16:22+00:00","description":"Ce volume propose une analyse crois\u00e9e de travaux acad\u00e9miques et de retours d\u2019exp\u00e9rience de professionnels impliqu\u00e9s dans des projets concrets men\u00e9s en milieux hospitalier et m\u00e9dicosocial.","breadcrumb":{"@id":"https:\/\/www.istegroup.com\/produit\/linnovation-sociale-par-le-design-en-sante-2\/#breadcrumb"},"inLanguage":"fr-FR","potentialAction":[{"@type":"ReadAction","target":["https:\/\/www.istegroup.com\/produit\/linnovation-sociale-par-le-design-en-sante-2\/"]}]},{"@type":"ImageObject","inLanguage":"fr-FR","@id":"https:\/\/www.istegroup.com\/produit\/linnovation-sociale-par-le-design-en-sante-2\/#primaryimage","url":"https:\/\/www.istegroup.com\/wp-content\/uploads\/2025\/10\/Linnovation-sociale-par-le-design-en-sante-2.jpg","contentUrl":"https:\/\/www.istegroup.com\/wp-content\/uploads\/2025\/10\/Linnovation-sociale-par-le-design-en-sante-2.jpg","width":605,"height":910},{"@type":"BreadcrumbList","@id":"https:\/\/www.istegroup.com\/produit\/linnovation-sociale-par-le-design-en-sante-2\/#breadcrumb","itemListElement":[{"@type":"ListItem","position":1,"name":"Home","item":"https:\/\/www.istegroup.com\/"},{"@type":"ListItem","position":2,"name":"Shop","item":"https:\/\/www.istegroup.com\/fr\/nouveautes\/"},{"@type":"ListItem","position":3,"name":"L\u2019innovation sociale par le design en sant\u00e9 2"}]},{"@type":"WebSite","@id":"https:\/\/www.istegroup.com\/#website","url":"https:\/\/www.istegroup.com\/","name":"ISTE Group","description":"\u00c9diteur des Sciences","potentialAction":[{"@type":"SearchAction","target":{"@type":"EntryPoint","urlTemplate":"https:\/\/www.istegroup.com\/?s={search_term_string}"},"query-input":{"@type":"PropertyValueSpecification","valueRequired":true,"valueName":"search_term_string"}}],"inLanguage":"fr-FR"}]}},"_links":{"self":[{"href":"https:\/\/www.istegroup.com\/fr\/wp-json\/wp\/v2\/product\/62004","targetHints":{"allow":["GET"]}}],"collection":[{"href":"https:\/\/www.istegroup.com\/fr\/wp-json\/wp\/v2\/product"}],"about":[{"href":"https:\/\/www.istegroup.com\/fr\/wp-json\/wp\/v2\/types\/product"}],"wp:featuredmedia":[{"embeddable":true,"href":"https:\/\/www.istegroup.com\/fr\/wp-json\/wp\/v2\/media\/62010"}],"wp:attachment":[{"href":"https:\/\/www.istegroup.com\/fr\/wp-json\/wp\/v2\/media?parent=62004"}],"wp:term":[{"taxonomy":"product_brand","embeddable":true,"href":"https:\/\/www.istegroup.com\/fr\/wp-json\/wp\/v2\/product_brand?post=62004"},{"taxonomy":"product_cat","embeddable":true,"href":"https:\/\/www.istegroup.com\/fr\/wp-json\/wp\/v2\/product_cat?post=62004"},{"taxonomy":"product_tag","embeddable":true,"href":"https:\/\/www.istegroup.com\/fr\/wp-json\/wp\/v2\/product_tag?post=62004"}],"curies":[{"name":"wp","href":"https:\/\/api.w.org\/{rel}","templated":true}]}}