{"id":61985,"date":"2025-10-24T13:39:22","date_gmt":"2025-10-24T12:39:22","guid":{"rendered":"https:\/\/www.istegroup.com\/?post_type=product&#038;p=61985"},"modified":"2025-11-05T09:43:54","modified_gmt":"2025-11-05T09:43:54","slug":"agriculture-ecologique-et-technologies-numeriques","status":"publish","type":"product","link":"https:\/\/www.istegroup.com\/fr\/produit\/agriculture-ecologique-et-technologies-numeriques\/","title":{"rendered":"Agriculture \u00e9cologique et technologies num\u00e9riques"},"content":{"rendered":"<p>Le d\u00e9veloppement des technologies num\u00e9riques est souvent pr\u00e9sent\u00e9 comme une r\u00e9ponse aux enjeux actuels de l\u2019agriculture, promettant \u00e0 la fois un avenir meilleur pour les agriculteurs et les agricultrices, et des b\u00e9n\u00e9fices pour la soci\u00e9t\u00e9 dans son ensemble. L\u2019agriculture num\u00e9rique r\u00e9soudrait enfin l\u2019\u00e9quation entre nourrir la population et respecter l\u2019environnement. Elle mobilise \u00e0 ce titre d\u2019importantes ressources publiques et priv\u00e9es. Pourtant, ses effets font l\u2019objet de vives controverses.<\/p>\n<p><em>Agriculture \u00e9cologique et technologies num\u00e9riques<\/em> analyse la mani\u00e8re dont le num\u00e9rique s\u2019int\u00e8gre dans les diff\u00e9rentes trajectoires d\u2019\u00e9cologisation de l\u2019agriculture et les influence. Il explore les repr\u00e9sentations, les usages et les transformations de pratiques que son d\u00e9ploiement engendre. Il montre que la digitalisation actuelle entre fr\u00e9quemment en tension avec une \u00e9cologisation forte de l\u2019agriculture, qu\u2019il s\u2019agisse des techniques, des objectifs, des logiques de raisonnement, des temporalit\u00e9s ou encore des enjeux politiques et sociaux.<\/p>\n<p>Des formes d\u2019hybridation apparaissent toutefois possibles, que ce soit avec des mod\u00e8les d\u2019\u00e9cologisation industrielle ou dans le cadre d\u2019une transformation plus globale de la digitalisation, repensant ses mod\u00e8les techniques, \u00e9conomiques et politiques.<\/p>\n","protected":false},"excerpt":{"rendered":"<p>Le d\u00e9veloppement des technologies num\u00e9riques est souvent pr\u00e9sent\u00e9 comme une r\u00e9ponse aux enjeux actuels de l\u2019agriculture, promettant \u00e0 la fois un avenir meilleur pour les agriculteurs et les agricultrices, et des b\u00e9n\u00e9fices pour la soci\u00e9t\u00e9 dans son ensemble. L\u2019agriculture num\u00e9rique r\u00e9soudrait enfin l\u2019\u00e9quation entre nourrir la population et respecter l\u2019environnement. Elle mobilise \u00e0 ce titre [&hellip;]<\/p>\n","protected":false},"featured_media":62158,"template":"","meta":{"_acf_changed":false,"_links_to":"","_links_to_target":""},"product_brand":[],"product_cat":[720],"product_tag":[],"class_list":{"0":"post-61985","1":"product","2":"type-product","3":"status-publish","4":"has-post-thumbnail","6":"product_cat-srie-smart-innovation-58568196","8":"first","9":"instock","10":"shipping-taxable","11":"purchasable","12":"product-type-variable"},"acf":[],"yoast_head":"<!-- This site is optimized with the Yoast SEO plugin v27.2 - https:\/\/yoast.com\/product\/yoast-seo-wordpress\/ -->\n<title>Agriculture \u00e9cologique et technologies num\u00e9riques - ISTE Group<\/title>\n<meta name=\"description\" content=\"Agriculture \u00e9cologique et technologies num\u00e9riques analyse la mani\u00e8re dont le num\u00e9rique s\u2019int\u00e8gre dans les diff\u00e9rentes trajectoires d\u2019\u00e9cologisation de l\u2019agriculture et les influence. Il explore les repr\u00e9sentations, les usages et les transformations de pratiques que son d\u00e9ploiement engendre.\" \/>\n<meta name=\"robots\" content=\"index, follow, max-snippet:-1, max-image-preview:large, max-video-preview:-1\" \/>\n<link rel=\"canonical\" href=\"https:\/\/www.istegroup.com\/produit\/agriculture-ecologique-et-technologies-numeriques\/\" \/>\n<meta property=\"og:locale\" content=\"fr_FR\" \/>\n<meta property=\"og:type\" content=\"article\" \/>\n<meta property=\"og:title\" content=\"Agriculture \u00e9cologique et technologies num\u00e9riques - ISTE Group\" \/>\n<meta property=\"og:description\" content=\"Agriculture \u00e9cologique et technologies num\u00e9riques analyse la mani\u00e8re dont le num\u00e9rique s\u2019int\u00e8gre dans les diff\u00e9rentes trajectoires d\u2019\u00e9cologisation de l\u2019agriculture et les influence. Il explore les repr\u00e9sentations, les usages et les transformations de pratiques que son d\u00e9ploiement engendre.\" \/>\n<meta property=\"og:url\" content=\"https:\/\/www.istegroup.com\/produit\/agriculture-ecologique-et-technologies-numeriques\/\" \/>\n<meta property=\"og:site_name\" content=\"ISTE Group\" \/>\n<meta property=\"article:modified_time\" content=\"2025-11-05T09:43:54+00:00\" \/>\n<meta property=\"og:image\" content=\"https:\/\/www.istegroup.com\/wp-content\/uploads\/2025\/10\/Agriculture-ecologique-et-technologies-numeriques_honoris.jpg\" \/>\n\t<meta property=\"og:image:width\" content=\"350\" \/>\n\t<meta property=\"og:image:height\" content=\"527\" \/>\n\t<meta property=\"og:image:type\" content=\"image\/jpeg\" \/>\n<meta name=\"twitter:card\" content=\"summary_large_image\" \/>\n<meta name=\"twitter:label1\" content=\"Est. reading time\" \/>\n\t<meta name=\"twitter:data1\" content=\"2 minutes\" \/>\n<script type=\"application\/ld+json\" class=\"yoast-schema-graph\">{\"@context\":\"https:\/\/schema.org\",\"@graph\":[{\"@type\":\"WebPage\",\"@id\":\"https:\/\/www.istegroup.com\/produit\/agriculture-ecologique-et-technologies-numeriques\/\",\"url\":\"https:\/\/www.istegroup.com\/produit\/agriculture-ecologique-et-technologies-numeriques\/\",\"name\":\"Agriculture \u00e9cologique et technologies num\u00e9riques - ISTE Group\",\"isPartOf\":{\"@id\":\"https:\/\/www.istegroup.com\/#website\"},\"primaryImageOfPage\":{\"@id\":\"https:\/\/www.istegroup.com\/produit\/agriculture-ecologique-et-technologies-numeriques\/#primaryimage\"},\"image\":{\"@id\":\"https:\/\/www.istegroup.com\/produit\/agriculture-ecologique-et-technologies-numeriques\/#primaryimage\"},\"thumbnailUrl\":\"https:\/\/www.istegroup.com\/wp-content\/uploads\/2025\/10\/Agriculture-ecologique-et-technologies-numeriques_honoris.jpg\",\"datePublished\":\"2025-10-24T12:39:22+00:00\",\"dateModified\":\"2025-11-05T09:43:54+00:00\",\"description\":\"Agriculture \u00e9cologique et technologies num\u00e9riques analyse la mani\u00e8re dont le num\u00e9rique s\u2019int\u00e8gre dans les diff\u00e9rentes trajectoires d\u2019\u00e9cologisation de l\u2019agriculture et les influence. Il explore les repr\u00e9sentations, les usages et les transformations de pratiques que son d\u00e9ploiement engendre.\",\"breadcrumb\":{\"@id\":\"https:\/\/www.istegroup.com\/produit\/agriculture-ecologique-et-technologies-numeriques\/#breadcrumb\"},\"inLanguage\":\"fr-FR\",\"potentialAction\":[{\"@type\":\"ReadAction\",\"target\":[\"https:\/\/www.istegroup.com\/produit\/agriculture-ecologique-et-technologies-numeriques\/\"]}]},{\"@type\":\"ImageObject\",\"inLanguage\":\"fr-FR\",\"@id\":\"https:\/\/www.istegroup.com\/produit\/agriculture-ecologique-et-technologies-numeriques\/#primaryimage\",\"url\":\"https:\/\/www.istegroup.com\/wp-content\/uploads\/2025\/10\/Agriculture-ecologique-et-technologies-numeriques_honoris.jpg\",\"contentUrl\":\"https:\/\/www.istegroup.com\/wp-content\/uploads\/2025\/10\/Agriculture-ecologique-et-technologies-numeriques_honoris.jpg\",\"width\":350,\"height\":527},{\"@type\":\"BreadcrumbList\",\"@id\":\"https:\/\/www.istegroup.com\/produit\/agriculture-ecologique-et-technologies-numeriques\/#breadcrumb\",\"itemListElement\":[{\"@type\":\"ListItem\",\"position\":1,\"name\":\"Home\",\"item\":\"https:\/\/www.istegroup.com\/\"},{\"@type\":\"ListItem\",\"position\":2,\"name\":\"Shop\",\"item\":\"https:\/\/www.istegroup.com\/fr\/nouveautes\/\"},{\"@type\":\"ListItem\",\"position\":3,\"name\":\"Agriculture \u00e9cologique et technologies num\u00e9riques\"}]},{\"@type\":\"WebSite\",\"@id\":\"https:\/\/www.istegroup.com\/#website\",\"url\":\"https:\/\/www.istegroup.com\/\",\"name\":\"ISTE Group\",\"description\":\"\u00c9diteur des Sciences\",\"potentialAction\":[{\"@type\":\"SearchAction\",\"target\":{\"@type\":\"EntryPoint\",\"urlTemplate\":\"https:\/\/www.istegroup.com\/?s={search_term_string}\"},\"query-input\":{\"@type\":\"PropertyValueSpecification\",\"valueRequired\":true,\"valueName\":\"search_term_string\"}}],\"inLanguage\":\"fr-FR\"}]}<\/script>\n<!-- \/ Yoast SEO plugin. -->","yoast_head_json":{"title":"Agriculture \u00e9cologique et technologies num\u00e9riques - ISTE Group","description":"Agriculture \u00e9cologique et technologies num\u00e9riques analyse la mani\u00e8re dont le num\u00e9rique s\u2019int\u00e8gre dans les diff\u00e9rentes trajectoires d\u2019\u00e9cologisation de l\u2019agriculture et les influence. Il explore les repr\u00e9sentations, les usages et les transformations de pratiques que son d\u00e9ploiement engendre.","robots":{"index":"index","follow":"follow","max-snippet":"max-snippet:-1","max-image-preview":"max-image-preview:large","max-video-preview":"max-video-preview:-1"},"canonical":"https:\/\/www.istegroup.com\/produit\/agriculture-ecologique-et-technologies-numeriques\/","og_locale":"fr_FR","og_type":"article","og_title":"Agriculture \u00e9cologique et technologies num\u00e9riques - ISTE Group","og_description":"Agriculture \u00e9cologique et technologies num\u00e9riques analyse la mani\u00e8re dont le num\u00e9rique s\u2019int\u00e8gre dans les diff\u00e9rentes trajectoires d\u2019\u00e9cologisation de l\u2019agriculture et les influence. Il explore les repr\u00e9sentations, les usages et les transformations de pratiques que son d\u00e9ploiement engendre.","og_url":"https:\/\/www.istegroup.com\/produit\/agriculture-ecologique-et-technologies-numeriques\/","og_site_name":"ISTE Group","article_modified_time":"2025-11-05T09:43:54+00:00","og_image":[{"width":350,"height":527,"url":"https:\/\/www.istegroup.com\/wp-content\/uploads\/2025\/10\/Agriculture-ecologique-et-technologies-numeriques_honoris.jpg","type":"image\/jpeg"}],"twitter_card":"summary_large_image","twitter_misc":{"Est. reading time":"2 minutes"},"schema":{"@context":"https:\/\/schema.org","@graph":[{"@type":"WebPage","@id":"https:\/\/www.istegroup.com\/produit\/agriculture-ecologique-et-technologies-numeriques\/","url":"https:\/\/www.istegroup.com\/produit\/agriculture-ecologique-et-technologies-numeriques\/","name":"Agriculture \u00e9cologique et technologies num\u00e9riques - ISTE Group","isPartOf":{"@id":"https:\/\/www.istegroup.com\/#website"},"primaryImageOfPage":{"@id":"https:\/\/www.istegroup.com\/produit\/agriculture-ecologique-et-technologies-numeriques\/#primaryimage"},"image":{"@id":"https:\/\/www.istegroup.com\/produit\/agriculture-ecologique-et-technologies-numeriques\/#primaryimage"},"thumbnailUrl":"https:\/\/www.istegroup.com\/wp-content\/uploads\/2025\/10\/Agriculture-ecologique-et-technologies-numeriques_honoris.jpg","datePublished":"2025-10-24T12:39:22+00:00","dateModified":"2025-11-05T09:43:54+00:00","description":"Agriculture \u00e9cologique et technologies num\u00e9riques analyse la mani\u00e8re dont le num\u00e9rique s\u2019int\u00e8gre dans les diff\u00e9rentes trajectoires d\u2019\u00e9cologisation de l\u2019agriculture et les influence. Il explore les repr\u00e9sentations, les usages et les transformations de pratiques que son d\u00e9ploiement engendre.","breadcrumb":{"@id":"https:\/\/www.istegroup.com\/produit\/agriculture-ecologique-et-technologies-numeriques\/#breadcrumb"},"inLanguage":"fr-FR","potentialAction":[{"@type":"ReadAction","target":["https:\/\/www.istegroup.com\/produit\/agriculture-ecologique-et-technologies-numeriques\/"]}]},{"@type":"ImageObject","inLanguage":"fr-FR","@id":"https:\/\/www.istegroup.com\/produit\/agriculture-ecologique-et-technologies-numeriques\/#primaryimage","url":"https:\/\/www.istegroup.com\/wp-content\/uploads\/2025\/10\/Agriculture-ecologique-et-technologies-numeriques_honoris.jpg","contentUrl":"https:\/\/www.istegroup.com\/wp-content\/uploads\/2025\/10\/Agriculture-ecologique-et-technologies-numeriques_honoris.jpg","width":350,"height":527},{"@type":"BreadcrumbList","@id":"https:\/\/www.istegroup.com\/produit\/agriculture-ecologique-et-technologies-numeriques\/#breadcrumb","itemListElement":[{"@type":"ListItem","position":1,"name":"Home","item":"https:\/\/www.istegroup.com\/"},{"@type":"ListItem","position":2,"name":"Shop","item":"https:\/\/www.istegroup.com\/fr\/nouveautes\/"},{"@type":"ListItem","position":3,"name":"Agriculture \u00e9cologique et technologies num\u00e9riques"}]},{"@type":"WebSite","@id":"https:\/\/www.istegroup.com\/#website","url":"https:\/\/www.istegroup.com\/","name":"ISTE Group","description":"\u00c9diteur des Sciences","potentialAction":[{"@type":"SearchAction","target":{"@type":"EntryPoint","urlTemplate":"https:\/\/www.istegroup.com\/?s={search_term_string}"},"query-input":{"@type":"PropertyValueSpecification","valueRequired":true,"valueName":"search_term_string"}}],"inLanguage":"fr-FR"}]}},"_links":{"self":[{"href":"https:\/\/www.istegroup.com\/fr\/wp-json\/wp\/v2\/product\/61985","targetHints":{"allow":["GET"]}}],"collection":[{"href":"https:\/\/www.istegroup.com\/fr\/wp-json\/wp\/v2\/product"}],"about":[{"href":"https:\/\/www.istegroup.com\/fr\/wp-json\/wp\/v2\/types\/product"}],"wp:featuredmedia":[{"embeddable":true,"href":"https:\/\/www.istegroup.com\/fr\/wp-json\/wp\/v2\/media\/62158"}],"wp:attachment":[{"href":"https:\/\/www.istegroup.com\/fr\/wp-json\/wp\/v2\/media?parent=61985"}],"wp:term":[{"taxonomy":"product_brand","embeddable":true,"href":"https:\/\/www.istegroup.com\/fr\/wp-json\/wp\/v2\/product_brand?post=61985"},{"taxonomy":"product_cat","embeddable":true,"href":"https:\/\/www.istegroup.com\/fr\/wp-json\/wp\/v2\/product_cat?post=61985"},{"taxonomy":"product_tag","embeddable":true,"href":"https:\/\/www.istegroup.com\/fr\/wp-json\/wp\/v2\/product_tag?post=61985"}],"curies":[{"name":"wp","href":"https:\/\/api.w.org\/{rel}","templated":true}]}}