{"id":61898,"date":"2025-10-16T09:42:24","date_gmt":"2025-10-16T08:42:24","guid":{"rendered":"https:\/\/www.istegroup.com\/?post_type=product&#038;p=61898"},"modified":"2025-10-16T09:43:37","modified_gmt":"2025-10-16T08:43:37","slug":"h2ptm25","status":"publish","type":"product","link":"https:\/\/www.istegroup.com\/fr\/produit\/h2ptm25\/","title":{"rendered":"H2PTM\u201925"},"content":{"rendered":"<p>Hyperm\u00e9dias et communs num\u00e9riques est le th\u00e8me invit\u00e9 de la 18e \u00e9dition de la conf\u00e9rence H2PTM. Dans la continuit\u00e9 des pr\u00e9c\u00e9dentes \u00e9ditions, H2PTM\u201925 poursuit la valorisation des recherches pluridisciplinaires sur les hypertextes et les hyperm\u00e9dias, dont les applications se d\u00e9ploient dans des domaines vari\u00e9s : sciences humaines et sociales, informatique, s\u00e9miotique, art, sciences cognitives. Chaque \u00e9dition met en lumi\u00e8re un th\u00e8me d\u2019actualit\u00e9 afin d\u2019enrichir les d\u00e9bats scientifiques.<\/p>\n<p>Cette ann\u00e9e, en plus des th\u00e9matiques historiques de la conf\u00e9rence, l\u2019accent est mis sur les liens entre hyperm\u00e9dias et communs num\u00e9riques, dont l\u2019importance ne cesse de cro\u00eetre dans un contexte marqu\u00e9 par l\u2019\u00e9mergence de l\u2019intelligence artificielle g\u00e9n\u00e9rative et le d\u00e9veloppement des pratiques collaboratives. <em>H2PTM\u201925<\/em> interroge ainsi les dispositifs, outils, m\u00e9thodes, usages, donn\u00e9es, traces, ainsi que les acteurs humains et non-humains qui participent \u00e0 la cr\u00e9ation de ces communs num\u00e9riques.<\/p>\n<p>Cet ouvrage regroupe l\u2019ensemble des communications s\u00e9lectionn\u00e9es par le comit\u00e9 scientifique de la conf\u00e9rence et pr\u00e9sent\u00e9es \u00e0 Metz, \u00e0 l\u2019Universit\u00e9 de Lorraine, les 15, 16 et 17 octobre 2025.<\/p>\n","protected":false},"excerpt":{"rendered":"<p>Hyperm\u00e9dias et communs num\u00e9riques est le th\u00e8me invit\u00e9 de la 18e \u00e9dition de la conf\u00e9rence H2PTM. Dans la continuit\u00e9 des pr\u00e9c\u00e9dentes \u00e9ditions, H2PTM\u201925 poursuit la valorisation des recherches pluridisciplinaires sur les hypertextes et les hyperm\u00e9dias, dont les applications se d\u00e9ploient dans des domaines vari\u00e9s : sciences humaines et sociales, informatique, s\u00e9miotique, art, sciences cognitives. Chaque [&hellip;]<\/p>\n","protected":false},"featured_media":61904,"template":"","meta":{"_acf_changed":false,"_links_to":"","_links_to_target":""},"product_brand":[],"product_cat":[707],"product_tag":[],"class_list":{"0":"post-61898","1":"product","2":"type-product","3":"status-publish","4":"has-post-thumbnail","6":"product_cat-systmes-dinformation-web-et-socit-12506570","8":"first","9":"instock","10":"shipping-taxable","11":"purchasable","12":"product-type-variable"},"acf":[],"yoast_head":"<!-- This site is optimized with the Yoast SEO plugin v27.2 - https:\/\/yoast.com\/product\/yoast-seo-wordpress\/ -->\n<title>H2PTM\u201925 - ISTE Group<\/title>\n<meta name=\"description\" content=\"H2PTM\u201925 interroge ainsi les dispositifs, outils, m\u00e9thodes, usages, donn\u00e9es, traces, ainsi que les acteurs humains et non-humains qui participent \u00e0 la cr\u00e9ation de ces communs num\u00e9riques.\" \/>\n<meta name=\"robots\" content=\"index, follow, max-snippet:-1, max-image-preview:large, max-video-preview:-1\" \/>\n<link rel=\"canonical\" href=\"https:\/\/www.istegroup.com\/produit\/h2ptm25\/\" \/>\n<meta property=\"og:locale\" content=\"fr_FR\" \/>\n<meta property=\"og:type\" content=\"article\" \/>\n<meta property=\"og:title\" content=\"H2PTM\u201925 - ISTE Group\" \/>\n<meta property=\"og:description\" content=\"H2PTM\u201925 interroge ainsi les dispositifs, outils, m\u00e9thodes, usages, donn\u00e9es, traces, ainsi que les acteurs humains et non-humains qui participent \u00e0 la cr\u00e9ation de ces communs num\u00e9riques.\" \/>\n<meta property=\"og:url\" content=\"https:\/\/www.istegroup.com\/produit\/h2ptm25\/\" \/>\n<meta property=\"og:site_name\" content=\"ISTE Group\" \/>\n<meta property=\"article:modified_time\" content=\"2025-10-16T08:43:37+00:00\" \/>\n<meta property=\"og:image\" content=\"https:\/\/www.istegroup.com\/wp-content\/uploads\/2025\/10\/062_H2PTM-2025.jpg\" \/>\n\t<meta property=\"og:image:width\" content=\"607\" \/>\n\t<meta property=\"og:image:height\" content=\"912\" \/>\n\t<meta property=\"og:image:type\" content=\"image\/jpeg\" \/>\n<meta name=\"twitter:card\" content=\"summary_large_image\" \/>\n<meta name=\"twitter:label1\" content=\"Est. reading time\" \/>\n\t<meta name=\"twitter:data1\" content=\"2 minutes\" \/>\n<script type=\"application\/ld+json\" class=\"yoast-schema-graph\">{\"@context\":\"https:\/\/schema.org\",\"@graph\":[{\"@type\":\"WebPage\",\"@id\":\"https:\/\/www.istegroup.com\/produit\/h2ptm25\/\",\"url\":\"https:\/\/www.istegroup.com\/produit\/h2ptm25\/\",\"name\":\"H2PTM\u201925 - ISTE Group\",\"isPartOf\":{\"@id\":\"https:\/\/www.istegroup.com\/#website\"},\"primaryImageOfPage\":{\"@id\":\"https:\/\/www.istegroup.com\/produit\/h2ptm25\/#primaryimage\"},\"image\":{\"@id\":\"https:\/\/www.istegroup.com\/produit\/h2ptm25\/#primaryimage\"},\"thumbnailUrl\":\"https:\/\/www.istegroup.com\/wp-content\/uploads\/2025\/10\/062_H2PTM-2025.jpg\",\"datePublished\":\"2025-10-16T08:42:24+00:00\",\"dateModified\":\"2025-10-16T08:43:37+00:00\",\"description\":\"H2PTM\u201925 interroge ainsi les dispositifs, outils, m\u00e9thodes, usages, donn\u00e9es, traces, ainsi que les acteurs humains et non-humains qui participent \u00e0 la cr\u00e9ation de ces communs num\u00e9riques.\",\"breadcrumb\":{\"@id\":\"https:\/\/www.istegroup.com\/produit\/h2ptm25\/#breadcrumb\"},\"inLanguage\":\"fr-FR\",\"potentialAction\":[{\"@type\":\"ReadAction\",\"target\":[\"https:\/\/www.istegroup.com\/produit\/h2ptm25\/\"]}]},{\"@type\":\"ImageObject\",\"inLanguage\":\"fr-FR\",\"@id\":\"https:\/\/www.istegroup.com\/produit\/h2ptm25\/#primaryimage\",\"url\":\"https:\/\/www.istegroup.com\/wp-content\/uploads\/2025\/10\/062_H2PTM-2025.jpg\",\"contentUrl\":\"https:\/\/www.istegroup.com\/wp-content\/uploads\/2025\/10\/062_H2PTM-2025.jpg\",\"width\":607,\"height\":912},{\"@type\":\"BreadcrumbList\",\"@id\":\"https:\/\/www.istegroup.com\/produit\/h2ptm25\/#breadcrumb\",\"itemListElement\":[{\"@type\":\"ListItem\",\"position\":1,\"name\":\"Home\",\"item\":\"https:\/\/www.istegroup.com\/\"},{\"@type\":\"ListItem\",\"position\":2,\"name\":\"Shop\",\"item\":\"https:\/\/www.istegroup.com\/fr\/nouveautes\/\"},{\"@type\":\"ListItem\",\"position\":3,\"name\":\"H2PTM\u201925\"}]},{\"@type\":\"WebSite\",\"@id\":\"https:\/\/www.istegroup.com\/#website\",\"url\":\"https:\/\/www.istegroup.com\/\",\"name\":\"ISTE Group\",\"description\":\"\u00c9diteur des Sciences\",\"potentialAction\":[{\"@type\":\"SearchAction\",\"target\":{\"@type\":\"EntryPoint\",\"urlTemplate\":\"https:\/\/www.istegroup.com\/?s={search_term_string}\"},\"query-input\":{\"@type\":\"PropertyValueSpecification\",\"valueRequired\":true,\"valueName\":\"search_term_string\"}}],\"inLanguage\":\"fr-FR\"}]}<\/script>\n<!-- \/ Yoast SEO plugin. -->","yoast_head_json":{"title":"H2PTM\u201925 - ISTE Group","description":"H2PTM\u201925 interroge ainsi les dispositifs, outils, m\u00e9thodes, usages, donn\u00e9es, traces, ainsi que les acteurs humains et non-humains qui participent \u00e0 la cr\u00e9ation de ces communs num\u00e9riques.","robots":{"index":"index","follow":"follow","max-snippet":"max-snippet:-1","max-image-preview":"max-image-preview:large","max-video-preview":"max-video-preview:-1"},"canonical":"https:\/\/www.istegroup.com\/produit\/h2ptm25\/","og_locale":"fr_FR","og_type":"article","og_title":"H2PTM\u201925 - ISTE Group","og_description":"H2PTM\u201925 interroge ainsi les dispositifs, outils, m\u00e9thodes, usages, donn\u00e9es, traces, ainsi que les acteurs humains et non-humains qui participent \u00e0 la cr\u00e9ation de ces communs num\u00e9riques.","og_url":"https:\/\/www.istegroup.com\/produit\/h2ptm25\/","og_site_name":"ISTE Group","article_modified_time":"2025-10-16T08:43:37+00:00","og_image":[{"width":607,"height":912,"url":"https:\/\/www.istegroup.com\/wp-content\/uploads\/2025\/10\/062_H2PTM-2025.jpg","type":"image\/jpeg"}],"twitter_card":"summary_large_image","twitter_misc":{"Est. reading time":"2 minutes"},"schema":{"@context":"https:\/\/schema.org","@graph":[{"@type":"WebPage","@id":"https:\/\/www.istegroup.com\/produit\/h2ptm25\/","url":"https:\/\/www.istegroup.com\/produit\/h2ptm25\/","name":"H2PTM\u201925 - ISTE Group","isPartOf":{"@id":"https:\/\/www.istegroup.com\/#website"},"primaryImageOfPage":{"@id":"https:\/\/www.istegroup.com\/produit\/h2ptm25\/#primaryimage"},"image":{"@id":"https:\/\/www.istegroup.com\/produit\/h2ptm25\/#primaryimage"},"thumbnailUrl":"https:\/\/www.istegroup.com\/wp-content\/uploads\/2025\/10\/062_H2PTM-2025.jpg","datePublished":"2025-10-16T08:42:24+00:00","dateModified":"2025-10-16T08:43:37+00:00","description":"H2PTM\u201925 interroge ainsi les dispositifs, outils, m\u00e9thodes, usages, donn\u00e9es, traces, ainsi que les acteurs humains et non-humains qui participent \u00e0 la cr\u00e9ation de ces communs num\u00e9riques.","breadcrumb":{"@id":"https:\/\/www.istegroup.com\/produit\/h2ptm25\/#breadcrumb"},"inLanguage":"fr-FR","potentialAction":[{"@type":"ReadAction","target":["https:\/\/www.istegroup.com\/produit\/h2ptm25\/"]}]},{"@type":"ImageObject","inLanguage":"fr-FR","@id":"https:\/\/www.istegroup.com\/produit\/h2ptm25\/#primaryimage","url":"https:\/\/www.istegroup.com\/wp-content\/uploads\/2025\/10\/062_H2PTM-2025.jpg","contentUrl":"https:\/\/www.istegroup.com\/wp-content\/uploads\/2025\/10\/062_H2PTM-2025.jpg","width":607,"height":912},{"@type":"BreadcrumbList","@id":"https:\/\/www.istegroup.com\/produit\/h2ptm25\/#breadcrumb","itemListElement":[{"@type":"ListItem","position":1,"name":"Home","item":"https:\/\/www.istegroup.com\/"},{"@type":"ListItem","position":2,"name":"Shop","item":"https:\/\/www.istegroup.com\/fr\/nouveautes\/"},{"@type":"ListItem","position":3,"name":"H2PTM\u201925"}]},{"@type":"WebSite","@id":"https:\/\/www.istegroup.com\/#website","url":"https:\/\/www.istegroup.com\/","name":"ISTE Group","description":"\u00c9diteur des Sciences","potentialAction":[{"@type":"SearchAction","target":{"@type":"EntryPoint","urlTemplate":"https:\/\/www.istegroup.com\/?s={search_term_string}"},"query-input":{"@type":"PropertyValueSpecification","valueRequired":true,"valueName":"search_term_string"}}],"inLanguage":"fr-FR"}]}},"_links":{"self":[{"href":"https:\/\/www.istegroup.com\/fr\/wp-json\/wp\/v2\/product\/61898","targetHints":{"allow":["GET"]}}],"collection":[{"href":"https:\/\/www.istegroup.com\/fr\/wp-json\/wp\/v2\/product"}],"about":[{"href":"https:\/\/www.istegroup.com\/fr\/wp-json\/wp\/v2\/types\/product"}],"wp:featuredmedia":[{"embeddable":true,"href":"https:\/\/www.istegroup.com\/fr\/wp-json\/wp\/v2\/media\/61904"}],"wp:attachment":[{"href":"https:\/\/www.istegroup.com\/fr\/wp-json\/wp\/v2\/media?parent=61898"}],"wp:term":[{"taxonomy":"product_brand","embeddable":true,"href":"https:\/\/www.istegroup.com\/fr\/wp-json\/wp\/v2\/product_brand?post=61898"},{"taxonomy":"product_cat","embeddable":true,"href":"https:\/\/www.istegroup.com\/fr\/wp-json\/wp\/v2\/product_cat?post=61898"},{"taxonomy":"product_tag","embeddable":true,"href":"https:\/\/www.istegroup.com\/fr\/wp-json\/wp\/v2\/product_tag?post=61898"}],"curies":[{"name":"wp","href":"https:\/\/api.w.org\/{rel}","templated":true}]}}