{"id":61685,"date":"2025-10-03T12:29:56","date_gmt":"2025-10-03T11:29:56","guid":{"rendered":"https:\/\/www.istegroup.com\/?post_type=product&#038;p=61685"},"modified":"2026-02-23T10:20:46","modified_gmt":"2026-02-23T10:20:46","slug":"la-memorisation-dans-les-ordinateurs-2","status":"publish","type":"product","link":"https:\/\/www.istegroup.com\/fr\/produit\/la-memorisation-dans-les-ordinateurs-2\/","title":{"rendered":"La m\u00e9morisation dans les ordinateurs 2"},"content":{"rendered":"<p>La m\u00e9morisation, seconde fonction de l\u2019ordinateur, s\u2019est progressivement complexifi\u00e9e afin de r\u00e9pondre \u00e0 des besoins croissants en capacit\u00e9, rapidit\u00e9, s\u00e9curit\u00e9 et efficacit\u00e9 \u00e9nerg\u00e9tique. Elle se mat\u00e9rialise sous la forme d\u2019un composant ou d\u2019un syst\u00e8me, tel qu\u2019un sous-ensemble de m\u00e9moires ou un p\u00e9riph\u00e9rique de m\u00e9moire de masse.<\/p>\n<p>Depuis plusieurs d\u00e9cennies, une tendance forte consiste \u00e0 l\u2019int\u00e9grer directement au processeur, sous le terme de m\u00e9moire embarqu\u00e9e, dont la m\u00e9moire cache constitue un exemple typique. Comprendre ses m\u00e9canismes internes et son interfa\u00e7age est essentiel pour ma\u00eetriser le fonctionnement d\u2019un ordinateur et le programmer efficacement.<\/p>\n<p><em>La m\u00e9morisation dans les ordinateurs 2<\/em> porte sur la cellule de m\u00e9morisation statique et sur le composant qui lui est associ\u00e9, d\u00e9sign\u00e9 sous le nom de m\u00e9moire vive statique. La premi\u00e8re partie pr\u00e9sente les principales caract\u00e9ristiques temporelles d\u2019une m\u00e9moire g\u00e9n\u00e9rique \u00e0 acc\u00e8s al\u00e9atoire, ainsi que ses propri\u00e9t\u00e9s \u00e9lectriques et m\u00e9caniques, incluant notamment les aspects li\u00e9s \u00e0 l\u2019encapsulation. La seconde partie s\u2019attache \u00e0 l\u2019\u00e9tude de la premi\u00e8re cat\u00e9gorie de m\u00e9moires vives \u00e0 semiconducteurs \u00e0 acc\u00e8s al\u00e9atoire : la m\u00e9moire statique asynchrone, couramment d\u00e9sign\u00e9e par l\u2019acronyme SRAM (<em>Static Random Access Memory<\/em>). L\u2019ouvrage d\u00e9taille ses caract\u00e9ristiques temporelles, \u00e9lectriques et m\u00e9caniques, offrant ainsi une compr\u00e9hension approfondie de son fonctionnement et de ses sp\u00e9cificit\u00e9s techniques.<\/p>\n","protected":false},"excerpt":{"rendered":"<p>La m\u00e9morisation, seconde fonction de l\u2019ordinateur, s\u2019est progressivement complexifi\u00e9e afin de r\u00e9pondre \u00e0 des besoins croissants en capacit\u00e9, rapidit\u00e9, s\u00e9curit\u00e9 et efficacit\u00e9 \u00e9nerg\u00e9tique. Elle se mat\u00e9rialise sous la forme d\u2019un composant ou d\u2019un syst\u00e8me, tel qu\u2019un sous-ensemble de m\u00e9moires ou un p\u00e9riph\u00e9rique de m\u00e9moire de masse. Depuis plusieurs d\u00e9cennies, une tendance forte consiste \u00e0 l\u2019int\u00e9grer [&hellip;]<\/p>\n","protected":false},"featured_media":61691,"template":"","meta":{"_acf_changed":false,"_links_to":"","_links_to_target":""},"product_brand":[],"product_cat":[667],"product_tag":[],"class_list":{"0":"post-61685","1":"product","2":"type-product","3":"status-publish","4":"has-post-thumbnail","6":"product_cat-informatique-12506482","8":"first","9":"instock","10":"shipping-taxable","11":"purchasable","12":"product-type-variable"},"acf":[],"yoast_head":"<!-- This site is optimized with the Yoast SEO plugin v27.2 - https:\/\/yoast.com\/product\/yoast-seo-wordpress\/ -->\n<title>La m\u00e9morisation dans les ordinateurs 2 - ISTE Group<\/title>\n<meta name=\"description\" content=\"La m\u00e9morisation dans les ordinateurs 2 porte sur la cellule de m\u00e9morisation statique et sur le composant qui lui est associ\u00e9, d\u00e9sign\u00e9 sous le nom de m\u00e9moire vive statique.\" \/>\n<meta name=\"robots\" content=\"index, follow, max-snippet:-1, max-image-preview:large, max-video-preview:-1\" \/>\n<link rel=\"canonical\" href=\"https:\/\/www.istegroup.com\/produit\/la-memorisation-dans-les-ordinateurs-2\/\" \/>\n<meta property=\"og:locale\" content=\"fr_FR\" \/>\n<meta property=\"og:type\" content=\"article\" \/>\n<meta property=\"og:title\" content=\"La m\u00e9morisation dans les ordinateurs 2 - ISTE Group\" \/>\n<meta property=\"og:description\" content=\"La m\u00e9morisation dans les ordinateurs 2 porte sur la cellule de m\u00e9morisation statique et sur le composant qui lui est associ\u00e9, d\u00e9sign\u00e9 sous le nom de m\u00e9moire vive statique.\" \/>\n<meta property=\"og:url\" content=\"https:\/\/www.istegroup.com\/produit\/la-memorisation-dans-les-ordinateurs-2\/\" \/>\n<meta property=\"og:site_name\" content=\"ISTE Group\" \/>\n<meta property=\"article:modified_time\" content=\"2026-02-23T10:20:46+00:00\" \/>\n<meta property=\"og:image\" content=\"https:\/\/www.istegroup.com\/wp-content\/uploads\/2025\/09\/La-memorisation-dans-les-ordinateurs-2.jpg\" \/>\n\t<meta property=\"og:image:width\" content=\"606\" \/>\n\t<meta property=\"og:image:height\" content=\"910\" \/>\n\t<meta property=\"og:image:type\" content=\"image\/jpeg\" \/>\n<meta name=\"twitter:card\" content=\"summary_large_image\" \/>\n<meta name=\"twitter:label1\" content=\"Est. reading time\" \/>\n\t<meta name=\"twitter:data1\" content=\"2 minutes\" \/>\n<script type=\"application\/ld+json\" class=\"yoast-schema-graph\">{\"@context\":\"https:\/\/schema.org\",\"@graph\":[{\"@type\":\"WebPage\",\"@id\":\"https:\/\/www.istegroup.com\/produit\/la-memorisation-dans-les-ordinateurs-2\/\",\"url\":\"https:\/\/www.istegroup.com\/produit\/la-memorisation-dans-les-ordinateurs-2\/\",\"name\":\"La m\u00e9morisation dans les ordinateurs 2 - ISTE Group\",\"isPartOf\":{\"@id\":\"https:\/\/www.istegroup.com\/#website\"},\"primaryImageOfPage\":{\"@id\":\"https:\/\/www.istegroup.com\/produit\/la-memorisation-dans-les-ordinateurs-2\/#primaryimage\"},\"image\":{\"@id\":\"https:\/\/www.istegroup.com\/produit\/la-memorisation-dans-les-ordinateurs-2\/#primaryimage\"},\"thumbnailUrl\":\"https:\/\/www.istegroup.com\/wp-content\/uploads\/2025\/09\/La-memorisation-dans-les-ordinateurs-2.jpg\",\"datePublished\":\"2025-10-03T11:29:56+00:00\",\"dateModified\":\"2026-02-23T10:20:46+00:00\",\"description\":\"La m\u00e9morisation dans les ordinateurs 2 porte sur la cellule de m\u00e9morisation statique et sur le composant qui lui est associ\u00e9, d\u00e9sign\u00e9 sous le nom de m\u00e9moire vive statique.\",\"breadcrumb\":{\"@id\":\"https:\/\/www.istegroup.com\/produit\/la-memorisation-dans-les-ordinateurs-2\/#breadcrumb\"},\"inLanguage\":\"fr-FR\",\"potentialAction\":[{\"@type\":\"ReadAction\",\"target\":[\"https:\/\/www.istegroup.com\/produit\/la-memorisation-dans-les-ordinateurs-2\/\"]}]},{\"@type\":\"ImageObject\",\"inLanguage\":\"fr-FR\",\"@id\":\"https:\/\/www.istegroup.com\/produit\/la-memorisation-dans-les-ordinateurs-2\/#primaryimage\",\"url\":\"https:\/\/www.istegroup.com\/wp-content\/uploads\/2025\/09\/La-memorisation-dans-les-ordinateurs-2.jpg\",\"contentUrl\":\"https:\/\/www.istegroup.com\/wp-content\/uploads\/2025\/09\/La-memorisation-dans-les-ordinateurs-2.jpg\",\"width\":606,\"height\":910},{\"@type\":\"BreadcrumbList\",\"@id\":\"https:\/\/www.istegroup.com\/produit\/la-memorisation-dans-les-ordinateurs-2\/#breadcrumb\",\"itemListElement\":[{\"@type\":\"ListItem\",\"position\":1,\"name\":\"Home\",\"item\":\"https:\/\/www.istegroup.com\/\"},{\"@type\":\"ListItem\",\"position\":2,\"name\":\"Shop\",\"item\":\"https:\/\/www.istegroup.com\/fr\/nouveautes\/\"},{\"@type\":\"ListItem\",\"position\":3,\"name\":\"La m\u00e9morisation dans les ordinateurs 2\"}]},{\"@type\":\"WebSite\",\"@id\":\"https:\/\/www.istegroup.com\/#website\",\"url\":\"https:\/\/www.istegroup.com\/\",\"name\":\"ISTE Group\",\"description\":\"\u00c9diteur des Sciences\",\"potentialAction\":[{\"@type\":\"SearchAction\",\"target\":{\"@type\":\"EntryPoint\",\"urlTemplate\":\"https:\/\/www.istegroup.com\/?s={search_term_string}\"},\"query-input\":{\"@type\":\"PropertyValueSpecification\",\"valueRequired\":true,\"valueName\":\"search_term_string\"}}],\"inLanguage\":\"fr-FR\"}]}<\/script>\n<!-- \/ Yoast SEO plugin. -->","yoast_head_json":{"title":"La m\u00e9morisation dans les ordinateurs 2 - ISTE Group","description":"La m\u00e9morisation dans les ordinateurs 2 porte sur la cellule de m\u00e9morisation statique et sur le composant qui lui est associ\u00e9, d\u00e9sign\u00e9 sous le nom de m\u00e9moire vive statique.","robots":{"index":"index","follow":"follow","max-snippet":"max-snippet:-1","max-image-preview":"max-image-preview:large","max-video-preview":"max-video-preview:-1"},"canonical":"https:\/\/www.istegroup.com\/produit\/la-memorisation-dans-les-ordinateurs-2\/","og_locale":"fr_FR","og_type":"article","og_title":"La m\u00e9morisation dans les ordinateurs 2 - ISTE Group","og_description":"La m\u00e9morisation dans les ordinateurs 2 porte sur la cellule de m\u00e9morisation statique et sur le composant qui lui est associ\u00e9, d\u00e9sign\u00e9 sous le nom de m\u00e9moire vive statique.","og_url":"https:\/\/www.istegroup.com\/produit\/la-memorisation-dans-les-ordinateurs-2\/","og_site_name":"ISTE Group","article_modified_time":"2026-02-23T10:20:46+00:00","og_image":[{"width":606,"height":910,"url":"https:\/\/www.istegroup.com\/wp-content\/uploads\/2025\/09\/La-memorisation-dans-les-ordinateurs-2.jpg","type":"image\/jpeg"}],"twitter_card":"summary_large_image","twitter_misc":{"Est. reading time":"2 minutes"},"schema":{"@context":"https:\/\/schema.org","@graph":[{"@type":"WebPage","@id":"https:\/\/www.istegroup.com\/produit\/la-memorisation-dans-les-ordinateurs-2\/","url":"https:\/\/www.istegroup.com\/produit\/la-memorisation-dans-les-ordinateurs-2\/","name":"La m\u00e9morisation dans les ordinateurs 2 - ISTE Group","isPartOf":{"@id":"https:\/\/www.istegroup.com\/#website"},"primaryImageOfPage":{"@id":"https:\/\/www.istegroup.com\/produit\/la-memorisation-dans-les-ordinateurs-2\/#primaryimage"},"image":{"@id":"https:\/\/www.istegroup.com\/produit\/la-memorisation-dans-les-ordinateurs-2\/#primaryimage"},"thumbnailUrl":"https:\/\/www.istegroup.com\/wp-content\/uploads\/2025\/09\/La-memorisation-dans-les-ordinateurs-2.jpg","datePublished":"2025-10-03T11:29:56+00:00","dateModified":"2026-02-23T10:20:46+00:00","description":"La m\u00e9morisation dans les ordinateurs 2 porte sur la cellule de m\u00e9morisation statique et sur le composant qui lui est associ\u00e9, d\u00e9sign\u00e9 sous le nom de m\u00e9moire vive statique.","breadcrumb":{"@id":"https:\/\/www.istegroup.com\/produit\/la-memorisation-dans-les-ordinateurs-2\/#breadcrumb"},"inLanguage":"fr-FR","potentialAction":[{"@type":"ReadAction","target":["https:\/\/www.istegroup.com\/produit\/la-memorisation-dans-les-ordinateurs-2\/"]}]},{"@type":"ImageObject","inLanguage":"fr-FR","@id":"https:\/\/www.istegroup.com\/produit\/la-memorisation-dans-les-ordinateurs-2\/#primaryimage","url":"https:\/\/www.istegroup.com\/wp-content\/uploads\/2025\/09\/La-memorisation-dans-les-ordinateurs-2.jpg","contentUrl":"https:\/\/www.istegroup.com\/wp-content\/uploads\/2025\/09\/La-memorisation-dans-les-ordinateurs-2.jpg","width":606,"height":910},{"@type":"BreadcrumbList","@id":"https:\/\/www.istegroup.com\/produit\/la-memorisation-dans-les-ordinateurs-2\/#breadcrumb","itemListElement":[{"@type":"ListItem","position":1,"name":"Home","item":"https:\/\/www.istegroup.com\/"},{"@type":"ListItem","position":2,"name":"Shop","item":"https:\/\/www.istegroup.com\/fr\/nouveautes\/"},{"@type":"ListItem","position":3,"name":"La m\u00e9morisation dans les ordinateurs 2"}]},{"@type":"WebSite","@id":"https:\/\/www.istegroup.com\/#website","url":"https:\/\/www.istegroup.com\/","name":"ISTE Group","description":"\u00c9diteur des Sciences","potentialAction":[{"@type":"SearchAction","target":{"@type":"EntryPoint","urlTemplate":"https:\/\/www.istegroup.com\/?s={search_term_string}"},"query-input":{"@type":"PropertyValueSpecification","valueRequired":true,"valueName":"search_term_string"}}],"inLanguage":"fr-FR"}]}},"_links":{"self":[{"href":"https:\/\/www.istegroup.com\/fr\/wp-json\/wp\/v2\/product\/61685","targetHints":{"allow":["GET"]}}],"collection":[{"href":"https:\/\/www.istegroup.com\/fr\/wp-json\/wp\/v2\/product"}],"about":[{"href":"https:\/\/www.istegroup.com\/fr\/wp-json\/wp\/v2\/types\/product"}],"wp:featuredmedia":[{"embeddable":true,"href":"https:\/\/www.istegroup.com\/fr\/wp-json\/wp\/v2\/media\/61691"}],"wp:attachment":[{"href":"https:\/\/www.istegroup.com\/fr\/wp-json\/wp\/v2\/media?parent=61685"}],"wp:term":[{"taxonomy":"product_brand","embeddable":true,"href":"https:\/\/www.istegroup.com\/fr\/wp-json\/wp\/v2\/product_brand?post=61685"},{"taxonomy":"product_cat","embeddable":true,"href":"https:\/\/www.istegroup.com\/fr\/wp-json\/wp\/v2\/product_cat?post=61685"},{"taxonomy":"product_tag","embeddable":true,"href":"https:\/\/www.istegroup.com\/fr\/wp-json\/wp\/v2\/product_tag?post=61685"}],"curies":[{"name":"wp","href":"https:\/\/api.w.org\/{rel}","templated":true}]}}