{"id":61636,"date":"2025-10-03T10:49:52","date_gmt":"2025-10-03T09:49:52","guid":{"rendered":"https:\/\/www.istegroup.com\/?post_type=product&#038;p=61636"},"modified":"2026-01-07T16:29:27","modified_gmt":"2026-01-07T16:29:27","slug":"nanosatellites-cubesats-de-lere-newspace-pour-lobservation-spatiale-2","status":"publish","type":"product","link":"https:\/\/www.istegroup.com\/fr\/produit\/nanosatellites-cubesats-de-lere-newspace-pour-lobservation-spatiale-2\/","title":{"rendered":"Nanosatellites, CubeSats de l\u2019\u00e8re NewSpace pour l\u2019observation spatiale 2"},"content":{"rendered":"<p>Le nanosatellite CubeSat embarque des instruments destin\u00e9s \u00e0 l\u2019observation et \u00e0 l\u2019\u00e9tude de l\u2019espace, int\u00e9gr\u00e9s dans une architecture m\u00e9canique supportant l\u2019\u00e9lectronique de commande et de communication. <em>Nanosatellites, CubeSats de l\u2019\u00e8re NewSpace pour l\u2019observation spatiale 2<\/em> pr\u00e9sente l\u2019ensemble du cycle de vie d\u2019un CubeSat, depuis la phase de conception jusqu\u2019\u00e0 celle de l\u2019exploitation en orbite. Ce syst\u00e8me m\u00e9catronique est optimis\u00e9 afin de garantir une robustesse et une fiabilit\u00e9 maximales en conditions op\u00e9rationnelles.<\/p>\n<p>Les couplages internes \u00e0 l\u2019architecture du satellite, ainsi que les interactions externes avec l\u2019environnement spatial \u2014 qu\u2019il s\u2019agisse de ph\u00e9nom\u00e8nes thermiques, vibratoires, \u00e9lectrom\u00e9caniques, thermom\u00e9caniques, \u00e9lectrothermo-m\u00e9caniques ou li\u00e9s \u00e0 la compatibilit\u00e9 \u00e9lectromagn\u00e9tique \u2014 sont mod\u00e9lis\u00e9s \u00e0 l\u2019aide de la m\u00e9thode des \u00e9l\u00e9ments finis. Les essais environnementaux de type HALT\/HASS, fond\u00e9s sur l\u2019exp\u00e9rience de missions ant\u00e9rieures et les r\u00e9sultats de simulation, permettent d\u2019int\u00e9grer une d\u00e9marche de conception fiabiliste RBDO.<\/p>\n<p>Enfin, l\u2019ouvrage retrace l\u2019\u00e9volution de nos connaissances et de nos m\u00e9thodes sur le ph\u00e9nom\u00e8ne lumineux et la lumi\u00e8re depuis l\u2019Antiquit\u00e9 jusqu\u2019\u00e0 la fin du Moyen \u00c2ge et aborde les avanc\u00e9es actuelles de l\u2019optique quantique, sur la dualit\u00e9 onde-corpuscule, l\u2019intrication quantique des photons et les fluctuations du vide.<\/p>\n","protected":false},"excerpt":{"rendered":"<p>Le nanosatellite CubeSat embarque des instruments destin\u00e9s \u00e0 l\u2019observation et \u00e0 l\u2019\u00e9tude de l\u2019espace, int\u00e9gr\u00e9s dans une architecture m\u00e9canique supportant l\u2019\u00e9lectronique de commande et de communication. Nanosatellites, CubeSats de l\u2019\u00e8re NewSpace pour l\u2019observation spatiale 2 pr\u00e9sente l\u2019ensemble du cycle de vie d\u2019un CubeSat, depuis la phase de conception jusqu\u2019\u00e0 celle de l\u2019exploitation en orbite. Ce [&hellip;]<\/p>\n","protected":false},"featured_media":61642,"template":"","meta":{"_acf_changed":false,"_links_to":"","_links_to_target":""},"product_brand":[],"product_cat":[704],"product_tag":[],"class_list":{"0":"post-61636","1":"product","2":"type-product","3":"status-publish","4":"has-post-thumbnail","6":"product_cat-spatiologie-375858824","8":"first","9":"instock","10":"shipping-taxable","11":"purchasable","12":"product-type-variable"},"acf":[],"yoast_head":"<!-- This site is optimized with the Yoast SEO plugin v27.2 - https:\/\/yoast.com\/product\/yoast-seo-wordpress\/ -->\n<title>Nanosatellites, CubeSats de l\u2019\u00e8re NewSpace pour l\u2019observation spatiale 2 - ISTE Group<\/title>\n<meta name=\"description\" content=\"Nanosatellites, CubeSats de l\u2019\u00e8re NewSpace pour l\u2019observation spatiale 2 pr\u00e9sente l\u2019ensemble du cycle de vie d\u2019un CubeSat, depuis la phase de conception jusqu\u2019\u00e0 celle de l\u2019exploitation en orbite.\" \/>\n<meta name=\"robots\" content=\"index, follow, max-snippet:-1, max-image-preview:large, max-video-preview:-1\" \/>\n<link rel=\"canonical\" href=\"https:\/\/www.istegroup.com\/produit\/nanosatellites-cubesats-de-lere-newspace-pour-lobservation-spatiale-2\/\" \/>\n<meta property=\"og:locale\" content=\"fr_FR\" \/>\n<meta property=\"og:type\" content=\"article\" \/>\n<meta property=\"og:title\" content=\"Nanosatellites, CubeSats de l\u2019\u00e8re NewSpace pour l\u2019observation spatiale 2 - ISTE Group\" \/>\n<meta property=\"og:description\" content=\"Nanosatellites, CubeSats de l\u2019\u00e8re NewSpace pour l\u2019observation spatiale 2 pr\u00e9sente l\u2019ensemble du cycle de vie d\u2019un CubeSat, depuis la phase de conception jusqu\u2019\u00e0 celle de l\u2019exploitation en orbite.\" \/>\n<meta property=\"og:url\" content=\"https:\/\/www.istegroup.com\/produit\/nanosatellites-cubesats-de-lere-newspace-pour-lobservation-spatiale-2\/\" \/>\n<meta property=\"og:site_name\" content=\"ISTE Group\" \/>\n<meta property=\"article:modified_time\" content=\"2026-01-07T16:29:27+00:00\" \/>\n<meta property=\"og:image\" content=\"https:\/\/www.istegroup.com\/wp-content\/uploads\/2025\/09\/Nanosatellites-CubeSats-de-lere-NewSpace-pour-lobservation-spatiale-2.jpg\" \/>\n\t<meta property=\"og:image:width\" content=\"605\" \/>\n\t<meta property=\"og:image:height\" content=\"911\" \/>\n\t<meta property=\"og:image:type\" content=\"image\/jpeg\" \/>\n<meta name=\"twitter:card\" content=\"summary_large_image\" \/>\n<meta name=\"twitter:label1\" content=\"Est. reading time\" \/>\n\t<meta name=\"twitter:data1\" content=\"2 minutes\" \/>\n<script type=\"application\/ld+json\" class=\"yoast-schema-graph\">{\"@context\":\"https:\/\/schema.org\",\"@graph\":[{\"@type\":\"WebPage\",\"@id\":\"https:\/\/www.istegroup.com\/produit\/nanosatellites-cubesats-de-lere-newspace-pour-lobservation-spatiale-2\/\",\"url\":\"https:\/\/www.istegroup.com\/produit\/nanosatellites-cubesats-de-lere-newspace-pour-lobservation-spatiale-2\/\",\"name\":\"Nanosatellites, CubeSats de l\u2019\u00e8re NewSpace pour l\u2019observation spatiale 2 - ISTE Group\",\"isPartOf\":{\"@id\":\"https:\/\/www.istegroup.com\/#website\"},\"primaryImageOfPage\":{\"@id\":\"https:\/\/www.istegroup.com\/produit\/nanosatellites-cubesats-de-lere-newspace-pour-lobservation-spatiale-2\/#primaryimage\"},\"image\":{\"@id\":\"https:\/\/www.istegroup.com\/produit\/nanosatellites-cubesats-de-lere-newspace-pour-lobservation-spatiale-2\/#primaryimage\"},\"thumbnailUrl\":\"https:\/\/www.istegroup.com\/wp-content\/uploads\/2025\/09\/Nanosatellites-CubeSats-de-lere-NewSpace-pour-lobservation-spatiale-2.jpg\",\"datePublished\":\"2025-10-03T09:49:52+00:00\",\"dateModified\":\"2026-01-07T16:29:27+00:00\",\"description\":\"Nanosatellites, CubeSats de l\u2019\u00e8re NewSpace pour l\u2019observation spatiale 2 pr\u00e9sente l\u2019ensemble du cycle de vie d\u2019un CubeSat, depuis la phase de conception jusqu\u2019\u00e0 celle de l\u2019exploitation en orbite.\",\"breadcrumb\":{\"@id\":\"https:\/\/www.istegroup.com\/produit\/nanosatellites-cubesats-de-lere-newspace-pour-lobservation-spatiale-2\/#breadcrumb\"},\"inLanguage\":\"fr-FR\",\"potentialAction\":[{\"@type\":\"ReadAction\",\"target\":[\"https:\/\/www.istegroup.com\/produit\/nanosatellites-cubesats-de-lere-newspace-pour-lobservation-spatiale-2\/\"]}]},{\"@type\":\"ImageObject\",\"inLanguage\":\"fr-FR\",\"@id\":\"https:\/\/www.istegroup.com\/produit\/nanosatellites-cubesats-de-lere-newspace-pour-lobservation-spatiale-2\/#primaryimage\",\"url\":\"https:\/\/www.istegroup.com\/wp-content\/uploads\/2025\/09\/Nanosatellites-CubeSats-de-lere-NewSpace-pour-lobservation-spatiale-2.jpg\",\"contentUrl\":\"https:\/\/www.istegroup.com\/wp-content\/uploads\/2025\/09\/Nanosatellites-CubeSats-de-lere-NewSpace-pour-lobservation-spatiale-2.jpg\",\"width\":605,\"height\":911},{\"@type\":\"BreadcrumbList\",\"@id\":\"https:\/\/www.istegroup.com\/produit\/nanosatellites-cubesats-de-lere-newspace-pour-lobservation-spatiale-2\/#breadcrumb\",\"itemListElement\":[{\"@type\":\"ListItem\",\"position\":1,\"name\":\"Home\",\"item\":\"https:\/\/www.istegroup.com\/\"},{\"@type\":\"ListItem\",\"position\":2,\"name\":\"Shop\",\"item\":\"https:\/\/www.istegroup.com\/fr\/nouveautes\/\"},{\"@type\":\"ListItem\",\"position\":3,\"name\":\"Nanosatellites, CubeSats de l\u2019\u00e8re NewSpace pour l\u2019observation spatiale 2\"}]},{\"@type\":\"WebSite\",\"@id\":\"https:\/\/www.istegroup.com\/#website\",\"url\":\"https:\/\/www.istegroup.com\/\",\"name\":\"ISTE Group\",\"description\":\"\u00c9diteur des Sciences\",\"potentialAction\":[{\"@type\":\"SearchAction\",\"target\":{\"@type\":\"EntryPoint\",\"urlTemplate\":\"https:\/\/www.istegroup.com\/?s={search_term_string}\"},\"query-input\":{\"@type\":\"PropertyValueSpecification\",\"valueRequired\":true,\"valueName\":\"search_term_string\"}}],\"inLanguage\":\"fr-FR\"}]}<\/script>\n<!-- \/ Yoast SEO plugin. -->","yoast_head_json":{"title":"Nanosatellites, CubeSats de l\u2019\u00e8re NewSpace pour l\u2019observation spatiale 2 - ISTE Group","description":"Nanosatellites, CubeSats de l\u2019\u00e8re NewSpace pour l\u2019observation spatiale 2 pr\u00e9sente l\u2019ensemble du cycle de vie d\u2019un CubeSat, depuis la phase de conception jusqu\u2019\u00e0 celle de l\u2019exploitation en orbite.","robots":{"index":"index","follow":"follow","max-snippet":"max-snippet:-1","max-image-preview":"max-image-preview:large","max-video-preview":"max-video-preview:-1"},"canonical":"https:\/\/www.istegroup.com\/produit\/nanosatellites-cubesats-de-lere-newspace-pour-lobservation-spatiale-2\/","og_locale":"fr_FR","og_type":"article","og_title":"Nanosatellites, CubeSats de l\u2019\u00e8re NewSpace pour l\u2019observation spatiale 2 - ISTE Group","og_description":"Nanosatellites, CubeSats de l\u2019\u00e8re NewSpace pour l\u2019observation spatiale 2 pr\u00e9sente l\u2019ensemble du cycle de vie d\u2019un CubeSat, depuis la phase de conception jusqu\u2019\u00e0 celle de l\u2019exploitation en orbite.","og_url":"https:\/\/www.istegroup.com\/produit\/nanosatellites-cubesats-de-lere-newspace-pour-lobservation-spatiale-2\/","og_site_name":"ISTE Group","article_modified_time":"2026-01-07T16:29:27+00:00","og_image":[{"width":605,"height":911,"url":"https:\/\/www.istegroup.com\/wp-content\/uploads\/2025\/09\/Nanosatellites-CubeSats-de-lere-NewSpace-pour-lobservation-spatiale-2.jpg","type":"image\/jpeg"}],"twitter_card":"summary_large_image","twitter_misc":{"Est. reading time":"2 minutes"},"schema":{"@context":"https:\/\/schema.org","@graph":[{"@type":"WebPage","@id":"https:\/\/www.istegroup.com\/produit\/nanosatellites-cubesats-de-lere-newspace-pour-lobservation-spatiale-2\/","url":"https:\/\/www.istegroup.com\/produit\/nanosatellites-cubesats-de-lere-newspace-pour-lobservation-spatiale-2\/","name":"Nanosatellites, CubeSats de l\u2019\u00e8re NewSpace pour l\u2019observation spatiale 2 - ISTE Group","isPartOf":{"@id":"https:\/\/www.istegroup.com\/#website"},"primaryImageOfPage":{"@id":"https:\/\/www.istegroup.com\/produit\/nanosatellites-cubesats-de-lere-newspace-pour-lobservation-spatiale-2\/#primaryimage"},"image":{"@id":"https:\/\/www.istegroup.com\/produit\/nanosatellites-cubesats-de-lere-newspace-pour-lobservation-spatiale-2\/#primaryimage"},"thumbnailUrl":"https:\/\/www.istegroup.com\/wp-content\/uploads\/2025\/09\/Nanosatellites-CubeSats-de-lere-NewSpace-pour-lobservation-spatiale-2.jpg","datePublished":"2025-10-03T09:49:52+00:00","dateModified":"2026-01-07T16:29:27+00:00","description":"Nanosatellites, CubeSats de l\u2019\u00e8re NewSpace pour l\u2019observation spatiale 2 pr\u00e9sente l\u2019ensemble du cycle de vie d\u2019un CubeSat, depuis la phase de conception jusqu\u2019\u00e0 celle de l\u2019exploitation en orbite.","breadcrumb":{"@id":"https:\/\/www.istegroup.com\/produit\/nanosatellites-cubesats-de-lere-newspace-pour-lobservation-spatiale-2\/#breadcrumb"},"inLanguage":"fr-FR","potentialAction":[{"@type":"ReadAction","target":["https:\/\/www.istegroup.com\/produit\/nanosatellites-cubesats-de-lere-newspace-pour-lobservation-spatiale-2\/"]}]},{"@type":"ImageObject","inLanguage":"fr-FR","@id":"https:\/\/www.istegroup.com\/produit\/nanosatellites-cubesats-de-lere-newspace-pour-lobservation-spatiale-2\/#primaryimage","url":"https:\/\/www.istegroup.com\/wp-content\/uploads\/2025\/09\/Nanosatellites-CubeSats-de-lere-NewSpace-pour-lobservation-spatiale-2.jpg","contentUrl":"https:\/\/www.istegroup.com\/wp-content\/uploads\/2025\/09\/Nanosatellites-CubeSats-de-lere-NewSpace-pour-lobservation-spatiale-2.jpg","width":605,"height":911},{"@type":"BreadcrumbList","@id":"https:\/\/www.istegroup.com\/produit\/nanosatellites-cubesats-de-lere-newspace-pour-lobservation-spatiale-2\/#breadcrumb","itemListElement":[{"@type":"ListItem","position":1,"name":"Home","item":"https:\/\/www.istegroup.com\/"},{"@type":"ListItem","position":2,"name":"Shop","item":"https:\/\/www.istegroup.com\/fr\/nouveautes\/"},{"@type":"ListItem","position":3,"name":"Nanosatellites, CubeSats de l\u2019\u00e8re NewSpace pour l\u2019observation spatiale 2"}]},{"@type":"WebSite","@id":"https:\/\/www.istegroup.com\/#website","url":"https:\/\/www.istegroup.com\/","name":"ISTE Group","description":"\u00c9diteur des Sciences","potentialAction":[{"@type":"SearchAction","target":{"@type":"EntryPoint","urlTemplate":"https:\/\/www.istegroup.com\/?s={search_term_string}"},"query-input":{"@type":"PropertyValueSpecification","valueRequired":true,"valueName":"search_term_string"}}],"inLanguage":"fr-FR"}]}},"_links":{"self":[{"href":"https:\/\/www.istegroup.com\/fr\/wp-json\/wp\/v2\/product\/61636","targetHints":{"allow":["GET"]}}],"collection":[{"href":"https:\/\/www.istegroup.com\/fr\/wp-json\/wp\/v2\/product"}],"about":[{"href":"https:\/\/www.istegroup.com\/fr\/wp-json\/wp\/v2\/types\/product"}],"wp:featuredmedia":[{"embeddable":true,"href":"https:\/\/www.istegroup.com\/fr\/wp-json\/wp\/v2\/media\/61642"}],"wp:attachment":[{"href":"https:\/\/www.istegroup.com\/fr\/wp-json\/wp\/v2\/media?parent=61636"}],"wp:term":[{"taxonomy":"product_brand","embeddable":true,"href":"https:\/\/www.istegroup.com\/fr\/wp-json\/wp\/v2\/product_brand?post=61636"},{"taxonomy":"product_cat","embeddable":true,"href":"https:\/\/www.istegroup.com\/fr\/wp-json\/wp\/v2\/product_cat?post=61636"},{"taxonomy":"product_tag","embeddable":true,"href":"https:\/\/www.istegroup.com\/fr\/wp-json\/wp\/v2\/product_tag?post=61636"}],"curies":[{"name":"wp","href":"https:\/\/api.w.org\/{rel}","templated":true}]}}