{"id":616,"date":"2017-07-28T15:19:33","date_gmt":"2017-07-28T13:19:33","guid":{"rendered":"https:\/\/iste.yhello.co\/product\/strategie-spatiale\/"},"modified":"2024-01-03T13:41:01","modified_gmt":"2024-01-03T13:41:01","slug":"strategie-spatiale-2","status":"publish","type":"product","link":"https:\/\/www.istegroup.com\/fr\/produit\/strategie-spatiale-2\/","title":{"rendered":"Strat\u00e9gie spatiale"},"content":{"rendered":"<p><\/p>\n<p style=\"text-align: left\">La strat\u00e9gie est l\u2019art de penser la guerre avant de la conduire. Constatant qu\u2019il n\u2019y a d\u00e9j\u00e0 plus de guerre sans l\u2019espace,\u00a0<em>Strat\u00e9gie spatiale\u00a0<\/em>\u00e9tudie l\u2019extension des conflits dans ce nouveau domaine.<br \/>\nL\u2019ouvrage d\u00e9limite le milieu extra-atmosph\u00e9rique et en pr\u00e9sente les sp\u00e9cificit\u00e9s et les contraintes. Explorant les possibilit\u00e9s d\u2019action offertes par diff\u00e9rentes positions strat\u00e9giques, il analyse les sc\u00e9narios plausibles d\u2019un combat depuis, contre et dans l\u2019espace. Il explicite les concepts de militarisation, d\u2019arsenalisation et de martialisation de l\u2019espace et montre comment les syst\u00e8mes spatiaux constituent une composante essentielle de la ma\u00eetrise de l\u2019information, cl\u00e9 de la puissance au XXIe si\u00e8cle. Il d\u00e9montre \u00e9galement pourquoi nos soci\u00e9t\u00e9s, devenues spatiod\u00e9pendantes, doivent d\u00e9velopper leur spatior\u00e9silience par des mesures adapt\u00e9es. Il synth\u00e9tise enfin son enseignement de fa\u00e7on mn\u00e9motechnique \u00e0 la mani\u00e8re de douze principes de la strat\u00e9gie spatiale.<\/p>\n<p>Compl\u00e9t\u00e9 par des annexes didactiques et un glossaire comportant un millier d\u2019entr\u00e9es,\u00a0<em>Strat\u00e9gie spatiale<\/em>\u00a0r\u00e9pond aux attentes des \u00e9tudiants, chercheurs, auditeurs des \u00e9coles de guerre et plus g\u00e9n\u00e9ralement de tout lecteur soucieux d\u2019\u00e9largir le champ de ses connaissances strat\u00e9giques.<\/p>\n<p>&nbsp;<\/p>\n<p><strong>La presse en parle<\/strong><\/p>\n<p><a style=\"color: #1e9691\" href=\"https:\/\/www.rfi.fr\/fr\/podcasts\/d%C3%A9bat-du-jour\/20211124-la-bataille-de-l-espace-est-elle-lanc%C3%A9e\"><em>Radio France internationale, La bataille de l\u2019espace est-elle lanc\u00e9e ?<\/em><em> 24 novembre 2021<\/em><\/a><\/p>\n<p><a style=\"color: #1e9691\" href=\"https:\/\/www.ladepeche.fr\/2019\/07\/16\/jean-luc-lefebvre-une-meilleure-defense-de-nos-satellites-par-nos-satellites,8315244.php\"><em>Ladepeche.fr, <\/em><em>16 juillet 2019<\/em><\/a><\/p>\n<p><a style=\"color: #1e9691\" href=\"http:\/\/www.rfi.fr\/emission\/20190725-jean-luc-lefebvre-ancien-colonel-armee-air-strategie-spatiale\"><em>Radio France internationale, 25 juillet 2019<\/em><\/a><\/p>","protected":false},"excerpt":{"rendered":"<p>La strat\u00e9gie est l\u2019art de penser la guerre avant de la conduire. Constatant qu\u2019il n\u2019y a d\u00e9j\u00e0 plus de guerre sans l\u2019espace,\u00a0Strat\u00e9gie spatiale\u00a0\u00e9tudie l\u2019extension des conflits dans ce nouveau domaine. L\u2019ouvrage d\u00e9limite le milieu extra-atmosph\u00e9rique et en pr\u00e9sente les sp\u00e9cificit\u00e9s et les contraintes. Explorant les possibilit\u00e9s d\u2019action offertes par diff\u00e9rentes positions strat\u00e9giques, il analyse les [&hellip;]<\/p>\n","protected":false},"featured_media":617,"template":"","meta":{"_acf_changed":false,"_links_to":"","_links_to_target":""},"product_brand":[],"product_cat":[675,704],"product_tag":[2306,946,31,196,2307,833,197,198,199,21,200,22,2308,201,203,204,63,25,172,209,2309,2310,2311,212,38,192,145,28,2312,2313,793,2314],"class_list":{"0":"post-616","1":"product","2":"type-product","3":"status-publish","4":"has-post-thumbnail","6":"product_cat-nouveauts-12519446","7":"product_cat-spatiologie-375858824","8":"product_tag-arsenalisation","9":"product_tag-contraintes","10":"product_tag-ebook","11":"product_tag-ebooks","12":"product_tag-espace","13":"product_tag-information","14":"product_tag-iste","15":"product_tag-iste-edition","16":"product_tag-iste-editions","17":"product_tag-iste-group","18":"product_tag-isteedition","19":"product_tag-istegroup","20":"product_tag-jean-luc-lefebvre","21":"product_tag-kindle","22":"product_tag-liseuse","23":"product_tag-livre","24":"product_tag-livre-electronique","25":"product_tag-livre-numerique","26":"product_tag-livre-scientifique","27":"product_tag-livres-scientifiques","28":"product_tag-milieu-extra-atmospherique","29":"product_tag-militariqation","30":"product_tag-militarisation","31":"product_tag-ouvrage","32":"product_tag-ouvrage-numerique","33":"product_tag-ouvrage-science","34":"product_tag-ouvrage-scientifique","35":"product_tag-ouvrage-scientifique-francais","36":"product_tag-spatioresilience","37":"product_tag-specificites","38":"product_tag-strategie","39":"product_tag-strategie-spatiale","41":"first","42":"instock","43":"shipping-taxable","44":"purchasable","45":"product-type-variable"},"acf":[],"yoast_head":"<!-- This site is optimized with the Yoast SEO plugin v27.2 - https:\/\/yoast.com\/product\/yoast-seo-wordpress\/ -->\n<title>Strat\u00e9gie spatiale - ISTE Group<\/title>\n<meta name=\"description\" content=\"La strat\u00e9gie est l\u2019art de penser la guerre avant de la conduire. Constatant qu\u2019il n\u2019y a d\u00e9j\u00e0 plus de guerre sans l\u2019espace,\u00a0Strat\u00e9gie spatiale\u00a0\u00e9tudie l\u2019extension des conflits dans ce nouveau domaine.\" \/>\n<meta name=\"robots\" content=\"index, follow, max-snippet:-1, max-image-preview:large, max-video-preview:-1\" \/>\n<link rel=\"canonical\" href=\"https:\/\/www.istegroup.com\/fr\/produit\/strategie-spatiale-2\/\" \/>\n<meta property=\"og:locale\" content=\"fr_FR\" \/>\n<meta property=\"og:type\" content=\"article\" \/>\n<meta property=\"og:title\" content=\"Strat\u00e9gie spatiale - ISTE Group\" \/>\n<meta property=\"og:description\" content=\"La strat\u00e9gie est l\u2019art de penser la guerre avant de la conduire. Constatant qu\u2019il n\u2019y a d\u00e9j\u00e0 plus de guerre sans l\u2019espace,\u00a0Strat\u00e9gie spatiale\u00a0\u00e9tudie l\u2019extension des conflits dans ce nouveau domaine.\" \/>\n<meta property=\"og:url\" content=\"https:\/\/www.istegroup.com\/fr\/produit\/strategie-spatiale-2\/\" \/>\n<meta property=\"og:site_name\" content=\"ISTE Group\" \/>\n<meta property=\"article:modified_time\" content=\"2024-01-03T13:41:01+00:00\" \/>\n<meta property=\"og:image\" content=\"https:\/\/www.istegroup.com\/wp-content\/uploads\/2017\/07\/16592755784_7943931400-1.jpg\" \/>\n\t<meta property=\"og:image:width\" content=\"1362\" \/>\n\t<meta property=\"og:image:height\" content=\"2048\" \/>\n\t<meta property=\"og:image:type\" content=\"image\/jpeg\" \/>\n<meta name=\"twitter:card\" content=\"summary_large_image\" \/>\n<meta name=\"twitter:label1\" content=\"Est. reading time\" \/>\n\t<meta name=\"twitter:data1\" content=\"2 minutes\" \/>\n<script type=\"application\/ld+json\" class=\"yoast-schema-graph\">{\"@context\":\"https:\/\/schema.org\",\"@graph\":[{\"@type\":\"WebPage\",\"@id\":\"https:\/\/www.istegroup.com\/fr\/produit\/strategie-spatiale-2\/\",\"url\":\"https:\/\/www.istegroup.com\/fr\/produit\/strategie-spatiale-2\/\",\"name\":\"Strat\u00e9gie spatiale - ISTE Group\",\"isPartOf\":{\"@id\":\"https:\/\/www.istegroup.com\/#website\"},\"primaryImageOfPage\":{\"@id\":\"https:\/\/www.istegroup.com\/fr\/produit\/strategie-spatiale-2\/#primaryimage\"},\"image\":{\"@id\":\"https:\/\/www.istegroup.com\/fr\/produit\/strategie-spatiale-2\/#primaryimage\"},\"thumbnailUrl\":\"https:\/\/www.istegroup.com\/wp-content\/uploads\/2017\/07\/16592755784_7943931400-1.jpg\",\"datePublished\":\"2017-07-28T13:19:33+00:00\",\"dateModified\":\"2024-01-03T13:41:01+00:00\",\"description\":\"La strat\u00e9gie est l\u2019art de penser la guerre avant de la conduire. Constatant qu\u2019il n\u2019y a d\u00e9j\u00e0 plus de guerre sans l\u2019espace,\u00a0Strat\u00e9gie spatiale\u00a0\u00e9tudie l\u2019extension des conflits dans ce nouveau domaine.\",\"breadcrumb\":{\"@id\":\"https:\/\/www.istegroup.com\/fr\/produit\/strategie-spatiale-2\/#breadcrumb\"},\"inLanguage\":\"fr-FR\",\"potentialAction\":[{\"@type\":\"ReadAction\",\"target\":[\"https:\/\/www.istegroup.com\/fr\/produit\/strategie-spatiale-2\/\"]}]},{\"@type\":\"ImageObject\",\"inLanguage\":\"fr-FR\",\"@id\":\"https:\/\/www.istegroup.com\/fr\/produit\/strategie-spatiale-2\/#primaryimage\",\"url\":\"https:\/\/www.istegroup.com\/wp-content\/uploads\/2017\/07\/16592755784_7943931400-1.jpg\",\"contentUrl\":\"https:\/\/www.istegroup.com\/wp-content\/uploads\/2017\/07\/16592755784_7943931400-1.jpg\",\"width\":1362,\"height\":2048,\"caption\":\"Strat\u00e9gie spatiale\"},{\"@type\":\"BreadcrumbList\",\"@id\":\"https:\/\/www.istegroup.com\/fr\/produit\/strategie-spatiale-2\/#breadcrumb\",\"itemListElement\":[{\"@type\":\"ListItem\",\"position\":1,\"name\":\"Home\",\"item\":\"https:\/\/www.istegroup.com\/\"},{\"@type\":\"ListItem\",\"position\":2,\"name\":\"Shop\",\"item\":\"https:\/\/www.istegroup.com\/fr\/nouveautes\/\"},{\"@type\":\"ListItem\",\"position\":3,\"name\":\"Strat\u00e9gie spatiale\"}]},{\"@type\":\"WebSite\",\"@id\":\"https:\/\/www.istegroup.com\/#website\",\"url\":\"https:\/\/www.istegroup.com\/\",\"name\":\"ISTE Group\",\"description\":\"\u00c9diteur des Sciences\",\"potentialAction\":[{\"@type\":\"SearchAction\",\"target\":{\"@type\":\"EntryPoint\",\"urlTemplate\":\"https:\/\/www.istegroup.com\/?s={search_term_string}\"},\"query-input\":{\"@type\":\"PropertyValueSpecification\",\"valueRequired\":true,\"valueName\":\"search_term_string\"}}],\"inLanguage\":\"fr-FR\"}]}<\/script>\n<!-- \/ Yoast SEO plugin. -->","yoast_head_json":{"title":"Strat\u00e9gie spatiale - ISTE Group","description":"La strat\u00e9gie est l\u2019art de penser la guerre avant de la conduire. Constatant qu\u2019il n\u2019y a d\u00e9j\u00e0 plus de guerre sans l\u2019espace,\u00a0Strat\u00e9gie spatiale\u00a0\u00e9tudie l\u2019extension des conflits dans ce nouveau domaine.","robots":{"index":"index","follow":"follow","max-snippet":"max-snippet:-1","max-image-preview":"max-image-preview:large","max-video-preview":"max-video-preview:-1"},"canonical":"https:\/\/www.istegroup.com\/fr\/produit\/strategie-spatiale-2\/","og_locale":"fr_FR","og_type":"article","og_title":"Strat\u00e9gie spatiale - ISTE Group","og_description":"La strat\u00e9gie est l\u2019art de penser la guerre avant de la conduire. Constatant qu\u2019il n\u2019y a d\u00e9j\u00e0 plus de guerre sans l\u2019espace,\u00a0Strat\u00e9gie spatiale\u00a0\u00e9tudie l\u2019extension des conflits dans ce nouveau domaine.","og_url":"https:\/\/www.istegroup.com\/fr\/produit\/strategie-spatiale-2\/","og_site_name":"ISTE Group","article_modified_time":"2024-01-03T13:41:01+00:00","og_image":[{"width":1362,"height":2048,"url":"https:\/\/www.istegroup.com\/wp-content\/uploads\/2017\/07\/16592755784_7943931400-1.jpg","type":"image\/jpeg"}],"twitter_card":"summary_large_image","twitter_misc":{"Est. reading time":"2 minutes"},"schema":{"@context":"https:\/\/schema.org","@graph":[{"@type":"WebPage","@id":"https:\/\/www.istegroup.com\/fr\/produit\/strategie-spatiale-2\/","url":"https:\/\/www.istegroup.com\/fr\/produit\/strategie-spatiale-2\/","name":"Strat\u00e9gie spatiale - ISTE Group","isPartOf":{"@id":"https:\/\/www.istegroup.com\/#website"},"primaryImageOfPage":{"@id":"https:\/\/www.istegroup.com\/fr\/produit\/strategie-spatiale-2\/#primaryimage"},"image":{"@id":"https:\/\/www.istegroup.com\/fr\/produit\/strategie-spatiale-2\/#primaryimage"},"thumbnailUrl":"https:\/\/www.istegroup.com\/wp-content\/uploads\/2017\/07\/16592755784_7943931400-1.jpg","datePublished":"2017-07-28T13:19:33+00:00","dateModified":"2024-01-03T13:41:01+00:00","description":"La strat\u00e9gie est l\u2019art de penser la guerre avant de la conduire. Constatant qu\u2019il n\u2019y a d\u00e9j\u00e0 plus de guerre sans l\u2019espace,\u00a0Strat\u00e9gie spatiale\u00a0\u00e9tudie l\u2019extension des conflits dans ce nouveau domaine.","breadcrumb":{"@id":"https:\/\/www.istegroup.com\/fr\/produit\/strategie-spatiale-2\/#breadcrumb"},"inLanguage":"fr-FR","potentialAction":[{"@type":"ReadAction","target":["https:\/\/www.istegroup.com\/fr\/produit\/strategie-spatiale-2\/"]}]},{"@type":"ImageObject","inLanguage":"fr-FR","@id":"https:\/\/www.istegroup.com\/fr\/produit\/strategie-spatiale-2\/#primaryimage","url":"https:\/\/www.istegroup.com\/wp-content\/uploads\/2017\/07\/16592755784_7943931400-1.jpg","contentUrl":"https:\/\/www.istegroup.com\/wp-content\/uploads\/2017\/07\/16592755784_7943931400-1.jpg","width":1362,"height":2048,"caption":"Strat\u00e9gie spatiale"},{"@type":"BreadcrumbList","@id":"https:\/\/www.istegroup.com\/fr\/produit\/strategie-spatiale-2\/#breadcrumb","itemListElement":[{"@type":"ListItem","position":1,"name":"Home","item":"https:\/\/www.istegroup.com\/"},{"@type":"ListItem","position":2,"name":"Shop","item":"https:\/\/www.istegroup.com\/fr\/nouveautes\/"},{"@type":"ListItem","position":3,"name":"Strat\u00e9gie spatiale"}]},{"@type":"WebSite","@id":"https:\/\/www.istegroup.com\/#website","url":"https:\/\/www.istegroup.com\/","name":"ISTE Group","description":"\u00c9diteur des Sciences","potentialAction":[{"@type":"SearchAction","target":{"@type":"EntryPoint","urlTemplate":"https:\/\/www.istegroup.com\/?s={search_term_string}"},"query-input":{"@type":"PropertyValueSpecification","valueRequired":true,"valueName":"search_term_string"}}],"inLanguage":"fr-FR"}]}},"_links":{"self":[{"href":"https:\/\/www.istegroup.com\/fr\/wp-json\/wp\/v2\/product\/616","targetHints":{"allow":["GET"]}}],"collection":[{"href":"https:\/\/www.istegroup.com\/fr\/wp-json\/wp\/v2\/product"}],"about":[{"href":"https:\/\/www.istegroup.com\/fr\/wp-json\/wp\/v2\/types\/product"}],"wp:featuredmedia":[{"embeddable":true,"href":"https:\/\/www.istegroup.com\/fr\/wp-json\/wp\/v2\/media\/617"}],"wp:attachment":[{"href":"https:\/\/www.istegroup.com\/fr\/wp-json\/wp\/v2\/media?parent=616"}],"wp:term":[{"taxonomy":"product_brand","embeddable":true,"href":"https:\/\/www.istegroup.com\/fr\/wp-json\/wp\/v2\/product_brand?post=616"},{"taxonomy":"product_cat","embeddable":true,"href":"https:\/\/www.istegroup.com\/fr\/wp-json\/wp\/v2\/product_cat?post=616"},{"taxonomy":"product_tag","embeddable":true,"href":"https:\/\/www.istegroup.com\/fr\/wp-json\/wp\/v2\/product_tag?post=616"}],"curies":[{"name":"wp","href":"https:\/\/api.w.org\/{rel}","templated":true}]}}