{"id":614,"date":"2017-07-28T15:19:28","date_gmt":"2017-07-28T13:19:28","guid":{"rendered":"https:\/\/iste.yhello.co\/product\/strategie-financiere-du-secteur-public\/"},"modified":"2024-01-03T13:41:01","modified_gmt":"2024-01-03T13:41:01","slug":"strategie-financiere-du-secteur-public","status":"publish","type":"product","link":"https:\/\/www.istegroup.com\/fr\/produit\/strategie-financiere-du-secteur-public\/","title":{"rendered":"Strat\u00e9gie financi\u00e8re du secteur public"},"content":{"rendered":"<p>Soumis \u00e0 un environnement concurrentiel croissant, les Etats et les entit\u00e9s du secteur public sont aujourd\u2019hui confront\u00e9s au d\u00e9fi d\u2019am\u00e9liorer leurs performances op\u00e9rationnelles et financi\u00e8res. Dans un contexte de globalisation, ce d\u00e9fi s\u2019inscrit dans un ensemble de principes et de normes comptables inspir\u00e9s du secteur priv\u00e9 et qui permettent d\u2019assurer un bien-\u00eatre social et \u00e9conomique maximal aux ayants droit.<\/p>\n<p><em>Strat\u00e9gie financi\u00e8re du secteur public<\/em>\u00a0propose un cadre d\u2019analyse int\u00e9gr\u00e9 afin de ma\u00eetriser ces diff\u00e9rents enjeux. Suivant \u00e0 la fois une logique verticale privil\u00e9giant la r\u00e9flexion avant l\u2019action, et horizontale avec une mise en coh\u00e9rence des missions et de leur financement, il pr\u00e9sente les concepts, outils et m\u00e9thodes majeurs de cette approche.<\/p>\n<p>S\u2019appuyant sur le nouveau management public qui consid\u00e8re les entit\u00e9s du secteur public comme des entreprises \u00e0 part enti\u00e8re, cet ouvrage s\u2019adresse aux professionnels, acad\u00e9miques et \u00e9tudiants, ainsi qu\u2019aux repr\u00e9sentants et d\u00e9cideurs du monde politique, mais \u00e9galement \u00e0 toute personne d\u00e9sireuse de ma\u00eetriser les enjeux modernes de ces organisations.<\/p>\n<p>&nbsp;<\/p>\n<p><strong>La presse en parle<\/strong><\/p>\n<p><a style=\"color: #1e9691\" href=\"https:\/\/theconversation.com\/le-secteur-associatif-doit-tenir-bon-135062\"><em>The Conversation, <\/em><em>avril 2020<\/em><\/a><\/p>\n","protected":false},"excerpt":{"rendered":"<p>Soumis \u00e0 un environnement concurrentiel croissant, les Etats et les entit\u00e9s du secteur public sont aujourd\u2019hui confront\u00e9s au d\u00e9fi d\u2019am\u00e9liorer leurs performances op\u00e9rationnelles et financi\u00e8res. Dans un contexte de globalisation, ce d\u00e9fi s\u2019inscrit dans un ensemble de principes et de normes comptables inspir\u00e9s du secteur priv\u00e9 et qui permettent d\u2019assurer un bien-\u00eatre social et \u00e9conomique [&hellip;]<\/p>\n","protected":false},"featured_media":615,"template":"","meta":{"_acf_changed":false,"_links_to":"","_links_to_target":""},"product_brand":[],"product_cat":[670,675],"product_tag":[31,196,1219,2298,2299,2300,197,198,199,21,200,22,201,203,204,63,25,172,209,1008,2301,212,38,192,145,28,1885,2302,2303,2304,2305],"class_list":{"0":"post-614","1":"product","2":"type-product","3":"status-publish","4":"has-post-thumbnail","6":"product_cat-innovation-entrepreneuriat-et-gestion-11041751","7":"product_cat-nouveauts-12519446","8":"product_tag-ebook","9":"product_tag-ebooks","10":"product_tag-entreprises","11":"product_tag-environnement-concurrentiel","12":"product_tag-fabrice-roth","13":"product_tag-financement","14":"product_tag-iste","15":"product_tag-iste-edition","16":"product_tag-iste-editions","17":"product_tag-iste-group","18":"product_tag-isteedition","19":"product_tag-istegroup","20":"product_tag-kindle","21":"product_tag-liseuse","22":"product_tag-livre","23":"product_tag-livre-electronique","24":"product_tag-livre-numerique","25":"product_tag-livre-scientifique","26":"product_tag-livres-scientifiques","27":"product_tag-management","28":"product_tag-normes-comptables","29":"product_tag-ouvrage","30":"product_tag-ouvrage-numerique","31":"product_tag-ouvrage-science","32":"product_tag-ouvrage-scientifique","33":"product_tag-ouvrage-scientifique-francais","34":"product_tag-performance","35":"product_tag-secteur-public","36":"product_tag-serge-besanger","37":"product_tag-strategie-financiere","38":"product_tag-strategie-financiere-du-secteur-public","40":"first","41":"instock","42":"shipping-taxable","43":"purchasable","44":"product-type-variable"},"acf":[],"yoast_head":"<!-- This site is optimized with the Yoast SEO plugin v27.2 - https:\/\/yoast.com\/product\/yoast-seo-wordpress\/ -->\n<title>Strat\u00e9gie financi\u00e8re du secteur public - ISTE Group<\/title>\n<meta name=\"description\" content=\"Strat\u00e9gie financi\u00e8re du secteur public\u00a0propose un cadre d\u2019analyse int\u00e9gr\u00e9 afin de ma\u00eetriser ces diff\u00e9rents enjeux. Suivant \u00e0 la fois une logique verticale privil\u00e9giant la r\u00e9flexion avant l\u2019action, et horizontale avec une mise en coh\u00e9rence des missions et de leur financement, il pr\u00e9sente les concepts, outils et m\u00e9thodes majeurs de cette approche.\" \/>\n<meta name=\"robots\" content=\"index, follow, max-snippet:-1, max-image-preview:large, max-video-preview:-1\" \/>\n<link rel=\"canonical\" href=\"https:\/\/www.istegroup.com\/fr\/produit\/strategie-financiere-du-secteur-public\/\" \/>\n<meta property=\"og:locale\" content=\"fr_FR\" \/>\n<meta property=\"og:type\" content=\"article\" \/>\n<meta property=\"og:title\" content=\"Strat\u00e9gie financi\u00e8re du secteur public - ISTE Group\" \/>\n<meta property=\"og:description\" content=\"Strat\u00e9gie financi\u00e8re du secteur public\u00a0propose un cadre d\u2019analyse int\u00e9gr\u00e9 afin de ma\u00eetriser ces diff\u00e9rents enjeux. Suivant \u00e0 la fois une logique verticale privil\u00e9giant la r\u00e9flexion avant l\u2019action, et horizontale avec une mise en coh\u00e9rence des missions et de leur financement, il pr\u00e9sente les concepts, outils et m\u00e9thodes majeurs de cette approche.\" \/>\n<meta property=\"og:url\" content=\"https:\/\/www.istegroup.com\/fr\/produit\/strategie-financiere-du-secteur-public\/\" \/>\n<meta property=\"og:site_name\" content=\"ISTE Group\" \/>\n<meta property=\"article:modified_time\" content=\"2024-01-03T13:41:01+00:00\" \/>\n<meta property=\"og:image\" content=\"https:\/\/www.istegroup.com\/wp-content\/uploads\/2017\/07\/12661032644_4976900548-1.jpg\" \/>\n\t<meta property=\"og:image:width\" content=\"1365\" \/>\n\t<meta property=\"og:image:height\" content=\"2048\" \/>\n\t<meta property=\"og:image:type\" content=\"image\/jpeg\" \/>\n<meta name=\"twitter:card\" content=\"summary_large_image\" \/>\n<meta name=\"twitter:label1\" content=\"Est. reading time\" \/>\n\t<meta name=\"twitter:data1\" content=\"1 minute\" \/>\n<script type=\"application\/ld+json\" class=\"yoast-schema-graph\">{\"@context\":\"https:\/\/schema.org\",\"@graph\":[{\"@type\":\"WebPage\",\"@id\":\"https:\/\/www.istegroup.com\/fr\/produit\/strategie-financiere-du-secteur-public\/\",\"url\":\"https:\/\/www.istegroup.com\/fr\/produit\/strategie-financiere-du-secteur-public\/\",\"name\":\"Strat\u00e9gie financi\u00e8re du secteur public - ISTE Group\",\"isPartOf\":{\"@id\":\"https:\/\/www.istegroup.com\/#website\"},\"primaryImageOfPage\":{\"@id\":\"https:\/\/www.istegroup.com\/fr\/produit\/strategie-financiere-du-secteur-public\/#primaryimage\"},\"image\":{\"@id\":\"https:\/\/www.istegroup.com\/fr\/produit\/strategie-financiere-du-secteur-public\/#primaryimage\"},\"thumbnailUrl\":\"https:\/\/www.istegroup.com\/wp-content\/uploads\/2017\/07\/12661032644_4976900548-1.jpg\",\"datePublished\":\"2017-07-28T13:19:28+00:00\",\"dateModified\":\"2024-01-03T13:41:01+00:00\",\"description\":\"Strat\u00e9gie financi\u00e8re du secteur public\u00a0propose un cadre d\u2019analyse int\u00e9gr\u00e9 afin de ma\u00eetriser ces diff\u00e9rents enjeux. Suivant \u00e0 la fois une logique verticale privil\u00e9giant la r\u00e9flexion avant l\u2019action, et horizontale avec une mise en coh\u00e9rence des missions et de leur financement, il pr\u00e9sente les concepts, outils et m\u00e9thodes majeurs de cette approche.\",\"breadcrumb\":{\"@id\":\"https:\/\/www.istegroup.com\/fr\/produit\/strategie-financiere-du-secteur-public\/#breadcrumb\"},\"inLanguage\":\"fr-FR\",\"potentialAction\":[{\"@type\":\"ReadAction\",\"target\":[\"https:\/\/www.istegroup.com\/fr\/produit\/strategie-financiere-du-secteur-public\/\"]}]},{\"@type\":\"ImageObject\",\"inLanguage\":\"fr-FR\",\"@id\":\"https:\/\/www.istegroup.com\/fr\/produit\/strategie-financiere-du-secteur-public\/#primaryimage\",\"url\":\"https:\/\/www.istegroup.com\/wp-content\/uploads\/2017\/07\/12661032644_4976900548-1.jpg\",\"contentUrl\":\"https:\/\/www.istegroup.com\/wp-content\/uploads\/2017\/07\/12661032644_4976900548-1.jpg\",\"width\":1365,\"height\":2048,\"caption\":\"Strat\u00e9gie financi\u00e8re du secteur public\"},{\"@type\":\"BreadcrumbList\",\"@id\":\"https:\/\/www.istegroup.com\/fr\/produit\/strategie-financiere-du-secteur-public\/#breadcrumb\",\"itemListElement\":[{\"@type\":\"ListItem\",\"position\":1,\"name\":\"Home\",\"item\":\"https:\/\/www.istegroup.com\/\"},{\"@type\":\"ListItem\",\"position\":2,\"name\":\"Shop\",\"item\":\"https:\/\/www.istegroup.com\/fr\/nouveautes\/\"},{\"@type\":\"ListItem\",\"position\":3,\"name\":\"Strat\u00e9gie financi\u00e8re du secteur public\"}]},{\"@type\":\"WebSite\",\"@id\":\"https:\/\/www.istegroup.com\/#website\",\"url\":\"https:\/\/www.istegroup.com\/\",\"name\":\"ISTE Group\",\"description\":\"\u00c9diteur des Sciences\",\"potentialAction\":[{\"@type\":\"SearchAction\",\"target\":{\"@type\":\"EntryPoint\",\"urlTemplate\":\"https:\/\/www.istegroup.com\/?s={search_term_string}\"},\"query-input\":{\"@type\":\"PropertyValueSpecification\",\"valueRequired\":true,\"valueName\":\"search_term_string\"}}],\"inLanguage\":\"fr-FR\"}]}<\/script>\n<!-- \/ Yoast SEO plugin. -->","yoast_head_json":{"title":"Strat\u00e9gie financi\u00e8re du secteur public - ISTE Group","description":"Strat\u00e9gie financi\u00e8re du secteur public\u00a0propose un cadre d\u2019analyse int\u00e9gr\u00e9 afin de ma\u00eetriser ces diff\u00e9rents enjeux. Suivant \u00e0 la fois une logique verticale privil\u00e9giant la r\u00e9flexion avant l\u2019action, et horizontale avec une mise en coh\u00e9rence des missions et de leur financement, il pr\u00e9sente les concepts, outils et m\u00e9thodes majeurs de cette approche.","robots":{"index":"index","follow":"follow","max-snippet":"max-snippet:-1","max-image-preview":"max-image-preview:large","max-video-preview":"max-video-preview:-1"},"canonical":"https:\/\/www.istegroup.com\/fr\/produit\/strategie-financiere-du-secteur-public\/","og_locale":"fr_FR","og_type":"article","og_title":"Strat\u00e9gie financi\u00e8re du secteur public - ISTE Group","og_description":"Strat\u00e9gie financi\u00e8re du secteur public\u00a0propose un cadre d\u2019analyse int\u00e9gr\u00e9 afin de ma\u00eetriser ces diff\u00e9rents enjeux. Suivant \u00e0 la fois une logique verticale privil\u00e9giant la r\u00e9flexion avant l\u2019action, et horizontale avec une mise en coh\u00e9rence des missions et de leur financement, il pr\u00e9sente les concepts, outils et m\u00e9thodes majeurs de cette approche.","og_url":"https:\/\/www.istegroup.com\/fr\/produit\/strategie-financiere-du-secteur-public\/","og_site_name":"ISTE Group","article_modified_time":"2024-01-03T13:41:01+00:00","og_image":[{"width":1365,"height":2048,"url":"https:\/\/www.istegroup.com\/wp-content\/uploads\/2017\/07\/12661032644_4976900548-1.jpg","type":"image\/jpeg"}],"twitter_card":"summary_large_image","twitter_misc":{"Est. reading time":"1 minute"},"schema":{"@context":"https:\/\/schema.org","@graph":[{"@type":"WebPage","@id":"https:\/\/www.istegroup.com\/fr\/produit\/strategie-financiere-du-secteur-public\/","url":"https:\/\/www.istegroup.com\/fr\/produit\/strategie-financiere-du-secteur-public\/","name":"Strat\u00e9gie financi\u00e8re du secteur public - ISTE Group","isPartOf":{"@id":"https:\/\/www.istegroup.com\/#website"},"primaryImageOfPage":{"@id":"https:\/\/www.istegroup.com\/fr\/produit\/strategie-financiere-du-secteur-public\/#primaryimage"},"image":{"@id":"https:\/\/www.istegroup.com\/fr\/produit\/strategie-financiere-du-secteur-public\/#primaryimage"},"thumbnailUrl":"https:\/\/www.istegroup.com\/wp-content\/uploads\/2017\/07\/12661032644_4976900548-1.jpg","datePublished":"2017-07-28T13:19:28+00:00","dateModified":"2024-01-03T13:41:01+00:00","description":"Strat\u00e9gie financi\u00e8re du secteur public\u00a0propose un cadre d\u2019analyse int\u00e9gr\u00e9 afin de ma\u00eetriser ces diff\u00e9rents enjeux. Suivant \u00e0 la fois une logique verticale privil\u00e9giant la r\u00e9flexion avant l\u2019action, et horizontale avec une mise en coh\u00e9rence des missions et de leur financement, il pr\u00e9sente les concepts, outils et m\u00e9thodes majeurs de cette approche.","breadcrumb":{"@id":"https:\/\/www.istegroup.com\/fr\/produit\/strategie-financiere-du-secteur-public\/#breadcrumb"},"inLanguage":"fr-FR","potentialAction":[{"@type":"ReadAction","target":["https:\/\/www.istegroup.com\/fr\/produit\/strategie-financiere-du-secteur-public\/"]}]},{"@type":"ImageObject","inLanguage":"fr-FR","@id":"https:\/\/www.istegroup.com\/fr\/produit\/strategie-financiere-du-secteur-public\/#primaryimage","url":"https:\/\/www.istegroup.com\/wp-content\/uploads\/2017\/07\/12661032644_4976900548-1.jpg","contentUrl":"https:\/\/www.istegroup.com\/wp-content\/uploads\/2017\/07\/12661032644_4976900548-1.jpg","width":1365,"height":2048,"caption":"Strat\u00e9gie financi\u00e8re du secteur public"},{"@type":"BreadcrumbList","@id":"https:\/\/www.istegroup.com\/fr\/produit\/strategie-financiere-du-secteur-public\/#breadcrumb","itemListElement":[{"@type":"ListItem","position":1,"name":"Home","item":"https:\/\/www.istegroup.com\/"},{"@type":"ListItem","position":2,"name":"Shop","item":"https:\/\/www.istegroup.com\/fr\/nouveautes\/"},{"@type":"ListItem","position":3,"name":"Strat\u00e9gie financi\u00e8re du secteur public"}]},{"@type":"WebSite","@id":"https:\/\/www.istegroup.com\/#website","url":"https:\/\/www.istegroup.com\/","name":"ISTE Group","description":"\u00c9diteur des Sciences","potentialAction":[{"@type":"SearchAction","target":{"@type":"EntryPoint","urlTemplate":"https:\/\/www.istegroup.com\/?s={search_term_string}"},"query-input":{"@type":"PropertyValueSpecification","valueRequired":true,"valueName":"search_term_string"}}],"inLanguage":"fr-FR"}]}},"_links":{"self":[{"href":"https:\/\/www.istegroup.com\/fr\/wp-json\/wp\/v2\/product\/614","targetHints":{"allow":["GET"]}}],"collection":[{"href":"https:\/\/www.istegroup.com\/fr\/wp-json\/wp\/v2\/product"}],"about":[{"href":"https:\/\/www.istegroup.com\/fr\/wp-json\/wp\/v2\/types\/product"}],"wp:featuredmedia":[{"embeddable":true,"href":"https:\/\/www.istegroup.com\/fr\/wp-json\/wp\/v2\/media\/615"}],"wp:attachment":[{"href":"https:\/\/www.istegroup.com\/fr\/wp-json\/wp\/v2\/media?parent=614"}],"wp:term":[{"taxonomy":"product_brand","embeddable":true,"href":"https:\/\/www.istegroup.com\/fr\/wp-json\/wp\/v2\/product_brand?post=614"},{"taxonomy":"product_cat","embeddable":true,"href":"https:\/\/www.istegroup.com\/fr\/wp-json\/wp\/v2\/product_cat?post=614"},{"taxonomy":"product_tag","embeddable":true,"href":"https:\/\/www.istegroup.com\/fr\/wp-json\/wp\/v2\/product_tag?post=614"}],"curies":[{"name":"wp","href":"https:\/\/api.w.org\/{rel}","templated":true}]}}