{"id":61311,"date":"2025-08-01T11:12:26","date_gmt":"2025-08-01T10:12:26","guid":{"rendered":"https:\/\/www.istegroup.com\/?post_type=product&#038;p=61311"},"modified":"2026-02-23T10:29:45","modified_gmt":"2026-02-23T10:29:45","slug":"dispositifs-numeriques-connectes-en-sante","status":"publish","type":"product","link":"https:\/\/www.istegroup.com\/fr\/produit\/dispositifs-numeriques-connectes-en-sante\/","title":{"rendered":"Dispositifs num\u00e9riques connect\u00e9s en sant\u00e9"},"content":{"rendered":"<p><em>Dispositifs num\u00e9riques connect\u00e9s en sant\u00e9<\/em> est un ouvrage collectif qui rend compte du d\u00e9ploiement des technologies num\u00e9riques dans le domaine de la sant\u00e9, afin de comprendre les logiques sous-jacentes qui, depuis la fin du XXe si\u00e8cle, structurent et organisent le champ sanitaire et les pratiques soignantes.<\/p>\n<p>Ce nouveau volume de la s\u00e9rie \u00ab Informatique et soci\u00e9t\u00e9 connect\u00e9es \u00bb examine les transformations contemporaines du secteur de la sant\u00e9, en analysant comment les dynamiques qui le structurent \u00e9voluent selon le d\u00e9ploiement acc\u00e9l\u00e9r\u00e9 des innovations num\u00e9riques. Cette analyse originale explore les enjeux de ces mutations en mati\u00e8re de risques juridiques, de pratiques sociales, de socio\u00e9conomie de l\u2019e-sant\u00e9, ainsi que de la gouvernance de la sant\u00e9 par les donn\u00e9es des patients. Enfin, l\u2019ouvrage identifie plusieurs tendances \u00e9volutives majeures, ouvrant le d\u00e9bat sur les contours du monde sanitaire de demain.<\/p>\n","protected":false},"excerpt":{"rendered":"<p>Dispositifs num\u00e9riques connect\u00e9s en sant\u00e9 est un ouvrage collectif qui rend compte du d\u00e9ploiement des technologies num\u00e9riques dans le domaine de la sant\u00e9, afin de comprendre les logiques sous-jacentes qui, depuis la fin du XXe si\u00e8cle, structurent et organisent le champ sanitaire et les pratiques soignantes. Ce nouveau volume de la s\u00e9rie \u00ab Informatique et [&hellip;]<\/p>\n","protected":false},"featured_media":61320,"template":"","meta":{"_acf_changed":false,"_links_to":"","_links_to_target":""},"product_brand":[],"product_cat":[707],"product_tag":[],"class_list":{"0":"post-61311","1":"product","2":"type-product","3":"status-publish","4":"has-post-thumbnail","6":"product_cat-systmes-dinformation-web-et-socit-12506570","8":"first","9":"instock","10":"shipping-taxable","11":"purchasable","12":"product-type-variable"},"acf":[],"yoast_head":"<!-- This site is optimized with the Yoast SEO plugin v27.2 - https:\/\/yoast.com\/product\/yoast-seo-wordpress\/ -->\n<title>Dispositifs num\u00e9riques connect\u00e9s en sant\u00e9 - ISTE Group<\/title>\n<meta name=\"description\" content=\"Dispositifs num\u00e9riques connect\u00e9s en sant\u00e9 est un ouvrage collectif qui rend compte du d\u00e9ploiement des technologies num\u00e9riques dans le domaine de la sant\u00e9, afin de comprendre les logiques sous-jacentes qui, depuis la fin du XXe si\u00e8cle, structurent et organisent le champ sanitaire et les pratiques soignantes.\" \/>\n<meta name=\"robots\" content=\"index, follow, max-snippet:-1, max-image-preview:large, max-video-preview:-1\" \/>\n<link rel=\"canonical\" href=\"https:\/\/www.istegroup.com\/produit\/dispositifs-numeriques-connectes-en-sante\/\" \/>\n<meta property=\"og:locale\" content=\"fr_FR\" \/>\n<meta property=\"og:type\" content=\"article\" \/>\n<meta property=\"og:title\" content=\"Dispositifs num\u00e9riques connect\u00e9s en sant\u00e9 - ISTE Group\" \/>\n<meta property=\"og:description\" content=\"Dispositifs num\u00e9riques connect\u00e9s en sant\u00e9 est un ouvrage collectif qui rend compte du d\u00e9ploiement des technologies num\u00e9riques dans le domaine de la sant\u00e9, afin de comprendre les logiques sous-jacentes qui, depuis la fin du XXe si\u00e8cle, structurent et organisent le champ sanitaire et les pratiques soignantes.\" \/>\n<meta property=\"og:url\" content=\"https:\/\/www.istegroup.com\/produit\/dispositifs-numeriques-connectes-en-sante\/\" \/>\n<meta property=\"og:site_name\" content=\"ISTE Group\" \/>\n<meta property=\"article:modified_time\" content=\"2026-02-23T10:29:45+00:00\" \/>\n<meta property=\"og:image\" content=\"https:\/\/www.istegroup.com\/wp-content\/uploads\/2025\/08\/Dispositifs-numeriques-connectes-en-sante_front.jpg\" \/>\n\t<meta property=\"og:image:width\" content=\"597\" \/>\n\t<meta property=\"og:image:height\" content=\"895\" \/>\n\t<meta property=\"og:image:type\" content=\"image\/jpeg\" \/>\n<meta name=\"twitter:card\" content=\"summary_large_image\" \/>\n<meta name=\"twitter:label1\" content=\"Est. reading time\" \/>\n\t<meta name=\"twitter:data1\" content=\"1 minute\" \/>\n<script type=\"application\/ld+json\" class=\"yoast-schema-graph\">{\"@context\":\"https:\/\/schema.org\",\"@graph\":[{\"@type\":\"WebPage\",\"@id\":\"https:\/\/www.istegroup.com\/produit\/dispositifs-numeriques-connectes-en-sante\/\",\"url\":\"https:\/\/www.istegroup.com\/produit\/dispositifs-numeriques-connectes-en-sante\/\",\"name\":\"Dispositifs num\u00e9riques connect\u00e9s en sant\u00e9 - ISTE Group\",\"isPartOf\":{\"@id\":\"https:\/\/www.istegroup.com\/#website\"},\"primaryImageOfPage\":{\"@id\":\"https:\/\/www.istegroup.com\/produit\/dispositifs-numeriques-connectes-en-sante\/#primaryimage\"},\"image\":{\"@id\":\"https:\/\/www.istegroup.com\/produit\/dispositifs-numeriques-connectes-en-sante\/#primaryimage\"},\"thumbnailUrl\":\"https:\/\/www.istegroup.com\/wp-content\/uploads\/2025\/08\/Dispositifs-numeriques-connectes-en-sante_front.jpg\",\"datePublished\":\"2025-08-01T10:12:26+00:00\",\"dateModified\":\"2026-02-23T10:29:45+00:00\",\"description\":\"Dispositifs num\u00e9riques connect\u00e9s en sant\u00e9 est un ouvrage collectif qui rend compte du d\u00e9ploiement des technologies num\u00e9riques dans le domaine de la sant\u00e9, afin de comprendre les logiques sous-jacentes qui, depuis la fin du XXe si\u00e8cle, structurent et organisent le champ sanitaire et les pratiques soignantes.\",\"breadcrumb\":{\"@id\":\"https:\/\/www.istegroup.com\/produit\/dispositifs-numeriques-connectes-en-sante\/#breadcrumb\"},\"inLanguage\":\"fr-FR\",\"potentialAction\":[{\"@type\":\"ReadAction\",\"target\":[\"https:\/\/www.istegroup.com\/produit\/dispositifs-numeriques-connectes-en-sante\/\"]}]},{\"@type\":\"ImageObject\",\"inLanguage\":\"fr-FR\",\"@id\":\"https:\/\/www.istegroup.com\/produit\/dispositifs-numeriques-connectes-en-sante\/#primaryimage\",\"url\":\"https:\/\/www.istegroup.com\/wp-content\/uploads\/2025\/08\/Dispositifs-numeriques-connectes-en-sante_front.jpg\",\"contentUrl\":\"https:\/\/www.istegroup.com\/wp-content\/uploads\/2025\/08\/Dispositifs-numeriques-connectes-en-sante_front.jpg\",\"width\":597,\"height\":895},{\"@type\":\"BreadcrumbList\",\"@id\":\"https:\/\/www.istegroup.com\/produit\/dispositifs-numeriques-connectes-en-sante\/#breadcrumb\",\"itemListElement\":[{\"@type\":\"ListItem\",\"position\":1,\"name\":\"Home\",\"item\":\"https:\/\/www.istegroup.com\/\"},{\"@type\":\"ListItem\",\"position\":2,\"name\":\"Shop\",\"item\":\"https:\/\/www.istegroup.com\/fr\/nouveautes\/\"},{\"@type\":\"ListItem\",\"position\":3,\"name\":\"Dispositifs num\u00e9riques connect\u00e9s en sant\u00e9\"}]},{\"@type\":\"WebSite\",\"@id\":\"https:\/\/www.istegroup.com\/#website\",\"url\":\"https:\/\/www.istegroup.com\/\",\"name\":\"ISTE Group\",\"description\":\"\u00c9diteur des Sciences\",\"potentialAction\":[{\"@type\":\"SearchAction\",\"target\":{\"@type\":\"EntryPoint\",\"urlTemplate\":\"https:\/\/www.istegroup.com\/?s={search_term_string}\"},\"query-input\":{\"@type\":\"PropertyValueSpecification\",\"valueRequired\":true,\"valueName\":\"search_term_string\"}}],\"inLanguage\":\"fr-FR\"}]}<\/script>\n<!-- \/ Yoast SEO plugin. -->","yoast_head_json":{"title":"Dispositifs num\u00e9riques connect\u00e9s en sant\u00e9 - ISTE Group","description":"Dispositifs num\u00e9riques connect\u00e9s en sant\u00e9 est un ouvrage collectif qui rend compte du d\u00e9ploiement des technologies num\u00e9riques dans le domaine de la sant\u00e9, afin de comprendre les logiques sous-jacentes qui, depuis la fin du XXe si\u00e8cle, structurent et organisent le champ sanitaire et les pratiques soignantes.","robots":{"index":"index","follow":"follow","max-snippet":"max-snippet:-1","max-image-preview":"max-image-preview:large","max-video-preview":"max-video-preview:-1"},"canonical":"https:\/\/www.istegroup.com\/produit\/dispositifs-numeriques-connectes-en-sante\/","og_locale":"fr_FR","og_type":"article","og_title":"Dispositifs num\u00e9riques connect\u00e9s en sant\u00e9 - ISTE Group","og_description":"Dispositifs num\u00e9riques connect\u00e9s en sant\u00e9 est un ouvrage collectif qui rend compte du d\u00e9ploiement des technologies num\u00e9riques dans le domaine de la sant\u00e9, afin de comprendre les logiques sous-jacentes qui, depuis la fin du XXe si\u00e8cle, structurent et organisent le champ sanitaire et les pratiques soignantes.","og_url":"https:\/\/www.istegroup.com\/produit\/dispositifs-numeriques-connectes-en-sante\/","og_site_name":"ISTE Group","article_modified_time":"2026-02-23T10:29:45+00:00","og_image":[{"width":597,"height":895,"url":"https:\/\/www.istegroup.com\/wp-content\/uploads\/2025\/08\/Dispositifs-numeriques-connectes-en-sante_front.jpg","type":"image\/jpeg"}],"twitter_card":"summary_large_image","twitter_misc":{"Est. reading time":"1 minute"},"schema":{"@context":"https:\/\/schema.org","@graph":[{"@type":"WebPage","@id":"https:\/\/www.istegroup.com\/produit\/dispositifs-numeriques-connectes-en-sante\/","url":"https:\/\/www.istegroup.com\/produit\/dispositifs-numeriques-connectes-en-sante\/","name":"Dispositifs num\u00e9riques connect\u00e9s en sant\u00e9 - ISTE Group","isPartOf":{"@id":"https:\/\/www.istegroup.com\/#website"},"primaryImageOfPage":{"@id":"https:\/\/www.istegroup.com\/produit\/dispositifs-numeriques-connectes-en-sante\/#primaryimage"},"image":{"@id":"https:\/\/www.istegroup.com\/produit\/dispositifs-numeriques-connectes-en-sante\/#primaryimage"},"thumbnailUrl":"https:\/\/www.istegroup.com\/wp-content\/uploads\/2025\/08\/Dispositifs-numeriques-connectes-en-sante_front.jpg","datePublished":"2025-08-01T10:12:26+00:00","dateModified":"2026-02-23T10:29:45+00:00","description":"Dispositifs num\u00e9riques connect\u00e9s en sant\u00e9 est un ouvrage collectif qui rend compte du d\u00e9ploiement des technologies num\u00e9riques dans le domaine de la sant\u00e9, afin de comprendre les logiques sous-jacentes qui, depuis la fin du XXe si\u00e8cle, structurent et organisent le champ sanitaire et les pratiques soignantes.","breadcrumb":{"@id":"https:\/\/www.istegroup.com\/produit\/dispositifs-numeriques-connectes-en-sante\/#breadcrumb"},"inLanguage":"fr-FR","potentialAction":[{"@type":"ReadAction","target":["https:\/\/www.istegroup.com\/produit\/dispositifs-numeriques-connectes-en-sante\/"]}]},{"@type":"ImageObject","inLanguage":"fr-FR","@id":"https:\/\/www.istegroup.com\/produit\/dispositifs-numeriques-connectes-en-sante\/#primaryimage","url":"https:\/\/www.istegroup.com\/wp-content\/uploads\/2025\/08\/Dispositifs-numeriques-connectes-en-sante_front.jpg","contentUrl":"https:\/\/www.istegroup.com\/wp-content\/uploads\/2025\/08\/Dispositifs-numeriques-connectes-en-sante_front.jpg","width":597,"height":895},{"@type":"BreadcrumbList","@id":"https:\/\/www.istegroup.com\/produit\/dispositifs-numeriques-connectes-en-sante\/#breadcrumb","itemListElement":[{"@type":"ListItem","position":1,"name":"Home","item":"https:\/\/www.istegroup.com\/"},{"@type":"ListItem","position":2,"name":"Shop","item":"https:\/\/www.istegroup.com\/fr\/nouveautes\/"},{"@type":"ListItem","position":3,"name":"Dispositifs num\u00e9riques connect\u00e9s en sant\u00e9"}]},{"@type":"WebSite","@id":"https:\/\/www.istegroup.com\/#website","url":"https:\/\/www.istegroup.com\/","name":"ISTE Group","description":"\u00c9diteur des Sciences","potentialAction":[{"@type":"SearchAction","target":{"@type":"EntryPoint","urlTemplate":"https:\/\/www.istegroup.com\/?s={search_term_string}"},"query-input":{"@type":"PropertyValueSpecification","valueRequired":true,"valueName":"search_term_string"}}],"inLanguage":"fr-FR"}]}},"_links":{"self":[{"href":"https:\/\/www.istegroup.com\/fr\/wp-json\/wp\/v2\/product\/61311","targetHints":{"allow":["GET"]}}],"collection":[{"href":"https:\/\/www.istegroup.com\/fr\/wp-json\/wp\/v2\/product"}],"about":[{"href":"https:\/\/www.istegroup.com\/fr\/wp-json\/wp\/v2\/types\/product"}],"wp:featuredmedia":[{"embeddable":true,"href":"https:\/\/www.istegroup.com\/fr\/wp-json\/wp\/v2\/media\/61320"}],"wp:attachment":[{"href":"https:\/\/www.istegroup.com\/fr\/wp-json\/wp\/v2\/media?parent=61311"}],"wp:term":[{"taxonomy":"product_brand","embeddable":true,"href":"https:\/\/www.istegroup.com\/fr\/wp-json\/wp\/v2\/product_brand?post=61311"},{"taxonomy":"product_cat","embeddable":true,"href":"https:\/\/www.istegroup.com\/fr\/wp-json\/wp\/v2\/product_cat?post=61311"},{"taxonomy":"product_tag","embeddable":true,"href":"https:\/\/www.istegroup.com\/fr\/wp-json\/wp\/v2\/product_tag?post=61311"}],"curies":[{"name":"wp","href":"https:\/\/api.w.org\/{rel}","templated":true}]}}