{"id":612,"date":"2017-07-28T15:19:24","date_gmt":"2017-07-28T13:19:24","guid":{"rendered":"https:\/\/iste.yhello.co\/product\/strategie-de-management-des-connexions-dans-les-reseaux-cellulaires-satellitaires\/"},"modified":"2025-05-07T11:23:43","modified_gmt":"2025-05-07T10:23:43","slug":"strategie-de-management-des-connexions-dans-les-reseaux-cellulaires-satellitaires","status":"publish","type":"product","link":"https:\/\/www.istegroup.com\/fr\/produit\/strategie-de-management-des-connexions-dans-les-reseaux-cellulaires-satellitaires\/","title":{"rendered":"Strat\u00e9gie de management des connexions dans les r\u00e9seaux cellulaires satellitaires"},"content":{"rendered":"<p>Un syst\u00e8me de positionnement doit \u00eatre int\u00e9gr\u00e9 au MSS afin de localiser les UMs et de les suivre durant leurs connexions au r\u00e9seau.<\/p>\n<p>Cet ouvrage propose une approche originale bas\u00e9e sur les avantages du mod\u00e8le de mobilit\u00e9 des MSS LEO pour l\u2019\u00e9valuation de diff\u00e9rentes informations concernant un UM avec appel en cours, m\u00eame si sa position est inconnue.<\/p>\n<p>Cette m\u00e9thode expose deux strat\u00e9gies de priorit\u00e9 pour requ\u00eates handover, Pseudo\u00a0<em>Last Useful Instant<\/em>\u00a0(PLUI) et\u00a0<em>Dynamic Channel Reservation-like<\/em>\u00a0(DCR-like) bas\u00e9es respectivement sur les strat\u00e9gies LUI et DCR. Un syst\u00e8me de d\u00e9cision\u00a0<em>Rescuing System<\/em>\u00a0(RS) permet ici de r\u00e9soudre les appels de courte dur\u00e9e perdus \u00e0 cause d\u2019un \u00e9chec de la proc\u00e9dure\u00a0<em>handover<\/em>.<\/p>\n<p><em>Strat\u00e9gie de management des connexions dans les r\u00e9seaux cellulaires satellitaires<\/em>\u00a0pr\u00e9sente \u00e9galement une nouvelle r\u00e8gle de Diffserv fond\u00e9e sur la propri\u00e9t\u00e9 de l\u2019allocation de bande passante lors de la congestion, appel\u00e9e Proportionnelle Allocation of Bandwidth (PAB). La PAB peut \u00eatre utilis\u00e9e pour les r\u00e9seaux satellites GEO, MEO et LEO au cours de la congestion. Il montre les avantages d\u2019utiliser la PAB dans les r\u00e9seaux IP par satellite.<\/p>\n","protected":false},"excerpt":{"rendered":"<p>Un syst\u00e8me de positionnement doit \u00eatre int\u00e9gr\u00e9 au MSS afin de localiser les UMs et de les suivre durant leurs connexions au r\u00e9seau. Cet ouvrage propose une approche originale bas\u00e9e sur les avantages du mod\u00e8le de mobilit\u00e9 des MSS LEO pour l\u2019\u00e9valuation de diff\u00e9rentes informations concernant un UM avec appel en cours, m\u00eame si sa [&hellip;]<\/p>\n","protected":false},"featured_media":613,"template":"","meta":{"_acf_changed":false,"_links_to":"","_links_to_target":""},"product_brand":[],"product_cat":[679],"product_tag":[2284,2285,31,196,2286,2287,966,197,198,199,21,200,22,201,203,204,63,25,172,209,2288,968,2289,2290,212,38,192,145,28,2291,2293,2292,1582,2294,2295,2296,2297],"class_list":{"0":"post-612","1":"product","2":"type-product","3":"status-publish","4":"has-post-thumbnail","6":"product_cat-rseaux-et-tlcommunications-12506534","7":"product_tag-connexions","8":"product_tag-dcr","9":"product_tag-ebook","10":"product_tag-ebooks","11":"product_tag-fca_qh","12":"product_tag-geo","13":"product_tag-hadj-batatia","14":"product_tag-iste","15":"product_tag-iste-edition","16":"product_tag-iste-editions","17":"product_tag-iste-group","18":"product_tag-isteedition","19":"product_tag-istegroup","20":"product_tag-kindle","21":"product_tag-liseuse","22":"product_tag-livre","23":"product_tag-livre-electronique","24":"product_tag-livre-numerique","25":"product_tag-livre-scientifique","26":"product_tag-livres-scientifiques","27":"product_tag-lui","28":"product_tag-malek-benslama","29":"product_tag-meo","30":"product_tag-mss-leo","31":"product_tag-ouvrage","32":"product_tag-ouvrage-numerique","33":"product_tag-ouvrage-science","34":"product_tag-ouvrage-scientifique","35":"product_tag-ouvrage-scientifique-francais","36":"product_tag-pab","37":"product_tag-reseaux-cellulaires-satellitaires","38":"product_tag-rs","39":"product_tag-simulations","40":"product_tag-strategie-de-management","41":"product_tag-teletrafic","42":"product_tag-um","43":"product_tag-wassila-kiamouche","45":"first","46":"instock","47":"shipping-taxable","48":"purchasable","49":"product-type-variable"},"acf":[],"yoast_head":"<!-- This site is optimized with the Yoast SEO plugin v27.2 - https:\/\/yoast.com\/product\/yoast-seo-wordpress\/ -->\n<title>Strat\u00e9gie de management des connexions dans les r\u00e9seaux cellulaires satellitaires - ISTE Group<\/title>\n<meta name=\"description\" content=\"Strat\u00e9gie de management des connexions dans les r\u00e9seaux cellulaires satellitaires propose une approche originale bas\u00e9e sur les avantages du mod\u00e8le de mobilit\u00e9 des MSS LEO pour l\u2019\u00e9valuation de diff\u00e9rentes informations concernant un UM avec appel en cours, m\u00eame si sa position est inconnue.\" \/>\n<meta name=\"robots\" content=\"index, follow, max-snippet:-1, max-image-preview:large, max-video-preview:-1\" \/>\n<link rel=\"canonical\" href=\"https:\/\/www.istegroup.com\/fr\/produit\/strategie-de-management-des-connexions-dans-les-reseaux-cellulaires-satellitaires\/\" \/>\n<meta property=\"og:locale\" content=\"fr_FR\" \/>\n<meta property=\"og:type\" content=\"article\" \/>\n<meta property=\"og:title\" content=\"Strat\u00e9gie de management des connexions dans les r\u00e9seaux cellulaires satellitaires - ISTE Group\" \/>\n<meta property=\"og:description\" content=\"Strat\u00e9gie de management des connexions dans les r\u00e9seaux cellulaires satellitaires propose une approche originale bas\u00e9e sur les avantages du mod\u00e8le de mobilit\u00e9 des MSS LEO pour l\u2019\u00e9valuation de diff\u00e9rentes informations concernant un UM avec appel en cours, m\u00eame si sa position est inconnue.\" \/>\n<meta property=\"og:url\" content=\"https:\/\/www.istegroup.com\/fr\/produit\/strategie-de-management-des-connexions-dans-les-reseaux-cellulaires-satellitaires\/\" \/>\n<meta property=\"og:site_name\" content=\"ISTE Group\" \/>\n<meta property=\"article:modified_time\" content=\"2025-05-07T10:23:43+00:00\" \/>\n<meta property=\"og:image\" content=\"https:\/\/www.istegroup.com\/wp-content\/uploads\/2017\/07\/1196797212_415922444-1.jpg\" \/>\n\t<meta property=\"og:image:width\" content=\"300\" \/>\n\t<meta property=\"og:image:height\" content=\"452\" \/>\n\t<meta property=\"og:image:type\" content=\"image\/jpeg\" \/>\n<meta name=\"twitter:card\" content=\"summary_large_image\" \/>\n<meta name=\"twitter:label1\" content=\"Est. reading time\" \/>\n\t<meta name=\"twitter:data1\" content=\"1 minute\" \/>\n<script type=\"application\/ld+json\" class=\"yoast-schema-graph\">{\"@context\":\"https:\/\/schema.org\",\"@graph\":[{\"@type\":\"WebPage\",\"@id\":\"https:\/\/www.istegroup.com\/fr\/produit\/strategie-de-management-des-connexions-dans-les-reseaux-cellulaires-satellitaires\/\",\"url\":\"https:\/\/www.istegroup.com\/fr\/produit\/strategie-de-management-des-connexions-dans-les-reseaux-cellulaires-satellitaires\/\",\"name\":\"Strat\u00e9gie de management des connexions dans les r\u00e9seaux cellulaires satellitaires - ISTE Group\",\"isPartOf\":{\"@id\":\"https:\/\/www.istegroup.com\/#website\"},\"primaryImageOfPage\":{\"@id\":\"https:\/\/www.istegroup.com\/fr\/produit\/strategie-de-management-des-connexions-dans-les-reseaux-cellulaires-satellitaires\/#primaryimage\"},\"image\":{\"@id\":\"https:\/\/www.istegroup.com\/fr\/produit\/strategie-de-management-des-connexions-dans-les-reseaux-cellulaires-satellitaires\/#primaryimage\"},\"thumbnailUrl\":\"https:\/\/www.istegroup.com\/wp-content\/uploads\/2017\/07\/1196797212_415922444-1.jpg\",\"datePublished\":\"2017-07-28T13:19:24+00:00\",\"dateModified\":\"2025-05-07T10:23:43+00:00\",\"description\":\"Strat\u00e9gie de management des connexions dans les r\u00e9seaux cellulaires satellitaires propose une approche originale bas\u00e9e sur les avantages du mod\u00e8le de mobilit\u00e9 des MSS LEO pour l\u2019\u00e9valuation de diff\u00e9rentes informations concernant un UM avec appel en cours, m\u00eame si sa position est inconnue.\",\"breadcrumb\":{\"@id\":\"https:\/\/www.istegroup.com\/fr\/produit\/strategie-de-management-des-connexions-dans-les-reseaux-cellulaires-satellitaires\/#breadcrumb\"},\"inLanguage\":\"fr-FR\",\"potentialAction\":[{\"@type\":\"ReadAction\",\"target\":[\"https:\/\/www.istegroup.com\/fr\/produit\/strategie-de-management-des-connexions-dans-les-reseaux-cellulaires-satellitaires\/\"]}]},{\"@type\":\"ImageObject\",\"inLanguage\":\"fr-FR\",\"@id\":\"https:\/\/www.istegroup.com\/fr\/produit\/strategie-de-management-des-connexions-dans-les-reseaux-cellulaires-satellitaires\/#primaryimage\",\"url\":\"https:\/\/www.istegroup.com\/wp-content\/uploads\/2017\/07\/1196797212_415922444-1.jpg\",\"contentUrl\":\"https:\/\/www.istegroup.com\/wp-content\/uploads\/2017\/07\/1196797212_415922444-1.jpg\",\"width\":300,\"height\":452,\"caption\":\"Strat\u00e9gie de management des connexions dans les r\u00e9seaux cellulaires satellitaires\"},{\"@type\":\"BreadcrumbList\",\"@id\":\"https:\/\/www.istegroup.com\/fr\/produit\/strategie-de-management-des-connexions-dans-les-reseaux-cellulaires-satellitaires\/#breadcrumb\",\"itemListElement\":[{\"@type\":\"ListItem\",\"position\":1,\"name\":\"Home\",\"item\":\"https:\/\/www.istegroup.com\/\"},{\"@type\":\"ListItem\",\"position\":2,\"name\":\"Shop\",\"item\":\"https:\/\/www.istegroup.com\/fr\/nouveautes\/\"},{\"@type\":\"ListItem\",\"position\":3,\"name\":\"Strat\u00e9gie de management des connexions dans les r\u00e9seaux cellulaires satellitaires\"}]},{\"@type\":\"WebSite\",\"@id\":\"https:\/\/www.istegroup.com\/#website\",\"url\":\"https:\/\/www.istegroup.com\/\",\"name\":\"ISTE Group\",\"description\":\"\u00c9diteur des Sciences\",\"potentialAction\":[{\"@type\":\"SearchAction\",\"target\":{\"@type\":\"EntryPoint\",\"urlTemplate\":\"https:\/\/www.istegroup.com\/?s={search_term_string}\"},\"query-input\":{\"@type\":\"PropertyValueSpecification\",\"valueRequired\":true,\"valueName\":\"search_term_string\"}}],\"inLanguage\":\"fr-FR\"}]}<\/script>\n<!-- \/ Yoast SEO plugin. -->","yoast_head_json":{"title":"Strat\u00e9gie de management des connexions dans les r\u00e9seaux cellulaires satellitaires - ISTE Group","description":"Strat\u00e9gie de management des connexions dans les r\u00e9seaux cellulaires satellitaires propose une approche originale bas\u00e9e sur les avantages du mod\u00e8le de mobilit\u00e9 des MSS LEO pour l\u2019\u00e9valuation de diff\u00e9rentes informations concernant un UM avec appel en cours, m\u00eame si sa position est inconnue.","robots":{"index":"index","follow":"follow","max-snippet":"max-snippet:-1","max-image-preview":"max-image-preview:large","max-video-preview":"max-video-preview:-1"},"canonical":"https:\/\/www.istegroup.com\/fr\/produit\/strategie-de-management-des-connexions-dans-les-reseaux-cellulaires-satellitaires\/","og_locale":"fr_FR","og_type":"article","og_title":"Strat\u00e9gie de management des connexions dans les r\u00e9seaux cellulaires satellitaires - ISTE Group","og_description":"Strat\u00e9gie de management des connexions dans les r\u00e9seaux cellulaires satellitaires propose une approche originale bas\u00e9e sur les avantages du mod\u00e8le de mobilit\u00e9 des MSS LEO pour l\u2019\u00e9valuation de diff\u00e9rentes informations concernant un UM avec appel en cours, m\u00eame si sa position est inconnue.","og_url":"https:\/\/www.istegroup.com\/fr\/produit\/strategie-de-management-des-connexions-dans-les-reseaux-cellulaires-satellitaires\/","og_site_name":"ISTE Group","article_modified_time":"2025-05-07T10:23:43+00:00","og_image":[{"width":300,"height":452,"url":"https:\/\/www.istegroup.com\/wp-content\/uploads\/2017\/07\/1196797212_415922444-1.jpg","type":"image\/jpeg"}],"twitter_card":"summary_large_image","twitter_misc":{"Est. reading time":"1 minute"},"schema":{"@context":"https:\/\/schema.org","@graph":[{"@type":"WebPage","@id":"https:\/\/www.istegroup.com\/fr\/produit\/strategie-de-management-des-connexions-dans-les-reseaux-cellulaires-satellitaires\/","url":"https:\/\/www.istegroup.com\/fr\/produit\/strategie-de-management-des-connexions-dans-les-reseaux-cellulaires-satellitaires\/","name":"Strat\u00e9gie de management des connexions dans les r\u00e9seaux cellulaires satellitaires - ISTE Group","isPartOf":{"@id":"https:\/\/www.istegroup.com\/#website"},"primaryImageOfPage":{"@id":"https:\/\/www.istegroup.com\/fr\/produit\/strategie-de-management-des-connexions-dans-les-reseaux-cellulaires-satellitaires\/#primaryimage"},"image":{"@id":"https:\/\/www.istegroup.com\/fr\/produit\/strategie-de-management-des-connexions-dans-les-reseaux-cellulaires-satellitaires\/#primaryimage"},"thumbnailUrl":"https:\/\/www.istegroup.com\/wp-content\/uploads\/2017\/07\/1196797212_415922444-1.jpg","datePublished":"2017-07-28T13:19:24+00:00","dateModified":"2025-05-07T10:23:43+00:00","description":"Strat\u00e9gie de management des connexions dans les r\u00e9seaux cellulaires satellitaires propose une approche originale bas\u00e9e sur les avantages du mod\u00e8le de mobilit\u00e9 des MSS LEO pour l\u2019\u00e9valuation de diff\u00e9rentes informations concernant un UM avec appel en cours, m\u00eame si sa position est inconnue.","breadcrumb":{"@id":"https:\/\/www.istegroup.com\/fr\/produit\/strategie-de-management-des-connexions-dans-les-reseaux-cellulaires-satellitaires\/#breadcrumb"},"inLanguage":"fr-FR","potentialAction":[{"@type":"ReadAction","target":["https:\/\/www.istegroup.com\/fr\/produit\/strategie-de-management-des-connexions-dans-les-reseaux-cellulaires-satellitaires\/"]}]},{"@type":"ImageObject","inLanguage":"fr-FR","@id":"https:\/\/www.istegroup.com\/fr\/produit\/strategie-de-management-des-connexions-dans-les-reseaux-cellulaires-satellitaires\/#primaryimage","url":"https:\/\/www.istegroup.com\/wp-content\/uploads\/2017\/07\/1196797212_415922444-1.jpg","contentUrl":"https:\/\/www.istegroup.com\/wp-content\/uploads\/2017\/07\/1196797212_415922444-1.jpg","width":300,"height":452,"caption":"Strat\u00e9gie de management des connexions dans les r\u00e9seaux cellulaires satellitaires"},{"@type":"BreadcrumbList","@id":"https:\/\/www.istegroup.com\/fr\/produit\/strategie-de-management-des-connexions-dans-les-reseaux-cellulaires-satellitaires\/#breadcrumb","itemListElement":[{"@type":"ListItem","position":1,"name":"Home","item":"https:\/\/www.istegroup.com\/"},{"@type":"ListItem","position":2,"name":"Shop","item":"https:\/\/www.istegroup.com\/fr\/nouveautes\/"},{"@type":"ListItem","position":3,"name":"Strat\u00e9gie de management des connexions dans les r\u00e9seaux cellulaires satellitaires"}]},{"@type":"WebSite","@id":"https:\/\/www.istegroup.com\/#website","url":"https:\/\/www.istegroup.com\/","name":"ISTE Group","description":"\u00c9diteur des Sciences","potentialAction":[{"@type":"SearchAction","target":{"@type":"EntryPoint","urlTemplate":"https:\/\/www.istegroup.com\/?s={search_term_string}"},"query-input":{"@type":"PropertyValueSpecification","valueRequired":true,"valueName":"search_term_string"}}],"inLanguage":"fr-FR"}]}},"_links":{"self":[{"href":"https:\/\/www.istegroup.com\/fr\/wp-json\/wp\/v2\/product\/612","targetHints":{"allow":["GET"]}}],"collection":[{"href":"https:\/\/www.istegroup.com\/fr\/wp-json\/wp\/v2\/product"}],"about":[{"href":"https:\/\/www.istegroup.com\/fr\/wp-json\/wp\/v2\/types\/product"}],"wp:featuredmedia":[{"embeddable":true,"href":"https:\/\/www.istegroup.com\/fr\/wp-json\/wp\/v2\/media\/613"}],"wp:attachment":[{"href":"https:\/\/www.istegroup.com\/fr\/wp-json\/wp\/v2\/media?parent=612"}],"wp:term":[{"taxonomy":"product_brand","embeddable":true,"href":"https:\/\/www.istegroup.com\/fr\/wp-json\/wp\/v2\/product_brand?post=612"},{"taxonomy":"product_cat","embeddable":true,"href":"https:\/\/www.istegroup.com\/fr\/wp-json\/wp\/v2\/product_cat?post=612"},{"taxonomy":"product_tag","embeddable":true,"href":"https:\/\/www.istegroup.com\/fr\/wp-json\/wp\/v2\/product_tag?post=612"}],"curies":[{"name":"wp","href":"https:\/\/api.w.org\/{rel}","templated":true}]}}