{"id":61001,"date":"2025-07-16T09:25:20","date_gmt":"2025-07-16T08:25:20","guid":{"rendered":"https:\/\/www.istegroup.com\/?post_type=product&#038;p=61001"},"modified":"2025-07-28T13:50:32","modified_gmt":"2025-07-28T12:50:32","slug":"une-approche-historique-des-materiaux-sous-irradiation","status":"publish","type":"product","link":"https:\/\/www.istegroup.com\/fr\/produit\/une-approche-historique-des-materiaux-sous-irradiation\/","title":{"rendered":"Une approche historique des mat\u00e9riaux sous irradiation"},"content":{"rendered":"<p>D\u00e8s l&rsquo;Antiquit\u00e9, les notions de puret\u00e9 et de d\u00e9sordre furent \u00e9voqu\u00e9es pour expliquer les diff\u00e9rentes propri\u00e9t\u00e9s des mat\u00e9riaux. C&rsquo;est avec les premiers moyens d&rsquo;irradiation que les approches des g\u00e9ologues furent supplant\u00e9es par celles des physiciens. Les premi\u00e8res observations port\u00e8rent sur les changements de couleurs des cristaux, mais les interrogations sur la tenue sous irradiation des composants des premi\u00e8res piles atomiques furent \u00e0 l&rsquo;origine de l&rsquo;essor des \u00e9tudes d&rsquo;irradiation.<\/p>\n<p>\u00c0 la suite de ces \u00e9l\u00e9ments introductifs, l\u2019ouvrage pr\u00e9sente les approches historiques du transport des particules et des m\u00e9canismes de cr\u00e9ation de d\u00e9fauts induits par irradiation. Cinq grands th\u00e8mes sont ensuite d\u00e9velopp\u00e9s, retra\u00e7ant l\u2019histoire des irradiations selon les types de mat\u00e9riaux : m\u00e9taux, semi-conducteurs, isolants iono-covalents, polym\u00e8res, ainsi que la radiolyse des liquides. Enfin, les moyens d\u2019irradiation disponibles et les principales applications des irradiations font l\u2019objet des deux derniers d\u00e9veloppements.<\/p>\n<p>Les chercheurs et les \u00e9tudiants ne disposent aujourd\u2019hui d&rsquo;aucun ouvrage permettant de remonter \u00e0 l&rsquo;origine des concepts expliquant le comportement des mat\u00e9riaux sous irradiation. Ce livre comble cette lacune.<\/p>\n","protected":false},"excerpt":{"rendered":"<p>D\u00e8s l&rsquo;Antiquit\u00e9, les notions de puret\u00e9 et de d\u00e9sordre furent \u00e9voqu\u00e9es pour expliquer les diff\u00e9rentes propri\u00e9t\u00e9s des mat\u00e9riaux. C&rsquo;est avec les premiers moyens d&rsquo;irradiation que les approches des g\u00e9ologues furent supplant\u00e9es par celles des physiciens. Les premi\u00e8res observations port\u00e8rent sur les changements de couleurs des cristaux, mais les interrogations sur la tenue sous irradiation des [&hellip;]<\/p>\n","protected":false},"featured_media":61012,"template":"","meta":{"_acf_changed":false,"_links_to":"","_links_to_target":""},"product_brand":[],"product_cat":[4289],"product_tag":[],"class_list":{"0":"post-61001","1":"product","2":"type-product","3":"status-publish","4":"has-post-thumbnail","6":"product_cat-sciences","8":"first","9":"instock","10":"shipping-taxable","11":"purchasable","12":"product-type-variable"},"acf":[],"yoast_head":"<!-- This site is optimized with the Yoast SEO plugin v27.2 - https:\/\/yoast.com\/product\/yoast-seo-wordpress\/ -->\n<title>Une approche historique des mat\u00e9riaux sous irradiation - ISTE Group<\/title>\n<meta name=\"description\" content=\"L\u2019ouvrage pr\u00e9sente les approches historiques du transport des particules et des m\u00e9canismes de cr\u00e9ation de d\u00e9fauts induits par irradiation.\" \/>\n<meta name=\"robots\" content=\"index, follow, max-snippet:-1, max-image-preview:large, max-video-preview:-1\" \/>\n<link rel=\"canonical\" href=\"https:\/\/www.istegroup.com\/produit\/une-approche-historique-des-materiaux-sous-irradiation\/\" \/>\n<meta property=\"og:locale\" content=\"fr_FR\" \/>\n<meta property=\"og:type\" content=\"article\" \/>\n<meta property=\"og:title\" content=\"Une approche historique des mat\u00e9riaux sous irradiation - ISTE Group\" \/>\n<meta property=\"og:description\" content=\"L\u2019ouvrage pr\u00e9sente les approches historiques du transport des particules et des m\u00e9canismes de cr\u00e9ation de d\u00e9fauts induits par irradiation.\" \/>\n<meta property=\"og:url\" content=\"https:\/\/www.istegroup.com\/produit\/une-approche-historique-des-materiaux-sous-irradiation\/\" \/>\n<meta property=\"og:site_name\" content=\"ISTE Group\" \/>\n<meta property=\"article:modified_time\" content=\"2025-07-28T12:50:32+00:00\" \/>\n<meta property=\"og:image\" content=\"https:\/\/www.istegroup.com\/wp-content\/uploads\/2025\/07\/Une-approche-historique-des-materiaux-sous-irradiation.jpeg\" \/>\n\t<meta property=\"og:image:width\" content=\"300\" \/>\n\t<meta property=\"og:image:height\" content=\"450\" \/>\n\t<meta property=\"og:image:type\" content=\"image\/jpeg\" \/>\n<meta name=\"twitter:card\" content=\"summary_large_image\" \/>\n<meta name=\"twitter:label1\" content=\"Est. reading time\" \/>\n\t<meta name=\"twitter:data1\" content=\"2 minutes\" \/>\n<script type=\"application\/ld+json\" class=\"yoast-schema-graph\">{\"@context\":\"https:\/\/schema.org\",\"@graph\":[{\"@type\":\"WebPage\",\"@id\":\"https:\/\/www.istegroup.com\/produit\/une-approche-historique-des-materiaux-sous-irradiation\/\",\"url\":\"https:\/\/www.istegroup.com\/produit\/une-approche-historique-des-materiaux-sous-irradiation\/\",\"name\":\"Une approche historique des mat\u00e9riaux sous irradiation - ISTE Group\",\"isPartOf\":{\"@id\":\"https:\/\/www.istegroup.com\/#website\"},\"primaryImageOfPage\":{\"@id\":\"https:\/\/www.istegroup.com\/produit\/une-approche-historique-des-materiaux-sous-irradiation\/#primaryimage\"},\"image\":{\"@id\":\"https:\/\/www.istegroup.com\/produit\/une-approche-historique-des-materiaux-sous-irradiation\/#primaryimage\"},\"thumbnailUrl\":\"https:\/\/www.istegroup.com\/wp-content\/uploads\/2025\/07\/Une-approche-historique-des-materiaux-sous-irradiation.jpeg\",\"datePublished\":\"2025-07-16T08:25:20+00:00\",\"dateModified\":\"2025-07-28T12:50:32+00:00\",\"description\":\"L\u2019ouvrage pr\u00e9sente les approches historiques du transport des particules et des m\u00e9canismes de cr\u00e9ation de d\u00e9fauts induits par irradiation.\",\"breadcrumb\":{\"@id\":\"https:\/\/www.istegroup.com\/produit\/une-approche-historique-des-materiaux-sous-irradiation\/#breadcrumb\"},\"inLanguage\":\"fr-FR\",\"potentialAction\":[{\"@type\":\"ReadAction\",\"target\":[\"https:\/\/www.istegroup.com\/produit\/une-approche-historique-des-materiaux-sous-irradiation\/\"]}]},{\"@type\":\"ImageObject\",\"inLanguage\":\"fr-FR\",\"@id\":\"https:\/\/www.istegroup.com\/produit\/une-approche-historique-des-materiaux-sous-irradiation\/#primaryimage\",\"url\":\"https:\/\/www.istegroup.com\/wp-content\/uploads\/2025\/07\/Une-approche-historique-des-materiaux-sous-irradiation.jpeg\",\"contentUrl\":\"https:\/\/www.istegroup.com\/wp-content\/uploads\/2025\/07\/Une-approche-historique-des-materiaux-sous-irradiation.jpeg\",\"width\":300,\"height\":450},{\"@type\":\"BreadcrumbList\",\"@id\":\"https:\/\/www.istegroup.com\/produit\/une-approche-historique-des-materiaux-sous-irradiation\/#breadcrumb\",\"itemListElement\":[{\"@type\":\"ListItem\",\"position\":1,\"name\":\"Home\",\"item\":\"https:\/\/www.istegroup.com\/\"},{\"@type\":\"ListItem\",\"position\":2,\"name\":\"Shop\",\"item\":\"https:\/\/www.istegroup.com\/fr\/nouveautes\/\"},{\"@type\":\"ListItem\",\"position\":3,\"name\":\"Une approche historique des mat\u00e9riaux sous irradiation\"}]},{\"@type\":\"WebSite\",\"@id\":\"https:\/\/www.istegroup.com\/#website\",\"url\":\"https:\/\/www.istegroup.com\/\",\"name\":\"ISTE Group\",\"description\":\"\u00c9diteur des Sciences\",\"potentialAction\":[{\"@type\":\"SearchAction\",\"target\":{\"@type\":\"EntryPoint\",\"urlTemplate\":\"https:\/\/www.istegroup.com\/?s={search_term_string}\"},\"query-input\":{\"@type\":\"PropertyValueSpecification\",\"valueRequired\":true,\"valueName\":\"search_term_string\"}}],\"inLanguage\":\"fr-FR\"}]}<\/script>\n<!-- \/ Yoast SEO plugin. -->","yoast_head_json":{"title":"Une approche historique des mat\u00e9riaux sous irradiation - ISTE Group","description":"L\u2019ouvrage pr\u00e9sente les approches historiques du transport des particules et des m\u00e9canismes de cr\u00e9ation de d\u00e9fauts induits par irradiation.","robots":{"index":"index","follow":"follow","max-snippet":"max-snippet:-1","max-image-preview":"max-image-preview:large","max-video-preview":"max-video-preview:-1"},"canonical":"https:\/\/www.istegroup.com\/produit\/une-approche-historique-des-materiaux-sous-irradiation\/","og_locale":"fr_FR","og_type":"article","og_title":"Une approche historique des mat\u00e9riaux sous irradiation - ISTE Group","og_description":"L\u2019ouvrage pr\u00e9sente les approches historiques du transport des particules et des m\u00e9canismes de cr\u00e9ation de d\u00e9fauts induits par irradiation.","og_url":"https:\/\/www.istegroup.com\/produit\/une-approche-historique-des-materiaux-sous-irradiation\/","og_site_name":"ISTE Group","article_modified_time":"2025-07-28T12:50:32+00:00","og_image":[{"width":300,"height":450,"url":"https:\/\/www.istegroup.com\/wp-content\/uploads\/2025\/07\/Une-approche-historique-des-materiaux-sous-irradiation.jpeg","type":"image\/jpeg"}],"twitter_card":"summary_large_image","twitter_misc":{"Est. reading time":"2 minutes"},"schema":{"@context":"https:\/\/schema.org","@graph":[{"@type":"WebPage","@id":"https:\/\/www.istegroup.com\/produit\/une-approche-historique-des-materiaux-sous-irradiation\/","url":"https:\/\/www.istegroup.com\/produit\/une-approche-historique-des-materiaux-sous-irradiation\/","name":"Une approche historique des mat\u00e9riaux sous irradiation - ISTE Group","isPartOf":{"@id":"https:\/\/www.istegroup.com\/#website"},"primaryImageOfPage":{"@id":"https:\/\/www.istegroup.com\/produit\/une-approche-historique-des-materiaux-sous-irradiation\/#primaryimage"},"image":{"@id":"https:\/\/www.istegroup.com\/produit\/une-approche-historique-des-materiaux-sous-irradiation\/#primaryimage"},"thumbnailUrl":"https:\/\/www.istegroup.com\/wp-content\/uploads\/2025\/07\/Une-approche-historique-des-materiaux-sous-irradiation.jpeg","datePublished":"2025-07-16T08:25:20+00:00","dateModified":"2025-07-28T12:50:32+00:00","description":"L\u2019ouvrage pr\u00e9sente les approches historiques du transport des particules et des m\u00e9canismes de cr\u00e9ation de d\u00e9fauts induits par irradiation.","breadcrumb":{"@id":"https:\/\/www.istegroup.com\/produit\/une-approche-historique-des-materiaux-sous-irradiation\/#breadcrumb"},"inLanguage":"fr-FR","potentialAction":[{"@type":"ReadAction","target":["https:\/\/www.istegroup.com\/produit\/une-approche-historique-des-materiaux-sous-irradiation\/"]}]},{"@type":"ImageObject","inLanguage":"fr-FR","@id":"https:\/\/www.istegroup.com\/produit\/une-approche-historique-des-materiaux-sous-irradiation\/#primaryimage","url":"https:\/\/www.istegroup.com\/wp-content\/uploads\/2025\/07\/Une-approche-historique-des-materiaux-sous-irradiation.jpeg","contentUrl":"https:\/\/www.istegroup.com\/wp-content\/uploads\/2025\/07\/Une-approche-historique-des-materiaux-sous-irradiation.jpeg","width":300,"height":450},{"@type":"BreadcrumbList","@id":"https:\/\/www.istegroup.com\/produit\/une-approche-historique-des-materiaux-sous-irradiation\/#breadcrumb","itemListElement":[{"@type":"ListItem","position":1,"name":"Home","item":"https:\/\/www.istegroup.com\/"},{"@type":"ListItem","position":2,"name":"Shop","item":"https:\/\/www.istegroup.com\/fr\/nouveautes\/"},{"@type":"ListItem","position":3,"name":"Une approche historique des mat\u00e9riaux sous irradiation"}]},{"@type":"WebSite","@id":"https:\/\/www.istegroup.com\/#website","url":"https:\/\/www.istegroup.com\/","name":"ISTE Group","description":"\u00c9diteur des Sciences","potentialAction":[{"@type":"SearchAction","target":{"@type":"EntryPoint","urlTemplate":"https:\/\/www.istegroup.com\/?s={search_term_string}"},"query-input":{"@type":"PropertyValueSpecification","valueRequired":true,"valueName":"search_term_string"}}],"inLanguage":"fr-FR"}]}},"_links":{"self":[{"href":"https:\/\/www.istegroup.com\/fr\/wp-json\/wp\/v2\/product\/61001","targetHints":{"allow":["GET"]}}],"collection":[{"href":"https:\/\/www.istegroup.com\/fr\/wp-json\/wp\/v2\/product"}],"about":[{"href":"https:\/\/www.istegroup.com\/fr\/wp-json\/wp\/v2\/types\/product"}],"wp:featuredmedia":[{"embeddable":true,"href":"https:\/\/www.istegroup.com\/fr\/wp-json\/wp\/v2\/media\/61012"}],"wp:attachment":[{"href":"https:\/\/www.istegroup.com\/fr\/wp-json\/wp\/v2\/media?parent=61001"}],"wp:term":[{"taxonomy":"product_brand","embeddable":true,"href":"https:\/\/www.istegroup.com\/fr\/wp-json\/wp\/v2\/product_brand?post=61001"},{"taxonomy":"product_cat","embeddable":true,"href":"https:\/\/www.istegroup.com\/fr\/wp-json\/wp\/v2\/product_cat?post=61001"},{"taxonomy":"product_tag","embeddable":true,"href":"https:\/\/www.istegroup.com\/fr\/wp-json\/wp\/v2\/product_tag?post=61001"}],"curies":[{"name":"wp","href":"https:\/\/api.w.org\/{rel}","templated":true}]}}