{"id":60644,"date":"2025-06-20T13:13:29","date_gmt":"2025-06-20T12:13:29","guid":{"rendered":"https:\/\/www.istegroup.com\/?post_type=product&#038;p=60644"},"modified":"2025-07-07T11:40:25","modified_gmt":"2025-07-07T10:40:25","slug":"diagnostic-et-commande-a-tolerance-de-fautes-2","status":"publish","type":"product","link":"https:\/\/www.istegroup.com\/fr\/produit\/diagnostic-et-commande-a-tolerance-de-fautes-2\/","title":{"rendered":"Diagnostic et commande \u00e0 tol\u00e9rance de fautes 2"},"content":{"rendered":"<p>Ce livre pr\u00e9sente les avanc\u00e9es les plus r\u00e9centes dans le domaine du diagnostic de fautes et de la commande \u00e0 tol\u00e9rance de fautes des syst\u00e8mes dynamiques. Il r\u00e9pond au besoin d&rsquo;une vue d&rsquo;ensemble des d\u00e9fis pos\u00e9s par les techniques de diagnostic et de commande robuste, en particulier pour les syst\u00e8mes dont l&rsquo;exploitation requiert fiabilit\u00e9, disponibilit\u00e9, maintenabilit\u00e9 et s\u00e9curit\u00e9. De plus, la n\u00e9cessit\u00e9 d&rsquo;un haut degr\u00e9 de tol\u00e9rance aux fautes demeure un enjeu central, notamment dans les syst\u00e8mes complexes, pour lesquels la mod\u00e9lisation et la commande sont particuli\u00e8rement difficiles, et dont la maintenance est \u00e0 la fois on\u00e9reuse et critique du point de vue de la s\u00e9curit\u00e9.<\/p>\n<p><em>Diagnostic et commande \u00e0 tol\u00e9rance de fautes 2<\/em> pr\u00e9sente et compare diff\u00e9rentes solutions de diagnostic et de tol\u00e9rance aux fautes, s\u2019appuyant sur des strat\u00e9gies innovantes, mais bien \u00e9tablies, pour mod\u00e9liser le comportement du syst\u00e8me dynamique consid\u00e9r\u00e9. Il explore des m\u00e9thodes avanc\u00e9es essentielles, incluant des techniques bas\u00e9es sur les donn\u00e9es, sur les mod\u00e8les et sur les signaux. Ces approches sont particuli\u00e8rement appliqu\u00e9es \u00e0 la recherche de robustesse et de fiabilit\u00e9.<\/p>\n","protected":false},"excerpt":{"rendered":"<p>Ce livre pr\u00e9sente les avanc\u00e9es les plus r\u00e9centes dans le domaine du diagnostic de fautes et de la commande \u00e0 tol\u00e9rance de fautes des syst\u00e8mes dynamiques. Il r\u00e9pond au besoin d&rsquo;une vue d&rsquo;ensemble des d\u00e9fis pos\u00e9s par les techniques de diagnostic et de commande robuste, en particulier pour les syst\u00e8mes dont l&rsquo;exploitation requiert fiabilit\u00e9, disponibilit\u00e9, [&hellip;]<\/p>\n","protected":false},"featured_media":60670,"template":"","meta":{"_acf_changed":false,"_links_to":"","_links_to_target":""},"product_brand":[],"product_cat":[4289],"product_tag":[],"class_list":{"0":"post-60644","1":"product","2":"type-product","3":"status-publish","4":"has-post-thumbnail","6":"product_cat-sciences","8":"first","9":"instock","10":"shipping-taxable","11":"purchasable","12":"product-type-variable"},"acf":[],"yoast_head":"<!-- This site is optimized with the Yoast SEO plugin v27.2 - https:\/\/yoast.com\/product\/yoast-seo-wordpress\/ -->\n<title>Diagnostic et commande \u00e0 tol\u00e9rance de fautes 2 - ISTE Group<\/title>\n<meta name=\"description\" content=\"Ce livre pr\u00e9sente les avanc\u00e9es les plus r\u00e9centes dans le domaine du diagnostic de fautes et de la commande \u00e0 tol\u00e9rance de fautes des syst\u00e8mes dynamiques.\" \/>\n<meta name=\"robots\" content=\"index, follow, max-snippet:-1, max-image-preview:large, max-video-preview:-1\" \/>\n<link rel=\"canonical\" href=\"https:\/\/www.istegroup.com\/produit\/diagnostic-et-commande-a-tolerance-de-fautes-2\/\" \/>\n<meta property=\"og:locale\" content=\"fr_FR\" \/>\n<meta property=\"og:type\" content=\"article\" \/>\n<meta property=\"og:title\" content=\"Diagnostic et commande \u00e0 tol\u00e9rance de fautes 2 - ISTE Group\" \/>\n<meta property=\"og:description\" content=\"Ce livre pr\u00e9sente les avanc\u00e9es les plus r\u00e9centes dans le domaine du diagnostic de fautes et de la commande \u00e0 tol\u00e9rance de fautes des syst\u00e8mes dynamiques.\" \/>\n<meta property=\"og:url\" content=\"https:\/\/www.istegroup.com\/produit\/diagnostic-et-commande-a-tolerance-de-fautes-2\/\" \/>\n<meta property=\"og:site_name\" content=\"ISTE Group\" \/>\n<meta property=\"article:modified_time\" content=\"2025-07-07T10:40:25+00:00\" \/>\n<meta property=\"og:image\" content=\"https:\/\/www.istegroup.com\/wp-content\/uploads\/2024\/06\/059_Diagnostic-et-commande-a-tolerance-de-fautes-2.jpeg\" \/>\n\t<meta property=\"og:image:width\" content=\"300\" \/>\n\t<meta property=\"og:image:height\" content=\"450\" \/>\n\t<meta property=\"og:image:type\" content=\"image\/jpeg\" \/>\n<meta name=\"twitter:card\" content=\"summary_large_image\" \/>\n<meta name=\"twitter:label1\" content=\"Est. reading time\" \/>\n\t<meta name=\"twitter:data1\" content=\"2 minutes\" \/>\n<script type=\"application\/ld+json\" class=\"yoast-schema-graph\">{\"@context\":\"https:\/\/schema.org\",\"@graph\":[{\"@type\":\"WebPage\",\"@id\":\"https:\/\/www.istegroup.com\/produit\/diagnostic-et-commande-a-tolerance-de-fautes-2\/\",\"url\":\"https:\/\/www.istegroup.com\/produit\/diagnostic-et-commande-a-tolerance-de-fautes-2\/\",\"name\":\"Diagnostic et commande \u00e0 tol\u00e9rance de fautes 2 - ISTE Group\",\"isPartOf\":{\"@id\":\"https:\/\/www.istegroup.com\/#website\"},\"primaryImageOfPage\":{\"@id\":\"https:\/\/www.istegroup.com\/produit\/diagnostic-et-commande-a-tolerance-de-fautes-2\/#primaryimage\"},\"image\":{\"@id\":\"https:\/\/www.istegroup.com\/produit\/diagnostic-et-commande-a-tolerance-de-fautes-2\/#primaryimage\"},\"thumbnailUrl\":\"https:\/\/www.istegroup.com\/wp-content\/uploads\/2024\/06\/059_Diagnostic-et-commande-a-tolerance-de-fautes-2.jpeg\",\"datePublished\":\"2025-06-20T12:13:29+00:00\",\"dateModified\":\"2025-07-07T10:40:25+00:00\",\"description\":\"Ce livre pr\u00e9sente les avanc\u00e9es les plus r\u00e9centes dans le domaine du diagnostic de fautes et de la commande \u00e0 tol\u00e9rance de fautes des syst\u00e8mes dynamiques.\",\"breadcrumb\":{\"@id\":\"https:\/\/www.istegroup.com\/produit\/diagnostic-et-commande-a-tolerance-de-fautes-2\/#breadcrumb\"},\"inLanguage\":\"fr-FR\",\"potentialAction\":[{\"@type\":\"ReadAction\",\"target\":[\"https:\/\/www.istegroup.com\/produit\/diagnostic-et-commande-a-tolerance-de-fautes-2\/\"]}]},{\"@type\":\"ImageObject\",\"inLanguage\":\"fr-FR\",\"@id\":\"https:\/\/www.istegroup.com\/produit\/diagnostic-et-commande-a-tolerance-de-fautes-2\/#primaryimage\",\"url\":\"https:\/\/www.istegroup.com\/wp-content\/uploads\/2024\/06\/059_Diagnostic-et-commande-a-tolerance-de-fautes-2.jpeg\",\"contentUrl\":\"https:\/\/www.istegroup.com\/wp-content\/uploads\/2024\/06\/059_Diagnostic-et-commande-a-tolerance-de-fautes-2.jpeg\",\"width\":300,\"height\":450},{\"@type\":\"BreadcrumbList\",\"@id\":\"https:\/\/www.istegroup.com\/produit\/diagnostic-et-commande-a-tolerance-de-fautes-2\/#breadcrumb\",\"itemListElement\":[{\"@type\":\"ListItem\",\"position\":1,\"name\":\"Home\",\"item\":\"https:\/\/www.istegroup.com\/\"},{\"@type\":\"ListItem\",\"position\":2,\"name\":\"Shop\",\"item\":\"https:\/\/www.istegroup.com\/fr\/nouveautes\/\"},{\"@type\":\"ListItem\",\"position\":3,\"name\":\"Diagnostic et commande \u00e0 tol\u00e9rance de fautes 2\"}]},{\"@type\":\"WebSite\",\"@id\":\"https:\/\/www.istegroup.com\/#website\",\"url\":\"https:\/\/www.istegroup.com\/\",\"name\":\"ISTE Group\",\"description\":\"\u00c9diteur des Sciences\",\"potentialAction\":[{\"@type\":\"SearchAction\",\"target\":{\"@type\":\"EntryPoint\",\"urlTemplate\":\"https:\/\/www.istegroup.com\/?s={search_term_string}\"},\"query-input\":{\"@type\":\"PropertyValueSpecification\",\"valueRequired\":true,\"valueName\":\"search_term_string\"}}],\"inLanguage\":\"fr-FR\"}]}<\/script>\n<!-- \/ Yoast SEO plugin. -->","yoast_head_json":{"title":"Diagnostic et commande \u00e0 tol\u00e9rance de fautes 2 - ISTE Group","description":"Ce livre pr\u00e9sente les avanc\u00e9es les plus r\u00e9centes dans le domaine du diagnostic de fautes et de la commande \u00e0 tol\u00e9rance de fautes des syst\u00e8mes dynamiques.","robots":{"index":"index","follow":"follow","max-snippet":"max-snippet:-1","max-image-preview":"max-image-preview:large","max-video-preview":"max-video-preview:-1"},"canonical":"https:\/\/www.istegroup.com\/produit\/diagnostic-et-commande-a-tolerance-de-fautes-2\/","og_locale":"fr_FR","og_type":"article","og_title":"Diagnostic et commande \u00e0 tol\u00e9rance de fautes 2 - ISTE Group","og_description":"Ce livre pr\u00e9sente les avanc\u00e9es les plus r\u00e9centes dans le domaine du diagnostic de fautes et de la commande \u00e0 tol\u00e9rance de fautes des syst\u00e8mes dynamiques.","og_url":"https:\/\/www.istegroup.com\/produit\/diagnostic-et-commande-a-tolerance-de-fautes-2\/","og_site_name":"ISTE Group","article_modified_time":"2025-07-07T10:40:25+00:00","og_image":[{"width":300,"height":450,"url":"https:\/\/www.istegroup.com\/wp-content\/uploads\/2024\/06\/059_Diagnostic-et-commande-a-tolerance-de-fautes-2.jpeg","type":"image\/jpeg"}],"twitter_card":"summary_large_image","twitter_misc":{"Est. reading time":"2 minutes"},"schema":{"@context":"https:\/\/schema.org","@graph":[{"@type":"WebPage","@id":"https:\/\/www.istegroup.com\/produit\/diagnostic-et-commande-a-tolerance-de-fautes-2\/","url":"https:\/\/www.istegroup.com\/produit\/diagnostic-et-commande-a-tolerance-de-fautes-2\/","name":"Diagnostic et commande \u00e0 tol\u00e9rance de fautes 2 - ISTE Group","isPartOf":{"@id":"https:\/\/www.istegroup.com\/#website"},"primaryImageOfPage":{"@id":"https:\/\/www.istegroup.com\/produit\/diagnostic-et-commande-a-tolerance-de-fautes-2\/#primaryimage"},"image":{"@id":"https:\/\/www.istegroup.com\/produit\/diagnostic-et-commande-a-tolerance-de-fautes-2\/#primaryimage"},"thumbnailUrl":"https:\/\/www.istegroup.com\/wp-content\/uploads\/2024\/06\/059_Diagnostic-et-commande-a-tolerance-de-fautes-2.jpeg","datePublished":"2025-06-20T12:13:29+00:00","dateModified":"2025-07-07T10:40:25+00:00","description":"Ce livre pr\u00e9sente les avanc\u00e9es les plus r\u00e9centes dans le domaine du diagnostic de fautes et de la commande \u00e0 tol\u00e9rance de fautes des syst\u00e8mes dynamiques.","breadcrumb":{"@id":"https:\/\/www.istegroup.com\/produit\/diagnostic-et-commande-a-tolerance-de-fautes-2\/#breadcrumb"},"inLanguage":"fr-FR","potentialAction":[{"@type":"ReadAction","target":["https:\/\/www.istegroup.com\/produit\/diagnostic-et-commande-a-tolerance-de-fautes-2\/"]}]},{"@type":"ImageObject","inLanguage":"fr-FR","@id":"https:\/\/www.istegroup.com\/produit\/diagnostic-et-commande-a-tolerance-de-fautes-2\/#primaryimage","url":"https:\/\/www.istegroup.com\/wp-content\/uploads\/2024\/06\/059_Diagnostic-et-commande-a-tolerance-de-fautes-2.jpeg","contentUrl":"https:\/\/www.istegroup.com\/wp-content\/uploads\/2024\/06\/059_Diagnostic-et-commande-a-tolerance-de-fautes-2.jpeg","width":300,"height":450},{"@type":"BreadcrumbList","@id":"https:\/\/www.istegroup.com\/produit\/diagnostic-et-commande-a-tolerance-de-fautes-2\/#breadcrumb","itemListElement":[{"@type":"ListItem","position":1,"name":"Home","item":"https:\/\/www.istegroup.com\/"},{"@type":"ListItem","position":2,"name":"Shop","item":"https:\/\/www.istegroup.com\/fr\/nouveautes\/"},{"@type":"ListItem","position":3,"name":"Diagnostic et commande \u00e0 tol\u00e9rance de fautes 2"}]},{"@type":"WebSite","@id":"https:\/\/www.istegroup.com\/#website","url":"https:\/\/www.istegroup.com\/","name":"ISTE Group","description":"\u00c9diteur des Sciences","potentialAction":[{"@type":"SearchAction","target":{"@type":"EntryPoint","urlTemplate":"https:\/\/www.istegroup.com\/?s={search_term_string}"},"query-input":{"@type":"PropertyValueSpecification","valueRequired":true,"valueName":"search_term_string"}}],"inLanguage":"fr-FR"}]}},"_links":{"self":[{"href":"https:\/\/www.istegroup.com\/fr\/wp-json\/wp\/v2\/product\/60644","targetHints":{"allow":["GET"]}}],"collection":[{"href":"https:\/\/www.istegroup.com\/fr\/wp-json\/wp\/v2\/product"}],"about":[{"href":"https:\/\/www.istegroup.com\/fr\/wp-json\/wp\/v2\/types\/product"}],"wp:featuredmedia":[{"embeddable":true,"href":"https:\/\/www.istegroup.com\/fr\/wp-json\/wp\/v2\/media\/60670"}],"wp:attachment":[{"href":"https:\/\/www.istegroup.com\/fr\/wp-json\/wp\/v2\/media?parent=60644"}],"wp:term":[{"taxonomy":"product_brand","embeddable":true,"href":"https:\/\/www.istegroup.com\/fr\/wp-json\/wp\/v2\/product_brand?post=60644"},{"taxonomy":"product_cat","embeddable":true,"href":"https:\/\/www.istegroup.com\/fr\/wp-json\/wp\/v2\/product_cat?post=60644"},{"taxonomy":"product_tag","embeddable":true,"href":"https:\/\/www.istegroup.com\/fr\/wp-json\/wp\/v2\/product_tag?post=60644"}],"curies":[{"name":"wp","href":"https:\/\/api.w.org\/{rel}","templated":true}]}}