{"id":60623,"date":"2025-06-18T11:52:59","date_gmt":"2025-06-18T10:52:59","guid":{"rendered":"https:\/\/www.istegroup.com\/?post_type=product&#038;p=60623"},"modified":"2025-12-08T15:35:30","modified_gmt":"2025-12-08T15:35:30","slug":"la-memorisation-dans-les-ordinateurs-1","status":"publish","type":"product","link":"https:\/\/www.istegroup.com\/fr\/produit\/la-memorisation-dans-les-ordinateurs-1\/","title":{"rendered":"La m\u00e9morisation dans les ordinateurs 1"},"content":{"rendered":"<p>La m\u00e9morisation, deuxi\u00e8me fonction de l\u2019ordinateur, s\u2019est complexifi\u00e9e progressivement pour r\u00e9pondre \u00e0 des besoins croissants en capacit\u00e9, rapidit\u00e9, s\u00e9curit\u00e9 et efficacit\u00e9 \u00e9nerg\u00e9tique. Elle se mat\u00e9rialise sous la forme d\u2019un composant ou d\u2019un syst\u00e8me comme un sous-ensemble de m\u00e9moires ou un p\u00e9riph\u00e9rique de m\u00e9moire de masse. Comprendre ses m\u00e9canismes internes et son interfa\u00e7age est essentiel pour ma\u00eetriser le fonctionnement d\u2019un ordinateur et le programmer.<\/p>\n<p>Agr\u00e9ment\u00e9 d\u2019exemples puis\u00e9s dans les technologies actuelles et anciennes, <em>La m\u00e9morisation dans les ordinateurs 1<\/em> pr\u00e9sente tout d\u2019abord les notions de base de la fonction de m\u00e9morisation, incluant les caract\u00e9ristiques principales d\u2019une m\u00e9moire g\u00e9n\u00e9rique, un positionnement technologique et historique et une d\u00e9finition du concept de hi\u00e9rarchie des m\u00e9moires. Ce volume d\u00e9taille ensuite l\u2019organisation fonctionnelle interne d\u2019une m\u00e9moire \u00e0 semi-conducteurs \u00e0 acc\u00e8s al\u00e9atoire et les aspects externes d\u2019un syst\u00e8me \u00e0 m\u00e9moires. Des notions compl\u00e9mentaires comme le cadrage, l\u2019ordre de rangement de l\u2019information et la d\u00e9tection\/correction des erreurs, ainsi qu\u2019une introduction aux codes d\u00e9tecteurs et correcteurs d\u2019erreurs, concluent cet ouvrage.<\/p>\n","protected":false},"excerpt":{"rendered":"<p>La m\u00e9morisation, deuxi\u00e8me fonction de l\u2019ordinateur, s\u2019est complexifi\u00e9e progressivement pour r\u00e9pondre \u00e0 des besoins croissants en capacit\u00e9, rapidit\u00e9, s\u00e9curit\u00e9 et efficacit\u00e9 \u00e9nerg\u00e9tique. Elle se mat\u00e9rialise sous la forme d\u2019un composant ou d\u2019un syst\u00e8me comme un sous-ensemble de m\u00e9moires ou un p\u00e9riph\u00e9rique de m\u00e9moire de masse. Comprendre ses m\u00e9canismes internes et son interfa\u00e7age est essentiel pour [&hellip;]<\/p>\n","protected":false},"featured_media":60630,"template":"","meta":{"_acf_changed":false,"_links_to":"","_links_to_target":""},"product_brand":[],"product_cat":[667],"product_tag":[],"class_list":{"0":"post-60623","1":"product","2":"type-product","3":"status-publish","4":"has-post-thumbnail","6":"product_cat-informatique-12506482","8":"first","9":"instock","10":"shipping-taxable","11":"purchasable","12":"product-type-variable"},"acf":[],"yoast_head":"<!-- This site is optimized with the Yoast SEO plugin v27.2 - https:\/\/yoast.com\/product\/yoast-seo-wordpress\/ -->\n<title>La m\u00e9morisation dans les ordinateurs 1 - ISTE Group<\/title>\n<meta name=\"description\" content=\"Cet ouvrage r\u00e9volutionne l\u2019approche traditionnelle en proposant une m\u00e9thode syst\u00e9mique innovante pour la cat\u00e9gorisation et la mod\u00e9lisation des exigences du logiciel.\" \/>\n<meta name=\"robots\" content=\"index, follow, max-snippet:-1, max-image-preview:large, max-video-preview:-1\" \/>\n<link rel=\"canonical\" href=\"https:\/\/www.istegroup.com\/produit\/la-memorisation-dans-les-ordinateurs-1\/\" \/>\n<meta property=\"og:locale\" content=\"fr_FR\" \/>\n<meta property=\"og:type\" content=\"article\" \/>\n<meta property=\"og:title\" content=\"La m\u00e9morisation dans les ordinateurs 1 - ISTE Group\" \/>\n<meta property=\"og:description\" content=\"Cet ouvrage r\u00e9volutionne l\u2019approche traditionnelle en proposant une m\u00e9thode syst\u00e9mique innovante pour la cat\u00e9gorisation et la mod\u00e9lisation des exigences du logiciel.\" \/>\n<meta property=\"og:url\" content=\"https:\/\/www.istegroup.com\/produit\/la-memorisation-dans-les-ordinateurs-1\/\" \/>\n<meta property=\"og:site_name\" content=\"ISTE Group\" \/>\n<meta property=\"article:modified_time\" content=\"2025-12-08T15:35:30+00:00\" \/>\n<meta property=\"og:image\" content=\"https:\/\/www.istegroup.com\/wp-content\/uploads\/2025\/06\/041_La-memorisation-dans-les-ordinateurs-1.png\" \/>\n\t<meta property=\"og:image:width\" content=\"553\" \/>\n\t<meta property=\"og:image:height\" content=\"835\" \/>\n\t<meta property=\"og:image:type\" content=\"image\/png\" \/>\n<meta name=\"twitter:card\" content=\"summary_large_image\" \/>\n<meta name=\"twitter:label1\" content=\"Est. reading time\" \/>\n\t<meta name=\"twitter:data1\" content=\"2 minutes\" \/>\n<script type=\"application\/ld+json\" class=\"yoast-schema-graph\">{\"@context\":\"https:\/\/schema.org\",\"@graph\":[{\"@type\":\"WebPage\",\"@id\":\"https:\/\/www.istegroup.com\/produit\/la-memorisation-dans-les-ordinateurs-1\/\",\"url\":\"https:\/\/www.istegroup.com\/produit\/la-memorisation-dans-les-ordinateurs-1\/\",\"name\":\"La m\u00e9morisation dans les ordinateurs 1 - ISTE Group\",\"isPartOf\":{\"@id\":\"https:\/\/www.istegroup.com\/#website\"},\"primaryImageOfPage\":{\"@id\":\"https:\/\/www.istegroup.com\/produit\/la-memorisation-dans-les-ordinateurs-1\/#primaryimage\"},\"image\":{\"@id\":\"https:\/\/www.istegroup.com\/produit\/la-memorisation-dans-les-ordinateurs-1\/#primaryimage\"},\"thumbnailUrl\":\"https:\/\/www.istegroup.com\/wp-content\/uploads\/2025\/06\/041_La-memorisation-dans-les-ordinateurs-1.png\",\"datePublished\":\"2025-06-18T10:52:59+00:00\",\"dateModified\":\"2025-12-08T15:35:30+00:00\",\"description\":\"Cet ouvrage r\u00e9volutionne l\u2019approche traditionnelle en proposant une m\u00e9thode syst\u00e9mique innovante pour la cat\u00e9gorisation et la mod\u00e9lisation des exigences du logiciel.\",\"breadcrumb\":{\"@id\":\"https:\/\/www.istegroup.com\/produit\/la-memorisation-dans-les-ordinateurs-1\/#breadcrumb\"},\"inLanguage\":\"fr-FR\",\"potentialAction\":[{\"@type\":\"ReadAction\",\"target\":[\"https:\/\/www.istegroup.com\/produit\/la-memorisation-dans-les-ordinateurs-1\/\"]}]},{\"@type\":\"ImageObject\",\"inLanguage\":\"fr-FR\",\"@id\":\"https:\/\/www.istegroup.com\/produit\/la-memorisation-dans-les-ordinateurs-1\/#primaryimage\",\"url\":\"https:\/\/www.istegroup.com\/wp-content\/uploads\/2025\/06\/041_La-memorisation-dans-les-ordinateurs-1.png\",\"contentUrl\":\"https:\/\/www.istegroup.com\/wp-content\/uploads\/2025\/06\/041_La-memorisation-dans-les-ordinateurs-1.png\",\"width\":553,\"height\":835},{\"@type\":\"BreadcrumbList\",\"@id\":\"https:\/\/www.istegroup.com\/produit\/la-memorisation-dans-les-ordinateurs-1\/#breadcrumb\",\"itemListElement\":[{\"@type\":\"ListItem\",\"position\":1,\"name\":\"Home\",\"item\":\"https:\/\/www.istegroup.com\/\"},{\"@type\":\"ListItem\",\"position\":2,\"name\":\"Shop\",\"item\":\"https:\/\/www.istegroup.com\/fr\/nouveautes\/\"},{\"@type\":\"ListItem\",\"position\":3,\"name\":\"La m\u00e9morisation dans les ordinateurs 1\"}]},{\"@type\":\"WebSite\",\"@id\":\"https:\/\/www.istegroup.com\/#website\",\"url\":\"https:\/\/www.istegroup.com\/\",\"name\":\"ISTE Group\",\"description\":\"\u00c9diteur des Sciences\",\"potentialAction\":[{\"@type\":\"SearchAction\",\"target\":{\"@type\":\"EntryPoint\",\"urlTemplate\":\"https:\/\/www.istegroup.com\/?s={search_term_string}\"},\"query-input\":{\"@type\":\"PropertyValueSpecification\",\"valueRequired\":true,\"valueName\":\"search_term_string\"}}],\"inLanguage\":\"fr-FR\"}]}<\/script>\n<!-- \/ Yoast SEO plugin. -->","yoast_head_json":{"title":"La m\u00e9morisation dans les ordinateurs 1 - ISTE Group","description":"Cet ouvrage r\u00e9volutionne l\u2019approche traditionnelle en proposant une m\u00e9thode syst\u00e9mique innovante pour la cat\u00e9gorisation et la mod\u00e9lisation des exigences du logiciel.","robots":{"index":"index","follow":"follow","max-snippet":"max-snippet:-1","max-image-preview":"max-image-preview:large","max-video-preview":"max-video-preview:-1"},"canonical":"https:\/\/www.istegroup.com\/produit\/la-memorisation-dans-les-ordinateurs-1\/","og_locale":"fr_FR","og_type":"article","og_title":"La m\u00e9morisation dans les ordinateurs 1 - ISTE Group","og_description":"Cet ouvrage r\u00e9volutionne l\u2019approche traditionnelle en proposant une m\u00e9thode syst\u00e9mique innovante pour la cat\u00e9gorisation et la mod\u00e9lisation des exigences du logiciel.","og_url":"https:\/\/www.istegroup.com\/produit\/la-memorisation-dans-les-ordinateurs-1\/","og_site_name":"ISTE Group","article_modified_time":"2025-12-08T15:35:30+00:00","og_image":[{"width":553,"height":835,"url":"https:\/\/www.istegroup.com\/wp-content\/uploads\/2025\/06\/041_La-memorisation-dans-les-ordinateurs-1.png","type":"image\/png"}],"twitter_card":"summary_large_image","twitter_misc":{"Est. reading time":"2 minutes"},"schema":{"@context":"https:\/\/schema.org","@graph":[{"@type":"WebPage","@id":"https:\/\/www.istegroup.com\/produit\/la-memorisation-dans-les-ordinateurs-1\/","url":"https:\/\/www.istegroup.com\/produit\/la-memorisation-dans-les-ordinateurs-1\/","name":"La m\u00e9morisation dans les ordinateurs 1 - ISTE Group","isPartOf":{"@id":"https:\/\/www.istegroup.com\/#website"},"primaryImageOfPage":{"@id":"https:\/\/www.istegroup.com\/produit\/la-memorisation-dans-les-ordinateurs-1\/#primaryimage"},"image":{"@id":"https:\/\/www.istegroup.com\/produit\/la-memorisation-dans-les-ordinateurs-1\/#primaryimage"},"thumbnailUrl":"https:\/\/www.istegroup.com\/wp-content\/uploads\/2025\/06\/041_La-memorisation-dans-les-ordinateurs-1.png","datePublished":"2025-06-18T10:52:59+00:00","dateModified":"2025-12-08T15:35:30+00:00","description":"Cet ouvrage r\u00e9volutionne l\u2019approche traditionnelle en proposant une m\u00e9thode syst\u00e9mique innovante pour la cat\u00e9gorisation et la mod\u00e9lisation des exigences du logiciel.","breadcrumb":{"@id":"https:\/\/www.istegroup.com\/produit\/la-memorisation-dans-les-ordinateurs-1\/#breadcrumb"},"inLanguage":"fr-FR","potentialAction":[{"@type":"ReadAction","target":["https:\/\/www.istegroup.com\/produit\/la-memorisation-dans-les-ordinateurs-1\/"]}]},{"@type":"ImageObject","inLanguage":"fr-FR","@id":"https:\/\/www.istegroup.com\/produit\/la-memorisation-dans-les-ordinateurs-1\/#primaryimage","url":"https:\/\/www.istegroup.com\/wp-content\/uploads\/2025\/06\/041_La-memorisation-dans-les-ordinateurs-1.png","contentUrl":"https:\/\/www.istegroup.com\/wp-content\/uploads\/2025\/06\/041_La-memorisation-dans-les-ordinateurs-1.png","width":553,"height":835},{"@type":"BreadcrumbList","@id":"https:\/\/www.istegroup.com\/produit\/la-memorisation-dans-les-ordinateurs-1\/#breadcrumb","itemListElement":[{"@type":"ListItem","position":1,"name":"Home","item":"https:\/\/www.istegroup.com\/"},{"@type":"ListItem","position":2,"name":"Shop","item":"https:\/\/www.istegroup.com\/fr\/nouveautes\/"},{"@type":"ListItem","position":3,"name":"La m\u00e9morisation dans les ordinateurs 1"}]},{"@type":"WebSite","@id":"https:\/\/www.istegroup.com\/#website","url":"https:\/\/www.istegroup.com\/","name":"ISTE Group","description":"\u00c9diteur des Sciences","potentialAction":[{"@type":"SearchAction","target":{"@type":"EntryPoint","urlTemplate":"https:\/\/www.istegroup.com\/?s={search_term_string}"},"query-input":{"@type":"PropertyValueSpecification","valueRequired":true,"valueName":"search_term_string"}}],"inLanguage":"fr-FR"}]}},"_links":{"self":[{"href":"https:\/\/www.istegroup.com\/fr\/wp-json\/wp\/v2\/product\/60623","targetHints":{"allow":["GET"]}}],"collection":[{"href":"https:\/\/www.istegroup.com\/fr\/wp-json\/wp\/v2\/product"}],"about":[{"href":"https:\/\/www.istegroup.com\/fr\/wp-json\/wp\/v2\/types\/product"}],"wp:featuredmedia":[{"embeddable":true,"href":"https:\/\/www.istegroup.com\/fr\/wp-json\/wp\/v2\/media\/60630"}],"wp:attachment":[{"href":"https:\/\/www.istegroup.com\/fr\/wp-json\/wp\/v2\/media?parent=60623"}],"wp:term":[{"taxonomy":"product_brand","embeddable":true,"href":"https:\/\/www.istegroup.com\/fr\/wp-json\/wp\/v2\/product_brand?post=60623"},{"taxonomy":"product_cat","embeddable":true,"href":"https:\/\/www.istegroup.com\/fr\/wp-json\/wp\/v2\/product_cat?post=60623"},{"taxonomy":"product_tag","embeddable":true,"href":"https:\/\/www.istegroup.com\/fr\/wp-json\/wp\/v2\/product_tag?post=60623"}],"curies":[{"name":"wp","href":"https:\/\/api.w.org\/{rel}","templated":true}]}}