{"id":60612,"date":"2025-06-18T11:39:19","date_gmt":"2025-06-18T10:39:19","guid":{"rendered":"https:\/\/www.istegroup.com\/?post_type=product&#038;p=60612"},"modified":"2025-12-08T16:20:50","modified_gmt":"2025-12-08T16:20:50","slug":"nanosatellites-cubesats-de-lere-newspace-pour-lobservation-spatiale-1","status":"publish","type":"product","link":"https:\/\/www.istegroup.com\/fr\/produit\/nanosatellites-cubesats-de-lere-newspace-pour-lobservation-spatiale-1\/","title":{"rendered":"Nanosatellites, CubeSats de l\u2019\u00e8re NewSpace pour l\u2019observation spatiale 1"},"content":{"rendered":"<p>Nanosatellites, <em>CubeSats de l\u2019\u00e8re NewSpace pour l\u2019observation spatiale 1<\/em> retrace l\u2019\u00e9volution de l\u2019exploration spatiale, depuis 1957 et les premi\u00e8res observations astronomiques, jusqu\u2019\u00e0 l\u2019\u00e8re du NewSpace. L&rsquo;ouvrage met en lumi\u00e8re les avanc\u00e9es scientifiques et technologiques majeures, tout en soulignant le r\u00f4le crucial de la collaboration entre les secteurs public et priv\u00e9.<\/p>\n<p>Il explore l\u2019histoire de l\u2019astronomie, des premiers observatoires comme Goseck et Stonehenge aux satellites modernes, et retrace les r\u00e9volutions th\u00e9oriques majeures, telles que l\u2019adoption du mod\u00e8le h\u00e9liocentrique et l\u2019\u00e9laboration des lois de la gravitation. Il aborde \u00e9galement le d\u00e9veloppement de la m\u00e9canique c\u00e9leste et des outils math\u00e9matiques qui ont permis cette \u00e9volution, tout en mettant en \u00e9vidence les innovations technologiques dans la recherche spatiale, des t\u00e9lescopes aux sondes spatiales, en passant par les satellites et les nanosatellites.<\/p>\n<p>L\u2019ouvrage souligne \u00e9galement l\u2019\u00e9mergence du NewSpace, caract\u00e9ris\u00e9e par l\u2019implication croissante du secteur priv\u00e9 dans l\u2019exploration spatiale et par la pr\u00e9sence d\u2019acteurs cl\u00e9s. Enfin, il insiste sur l&rsquo;importance de la formation et de la recherche pour soutenir ces avanc\u00e9es dans un domaine en pleine mutation.<\/p>\n","protected":false},"excerpt":{"rendered":"<p>Nanosatellites, CubeSats de l\u2019\u00e8re NewSpace pour l\u2019observation spatiale 1 retrace l\u2019\u00e9volution de l\u2019exploration spatiale, depuis 1957 et les premi\u00e8res observations astronomiques, jusqu\u2019\u00e0 l\u2019\u00e8re du NewSpace. L&rsquo;ouvrage met en lumi\u00e8re les avanc\u00e9es scientifiques et technologiques majeures, tout en soulignant le r\u00f4le crucial de la collaboration entre les secteurs public et priv\u00e9. Il explore l\u2019histoire de l\u2019astronomie, [&hellip;]<\/p>\n","protected":false},"featured_media":60622,"template":"","meta":{"_acf_changed":false,"_links_to":"","_links_to_target":""},"product_brand":[],"product_cat":[704],"product_tag":[],"class_list":{"0":"post-60612","1":"product","2":"type-product","3":"status-publish","4":"has-post-thumbnail","6":"product_cat-spatiologie-375858824","8":"first","9":"instock","10":"shipping-taxable","11":"purchasable","12":"product-type-variable"},"acf":[],"yoast_head":"<!-- This site is optimized with the Yoast SEO plugin v27.2 - https:\/\/yoast.com\/product\/yoast-seo-wordpress\/ -->\n<title>Nanosatellites, CubeSats de l\u2019\u00e8re NewSpace pour l\u2019observation spatiale 1 - ISTE Group<\/title>\n<meta name=\"description\" content=\"Nanosatellites, CubeSats de l\u2019\u00e8re NewSpace pour l\u2019observation spatiale 1 retrace l\u2019\u00e9volution de l\u2019exploration spatiale, depuis 1957 et les premi\u00e8res observations astronomiques, jusqu\u2019\u00e0 l\u2019\u00e8re du NewSpace.\" \/>\n<meta name=\"robots\" content=\"index, follow, max-snippet:-1, max-image-preview:large, max-video-preview:-1\" \/>\n<link rel=\"canonical\" href=\"https:\/\/www.istegroup.com\/produit\/nanosatellites-cubesats-de-lere-newspace-pour-lobservation-spatiale-1\/\" \/>\n<meta property=\"og:locale\" content=\"fr_FR\" \/>\n<meta property=\"og:type\" content=\"article\" \/>\n<meta property=\"og:title\" content=\"Nanosatellites, CubeSats de l\u2019\u00e8re NewSpace pour l\u2019observation spatiale 1 - ISTE Group\" \/>\n<meta property=\"og:description\" content=\"Nanosatellites, CubeSats de l\u2019\u00e8re NewSpace pour l\u2019observation spatiale 1 retrace l\u2019\u00e9volution de l\u2019exploration spatiale, depuis 1957 et les premi\u00e8res observations astronomiques, jusqu\u2019\u00e0 l\u2019\u00e8re du NewSpace.\" \/>\n<meta property=\"og:url\" content=\"https:\/\/www.istegroup.com\/produit\/nanosatellites-cubesats-de-lere-newspace-pour-lobservation-spatiale-1\/\" \/>\n<meta property=\"og:site_name\" content=\"ISTE Group\" \/>\n<meta property=\"article:modified_time\" content=\"2025-12-08T16:20:50+00:00\" \/>\n<meta property=\"og:image\" content=\"https:\/\/www.istegroup.com\/wp-content\/uploads\/2025\/06\/038_Nanosatellites-CubeSats-de-lere-NewSpace-pour-lobservation-spatiale-1.png\" \/>\n\t<meta property=\"og:image:width\" content=\"554\" \/>\n\t<meta property=\"og:image:height\" content=\"842\" \/>\n\t<meta property=\"og:image:type\" content=\"image\/png\" \/>\n<meta name=\"twitter:card\" content=\"summary_large_image\" \/>\n<meta name=\"twitter:label1\" content=\"Est. reading time\" \/>\n\t<meta name=\"twitter:data1\" content=\"2 minutes\" \/>\n<script type=\"application\/ld+json\" class=\"yoast-schema-graph\">{\"@context\":\"https:\/\/schema.org\",\"@graph\":[{\"@type\":\"WebPage\",\"@id\":\"https:\/\/www.istegroup.com\/produit\/nanosatellites-cubesats-de-lere-newspace-pour-lobservation-spatiale-1\/\",\"url\":\"https:\/\/www.istegroup.com\/produit\/nanosatellites-cubesats-de-lere-newspace-pour-lobservation-spatiale-1\/\",\"name\":\"Nanosatellites, CubeSats de l\u2019\u00e8re NewSpace pour l\u2019observation spatiale 1 - ISTE Group\",\"isPartOf\":{\"@id\":\"https:\/\/www.istegroup.com\/#website\"},\"primaryImageOfPage\":{\"@id\":\"https:\/\/www.istegroup.com\/produit\/nanosatellites-cubesats-de-lere-newspace-pour-lobservation-spatiale-1\/#primaryimage\"},\"image\":{\"@id\":\"https:\/\/www.istegroup.com\/produit\/nanosatellites-cubesats-de-lere-newspace-pour-lobservation-spatiale-1\/#primaryimage\"},\"thumbnailUrl\":\"https:\/\/www.istegroup.com\/wp-content\/uploads\/2025\/06\/038_Nanosatellites-CubeSats-de-lere-NewSpace-pour-lobservation-spatiale-1.png\",\"datePublished\":\"2025-06-18T10:39:19+00:00\",\"dateModified\":\"2025-12-08T16:20:50+00:00\",\"description\":\"Nanosatellites, CubeSats de l\u2019\u00e8re NewSpace pour l\u2019observation spatiale 1 retrace l\u2019\u00e9volution de l\u2019exploration spatiale, depuis 1957 et les premi\u00e8res observations astronomiques, jusqu\u2019\u00e0 l\u2019\u00e8re du NewSpace.\",\"breadcrumb\":{\"@id\":\"https:\/\/www.istegroup.com\/produit\/nanosatellites-cubesats-de-lere-newspace-pour-lobservation-spatiale-1\/#breadcrumb\"},\"inLanguage\":\"fr-FR\",\"potentialAction\":[{\"@type\":\"ReadAction\",\"target\":[\"https:\/\/www.istegroup.com\/produit\/nanosatellites-cubesats-de-lere-newspace-pour-lobservation-spatiale-1\/\"]}]},{\"@type\":\"ImageObject\",\"inLanguage\":\"fr-FR\",\"@id\":\"https:\/\/www.istegroup.com\/produit\/nanosatellites-cubesats-de-lere-newspace-pour-lobservation-spatiale-1\/#primaryimage\",\"url\":\"https:\/\/www.istegroup.com\/wp-content\/uploads\/2025\/06\/038_Nanosatellites-CubeSats-de-lere-NewSpace-pour-lobservation-spatiale-1.png\",\"contentUrl\":\"https:\/\/www.istegroup.com\/wp-content\/uploads\/2025\/06\/038_Nanosatellites-CubeSats-de-lere-NewSpace-pour-lobservation-spatiale-1.png\",\"width\":554,\"height\":842},{\"@type\":\"BreadcrumbList\",\"@id\":\"https:\/\/www.istegroup.com\/produit\/nanosatellites-cubesats-de-lere-newspace-pour-lobservation-spatiale-1\/#breadcrumb\",\"itemListElement\":[{\"@type\":\"ListItem\",\"position\":1,\"name\":\"Home\",\"item\":\"https:\/\/www.istegroup.com\/\"},{\"@type\":\"ListItem\",\"position\":2,\"name\":\"Shop\",\"item\":\"https:\/\/www.istegroup.com\/fr\/nouveautes\/\"},{\"@type\":\"ListItem\",\"position\":3,\"name\":\"Nanosatellites, CubeSats de l\u2019\u00e8re NewSpace pour l\u2019observation spatiale 1\"}]},{\"@type\":\"WebSite\",\"@id\":\"https:\/\/www.istegroup.com\/#website\",\"url\":\"https:\/\/www.istegroup.com\/\",\"name\":\"ISTE Group\",\"description\":\"\u00c9diteur des Sciences\",\"potentialAction\":[{\"@type\":\"SearchAction\",\"target\":{\"@type\":\"EntryPoint\",\"urlTemplate\":\"https:\/\/www.istegroup.com\/?s={search_term_string}\"},\"query-input\":{\"@type\":\"PropertyValueSpecification\",\"valueRequired\":true,\"valueName\":\"search_term_string\"}}],\"inLanguage\":\"fr-FR\"}]}<\/script>\n<!-- \/ Yoast SEO plugin. -->","yoast_head_json":{"title":"Nanosatellites, CubeSats de l\u2019\u00e8re NewSpace pour l\u2019observation spatiale 1 - ISTE Group","description":"Nanosatellites, CubeSats de l\u2019\u00e8re NewSpace pour l\u2019observation spatiale 1 retrace l\u2019\u00e9volution de l\u2019exploration spatiale, depuis 1957 et les premi\u00e8res observations astronomiques, jusqu\u2019\u00e0 l\u2019\u00e8re du NewSpace.","robots":{"index":"index","follow":"follow","max-snippet":"max-snippet:-1","max-image-preview":"max-image-preview:large","max-video-preview":"max-video-preview:-1"},"canonical":"https:\/\/www.istegroup.com\/produit\/nanosatellites-cubesats-de-lere-newspace-pour-lobservation-spatiale-1\/","og_locale":"fr_FR","og_type":"article","og_title":"Nanosatellites, CubeSats de l\u2019\u00e8re NewSpace pour l\u2019observation spatiale 1 - ISTE Group","og_description":"Nanosatellites, CubeSats de l\u2019\u00e8re NewSpace pour l\u2019observation spatiale 1 retrace l\u2019\u00e9volution de l\u2019exploration spatiale, depuis 1957 et les premi\u00e8res observations astronomiques, jusqu\u2019\u00e0 l\u2019\u00e8re du NewSpace.","og_url":"https:\/\/www.istegroup.com\/produit\/nanosatellites-cubesats-de-lere-newspace-pour-lobservation-spatiale-1\/","og_site_name":"ISTE Group","article_modified_time":"2025-12-08T16:20:50+00:00","og_image":[{"width":554,"height":842,"url":"https:\/\/www.istegroup.com\/wp-content\/uploads\/2025\/06\/038_Nanosatellites-CubeSats-de-lere-NewSpace-pour-lobservation-spatiale-1.png","type":"image\/png"}],"twitter_card":"summary_large_image","twitter_misc":{"Est. reading time":"2 minutes"},"schema":{"@context":"https:\/\/schema.org","@graph":[{"@type":"WebPage","@id":"https:\/\/www.istegroup.com\/produit\/nanosatellites-cubesats-de-lere-newspace-pour-lobservation-spatiale-1\/","url":"https:\/\/www.istegroup.com\/produit\/nanosatellites-cubesats-de-lere-newspace-pour-lobservation-spatiale-1\/","name":"Nanosatellites, CubeSats de l\u2019\u00e8re NewSpace pour l\u2019observation spatiale 1 - ISTE Group","isPartOf":{"@id":"https:\/\/www.istegroup.com\/#website"},"primaryImageOfPage":{"@id":"https:\/\/www.istegroup.com\/produit\/nanosatellites-cubesats-de-lere-newspace-pour-lobservation-spatiale-1\/#primaryimage"},"image":{"@id":"https:\/\/www.istegroup.com\/produit\/nanosatellites-cubesats-de-lere-newspace-pour-lobservation-spatiale-1\/#primaryimage"},"thumbnailUrl":"https:\/\/www.istegroup.com\/wp-content\/uploads\/2025\/06\/038_Nanosatellites-CubeSats-de-lere-NewSpace-pour-lobservation-spatiale-1.png","datePublished":"2025-06-18T10:39:19+00:00","dateModified":"2025-12-08T16:20:50+00:00","description":"Nanosatellites, CubeSats de l\u2019\u00e8re NewSpace pour l\u2019observation spatiale 1 retrace l\u2019\u00e9volution de l\u2019exploration spatiale, depuis 1957 et les premi\u00e8res observations astronomiques, jusqu\u2019\u00e0 l\u2019\u00e8re du NewSpace.","breadcrumb":{"@id":"https:\/\/www.istegroup.com\/produit\/nanosatellites-cubesats-de-lere-newspace-pour-lobservation-spatiale-1\/#breadcrumb"},"inLanguage":"fr-FR","potentialAction":[{"@type":"ReadAction","target":["https:\/\/www.istegroup.com\/produit\/nanosatellites-cubesats-de-lere-newspace-pour-lobservation-spatiale-1\/"]}]},{"@type":"ImageObject","inLanguage":"fr-FR","@id":"https:\/\/www.istegroup.com\/produit\/nanosatellites-cubesats-de-lere-newspace-pour-lobservation-spatiale-1\/#primaryimage","url":"https:\/\/www.istegroup.com\/wp-content\/uploads\/2025\/06\/038_Nanosatellites-CubeSats-de-lere-NewSpace-pour-lobservation-spatiale-1.png","contentUrl":"https:\/\/www.istegroup.com\/wp-content\/uploads\/2025\/06\/038_Nanosatellites-CubeSats-de-lere-NewSpace-pour-lobservation-spatiale-1.png","width":554,"height":842},{"@type":"BreadcrumbList","@id":"https:\/\/www.istegroup.com\/produit\/nanosatellites-cubesats-de-lere-newspace-pour-lobservation-spatiale-1\/#breadcrumb","itemListElement":[{"@type":"ListItem","position":1,"name":"Home","item":"https:\/\/www.istegroup.com\/"},{"@type":"ListItem","position":2,"name":"Shop","item":"https:\/\/www.istegroup.com\/fr\/nouveautes\/"},{"@type":"ListItem","position":3,"name":"Nanosatellites, CubeSats de l\u2019\u00e8re NewSpace pour l\u2019observation spatiale 1"}]},{"@type":"WebSite","@id":"https:\/\/www.istegroup.com\/#website","url":"https:\/\/www.istegroup.com\/","name":"ISTE Group","description":"\u00c9diteur des Sciences","potentialAction":[{"@type":"SearchAction","target":{"@type":"EntryPoint","urlTemplate":"https:\/\/www.istegroup.com\/?s={search_term_string}"},"query-input":{"@type":"PropertyValueSpecification","valueRequired":true,"valueName":"search_term_string"}}],"inLanguage":"fr-FR"}]}},"_links":{"self":[{"href":"https:\/\/www.istegroup.com\/fr\/wp-json\/wp\/v2\/product\/60612","targetHints":{"allow":["GET"]}}],"collection":[{"href":"https:\/\/www.istegroup.com\/fr\/wp-json\/wp\/v2\/product"}],"about":[{"href":"https:\/\/www.istegroup.com\/fr\/wp-json\/wp\/v2\/types\/product"}],"wp:featuredmedia":[{"embeddable":true,"href":"https:\/\/www.istegroup.com\/fr\/wp-json\/wp\/v2\/media\/60622"}],"wp:attachment":[{"href":"https:\/\/www.istegroup.com\/fr\/wp-json\/wp\/v2\/media?parent=60612"}],"wp:term":[{"taxonomy":"product_brand","embeddable":true,"href":"https:\/\/www.istegroup.com\/fr\/wp-json\/wp\/v2\/product_brand?post=60612"},{"taxonomy":"product_cat","embeddable":true,"href":"https:\/\/www.istegroup.com\/fr\/wp-json\/wp\/v2\/product_cat?post=60612"},{"taxonomy":"product_tag","embeddable":true,"href":"https:\/\/www.istegroup.com\/fr\/wp-json\/wp\/v2\/product_tag?post=60612"}],"curies":[{"name":"wp","href":"https:\/\/api.w.org\/{rel}","templated":true}]}}