{"id":60601,"date":"2025-06-18T11:26:23","date_gmt":"2025-06-18T10:26:23","guid":{"rendered":"https:\/\/www.istegroup.com\/?post_type=product&#038;p=60601"},"modified":"2025-06-25T09:13:32","modified_gmt":"2025-06-25T08:13:32","slug":"dispositifs-medicaux-et-capteurs","status":"publish","type":"product","link":"https:\/\/www.istegroup.com\/fr\/produit\/dispositifs-medicaux-et-capteurs\/","title":{"rendered":"Dispositifs m\u00e9dicaux et capteurs"},"content":{"rendered":"<p>Le suivi instrument\u00e9 du corps humain constitue un pilier fondamental de la science de la sant\u00e9 num\u00e9rique. Si les capteurs bon march\u00e9 issus de la technologie des smartphones ou des montres connect\u00e9es donnent l\u2019illusion d\u2019une accessibilit\u00e9 g\u00e9n\u00e9ralis\u00e9e, la conception de v\u00e9ritables dispositifs m\u00e9dicaux requiert des comp\u00e9tences sp\u00e9cifiques et une approche rigoureuse, car elle engage directement l\u2019int\u00e9grit\u00e9 physique des patients. Ce processus est strictement encadr\u00e9 par une r\u00e9glementation exigeante, visant \u00e0 garantir le respect des normes de qualit\u00e9, la ma\u00eetrise des risques et l\u2019\u00e9thique m\u00e9dicale.<\/p>\n<p><em>Dispositifs m\u00e9dicaux et capteurs<\/em> propose une vue d\u2019ensemble de la conception des dispositifs m\u00e9dicaux. Il s\u2019ouvre sur une mise en perspective historique et \u00e9conomique, avant de d\u00e9tailler les \u00e9l\u00e9ments essentiels du processus de conception, en s\u2019appuyant sur les cadres r\u00e9glementaires de l\u2019Union europ\u00e9enne et des \u00c9tats-Unis. Il pr\u00e9sente ensuite les diff\u00e9rents types de capteurs destin\u00e9s \u00e0 l\u2019observation du corps humain, puis souligne le r\u00f4le central de l\u2019approche clinique dans la qualification des dispositifs. Enfin, il offre un \u00e9clairage sur l\u2019apport de la simulation num\u00e9rique dans le d\u00e9veloppement de ces technologies de sant\u00e9.<\/p>\n","protected":false},"excerpt":{"rendered":"<p>Le suivi instrument\u00e9 du corps humain constitue un pilier fondamental de la science de la sant\u00e9 num\u00e9rique. Si les capteurs bon march\u00e9 issus de la technologie des smartphones ou des montres connect\u00e9es donnent l\u2019illusion d\u2019une accessibilit\u00e9 g\u00e9n\u00e9ralis\u00e9e, la conception de v\u00e9ritables dispositifs m\u00e9dicaux requiert des comp\u00e9tences sp\u00e9cifiques et une approche rigoureuse, car elle engage directement [&hellip;]<\/p>\n","protected":false},"featured_media":60611,"template":"","meta":{"_acf_changed":false,"_links_to":"","_links_to_target":""},"product_brand":[],"product_cat":[668],"product_tag":[],"class_list":{"0":"post-60601","1":"product","2":"type-product","3":"status-publish","4":"has-post-thumbnail","6":"product_cat-ingnierie-de-la-sant-et-socit-188418884","8":"first","9":"instock","10":"shipping-taxable","11":"purchasable","12":"product-type-variable"},"acf":[],"yoast_head":"<!-- This site is optimized with the Yoast SEO plugin v27.2 - https:\/\/yoast.com\/product\/yoast-seo-wordpress\/ -->\n<title>Dispositifs m\u00e9dicaux et capteurs - ISTE Group<\/title>\n<meta name=\"description\" content=\"Dispositifs m\u00e9dicaux et capteurs propose une vue d\u2019ensemble de la conception des dispositifs m\u00e9dicaux. Il s\u2019ouvre sur une mise en perspective historique et \u00e9conomique, avant de d\u00e9tailler les \u00e9l\u00e9ments essentiels du processus de conception, en s\u2019appuyant sur les cadres r\u00e9glementaires de l\u2019Union europ\u00e9enne et des \u00c9tats-Unis.\" \/>\n<meta name=\"robots\" content=\"index, follow, max-snippet:-1, max-image-preview:large, max-video-preview:-1\" \/>\n<link rel=\"canonical\" href=\"https:\/\/www.istegroup.com\/produit\/dispositifs-medicaux-et-capteurs\/\" \/>\n<meta property=\"og:locale\" content=\"fr_FR\" \/>\n<meta property=\"og:type\" content=\"article\" \/>\n<meta property=\"og:title\" content=\"Dispositifs m\u00e9dicaux et capteurs - ISTE Group\" \/>\n<meta property=\"og:description\" content=\"Dispositifs m\u00e9dicaux et capteurs propose une vue d\u2019ensemble de la conception des dispositifs m\u00e9dicaux. Il s\u2019ouvre sur une mise en perspective historique et \u00e9conomique, avant de d\u00e9tailler les \u00e9l\u00e9ments essentiels du processus de conception, en s\u2019appuyant sur les cadres r\u00e9glementaires de l\u2019Union europ\u00e9enne et des \u00c9tats-Unis.\" \/>\n<meta property=\"og:url\" content=\"https:\/\/www.istegroup.com\/produit\/dispositifs-medicaux-et-capteurs\/\" \/>\n<meta property=\"og:site_name\" content=\"ISTE Group\" \/>\n<meta property=\"article:modified_time\" content=\"2025-06-25T08:13:32+00:00\" \/>\n<meta property=\"og:image\" content=\"https:\/\/www.istegroup.com\/wp-content\/uploads\/2025\/06\/036_Dispositifs-medicaux-et-capteurs.png\" \/>\n\t<meta property=\"og:image:width\" content=\"553\" \/>\n\t<meta property=\"og:image:height\" content=\"834\" \/>\n\t<meta property=\"og:image:type\" content=\"image\/png\" \/>\n<meta name=\"twitter:card\" content=\"summary_large_image\" \/>\n<meta name=\"twitter:label1\" content=\"Est. reading time\" \/>\n\t<meta name=\"twitter:data1\" content=\"2 minutes\" \/>\n<script type=\"application\/ld+json\" class=\"yoast-schema-graph\">{\"@context\":\"https:\/\/schema.org\",\"@graph\":[{\"@type\":\"WebPage\",\"@id\":\"https:\/\/www.istegroup.com\/produit\/dispositifs-medicaux-et-capteurs\/\",\"url\":\"https:\/\/www.istegroup.com\/produit\/dispositifs-medicaux-et-capteurs\/\",\"name\":\"Dispositifs m\u00e9dicaux et capteurs - ISTE Group\",\"isPartOf\":{\"@id\":\"https:\/\/www.istegroup.com\/#website\"},\"primaryImageOfPage\":{\"@id\":\"https:\/\/www.istegroup.com\/produit\/dispositifs-medicaux-et-capteurs\/#primaryimage\"},\"image\":{\"@id\":\"https:\/\/www.istegroup.com\/produit\/dispositifs-medicaux-et-capteurs\/#primaryimage\"},\"thumbnailUrl\":\"https:\/\/www.istegroup.com\/wp-content\/uploads\/2025\/06\/036_Dispositifs-medicaux-et-capteurs.png\",\"datePublished\":\"2025-06-18T10:26:23+00:00\",\"dateModified\":\"2025-06-25T08:13:32+00:00\",\"description\":\"Dispositifs m\u00e9dicaux et capteurs propose une vue d\u2019ensemble de la conception des dispositifs m\u00e9dicaux. Il s\u2019ouvre sur une mise en perspective historique et \u00e9conomique, avant de d\u00e9tailler les \u00e9l\u00e9ments essentiels du processus de conception, en s\u2019appuyant sur les cadres r\u00e9glementaires de l\u2019Union europ\u00e9enne et des \u00c9tats-Unis.\",\"breadcrumb\":{\"@id\":\"https:\/\/www.istegroup.com\/produit\/dispositifs-medicaux-et-capteurs\/#breadcrumb\"},\"inLanguage\":\"fr-FR\",\"potentialAction\":[{\"@type\":\"ReadAction\",\"target\":[\"https:\/\/www.istegroup.com\/produit\/dispositifs-medicaux-et-capteurs\/\"]}]},{\"@type\":\"ImageObject\",\"inLanguage\":\"fr-FR\",\"@id\":\"https:\/\/www.istegroup.com\/produit\/dispositifs-medicaux-et-capteurs\/#primaryimage\",\"url\":\"https:\/\/www.istegroup.com\/wp-content\/uploads\/2025\/06\/036_Dispositifs-medicaux-et-capteurs.png\",\"contentUrl\":\"https:\/\/www.istegroup.com\/wp-content\/uploads\/2025\/06\/036_Dispositifs-medicaux-et-capteurs.png\",\"width\":553,\"height\":834},{\"@type\":\"BreadcrumbList\",\"@id\":\"https:\/\/www.istegroup.com\/produit\/dispositifs-medicaux-et-capteurs\/#breadcrumb\",\"itemListElement\":[{\"@type\":\"ListItem\",\"position\":1,\"name\":\"Home\",\"item\":\"https:\/\/www.istegroup.com\/\"},{\"@type\":\"ListItem\",\"position\":2,\"name\":\"Shop\",\"item\":\"https:\/\/www.istegroup.com\/fr\/nouveautes\/\"},{\"@type\":\"ListItem\",\"position\":3,\"name\":\"Dispositifs m\u00e9dicaux et capteurs\"}]},{\"@type\":\"WebSite\",\"@id\":\"https:\/\/www.istegroup.com\/#website\",\"url\":\"https:\/\/www.istegroup.com\/\",\"name\":\"ISTE Group\",\"description\":\"\u00c9diteur des Sciences\",\"potentialAction\":[{\"@type\":\"SearchAction\",\"target\":{\"@type\":\"EntryPoint\",\"urlTemplate\":\"https:\/\/www.istegroup.com\/?s={search_term_string}\"},\"query-input\":{\"@type\":\"PropertyValueSpecification\",\"valueRequired\":true,\"valueName\":\"search_term_string\"}}],\"inLanguage\":\"fr-FR\"}]}<\/script>\n<!-- \/ Yoast SEO plugin. -->","yoast_head_json":{"title":"Dispositifs m\u00e9dicaux et capteurs - ISTE Group","description":"Dispositifs m\u00e9dicaux et capteurs propose une vue d\u2019ensemble de la conception des dispositifs m\u00e9dicaux. Il s\u2019ouvre sur une mise en perspective historique et \u00e9conomique, avant de d\u00e9tailler les \u00e9l\u00e9ments essentiels du processus de conception, en s\u2019appuyant sur les cadres r\u00e9glementaires de l\u2019Union europ\u00e9enne et des \u00c9tats-Unis.","robots":{"index":"index","follow":"follow","max-snippet":"max-snippet:-1","max-image-preview":"max-image-preview:large","max-video-preview":"max-video-preview:-1"},"canonical":"https:\/\/www.istegroup.com\/produit\/dispositifs-medicaux-et-capteurs\/","og_locale":"fr_FR","og_type":"article","og_title":"Dispositifs m\u00e9dicaux et capteurs - ISTE Group","og_description":"Dispositifs m\u00e9dicaux et capteurs propose une vue d\u2019ensemble de la conception des dispositifs m\u00e9dicaux. Il s\u2019ouvre sur une mise en perspective historique et \u00e9conomique, avant de d\u00e9tailler les \u00e9l\u00e9ments essentiels du processus de conception, en s\u2019appuyant sur les cadres r\u00e9glementaires de l\u2019Union europ\u00e9enne et des \u00c9tats-Unis.","og_url":"https:\/\/www.istegroup.com\/produit\/dispositifs-medicaux-et-capteurs\/","og_site_name":"ISTE Group","article_modified_time":"2025-06-25T08:13:32+00:00","og_image":[{"width":553,"height":834,"url":"https:\/\/www.istegroup.com\/wp-content\/uploads\/2025\/06\/036_Dispositifs-medicaux-et-capteurs.png","type":"image\/png"}],"twitter_card":"summary_large_image","twitter_misc":{"Est. reading time":"2 minutes"},"schema":{"@context":"https:\/\/schema.org","@graph":[{"@type":"WebPage","@id":"https:\/\/www.istegroup.com\/produit\/dispositifs-medicaux-et-capteurs\/","url":"https:\/\/www.istegroup.com\/produit\/dispositifs-medicaux-et-capteurs\/","name":"Dispositifs m\u00e9dicaux et capteurs - ISTE Group","isPartOf":{"@id":"https:\/\/www.istegroup.com\/#website"},"primaryImageOfPage":{"@id":"https:\/\/www.istegroup.com\/produit\/dispositifs-medicaux-et-capteurs\/#primaryimage"},"image":{"@id":"https:\/\/www.istegroup.com\/produit\/dispositifs-medicaux-et-capteurs\/#primaryimage"},"thumbnailUrl":"https:\/\/www.istegroup.com\/wp-content\/uploads\/2025\/06\/036_Dispositifs-medicaux-et-capteurs.png","datePublished":"2025-06-18T10:26:23+00:00","dateModified":"2025-06-25T08:13:32+00:00","description":"Dispositifs m\u00e9dicaux et capteurs propose une vue d\u2019ensemble de la conception des dispositifs m\u00e9dicaux. Il s\u2019ouvre sur une mise en perspective historique et \u00e9conomique, avant de d\u00e9tailler les \u00e9l\u00e9ments essentiels du processus de conception, en s\u2019appuyant sur les cadres r\u00e9glementaires de l\u2019Union europ\u00e9enne et des \u00c9tats-Unis.","breadcrumb":{"@id":"https:\/\/www.istegroup.com\/produit\/dispositifs-medicaux-et-capteurs\/#breadcrumb"},"inLanguage":"fr-FR","potentialAction":[{"@type":"ReadAction","target":["https:\/\/www.istegroup.com\/produit\/dispositifs-medicaux-et-capteurs\/"]}]},{"@type":"ImageObject","inLanguage":"fr-FR","@id":"https:\/\/www.istegroup.com\/produit\/dispositifs-medicaux-et-capteurs\/#primaryimage","url":"https:\/\/www.istegroup.com\/wp-content\/uploads\/2025\/06\/036_Dispositifs-medicaux-et-capteurs.png","contentUrl":"https:\/\/www.istegroup.com\/wp-content\/uploads\/2025\/06\/036_Dispositifs-medicaux-et-capteurs.png","width":553,"height":834},{"@type":"BreadcrumbList","@id":"https:\/\/www.istegroup.com\/produit\/dispositifs-medicaux-et-capteurs\/#breadcrumb","itemListElement":[{"@type":"ListItem","position":1,"name":"Home","item":"https:\/\/www.istegroup.com\/"},{"@type":"ListItem","position":2,"name":"Shop","item":"https:\/\/www.istegroup.com\/fr\/nouveautes\/"},{"@type":"ListItem","position":3,"name":"Dispositifs m\u00e9dicaux et capteurs"}]},{"@type":"WebSite","@id":"https:\/\/www.istegroup.com\/#website","url":"https:\/\/www.istegroup.com\/","name":"ISTE Group","description":"\u00c9diteur des Sciences","potentialAction":[{"@type":"SearchAction","target":{"@type":"EntryPoint","urlTemplate":"https:\/\/www.istegroup.com\/?s={search_term_string}"},"query-input":{"@type":"PropertyValueSpecification","valueRequired":true,"valueName":"search_term_string"}}],"inLanguage":"fr-FR"}]}},"_links":{"self":[{"href":"https:\/\/www.istegroup.com\/fr\/wp-json\/wp\/v2\/product\/60601","targetHints":{"allow":["GET"]}}],"collection":[{"href":"https:\/\/www.istegroup.com\/fr\/wp-json\/wp\/v2\/product"}],"about":[{"href":"https:\/\/www.istegroup.com\/fr\/wp-json\/wp\/v2\/types\/product"}],"wp:featuredmedia":[{"embeddable":true,"href":"https:\/\/www.istegroup.com\/fr\/wp-json\/wp\/v2\/media\/60611"}],"wp:attachment":[{"href":"https:\/\/www.istegroup.com\/fr\/wp-json\/wp\/v2\/media?parent=60601"}],"wp:term":[{"taxonomy":"product_brand","embeddable":true,"href":"https:\/\/www.istegroup.com\/fr\/wp-json\/wp\/v2\/product_brand?post=60601"},{"taxonomy":"product_cat","embeddable":true,"href":"https:\/\/www.istegroup.com\/fr\/wp-json\/wp\/v2\/product_cat?post=60601"},{"taxonomy":"product_tag","embeddable":true,"href":"https:\/\/www.istegroup.com\/fr\/wp-json\/wp\/v2\/product_tag?post=60601"}],"curies":[{"name":"wp","href":"https:\/\/api.w.org\/{rel}","templated":true}]}}