{"id":60301,"date":"2025-05-19T16:25:21","date_gmt":"2025-05-19T15:25:21","guid":{"rendered":"https:\/\/www.istegroup.com\/?post_type=product&#038;p=60301"},"modified":"2025-05-20T09:48:11","modified_gmt":"2025-05-20T08:48:11","slug":"quelques-phenomenes-complexes-en-mecanique-des-fluides-et-des-solides","status":"publish","type":"product","link":"https:\/\/www.istegroup.com\/fr\/produit\/quelques-phenomenes-complexes-en-mecanique-des-fluides-et-des-solides\/","title":{"rendered":"Quelques ph\u00e9nom\u00e8nes complexes en m\u00e9canique des fluides et des solides"},"content":{"rendered":"<p><em>Quelques ph\u00e9nom\u00e8nes complexes en m\u00e9canique des fluides et des solides<\/em> explore et approfondit des th\u00e9matiques de recherche auxquelles le professeur et chercheur Abdelhak Ambari a apport\u00e9 de pr\u00e9cieuses contributions exp\u00e9rimentales et th\u00e9oriques. Ces sujets incluent la rh\u00e9ologie des fluides complexes et des polym\u00e8res, les interactions hydrodynamiques, les \u00e9coulements aux faibles nombres de Reynolds, la caract\u00e9risation des milieux poreux, les instabilit\u00e9s hydrodynamiques et en m\u00e9canique des solides et enfin, la m\u00e9trologie par m\u00e9thodes \u00e9lectrochimiques.<\/p>\n<p>Cet ouvrage s\u2019adresse \u00e0 une large communaut\u00e9 de lecteurs d\u00e9sireux d\u2019approfondir ces th\u00e9matiques scientifiques. Il sera un outil pr\u00e9cieux pour les \u00e9tudiants en doctorat et les chercheurs. Il apportera \u00e9galement aux \u00e9tudiants de licence et master une bonne introduction aux techniques et aux approches d\u00e9velopp\u00e9es en recherche fondamentale et appliqu\u00e9e dans le domaine de la m\u00e9canique des fluides, des solides et de l\u2019instrumentation.<\/p>\n","protected":false},"excerpt":{"rendered":"<p>Quelques ph\u00e9nom\u00e8nes complexes en m\u00e9canique des fluides et des solides explore et approfondit des th\u00e9matiques de recherche auxquelles le professeur et chercheur Abdelhak Ambari a apport\u00e9 de pr\u00e9cieuses contributions exp\u00e9rimentales et th\u00e9oriques. Ces sujets incluent la rh\u00e9ologie des fluides complexes et des polym\u00e8res, les interactions hydrodynamiques, les \u00e9coulements aux faibles nombres de Reynolds, la caract\u00e9risation [&hellip;]<\/p>\n","protected":false},"featured_media":60316,"template":"","meta":{"_acf_changed":false,"_links_to":"","_links_to_target":""},"product_brand":[],"product_cat":[664],"product_tag":[],"class_list":{"0":"post-60301","1":"product","2":"type-product","3":"status-publish","4":"has-post-thumbnail","6":"product_cat-gnie-mcanique-et-mcanique-des-solides-12506462","8":"first","9":"instock","10":"shipping-taxable","11":"purchasable","12":"product-type-variable"},"acf":[],"yoast_head":"<!-- This site is optimized with the Yoast SEO plugin v27.2 - https:\/\/yoast.com\/product\/yoast-seo-wordpress\/ -->\n<title>Quelques ph\u00e9nom\u00e8nes complexes en m\u00e9canique des fluides et des solides - ISTE Group<\/title>\n<meta name=\"description\" content=\"Quelques ph\u00e9nom\u00e8nes complexes en m\u00e9canique des fluides et des solides explore et approfondit des th\u00e9matiques de recherche auxquelles le professeur et chercheur Abdelhak Ambari a apport\u00e9 de pr\u00e9cieuses contributions exp\u00e9rimentales et th\u00e9oriques.\" \/>\n<meta name=\"robots\" content=\"index, follow, max-snippet:-1, max-image-preview:large, max-video-preview:-1\" \/>\n<link rel=\"canonical\" href=\"https:\/\/www.istegroup.com\/produit\/quelques-phenomenes-complexes-en-mecanique-des-fluides-et-des-solides\/\" \/>\n<meta property=\"og:locale\" content=\"fr_FR\" \/>\n<meta property=\"og:type\" content=\"article\" \/>\n<meta property=\"og:title\" content=\"Quelques ph\u00e9nom\u00e8nes complexes en m\u00e9canique des fluides et des solides - ISTE Group\" \/>\n<meta property=\"og:description\" content=\"Quelques ph\u00e9nom\u00e8nes complexes en m\u00e9canique des fluides et des solides explore et approfondit des th\u00e9matiques de recherche auxquelles le professeur et chercheur Abdelhak Ambari a apport\u00e9 de pr\u00e9cieuses contributions exp\u00e9rimentales et th\u00e9oriques.\" \/>\n<meta property=\"og:url\" content=\"https:\/\/www.istegroup.com\/produit\/quelques-phenomenes-complexes-en-mecanique-des-fluides-et-des-solides\/\" \/>\n<meta property=\"og:site_name\" content=\"ISTE Group\" \/>\n<meta property=\"article:modified_time\" content=\"2025-05-20T08:48:11+00:00\" \/>\n<meta property=\"og:image\" content=\"https:\/\/www.istegroup.com\/wp-content\/uploads\/2025\/05\/037_Quelques-phenomenes-complexes-en-mecanique-des-fluides-et-des-solides_front.jpg\" \/>\n\t<meta property=\"og:image:width\" content=\"596\" \/>\n\t<meta property=\"og:image:height\" content=\"899\" \/>\n\t<meta property=\"og:image:type\" content=\"image\/jpeg\" \/>\n<meta name=\"twitter:card\" content=\"summary_large_image\" \/>\n<meta name=\"twitter:label1\" content=\"Est. reading time\" \/>\n\t<meta name=\"twitter:data1\" content=\"1 minute\" \/>\n<script type=\"application\/ld+json\" class=\"yoast-schema-graph\">{\"@context\":\"https:\/\/schema.org\",\"@graph\":[{\"@type\":\"WebPage\",\"@id\":\"https:\/\/www.istegroup.com\/produit\/quelques-phenomenes-complexes-en-mecanique-des-fluides-et-des-solides\/\",\"url\":\"https:\/\/www.istegroup.com\/produit\/quelques-phenomenes-complexes-en-mecanique-des-fluides-et-des-solides\/\",\"name\":\"Quelques ph\u00e9nom\u00e8nes complexes en m\u00e9canique des fluides et des solides - ISTE Group\",\"isPartOf\":{\"@id\":\"https:\/\/www.istegroup.com\/#website\"},\"primaryImageOfPage\":{\"@id\":\"https:\/\/www.istegroup.com\/produit\/quelques-phenomenes-complexes-en-mecanique-des-fluides-et-des-solides\/#primaryimage\"},\"image\":{\"@id\":\"https:\/\/www.istegroup.com\/produit\/quelques-phenomenes-complexes-en-mecanique-des-fluides-et-des-solides\/#primaryimage\"},\"thumbnailUrl\":\"https:\/\/www.istegroup.com\/wp-content\/uploads\/2025\/05\/037_Quelques-phenomenes-complexes-en-mecanique-des-fluides-et-des-solides_front.jpg\",\"datePublished\":\"2025-05-19T15:25:21+00:00\",\"dateModified\":\"2025-05-20T08:48:11+00:00\",\"description\":\"Quelques ph\u00e9nom\u00e8nes complexes en m\u00e9canique des fluides et des solides explore et approfondit des th\u00e9matiques de recherche auxquelles le professeur et chercheur Abdelhak Ambari a apport\u00e9 de pr\u00e9cieuses contributions exp\u00e9rimentales et th\u00e9oriques.\",\"breadcrumb\":{\"@id\":\"https:\/\/www.istegroup.com\/produit\/quelques-phenomenes-complexes-en-mecanique-des-fluides-et-des-solides\/#breadcrumb\"},\"inLanguage\":\"fr-FR\",\"potentialAction\":[{\"@type\":\"ReadAction\",\"target\":[\"https:\/\/www.istegroup.com\/produit\/quelques-phenomenes-complexes-en-mecanique-des-fluides-et-des-solides\/\"]}]},{\"@type\":\"ImageObject\",\"inLanguage\":\"fr-FR\",\"@id\":\"https:\/\/www.istegroup.com\/produit\/quelques-phenomenes-complexes-en-mecanique-des-fluides-et-des-solides\/#primaryimage\",\"url\":\"https:\/\/www.istegroup.com\/wp-content\/uploads\/2025\/05\/037_Quelques-phenomenes-complexes-en-mecanique-des-fluides-et-des-solides_front.jpg\",\"contentUrl\":\"https:\/\/www.istegroup.com\/wp-content\/uploads\/2025\/05\/037_Quelques-phenomenes-complexes-en-mecanique-des-fluides-et-des-solides_front.jpg\",\"width\":596,\"height\":899},{\"@type\":\"BreadcrumbList\",\"@id\":\"https:\/\/www.istegroup.com\/produit\/quelques-phenomenes-complexes-en-mecanique-des-fluides-et-des-solides\/#breadcrumb\",\"itemListElement\":[{\"@type\":\"ListItem\",\"position\":1,\"name\":\"Home\",\"item\":\"https:\/\/www.istegroup.com\/\"},{\"@type\":\"ListItem\",\"position\":2,\"name\":\"Shop\",\"item\":\"https:\/\/www.istegroup.com\/fr\/nouveautes\/\"},{\"@type\":\"ListItem\",\"position\":3,\"name\":\"Quelques ph\u00e9nom\u00e8nes complexes en m\u00e9canique des fluides et des solides\"}]},{\"@type\":\"WebSite\",\"@id\":\"https:\/\/www.istegroup.com\/#website\",\"url\":\"https:\/\/www.istegroup.com\/\",\"name\":\"ISTE Group\",\"description\":\"\u00c9diteur des Sciences\",\"potentialAction\":[{\"@type\":\"SearchAction\",\"target\":{\"@type\":\"EntryPoint\",\"urlTemplate\":\"https:\/\/www.istegroup.com\/?s={search_term_string}\"},\"query-input\":{\"@type\":\"PropertyValueSpecification\",\"valueRequired\":true,\"valueName\":\"search_term_string\"}}],\"inLanguage\":\"fr-FR\"}]}<\/script>\n<!-- \/ Yoast SEO plugin. -->","yoast_head_json":{"title":"Quelques ph\u00e9nom\u00e8nes complexes en m\u00e9canique des fluides et des solides - ISTE Group","description":"Quelques ph\u00e9nom\u00e8nes complexes en m\u00e9canique des fluides et des solides explore et approfondit des th\u00e9matiques de recherche auxquelles le professeur et chercheur Abdelhak Ambari a apport\u00e9 de pr\u00e9cieuses contributions exp\u00e9rimentales et th\u00e9oriques.","robots":{"index":"index","follow":"follow","max-snippet":"max-snippet:-1","max-image-preview":"max-image-preview:large","max-video-preview":"max-video-preview:-1"},"canonical":"https:\/\/www.istegroup.com\/produit\/quelques-phenomenes-complexes-en-mecanique-des-fluides-et-des-solides\/","og_locale":"fr_FR","og_type":"article","og_title":"Quelques ph\u00e9nom\u00e8nes complexes en m\u00e9canique des fluides et des solides - ISTE Group","og_description":"Quelques ph\u00e9nom\u00e8nes complexes en m\u00e9canique des fluides et des solides explore et approfondit des th\u00e9matiques de recherche auxquelles le professeur et chercheur Abdelhak Ambari a apport\u00e9 de pr\u00e9cieuses contributions exp\u00e9rimentales et th\u00e9oriques.","og_url":"https:\/\/www.istegroup.com\/produit\/quelques-phenomenes-complexes-en-mecanique-des-fluides-et-des-solides\/","og_site_name":"ISTE Group","article_modified_time":"2025-05-20T08:48:11+00:00","og_image":[{"width":596,"height":899,"url":"https:\/\/www.istegroup.com\/wp-content\/uploads\/2025\/05\/037_Quelques-phenomenes-complexes-en-mecanique-des-fluides-et-des-solides_front.jpg","type":"image\/jpeg"}],"twitter_card":"summary_large_image","twitter_misc":{"Est. reading time":"1 minute"},"schema":{"@context":"https:\/\/schema.org","@graph":[{"@type":"WebPage","@id":"https:\/\/www.istegroup.com\/produit\/quelques-phenomenes-complexes-en-mecanique-des-fluides-et-des-solides\/","url":"https:\/\/www.istegroup.com\/produit\/quelques-phenomenes-complexes-en-mecanique-des-fluides-et-des-solides\/","name":"Quelques ph\u00e9nom\u00e8nes complexes en m\u00e9canique des fluides et des solides - ISTE Group","isPartOf":{"@id":"https:\/\/www.istegroup.com\/#website"},"primaryImageOfPage":{"@id":"https:\/\/www.istegroup.com\/produit\/quelques-phenomenes-complexes-en-mecanique-des-fluides-et-des-solides\/#primaryimage"},"image":{"@id":"https:\/\/www.istegroup.com\/produit\/quelques-phenomenes-complexes-en-mecanique-des-fluides-et-des-solides\/#primaryimage"},"thumbnailUrl":"https:\/\/www.istegroup.com\/wp-content\/uploads\/2025\/05\/037_Quelques-phenomenes-complexes-en-mecanique-des-fluides-et-des-solides_front.jpg","datePublished":"2025-05-19T15:25:21+00:00","dateModified":"2025-05-20T08:48:11+00:00","description":"Quelques ph\u00e9nom\u00e8nes complexes en m\u00e9canique des fluides et des solides explore et approfondit des th\u00e9matiques de recherche auxquelles le professeur et chercheur Abdelhak Ambari a apport\u00e9 de pr\u00e9cieuses contributions exp\u00e9rimentales et th\u00e9oriques.","breadcrumb":{"@id":"https:\/\/www.istegroup.com\/produit\/quelques-phenomenes-complexes-en-mecanique-des-fluides-et-des-solides\/#breadcrumb"},"inLanguage":"fr-FR","potentialAction":[{"@type":"ReadAction","target":["https:\/\/www.istegroup.com\/produit\/quelques-phenomenes-complexes-en-mecanique-des-fluides-et-des-solides\/"]}]},{"@type":"ImageObject","inLanguage":"fr-FR","@id":"https:\/\/www.istegroup.com\/produit\/quelques-phenomenes-complexes-en-mecanique-des-fluides-et-des-solides\/#primaryimage","url":"https:\/\/www.istegroup.com\/wp-content\/uploads\/2025\/05\/037_Quelques-phenomenes-complexes-en-mecanique-des-fluides-et-des-solides_front.jpg","contentUrl":"https:\/\/www.istegroup.com\/wp-content\/uploads\/2025\/05\/037_Quelques-phenomenes-complexes-en-mecanique-des-fluides-et-des-solides_front.jpg","width":596,"height":899},{"@type":"BreadcrumbList","@id":"https:\/\/www.istegroup.com\/produit\/quelques-phenomenes-complexes-en-mecanique-des-fluides-et-des-solides\/#breadcrumb","itemListElement":[{"@type":"ListItem","position":1,"name":"Home","item":"https:\/\/www.istegroup.com\/"},{"@type":"ListItem","position":2,"name":"Shop","item":"https:\/\/www.istegroup.com\/fr\/nouveautes\/"},{"@type":"ListItem","position":3,"name":"Quelques ph\u00e9nom\u00e8nes complexes en m\u00e9canique des fluides et des solides"}]},{"@type":"WebSite","@id":"https:\/\/www.istegroup.com\/#website","url":"https:\/\/www.istegroup.com\/","name":"ISTE Group","description":"\u00c9diteur des Sciences","potentialAction":[{"@type":"SearchAction","target":{"@type":"EntryPoint","urlTemplate":"https:\/\/www.istegroup.com\/?s={search_term_string}"},"query-input":{"@type":"PropertyValueSpecification","valueRequired":true,"valueName":"search_term_string"}}],"inLanguage":"fr-FR"}]}},"_links":{"self":[{"href":"https:\/\/www.istegroup.com\/fr\/wp-json\/wp\/v2\/product\/60301","targetHints":{"allow":["GET"]}}],"collection":[{"href":"https:\/\/www.istegroup.com\/fr\/wp-json\/wp\/v2\/product"}],"about":[{"href":"https:\/\/www.istegroup.com\/fr\/wp-json\/wp\/v2\/types\/product"}],"wp:featuredmedia":[{"embeddable":true,"href":"https:\/\/www.istegroup.com\/fr\/wp-json\/wp\/v2\/media\/60316"}],"wp:attachment":[{"href":"https:\/\/www.istegroup.com\/fr\/wp-json\/wp\/v2\/media?parent=60301"}],"wp:term":[{"taxonomy":"product_brand","embeddable":true,"href":"https:\/\/www.istegroup.com\/fr\/wp-json\/wp\/v2\/product_brand?post=60301"},{"taxonomy":"product_cat","embeddable":true,"href":"https:\/\/www.istegroup.com\/fr\/wp-json\/wp\/v2\/product_cat?post=60301"},{"taxonomy":"product_tag","embeddable":true,"href":"https:\/\/www.istegroup.com\/fr\/wp-json\/wp\/v2\/product_tag?post=60301"}],"curies":[{"name":"wp","href":"https:\/\/api.w.org\/{rel}","templated":true}]}}