{"id":60134,"date":"2025-05-08T09:05:28","date_gmt":"2025-05-08T08:05:28","guid":{"rendered":"https:\/\/www.istegroup.com\/?post_type=product&#038;p=60134"},"modified":"2025-05-08T09:21:58","modified_gmt":"2025-05-08T08:21:58","slug":"savoirs-en-circulation","status":"publish","type":"product","link":"https:\/\/www.istegroup.com\/fr\/produit\/savoirs-en-circulation\/","title":{"rendered":"Savoirs en circulation"},"content":{"rendered":"<p>Les objets de savoir sont d\u2019une grande diversit\u00e9, tant par leur nature que par leurs formats. La num\u00e9risation croissante de nos soci\u00e9t\u00e9s a largement contribu\u00e9 \u00e0 enrichir cette diversit\u00e9 tout en intensifiant leur circulation sociale. Loin de repr\u00e9senter une simple \u00ab d\u00e9mat\u00e9rialisation \u00bb des savoirs, cette num\u00e9risation m\u00e9rite d\u2019\u00eatre examin\u00e9e dans ses dimensions mat\u00e9rielles.<\/p>\n<p>Centr\u00e9 sur des exemples de ressources d\u2019\u00e9ducation et de formation, <em>Savoirs en circulation<\/em> montre l\u2019int\u00e9r\u00eat de l\u2019articulation des approches th\u00e9oriques et m\u00e9thodologiques pour analyser \u00ab la vie sociale \u00bb des ressources d\u2019\u00e9ducation et de formation. L\u2019ouvrage propose une exploration d\u2019une pluralit\u00e9 d\u2019\u00e9tudes de cas, tant en termes de formats (kits p\u00e9dagogiques, serious games, bases de donn\u00e9es de bonnes pratiques, manuels, banques de cas p\u00e9dagogiques, etc.) que d\u2019\u00e9ducation et de formation (enseignement primaire, secondaire, sup\u00e9rieur, formation professionnelle).<\/p>\n","protected":false},"excerpt":{"rendered":"<p style=\"text-align: center;\"><strong>Cet ouvrage est uniquement disponible en version \u00e9lectronique.<\/strong><\/p>\n<hr \/>\n","protected":false},"featured_media":60141,"template":"","meta":{"_acf_changed":false,"_links_to":"","_links_to_target":""},"product_brand":[],"product_cat":[3262],"product_tag":[],"class_list":{"0":"post-60134","1":"product","2":"type-product","3":"status-publish","4":"has-post-thumbnail","6":"product_cat-non-classe","8":"first","9":"instock","10":"shipping-taxable","11":"purchasable","12":"product-type-variable"},"acf":[],"yoast_head":"<!-- This site is optimized with the Yoast SEO plugin v27.2 - https:\/\/yoast.com\/product\/yoast-seo-wordpress\/ -->\n<title>Savoirs en circulation - ISTE Group<\/title>\n<meta name=\"description\" content=\"Savoirs en circulation montre l\u2019int\u00e9r\u00eat de l\u2019articulation des approches th\u00e9oriques et m\u00e9thodologiques pour analyser \u00ab la vie sociale \u00bb des ressources d\u2019\u00e9ducation et de formation.\" \/>\n<meta name=\"robots\" content=\"index, follow, max-snippet:-1, max-image-preview:large, max-video-preview:-1\" \/>\n<link rel=\"canonical\" href=\"https:\/\/www.istegroup.com\/produit\/savoirs-en-circulation\/\" \/>\n<meta property=\"og:locale\" content=\"fr_FR\" \/>\n<meta property=\"og:type\" content=\"article\" \/>\n<meta property=\"og:title\" content=\"Savoirs en circulation - ISTE Group\" \/>\n<meta property=\"og:description\" content=\"Savoirs en circulation montre l\u2019int\u00e9r\u00eat de l\u2019articulation des approches th\u00e9oriques et m\u00e9thodologiques pour analyser \u00ab la vie sociale \u00bb des ressources d\u2019\u00e9ducation et de formation.\" \/>\n<meta property=\"og:url\" content=\"https:\/\/www.istegroup.com\/produit\/savoirs-en-circulation\/\" \/>\n<meta property=\"og:site_name\" content=\"ISTE Group\" \/>\n<meta property=\"article:modified_time\" content=\"2025-05-08T08:21:58+00:00\" \/>\n<meta property=\"og:image\" content=\"https:\/\/www.istegroup.com\/wp-content\/uploads\/2025\/05\/Savoirs-en-circulation.png\" \/>\n\t<meta property=\"og:image:width\" content=\"597\" \/>\n\t<meta property=\"og:image:height\" content=\"897\" \/>\n\t<meta property=\"og:image:type\" content=\"image\/png\" \/>\n<meta name=\"twitter:card\" content=\"summary_large_image\" \/>\n<meta name=\"twitter:label1\" content=\"Est. reading time\" \/>\n\t<meta name=\"twitter:data1\" content=\"1 minute\" \/>\n<script type=\"application\/ld+json\" class=\"yoast-schema-graph\">{\"@context\":\"https:\/\/schema.org\",\"@graph\":[{\"@type\":\"WebPage\",\"@id\":\"https:\/\/www.istegroup.com\/produit\/savoirs-en-circulation\/\",\"url\":\"https:\/\/www.istegroup.com\/produit\/savoirs-en-circulation\/\",\"name\":\"Savoirs en circulation - ISTE Group\",\"isPartOf\":{\"@id\":\"https:\/\/www.istegroup.com\/#website\"},\"primaryImageOfPage\":{\"@id\":\"https:\/\/www.istegroup.com\/produit\/savoirs-en-circulation\/#primaryimage\"},\"image\":{\"@id\":\"https:\/\/www.istegroup.com\/produit\/savoirs-en-circulation\/#primaryimage\"},\"thumbnailUrl\":\"https:\/\/www.istegroup.com\/wp-content\/uploads\/2025\/05\/Savoirs-en-circulation.png\",\"datePublished\":\"2025-05-08T08:05:28+00:00\",\"dateModified\":\"2025-05-08T08:21:58+00:00\",\"description\":\"Savoirs en circulation montre l\u2019int\u00e9r\u00eat de l\u2019articulation des approches th\u00e9oriques et m\u00e9thodologiques pour analyser \u00ab la vie sociale \u00bb des ressources d\u2019\u00e9ducation et de formation.\",\"breadcrumb\":{\"@id\":\"https:\/\/www.istegroup.com\/produit\/savoirs-en-circulation\/#breadcrumb\"},\"inLanguage\":\"fr-FR\",\"potentialAction\":[{\"@type\":\"ReadAction\",\"target\":[\"https:\/\/www.istegroup.com\/produit\/savoirs-en-circulation\/\"]}]},{\"@type\":\"ImageObject\",\"inLanguage\":\"fr-FR\",\"@id\":\"https:\/\/www.istegroup.com\/produit\/savoirs-en-circulation\/#primaryimage\",\"url\":\"https:\/\/www.istegroup.com\/wp-content\/uploads\/2025\/05\/Savoirs-en-circulation.png\",\"contentUrl\":\"https:\/\/www.istegroup.com\/wp-content\/uploads\/2025\/05\/Savoirs-en-circulation.png\",\"width\":597,\"height\":897},{\"@type\":\"BreadcrumbList\",\"@id\":\"https:\/\/www.istegroup.com\/produit\/savoirs-en-circulation\/#breadcrumb\",\"itemListElement\":[{\"@type\":\"ListItem\",\"position\":1,\"name\":\"Home\",\"item\":\"https:\/\/www.istegroup.com\/\"},{\"@type\":\"ListItem\",\"position\":2,\"name\":\"Shop\",\"item\":\"https:\/\/www.istegroup.com\/fr\/nouveautes\/\"},{\"@type\":\"ListItem\",\"position\":3,\"name\":\"Savoirs en circulation\"}]},{\"@type\":\"WebSite\",\"@id\":\"https:\/\/www.istegroup.com\/#website\",\"url\":\"https:\/\/www.istegroup.com\/\",\"name\":\"ISTE Group\",\"description\":\"\u00c9diteur des Sciences\",\"potentialAction\":[{\"@type\":\"SearchAction\",\"target\":{\"@type\":\"EntryPoint\",\"urlTemplate\":\"https:\/\/www.istegroup.com\/?s={search_term_string}\"},\"query-input\":{\"@type\":\"PropertyValueSpecification\",\"valueRequired\":true,\"valueName\":\"search_term_string\"}}],\"inLanguage\":\"fr-FR\"}]}<\/script>\n<!-- \/ Yoast SEO plugin. -->","yoast_head_json":{"title":"Savoirs en circulation - ISTE Group","description":"Savoirs en circulation montre l\u2019int\u00e9r\u00eat de l\u2019articulation des approches th\u00e9oriques et m\u00e9thodologiques pour analyser \u00ab la vie sociale \u00bb des ressources d\u2019\u00e9ducation et de formation.","robots":{"index":"index","follow":"follow","max-snippet":"max-snippet:-1","max-image-preview":"max-image-preview:large","max-video-preview":"max-video-preview:-1"},"canonical":"https:\/\/www.istegroup.com\/produit\/savoirs-en-circulation\/","og_locale":"fr_FR","og_type":"article","og_title":"Savoirs en circulation - ISTE Group","og_description":"Savoirs en circulation montre l\u2019int\u00e9r\u00eat de l\u2019articulation des approches th\u00e9oriques et m\u00e9thodologiques pour analyser \u00ab la vie sociale \u00bb des ressources d\u2019\u00e9ducation et de formation.","og_url":"https:\/\/www.istegroup.com\/produit\/savoirs-en-circulation\/","og_site_name":"ISTE Group","article_modified_time":"2025-05-08T08:21:58+00:00","og_image":[{"width":597,"height":897,"url":"https:\/\/www.istegroup.com\/wp-content\/uploads\/2025\/05\/Savoirs-en-circulation.png","type":"image\/png"}],"twitter_card":"summary_large_image","twitter_misc":{"Est. reading time":"1 minute"},"schema":{"@context":"https:\/\/schema.org","@graph":[{"@type":"WebPage","@id":"https:\/\/www.istegroup.com\/produit\/savoirs-en-circulation\/","url":"https:\/\/www.istegroup.com\/produit\/savoirs-en-circulation\/","name":"Savoirs en circulation - ISTE Group","isPartOf":{"@id":"https:\/\/www.istegroup.com\/#website"},"primaryImageOfPage":{"@id":"https:\/\/www.istegroup.com\/produit\/savoirs-en-circulation\/#primaryimage"},"image":{"@id":"https:\/\/www.istegroup.com\/produit\/savoirs-en-circulation\/#primaryimage"},"thumbnailUrl":"https:\/\/www.istegroup.com\/wp-content\/uploads\/2025\/05\/Savoirs-en-circulation.png","datePublished":"2025-05-08T08:05:28+00:00","dateModified":"2025-05-08T08:21:58+00:00","description":"Savoirs en circulation montre l\u2019int\u00e9r\u00eat de l\u2019articulation des approches th\u00e9oriques et m\u00e9thodologiques pour analyser \u00ab la vie sociale \u00bb des ressources d\u2019\u00e9ducation et de formation.","breadcrumb":{"@id":"https:\/\/www.istegroup.com\/produit\/savoirs-en-circulation\/#breadcrumb"},"inLanguage":"fr-FR","potentialAction":[{"@type":"ReadAction","target":["https:\/\/www.istegroup.com\/produit\/savoirs-en-circulation\/"]}]},{"@type":"ImageObject","inLanguage":"fr-FR","@id":"https:\/\/www.istegroup.com\/produit\/savoirs-en-circulation\/#primaryimage","url":"https:\/\/www.istegroup.com\/wp-content\/uploads\/2025\/05\/Savoirs-en-circulation.png","contentUrl":"https:\/\/www.istegroup.com\/wp-content\/uploads\/2025\/05\/Savoirs-en-circulation.png","width":597,"height":897},{"@type":"BreadcrumbList","@id":"https:\/\/www.istegroup.com\/produit\/savoirs-en-circulation\/#breadcrumb","itemListElement":[{"@type":"ListItem","position":1,"name":"Home","item":"https:\/\/www.istegroup.com\/"},{"@type":"ListItem","position":2,"name":"Shop","item":"https:\/\/www.istegroup.com\/fr\/nouveautes\/"},{"@type":"ListItem","position":3,"name":"Savoirs en circulation"}]},{"@type":"WebSite","@id":"https:\/\/www.istegroup.com\/#website","url":"https:\/\/www.istegroup.com\/","name":"ISTE Group","description":"\u00c9diteur des Sciences","potentialAction":[{"@type":"SearchAction","target":{"@type":"EntryPoint","urlTemplate":"https:\/\/www.istegroup.com\/?s={search_term_string}"},"query-input":{"@type":"PropertyValueSpecification","valueRequired":true,"valueName":"search_term_string"}}],"inLanguage":"fr-FR"}]}},"_links":{"self":[{"href":"https:\/\/www.istegroup.com\/fr\/wp-json\/wp\/v2\/product\/60134","targetHints":{"allow":["GET"]}}],"collection":[{"href":"https:\/\/www.istegroup.com\/fr\/wp-json\/wp\/v2\/product"}],"about":[{"href":"https:\/\/www.istegroup.com\/fr\/wp-json\/wp\/v2\/types\/product"}],"wp:featuredmedia":[{"embeddable":true,"href":"https:\/\/www.istegroup.com\/fr\/wp-json\/wp\/v2\/media\/60141"}],"wp:attachment":[{"href":"https:\/\/www.istegroup.com\/fr\/wp-json\/wp\/v2\/media?parent=60134"}],"wp:term":[{"taxonomy":"product_brand","embeddable":true,"href":"https:\/\/www.istegroup.com\/fr\/wp-json\/wp\/v2\/product_brand?post=60134"},{"taxonomy":"product_cat","embeddable":true,"href":"https:\/\/www.istegroup.com\/fr\/wp-json\/wp\/v2\/product_cat?post=60134"},{"taxonomy":"product_tag","embeddable":true,"href":"https:\/\/www.istegroup.com\/fr\/wp-json\/wp\/v2\/product_tag?post=60134"}],"curies":[{"name":"wp","href":"https:\/\/api.w.org\/{rel}","templated":true}]}}