{"id":60,"date":"2017-07-28T10:00:08","date_gmt":"2017-07-28T08:00:08","guid":{"rendered":"http:\/\/iste.yhello.co\/product\/acoustique-aeroacoustique-et-vibrations\/"},"modified":"2024-01-03T13:38:29","modified_gmt":"2024-01-03T13:38:29","slug":"acoustique-aeroacoustique-et-vibrations","status":"publish","type":"product","link":"https:\/\/www.istegroup.com\/fr\/produit\/acoustique-aeroacoustique-et-vibrations\/","title":{"rendered":"Acoustique, a\u00e9roacoustique et vibrations"},"content":{"rendered":"<p>Didactique, cet ouvrage pr\u00e9sente de fa\u00e7on unifi\u00e9e les principaux \u00e9l\u00e9ments de l\u2019acoustique, de l\u2019a\u00e9roacoustique et des vibrations.<\/p>\n<p>Illustr\u00e9 de nombreux exemples concrets li\u00e9s aux milieux continus solides et fluides,\u00a0<em>Acoustique, a\u00e9roacoustique et vibrations<\/em>\u00a0propose une s\u00e9lection d\u2019applications rencontr\u00e9e dans ces trois domaines, que ce soit l&rsquo;acoustique des salles, les transports, les syst\u00e8mes de production d&rsquo;\u00e9nergie ou les probl\u00e9matiques environnementales. Des approches th\u00e9oriques permettent d\u2019analyser les diff\u00e9rents processus mis en jeu. Des r\u00e9sultats typiques, issus notamment de simulations num\u00e9riques, sont utilis\u00e9s pour illustrer les principaux ph\u00e9nom\u00e8nes (acoustique des fluides, rayonnement, diffraction, vibroacoustique, etc.).<\/p>\n","protected":false},"excerpt":{"rendered":"<p>Didactique, cet ouvrage pr\u00e9sente de fa\u00e7on unifi\u00e9e les principaux \u00e9l\u00e9ments de l\u2019acoustique, de l\u2019a\u00e9roacoustique et des vibrations. Illustr\u00e9 de nombreux exemples concrets li\u00e9s aux milieux continus solides et fluides,\u00a0Acoustique, a\u00e9roacoustique et vibrations\u00a0propose une s\u00e9lection d\u2019applications rencontr\u00e9e dans ces trois domaines, que ce soit l&rsquo;acoustique des salles, les transports, les syst\u00e8mes de production d&rsquo;\u00e9nergie ou les [&hellip;]<\/p>\n","protected":false},"featured_media":61,"template":"","meta":{"_acf_changed":false,"_links_to":"","_links_to_target":""},"product_brand":[],"product_cat":[677],"product_tag":[747,748,749,31,196,218,219,733,750,299,21,22,63,25,172,26,207,751,161,752,281,38,28,29,753,754,260,331,755],"class_list":{"0":"post-60","1":"product","2":"type-product","3":"status-publish","4":"has-post-thumbnail","6":"product_cat-ondes-12506522","7":"product_tag-acoustique","8":"product_tag-aeroacoustique","9":"product_tag-aeroacoustique-et-vibrations","10":"product_tag-ebook","11":"product_tag-ebooks","12":"product_tag-editions-ouvrage","13":"product_tag-editions-ouvrages","14":"product_tag-editions-sciences","15":"product_tag-fabien-anselmet","16":"product_tag-fluides","17":"product_tag-iste-group","18":"product_tag-istegroup","19":"product_tag-livre-electronique","20":"product_tag-livre-numerique","21":"product_tag-livre-scientifique","22":"product_tag-livre-scientifique-francais","23":"product_tag-livre-technique","24":"product_tag-lma-marseille","25":"product_tag-mecanique","26":"product_tag-milieux","27":"product_tag-ondes","28":"product_tag-ouvrage-numerique","29":"product_tag-ouvrage-scientifique-francais","30":"product_tag-ouvrage-technique","31":"product_tag-pierre-olivier-mattei","32":"product_tag-salles","33":"product_tag-solides","34":"product_tag-transports","35":"product_tag-vibrations","37":"first","38":"instock","39":"shipping-taxable","40":"purchasable","41":"product-type-variable"},"acf":[],"yoast_head":"<!-- This site is optimized with the Yoast SEO plugin v27.2 - https:\/\/yoast.com\/product\/yoast-seo-wordpress\/ -->\n<title>Acoustique, a\u00e9roacoustique et vibrations - ISTE Group<\/title>\n<meta name=\"description\" content=\"Illustr\u00e9 de nombreux exemples concrets,\u00a0Acoustique, a\u00e9roacoustique et vibrations\u00a0propose une s\u00e9lection d\u2019applications rencontr\u00e9e dans ces trois domaines.\" \/>\n<meta name=\"robots\" content=\"index, follow, max-snippet:-1, max-image-preview:large, max-video-preview:-1\" \/>\n<link rel=\"canonical\" href=\"https:\/\/www.istegroup.com\/fr\/produit\/acoustique-aeroacoustique-et-vibrations\/\" \/>\n<meta property=\"og:locale\" content=\"fr_FR\" \/>\n<meta property=\"og:type\" content=\"article\" \/>\n<meta property=\"og:title\" content=\"Acoustique, a\u00e9roacoustique et vibrations - ISTE Group\" \/>\n<meta property=\"og:description\" content=\"Illustr\u00e9 de nombreux exemples concrets,\u00a0Acoustique, a\u00e9roacoustique et vibrations\u00a0propose une s\u00e9lection d\u2019applications rencontr\u00e9e dans ces trois domaines.\" \/>\n<meta property=\"og:url\" content=\"https:\/\/www.istegroup.com\/fr\/produit\/acoustique-aeroacoustique-et-vibrations\/\" \/>\n<meta property=\"og:site_name\" content=\"ISTE Group\" \/>\n<meta property=\"article:modified_time\" content=\"2024-01-03T13:38:29+00:00\" \/>\n<meta property=\"og:image\" content=\"https:\/\/www.istegroup.com\/wp-content\/uploads\/2017\/07\/4243712580_1697819652-1.jpg\" \/>\n\t<meta property=\"og:image:width\" content=\"300\" \/>\n\t<meta property=\"og:image:height\" content=\"452\" \/>\n\t<meta property=\"og:image:type\" content=\"image\/jpeg\" \/>\n<meta name=\"twitter:card\" content=\"summary_large_image\" \/>\n<meta name=\"twitter:label1\" content=\"Est. reading time\" \/>\n\t<meta name=\"twitter:data1\" content=\"1 minute\" \/>\n<script type=\"application\/ld+json\" class=\"yoast-schema-graph\">{\"@context\":\"https:\/\/schema.org\",\"@graph\":[{\"@type\":\"WebPage\",\"@id\":\"https:\/\/www.istegroup.com\/fr\/produit\/acoustique-aeroacoustique-et-vibrations\/\",\"url\":\"https:\/\/www.istegroup.com\/fr\/produit\/acoustique-aeroacoustique-et-vibrations\/\",\"name\":\"Acoustique, a\u00e9roacoustique et vibrations - ISTE Group\",\"isPartOf\":{\"@id\":\"https:\/\/www.istegroup.com\/#website\"},\"primaryImageOfPage\":{\"@id\":\"https:\/\/www.istegroup.com\/fr\/produit\/acoustique-aeroacoustique-et-vibrations\/#primaryimage\"},\"image\":{\"@id\":\"https:\/\/www.istegroup.com\/fr\/produit\/acoustique-aeroacoustique-et-vibrations\/#primaryimage\"},\"thumbnailUrl\":\"https:\/\/www.istegroup.com\/wp-content\/uploads\/2017\/07\/4243712580_1697819652-1.jpg\",\"datePublished\":\"2017-07-28T08:00:08+00:00\",\"dateModified\":\"2024-01-03T13:38:29+00:00\",\"description\":\"Illustr\u00e9 de nombreux exemples concrets,\u00a0Acoustique, a\u00e9roacoustique et vibrations\u00a0propose une s\u00e9lection d\u2019applications rencontr\u00e9e dans ces trois domaines.\",\"breadcrumb\":{\"@id\":\"https:\/\/www.istegroup.com\/fr\/produit\/acoustique-aeroacoustique-et-vibrations\/#breadcrumb\"},\"inLanguage\":\"fr-FR\",\"potentialAction\":[{\"@type\":\"ReadAction\",\"target\":[\"https:\/\/www.istegroup.com\/fr\/produit\/acoustique-aeroacoustique-et-vibrations\/\"]}]},{\"@type\":\"ImageObject\",\"inLanguage\":\"fr-FR\",\"@id\":\"https:\/\/www.istegroup.com\/fr\/produit\/acoustique-aeroacoustique-et-vibrations\/#primaryimage\",\"url\":\"https:\/\/www.istegroup.com\/wp-content\/uploads\/2017\/07\/4243712580_1697819652-1.jpg\",\"contentUrl\":\"https:\/\/www.istegroup.com\/wp-content\/uploads\/2017\/07\/4243712580_1697819652-1.jpg\",\"width\":300,\"height\":452,\"caption\":\"Acoustique, a\u00e9roacoustique et vibrations\"},{\"@type\":\"BreadcrumbList\",\"@id\":\"https:\/\/www.istegroup.com\/fr\/produit\/acoustique-aeroacoustique-et-vibrations\/#breadcrumb\",\"itemListElement\":[{\"@type\":\"ListItem\",\"position\":1,\"name\":\"Home\",\"item\":\"https:\/\/www.istegroup.com\/\"},{\"@type\":\"ListItem\",\"position\":2,\"name\":\"Shop\",\"item\":\"https:\/\/www.istegroup.com\/fr\/nouveautes\/\"},{\"@type\":\"ListItem\",\"position\":3,\"name\":\"Acoustique, a\u00e9roacoustique et vibrations\"}]},{\"@type\":\"WebSite\",\"@id\":\"https:\/\/www.istegroup.com\/#website\",\"url\":\"https:\/\/www.istegroup.com\/\",\"name\":\"ISTE Group\",\"description\":\"\u00c9diteur des Sciences\",\"potentialAction\":[{\"@type\":\"SearchAction\",\"target\":{\"@type\":\"EntryPoint\",\"urlTemplate\":\"https:\/\/www.istegroup.com\/?s={search_term_string}\"},\"query-input\":{\"@type\":\"PropertyValueSpecification\",\"valueRequired\":true,\"valueName\":\"search_term_string\"}}],\"inLanguage\":\"fr-FR\"}]}<\/script>\n<!-- \/ Yoast SEO plugin. -->","yoast_head_json":{"title":"Acoustique, a\u00e9roacoustique et vibrations - ISTE Group","description":"Illustr\u00e9 de nombreux exemples concrets,\u00a0Acoustique, a\u00e9roacoustique et vibrations\u00a0propose une s\u00e9lection d\u2019applications rencontr\u00e9e dans ces trois domaines.","robots":{"index":"index","follow":"follow","max-snippet":"max-snippet:-1","max-image-preview":"max-image-preview:large","max-video-preview":"max-video-preview:-1"},"canonical":"https:\/\/www.istegroup.com\/fr\/produit\/acoustique-aeroacoustique-et-vibrations\/","og_locale":"fr_FR","og_type":"article","og_title":"Acoustique, a\u00e9roacoustique et vibrations - ISTE Group","og_description":"Illustr\u00e9 de nombreux exemples concrets,\u00a0Acoustique, a\u00e9roacoustique et vibrations\u00a0propose une s\u00e9lection d\u2019applications rencontr\u00e9e dans ces trois domaines.","og_url":"https:\/\/www.istegroup.com\/fr\/produit\/acoustique-aeroacoustique-et-vibrations\/","og_site_name":"ISTE Group","article_modified_time":"2024-01-03T13:38:29+00:00","og_image":[{"width":300,"height":452,"url":"https:\/\/www.istegroup.com\/wp-content\/uploads\/2017\/07\/4243712580_1697819652-1.jpg","type":"image\/jpeg"}],"twitter_card":"summary_large_image","twitter_misc":{"Est. reading time":"1 minute"},"schema":{"@context":"https:\/\/schema.org","@graph":[{"@type":"WebPage","@id":"https:\/\/www.istegroup.com\/fr\/produit\/acoustique-aeroacoustique-et-vibrations\/","url":"https:\/\/www.istegroup.com\/fr\/produit\/acoustique-aeroacoustique-et-vibrations\/","name":"Acoustique, a\u00e9roacoustique et vibrations - ISTE Group","isPartOf":{"@id":"https:\/\/www.istegroup.com\/#website"},"primaryImageOfPage":{"@id":"https:\/\/www.istegroup.com\/fr\/produit\/acoustique-aeroacoustique-et-vibrations\/#primaryimage"},"image":{"@id":"https:\/\/www.istegroup.com\/fr\/produit\/acoustique-aeroacoustique-et-vibrations\/#primaryimage"},"thumbnailUrl":"https:\/\/www.istegroup.com\/wp-content\/uploads\/2017\/07\/4243712580_1697819652-1.jpg","datePublished":"2017-07-28T08:00:08+00:00","dateModified":"2024-01-03T13:38:29+00:00","description":"Illustr\u00e9 de nombreux exemples concrets,\u00a0Acoustique, a\u00e9roacoustique et vibrations\u00a0propose une s\u00e9lection d\u2019applications rencontr\u00e9e dans ces trois domaines.","breadcrumb":{"@id":"https:\/\/www.istegroup.com\/fr\/produit\/acoustique-aeroacoustique-et-vibrations\/#breadcrumb"},"inLanguage":"fr-FR","potentialAction":[{"@type":"ReadAction","target":["https:\/\/www.istegroup.com\/fr\/produit\/acoustique-aeroacoustique-et-vibrations\/"]}]},{"@type":"ImageObject","inLanguage":"fr-FR","@id":"https:\/\/www.istegroup.com\/fr\/produit\/acoustique-aeroacoustique-et-vibrations\/#primaryimage","url":"https:\/\/www.istegroup.com\/wp-content\/uploads\/2017\/07\/4243712580_1697819652-1.jpg","contentUrl":"https:\/\/www.istegroup.com\/wp-content\/uploads\/2017\/07\/4243712580_1697819652-1.jpg","width":300,"height":452,"caption":"Acoustique, a\u00e9roacoustique et vibrations"},{"@type":"BreadcrumbList","@id":"https:\/\/www.istegroup.com\/fr\/produit\/acoustique-aeroacoustique-et-vibrations\/#breadcrumb","itemListElement":[{"@type":"ListItem","position":1,"name":"Home","item":"https:\/\/www.istegroup.com\/"},{"@type":"ListItem","position":2,"name":"Shop","item":"https:\/\/www.istegroup.com\/fr\/nouveautes\/"},{"@type":"ListItem","position":3,"name":"Acoustique, a\u00e9roacoustique et vibrations"}]},{"@type":"WebSite","@id":"https:\/\/www.istegroup.com\/#website","url":"https:\/\/www.istegroup.com\/","name":"ISTE Group","description":"\u00c9diteur des Sciences","potentialAction":[{"@type":"SearchAction","target":{"@type":"EntryPoint","urlTemplate":"https:\/\/www.istegroup.com\/?s={search_term_string}"},"query-input":{"@type":"PropertyValueSpecification","valueRequired":true,"valueName":"search_term_string"}}],"inLanguage":"fr-FR"}]}},"_links":{"self":[{"href":"https:\/\/www.istegroup.com\/fr\/wp-json\/wp\/v2\/product\/60","targetHints":{"allow":["GET"]}}],"collection":[{"href":"https:\/\/www.istegroup.com\/fr\/wp-json\/wp\/v2\/product"}],"about":[{"href":"https:\/\/www.istegroup.com\/fr\/wp-json\/wp\/v2\/types\/product"}],"wp:featuredmedia":[{"embeddable":true,"href":"https:\/\/www.istegroup.com\/fr\/wp-json\/wp\/v2\/media\/61"}],"wp:attachment":[{"href":"https:\/\/www.istegroup.com\/fr\/wp-json\/wp\/v2\/media?parent=60"}],"wp:term":[{"taxonomy":"product_brand","embeddable":true,"href":"https:\/\/www.istegroup.com\/fr\/wp-json\/wp\/v2\/product_brand?post=60"},{"taxonomy":"product_cat","embeddable":true,"href":"https:\/\/www.istegroup.com\/fr\/wp-json\/wp\/v2\/product_cat?post=60"},{"taxonomy":"product_tag","embeddable":true,"href":"https:\/\/www.istegroup.com\/fr\/wp-json\/wp\/v2\/product_tag?post=60"}],"curies":[{"name":"wp","href":"https:\/\/api.w.org\/{rel}","templated":true}]}}